{"id":19873,"date":"2026-03-02T15:18:13","date_gmt":"2026-03-02T14:18:13","guid":{"rendered":"https:\/\/casinor.com\/?page_id=19873"},"modified":"2026-03-02T15:18:14","modified_gmt":"2026-03-02T14:18:14","slug":"kreditkort","status":"publish","type":"page","link":"https:\/\/casinor.com\/sv\/betalning\/kreditkort\/","title":{"rendered":"Casino med kreditkort"},"content":{"rendered":"\n<section id=\"hero-center-text-block_8b33723fc845fe53f07a0075fee63f02\" class=\"home-hero home-hero--category block-hero-center-text\">\n\t<div class=\"home-hero__container\">\n\t\t<div class=\"home-hero__wrap\">\n\t\t\t<div class=\"home-hero__content\">\n\t\t\t\t\t\t\t\t\t<h1 class=\"home-hero__title\" >Casinon med kreditkort<\/h1>\n\t\t\t\t\t\t\t\t\t\t\t\t\t<div class=\"home-hero__text\">Att g\u00f6ra ins\u00e4ttningar p\u00e5 casinon med kreditkort \u00e4r bland de allra vanligaste metoderna. I den h\u00e4r artikeln har vi p\u00e5 Casinor.com listat de b\u00e4sta kreditkort casinon. Vi f\u00f6rklarar \u00e4ven hur du anv\u00e4nder kreditkort p\u00e5 casinon.<\/div>\n\t\t\t\t\t\t\t<\/div>\n\t\t\t\t\t<\/div>\n\t<\/div>\n<\/section>\n\n\r\n\r\n    \r\n    <section id=\"competitors-table-block_de81fa51311e5bacdeb24e553f571f3d\" class=\"competitors-table   block-competitors-table is-top-padding is-bottom-padding is-grey\">\r\n        <div class=\"competitors-table__container\">\r\n            <div class=\"competitors-table__wrapper\">\r\n                <div class=\"competitors-table__inner\">\r\n                                            <div class=\"competitors-table__item\">\r\n                            <div class=\"competitors-table__item-img\">\r\n                                                                <a class=\"competitors-table__img-link no-external-link\" target=\"_blank\" rel=\"nofollow noopener\"\r\n                                   href=\"https:\/\/casinor.com\/sv\/go\/basta-casino-sidor\">\r\n                                                                                                                <img loading=\"lazy\" decoding=\"async\" width=\"160\" height=\"160\" src=\"https:\/\/casinor.com\/wp-content\/uploads\/2026\/03\/basta-casinon-med-kreditkort.png\" class=\"competitors-table__img\" alt=\"B\u00e4sta casinon med kreditkort\" \/>                                                                                                        <\/a>\r\n                                                        <\/div>\r\n                            <div class=\"competitors-table__item-ttl\">\r\n                                                                    <div class=\"competitors-table__item-ttl-inner\">B\u00e4sta casinon med kreditkort<\/div>\r\n                                                            <\/div>\r\n\t\t\t\t\t\t\t                            <div class=\"competitors-table__item-cta\">\r\n                                <div class=\"competitors-table__item-cta-inner\">\r\n                                                                            <a href=\"https:\/\/casinor.com\/sv\/go\/basta-casino-sidor\" target=\"_blank\"\r\n                                           rel=\"nofollow noopener\"\r\n                                           class=\"btn-base button-green no-external-link\">Bes\u00f6k h\u00e4r                                        <\/a>\r\n                                                                    <\/div>\r\n                            <\/div>\r\n                        <\/div>\r\n                                    <\/div>\r\n            <\/div>\r\n        <\/div>\r\n    <\/section>\r\n\n\n\n    <section id=\"content-section-block_726899bfd918a6fa1db909eb6cce1083\" class=\"content-section is-white  block-content-section\">\n                    <div class=\"content-section__container\">\n                <h2>10 b\u00e4sta casinon med kreditkort<\/h2>\n<p><span style=\"font-weight: 400;\">Det finns m\u00e5nga casinon som accepterar kreditkort och h\u00e4r f\u00e5r du en lista \u00f6ver Sveriges b\u00e4sta casinon med kreditkort. Du f\u00e5r ocks\u00e5 lite kortfattad information om vilka bonusar de erbjuder.<\/span><\/p>\n<table>\n<tbody>\n<tr>\n<td><b>Casino<\/b><\/td>\n<td><b>Bonus<\/b><\/td>\n<td><b>Oms\u00e4ttningskrav<\/b><\/td>\n<td><b>Minsta ins\u00e4ttning<\/b><\/td>\n<td><b>Typ av kreditkort<\/b><\/td>\n<\/tr>\n<tr>\n<td><span style=\"font-weight: 400;\">Paf<\/span><\/td>\n<td><span style=\"font-weight: 400;\">99 free spins<\/span><\/td>\n<td><span style=\"font-weight: 400;\">0x<\/span><\/td>\n<td><span style=\"font-weight: 400;\">100 kr<\/span><\/td>\n<td><span style=\"font-weight: 400;\">Visa, Maestro, Mastercard<\/span><\/td>\n<\/tr>\n<tr>\n<td><span style=\"font-weight: 400;\">Betsson<\/span><\/td>\n<td><span style=\"font-weight: 400;\">Upp till 500 kr + 100 free spins<\/span><\/td>\n<td><span style=\"font-weight: 400;\">60x p\u00e5 casino \/ 12x p\u00e5 odds<\/span><\/td>\n<td><span style=\"font-weight: 400;\">100 kr<\/span><\/td>\n<td><span style=\"font-weight: 400;\">Visa. Mastercard<\/span><\/td>\n<\/tr>\n<tr>\n<td><span style=\"font-weight: 400;\">Betinia<\/span><\/td>\n<td><span style=\"font-weight: 400;\">Upp till 2\u00a0500 kr<\/span><\/td>\n<td><span style=\"font-weight: 400;\">35x ins\u00e4ttning + bonus<\/span><\/td>\n<td><span style=\"font-weight: 400;\">100 kr<\/span><\/td>\n<td><span style=\"font-weight: 400;\">Visa, Mastercard,\u00a0<\/span><\/td>\n<\/tr>\n<tr>\n<td><span style=\"font-weight: 400;\">Mr Green<\/span><\/td>\n<td><span style=\"font-weight: 400;\">25 cash spins v\u00e4rda 4 kr<\/span><\/td>\n<td><span style=\"font-weight: 400;\">0x<\/span><\/td>\n<td><span style=\"font-weight: 400;\">100 kr<\/span><\/td>\n<td><span style=\"font-weight: 400;\">Visa, Mastercard<\/span><\/td>\n<\/tr>\n<tr>\n<td><span style=\"font-weight: 400;\">Videoslots<\/span><\/td>\n<td><span style=\"font-weight: 400;\">Upp till 2\u00a0000 kr + 11 free spins<\/span><\/td>\n<td><span style=\"font-weight: 400;\">35x \/ 0x<\/span><\/td>\n<td><span style=\"font-weight: 400;\">100 kr<\/span><\/td>\n<td><span style=\"font-weight: 400;\">Visa, Mastercard<\/span><\/td>\n<\/tr>\n<tr>\n<td><span style=\"font-weight: 400;\">Unibet<\/span><\/td>\n<td><span style=\"font-weight: 400;\">Upp till 1\u00a0000 kr<\/span><\/td>\n<td><span style=\"font-weight: 400;\">20x<\/span><\/td>\n<td><span style=\"font-weight: 400;\">200 kr<\/span><\/td>\n<td><span style=\"font-weight: 400;\">Visa, Mastercard, Maestro<\/span><\/td>\n<\/tr>\n<tr>\n<td><span style=\"font-weight: 400;\">Coolbet<\/span><\/td>\n<td><span style=\"font-weight: 400;\">Upp till 1\u00a0500 kr + 50 free spins<\/span><\/td>\n<td><span style=\"font-weight: 400;\">35x<\/span><\/td>\n<td><span style=\"font-weight: 400;\">100 kr<\/span><\/td>\n<td><span style=\"font-weight: 400;\">Visa, Mastercard<\/span><\/td>\n<\/tr>\n<tr>\n<td><span style=\"font-weight: 400;\">Bet MGM<\/span><\/td>\n<td><span style=\"font-weight: 400;\">Upp till 4\u00a0000 kr + 200 free spins<\/span><\/td>\n<td><span style=\"font-weight: 400;\">20x<\/span><\/td>\n<td><span style=\"font-weight: 400;\">100 kr<\/span><\/td>\n<td><span style=\"font-weight: 400;\">Visa, Mastercard<\/span><\/td>\n<\/tr>\n<tr>\n<td><span style=\"font-weight: 400;\">Casinostugan<\/span><\/td>\n<td><span style=\"font-weight: 400;\">Upp till 1\u00a0000 kr<\/span><\/td>\n<td><span style=\"font-weight: 400;\">20x<\/span><\/td>\n<td><span style=\"font-weight: 400;\">100 kr<\/span><\/td>\n<td><span style=\"font-weight: 400;\">Visa, Mastercard<\/span><\/td>\n<\/tr>\n<tr>\n<td><span style=\"font-weight: 400;\">Casumo<\/span><\/td>\n<td><span style=\"font-weight: 400;\">Upp till 500 kr + 40 free spins<\/span><\/td>\n<td><span style=\"font-weight: 400;\">30x<\/span><\/td>\n<td><span style=\"font-weight: 400;\">100 kr<\/span><\/td>\n<td><span style=\"font-weight: 400;\">Visa, Mastercard<\/span><\/td>\n<\/tr>\n<\/tbody>\n<\/table>\n<h2>Vad \u00e4r ett casino med kreditkort?<\/h2>\n<p><span style=\"font-weight: 400;\">Ett casino med kreditkort \u00e4r ett <a href=\"https:\/\/casinor.com\/sv\/\">online casino<\/a> d\u00e4r du kan g\u00f6ra ins\u00e4ttningar och uttag med kreditkort som exempelvis Visa och <a href=\"https:\/\/casinor.com\/sv\/betalning\/mastercard-casino\/\">Mastercard<\/a>. De flesta banker i Sverige ger ut n\u00e5got av dessa tv\u00e5 kort, vilket inneb\u00e4r att majoriteten av svenskarna kan anv\u00e4nda metoden.<\/span><\/p>\n<h2>S\u00e5 g\u00f6r du en ins\u00e4ttning p\u00e5 ett casino med kreditkort<\/h2>\n<p><span style=\"font-weight: 400;\">Att g\u00f6ra en ins\u00e4ttning p\u00e5 casinon med kreditkort \u00e4r gjort i n\u00e5gra enkla steg. Proceduren \u00e4r inte identisk p\u00e5 alla casinon, men det brukar se ut ungef\u00e4r som f\u00f6ljer. Exemplet \u00e4r h\u00e4mtat fr\u00e5n Videoslots.<\/span><\/p>\n<ol>\n<li style=\"font-weight: 400;\" aria-level=\"1\"><span style=\"font-weight: 400;\">Klicka p\u00e5 knappen som s\u00e4ger \u201dS\u00e4tt in\u201d p\u00e5 ins\u00e4ttningssidan.<\/span><\/li>\n<li style=\"font-weight: 400;\" aria-level=\"1\"><span style=\"font-weight: 400;\">V\u00e4lj det kort du anv\u00e4nder och hur mycket du vill s\u00e4tta in.<\/span><\/li>\n<li style=\"font-weight: 400;\" aria-level=\"1\"><span style=\"font-weight: 400;\">I n\u00e4sta f\u00f6nster anger du vilken bank du har.<\/span><\/li>\n<li style=\"font-weight: 400;\" aria-level=\"1\"><span style=\"font-weight: 400;\">Bekr\u00e4fta ins\u00e4ttningen med ditt BankID, och du \u00e4r klar.<\/span><\/li>\n<\/ol>\n<h3>S\u00e5 g\u00f6r du ett uttag<\/h3>\n<p><span style=\"font-weight: 400;\">Att g\u00f6ra ett uttag p\u00e5 casinon som tar kreditkort g\u00e5r till p\u00e5 f\u00f6ljande s\u00e4tt:<\/span><\/p>\n<ol>\n<li style=\"font-weight: 400;\" aria-level=\"1\"><span style=\"font-weight: 400;\">G\u00e5 till din profil och v\u00e4lj Uttag.<\/span><\/li>\n<li style=\"font-weight: 400;\" aria-level=\"1\"><span style=\"font-weight: 400;\">V\u00e4lj ditt bankkort i listan. Finns det inte med d\u00e4r st\u00f6ds inte uttag f\u00f6r ditt kort. Du f\u00e5r d\u00e5 g\u00f6ra en vanlig bank\u00f6verf\u00f6ring.<\/span><\/li>\n<li style=\"font-weight: 400;\" aria-level=\"1\"><span style=\"font-weight: 400;\">Verifiera din identitet mot casinot.<\/span><\/li>\n<\/ol>\n<p><span style=\"font-weight: 400;\">N\u00e4r allt \u00e4r klart \u00e4r det bara att v\u00e4nta in att pengarna ska landa p\u00e5 ditt bankkonto.<\/span><\/p>\n<h2>F\u00f6rdelar och nackdelar<\/h2>\n<p><span style=\"font-weight: 400;\">Det finns b\u00e5de f\u00f6rdelar och nackdelar med att spela p\u00e5 ett casino med kreditkort. H\u00e4r ska vi ta upp de viktigaste.<\/span><\/p>\n<table>\n<tbody>\n<tr>\n<td><b>F\u00f6rdelar<\/b><\/td>\n<td><b>Nackdelar\u00a0<\/b><\/td>\n<\/tr>\n<tr>\n<td><span style=\"font-weight: 400;\">100% s\u00e4ker metod<\/span><\/td>\n<td><span style=\"font-weight: 400;\">Uttag kan ta upp till en vecka<\/span><\/td>\n<\/tr>\n<tr>\n<td><span style=\"font-weight: 400;\">Omedelbara ins\u00e4ttningar<\/span><\/td>\n<td><span style=\"font-weight: 400;\">Uttag med kort \u00e4r inte alltid m\u00f6jligt<\/span><\/td>\n<\/tr>\n<tr>\n<td><span style=\"font-weight: 400;\">M\u00e5nga har tillg\u00e5ng till ett kreditkort<\/span><\/td>\n<td><span style=\"font-weight: 400;\">Det kan f\u00f6rekomma avgifter<\/span><\/td>\n<\/tr>\n<tr>\n<td><span style=\"font-weight: 400;\">Metoden finns p\u00e5 m\u00e5nga casinon<\/span><\/td>\n<td><span style=\"font-weight: 400;\">Alla kan inte skaffa kreditkort<\/span><\/td>\n<\/tr>\n<\/tbody>\n<\/table>\n<h2>Alternativ till casinon med kreditkort<\/h2>\n<p><span style=\"font-weight: 400;\">H\u00e4r p\u00e5 Casinor har vi j\u00e4mf\u00f6rt kreditkort med n\u00e5gra andra vanliga <a href=\"https:\/\/casinor.com\/sv\/betalning\/\">betalningsmetoder<\/a>. Hur de st\u00e5r sig mot varandra kan du se i nedanst\u00e5ende tabell.<\/span><\/p>\n<table>\n<tbody>\n<tr>\n<td><b>Betalningsmetod<\/b><\/td>\n<td><b>Avgift<\/b><\/td>\n<td><b>Uttagstid<\/b><\/td>\n<td><b>Max uttag<\/b><\/td>\n<td><b>Tillg\u00e4nglighet<\/b><\/td>\n<\/tr>\n<tr>\n<td><span style=\"font-weight: 400;\">Kreditkort<\/span><\/td>\n<td><span style=\"font-weight: 400;\">Kan f\u00f6rekomma<\/span><\/td>\n<td><span style=\"font-weight: 400;\">3-5 bankdagar<\/span><\/td>\n<td><span style=\"font-weight: 400;\">95 000<\/span><\/td>\n<td><span style=\"font-weight: 400;\">Mycket vanligt<\/span><\/td>\n<\/tr>\n<tr>\n<td><span style=\"font-weight: 400;\">Trustly<\/span><\/td>\n<td><span style=\"font-weight: 400;\">Nej<\/span><\/td>\n<td><span style=\"font-weight: 400;\">Direkt<\/span><\/td>\n<td><span style=\"font-weight: 400;\">1\u00a0000 000<\/span><\/td>\n<td><span style=\"font-weight: 400;\">Mycket vanligt<\/span><\/td>\n<\/tr>\n<tr>\n<td><span style=\"font-weight: 400;\">Pay N Play<\/span><\/td>\n<td><span style=\"font-weight: 400;\">Nej<\/span><\/td>\n<td><span style=\"font-weight: 400;\">Direkt<\/span><\/td>\n<td><span style=\"font-weight: 400;\">1\u00a0000 000<\/span><\/td>\n<td><span style=\"font-weight: 400;\">Mycket vanligt<\/span><\/td>\n<\/tr>\n<tr>\n<td><span style=\"font-weight: 400;\">Zimpler<\/span><\/td>\n<td><span style=\"font-weight: 400;\">Nej<\/span><\/td>\n<td><span style=\"font-weight: 400;\">Direkt<\/span><\/td>\n<td><span style=\"font-weight: 400;\">50 000<\/span><\/td>\n<td><span style=\"font-weight: 400;\">Relativt vanligt<\/span><\/td>\n<\/tr>\n<tr>\n<td><span style=\"font-weight: 400;\">Bitcoin<\/span><\/td>\n<td><span style=\"font-weight: 400;\">Kan f\u00f6rekomma<\/span><\/td>\n<td><span style=\"font-weight: 400;\">Direkt<\/span><\/td>\n<td><span style=\"font-weight: 400;\">1 BTC<\/span><\/td>\n<td><span style=\"font-weight: 400;\">Ovanligt<\/span><\/td>\n<\/tr>\n<\/tbody>\n<\/table>\n<h2>Vanliga fr\u00e5gor<\/h2>\n\t\t<div class=\"wp-faq-schema-wrap wp-faq-schema-accordion\">\n\t\t\t\t\t\t<div class=\"wp-faq-schema-items\">\n\t\t\t\t\t\t\t\t\t<h3>\u00c4r det s\u00e4kert att spela p\u00e5 casinon med kreditkort?<\/h3>\n\t\t\t\t\t<div class=\"\">\n\t\t\t\t\t\t<p>Ja, stark SSL-kryptering plus bankernas egna s\u00e4kerhetssystem g\u00f6r att det \u00e4r helt s\u00e4kert att spela p\u00e5 svenska casino med kortbetalning.<\/p>\n\t\t\t\t\t<\/div>\n\t\t\t\t\t\t\t\t\t<h3>Vad \u00e4r ins\u00e4ttningstiden p\u00e5 ett casino med kreditkort?<\/h3>\n\t\t\t\t\t<div class=\"\">\n\t\t\t\t\t\t<p>N\u00e4r du g\u00f6r ins\u00e4ttningar med kreditkort p\u00e5 casinon finns pengarna p\u00e5 ditt spelkonto direkt.<\/p>\n\t\t\t\t\t<\/div>\n\t\t\t\t\t\t\t\t\t<h3>Kan man spela p\u00e5 alla casinon med kreditkort?<\/h3>\n\t\t\t\t\t<div class=\"\">\n\t\t\t\t\t\t<p>Nej, det \u00e4r inte m\u00f6jligt. M\u00e5nga casinon i Sverige accepterar enbart Swish och Trustly, och ibland i kombination med Zimpler.<\/p>\n\t\t\t\t\t<\/div>\n\t\t\t\t\t\t\t\t\t<h3>Vilka typer av kreditkort kan jag anv\u00e4nda p\u00e5 ett casino?<\/h3>\n\t\t\t\t\t<div class=\"\">\n\t\t\t\t\t\t<p>Online casinon med kreditkort accepterar oftast Visa och Mastercard. P\u00e5 casinon utanf\u00f6r Sverige kan du ibland anv\u00e4nda American Express.<\/p>\n\t\t\t\t\t<\/div>\n\t\t\t\t\t\t\t<\/div>\n\t\t<\/div>\n\t\t\n            <\/div>\n            <\/section>\n","protected":false},"excerpt":{"rendered":"","protected":false},"author":14,"featured_media":0,"parent":18166,"menu_order":0,"comment_status":"closed","ping_status":"closed","template":"","meta":{"_acf_changed":false,"footnotes":""},"class_list":["post-19873","page","type-page","status-publish","hentry"],"acf":[],"yoast_head":"<!-- This site is optimized with the Yoast SEO plugin v26.8 - https:\/\/yoast.com\/product\/yoast-seo-wordpress\/ -->\n<title>10 b\u00e4sta casinon med kreditkort<\/title>\n<meta name=\"description\" content=\"Det finns m\u00e5nga casinon som accepterar kreditkort och h\u00e4r f\u00e5r du en lista \u00f6ver Sveriges b\u00e4sta casinon med kreditkort.\" \/>\n<meta name=\"robots\" content=\"index, follow, max-snippet:-1, max-image-preview:large, max-video-preview:-1\" \/>\n<link rel=\"canonical\" href=\"https:\/\/casinor.com\/sv\/betalning\/kreditkort\/\" \/>\n<meta property=\"og:locale\" content=\"sv_SE\" \/>\n<meta property=\"og:type\" content=\"article\" \/>\n<meta property=\"og:title\" content=\"10 b\u00e4sta casinon med kreditkort\" \/>\n<meta property=\"og:description\" content=\"Det finns m\u00e5nga casinon som accepterar kreditkort och h\u00e4r f\u00e5r du en lista \u00f6ver Sveriges b\u00e4sta casinon med kreditkort.\" \/>\n<meta property=\"og:url\" content=\"https:\/\/casinor.com\/sv\/betalning\/kreditkort\/\" \/>\n<meta property=\"og:site_name\" content=\"Casinor.com\" \/>\n<meta property=\"article:publisher\" content=\"https:\/\/www.facebook.com\/Casinorcom-1429398773853454\/\" \/>\n<meta property=\"article:modified_time\" content=\"2026-03-02T14:18:14+00:00\" \/>\n<meta name=\"twitter:card\" content=\"summary_large_image\" \/>\n<meta name=\"twitter:site\" content=\"@casinor_com\" \/>\n<script type=\"application\/ld+json\" class=\"yoast-schema-graph\">{\"@context\":\"https:\/\/schema.org\",\"@graph\":[{\"@type\":\"WebPage\",\"@id\":\"https:\/\/casinor.com\/sv\/betalning\/kreditkort\/\",\"url\":\"https:\/\/casinor.com\/sv\/betalning\/kreditkort\/\",\"name\":\"10 b\u00e4sta casinon med kreditkort\",\"isPartOf\":{\"@id\":\"https:\/\/casinor.com\/#website\"},\"datePublished\":\"2026-03-02T14:18:13+00:00\",\"dateModified\":\"2026-03-02T14:18:14+00:00\",\"description\":\"Det finns m\u00e5nga casinon som accepterar kreditkort och h\u00e4r f\u00e5r du en lista \u00f6ver Sveriges b\u00e4sta casinon med kreditkort.\",\"breadcrumb\":{\"@id\":\"https:\/\/casinor.com\/sv\/betalning\/kreditkort\/#breadcrumb\"},\"inLanguage\":\"sv-SE\",\"potentialAction\":[{\"@type\":\"ReadAction\",\"target\":[\"https:\/\/casinor.com\/sv\/betalning\/kreditkort\/\"]}]},{\"@type\":\"BreadcrumbList\",\"@id\":\"https:\/\/casinor.com\/sv\/betalning\/kreditkort\/#breadcrumb\",\"itemListElement\":[{\"@type\":\"ListItem\",\"position\":1,\"name\":\"Hem\",\"item\":\"https:\/\/casinor.com\/sv\/\"},{\"@type\":\"ListItem\",\"position\":2,\"name\":\"Betalningsmetoder\",\"item\":\"https:\/\/casinor.com\/sv\/betalning\/\"},{\"@type\":\"ListItem\",\"position\":3,\"name\":\"Casino med kreditkort\"}]},{\"@type\":\"WebSite\",\"@id\":\"https:\/\/casinor.com\/#website\",\"url\":\"https:\/\/casinor.com\/\",\"name\":\"Casinor.com\",\"description\":\"Sveriges b\u00e4sta service f\u00f6r casino recensioner\",\"publisher\":{\"@id\":\"https:\/\/casinor.com\/#organization\"},\"potentialAction\":[{\"@type\":\"SearchAction\",\"target\":{\"@type\":\"EntryPoint\",\"urlTemplate\":\"https:\/\/casinor.com\/?s={search_term_string}\"},\"query-input\":{\"@type\":\"PropertyValueSpecification\",\"valueRequired\":true,\"valueName\":\"search_term_string\"}}],\"inLanguage\":\"sv-SE\"},{\"@type\":\"Organization\",\"@id\":\"https:\/\/casinor.com\/#organization\",\"name\":\"Casinor.com\",\"url\":\"https:\/\/casinor.com\/\",\"logo\":{\"@type\":\"ImageObject\",\"inLanguage\":\"sv-SE\",\"@id\":\"https:\/\/casinor.com\/#\/schema\/logo\/image\/\",\"url\":\"https:\/\/casinor.com\/wp-content\/uploads\/2023\/05\/logo_sweden.svg\",\"contentUrl\":\"https:\/\/casinor.com\/wp-content\/uploads\/2023\/05\/logo_sweden.svg\",\"caption\":\"Casinor.com\"},\"image\":{\"@id\":\"https:\/\/casinor.com\/#\/schema\/logo\/image\/\"},\"sameAs\":[\"https:\/\/www.facebook.com\/Casinorcom-1429398773853454\/\",\"https:\/\/x.com\/casinor_com\",\"https:\/\/no.pinterest.com\/casinor1\",\"https:\/\/www.youtube.com\/channel\/UCIaYR-rxk3WeeGSnE-9M-CQ\"]}]}<\/script>\n<!-- \/ Yoast SEO plugin. -->","yoast_head_json":{"title":"10 b\u00e4sta casinon med kreditkort","description":"Det finns m\u00e5nga casinon som accepterar kreditkort och h\u00e4r f\u00e5r du en lista \u00f6ver Sveriges b\u00e4sta casinon med kreditkort.","robots":{"index":"index","follow":"follow","max-snippet":"max-snippet:-1","max-image-preview":"max-image-preview:large","max-video-preview":"max-video-preview:-1"},"canonical":"https:\/\/casinor.com\/sv\/betalning\/kreditkort\/","og_locale":"sv_SE","og_type":"article","og_title":"10 b\u00e4sta casinon med kreditkort","og_description":"Det finns m\u00e5nga casinon som accepterar kreditkort och h\u00e4r f\u00e5r du en lista \u00f6ver Sveriges b\u00e4sta casinon med kreditkort.","og_url":"https:\/\/casinor.com\/sv\/betalning\/kreditkort\/","og_site_name":"Casinor.com","article_publisher":"https:\/\/www.facebook.com\/Casinorcom-1429398773853454\/","article_modified_time":"2026-03-02T14:18:14+00:00","twitter_card":"summary_large_image","twitter_site":"@casinor_com","schema":{"@context":"https:\/\/schema.org","@graph":[{"@type":"WebPage","@id":"https:\/\/casinor.com\/sv\/betalning\/kreditkort\/","url":"https:\/\/casinor.com\/sv\/betalning\/kreditkort\/","name":"10 b\u00e4sta casinon med kreditkort","isPartOf":{"@id":"https:\/\/casinor.com\/#website"},"datePublished":"2026-03-02T14:18:13+00:00","dateModified":"2026-03-02T14:18:14+00:00","description":"Det finns m\u00e5nga casinon som accepterar kreditkort och h\u00e4r f\u00e5r du en lista \u00f6ver Sveriges b\u00e4sta casinon med kreditkort.","breadcrumb":{"@id":"https:\/\/casinor.com\/sv\/betalning\/kreditkort\/#breadcrumb"},"inLanguage":"sv-SE","potentialAction":[{"@type":"ReadAction","target":["https:\/\/casinor.com\/sv\/betalning\/kreditkort\/"]}]},{"@type":"BreadcrumbList","@id":"https:\/\/casinor.com\/sv\/betalning\/kreditkort\/#breadcrumb","itemListElement":[{"@type":"ListItem","position":1,"name":"Hem","item":"https:\/\/casinor.com\/sv\/"},{"@type":"ListItem","position":2,"name":"Betalningsmetoder","item":"https:\/\/casinor.com\/sv\/betalning\/"},{"@type":"ListItem","position":3,"name":"Casino med kreditkort"}]},{"@type":"WebSite","@id":"https:\/\/casinor.com\/#website","url":"https:\/\/casinor.com\/","name":"Casinor.com","description":"Sveriges b\u00e4sta service f\u00f6r casino recensioner","publisher":{"@id":"https:\/\/casinor.com\/#organization"},"potentialAction":[{"@type":"SearchAction","target":{"@type":"EntryPoint","urlTemplate":"https:\/\/casinor.com\/?s={search_term_string}"},"query-input":{"@type":"PropertyValueSpecification","valueRequired":true,"valueName":"search_term_string"}}],"inLanguage":"sv-SE"},{"@type":"Organization","@id":"https:\/\/casinor.com\/#organization","name":"Casinor.com","url":"https:\/\/casinor.com\/","logo":{"@type":"ImageObject","inLanguage":"sv-SE","@id":"https:\/\/casinor.com\/#\/schema\/logo\/image\/","url":"https:\/\/casinor.com\/wp-content\/uploads\/2023\/05\/logo_sweden.svg","contentUrl":"https:\/\/casinor.com\/wp-content\/uploads\/2023\/05\/logo_sweden.svg","caption":"Casinor.com"},"image":{"@id":"https:\/\/casinor.com\/#\/schema\/logo\/image\/"},"sameAs":["https:\/\/www.facebook.com\/Casinorcom-1429398773853454\/","https:\/\/x.com\/casinor_com","https:\/\/no.pinterest.com\/casinor1","https:\/\/www.youtube.com\/channel\/UCIaYR-rxk3WeeGSnE-9M-CQ"]}]}},"_links":{"self":[{"href":"https:\/\/casinor.com\/sv\/wp-json\/wp\/v2\/pages\/19873","targetHints":{"allow":["GET"]}}],"collection":[{"href":"https:\/\/casinor.com\/sv\/wp-json\/wp\/v2\/pages"}],"about":[{"href":"https:\/\/casinor.com\/sv\/wp-json\/wp\/v2\/types\/page"}],"author":[{"embeddable":true,"href":"https:\/\/casinor.com\/sv\/wp-json\/wp\/v2\/users\/14"}],"replies":[{"embeddable":true,"href":"https:\/\/casinor.com\/sv\/wp-json\/wp\/v2\/comments?post=19873"}],"version-history":[{"count":3,"href":"https:\/\/casinor.com\/sv\/wp-json\/wp\/v2\/pages\/19873\/revisions"}],"predecessor-version":[{"id":19880,"href":"https:\/\/casinor.com\/sv\/wp-json\/wp\/v2\/pages\/19873\/revisions\/19880"}],"up":[{"embeddable":true,"href":"https:\/\/casinor.com\/sv\/wp-json\/wp\/v2\/pages\/18166"}],"wp:attachment":[{"href":"https:\/\/casinor.com\/sv\/wp-json\/wp\/v2\/media?parent=19873"}],"curies":[{"name":"wp","href":"https:\/\/api.w.org\/{rel}","templated":true}]}}