{"id":19861,"date":"2026-03-02T14:53:44","date_gmt":"2026-03-02T13:53:44","guid":{"rendered":"https:\/\/casinor.com\/?page_id=19861"},"modified":"2026-04-17T15:12:31","modified_gmt":"2026-04-17T13:12:31","slug":"siru-mobile-casino","status":"publish","type":"page","link":"https:\/\/casinor.com\/sv\/betalning\/siru-mobile-casino\/","title":{"rendered":"Siru Mobile casino"},"content":{"rendered":"\n<section id=\"hero-center-text-block_5af2eafbc5857b12c3d053930fdd6e43\" class=\"home-hero home-hero--category block-hero-center-text\">\n\t<div class=\"home-hero__container\">\n\t\t<div class=\"home-hero__wrap\">\n\t\t\t<div class=\"home-hero__content\">\n\t\t\t\t\t\t\t\t\t<h1 class=\"home-hero__title\" >Siru Mobile casinon<\/h1>\n\t\t\t\t\t\t\t\t\t\t\t\t\t<div class=\"home-hero__text\">Siru Mobile casinon finns inte p\u00e5 svenska casinon, men finns p\u00e5 de flesta casinon med utl\u00e4ndsk licens. Casinor.com har unders\u00f6kt marknaden och h\u00e4r listar vi de 10 b\u00e4sta casinon med Siru Mobile.<\/div>\n\t\t\t\t\t\t\t<\/div>\n\t\t\t\t\t<\/div>\n\t<\/div>\n<\/section>\n\n\n    <section id=\"content-section-block_6c962f8c82feaf6f8bdd1b9e131cb729\" class=\"content-section is-white  block-content-section\">\n                    <div class=\"content-section__container\">\n                <h2>10 b\u00e4sta Siru Mobile casinon<\/h2>\n<p><span style=\"font-weight: 400;\">Efter intensivt letande och noggranna kontroller kan vi p\u00e5 Casinor.com lista 10 bra Siru Mobile casinon. I tabellen nedan kan du ocks\u00e5 se eventuella bonusar, oms\u00e4ttningskrav och minsta ins\u00e4ttning.<\/span><\/p>\n<table>\n<tbody>\n<tr>\n<td><b>Casino<\/b><\/td>\n<td><b>Bonus<\/b><\/td>\n<td><b>Oms\u00e4ttningskrav<\/b><\/td>\n<td><b>Minsta ins\u00e4ttning<\/b><\/td>\n<\/tr>\n<tr>\n<td><span style=\"font-weight: 400;\">Kosmonaut<\/span><\/td>\n<td><span style=\"font-weight: 400;\">Upp till \u20ac5\u00a0000 + 350 free spins<\/span><\/td>\n<td><span style=\"font-weight: 400;\">40x<\/span><\/td>\n<td><span style=\"font-weight: 400;\">\u20ac20<\/span><\/td>\n<\/tr>\n<tr>\n<td><span style=\"font-weight: 400;\">Winz<\/span><\/td>\n<td><span style=\"font-weight: 400;\">Upp till $10 000<\/span><\/td>\n<td><span style=\"font-weight: 400;\">0x<\/span><\/td>\n<td><span style=\"font-weight: 400;\">$25<\/span><\/td>\n<\/tr>\n<tr>\n<td><span style=\"font-weight: 400;\">Happy Hugo<\/span><\/td>\n<td><span style=\"font-weight: 400;\">Upp till \u20ac300 + 50 free spins<\/span><\/td>\n<td><span style=\"font-weight: 400;\">0x<\/span><\/td>\n<td><span style=\"font-weight: 400;\">\u20ac20<\/span><\/td>\n<\/tr>\n<tr>\n<td><span style=\"font-weight: 400;\">Bingo Bonga<\/span><\/td>\n<td><span style=\"font-weight: 400;\">20% Cashback<\/span><\/td>\n<td><span style=\"font-weight: 400;\">0x<\/span><\/td>\n<td><span style=\"font-weight: 400;\">\u20ac50<\/span><\/td>\n<\/tr>\n<tr>\n<td><span style=\"font-weight: 400;\">Cobra Casino<\/span><\/td>\n<td><span style=\"font-weight: 400;\">Upp till \u20ac1 000 + 250 free spins<\/span><\/td>\n<td><span style=\"font-weight: 400;\">40x<\/span><\/td>\n<td><span style=\"font-weight: 400;\">\u20ac20<\/span><\/td>\n<\/tr>\n<tr>\n<td><span style=\"font-weight: 400;\">Winawin Casino<\/span><\/td>\n<td><span style=\"font-weight: 400;\">Upp till \u20ac500 + 50 free spins<\/span><\/td>\n<td><span style=\"font-weight: 400;\">40x<\/span><\/td>\n<td><span style=\"font-weight: 400;\">\u20ac20<\/span><\/td>\n<\/tr>\n<tr>\n<td><span style=\"font-weight: 400;\">Lucky Wins Casino<\/span><\/td>\n<td><span style=\"font-weight: 400;\">Upp till \u20ac500 + 100 free spins<\/span><\/td>\n<td><span style=\"font-weight: 400;\">30x<\/span><\/td>\n<td><span style=\"font-weight: 400;\">\u20ac30<\/span><\/td>\n<\/tr>\n<tr>\n<td><span style=\"font-weight: 400;\">Kakadu Casino<\/span><\/td>\n<td><span style=\"font-weight: 400;\">Upp till \u20ac500<\/span><\/td>\n<td><span style=\"font-weight: 400;\">40x<\/span><\/td>\n<td><span style=\"font-weight: 400;\">\u20ac20<\/span><\/td>\n<\/tr>\n<tr>\n<td><span style=\"font-weight: 400;\">Jackpoty Casino<\/span><\/td>\n<td><span style=\"font-weight: 400;\">Upp till \u20ac500 + 100 free spins<\/span><\/td>\n<td><span style=\"font-weight: 400;\">40x<\/span><\/td>\n<td><span style=\"font-weight: 400;\">\u20ac20<\/span><\/td>\n<\/tr>\n<tr>\n<td><span style=\"font-weight: 400;\">SlotsMillions<\/span><\/td>\n<td><span style=\"font-weight: 400;\">\u20ac100 + 100 free spins<\/span><\/td>\n<td><span style=\"font-weight: 400;\">30x<\/span><\/td>\n<td><span style=\"font-weight: 400;\">\u20ac20<\/span><\/td>\n<\/tr>\n<\/tbody>\n<\/table>\n<h2>Vad \u00e4r ett Siru Mobile casino?<\/h2>\n<p><span style=\"font-weight: 400;\">Ett Siru Mobile casino \u00e4r ett <a href=\"https:\/\/casinor.com\/sv\/\">online casino<\/a> som erbjuder Siru bland sina olika <a href=\"https:\/\/casinor.com\/sv\/betalning\/\">betalningsmetoder<\/a>. Siru Mobile \u00e4r en finsk betalningsl\u00f6sning som l\u00e5ter dig betala med kredit med mobilen. Beloppet kommer sedan p\u00e5 din mobilfaktura.\u00a0<\/span><\/p>\n<p><span style=\"font-weight: 400;\">T\u00e4nk p\u00e5 att du endast kan spela p\u00e5 <a href=\"https:\/\/casinor.com\/sv\/utlandska-casino\/\">utl\u00e4ndska casinon<\/a> med Siru Mobile. Att spela med kredit \u00e4r f\u00f6rbjudet p\u00e5 casinon med svensk licens.<\/span><\/p>\n<h2>S\u00e5 g\u00f6r du en ins\u00e4ttning p\u00e5 ett casino med Siru Mobile<\/h2>\n<p><span style=\"font-weight: 400;\">Det \u00e4r enkelt att g\u00f6ra en ins\u00e4ttning p\u00e5 Siru Mobile casinon och du beh\u00f6ver inte skapa n\u00e5got. F\u00f6r att g\u00f6ra en ins\u00e4ttning g\u00f6r du s\u00e5 h\u00e4r:<\/span><\/p>\n<ol>\n<li style=\"font-weight: 400;\" aria-level=\"1\"><span style=\"font-weight: 400;\">Logga in eller registrera dig p\u00e5 ett casino med Siru mobilbetalning.<\/span><\/li>\n<li style=\"font-weight: 400;\" aria-level=\"1\"><span style=\"font-weight: 400;\">Leta upp sidan f\u00f6r ins\u00e4ttningar och uttag.<\/span><\/li>\n<li style=\"font-weight: 400;\" aria-level=\"1\"><span style=\"font-weight: 400;\">V\u00e4lj Siru Mobile som betalningsmetod.<\/span><\/li>\n<li style=\"font-weight: 400;\" aria-level=\"1\"><span style=\"font-weight: 400;\">Skriv in hur mycket du vill s\u00e4tta in och bekr\u00e4fta ins\u00e4ttningen.<\/span><\/li>\n<\/ol>\n<h2>F\u00f6rdelar och nackdelar<\/h2>\n<p><span style=\"font-weight: 400;\">H\u00e4r tar vi en titt p\u00e5 f\u00f6r- och nackdelar med Siru Mobile casinon.\u00a0<\/span><\/p>\n<table>\n<tbody>\n<tr>\n<td><b>F\u00f6rdelar<\/b><\/td>\n<td><b>Nackdelar\u00a0<\/b><\/td>\n<\/tr>\n<tr>\n<td><span style=\"font-weight: 400;\">Snabb och enkel metod<\/span><\/td>\n<td><span style=\"font-weight: 400;\">Du kan inte g\u00f6ra uttag med Siru Mobile<\/span><\/td>\n<\/tr>\n<tr>\n<td><span style=\"font-weight: 400;\">Du beh\u00f6ver inte registrera dig<\/span><\/td>\n<td><span style=\"font-weight: 400;\">H\u00f6ga avgifter f\u00f6rekommer<\/span><\/td>\n<\/tr>\n<tr>\n<td><span style=\"font-weight: 400;\">Inga kontouppgifter l\u00e4mnas ut<\/span><\/td>\n<td><span style=\"font-weight: 400;\">Finns inte p\u00e5 casinon med svensk licens<\/span><\/td>\n<\/tr>\n<tr>\n<td><span style=\"font-weight: 400;\">Betala mot faktura<\/span><\/td>\n<td><span style=\"font-weight: 400;\">Andra kan i teorin betala med din telefon<\/span><\/td>\n<\/tr>\n<\/tbody>\n<\/table>\n<h2>Alternativ till Siru casinon<\/h2>\n<p><span style=\"font-weight: 400;\">Det finns flera andra l\u00f6sningar f\u00f6r mobila betalningar. Vi p\u00e5 Casinor har tittat p\u00e5 n\u00e5gra av dem f\u00f6r att j\u00e4mf\u00f6ra med Siru Mobile casinon.<\/span><\/p>\n<table>\n<tbody>\n<tr>\n<td><b>Betalningsmetod<\/b><\/td>\n<td><b>Avgift<\/b><\/td>\n<td><b>Ins\u00e4ttningstid<\/b><\/td>\n<td><b>Tillg\u00e4nglighet<\/b><\/td>\n<\/tr>\n<tr>\n<td><span style=\"font-weight: 400;\">Siru Mobile Casinon<\/span><\/td>\n<td><span style=\"font-weight: 400;\">60 kr per transaktion<\/span><\/td>\n<td><span style=\"font-weight: 400;\">Direkt\u00a0<\/span><\/td>\n<td><span style=\"font-weight: 400;\">Relativt vanlig<\/span><\/td>\n<\/tr>\n<tr>\n<td><span style=\"font-weight: 400;\">Apple Pay Casinon<\/span><\/td>\n<td><span style=\"font-weight: 400;\">0 kr<\/span><\/td>\n<td><span style=\"font-weight: 400;\">Direkt<\/span><\/td>\n<td><span style=\"font-weight: 400;\">Ovanlig<\/span><\/td>\n<\/tr>\n<tr>\n<td><span style=\"font-weight: 400;\">SMS bill Casinon<\/span><\/td>\n<td><span style=\"font-weight: 400;\">0 kr<\/span><\/td>\n<td><span style=\"font-weight: 400;\">Direkt<\/span><\/td>\n<td><span style=\"font-weight: 400;\">Mycket ovanlig<\/span><\/td>\n<\/tr>\n<tr>\n<td><span style=\"font-weight: 400;\">Swish Casinon<\/span><\/td>\n<td><span style=\"font-weight: 400;\">0 kr<\/span><\/td>\n<td><span style=\"font-weight: 400;\">Direkt<\/span><\/td>\n<td><span style=\"font-weight: 400;\">Mycket vanlig<\/span><\/td>\n<\/tr>\n<tr>\n<td><span style=\"font-weight: 400;\">Google Pay Casinon<\/span><\/td>\n<td><span style=\"font-weight: 400;\">0 kr<\/span><\/td>\n<td><span style=\"font-weight: 400;\">Direkt<\/span><\/td>\n<td><span style=\"font-weight: 400;\">Mycket ovanlig<\/span><\/td>\n<\/tr>\n<\/tbody>\n<\/table>\n<h2>Vanliga fr\u00e5gor<\/h2>\n\t\t<div class=\"wp-faq-schema-wrap wp-faq-schema-accordion\">\n\t\t\t\t\t\t<div class=\"wp-faq-schema-items\">\n\t\t\t\t\t\t\t\t\t<h3>Vilka avgifter tillkommer p\u00e5 ett Siru Mobile casino?<\/h3>\n\t\t\t\t\t<div class=\"\">\n\t\t\t\t\t\t<p>Siru tar en transaktionsavgift p\u00e5 60 kr p\u00e5 varje betalning. Det \u00e4r troligen den metod som \u00e4r dyrast att anv\u00e4nda.<\/p>\n\t\t\t\t\t<\/div>\n\t\t\t\t\t\t\t\t\t<h3>\u00c4r Siru Mobile casinon lagliga?<\/h3>\n\t\t\t\t\t<div class=\"\">\n\t\t\t\t\t\t<p>Siru Mobile \u00e4r en fullt laglig betalningsmetod p\u00e5 utl\u00e4ndska casinon. I Sverige \u00e4r det d\u00e4remot olagligt att erbjuda spel mot faktura.<\/p>\n\t\t\t\t\t<\/div>\n\t\t\t\t\t\t\t\t\t<h3>Finns det svenska casinon med Siru Mobile?<\/h3>\n\t\t\t\t\t<div class=\"\">\n\t\t\t\t\t\t<p>Nej, det finns inget svenskt casino som accepterar Siru Mobile som betalningsmetod. Detta p\u00e5 grund av de svenska spellagarna.<\/p>\n\t\t\t\t\t<\/div>\n\t\t\t\t\t\t\t\t\t<h3>Kan man g\u00f6ra uttag p\u00e5 Siru Mobile casinon?<\/h3>\n\t\t\t\t\t<div class=\"\">\n\t\t\t\t\t\t<p>Nej, du kan inte g\u00f6ra uttag p\u00e5 casinon med Siru Mobile. Har du vinster du vill ta ut \u00e4r du h\u00e4nvisad till en annan betalningsmetod.<\/p>\n\t\t\t\t\t<\/div>\n\t\t\t\t\t\t\t<\/div>\n\t\t<\/div>\n\t\t\n            <\/div>\n            <\/section>\n","protected":false},"excerpt":{"rendered":"","protected":false},"author":14,"featured_media":0,"parent":18166,"menu_order":0,"comment_status":"closed","ping_status":"closed","template":"","meta":{"_acf_changed":false,"footnotes":""},"class_list":["post-19861","page","type-page","status-publish","hentry"],"acf":[],"yoast_head":"<!-- This site is optimized with the Yoast SEO plugin v26.8 - https:\/\/yoast.com\/product\/yoast-seo-wordpress\/ -->\n<title>10 b\u00e4sta Siru Mobile casinon - Casinor.com<\/title>\n<meta name=\"description\" content=\"Vi har unders\u00f6kt marknaden och i den h\u00e4r artikeln listar vi de 10 b\u00e4sta casinon med Siru Mobile.\" \/>\n<meta name=\"robots\" content=\"index, follow, max-snippet:-1, max-image-preview:large, max-video-preview:-1\" \/>\n<link rel=\"canonical\" href=\"https:\/\/casinor.com\/sv\/betalning\/siru-mobile-casino\/\" \/>\n<meta property=\"og:locale\" content=\"sv_SE\" \/>\n<meta property=\"og:type\" content=\"article\" \/>\n<meta property=\"og:title\" content=\"10 b\u00e4sta Siru Mobile casinon - Casinor.com\" \/>\n<meta property=\"og:description\" content=\"Vi har unders\u00f6kt marknaden och i den h\u00e4r artikeln listar vi de 10 b\u00e4sta casinon med Siru Mobile.\" \/>\n<meta property=\"og:url\" content=\"https:\/\/casinor.com\/sv\/betalning\/siru-mobile-casino\/\" \/>\n<meta property=\"og:site_name\" content=\"Casinor.com\" \/>\n<meta property=\"article:publisher\" content=\"https:\/\/www.facebook.com\/Casinorcom-1429398773853454\/\" \/>\n<meta property=\"article:modified_time\" content=\"2026-04-17T13:12:31+00:00\" \/>\n<meta name=\"twitter:card\" content=\"summary_large_image\" \/>\n<meta name=\"twitter:site\" content=\"@casinor_com\" \/>\n<script type=\"application\/ld+json\" class=\"yoast-schema-graph\">{\"@context\":\"https:\/\/schema.org\",\"@graph\":[{\"@type\":\"WebPage\",\"@id\":\"https:\/\/casinor.com\/sv\/betalning\/siru-mobile-casino\/\",\"url\":\"https:\/\/casinor.com\/sv\/betalning\/siru-mobile-casino\/\",\"name\":\"10 b\u00e4sta Siru Mobile casinon - Casinor.com\",\"isPartOf\":{\"@id\":\"https:\/\/casinor.com\/#website\"},\"datePublished\":\"2026-03-02T13:53:44+00:00\",\"dateModified\":\"2026-04-17T13:12:31+00:00\",\"description\":\"Vi har unders\u00f6kt marknaden och i den h\u00e4r artikeln listar vi de 10 b\u00e4sta casinon med Siru Mobile.\",\"breadcrumb\":{\"@id\":\"https:\/\/casinor.com\/sv\/betalning\/siru-mobile-casino\/#breadcrumb\"},\"inLanguage\":\"sv-SE\",\"potentialAction\":[{\"@type\":\"ReadAction\",\"target\":[\"https:\/\/casinor.com\/sv\/betalning\/siru-mobile-casino\/\"]}]},{\"@type\":\"BreadcrumbList\",\"@id\":\"https:\/\/casinor.com\/sv\/betalning\/siru-mobile-casino\/#breadcrumb\",\"itemListElement\":[{\"@type\":\"ListItem\",\"position\":1,\"name\":\"Hem\",\"item\":\"https:\/\/casinor.com\/sv\/\"},{\"@type\":\"ListItem\",\"position\":2,\"name\":\"Betalningsmetoder\",\"item\":\"https:\/\/casinor.com\/sv\/betalning\/\"},{\"@type\":\"ListItem\",\"position\":3,\"name\":\"Siru Mobile casino\"}]},{\"@type\":\"WebSite\",\"@id\":\"https:\/\/casinor.com\/#website\",\"url\":\"https:\/\/casinor.com\/\",\"name\":\"Casinor.com\",\"description\":\"Sveriges b\u00e4sta service f\u00f6r casino recensioner\",\"publisher\":{\"@id\":\"https:\/\/casinor.com\/#organization\"},\"potentialAction\":[{\"@type\":\"SearchAction\",\"target\":{\"@type\":\"EntryPoint\",\"urlTemplate\":\"https:\/\/casinor.com\/?s={search_term_string}\"},\"query-input\":{\"@type\":\"PropertyValueSpecification\",\"valueRequired\":true,\"valueName\":\"search_term_string\"}}],\"inLanguage\":\"sv-SE\"},{\"@type\":\"Organization\",\"@id\":\"https:\/\/casinor.com\/#organization\",\"name\":\"Casinor.com\",\"url\":\"https:\/\/casinor.com\/\",\"logo\":{\"@type\":\"ImageObject\",\"inLanguage\":\"sv-SE\",\"@id\":\"https:\/\/casinor.com\/#\/schema\/logo\/image\/\",\"url\":\"https:\/\/casinor.com\/wp-content\/uploads\/2023\/05\/logo_sweden.svg\",\"contentUrl\":\"https:\/\/casinor.com\/wp-content\/uploads\/2023\/05\/logo_sweden.svg\",\"caption\":\"Casinor.com\"},\"image\":{\"@id\":\"https:\/\/casinor.com\/#\/schema\/logo\/image\/\"},\"sameAs\":[\"https:\/\/www.facebook.com\/Casinorcom-1429398773853454\/\",\"https:\/\/x.com\/casinor_com\",\"https:\/\/no.pinterest.com\/casinor1\",\"https:\/\/www.youtube.com\/channel\/UCIaYR-rxk3WeeGSnE-9M-CQ\"]}]}<\/script>\n<!-- \/ Yoast SEO plugin. -->","yoast_head_json":{"title":"10 b\u00e4sta Siru Mobile casinon - Casinor.com","description":"Vi har unders\u00f6kt marknaden och i den h\u00e4r artikeln listar vi de 10 b\u00e4sta casinon med Siru Mobile.","robots":{"index":"index","follow":"follow","max-snippet":"max-snippet:-1","max-image-preview":"max-image-preview:large","max-video-preview":"max-video-preview:-1"},"canonical":"https:\/\/casinor.com\/sv\/betalning\/siru-mobile-casino\/","og_locale":"sv_SE","og_type":"article","og_title":"10 b\u00e4sta Siru Mobile casinon - Casinor.com","og_description":"Vi har unders\u00f6kt marknaden och i den h\u00e4r artikeln listar vi de 10 b\u00e4sta casinon med Siru Mobile.","og_url":"https:\/\/casinor.com\/sv\/betalning\/siru-mobile-casino\/","og_site_name":"Casinor.com","article_publisher":"https:\/\/www.facebook.com\/Casinorcom-1429398773853454\/","article_modified_time":"2026-04-17T13:12:31+00:00","twitter_card":"summary_large_image","twitter_site":"@casinor_com","schema":{"@context":"https:\/\/schema.org","@graph":[{"@type":"WebPage","@id":"https:\/\/casinor.com\/sv\/betalning\/siru-mobile-casino\/","url":"https:\/\/casinor.com\/sv\/betalning\/siru-mobile-casino\/","name":"10 b\u00e4sta Siru Mobile casinon - Casinor.com","isPartOf":{"@id":"https:\/\/casinor.com\/#website"},"datePublished":"2026-03-02T13:53:44+00:00","dateModified":"2026-04-17T13:12:31+00:00","description":"Vi har unders\u00f6kt marknaden och i den h\u00e4r artikeln listar vi de 10 b\u00e4sta casinon med Siru Mobile.","breadcrumb":{"@id":"https:\/\/casinor.com\/sv\/betalning\/siru-mobile-casino\/#breadcrumb"},"inLanguage":"sv-SE","potentialAction":[{"@type":"ReadAction","target":["https:\/\/casinor.com\/sv\/betalning\/siru-mobile-casino\/"]}]},{"@type":"BreadcrumbList","@id":"https:\/\/casinor.com\/sv\/betalning\/siru-mobile-casino\/#breadcrumb","itemListElement":[{"@type":"ListItem","position":1,"name":"Hem","item":"https:\/\/casinor.com\/sv\/"},{"@type":"ListItem","position":2,"name":"Betalningsmetoder","item":"https:\/\/casinor.com\/sv\/betalning\/"},{"@type":"ListItem","position":3,"name":"Siru Mobile casino"}]},{"@type":"WebSite","@id":"https:\/\/casinor.com\/#website","url":"https:\/\/casinor.com\/","name":"Casinor.com","description":"Sveriges b\u00e4sta service f\u00f6r casino recensioner","publisher":{"@id":"https:\/\/casinor.com\/#organization"},"potentialAction":[{"@type":"SearchAction","target":{"@type":"EntryPoint","urlTemplate":"https:\/\/casinor.com\/?s={search_term_string}"},"query-input":{"@type":"PropertyValueSpecification","valueRequired":true,"valueName":"search_term_string"}}],"inLanguage":"sv-SE"},{"@type":"Organization","@id":"https:\/\/casinor.com\/#organization","name":"Casinor.com","url":"https:\/\/casinor.com\/","logo":{"@type":"ImageObject","inLanguage":"sv-SE","@id":"https:\/\/casinor.com\/#\/schema\/logo\/image\/","url":"https:\/\/casinor.com\/wp-content\/uploads\/2023\/05\/logo_sweden.svg","contentUrl":"https:\/\/casinor.com\/wp-content\/uploads\/2023\/05\/logo_sweden.svg","caption":"Casinor.com"},"image":{"@id":"https:\/\/casinor.com\/#\/schema\/logo\/image\/"},"sameAs":["https:\/\/www.facebook.com\/Casinorcom-1429398773853454\/","https:\/\/x.com\/casinor_com","https:\/\/no.pinterest.com\/casinor1","https:\/\/www.youtube.com\/channel\/UCIaYR-rxk3WeeGSnE-9M-CQ"]}]}},"_links":{"self":[{"href":"https:\/\/casinor.com\/sv\/wp-json\/wp\/v2\/pages\/19861","targetHints":{"allow":["GET"]}}],"collection":[{"href":"https:\/\/casinor.com\/sv\/wp-json\/wp\/v2\/pages"}],"about":[{"href":"https:\/\/casinor.com\/sv\/wp-json\/wp\/v2\/types\/page"}],"author":[{"embeddable":true,"href":"https:\/\/casinor.com\/sv\/wp-json\/wp\/v2\/users\/14"}],"replies":[{"embeddable":true,"href":"https:\/\/casinor.com\/sv\/wp-json\/wp\/v2\/comments?post=19861"}],"version-history":[{"count":5,"href":"https:\/\/casinor.com\/sv\/wp-json\/wp\/v2\/pages\/19861\/revisions"}],"predecessor-version":[{"id":19959,"href":"https:\/\/casinor.com\/sv\/wp-json\/wp\/v2\/pages\/19861\/revisions\/19959"}],"up":[{"embeddable":true,"href":"https:\/\/casinor.com\/sv\/wp-json\/wp\/v2\/pages\/18166"}],"wp:attachment":[{"href":"https:\/\/casinor.com\/sv\/wp-json\/wp\/v2\/media?parent=19861"}],"curies":[{"name":"wp","href":"https:\/\/api.w.org\/{rel}","templated":true}]}}