{"id":19680,"date":"2025-11-25T14:22:09","date_gmt":"2025-11-25T13:22:09","guid":{"rendered":"https:\/\/casinor.com\/?page_id=19680"},"modified":"2025-11-25T14:22:10","modified_gmt":"2025-11-25T13:22:10","slug":"casinosidor","status":"publish","type":"page","link":"https:\/\/casinor.com\/sv\/casinosidor\/","title":{"rendered":"Casinosidor"},"content":{"rendered":"\n<section id=\"hero-center-text-block_4003ab10d769e7aa795a7e40c9dd70df\" class=\"home-hero home-hero--category block-hero-center-text\">\n\t<div class=\"home-hero__container\">\n\t\t<div class=\"home-hero__wrap\">\n\t\t\t<div class=\"home-hero__content\">\n\t\t\t\t\t\t\t\t\t<h1 class=\"home-hero__title\" >Casinosidor<\/h1>\n\t\t\t\t\t\t\t\t\t\t\t\t\t<div class=\"home-hero__text\">Casinosidor som accepterar svenska spelare finns det gott om. I den h\u00e4r artikeln listar vi de b\u00e4sta casinosidorna i Sverige och utomlands.<\/div>\n\t\t\t\t\t\t\t<\/div>\n\t\t\t\t\t<\/div>\n\t<\/div>\n<\/section>\n\n\n    <section id=\"content-section-block_add60d57086b0d512f9b2e7e29160e24\" class=\"content-section is-white  block-content-section\">\n                    <div class=\"content-section__container\">\n                <h2>10 b\u00e4sta casinosidor<\/h2>\n<p><span style=\"font-weight: 400;\">H\u00e4r i tabellen nedan listar vi de 10 casinosidor som vi p\u00e5 Casinor tycker \u00e4r b\u00e4st.<\/span><\/p>\n<table>\n<tbody>\n<tr>\n<td><b>Casinosida<\/b><\/td>\n<td><b>V\u00e4lkomstbonus<\/b><\/td>\n<td><b>Oms\u00e4ttningskrav<\/b><\/td>\n<td><b>L\u00e4gsta ins\u00e4ttning<\/b><\/td>\n<td><b>Antal spel<\/b><\/td>\n<td><b>Licens<\/b><\/td>\n<\/tr>\n<tr>\n<td><span style=\"font-weight: 400;\">Paf<\/span><\/td>\n<td><span style=\"font-weight: 400;\">99 free spins<\/span><\/td>\n<td><span style=\"font-weight: 400;\">0x<\/span><\/td>\n<td><span style=\"font-weight: 400;\">100 kr<\/span><\/td>\n<td><span style=\"font-weight: 400;\">6\u00a0000+<\/span><\/td>\n<td><span style=\"font-weight: 400;\">Sverige<\/span><\/td>\n<\/tr>\n<tr>\n<td><span style=\"font-weight: 400;\">Kim<\/span><\/td>\n<td><span style=\"font-weight: 400;\">Upp till 7\u00a0000 free spins<\/span><\/td>\n<td><span style=\"font-weight: 400;\">0x<\/span><\/td>\n<td><span style=\"font-weight: 400;\">\u20ac1<\/span><\/td>\n<td><span style=\"font-weight: 400;\">1\u00a0000+<\/span><\/td>\n<td><span style=\"font-weight: 400;\">Komorerna<\/span><\/td>\n<\/tr>\n<tr>\n<td><span style=\"font-weight: 400;\">LeoVegas<\/span><\/td>\n<td><span style=\"font-weight: 400;\">Upp till 4\u00a0000 kr + 10 free spins<\/span><\/td>\n<td><span style=\"font-weight: 400;\">20x<\/span><\/td>\n<td><span style=\"font-weight: 400;\">100 kr<\/span><\/td>\n<td><span style=\"font-weight: 400;\">4\u00a0000 +<\/span><\/td>\n<td><span style=\"font-weight: 400;\">Sverige<\/span><\/td>\n<\/tr>\n<tr>\n<td><span style=\"font-weight: 400;\">Dreamz<\/span><\/td>\n<td><span style=\"font-weight: 400;\">Upp till \u20ac100 + cashback 10%<\/span><\/td>\n<td><span style=\"font-weight: 400;\">40x<\/span><\/td>\n<td><span style=\"font-weight: 400;\">\u20ac10<\/span><\/td>\n<td><span style=\"font-weight: 400;\">1\u00a0500+<\/span><\/td>\n<td><span style=\"font-weight: 400;\">Malta<\/span><\/td>\n<\/tr>\n<tr>\n<td><span style=\"font-weight: 400;\">Casumo<\/span><\/td>\n<td><span style=\"font-weight: 400;\">Upp till 500 kr + 40 free spins<\/span><\/td>\n<td><span style=\"font-weight: 400;\">30x<\/span><\/td>\n<td><span style=\"font-weight: 400;\">100 kr<\/span><\/td>\n<td><span style=\"font-weight: 400;\">3\u00a0000+<\/span><\/td>\n<td><span style=\"font-weight: 400;\">Sverige<\/span><\/td>\n<\/tr>\n<tr>\n<td><span style=\"font-weight: 400;\">Instant<\/span><\/td>\n<td><span style=\"font-weight: 400;\">Upp till \u20ac7\u00a0500 + cashback 10%<\/span><\/td>\n<td><span style=\"font-weight: 400;\">35x<\/span><\/td>\n<td><span style=\"font-weight: 400;\">\u20ac20<\/span><\/td>\n<td><span style=\"font-weight: 400;\">3\u00a0000+<\/span><\/td>\n<td><span style=\"font-weight: 400;\">Cura\u00e7ao<\/span><\/td>\n<\/tr>\n<tr>\n<td><span style=\"font-weight: 400;\">X3000<\/span><\/td>\n<td><span style=\"font-weight: 400;\">Upp till 1\u00a0500 kr<\/span><\/td>\n<td><span style=\"font-weight: 400;\">30x<\/span><\/td>\n<td><span style=\"font-weight: 400;\">100 kr<\/span><\/td>\n<td><span style=\"font-weight: 400;\">3\u00a0500+<\/span><\/td>\n<td><span style=\"font-weight: 400;\">Sverige<\/span><\/td>\n<\/tr>\n<tr>\n<td><span style=\"font-weight: 400;\">Golden Panda<\/span><\/td>\n<td><span style=\"font-weight: 400;\">Upp till \u20ac5\u00a0000 + 50 free spins<\/span><\/td>\n<td><span style=\"font-weight: 400;\">30x<\/span><\/td>\n<td><span style=\"font-weight: 400;\">\u20ac20<\/span><\/td>\n<td><span style=\"font-weight: 400;\">3\u00a0000+<\/span><\/td>\n<td><span style=\"font-weight: 400;\">Cura\u00e7ao<\/span><\/td>\n<\/tr>\n<tr>\n<td><span style=\"font-weight: 400;\">Hajper<\/span><\/td>\n<td><span style=\"font-weight: 400;\">Upp till 800 kr<\/span><\/td>\n<td><span style=\"font-weight: 400;\">20x<\/span><\/td>\n<td><span style=\"font-weight: 400;\">200 kr<\/span><\/td>\n<td><span style=\"font-weight: 400;\">3\u00a0000+<\/span><\/td>\n<td><span style=\"font-weight: 400;\">Sverige<\/span><\/td>\n<\/tr>\n<tr>\n<td><span style=\"font-weight: 400;\">Goldroll<\/span><\/td>\n<td><span style=\"font-weight: 400;\">Upp till 3\u00a0000 free spins<\/span><\/td>\n<td><span style=\"font-weight: 400;\">0x<\/span><\/td>\n<td><span style=\"font-weight: 400;\">\u20ac20<\/span><\/td>\n<td><span style=\"font-weight: 400;\">1\u00a0500+<\/span><\/td>\n<td><span style=\"font-weight: 400;\">Malta<\/span><\/td>\n<\/tr>\n<\/tbody>\n<\/table>\n<h2>5 b\u00e4sta nya casinosidor<\/h2>\n<p><span style=\"font-weight: 400;\">H\u00e4r nedan listar vi om 5 b\u00e4sta nya casinosidorna. Samtliga erbjuder bra bonusar med schyssta villkor.<\/span><\/p>\n<table>\n<tbody>\n<tr>\n<td><b>Casinosida<\/b><\/td>\n<td><b>V\u00e4lkomstbonus<\/b><\/td>\n<td><b>Oms\u00e4ttningskrav<\/b><\/td>\n<td><b>L\u00e4gsta ins\u00e4ttning<\/b><\/td>\n<td><b>Licens<\/b><\/td>\n<td><b>Lanserades<\/b><\/td>\n<\/tr>\n<tr>\n<td><span style=\"font-weight: 400;\">Flax<\/span><\/td>\n<td><span style=\"font-weight: 400;\">&#8211;<\/span><\/td>\n<td><span style=\"font-weight: 400;\">&#8211;<\/span><\/td>\n<td><span style=\"font-weight: 400;\">100 kr<\/span><\/td>\n<td><span style=\"font-weight: 400;\">Sverige<\/span><\/td>\n<td><span style=\"font-weight: 400;\">2024<\/span><\/td>\n<\/tr>\n<tr>\n<td><span style=\"font-weight: 400;\">Cherry<\/span><\/td>\n<td><span style=\"font-weight: 400;\">Upp till 500 kr<\/span><\/td>\n<td><span style=\"font-weight: 400;\">20x<\/span><\/td>\n<td><span style=\"font-weight: 400;\">100 kr<\/span><\/td>\n<td><span style=\"font-weight: 400;\">Sverige<\/span><\/td>\n<td><span style=\"font-weight: 400;\">2024<\/span><\/td>\n<\/tr>\n<tr>\n<td><span style=\"font-weight: 400;\">Spin Sweet<\/span><\/td>\n<td><span style=\"font-weight: 400;\">Upp till \u20ac1\u00a0500 + 888 free spins<\/span><\/td>\n<td><span style=\"font-weight: 400;\">40x<\/span><\/td>\n<td><span style=\"font-weight: 400;\">\u20ac20<\/span><\/td>\n<td><span style=\"font-weight: 400;\">Malta<\/span><\/td>\n<td><span style=\"font-weight: 400;\">2024<\/span><\/td>\n<\/tr>\n<tr>\n<td><span style=\"font-weight: 400;\">Wizz Spin<\/span><\/td>\n<td><span style=\"font-weight: 400;\">Upp till 6\u00a0000 free spins<\/span><\/td>\n<td><span style=\"font-weight: 400;\">0x<\/span><\/td>\n<td><span style=\"font-weight: 400;\">\u20ac20<\/span><\/td>\n<td><span style=\"font-weight: 400;\">Estland<\/span><\/td>\n<td><span style=\"font-weight: 400;\">2024<\/span><\/td>\n<\/tr>\n<tr>\n<td><span style=\"font-weight: 400;\">Dice Wise<\/span><\/td>\n<td><span style=\"font-weight: 400;\">Upp till 6\u00a0500 free spins<\/span><\/td>\n<td><span style=\"font-weight: 400;\">1x<\/span><\/td>\n<td><span style=\"font-weight: 400;\">\u20ac20<\/span><\/td>\n<td><span style=\"font-weight: 400;\">Estland<\/span><\/td>\n<td><span style=\"font-weight: 400;\">2024<\/span><\/td>\n<\/tr>\n<\/tbody>\n<\/table>\n<h2>Vad \u00e4r en casinosida?<\/h2>\n<p><span style=\"font-weight: 400;\">En casinosida, \u00e4ven kallat <a href=\"https:\/\/casinor.com\/sv\/\">online casino<\/a>, \u00e4r en webbplats som erbjuder spel om pengar. Olika typer av spel som finns \u00e4r bland annat <a href=\"https:\/\/casinor.com\/sv\/slots\/\">spelautomater<\/a>, digitala bordsspel, live dealers och spel p\u00e5 odds. Det finns \u00f6ver 100 svenska casinosidor och tusentals utomlands.<\/span><\/p>\n<h2>Svenska casinosidor har enkel registrering<\/h2>\n<p><span style=\"font-weight: 400;\">Efter inf\u00f6randet av det svenska licenssystemet 2019 blev det enklare och snabbare att registrera ett konto p\u00e5 casinosidor i Sverige. Ist\u00e4llet f\u00f6r att fylla i formul\u00e4r kan du logga in hos svenska operat\u00f6rer med BankID.<\/span><\/p>\n<h2>3 b\u00e4sta casinosidor utan oms\u00e4ttningskrav<\/h2>\n<p><span style=\"font-weight: 400;\">I tabellen nedan har vi j\u00e4mf\u00f6rt och listat 3 bra casinosidor utan oms\u00e4ttningskrav.\u00a0<\/span><\/p>\n<table>\n<tbody>\n<tr>\n<td><b>Casinosida<\/b><\/td>\n<td><b>V\u00e4lkomstbonus<\/b><\/td>\n<td><b>Oms\u00e4ttningskrav<\/b><\/td>\n<td><b>L\u00e4gsta ins\u00e4ttning<\/b><\/td>\n<\/tr>\n<tr>\n<td><span style=\"font-weight: 400;\">Jack Bit<\/span><\/td>\n<td><span style=\"font-weight: 400;\">100 free spins<\/span><\/td>\n<td><span style=\"font-weight: 400;\">0x<\/span><\/td>\n<td><span style=\"font-weight: 400;\">$50<\/span><\/td>\n<\/tr>\n<tr>\n<td><span style=\"font-weight: 400;\">Orca<\/span><\/td>\n<td><span style=\"font-weight: 400;\">Upp till \u20ac500<\/span><\/td>\n<td><span style=\"font-weight: 400;\">0x<\/span><\/td>\n<td><span style=\"font-weight: 400;\">\u20ac20<\/span><\/td>\n<\/tr>\n<tr>\n<td><span style=\"font-weight: 400;\">Royal Stars<\/span><\/td>\n<td><span style=\"font-weight: 400;\">Upp till \u20ac1\u00a0000 + 200 free spins<\/span><\/td>\n<td><span style=\"font-weight: 400;\">0x<\/span><\/td>\n<td><span style=\"font-weight: 400;\">\u20ac20<\/span><\/td>\n<\/tr>\n<\/tbody>\n<\/table>\n<h2>Engelska casinosidor har f\u00e4rre begr\u00e4nsningar<\/h2>\n<p><span style=\"font-weight: 400;\">Engelska casinosidor \u00e4r inte lika begr\u00e4nsade som i Sverige eftersom de inte omfattas av den svenska spelregleringen. Hos dessa operat\u00f6rer kan du oftast f\u00e5 mer \u00e4n en <a href=\"https:\/\/casinor.com\/sv\/casino-bonus\/\">casino bonus<\/a>. Till skillnad fr\u00e5n svenska casinosajter d\u00e4r du endast kan f\u00e5 en bonus per sida.<\/span><\/p>\n<p><span style=\"font-weight: 400;\">P\u00e5 engelska casinosidor kan du \u00e4ven spela st\u00f6rre ins\u00e4ttningsgr\u00e4nser. Du kan \u00e4ven spela utan den s\u00e5 kallade treskundersregeln.<\/span><\/p>\n<h2>Vanliga fr\u00e5gor<\/h2>\n\t\t<div class=\"wp-faq-schema-wrap wp-faq-schema-accordion\">\n\t\t\t\t\t\t<div class=\"wp-faq-schema-items\">\n\t\t\t\t\t\t\t\t\t<h3>Vilken \u00e4r den b\u00e4sta casinosidan?<\/h3>\n\t\t\t\t\t<div class=\"\">\n\t\t\t\t\t\t<p>Den b\u00e4sta casinosidan enligt oss \u00e4r Paf. Men vilken casinosajt som \u00e4r b\u00e4st f\u00f6r dig beror p\u00e5 dina preferenser.<\/p>\n\t\t\t\t\t<\/div>\n\t\t\t\t\t\t\t\t\t<h3>Kan man spela p\u00e5 casinosidor med Swish?<\/h3>\n\t\t\t\t\t<div class=\"\">\n\t\t\t\t\t\t<p>Ja, det kan du. Allt fler svenska casinosidor accepterar Swish vid ins\u00e4ttningar och uttag. Dock kan du inte anv\u00e4nda Swish hos operat\u00f6rer fr\u00e5n andra l\u00e4nder.<\/p>\n\t\t\t\t\t<\/div>\n\t\t\t\t\t\t\t\t\t<h3>Finns det casinosidor med snabba uttag?<\/h3>\n\t\t\t\t\t<div class=\"\">\n\t\t\t\t\t\t<p>Ja, de flesta casinohemsidor har snabba uttag. Det som kr\u00e4vs f\u00f6r snabba uttag \u00e4r att spelsajten erbjuder betalningsmetoder, s\u00e5som Swish och Trustly.<\/p>\n\t\t\t\t\t<\/div>\n\t\t\t\t\t\t\t\t\t<h3>Hur sp\u00e4rrar man casinosidor?<\/h3>\n\t\t\t\t\t<div class=\"\">\n\t\t\t\t\t\t<p>F\u00f6r att blockera casinosidor kan du anv\u00e4nda dig av Spelpaus.se som sp\u00e4rrar samtliga svenska casinon.<\/p>\n\t\t\t\t\t<\/div>\n\t\t\t\t\t\t\t<\/div>\n\t\t<\/div>\n\t\t\n            <\/div>\n            <\/section>\n","protected":false},"excerpt":{"rendered":"","protected":false},"author":14,"featured_media":0,"parent":0,"menu_order":0,"comment_status":"closed","ping_status":"closed","template":"","meta":{"_acf_changed":false,"footnotes":""},"class_list":["post-19680","page","type-page","status-publish","hentry"],"acf":[],"yoast_head":"<!-- This site is optimized with the Yoast SEO plugin v26.8 - https:\/\/yoast.com\/product\/yoast-seo-wordpress\/ -->\n<title>10 b\u00e4sta casinosidor - Casinor.com<\/title>\n<meta name=\"description\" content=\"I den h\u00e4r artikeln listar vi de b\u00e4sta casinosidorna i Sverige och utomlands. V\u00e4lj din favorit och b\u00f6rja spela.\" \/>\n<meta name=\"robots\" content=\"index, follow, max-snippet:-1, max-image-preview:large, max-video-preview:-1\" \/>\n<link rel=\"canonical\" href=\"https:\/\/casinor.com\/sv\/casinosidor\/\" \/>\n<meta property=\"og:locale\" content=\"sv_SE\" \/>\n<meta property=\"og:type\" content=\"article\" \/>\n<meta property=\"og:title\" content=\"10 b\u00e4sta casinosidor - Casinor.com\" \/>\n<meta property=\"og:description\" content=\"I den h\u00e4r artikeln listar vi de b\u00e4sta casinosidorna i Sverige och utomlands. V\u00e4lj din favorit och b\u00f6rja spela.\" \/>\n<meta property=\"og:url\" content=\"https:\/\/casinor.com\/sv\/casinosidor\/\" \/>\n<meta property=\"og:site_name\" content=\"Casinor.com\" \/>\n<meta property=\"article:publisher\" content=\"https:\/\/www.facebook.com\/Casinorcom-1429398773853454\/\" \/>\n<meta property=\"article:modified_time\" content=\"2025-11-25T13:22:10+00:00\" \/>\n<meta name=\"twitter:card\" content=\"summary_large_image\" \/>\n<meta name=\"twitter:site\" content=\"@casinor_com\" \/>\n<script type=\"application\/ld+json\" class=\"yoast-schema-graph\">{\"@context\":\"https:\/\/schema.org\",\"@graph\":[{\"@type\":\"WebPage\",\"@id\":\"https:\/\/casinor.com\/sv\/casinosidor\/\",\"url\":\"https:\/\/casinor.com\/sv\/casinosidor\/\",\"name\":\"10 b\u00e4sta casinosidor - Casinor.com\",\"isPartOf\":{\"@id\":\"https:\/\/casinor.com\/#website\"},\"datePublished\":\"2025-11-25T13:22:09+00:00\",\"dateModified\":\"2025-11-25T13:22:10+00:00\",\"description\":\"I den h\u00e4r artikeln listar vi de b\u00e4sta casinosidorna i Sverige och utomlands. V\u00e4lj din favorit och b\u00f6rja spela.\",\"breadcrumb\":{\"@id\":\"https:\/\/casinor.com\/sv\/casinosidor\/#breadcrumb\"},\"inLanguage\":\"sv-SE\",\"potentialAction\":[{\"@type\":\"ReadAction\",\"target\":[\"https:\/\/casinor.com\/sv\/casinosidor\/\"]}]},{\"@type\":\"BreadcrumbList\",\"@id\":\"https:\/\/casinor.com\/sv\/casinosidor\/#breadcrumb\",\"itemListElement\":[{\"@type\":\"ListItem\",\"position\":1,\"name\":\"Hem\",\"item\":\"https:\/\/casinor.com\/sv\/\"},{\"@type\":\"ListItem\",\"position\":2,\"name\":\"Casinosidor\"}]},{\"@type\":\"WebSite\",\"@id\":\"https:\/\/casinor.com\/#website\",\"url\":\"https:\/\/casinor.com\/\",\"name\":\"Casinor.com\",\"description\":\"Sveriges b\u00e4sta service f\u00f6r casino recensioner\",\"publisher\":{\"@id\":\"https:\/\/casinor.com\/#organization\"},\"potentialAction\":[{\"@type\":\"SearchAction\",\"target\":{\"@type\":\"EntryPoint\",\"urlTemplate\":\"https:\/\/casinor.com\/?s={search_term_string}\"},\"query-input\":{\"@type\":\"PropertyValueSpecification\",\"valueRequired\":true,\"valueName\":\"search_term_string\"}}],\"inLanguage\":\"sv-SE\"},{\"@type\":\"Organization\",\"@id\":\"https:\/\/casinor.com\/#organization\",\"name\":\"Casinor.com\",\"url\":\"https:\/\/casinor.com\/\",\"logo\":{\"@type\":\"ImageObject\",\"inLanguage\":\"sv-SE\",\"@id\":\"https:\/\/casinor.com\/#\/schema\/logo\/image\/\",\"url\":\"https:\/\/casinor.com\/wp-content\/uploads\/2023\/05\/logo_sweden.svg\",\"contentUrl\":\"https:\/\/casinor.com\/wp-content\/uploads\/2023\/05\/logo_sweden.svg\",\"caption\":\"Casinor.com\"},\"image\":{\"@id\":\"https:\/\/casinor.com\/#\/schema\/logo\/image\/\"},\"sameAs\":[\"https:\/\/www.facebook.com\/Casinorcom-1429398773853454\/\",\"https:\/\/x.com\/casinor_com\",\"https:\/\/no.pinterest.com\/casinor1\",\"https:\/\/www.youtube.com\/channel\/UCIaYR-rxk3WeeGSnE-9M-CQ\"]}]}<\/script>\n<!-- \/ Yoast SEO plugin. -->","yoast_head_json":{"title":"10 b\u00e4sta casinosidor - Casinor.com","description":"I den h\u00e4r artikeln listar vi de b\u00e4sta casinosidorna i Sverige och utomlands. V\u00e4lj din favorit och b\u00f6rja spela.","robots":{"index":"index","follow":"follow","max-snippet":"max-snippet:-1","max-image-preview":"max-image-preview:large","max-video-preview":"max-video-preview:-1"},"canonical":"https:\/\/casinor.com\/sv\/casinosidor\/","og_locale":"sv_SE","og_type":"article","og_title":"10 b\u00e4sta casinosidor - Casinor.com","og_description":"I den h\u00e4r artikeln listar vi de b\u00e4sta casinosidorna i Sverige och utomlands. V\u00e4lj din favorit och b\u00f6rja spela.","og_url":"https:\/\/casinor.com\/sv\/casinosidor\/","og_site_name":"Casinor.com","article_publisher":"https:\/\/www.facebook.com\/Casinorcom-1429398773853454\/","article_modified_time":"2025-11-25T13:22:10+00:00","twitter_card":"summary_large_image","twitter_site":"@casinor_com","schema":{"@context":"https:\/\/schema.org","@graph":[{"@type":"WebPage","@id":"https:\/\/casinor.com\/sv\/casinosidor\/","url":"https:\/\/casinor.com\/sv\/casinosidor\/","name":"10 b\u00e4sta casinosidor - Casinor.com","isPartOf":{"@id":"https:\/\/casinor.com\/#website"},"datePublished":"2025-11-25T13:22:09+00:00","dateModified":"2025-11-25T13:22:10+00:00","description":"I den h\u00e4r artikeln listar vi de b\u00e4sta casinosidorna i Sverige och utomlands. V\u00e4lj din favorit och b\u00f6rja spela.","breadcrumb":{"@id":"https:\/\/casinor.com\/sv\/casinosidor\/#breadcrumb"},"inLanguage":"sv-SE","potentialAction":[{"@type":"ReadAction","target":["https:\/\/casinor.com\/sv\/casinosidor\/"]}]},{"@type":"BreadcrumbList","@id":"https:\/\/casinor.com\/sv\/casinosidor\/#breadcrumb","itemListElement":[{"@type":"ListItem","position":1,"name":"Hem","item":"https:\/\/casinor.com\/sv\/"},{"@type":"ListItem","position":2,"name":"Casinosidor"}]},{"@type":"WebSite","@id":"https:\/\/casinor.com\/#website","url":"https:\/\/casinor.com\/","name":"Casinor.com","description":"Sveriges b\u00e4sta service f\u00f6r casino recensioner","publisher":{"@id":"https:\/\/casinor.com\/#organization"},"potentialAction":[{"@type":"SearchAction","target":{"@type":"EntryPoint","urlTemplate":"https:\/\/casinor.com\/?s={search_term_string}"},"query-input":{"@type":"PropertyValueSpecification","valueRequired":true,"valueName":"search_term_string"}}],"inLanguage":"sv-SE"},{"@type":"Organization","@id":"https:\/\/casinor.com\/#organization","name":"Casinor.com","url":"https:\/\/casinor.com\/","logo":{"@type":"ImageObject","inLanguage":"sv-SE","@id":"https:\/\/casinor.com\/#\/schema\/logo\/image\/","url":"https:\/\/casinor.com\/wp-content\/uploads\/2023\/05\/logo_sweden.svg","contentUrl":"https:\/\/casinor.com\/wp-content\/uploads\/2023\/05\/logo_sweden.svg","caption":"Casinor.com"},"image":{"@id":"https:\/\/casinor.com\/#\/schema\/logo\/image\/"},"sameAs":["https:\/\/www.facebook.com\/Casinorcom-1429398773853454\/","https:\/\/x.com\/casinor_com","https:\/\/no.pinterest.com\/casinor1","https:\/\/www.youtube.com\/channel\/UCIaYR-rxk3WeeGSnE-9M-CQ"]}]}},"_links":{"self":[{"href":"https:\/\/casinor.com\/sv\/wp-json\/wp\/v2\/pages\/19680","targetHints":{"allow":["GET"]}}],"collection":[{"href":"https:\/\/casinor.com\/sv\/wp-json\/wp\/v2\/pages"}],"about":[{"href":"https:\/\/casinor.com\/sv\/wp-json\/wp\/v2\/types\/page"}],"author":[{"embeddable":true,"href":"https:\/\/casinor.com\/sv\/wp-json\/wp\/v2\/users\/14"}],"replies":[{"embeddable":true,"href":"https:\/\/casinor.com\/sv\/wp-json\/wp\/v2\/comments?post=19680"}],"version-history":[{"count":3,"href":"https:\/\/casinor.com\/sv\/wp-json\/wp\/v2\/pages\/19680\/revisions"}],"predecessor-version":[{"id":19683,"href":"https:\/\/casinor.com\/sv\/wp-json\/wp\/v2\/pages\/19680\/revisions\/19683"}],"wp:attachment":[{"href":"https:\/\/casinor.com\/sv\/wp-json\/wp\/v2\/media?parent=19680"}],"curies":[{"name":"wp","href":"https:\/\/api.w.org\/{rel}","templated":true}]}}