{"id":19668,"date":"2025-11-24T15:10:24","date_gmt":"2025-11-24T14:10:24","guid":{"rendered":"https:\/\/casinor.com\/?page_id=19668"},"modified":"2025-11-24T15:10:26","modified_gmt":"2025-11-24T14:10:26","slug":"klarna-casino","status":"publish","type":"page","link":"https:\/\/casinor.com\/sv\/betalning\/klarna-casino\/","title":{"rendered":"Klarna casino"},"content":{"rendered":"\n<section id=\"hero-center-text-block_258c39834bfaa592a52c2f1e448bf1fa\" class=\"home-hero home-hero--category block-hero-center-text\">\n\t<div class=\"home-hero__container\">\n\t\t<div class=\"home-hero__wrap\">\n\t\t\t<div class=\"home-hero__content\">\n\t\t\t\t\t\t\t\t\t<h1 class=\"home-hero__title\" >Klarna casinon<\/h1>\n\t\t\t\t\t\t\t\t\t\t\t\t\t<div class=\"home-hero__text\">Klarna casinon finns endast tillg\u00e4ngligt utanf\u00f6r Sverige och \u00e4r d\u00e5 en bra l\u00f6sning f\u00f6r att betala mot faktura. I den h\u00e4r artikeln har vi p\u00e5 Casinor granskat de b\u00e4sta Klarna casinon.<\/div>\n\t\t\t\t\t\t\t<\/div>\n\t\t\t\t\t<\/div>\n\t<\/div>\n<\/section>\n\n\r\n\r\n    \r\n    <section id=\"competitors-table-block_2a7b4b6d39f498e3e08822fe37336acb\" class=\"competitors-table   block-competitors-table is-top-padding is-bottom-padding is-grey\">\r\n        <div class=\"competitors-table__container\">\r\n            <div class=\"competitors-table__wrapper\">\r\n                <div class=\"competitors-table__inner\">\r\n                                            <div class=\"competitors-table__item\">\r\n                            <div class=\"competitors-table__item-img\">\r\n                                                                <a class=\"competitors-table__img-link no-external-link\" target=\"_blank\" rel=\"nofollow noopener\"\r\n                                   href=\"https:\/\/casinor.com\/sv\/go\/basta-casino-sidor\">\r\n                                                                                                                <img loading=\"lazy\" decoding=\"async\" width=\"160\" height=\"160\" src=\"https:\/\/casinor.com\/wp-content\/uploads\/2025\/11\/klarna-casinon-utan-svensk-licens.png\" class=\"competitors-table__img\" alt=\"B\u00e4sta Klarna casinon utan svensk licens\" \/>                                                                                                        <\/a>\r\n                                                        <\/div>\r\n                            <div class=\"competitors-table__item-ttl\">\r\n                                                                    <div class=\"competitors-table__item-ttl-inner\">B\u00e4sta Klarna casinon utan svensk licens<\/div>\r\n                                                            <\/div>\r\n\t\t\t\t\t\t\t\t\t\t\t\t\t\t\t<div class=\"competitors-table__item-cnt\">\r\n\t\t\t\t\t\t\t\t\t\t\t\t\t\t\t\t\t\t\t<ul class=\"competitors-table__item-cnt-inner\">\r\n\t\t\t\t\t\t\t\t\t\t\t\t\t\t\t\t\t\t\t\t\t\t\t\t\t\t\t\t\t\t\t\t\t\t\t\t<li class=\"competitors-table__item-cnt-li\">200% upp till \u20ac1000<\/li>\r\n\t\t\t\t\t\t\t\t\t\t\t\t\t\t\t\t\t\t\t\t\t\t\t\t\t\t\t\t\t\t\t\t\t\t\t\t\t\t\t\t\t\t\t\t\t\t\t\t<li class=\"competitors-table__item-cnt-li\">225% upp till \u20ac600 + 275 Free Spins<\/li>\r\n\t\t\t\t\t\t\t\t\t\t\t\t\t\t\t\t\t\t\t\t\t\t\t\t\t\t\t\t\t\t\t\t\t\t\t\t\t\t\t\t\t\t\t\t\t\t\t\t<li class=\"competitors-table__item-cnt-li\">Upp till 7000 Free Spins<\/li>\r\n\t\t\t\t\t\t\t\t\t\t\t\t\t\t\t\t\t\t\t\t\t\t\t\t\t\t\t\t\t\t\t\t\t<\/ul>\r\n\t\t\t\t\t\t\t\t\t\t\t\t\t\t\t\t\t<\/div>\r\n\t\t\t\t\t\t\t                            <div class=\"competitors-table__item-cta\">\r\n                                <div class=\"competitors-table__item-cta-inner\">\r\n                                                                            <a href=\"https:\/\/casinor.com\/sv\/go\/basta-casino-sidor\" target=\"_blank\"\r\n                                           rel=\"nofollow noopener\"\r\n                                           class=\"btn-base button-green no-external-link\">Bes\u00f6k h\u00e4r                                        <\/a>\r\n                                                                    <\/div>\r\n                            <\/div>\r\n                        <\/div>\r\n                                    <\/div>\r\n            <\/div>\r\n        <\/div>\r\n    <\/section>\r\n\n\n\n    <section id=\"content-section-block_861690bda8bb2c61b667893106c3595b\" class=\"content-section is-white  block-content-section\">\n                    <div class=\"content-section__container\">\n                <h2>10 b\u00e4sta Klarna casinon<\/h2>\n<p><span style=\"font-weight: 400;\">H\u00e4r nedan listar vi internets 10 b\u00e4sta Klarna casinon. Samtliga casinon har licens och schyssta bonusvillkor\u00a0<\/span><\/p>\n<table>\n<tbody>\n<tr>\n<td><b>Casino<\/b><\/td>\n<td><b>Bonus<\/b><\/td>\n<td><b>Oms\u00e4ttningskrav<\/b><\/td>\n<td><b>Minsta ins\u00e4ttning<\/b><\/td>\n<\/tr>\n<tr>\n<td><span style=\"font-weight: 400;\">Neon Vegas<\/span><\/td>\n<td><span style=\"font-weight: 400;\">Upp till \u20ac500 + 100 free spins<\/span><\/td>\n<td><span style=\"font-weight: 400;\">50x<\/span><\/td>\n<td><span style=\"font-weight: 400;\">\u20ac20<\/span><\/td>\n<\/tr>\n<tr>\n<td><span style=\"font-weight: 400;\">PlayZee<\/span><\/td>\n<td><span style=\"font-weight: 400;\">Upp till \u20ac1\u00a0500 + 150 free spins<\/span><\/td>\n<td><span style=\"font-weight: 400;\">35x ins\u00e4ttning plus bonus<\/span><\/td>\n<td><span style=\"font-weight: 400;\">\u20ac20<\/span><\/td>\n<\/tr>\n<tr>\n<td><span style=\"font-weight: 400;\">18 Bet<\/span><\/td>\n<td><span style=\"font-weight: 400;\">Upp till \u20ac500<\/span><\/td>\n<td><span style=\"font-weight: 400;\">30x ins\u00e4ttning + bonus<\/span><\/td>\n<td><span style=\"font-weight: 400;\">\u20ac20<\/span><\/td>\n<\/tr>\n<tr>\n<td><span style=\"font-weight: 400;\">Emir Bet<\/span><\/td>\n<td><span style=\"font-weight: 400;\">Upp till \u20ac1\u00a0000 + 150 free spins<\/span><\/td>\n<td><span style=\"font-weight: 400;\">40x<\/span><\/td>\n<td><span style=\"font-weight: 400;\">\u20ac20<\/span><\/td>\n<\/tr>\n<tr>\n<td><span style=\"font-weight: 400;\">Blackjack City<\/span><\/td>\n<td><span style=\"font-weight: 400;\">Upp till \u20ac200<\/span><\/td>\n<td><span style=\"font-weight: 400;\">40x<\/span><\/td>\n<td><span style=\"font-weight: 400;\">\u20ac20<\/span><\/td>\n<\/tr>\n<tr>\n<td><span style=\"font-weight: 400;\">Casino WinBig<\/span><\/td>\n<td><span style=\"font-weight: 400;\">Upp till \u20ac1 000<\/span><\/td>\n<td><span style=\"font-weight: 400;\">40x<\/span><\/td>\n<td><span style=\"font-weight: 400;\">\u20ac20<\/span><\/td>\n<\/tr>\n<tr>\n<td><span style=\"font-weight: 400;\">18Bet<\/span><\/td>\n<td><span style=\"font-weight: 400;\">Upp till \u20ac500<\/span><\/td>\n<td><span style=\"font-weight: 400;\">30x ins\u00e4ttning + bonus<\/span><\/td>\n<td><span style=\"font-weight: 400;\">\u20ac20<\/span><\/td>\n<\/tr>\n<tr>\n<td><span style=\"font-weight: 400;\">Casabet<\/span><\/td>\n<td><span style=\"font-weight: 400;\">Upp till \u20ac 2\u00a0200 + 350 free spins<\/span><\/td>\n<td><span style=\"font-weight: 400;\">35x<\/span><\/td>\n<td><span style=\"font-weight: 400;\">\u20ac25<\/span><\/td>\n<\/tr>\n<tr>\n<td><span style=\"font-weight: 400;\">Lotto Park<\/span><\/td>\n<td><span style=\"font-weight: 400;\">\u20ac0<\/span><\/td>\n<td><span style=\"font-weight: 400;\">&#8211;<\/span><\/td>\n<td><span style=\"font-weight: 400;\">\u20ac20<\/span><\/td>\n<\/tr>\n<tr>\n<td><span style=\"font-weight: 400;\">Millionz<\/span><\/td>\n<td><span style=\"font-weight: 400;\">Upp till \u20ac500 + 50 free spins<\/span><\/td>\n<td><span style=\"font-weight: 400;\">50x<\/span><\/td>\n<td><span style=\"font-weight: 400;\">\u20ac20<\/span><\/td>\n<\/tr>\n<\/tbody>\n<\/table>\n<h2>Vad \u00e4r ett Klarna casino?<\/h2>\n<p><span style=\"font-weight: 400;\">Klarna casino \u00e4r ett <a href=\"https:\/\/casinor.com\/sv\/\">online casino<\/a> som accepterar Klarna som betalningsmetod. Klarna \u00e4r en svensk betalningsl\u00f6sning d\u00e4r du kan v\u00e4lja att betala direkt, dela upp betalningen eller betala mot faktura.\u00a0<\/span><\/p>\n<h2>Utl\u00e4ndska casinon med Klarna \u00e4r det enda alternativet<\/h2>\n<p><span style=\"font-weight: 400;\">Det finns inga casinon med svensk licens som tar Klarna, helt enkelt f\u00f6r att lagstiftningen hindrar det. Det finns d\u00e4remot ett litet antal <a href=\"https:\/\/casinor.com\/sv\/utlandska-casino\/\">utl\u00e4ndska casinon<\/a> som accepterar Klarna.<\/span><\/p>\n<h2>S\u00e5 g\u00f6r du en ins\u00e4ttning p\u00e5 ett casino med Klarna<\/h2>\n<p><span style=\"font-weight: 400;\">Att g\u00f6ra en ins\u00e4ttning p\u00e5 casino med Klarna faktura g\u00e5r till p\u00e5 i princip samma s\u00e4tt som de flesta andra <a href=\"https:\/\/casinor.com\/sv\/betalning\/\">betalningsmetoder<\/a>. Enda skillnaden \u00e4r att du v\u00e4ljer betalningsuppl\u00e4gg (direkt, delbetala eller mot faktura) direkt hos Klarna och inte hos casinot.<\/span><\/p>\n<p><span style=\"font-weight: 400;\">S\u00e5 h\u00e4r g\u00f6r du en ins\u00e4ttning:<\/span><\/p>\n<ol>\n<li style=\"font-weight: 400;\" aria-level=\"1\"><span style=\"font-weight: 400;\">G\u00e5 till kassan och klicka p\u00e5 \u201dIns\u00e4ttning\u201d.<\/span><\/li>\n<li style=\"font-weight: 400;\" aria-level=\"1\"><span style=\"font-weight: 400;\">Ange hur mycket pengar du vill s\u00e4tta in.<\/span><\/li>\n<li style=\"font-weight: 400;\" aria-level=\"1\"><span style=\"font-weight: 400;\">V\u00e4lj att betala med Klarna.<\/span><\/li>\n<li style=\"font-weight: 400;\" aria-level=\"1\"><span style=\"font-weight: 400;\">Bekr\u00e4fta din ins\u00e4ttning, s\u00e5 \u00e4r allt klart.<\/span><\/li>\n<\/ol>\n<h2>S\u00e5 g\u00f6r du ett uttag<\/h2>\n<p><span style=\"font-weight: 400;\">Det g\u00e5r tyv\u00e4rr inte att g\u00f6ra uttag till Klarna p\u00e5 online casinon. Ist\u00e4llet f\u00e5r du ange en annan betalningsmetod n\u00e4r du vill g\u00f6ra ett uttag, som till exempel Visa, <a href=\"https:\/\/casinor.com\/sv\/betalning\/mastercard-casino\/\">Mastercard<\/a>, e-pl\u00e5nbok eller vanlig bank\u00f6verf\u00f6ring.<\/span><\/p>\n<h2>F\u00f6rdelar och nackdelar<\/h2>\n<p><span style=\"font-weight: 400;\">Det finns b\u00e5de f\u00f6rdelar och nackdelar med Klarna casinon. Vi har samlat de viktigaste aspekterna i tabellen h\u00e4r nedan.<\/span><\/p>\n<table>\n<tbody>\n<tr>\n<td><b>F\u00f6rdelar<\/b><\/td>\n<td><b>Nackdelar<\/b><\/td>\n<\/tr>\n<tr>\n<td><span style=\"font-weight: 400;\">En helt s\u00e4ker betalningsmetod<\/span><\/td>\n<td><span style=\"font-weight: 400;\">Finns inte p\u00e5 svenska casinon<\/span><\/td>\n<\/tr>\n<tr>\n<td><span style=\"font-weight: 400;\">Kostar inget f\u00f6r anv\u00e4ndare<\/span><\/td>\n<td><span style=\"font-weight: 400;\">Det g\u00e5r inte att g\u00f6ra uttag<\/span><\/td>\n<\/tr>\n<tr>\n<td><span style=\"font-weight: 400;\">V\u00e4lj uppl\u00e4gg &#8211; direkt, delbetala eller mot faktura<\/span><\/td>\n<td><span style=\"font-weight: 400;\">Fakturabetalning kan leda till spelproblem<\/span><\/td>\n<\/tr>\n<tr>\n<td><span style=\"font-weight: 400;\">Med Klarnakortet kan du koppla ditt bankkonto<\/span><\/td>\n<td><span style=\"font-weight: 400;\">R\u00e4nta tillkommer i vissa fall<\/span><\/td>\n<\/tr>\n<tr>\n<td><span style=\"font-weight: 400;\">Smidig betalningsmetod<\/span><\/td>\n<td><\/td>\n<\/tr>\n<\/tbody>\n<\/table>\n<h2>Alternativ till Klarna casinon<\/h2>\n<p><span style=\"font-weight: 400;\">Hur fungerar Klarna i j\u00e4mf\u00f6relse med andra betalningsmetoder? Vi j\u00e4mf\u00f6r Klarna casinon med andra casinon med faktura.<\/span><\/p>\n<table>\n<tbody>\n<tr>\n<td><b>Betalningsmetod\u00a0<\/b><\/td>\n<td><b>Avgift<\/b><\/td>\n<td><b>Ins\u00e4ttningstid<\/b><\/td>\n<td><b>Tillg\u00e4nglighet<\/b><\/td>\n<\/tr>\n<tr>\n<td><span style=\"font-weight: 400;\">Klarna<\/span><\/td>\n<td><span style=\"font-weight: 400;\">0 kr<\/span><\/td>\n<td><span style=\"font-weight: 400;\">Direkt<\/span><\/td>\n<td><span style=\"font-weight: 400;\">Mycket ovanlig<\/span><\/td>\n<\/tr>\n<tr>\n<td><span style=\"font-weight: 400;\">Siru Mobile<\/span><\/td>\n<td><span style=\"font-weight: 400;\">F\u00f6rekommer<\/span><\/td>\n<td><span style=\"font-weight: 400;\">Direkt<\/span><\/td>\n<td><span style=\"font-weight: 400;\">Mycket ovanlig<\/span><\/td>\n<\/tr>\n<tr>\n<td><span style=\"font-weight: 400;\">SMS Bill<\/span><\/td>\n<td><span style=\"font-weight: 400;\">0 kr om man betalar i tid<\/span><\/td>\n<td><span style=\"font-weight: 400;\">Direkt<\/span><\/td>\n<td><span style=\"font-weight: 400;\">Mycket ovanlig<\/span><\/td>\n<\/tr>\n<tr>\n<td><span style=\"font-weight: 400;\">Paylevo<\/span><\/td>\n<td><span style=\"font-weight: 400;\">Fakturaavgift 39 kr<\/span><\/td>\n<td><span style=\"font-weight: 400;\">Direkt<\/span><\/td>\n<td><span style=\"font-weight: 400;\">Mycket ovanlig<\/span><\/td>\n<\/tr>\n<\/tbody>\n<\/table>\n<h2>Vanliga fr\u00e5gor<\/h2>\n\t\t<div class=\"wp-faq-schema-wrap wp-faq-schema-accordion\">\n\t\t\t\t\t\t<div class=\"wp-faq-schema-items\">\n\t\t\t\t\t\t\t\t\t<h3>Kan man spela casino med Klarna?<\/h3>\n\t\t\t\t\t<div class=\"\">\n\t\t\t\t\t\t<p>Ja, det g\u00e5r att spela p\u00e5 casino med Klarna betalning, om man letar lite. Det finns ett f\u00e5tal utl\u00e4ndska casinon, men i nul\u00e4get inga alls i Sverige.<\/p>\n\t\t\t\t\t<\/div>\n\t\t\t\t\t\t\t\t\t<h3>Vilka casinon har Klarna?<\/h3>\n\t\t\t\t\t<div class=\"\">\n\t\t\t\t\t\t<p>Neon Vegas och PlayZee \u00e4r exempel p\u00e5 tv\u00e5 casinon som har Klarna. Du hittar fler casinon i den h\u00e4r artikeln.<\/p>\n\t\t\t\t\t<\/div>\n\t\t\t\t\t\t\t\t\t<h3>\u00c4r Klarna casinon s\u00e4kra att spela p\u00e5?<\/h3>\n\t\t\t\t\t<div class=\"\">\n\t\t\t\t\t\t<p>Ja, Klarna i sig \u00e4r en s\u00e4ker betalningsmetod. Se bara till att casinot har giltig licens.<\/p>\n\t\t\t\t\t<\/div>\n\t\t\t\t\t\t\t\t\t<h3>Vad \u00e4r h\u00f6gsta ins\u00e4ttningen?<\/h3>\n\t\t\t\t\t<div class=\"\">\n\t\t\t\t\t\t<p>H\u00f6gsta ins\u00e4ttningen p\u00e5 casinon med Klarna varierar. Ofta ligger det p\u00e5 cirka 10 000 till 20 000 kr.<\/p>\n\t\t\t\t\t<\/div>\n\t\t\t\t\t\t\t<\/div>\n\t\t<\/div>\n\t\t\n            <\/div>\n            <\/section>\n\n\n\n<p><\/p>\n","protected":false},"excerpt":{"rendered":"","protected":false},"author":14,"featured_media":0,"parent":18166,"menu_order":0,"comment_status":"closed","ping_status":"closed","template":"","meta":{"_acf_changed":false,"footnotes":""},"class_list":["post-19668","page","type-page","status-publish","hentry"],"acf":[],"yoast_head":"<!-- This site is optimized with the Yoast SEO plugin v26.8 - https:\/\/yoast.com\/product\/yoast-seo-wordpress\/ -->\n<title>10 b\u00e4sta Klarna casinon<\/title>\n<meta name=\"description\" content=\"I den h\u00e4r artikeln har vi granskat de b\u00e4sta Klarna casinon. Du hittar \u00e4ven allt du beh\u00f6ver veta om att spela med Klarna.\" \/>\n<meta name=\"robots\" content=\"index, follow, max-snippet:-1, max-image-preview:large, max-video-preview:-1\" \/>\n<link rel=\"canonical\" href=\"https:\/\/casinor.com\/sv\/betalning\/klarna-casino\/\" \/>\n<meta property=\"og:locale\" content=\"sv_SE\" \/>\n<meta property=\"og:type\" content=\"article\" \/>\n<meta property=\"og:title\" content=\"10 b\u00e4sta Klarna casinon\" \/>\n<meta property=\"og:description\" content=\"I den h\u00e4r artikeln har vi granskat de b\u00e4sta Klarna casinon. Du hittar \u00e4ven allt du beh\u00f6ver veta om att spela med Klarna.\" \/>\n<meta property=\"og:url\" content=\"https:\/\/casinor.com\/sv\/betalning\/klarna-casino\/\" \/>\n<meta property=\"og:site_name\" content=\"Casinor.com\" \/>\n<meta property=\"article:publisher\" content=\"https:\/\/www.facebook.com\/Casinorcom-1429398773853454\/\" \/>\n<meta property=\"article:modified_time\" content=\"2025-11-24T14:10:26+00:00\" \/>\n<meta name=\"twitter:card\" content=\"summary_large_image\" \/>\n<meta name=\"twitter:site\" content=\"@casinor_com\" \/>\n<script type=\"application\/ld+json\" class=\"yoast-schema-graph\">{\"@context\":\"https:\/\/schema.org\",\"@graph\":[{\"@type\":\"WebPage\",\"@id\":\"https:\/\/casinor.com\/sv\/betalning\/klarna-casino\/\",\"url\":\"https:\/\/casinor.com\/sv\/betalning\/klarna-casino\/\",\"name\":\"10 b\u00e4sta Klarna casinon\",\"isPartOf\":{\"@id\":\"https:\/\/casinor.com\/#website\"},\"datePublished\":\"2025-11-24T14:10:24+00:00\",\"dateModified\":\"2025-11-24T14:10:26+00:00\",\"description\":\"I den h\u00e4r artikeln har vi granskat de b\u00e4sta Klarna casinon. Du hittar \u00e4ven allt du beh\u00f6ver veta om att spela med Klarna.\",\"breadcrumb\":{\"@id\":\"https:\/\/casinor.com\/sv\/betalning\/klarna-casino\/#breadcrumb\"},\"inLanguage\":\"sv-SE\",\"potentialAction\":[{\"@type\":\"ReadAction\",\"target\":[\"https:\/\/casinor.com\/sv\/betalning\/klarna-casino\/\"]}]},{\"@type\":\"BreadcrumbList\",\"@id\":\"https:\/\/casinor.com\/sv\/betalning\/klarna-casino\/#breadcrumb\",\"itemListElement\":[{\"@type\":\"ListItem\",\"position\":1,\"name\":\"Hem\",\"item\":\"https:\/\/casinor.com\/sv\/\"},{\"@type\":\"ListItem\",\"position\":2,\"name\":\"Betalningsmetoder\",\"item\":\"https:\/\/casinor.com\/sv\/betalning\/\"},{\"@type\":\"ListItem\",\"position\":3,\"name\":\"Klarna casino\"}]},{\"@type\":\"WebSite\",\"@id\":\"https:\/\/casinor.com\/#website\",\"url\":\"https:\/\/casinor.com\/\",\"name\":\"Casinor.com\",\"description\":\"Sveriges b\u00e4sta service f\u00f6r casino recensioner\",\"publisher\":{\"@id\":\"https:\/\/casinor.com\/#organization\"},\"potentialAction\":[{\"@type\":\"SearchAction\",\"target\":{\"@type\":\"EntryPoint\",\"urlTemplate\":\"https:\/\/casinor.com\/?s={search_term_string}\"},\"query-input\":{\"@type\":\"PropertyValueSpecification\",\"valueRequired\":true,\"valueName\":\"search_term_string\"}}],\"inLanguage\":\"sv-SE\"},{\"@type\":\"Organization\",\"@id\":\"https:\/\/casinor.com\/#organization\",\"name\":\"Casinor.com\",\"url\":\"https:\/\/casinor.com\/\",\"logo\":{\"@type\":\"ImageObject\",\"inLanguage\":\"sv-SE\",\"@id\":\"https:\/\/casinor.com\/#\/schema\/logo\/image\/\",\"url\":\"https:\/\/casinor.com\/wp-content\/uploads\/2023\/05\/logo_sweden.svg\",\"contentUrl\":\"https:\/\/casinor.com\/wp-content\/uploads\/2023\/05\/logo_sweden.svg\",\"caption\":\"Casinor.com\"},\"image\":{\"@id\":\"https:\/\/casinor.com\/#\/schema\/logo\/image\/\"},\"sameAs\":[\"https:\/\/www.facebook.com\/Casinorcom-1429398773853454\/\",\"https:\/\/x.com\/casinor_com\",\"https:\/\/no.pinterest.com\/casinor1\",\"https:\/\/www.youtube.com\/channel\/UCIaYR-rxk3WeeGSnE-9M-CQ\"]}]}<\/script>\n<!-- \/ Yoast SEO plugin. -->","yoast_head_json":{"title":"10 b\u00e4sta Klarna casinon","description":"I den h\u00e4r artikeln har vi granskat de b\u00e4sta Klarna casinon. Du hittar \u00e4ven allt du beh\u00f6ver veta om att spela med Klarna.","robots":{"index":"index","follow":"follow","max-snippet":"max-snippet:-1","max-image-preview":"max-image-preview:large","max-video-preview":"max-video-preview:-1"},"canonical":"https:\/\/casinor.com\/sv\/betalning\/klarna-casino\/","og_locale":"sv_SE","og_type":"article","og_title":"10 b\u00e4sta Klarna casinon","og_description":"I den h\u00e4r artikeln har vi granskat de b\u00e4sta Klarna casinon. Du hittar \u00e4ven allt du beh\u00f6ver veta om att spela med Klarna.","og_url":"https:\/\/casinor.com\/sv\/betalning\/klarna-casino\/","og_site_name":"Casinor.com","article_publisher":"https:\/\/www.facebook.com\/Casinorcom-1429398773853454\/","article_modified_time":"2025-11-24T14:10:26+00:00","twitter_card":"summary_large_image","twitter_site":"@casinor_com","schema":{"@context":"https:\/\/schema.org","@graph":[{"@type":"WebPage","@id":"https:\/\/casinor.com\/sv\/betalning\/klarna-casino\/","url":"https:\/\/casinor.com\/sv\/betalning\/klarna-casino\/","name":"10 b\u00e4sta Klarna casinon","isPartOf":{"@id":"https:\/\/casinor.com\/#website"},"datePublished":"2025-11-24T14:10:24+00:00","dateModified":"2025-11-24T14:10:26+00:00","description":"I den h\u00e4r artikeln har vi granskat de b\u00e4sta Klarna casinon. Du hittar \u00e4ven allt du beh\u00f6ver veta om att spela med Klarna.","breadcrumb":{"@id":"https:\/\/casinor.com\/sv\/betalning\/klarna-casino\/#breadcrumb"},"inLanguage":"sv-SE","potentialAction":[{"@type":"ReadAction","target":["https:\/\/casinor.com\/sv\/betalning\/klarna-casino\/"]}]},{"@type":"BreadcrumbList","@id":"https:\/\/casinor.com\/sv\/betalning\/klarna-casino\/#breadcrumb","itemListElement":[{"@type":"ListItem","position":1,"name":"Hem","item":"https:\/\/casinor.com\/sv\/"},{"@type":"ListItem","position":2,"name":"Betalningsmetoder","item":"https:\/\/casinor.com\/sv\/betalning\/"},{"@type":"ListItem","position":3,"name":"Klarna casino"}]},{"@type":"WebSite","@id":"https:\/\/casinor.com\/#website","url":"https:\/\/casinor.com\/","name":"Casinor.com","description":"Sveriges b\u00e4sta service f\u00f6r casino recensioner","publisher":{"@id":"https:\/\/casinor.com\/#organization"},"potentialAction":[{"@type":"SearchAction","target":{"@type":"EntryPoint","urlTemplate":"https:\/\/casinor.com\/?s={search_term_string}"},"query-input":{"@type":"PropertyValueSpecification","valueRequired":true,"valueName":"search_term_string"}}],"inLanguage":"sv-SE"},{"@type":"Organization","@id":"https:\/\/casinor.com\/#organization","name":"Casinor.com","url":"https:\/\/casinor.com\/","logo":{"@type":"ImageObject","inLanguage":"sv-SE","@id":"https:\/\/casinor.com\/#\/schema\/logo\/image\/","url":"https:\/\/casinor.com\/wp-content\/uploads\/2023\/05\/logo_sweden.svg","contentUrl":"https:\/\/casinor.com\/wp-content\/uploads\/2023\/05\/logo_sweden.svg","caption":"Casinor.com"},"image":{"@id":"https:\/\/casinor.com\/#\/schema\/logo\/image\/"},"sameAs":["https:\/\/www.facebook.com\/Casinorcom-1429398773853454\/","https:\/\/x.com\/casinor_com","https:\/\/no.pinterest.com\/casinor1","https:\/\/www.youtube.com\/channel\/UCIaYR-rxk3WeeGSnE-9M-CQ"]}]}},"_links":{"self":[{"href":"https:\/\/casinor.com\/sv\/wp-json\/wp\/v2\/pages\/19668","targetHints":{"allow":["GET"]}}],"collection":[{"href":"https:\/\/casinor.com\/sv\/wp-json\/wp\/v2\/pages"}],"about":[{"href":"https:\/\/casinor.com\/sv\/wp-json\/wp\/v2\/types\/page"}],"author":[{"embeddable":true,"href":"https:\/\/casinor.com\/sv\/wp-json\/wp\/v2\/users\/14"}],"replies":[{"embeddable":true,"href":"https:\/\/casinor.com\/sv\/wp-json\/wp\/v2\/comments?post=19668"}],"version-history":[{"count":2,"href":"https:\/\/casinor.com\/sv\/wp-json\/wp\/v2\/pages\/19668\/revisions"}],"predecessor-version":[{"id":19674,"href":"https:\/\/casinor.com\/sv\/wp-json\/wp\/v2\/pages\/19668\/revisions\/19674"}],"up":[{"embeddable":true,"href":"https:\/\/casinor.com\/sv\/wp-json\/wp\/v2\/pages\/18166"}],"wp:attachment":[{"href":"https:\/\/casinor.com\/sv\/wp-json\/wp\/v2\/media?parent=19668"}],"curies":[{"name":"wp","href":"https:\/\/api.w.org\/{rel}","templated":true}]}}