{"id":19308,"date":"2025-04-06T21:00:45","date_gmt":"2025-04-06T19:00:45","guid":{"rendered":"https:\/\/casinor.com\/?page_id=19308"},"modified":"2026-04-17T15:12:51","modified_gmt":"2026-04-17T13:12:51","slug":"faktura","status":"publish","type":"page","link":"https:\/\/casinor.com\/sv\/betalning\/faktura\/","title":{"rendered":"Casinon med faktura"},"content":{"rendered":"\n<section id=\"hero-center-text-block_3fba8b29d7a16383e450bee84efd36db\" class=\"home-hero home-hero--category block-hero-center-text\">\n\t<div class=\"home-hero__container\">\n\t\t<div class=\"home-hero__wrap\">\n\t\t\t<div class=\"home-hero__content\">\n\t\t\t\t\t\t\t\t\t<h1 class=\"home-hero__title\" >Casinon med faktura<\/h1>\n\t\t\t\t\t\t\t\t\t\t\t\t\t<div class=\"home-hero__text\">Casinon med faktura passar dig som vill spela nu och betala senare. I den h\u00e4r artikeln f\u00f6rklarar vi hur det fungerar och tipsar om de b\u00e4sta casinon med faktura.<\/div>\n\t\t\t\t\t\t\t<\/div>\n\t\t\t\t\t<\/div>\n\t<\/div>\n<\/section>\n\n\n    <section id=\"content-section-block_b8a3e5c7fa3374a10bc4822012806f5f\" class=\"content-section is-white  block-content-section\">\n                    <div class=\"content-section__container\">\n                <h2>10 b\u00e4sta casinon med faktura<\/h2>\n<p><span style=\"font-weight: 400;\">I tabellen nedan hittar du de 10 b\u00e4sta casinon med faktura som accepterar svenska spelare. Du ser vilka fakturametoder och bonusar de erbjuder.<\/span><\/p>\n<table>\n<tbody>\n<tr>\n<td><b>Casino<\/b><\/td>\n<td><b>Bonus<\/b><\/td>\n<td><b>Oms\u00e4ttningskrav<\/b><\/td>\n<td><b>Minsta ins\u00e4ttning<\/b><\/td>\n<td><b>Fakturametod<\/b><\/td>\n<\/tr>\n<tr>\n<td><span style=\"font-weight: 400;\">Happy Hugo<\/span><\/td>\n<td><span style=\"font-weight: 400;\">Upp till \u20ac300 + 50 free spins<\/span><\/td>\n<td><span style=\"font-weight: 400;\">0x (1x p\u00e5 vinster fr\u00e5n free spins)<\/span><\/td>\n<td><span style=\"font-weight: 400;\">\u20ac20<\/span><\/td>\n<td><span style=\"font-weight: 400;\">Siru Mobile<\/span><\/td>\n<\/tr>\n<tr>\n<td><span style=\"font-weight: 400;\">18Bet<\/span><\/td>\n<td><span style=\"font-weight: 400;\">Upp till \u20ac500<\/span><\/td>\n<td><span style=\"font-weight: 400;\">330x p\u00e5 bonus + ins\u00e4ttning<\/span><\/td>\n<td><span style=\"font-weight: 400;\">\u20ac20<\/span><\/td>\n<td><span style=\"font-weight: 400;\">Klarna<\/span><\/td>\n<\/tr>\n<tr>\n<td><span style=\"font-weight: 400;\">Kakadu Casino<\/span><\/td>\n<td><span style=\"font-weight: 400;\">Upp till \u20ac500<\/span><\/td>\n<td><span style=\"font-weight: 400;\">40x<\/span><\/td>\n<td><span style=\"font-weight: 400;\">\u20ac20<\/span><\/td>\n<td><span style=\"font-weight: 400;\">Siru Mobile<\/span><\/td>\n<\/tr>\n<tr>\n<td><span style=\"font-weight: 400;\">Neon Vegas<\/span><\/td>\n<td><span style=\"font-weight: 400;\">Upp till \u20ac500 + 100 free spins<\/span><\/td>\n<td><span style=\"font-weight: 400;\">50x<\/span><\/td>\n<td><span style=\"font-weight: 400;\">\u20ac20<\/span><\/td>\n<td><span style=\"font-weight: 400;\">Klarna<\/span><\/td>\n<\/tr>\n<tr>\n<td><span style=\"font-weight: 400;\">Vegas Moose<\/span><\/td>\n<td><span style=\"font-weight: 400;\">50 free spins<\/span><\/td>\n<td><span style=\"font-weight: 400;\">0x<\/span><\/td>\n<td><span style=\"font-weight: 400;\">Inga krav<\/span><\/td>\n<td><span style=\"font-weight: 400;\">Siru Mobile<\/span><\/td>\n<\/tr>\n<tr>\n<td><span style=\"font-weight: 400;\">SlotsMillions<\/span><\/td>\n<td><span style=\"font-weight: 400;\">Ingen\u00a0<\/span><\/td>\n<td><span style=\"font-weight: 400;\">0x<\/span><\/td>\n<td><span style=\"font-weight: 400;\">\u20ac20<\/span><\/td>\n<td><span style=\"font-weight: 400;\">Paylevo, Siru Mobile<\/span><\/td>\n<\/tr>\n<tr>\n<td><span style=\"font-weight: 400;\">Gate 777<\/span><\/td>\n<td><span style=\"font-weight: 400;\">Upp till \u20ac1\u00a0500 + 150 free spins<\/span><\/td>\n<td><span style=\"font-weight: 400;\">35x ins\u00e4ttning + bonus<\/span><\/td>\n<td><span style=\"font-weight: 400;\">\u20ac20<\/span><\/td>\n<td><span style=\"font-weight: 400;\">Boku<\/span><\/td>\n<\/tr>\n<tr>\n<td><span style=\"font-weight: 400;\">PlayZee<\/span><\/td>\n<td><span style=\"font-weight: 400;\">Upp till \u20ac1\u00a0500 + 150 free spins<\/span><\/td>\n<td><span style=\"font-weight: 400;\">35x ins\u00e4ttning + bonus<\/span><\/td>\n<td><span style=\"font-weight: 400;\">\u20ac20<\/span><\/td>\n<td><span style=\"font-weight: 400;\">Klarna<\/span><\/td>\n<\/tr>\n<tr>\n<td><span style=\"font-weight: 400;\">Casino Purple<\/span><\/td>\n<td><span style=\"font-weight: 400;\">Upp till \u20ac 2500<\/span><\/td>\n<td><span style=\"font-weight: 400;\">35x<\/span><\/td>\n<td><span style=\"font-weight: 400;\">\u20ac25<\/span><\/td>\n<td><span style=\"font-weight: 400;\">Boku<\/span><\/td>\n<\/tr>\n<tr>\n<td><span style=\"font-weight: 400;\">Boyle Sports<\/span><\/td>\n<td><span style=\"font-weight: 400;\">\u20ac25 free bet<\/span><\/td>\n<td><span style=\"font-weight: 400;\">0x<\/span><\/td>\n<td><span style=\"font-weight: 400;\">\u00a310<\/span><\/td>\n<td><span style=\"font-weight: 400;\">Boku<\/span><\/td>\n<\/tr>\n<\/tbody>\n<\/table>\n<h2>Vad \u00e4r ett casino med faktura?<\/h2>\n<p><span style=\"font-weight: 400;\">Ett casino med faktura \u00e4r ett casino som till\u00e5ter dig att betala senare med faktura. Du kan spela p\u00e5 dessa casinon med <a href=\"https:\/\/casinor.com\/sv\/betalning\/\">betalningsmetoder<\/a> som Boku, Klarna, Siru Mobile och Paylevo.<\/span><\/p>\n<h2>Du kan inte spela p\u00e5 svenska casinon med faktura<\/h2>\n<p><span style=\"font-weight: 400;\">Du b\u00f6r k\u00e4nna till att det inte \u00e4r m\u00f6jligt att spela p\u00e5 svenska casinon med faktura. Det \u00e4r olagligt att erbjuda spel p\u00e5 kredit i Sverige. Det \u00e4r en av m\u00e5nga effekter av den spellag som instiftades i samband med att det svenska licenssystemet inf\u00f6rdes 2019.<\/span><\/p>\n<p><span style=\"font-weight: 400;\">Du kan dock hitta m\u00e5nga casinon utan svensk licens med faktura. Och s\u00e5 l\u00e4nge du h\u00e5ller dig till <a href=\"https:\/\/casinor.com\/sv\/eu-casino\/\">EU casinon<\/a> s\u00e5 spelar du med skattefria vinster \u00e4ven p\u00e5 dessa casinon.\u00a0<\/span><\/p>\n<h2>Olika typer av fakturabetalningar p\u00e5 casinon<\/h2>\n<p><span style=\"font-weight: 400;\">N\u00e4r du spelar p\u00e5 casinon med mobilfaktura kan du bli debiterad p\u00e5 tv\u00e5 olika s\u00e4tt. Antingen f\u00e5r du en vanlig faktura eller s\u00e5 l\u00e4ggs kostnaden p\u00e5 din telefonr\u00e4kning. Nedan har vi listat de vanligaste metoderna:\u00a0<\/span><\/p>\n<ul>\n<li><b><a href=\"https:\/\/casinor.com\/sv\/betalning\/siru-mobile-casino\/\">Siru Mobile<\/a>: <\/b><span style=\"font-weight: 400;\">En metod f\u00f6r mobilbetalningar d\u00e4r du ringer ett nummer och anger en kod till casinot. Beloppet debiteras sedan p\u00e5 din telefonr\u00e4kning.<\/span><\/li>\n<li><b>SMS Bill:<\/b><span style=\"font-weight: 400;\"> En betalningsmetod d\u00e4r du anger ditt telefonnummer. Du f\u00e5r d\u00e5 en kod via sms som du sedan skriver in. Fakturan skickas via sms eller som vanlig pappersfaktura.<\/span><\/li>\n<li><b>Paylevo:<\/b><span style=\"font-weight: 400;\"> Hette tidigare Kriita, och \u00e4r en metod d\u00e4r du betalar p\u00e5 n\u00e4tet med hj\u00e4lp av ditt mobilnummer. En kod skickas via SMS till ditt nummer som du ska ange.<\/span><\/li>\n<li><b><a href=\"https:\/\/casinor.com\/sv\/betalning\/klarna-casino\/\">Klarna<\/a>:<\/b><span style=\"font-weight: 400;\"> Med Klarna kan du f\u00f6ra \u00f6ver pengar fr\u00e5n ditt bankkonto eller v\u00e4lja att betala senare. F\u00f6r att spela med faktura beh\u00f6ver du ett konto hos Klarna. Du f\u00e5r ingen riktig faktura utan det ligger som ett saldo p\u00e5 ditt konto.<\/span><\/li>\n<\/ul>\n<h2>S\u00e5 betalar du p\u00e5 ett casino med fakturabetalning<\/h2>\n<p><span style=\"font-weight: 400;\">Att g\u00f6ra ins\u00e4ttningar p\u00e5 ett casino med faktura \u00e4r enkelt. Det g\u00e5r till p\u00e5 precis samma s\u00e4tt som med andra betalningsmetoder, med undantag av de fall d\u00e4r du ska ange ditt mobilnummer f\u00f6r att f\u00e5 en kod.\u00a0<\/span><\/p>\n<p><span style=\"font-weight: 400;\">S\u00e5 h\u00e4r g\u00f6r du en ins\u00e4ttning:<\/span><\/p>\n<ol>\n<li><span style=\"font-weight: 400;\">G\u00e5 till ditt valda online casino.<\/span><\/li>\n<li><span style=\"font-weight: 400;\">Logga in eller skapa ett konto.<\/span><\/li>\n<li><span style=\"font-weight: 400;\">Klicka p\u00e5 \u201dkassa\u201d, \u201dins\u00e4ttning\u201d eller liknande.<\/span><\/li>\n<li><span style=\"font-weight: 400;\">V\u00e4lj hur mycket du vill s\u00e4tta in.<\/span><\/li>\n<li><span style=\"font-weight: 400;\">Ange betalningsmetod med faktura och f\u00f6lj instruktionerna.<\/span><\/li>\n<li><span style=\"font-weight: 400;\">Bekr\u00e4fta din ins\u00e4ttning \u2013 klart!<\/span><\/li>\n<\/ol>\n<h2>Vanliga fr\u00e5gor<\/h2>\n\t\t<div class=\"wp-faq-schema-wrap wp-faq-schema-accordion\">\n\t\t\t\t\t\t<div class=\"wp-faq-schema-items\">\n\t\t\t\t\t\t\t\t\t<h3>\u00c4r det s\u00e4kert att spela p\u00e5 casino med faktura?<\/h3>\n\t\t\t\t\t<div class=\"\">\n\t\t\t\t\t\t<p>Ja, det \u00e4r helt s\u00e4kert att spela p\u00e5 casino med faktura. Du l\u00e4mnar aldrig ut n\u00e5gra k\u00e4nsliga uppgifter till casinot.<\/p>\n\t\t\t\t\t<\/div>\n\t\t\t\t\t\t\t\t\t<h3>Vilka avgifter tillkommer p\u00e5 casinon med faktura?<\/h3>\n\t\t\t\t\t<div class=\"\">\n\t\t\t\t\t\t<p>I regel kostar det ingenting att spela p\u00e5 casinon med faktura. De eventuella avgifter som tillkommer uppst\u00e5r hos betalningsleverant\u00f6ren om du inte betalar i tid.<\/p>\n\t\t\t\t\t<\/div>\n\t\t\t\t\t\t\t\t\t<h3>Vilka uttagsmetoder accepterar casinon med faktura?<\/h3>\n\t\t\t\t\t<div class=\"\">\n\t\t\t\t\t\t<p>Casinon med faktura accepterar oftast Trustly, Zimpler, Swish och bank\u00f6verf\u00f6ring f\u00f6r uttag.<\/p>\n\t\t\t\t\t<\/div>\n\t\t\t\t\t\t\t\t\t<h3>Vad \u00e4r h\u00f6gsta fakturains\u00e4ttningen p\u00e5 casino?<\/h3>\n\t\t\t\t\t<div class=\"\">\n\t\t\t\t\t\t<p>H\u00f6gsta ins\u00e4ttningen p\u00e5 casinon med faktura varierar, beroende p\u00e5 s\u00e5v\u00e4l betalningsmetod som casino. Oftast ligger det p\u00e5 10 000 kr, ibland mer.<\/p>\n\t\t\t\t\t<\/div>\n\t\t\t\t\t\t\t\t\t<h3>Kan man spela casino p\u00e5 faktura utan kreditupplysning?<\/h3>\n\t\t\t\t\t<div class=\"\">\n\t\t\t\t\t\t<p>Ja, du kan spela p\u00e5 fakturan utan kreditupplysning. Men det varierar mellan olika betalningsmetoder. Siru Mobile och Boku g\u00f6r ingen kreditkontroll, medan det g\u00f6rs en enklare kreditupplysning om du anv\u00e4nder Paylevo.<\/p>\n\t\t\t\t\t<\/div>\n\t\t\t\t\t\t\t\t\t<h3>N\u00e4r ska casinofakturan betalas?<\/h3>\n\t\t\t\t\t<div class=\"\">\n\t\t\t\t\t\t<p>Casino fakturan ska vanligtvis betalas inom 14 eller 30 dagar. Men leverant\u00f6rerna har lite olika betalningsvillkor.<\/p>\n\t\t\t\t\t<\/div>\n\t\t\t\t\t\t\t<\/div>\n\t\t<\/div>\n\t\t\n            <\/div>\n            <\/section>\n\n\n\n<p><\/p>\n","protected":false},"excerpt":{"rendered":"","protected":false},"author":14,"featured_media":0,"parent":18166,"menu_order":0,"comment_status":"closed","ping_status":"closed","template":"","meta":{"_acf_changed":false,"footnotes":""},"class_list":["post-19308","page","type-page","status-publish","hentry"],"acf":[],"yoast_head":"<!-- This site is optimized with the Yoast SEO plugin v26.8 - https:\/\/yoast.com\/product\/yoast-seo-wordpress\/ -->\n<title>10 b\u00e4sta casinon med faktura<\/title>\n<meta name=\"description\" content=\"I den h\u00e4r artikeln hittar du de 10 b\u00e4sta casinon med faktura. Spela nu och betala senare.\" \/>\n<meta name=\"robots\" content=\"index, follow, max-snippet:-1, max-image-preview:large, max-video-preview:-1\" \/>\n<link rel=\"canonical\" href=\"https:\/\/casinor.com\/sv\/betalning\/faktura\/\" \/>\n<meta property=\"og:locale\" content=\"sv_SE\" \/>\n<meta property=\"og:type\" content=\"article\" \/>\n<meta property=\"og:title\" content=\"10 b\u00e4sta casinon med faktura\" \/>\n<meta property=\"og:description\" content=\"I den h\u00e4r artikeln hittar du de 10 b\u00e4sta casinon med faktura. Spela nu och betala senare.\" \/>\n<meta property=\"og:url\" content=\"https:\/\/casinor.com\/sv\/betalning\/faktura\/\" \/>\n<meta property=\"og:site_name\" content=\"Casinor.com\" \/>\n<meta property=\"article:publisher\" content=\"https:\/\/www.facebook.com\/Casinorcom-1429398773853454\/\" \/>\n<meta property=\"article:modified_time\" content=\"2026-04-17T13:12:51+00:00\" \/>\n<meta name=\"twitter:card\" content=\"summary_large_image\" \/>\n<meta name=\"twitter:site\" content=\"@casinor_com\" \/>\n<script type=\"application\/ld+json\" class=\"yoast-schema-graph\">{\"@context\":\"https:\/\/schema.org\",\"@graph\":[{\"@type\":\"WebPage\",\"@id\":\"https:\/\/casinor.com\/sv\/betalning\/faktura\/\",\"url\":\"https:\/\/casinor.com\/sv\/betalning\/faktura\/\",\"name\":\"10 b\u00e4sta casinon med faktura\",\"isPartOf\":{\"@id\":\"https:\/\/casinor.com\/#website\"},\"datePublished\":\"2025-04-06T19:00:45+00:00\",\"dateModified\":\"2026-04-17T13:12:51+00:00\",\"description\":\"I den h\u00e4r artikeln hittar du de 10 b\u00e4sta casinon med faktura. Spela nu och betala senare.\",\"breadcrumb\":{\"@id\":\"https:\/\/casinor.com\/sv\/betalning\/faktura\/#breadcrumb\"},\"inLanguage\":\"sv-SE\",\"potentialAction\":[{\"@type\":\"ReadAction\",\"target\":[\"https:\/\/casinor.com\/sv\/betalning\/faktura\/\"]}]},{\"@type\":\"BreadcrumbList\",\"@id\":\"https:\/\/casinor.com\/sv\/betalning\/faktura\/#breadcrumb\",\"itemListElement\":[{\"@type\":\"ListItem\",\"position\":1,\"name\":\"Hem\",\"item\":\"https:\/\/casinor.com\/sv\/\"},{\"@type\":\"ListItem\",\"position\":2,\"name\":\"Betalningsmetoder\",\"item\":\"https:\/\/casinor.com\/sv\/betalning\/\"},{\"@type\":\"ListItem\",\"position\":3,\"name\":\"Casinon med faktura\"}]},{\"@type\":\"WebSite\",\"@id\":\"https:\/\/casinor.com\/#website\",\"url\":\"https:\/\/casinor.com\/\",\"name\":\"Casinor.com\",\"description\":\"Sveriges b\u00e4sta service f\u00f6r casino recensioner\",\"publisher\":{\"@id\":\"https:\/\/casinor.com\/#organization\"},\"potentialAction\":[{\"@type\":\"SearchAction\",\"target\":{\"@type\":\"EntryPoint\",\"urlTemplate\":\"https:\/\/casinor.com\/?s={search_term_string}\"},\"query-input\":{\"@type\":\"PropertyValueSpecification\",\"valueRequired\":true,\"valueName\":\"search_term_string\"}}],\"inLanguage\":\"sv-SE\"},{\"@type\":\"Organization\",\"@id\":\"https:\/\/casinor.com\/#organization\",\"name\":\"Casinor.com\",\"url\":\"https:\/\/casinor.com\/\",\"logo\":{\"@type\":\"ImageObject\",\"inLanguage\":\"sv-SE\",\"@id\":\"https:\/\/casinor.com\/#\/schema\/logo\/image\/\",\"url\":\"https:\/\/casinor.com\/wp-content\/uploads\/2023\/05\/logo_sweden.svg\",\"contentUrl\":\"https:\/\/casinor.com\/wp-content\/uploads\/2023\/05\/logo_sweden.svg\",\"caption\":\"Casinor.com\"},\"image\":{\"@id\":\"https:\/\/casinor.com\/#\/schema\/logo\/image\/\"},\"sameAs\":[\"https:\/\/www.facebook.com\/Casinorcom-1429398773853454\/\",\"https:\/\/x.com\/casinor_com\",\"https:\/\/no.pinterest.com\/casinor1\",\"https:\/\/www.youtube.com\/channel\/UCIaYR-rxk3WeeGSnE-9M-CQ\"]}]}<\/script>\n<!-- \/ Yoast SEO plugin. -->","yoast_head_json":{"title":"10 b\u00e4sta casinon med faktura","description":"I den h\u00e4r artikeln hittar du de 10 b\u00e4sta casinon med faktura. Spela nu och betala senare.","robots":{"index":"index","follow":"follow","max-snippet":"max-snippet:-1","max-image-preview":"max-image-preview:large","max-video-preview":"max-video-preview:-1"},"canonical":"https:\/\/casinor.com\/sv\/betalning\/faktura\/","og_locale":"sv_SE","og_type":"article","og_title":"10 b\u00e4sta casinon med faktura","og_description":"I den h\u00e4r artikeln hittar du de 10 b\u00e4sta casinon med faktura. Spela nu och betala senare.","og_url":"https:\/\/casinor.com\/sv\/betalning\/faktura\/","og_site_name":"Casinor.com","article_publisher":"https:\/\/www.facebook.com\/Casinorcom-1429398773853454\/","article_modified_time":"2026-04-17T13:12:51+00:00","twitter_card":"summary_large_image","twitter_site":"@casinor_com","schema":{"@context":"https:\/\/schema.org","@graph":[{"@type":"WebPage","@id":"https:\/\/casinor.com\/sv\/betalning\/faktura\/","url":"https:\/\/casinor.com\/sv\/betalning\/faktura\/","name":"10 b\u00e4sta casinon med faktura","isPartOf":{"@id":"https:\/\/casinor.com\/#website"},"datePublished":"2025-04-06T19:00:45+00:00","dateModified":"2026-04-17T13:12:51+00:00","description":"I den h\u00e4r artikeln hittar du de 10 b\u00e4sta casinon med faktura. Spela nu och betala senare.","breadcrumb":{"@id":"https:\/\/casinor.com\/sv\/betalning\/faktura\/#breadcrumb"},"inLanguage":"sv-SE","potentialAction":[{"@type":"ReadAction","target":["https:\/\/casinor.com\/sv\/betalning\/faktura\/"]}]},{"@type":"BreadcrumbList","@id":"https:\/\/casinor.com\/sv\/betalning\/faktura\/#breadcrumb","itemListElement":[{"@type":"ListItem","position":1,"name":"Hem","item":"https:\/\/casinor.com\/sv\/"},{"@type":"ListItem","position":2,"name":"Betalningsmetoder","item":"https:\/\/casinor.com\/sv\/betalning\/"},{"@type":"ListItem","position":3,"name":"Casinon med faktura"}]},{"@type":"WebSite","@id":"https:\/\/casinor.com\/#website","url":"https:\/\/casinor.com\/","name":"Casinor.com","description":"Sveriges b\u00e4sta service f\u00f6r casino recensioner","publisher":{"@id":"https:\/\/casinor.com\/#organization"},"potentialAction":[{"@type":"SearchAction","target":{"@type":"EntryPoint","urlTemplate":"https:\/\/casinor.com\/?s={search_term_string}"},"query-input":{"@type":"PropertyValueSpecification","valueRequired":true,"valueName":"search_term_string"}}],"inLanguage":"sv-SE"},{"@type":"Organization","@id":"https:\/\/casinor.com\/#organization","name":"Casinor.com","url":"https:\/\/casinor.com\/","logo":{"@type":"ImageObject","inLanguage":"sv-SE","@id":"https:\/\/casinor.com\/#\/schema\/logo\/image\/","url":"https:\/\/casinor.com\/wp-content\/uploads\/2023\/05\/logo_sweden.svg","contentUrl":"https:\/\/casinor.com\/wp-content\/uploads\/2023\/05\/logo_sweden.svg","caption":"Casinor.com"},"image":{"@id":"https:\/\/casinor.com\/#\/schema\/logo\/image\/"},"sameAs":["https:\/\/www.facebook.com\/Casinorcom-1429398773853454\/","https:\/\/x.com\/casinor_com","https:\/\/no.pinterest.com\/casinor1","https:\/\/www.youtube.com\/channel\/UCIaYR-rxk3WeeGSnE-9M-CQ"]}]}},"_links":{"self":[{"href":"https:\/\/casinor.com\/sv\/wp-json\/wp\/v2\/pages\/19308","targetHints":{"allow":["GET"]}}],"collection":[{"href":"https:\/\/casinor.com\/sv\/wp-json\/wp\/v2\/pages"}],"about":[{"href":"https:\/\/casinor.com\/sv\/wp-json\/wp\/v2\/types\/page"}],"author":[{"embeddable":true,"href":"https:\/\/casinor.com\/sv\/wp-json\/wp\/v2\/users\/14"}],"replies":[{"embeddable":true,"href":"https:\/\/casinor.com\/sv\/wp-json\/wp\/v2\/comments?post=19308"}],"version-history":[{"count":7,"href":"https:\/\/casinor.com\/sv\/wp-json\/wp\/v2\/pages\/19308\/revisions"}],"predecessor-version":[{"id":19960,"href":"https:\/\/casinor.com\/sv\/wp-json\/wp\/v2\/pages\/19308\/revisions\/19960"}],"up":[{"embeddable":true,"href":"https:\/\/casinor.com\/sv\/wp-json\/wp\/v2\/pages\/18166"}],"wp:attachment":[{"href":"https:\/\/casinor.com\/sv\/wp-json\/wp\/v2\/media?parent=19308"}],"curies":[{"name":"wp","href":"https:\/\/api.w.org\/{rel}","templated":true}]}}