{"id":19292,"date":"2025-03-09T16:00:04","date_gmt":"2025-03-09T15:00:04","guid":{"rendered":"https:\/\/casinor.com\/?page_id=19292"},"modified":"2026-04-17T15:04:22","modified_gmt":"2026-04-17T13:04:22","slug":"paysafecard-casino","status":"publish","type":"page","link":"https:\/\/casinor.com\/sv\/betalning\/paysafecard-casino\/","title":{"rendered":"Paysafecard casino"},"content":{"rendered":"\n<section id=\"hero-center-text-block_fb4b1abfb10d65ff7f4962e0269ba17d\" class=\"home-hero home-hero--category block-hero-center-text\">\n\t<div class=\"home-hero__container\">\n\t\t<div class=\"home-hero__wrap\">\n\t\t\t<div class=\"home-hero__content\">\n\t\t\t\t\t\t\t\t\t<h1 class=\"home-hero__title\" >Paysafecard casinon<\/h1>\n\t\t\t\t\t\t\t\t\t\t\t\t\t<div class=\"home-hero__text\">Paysafecard casinon \u00e4r l\u00f6sningen f\u00f6r dig som vill spela anonymt. Vi har listat de b\u00e4sta Paysafecard casinon i den h\u00e4r artikeln. \r\n<\/div>\n\t\t\t\t\t\t\t<\/div>\n\t\t\t\t\t<\/div>\n\t<\/div>\n<\/section>\n\n\n    <section id=\"content-section-block_a94fb4ba3bc60f0b588bbf1e3e23d760\" class=\"content-section is-white  block-content-section\">\n                    <div class=\"content-section__container\">\n                <h2>10 b\u00e4sta Paysafecard casinon<\/h2>\n<p><span style=\"font-weight: 400;\">I tabellen nedan hittar du de 10 b\u00e4sta Paysafecard casinon utifr\u00e5n v\u00e5ra kriterier. T\u00e4nk p\u00e5 att du inte kan g\u00f6ra uttag med denna betalningsmetod.\u00a0<\/span><\/p>\n<table>\n<tbody>\n<tr>\n<td><b>Casino<\/b><\/td>\n<td><b>Bonus<\/b><\/td>\n<td><b>Oms\u00e4ttningskrav<\/b><\/td>\n<td><b>Minsta ins\u00e4ttning<\/b><\/td>\n<\/tr>\n<tr>\n<td><span style=\"font-weight: 400;\">ComeOn<\/span><\/td>\n<td><span style=\"font-weight: 400;\">Upp till 750 kr<\/span><\/td>\n<td><span style=\"font-weight: 400;\">20x ins\u00e4ttning + bonus<\/span><\/td>\n<td><span style=\"font-weight: 400;\">100 kr<\/span><\/td>\n<\/tr>\n<tr>\n<td><span style=\"font-weight: 400;\">Betsafe<\/span><\/td>\n<td><span style=\"font-weight: 400;\">200 free spins<\/span><\/td>\n<td><span style=\"font-weight: 400;\">35x<\/span><\/td>\n<td><span style=\"font-weight: 400;\">200 kr<\/span><\/td>\n<\/tr>\n<tr>\n<td><span style=\"font-weight: 400;\">10Bet<\/span><\/td>\n<td><span style=\"font-weight: 400;\">2\u00a0000 kr<\/span><\/td>\n<td><span style=\"font-weight: 400;\">50x<\/span><\/td>\n<td><span style=\"font-weight: 400;\">100 kr<\/span><\/td>\n<\/tr>\n<tr>\n<td><span style=\"font-weight: 400;\">Casinostugan<\/span><\/td>\n<td><span style=\"font-weight: 400;\">1\u00a0000 kr<\/span><\/td>\n<td><span style=\"font-weight: 400;\">20x ins\u00e4ttning + bonus<\/span><\/td>\n<td><span style=\"font-weight: 400;\">100 kr<\/span><\/td>\n<\/tr>\n<tr>\n<td><span style=\"font-weight: 400;\">Inter Casino<\/span><\/td>\n<td><span style=\"font-weight: 400;\">200 free spins<\/span><\/td>\n<td><span style=\"font-weight: 400;\">40x p\u00e5 vinster<\/span><\/td>\n<td><span style=\"font-weight: 400;\">100 kr<\/span><\/td>\n<\/tr>\n<tr>\n<td><span style=\"font-weight: 400;\">Betsson<\/span><\/td>\n<td><span style=\"font-weight: 400;\">500 kr + 100 free spins<\/span><\/td>\n<td><span style=\"font-weight: 400;\">60x eller 12x p\u00e5 sport<\/span><\/td>\n<td><span style=\"font-weight: 400;\">100 kr<\/span><\/td>\n<\/tr>\n<tr>\n<td><span style=\"font-weight: 400;\">Unibet<\/span><\/td>\n<td><span style=\"font-weight: 400;\">1\u00a0000 kr<\/span><\/td>\n<td><span style=\"font-weight: 400;\">20x<\/span><\/td>\n<td><span style=\"font-weight: 400;\">200 kr<\/span><\/td>\n<\/tr>\n<tr>\n<td><span style=\"font-weight: 400;\">Dunder<\/span><\/td>\n<td><span style=\"font-weight: 400;\">500 kr<\/span><\/td>\n<td><span style=\"font-weight: 400;\">30x ins\u00e4ttning + bonus<\/span><\/td>\n<td><span style=\"font-weight: 400;\">100 kr<\/span><\/td>\n<\/tr>\n<tr>\n<td><span style=\"font-weight: 400;\">Videoslots<\/span><\/td>\n<td><span style=\"font-weight: 400;\">2\u00a0000 kr + 11 free spins<\/span><\/td>\n<td><span style=\"font-weight: 400;\">35x<\/span><\/td>\n<td><span style=\"font-weight: 400;\">100 kr<\/span><\/td>\n<\/tr>\n<tr>\n<td><span style=\"font-weight: 400;\">Lord Ping<\/span><\/td>\n<td><span style=\"font-weight: 400;\">Ingen bonus<\/span><\/td>\n<td><span style=\"font-weight: 400;\">&#8211;<\/span><\/td>\n<td><span style=\"font-weight: 400;\">100 kr<\/span><\/td>\n<\/tr>\n<\/tbody>\n<\/table>\n<h2>Vad \u00e4r ett Paysafecard casino?<\/h2>\n<p><span style=\"font-weight: 400;\">Ett Paysafecard casino \u00e4r ett <a href=\"https:\/\/casinor.com\/sv\/\">online casino<\/a> som erbjuder ins\u00e4ttningar med betalningsmetoden Paysafecard. Det \u00e4r ett f\u00f6rbetalt kort som g\u00e5r att k\u00f6pa p\u00e5 Willys, Pressbyr\u00e5n, Coop och m\u00e5nga andra st\u00e4llen, och som finns med beloppen 100, 250, 500 och 1\u00a0000 kronor. Korten finns ocks\u00e5 att k\u00f6pa online i digital form. P\u00e5 kortet finns en 16-siffrig PIN-kod som du anger n\u00e4r du ska s\u00e4tta in pengar.<\/span><\/p>\n<h2>S\u00e5 g\u00f6r du en ins\u00e4ttning p\u00e5 ett casino med Paysafecard<\/h2>\n<p><span style=\"font-weight: 400;\">Att spela p\u00e5 casino med Paysafe ins\u00e4ttning \u00e4r inga som helst konstigheter. Det \u00e4r ocks\u00e5 en helt s\u00e4ker metod d\u00e5 du inte anger n\u00e5gra k\u00e4nsliga data utan endast den PIN-kod som st\u00e5r p\u00e5 kortet.\u00a0<\/span><\/p>\n<p><span style=\"font-weight: 400;\">S\u00e5 h\u00e4r g\u00f6r du en ins\u00e4ttning p\u00e5 ett online casino med Paysafecard:<\/span><\/p>\n<ol>\n<li style=\"font-weight: 400;\" aria-level=\"1\"><span style=\"font-weight: 400;\">V\u00e4lj n\u00e5got av de casinon du hittar i listan ovan.<\/span><\/li>\n<li style=\"font-weight: 400;\" aria-level=\"1\"><span style=\"font-weight: 400;\">Registrera dig f\u00f6r ett konto p\u00e5 casinot.<\/span><\/li>\n<li style=\"font-weight: 400;\" aria-level=\"1\"><span style=\"font-weight: 400;\">Logga in och g\u00e5 till sidan f\u00f6r ins\u00e4ttningar.<\/span><\/li>\n<li style=\"font-weight: 400;\" aria-level=\"1\"><span style=\"font-weight: 400;\">Klicka p\u00e5 \u201dIns\u00e4ttning\u201d eller liknande och ange Paysafecard som metod.<\/span><\/li>\n<li style=\"font-weight: 400;\" aria-level=\"1\"><span style=\"font-weight: 400;\">Bekr\u00e4fta din ins\u00e4ttning genom att skriva in den 16-siffriga koden.<\/span><\/li>\n<\/ol>\n<h2>F\u00f6rdelar och nackdelar<\/h2>\n<p><span style=\"font-weight: 400;\">Paysafecard casinon kommer med s\u00e5v\u00e4l f\u00f6rdelar som vissa nackdelar. I tabellen nedan hittar du de viktigaste.<\/span><\/p>\n<table>\n<tbody>\n<tr>\n<td><b>F\u00f6rdelar<\/b><\/td>\n<td><b>Nackdelar\u00a0<\/b><\/td>\n<\/tr>\n<tr>\n<td><span style=\"font-weight: 400;\">Du kan vara totalt anonym<\/span><\/td>\n<td><span style=\"font-weight: 400;\">Det g\u00e5r inte att g\u00f6ra uttag med Paysafe<\/span><\/td>\n<\/tr>\n<tr>\n<td><span style=\"font-weight: 400;\">Ins\u00e4ttningar \u00e4r omedelbara<\/span><\/td>\n<td><span style=\"font-weight: 400;\">Metoden finns inte p\u00e5 m\u00e5nga casinon<\/span><\/td>\n<\/tr>\n<tr>\n<td><span style=\"font-weight: 400;\">Paysafecard \u00e4r en snabb och enkel metod<\/span><\/td>\n<td><span style=\"font-weight: 400;\">F\u00f6rlorar du din kod \u00e4r pengarna borta<\/span><\/td>\n<\/tr>\n<tr>\n<td><span style=\"font-weight: 400;\">S\u00e4ker betalningsmetod<\/span><\/td>\n<td><span style=\"font-weight: 400;\">Det kan f\u00f6rekomma avgifter<\/span><\/td>\n<\/tr>\n<tr>\n<td><span style=\"font-weight: 400;\">Enda s\u00e4ttet att (indirekt) anv\u00e4nda kontanter<\/span><\/td>\n<td><span style=\"font-weight: 400;\">Paysafe tar en serviceavgift om du inte utnyttjar hela beloppet inom 2 m\u00e5nader<\/span><\/td>\n<\/tr>\n<tr>\n<td><span style=\"font-weight: 400;\">Du kan inte spela f\u00f6r mer \u00e4n vad kupongen kostade<\/span><\/td>\n<td><\/td>\n<\/tr>\n<\/tbody>\n<\/table>\n<h2>Alternativ till Paysafe casinon<\/h2>\n<p><span style=\"font-weight: 400;\">Ett casino kan ha m\u00e5nga olika <a href=\"https:\/\/casinor.com\/sv\/betalning\/\">betalningsmetoder<\/a>. I tabellen nedan kan du j\u00e4mf\u00f6ra Paysafecard med n\u00e5gra andra vanliga betalningsl\u00f6sningar.<\/span><\/p>\n<table>\n<tbody>\n<tr>\n<td><b>Betalningsmetod<\/b><\/td>\n<td><b>Avgift<\/b><\/td>\n<td><b>Ins\u00e4ttningstid<\/b><\/td>\n<td><b>Max uttag<\/b><\/td>\n<td><b>Tillg\u00e4nglighet<\/b><\/td>\n<\/tr>\n<tr>\n<td><span style=\"font-weight: 400;\">Paysafecard casino<\/span><\/td>\n<td><span style=\"font-weight: 400;\">0%<\/span><\/td>\n<td><span style=\"font-weight: 400;\">Direkt<\/span><\/td>\n<td><span style=\"font-weight: 400;\">&#8211;<\/span><\/td>\n<td><span style=\"font-weight: 400;\">Relativt ovanlig<\/span><\/td>\n<\/tr>\n<tr>\n<td><span style=\"font-weight: 400;\">Skrill casino<\/span><\/td>\n<td><span style=\"font-weight: 400;\">0%<\/span><\/td>\n<td><span style=\"font-weight: 400;\">Direkt<\/span><\/td>\n<td><span style=\"font-weight: 400;\">500\u00a0000 kr<\/span><\/td>\n<td><span style=\"font-weight: 400;\">Mycket vanlig<\/span><\/td>\n<\/tr>\n<tr>\n<td><span style=\"font-weight: 400;\">Neteller casino<\/span><\/td>\n<td><span style=\"font-weight: 400;\">0%<\/span><\/td>\n<td><span style=\"font-weight: 400;\">Direkt<\/span><\/td>\n<td><span style=\"font-weight: 400;\">500\u00a0000 kr<\/span><\/td>\n<td><span style=\"font-weight: 400;\">Mycket vanlig<\/span><\/td>\n<\/tr>\n<tr>\n<td><span style=\"font-weight: 400;\">Revolut casino<\/span><\/td>\n<td><span style=\"font-weight: 400;\">0%<\/span><\/td>\n<td><span style=\"font-weight: 400;\">Direkt<\/span><\/td>\n<td><span style=\"font-weight: 400;\">Beroende p\u00e5 casino<\/span><\/td>\n<td><span style=\"font-weight: 400;\">Ovanlig<\/span><\/td>\n<\/tr>\n<tr>\n<td><span style=\"font-weight: 400;\">Paylevo casino<\/span><\/td>\n<td><span style=\"font-weight: 400;\">0%<\/span><\/td>\n<td><span style=\"font-weight: 400;\">Direkt<\/span><\/td>\n<td><span style=\"font-weight: 400;\">&#8211;<\/span><\/td>\n<td><span style=\"font-weight: 400;\">Mindre vanlig<\/span><\/td>\n<\/tr>\n<tr>\n<td><span style=\"font-weight: 400;\">Siru casino<\/span><\/td>\n<td><span style=\"font-weight: 400;\">0%<\/span><\/td>\n<td><span style=\"font-weight: 400;\">Direkt<\/span><\/td>\n<td><span style=\"font-weight: 400;\">&#8211;<\/span><\/td>\n<td><span style=\"font-weight: 400;\">Relativt vanlig<\/span><\/td>\n<\/tr>\n<\/tbody>\n<\/table>\n<p><span style=\"font-weight: 400;\">Observera att Paylevo och Siru endast \u00e4r tillg\u00e4ngliga p\u00e5 <a href=\"https:\/\/casinor.com\/sv\/utlandska-casino\/\">utl\u00e4ndska casinon<\/a>.<\/span><\/p>\n<h2>Vanliga fr\u00e5gor<\/h2>\n\t\t<div class=\"wp-faq-schema-wrap wp-faq-schema-accordion\">\n\t\t\t\t\t\t<div class=\"wp-faq-schema-items\">\n\t\t\t\t\t\t\t\t\t<h3>Tillkommer det avgifter p\u00e5 Paysafecard casinon?<\/h3>\n\t\t\t\t\t<div class=\"\">\n\t\t\t\t\t\t<p>Nej, Paysafecard casinon tar inte n\u00e5gra avgifter n\u00e4r du g\u00f6r ins\u00e4ttningar. D\u00e4remot f\u00e5r du betala en serviceavgift till Paysafe om du inte utnyttjar hela beloppet inom 2 m\u00e5nader.<\/p>\n\t\t\t\t\t<\/div>\n\t\t\t\t\t\t\t\t\t<h3>Hur m\u00e5nga casinon tar Paysafecard?<\/h3>\n\t\t\t\t\t<div class=\"\">\n\t\t\t\t\t\t<p>Uppskattningsvis finns det mellan 20-30 Paysafecard casinon i Sverige.<\/p>\n\t\t\t\t\t<\/div>\n\t\t\t\t\t\t\t\t\t<h3>\u00c4r det s\u00e4kert att spela p\u00e5 casino med Paysafe?<\/h3>\n\t\t\t\t\t<div class=\"\">\n\t\t\t\t\t\t<p>Ja, s\u00e4kerheten \u00e4r optimal n\u00e4r du betalar med Paysafecard p\u00e5 casinon. De enda uppgifter du l\u00e4mnar ut \u00e4r den 16-siffriga PIN-koden som finns p\u00e5 kortet.<\/p>\n\t\t\t\t\t<\/div>\n\t\t\t\t\t\t\t\t\t<h3>Vad \u00e4r h\u00f6gsta ins\u00e4ttningen?<\/h3>\n\t\t\t\t\t<div class=\"\">\n\t\t\t\t\t\t<p>H\u00f6gsta ins\u00e4ttningen p\u00e5 ett casino med Paysafecard \u00e4r 1 000 kronor, eftersom det \u00e4r det h\u00f6gsta belopp som finns p\u00e5 ett Paysafe-kort.<\/p>\n\t\t\t\t\t<\/div>\n\t\t\t\t\t\t\t<\/div>\n\t\t<\/div>\n\t\t\n            <\/div>\n            <\/section>\n\n\n\n<p><\/p>\n","protected":false},"excerpt":{"rendered":"","protected":false},"author":14,"featured_media":0,"parent":18166,"menu_order":0,"comment_status":"closed","ping_status":"closed","template":"","meta":{"_acf_changed":false,"footnotes":""},"class_list":["post-19292","page","type-page","status-publish","hentry"],"acf":[],"yoast_head":"<!-- This site is optimized with the Yoast SEO plugin v26.8 - https:\/\/yoast.com\/product\/yoast-seo-wordpress\/ -->\n<title>10 b\u00e4sta Paysafecard casinon<\/title>\n<meta name=\"description\" content=\"I den h\u00e4r artikeln hittar du de 10 b\u00e4sta Paysafecard casinon utifr\u00e5n v\u00e5ra kriterier.\" \/>\n<meta name=\"robots\" content=\"index, follow, max-snippet:-1, max-image-preview:large, max-video-preview:-1\" \/>\n<link rel=\"canonical\" href=\"https:\/\/casinor.com\/sv\/betalning\/paysafecard-casino\/\" \/>\n<meta property=\"og:locale\" content=\"sv_SE\" \/>\n<meta property=\"og:type\" content=\"article\" \/>\n<meta property=\"og:title\" content=\"10 b\u00e4sta Paysafecard casinon\" \/>\n<meta property=\"og:description\" content=\"I den h\u00e4r artikeln hittar du de 10 b\u00e4sta Paysafecard casinon utifr\u00e5n v\u00e5ra kriterier.\" \/>\n<meta property=\"og:url\" content=\"https:\/\/casinor.com\/sv\/betalning\/paysafecard-casino\/\" \/>\n<meta property=\"og:site_name\" content=\"Casinor.com\" \/>\n<meta property=\"article:publisher\" content=\"https:\/\/www.facebook.com\/Casinorcom-1429398773853454\/\" \/>\n<meta property=\"article:modified_time\" content=\"2026-04-17T13:04:22+00:00\" \/>\n<meta name=\"twitter:card\" content=\"summary_large_image\" \/>\n<meta name=\"twitter:site\" content=\"@casinor_com\" \/>\n<script type=\"application\/ld+json\" class=\"yoast-schema-graph\">{\"@context\":\"https:\/\/schema.org\",\"@graph\":[{\"@type\":\"WebPage\",\"@id\":\"https:\/\/casinor.com\/sv\/betalning\/paysafecard-casino\/\",\"url\":\"https:\/\/casinor.com\/sv\/betalning\/paysafecard-casino\/\",\"name\":\"10 b\u00e4sta Paysafecard casinon\",\"isPartOf\":{\"@id\":\"https:\/\/casinor.com\/#website\"},\"datePublished\":\"2025-03-09T15:00:04+00:00\",\"dateModified\":\"2026-04-17T13:04:22+00:00\",\"description\":\"I den h\u00e4r artikeln hittar du de 10 b\u00e4sta Paysafecard casinon utifr\u00e5n v\u00e5ra kriterier.\",\"breadcrumb\":{\"@id\":\"https:\/\/casinor.com\/sv\/betalning\/paysafecard-casino\/#breadcrumb\"},\"inLanguage\":\"sv-SE\",\"potentialAction\":[{\"@type\":\"ReadAction\",\"target\":[\"https:\/\/casinor.com\/sv\/betalning\/paysafecard-casino\/\"]}]},{\"@type\":\"BreadcrumbList\",\"@id\":\"https:\/\/casinor.com\/sv\/betalning\/paysafecard-casino\/#breadcrumb\",\"itemListElement\":[{\"@type\":\"ListItem\",\"position\":1,\"name\":\"Hem\",\"item\":\"https:\/\/casinor.com\/sv\/\"},{\"@type\":\"ListItem\",\"position\":2,\"name\":\"Betalningsmetoder\",\"item\":\"https:\/\/casinor.com\/sv\/betalning\/\"},{\"@type\":\"ListItem\",\"position\":3,\"name\":\"Paysafecard casino\"}]},{\"@type\":\"WebSite\",\"@id\":\"https:\/\/casinor.com\/#website\",\"url\":\"https:\/\/casinor.com\/\",\"name\":\"Casinor.com\",\"description\":\"Sveriges b\u00e4sta service f\u00f6r casino recensioner\",\"publisher\":{\"@id\":\"https:\/\/casinor.com\/#organization\"},\"potentialAction\":[{\"@type\":\"SearchAction\",\"target\":{\"@type\":\"EntryPoint\",\"urlTemplate\":\"https:\/\/casinor.com\/?s={search_term_string}\"},\"query-input\":{\"@type\":\"PropertyValueSpecification\",\"valueRequired\":true,\"valueName\":\"search_term_string\"}}],\"inLanguage\":\"sv-SE\"},{\"@type\":\"Organization\",\"@id\":\"https:\/\/casinor.com\/#organization\",\"name\":\"Casinor.com\",\"url\":\"https:\/\/casinor.com\/\",\"logo\":{\"@type\":\"ImageObject\",\"inLanguage\":\"sv-SE\",\"@id\":\"https:\/\/casinor.com\/#\/schema\/logo\/image\/\",\"url\":\"https:\/\/casinor.com\/wp-content\/uploads\/2023\/05\/logo_sweden.svg\",\"contentUrl\":\"https:\/\/casinor.com\/wp-content\/uploads\/2023\/05\/logo_sweden.svg\",\"caption\":\"Casinor.com\"},\"image\":{\"@id\":\"https:\/\/casinor.com\/#\/schema\/logo\/image\/\"},\"sameAs\":[\"https:\/\/www.facebook.com\/Casinorcom-1429398773853454\/\",\"https:\/\/x.com\/casinor_com\",\"https:\/\/no.pinterest.com\/casinor1\",\"https:\/\/www.youtube.com\/channel\/UCIaYR-rxk3WeeGSnE-9M-CQ\"]}]}<\/script>\n<!-- \/ Yoast SEO plugin. -->","yoast_head_json":{"title":"10 b\u00e4sta Paysafecard casinon","description":"I den h\u00e4r artikeln hittar du de 10 b\u00e4sta Paysafecard casinon utifr\u00e5n v\u00e5ra kriterier.","robots":{"index":"index","follow":"follow","max-snippet":"max-snippet:-1","max-image-preview":"max-image-preview:large","max-video-preview":"max-video-preview:-1"},"canonical":"https:\/\/casinor.com\/sv\/betalning\/paysafecard-casino\/","og_locale":"sv_SE","og_type":"article","og_title":"10 b\u00e4sta Paysafecard casinon","og_description":"I den h\u00e4r artikeln hittar du de 10 b\u00e4sta Paysafecard casinon utifr\u00e5n v\u00e5ra kriterier.","og_url":"https:\/\/casinor.com\/sv\/betalning\/paysafecard-casino\/","og_site_name":"Casinor.com","article_publisher":"https:\/\/www.facebook.com\/Casinorcom-1429398773853454\/","article_modified_time":"2026-04-17T13:04:22+00:00","twitter_card":"summary_large_image","twitter_site":"@casinor_com","schema":{"@context":"https:\/\/schema.org","@graph":[{"@type":"WebPage","@id":"https:\/\/casinor.com\/sv\/betalning\/paysafecard-casino\/","url":"https:\/\/casinor.com\/sv\/betalning\/paysafecard-casino\/","name":"10 b\u00e4sta Paysafecard casinon","isPartOf":{"@id":"https:\/\/casinor.com\/#website"},"datePublished":"2025-03-09T15:00:04+00:00","dateModified":"2026-04-17T13:04:22+00:00","description":"I den h\u00e4r artikeln hittar du de 10 b\u00e4sta Paysafecard casinon utifr\u00e5n v\u00e5ra kriterier.","breadcrumb":{"@id":"https:\/\/casinor.com\/sv\/betalning\/paysafecard-casino\/#breadcrumb"},"inLanguage":"sv-SE","potentialAction":[{"@type":"ReadAction","target":["https:\/\/casinor.com\/sv\/betalning\/paysafecard-casino\/"]}]},{"@type":"BreadcrumbList","@id":"https:\/\/casinor.com\/sv\/betalning\/paysafecard-casino\/#breadcrumb","itemListElement":[{"@type":"ListItem","position":1,"name":"Hem","item":"https:\/\/casinor.com\/sv\/"},{"@type":"ListItem","position":2,"name":"Betalningsmetoder","item":"https:\/\/casinor.com\/sv\/betalning\/"},{"@type":"ListItem","position":3,"name":"Paysafecard casino"}]},{"@type":"WebSite","@id":"https:\/\/casinor.com\/#website","url":"https:\/\/casinor.com\/","name":"Casinor.com","description":"Sveriges b\u00e4sta service f\u00f6r casino recensioner","publisher":{"@id":"https:\/\/casinor.com\/#organization"},"potentialAction":[{"@type":"SearchAction","target":{"@type":"EntryPoint","urlTemplate":"https:\/\/casinor.com\/?s={search_term_string}"},"query-input":{"@type":"PropertyValueSpecification","valueRequired":true,"valueName":"search_term_string"}}],"inLanguage":"sv-SE"},{"@type":"Organization","@id":"https:\/\/casinor.com\/#organization","name":"Casinor.com","url":"https:\/\/casinor.com\/","logo":{"@type":"ImageObject","inLanguage":"sv-SE","@id":"https:\/\/casinor.com\/#\/schema\/logo\/image\/","url":"https:\/\/casinor.com\/wp-content\/uploads\/2023\/05\/logo_sweden.svg","contentUrl":"https:\/\/casinor.com\/wp-content\/uploads\/2023\/05\/logo_sweden.svg","caption":"Casinor.com"},"image":{"@id":"https:\/\/casinor.com\/#\/schema\/logo\/image\/"},"sameAs":["https:\/\/www.facebook.com\/Casinorcom-1429398773853454\/","https:\/\/x.com\/casinor_com","https:\/\/no.pinterest.com\/casinor1","https:\/\/www.youtube.com\/channel\/UCIaYR-rxk3WeeGSnE-9M-CQ"]}]}},"_links":{"self":[{"href":"https:\/\/casinor.com\/sv\/wp-json\/wp\/v2\/pages\/19292","targetHints":{"allow":["GET"]}}],"collection":[{"href":"https:\/\/casinor.com\/sv\/wp-json\/wp\/v2\/pages"}],"about":[{"href":"https:\/\/casinor.com\/sv\/wp-json\/wp\/v2\/types\/page"}],"author":[{"embeddable":true,"href":"https:\/\/casinor.com\/sv\/wp-json\/wp\/v2\/users\/14"}],"replies":[{"embeddable":true,"href":"https:\/\/casinor.com\/sv\/wp-json\/wp\/v2\/comments?post=19292"}],"version-history":[{"count":5,"href":"https:\/\/casinor.com\/sv\/wp-json\/wp\/v2\/pages\/19292\/revisions"}],"predecessor-version":[{"id":19945,"href":"https:\/\/casinor.com\/sv\/wp-json\/wp\/v2\/pages\/19292\/revisions\/19945"}],"up":[{"embeddable":true,"href":"https:\/\/casinor.com\/sv\/wp-json\/wp\/v2\/pages\/18166"}],"wp:attachment":[{"href":"https:\/\/casinor.com\/sv\/wp-json\/wp\/v2\/media?parent=19292"}],"curies":[{"name":"wp","href":"https:\/\/api.w.org\/{rel}","templated":true}]}}