{"id":19122,"date":"2025-02-21T18:27:55","date_gmt":"2025-02-21T17:27:55","guid":{"rendered":"https:\/\/casinor.com\/?page_id=19122"},"modified":"2025-08-08T13:35:34","modified_gmt":"2025-08-08T11:35:34","slug":"norska-casino","status":"publish","type":"page","link":"https:\/\/casinor.com\/sv\/norska-casino\/","title":{"rendered":"Norska casino"},"content":{"rendered":"\n<section id=\"hero-center-text-block_c7fdbb840e32e170aee33d84189cc49e\" class=\"home-hero home-hero--category block-hero-center-text\">\n\t<div class=\"home-hero__container\">\n\t\t<div class=\"home-hero__wrap\">\n\t\t\t<div class=\"home-hero__content\">\n\t\t\t\t\t\t\t\t\t<h1 class=\"home-hero__title\" >Norska casinon<\/h1>\n\t\t\t\t\t\t\t\t\t\t\t\t\t<div class=\"home-hero__text\">Norska casinon b\u00f6rjar bli popul\u00e4ra, inte minst bland svenska spelare. Och i den h\u00e4r artikeln listar vi n\u00e5gra av de b\u00e4sta norska casinon.<\/div>\n\t\t\t\t\t\t\t<\/div>\n\t\t\t\t\t<\/div>\n\t<\/div>\n<\/section>\n\n\r\n\r\n    \r\n    <section id=\"competitors-table-block_4eee854dda7d9dcb1412ac7ca2f12717\" class=\"competitors-table   block-competitors-table is-top-padding is-bottom-padding is-grey\">\r\n        <div class=\"competitors-table__container\">\r\n            <div class=\"competitors-table__wrapper\">\r\n                <div class=\"competitors-table__inner\">\r\n                                            <div class=\"competitors-table__item\">\r\n                            <div class=\"competitors-table__item-img\">\r\n                                                                <a class=\"competitors-table__img-link no-external-link\" target=\"_blank\" rel=\"nofollow noopener\"\r\n                                   href=\"https:\/\/casinor.com\/sv\/go\/basta-casino-sidor\">\r\n                                                                                                                <img loading=\"lazy\" decoding=\"async\" width=\"160\" height=\"160\" src=\"https:\/\/casinor.com\/wp-content\/uploads\/2025\/02\/norska-casinon-utan-svensk-licens.png\" class=\"competitors-table__img\" alt=\"Norska casinon utan svensk licens\" \/>                                                                                                        <\/a>\r\n                                                        <\/div>\r\n                            <div class=\"competitors-table__item-ttl\">\r\n                                                                    <div class=\"competitors-table__item-ttl-inner\">Norska casinon utan svensk licens<\/div>\r\n                                                            <\/div>\r\n\t\t\t\t\t\t\t\t\t\t\t\t\t\t\t<div class=\"competitors-table__item-cnt\">\r\n\t\t\t\t\t\t\t\t\t\t\t\t\t\t\t\t\t\t\t<ul class=\"competitors-table__item-cnt-inner\">\r\n\t\t\t\t\t\t\t\t\t\t\t\t\t\t\t\t\t\t\t\t\t\t\t\t\t\t\t\t\t\t\t\t\t\t\t\t<li class=\"competitors-table__item-cnt-li\">200% upp till \u20ac1000<\/li>\r\n\t\t\t\t\t\t\t\t\t\t\t\t\t\t\t\t\t\t\t\t\t\t\t\t\t\t\t\t\t\t\t\t\t\t\t\t\t\t\t\t\t\t\t\t\t\t\t\t<li class=\"competitors-table__item-cnt-li\">225% upp till \u20ac600 + 275 Free Spins<\/li>\r\n\t\t\t\t\t\t\t\t\t\t\t\t\t\t\t\t\t\t\t\t\t\t\t\t\t\t\t\t\t\t\t\t\t\t\t\t\t\t\t\t\t\t\t\t\t\t\t\t<li class=\"competitors-table__item-cnt-li\">Upp till 7000 Free Spins<\/li>\r\n\t\t\t\t\t\t\t\t\t\t\t\t\t\t\t\t\t\t\t\t\t\t\t\t\t\t\t\t\t\t\t\t\t<\/ul>\r\n\t\t\t\t\t\t\t\t\t\t\t\t\t\t\t\t\t<\/div>\r\n\t\t\t\t\t\t\t                            <div class=\"competitors-table__item-cta\">\r\n                                <div class=\"competitors-table__item-cta-inner\">\r\n                                                                            <a href=\"https:\/\/casinor.com\/sv\/go\/basta-casino-sidor\" target=\"_blank\"\r\n                                           rel=\"nofollow noopener\"\r\n                                           class=\"btn-base button-green no-external-link\">B\u00f6rja spela                                        <\/a>\r\n                                                                    <\/div>\r\n                            <\/div>\r\n                        <\/div>\r\n                                    <\/div>\r\n            <\/div>\r\n        <\/div>\r\n    <\/section>\r\n\n\n\n    <section id=\"content-section-block_f2df592663db8b2151195e333bc45537\" class=\"content-section is-white  block-content-section\">\n                    <div class=\"content-section__container\">\n                <h2>B\u00e4sta norska casinon<\/h2>\n<p><span style=\"font-weight: 400;\">H\u00e4r nedan listar vi de b\u00e4sta norska casinon som accepterar svenska spelare.<\/span><\/p>\n<table>\n<tbody>\n<tr>\n<td><strong>Casino<\/strong><\/td>\n<td><strong>Bonus<\/strong><\/td>\n<td><strong>Oms\u00e4ttningskrav<\/strong><\/td>\n<td><strong>Minsta ins\u00e4ttning<\/strong><\/td>\n<td><strong>Licens<\/strong><\/td>\n<\/tr>\n<tr>\n<td>Need for Spin<\/td>\n<td>Upp till \u20ac350<\/td>\n<td>45x<\/td>\n<td>\u20ac20<\/td>\n<td>Curacao<\/td>\n<\/tr>\n<tr>\n<td>Croco Slots<\/td>\n<td>Upp till \u20ac1000<\/td>\n<td>45x<\/td>\n<td>\u20ac20<\/td>\n<td>Cura\u00e7ao<\/td>\n<\/tr>\n<tr>\n<td>20Bet<\/td>\n<td>Upp till \u20ac120 + 120 free spins<\/td>\n<td>40x<\/td>\n<td>\u20ac20<\/td>\n<td>Malta<\/td>\n<\/tr>\n<tr>\n<td>Goldroll<\/td>\n<td>Upp till 1\u00a0000 free spins<\/td>\n<td>1x ins\u00e4ttningen, 0x free spins<\/td>\n<td>\u20ac20<\/td>\n<td>Malta<\/td>\n<\/tr>\n<tr>\n<td>Bitkingz<\/td>\n<td>Upp till \u20ac1000 + 100 free spins<\/td>\n<td>45x<\/td>\n<td>\u20ac20<\/td>\n<td>Cura\u00e7ao<\/td>\n<\/tr>\n<tr>\n<td>Jackpot Cow<\/td>\n<td>Upp till \u20ac2\u00a0000 i flera bonusar<\/td>\n<td>40x<\/td>\n<td>\u20ac20<\/td>\n<td>Estland<\/td>\n<\/tr>\n<tr>\n<td>Tsars Casino<\/td>\n<td>Upp till \u20ac300 + 100 free spins<\/td>\n<td>25x<\/td>\n<td>\u20ac25<\/td>\n<td>Cura\u00e7ao<\/td>\n<\/tr>\n<tr>\n<td>Ultra Casino<\/td>\n<td>Upp till \u20ac500 + 200 free spins<\/td>\n<td>40x<\/td>\n<td>\u20ac25<\/td>\n<td>Malta<\/td>\n<\/tr>\n<tr>\n<td>WazBee<\/td>\n<td>Upp till \u20ac5000<\/td>\n<td>20x<\/td>\n<td>\u20ac20<\/td>\n<td>Cura\u00e7ao<\/td>\n<\/tr>\n<tr>\n<td>RocketPlay<\/td>\n<td>Upp till \u20ac1000 + 100 free spins<\/td>\n<td>40x<\/td>\n<td>\u20ac20<\/td>\n<td>Cura\u00e7ao<\/td>\n<\/tr>\n<\/tbody>\n<\/table>\n<h2>Vad \u00e4r norska casinon?<\/h2>\n<p><span style=\"font-weight: 400;\">Norska casinon \u00e4r <a href=\"https:\/\/casinor.com\/sv\/\">online casinon<\/a> som riktar sig mot spelare fr\u00e5n Norge, och som ibland har norskspr\u00e5kig hemsida och support. Eftersom Norge inte har n\u00e5got licenssystem finns deras licenser ist\u00e4llet bland annat p\u00e5 Malta, i Estland och Curacao.<\/span><\/p>\n<p><span style=\"font-weight: 400;\">De flesta norska casinon accepterar \u00e4ven spelare fr\u00e5n Sverige och det \u00e4r fullt lagligt f\u00f6r svenskar att spela p\u00e5 dessa.<\/span><\/p>\n<h2>Skillnaden mellan norska och svenska casinon<\/h2>\n<p><span style=\"font-weight: 400;\">Den st\u00f6rsta skillnaden mellan norska och svenska casinon \u00e4r bonusarna. P\u00e5 norska casinon finns inga bonusbegr\u00e4nsningar, medan du p\u00e5 casinon med svensk licens bara kan h\u00e4mta ut en enda bonus hos varje enskild licenshavare.<\/span><\/p>\n<p><span style=\"font-weight: 400;\">I tabellen nedan har vi listat de viktigaste skillnaderna.<\/span><\/p>\n<table>\n<tbody>\n<tr>\n<td><b>Norska casinon<\/b><\/td>\n<td><b>Svenska casinon<\/b><\/td>\n<\/tr>\n<tr>\n<td><span style=\"font-weight: 400;\">Norge har en oreglerad marknad<\/span><\/td>\n<td><span style=\"font-weight: 400;\">Svenskt licenssystem sedan 2019<\/span><\/td>\n<\/tr>\n<tr>\n<td><span style=\"font-weight: 400;\">Obegr\u00e4nsat antal bonusar<\/span><\/td>\n<td><span style=\"font-weight: 400;\">En bonus per licenshavare<\/span><\/td>\n<\/tr>\n<tr>\n<td><span style=\"font-weight: 400;\">VIP-program och andra kampanjer<\/span><\/td>\n<td><span style=\"font-weight: 400;\">Inga VIP-progam<\/span><\/td>\n<\/tr>\n<tr>\n<td><span style=\"font-weight: 400;\">Fler spel och speltillverkare<\/span><\/td>\n<td><span style=\"font-weight: 400;\">Vissa speltillverkare saknas<\/span><\/td>\n<\/tr>\n<tr>\n<td><span style=\"font-weight: 400;\">Sj\u00e4lvexkludering sker p\u00e5 varje enskilt casino<\/span><\/td>\n<td><span style=\"font-weight: 400;\">Nationellt avst\u00e4ngningsregister via Spelpaus<\/span><\/td>\n<\/tr>\n<tr>\n<td><span style=\"font-weight: 400;\">Saknar Trustly, Swish och Zimpler<\/span><\/td>\n<td><span style=\"font-weight: 400;\">Betalningar med krypto inte tillg\u00e4ngligt<\/span><\/td>\n<\/tr>\n<tr>\n<td><span style=\"font-weight: 400;\">Skatt p\u00e5 vinster kan tillkomma<\/span><\/td>\n<td><span style=\"font-weight: 400;\">Alltid skattefria vinster<\/span><\/td>\n<\/tr>\n<tr>\n<td><span style=\"font-weight: 400;\">Turbospin till\u00e5tet p\u00e5 slots<\/span><\/td>\n<td><span style=\"font-weight: 400;\">Minst 3 sekunder v\u00e4ntetid mellan spins<\/span><\/td>\n<\/tr>\n<\/tbody>\n<\/table>\n<h2>S\u00e5 b\u00f6rjar du spela<\/h2>\n<p><span style=\"font-weight: 400;\">Att b\u00f6rja spela p\u00e5 norska casinon \u00e4r inga sv\u00e5righeter. \u00c4ven om registrering sker p\u00e5 det traditionella s\u00e4ttet med formul\u00e4r, ist\u00e4llet f\u00f6r med BankID, s\u00e5 g\u00e5r det snabbt och smidigt att skapa ett konto. S\u00e5 h\u00e4r g\u00f6r du:<\/span><\/p>\n<ol>\n<li style=\"font-weight: 400;\" aria-level=\"1\"><b>V\u00e4lj ett casino: <\/b><span style=\"font-weight: 400;\">Titta i v\u00e5r lista \u00f6ver casinon i tabellen h\u00f6gre upp f\u00f6r att hitta ett som passar.<\/span><\/li>\n<li style=\"font-weight: 400;\" aria-level=\"1\"><b>Skapa ett konto: <\/b><span style=\"font-weight: 400;\">Klicka p\u00e5 \u201dregister\u201d, \u201dstart playing\u201d eller vad det nu st\u00e5r p\u00e5 ditt casino.<\/span><\/li>\n<li style=\"font-weight: 400;\" aria-level=\"1\"><b>Fyll i uppgifter:<\/b><span style=\"font-weight: 400;\"> Ange ditt namn och andra uppgifter som efterfr\u00e5gas, v\u00e4lj anv\u00e4ndarnamn och l\u00f6senord och klicka dig vidare.<\/span><\/li>\n<li style=\"font-weight: 400;\" aria-level=\"1\"><b>G\u00f6r en ins\u00e4ttning: <\/b><span style=\"font-weight: 400;\">G\u00e5 till ins\u00e4ttningssidan, v\u00e4lj din \u00f6nskade betalningsmetod. Ange vilken summa du vill s\u00e4tta in och f\u00f6lj instruktionerna.<\/span><\/li>\n<li style=\"font-weight: 400;\" aria-level=\"1\"><b>H\u00e4mta din bonus:<\/b><span style=\"font-weight: 400;\"> Under registreringen kan du ofta f\u00e5 en v\u00e4lkomstbonus. Ibland sker det automatiskt och ibland m\u00e5ste du kryssa i vilken bonus du vill ha.<\/span><\/li>\n<li style=\"font-weight: 400;\" aria-level=\"1\"><b>Allt klart:<\/b><span style=\"font-weight: 400;\"> Nu \u00e4r du redo att b\u00f6rja spela.<\/span><\/li>\n<\/ol>\n<h2>F\u00f6rdelar och nackdelar med norska casinon<\/h2>\n<p><span style=\"font-weight: 400;\">H\u00e4r nedan listar vi b\u00e5de f\u00f6rdelar och nackdelar med att spela p\u00e5 norska casinon.<\/span><\/p>\n<table>\n<tbody>\n<tr>\n<td><b>F\u00f6rdelar<\/b><\/td>\n<td><b>Nackdelar<\/b><\/td>\n<\/tr>\n<tr>\n<td><span style=\"font-weight: 400;\">Inga begr\u00e4nsningar p\u00e5 antal bonusar.<\/span><\/td>\n<td><span style=\"font-weight: 400;\">Du kan inte spela med svenska kronor.<\/span><\/td>\n<\/tr>\n<tr>\n<td><span style=\"font-weight: 400;\">Fler casinon att v\u00e4lja p\u00e5 \u00e4n i Sverige.<\/span><\/td>\n<td><span style=\"font-weight: 400;\">Saknar betalningsmetoder som Swish, Trustly och Zimpler.<\/span><\/td>\n<\/tr>\n<tr>\n<td><span style=\"font-weight: 400;\">Norska \u00e4r ett spr\u00e5k som \u00e4r l\u00e4tt att f\u00f6rst\u00e5.<\/span><\/td>\n<td><span style=\"font-weight: 400;\">Uttagstider kan vara l\u00e5ngsamma.<\/span><\/td>\n<\/tr>\n<tr>\n<td><span style=\"font-weight: 400;\">Fler och annorlunda spel \u00e4n p\u00e5 svenska casinon.<\/span><\/td>\n<td><span style=\"font-weight: 400;\">Bonusregler kan vara lite f\u00f6rvirrande ibland.<\/span><\/td>\n<\/tr>\n<tr>\n<td><span style=\"font-weight: 400;\">Trygga casinon med licens p\u00e5 bl.a. Malta och Estland.<\/span><\/td>\n<td><\/td>\n<\/tr>\n<tr>\n<td><span style=\"font-weight: 400;\">Delta i t\u00e4vlingar och utlottningar.<\/span><\/td>\n<td><\/td>\n<\/tr>\n<tr>\n<td><span style=\"font-weight: 400;\">Du kan spela \u00e4ven om du \u00e4r avst\u00e4ngd hos Spelpaus.<\/span><\/td>\n<td><\/td>\n<\/tr>\n<\/tbody>\n<\/table>\n<h2>Vanliga fr\u00e5gor<\/h2>\n\t\t<div class=\"wp-faq-schema-wrap wp-faq-schema-accordion\">\n\t\t\t\t\t\t<div class=\"wp-faq-schema-items\">\n\t\t\t\t\t\t\t\t\t<h3>Hur m\u00e5nga norska casinon utan licens finns det?<\/h3>\n\t\t\t\t\t<div class=\"\">\n\t\t\t\t\t\t<p>Det finns hundratals norska casinon att spela p\u00e5, varav m\u00e5nga ocks\u00e5 har norskt spr\u00e5k och valuta.<\/p>\n\t\t\t\t\t<\/div>\n\t\t\t\t\t\t\t\t\t<h3>Vilka licenser har norska casinon?<\/h3>\n\t\t\t\t\t<div class=\"\">\n\t\t\t\t\t\t<p>Norska casinon har oftast licens fr\u00e5n MGA (Malta), EMTA (Estland), CEG (Curacao) och Gambling Commission (UK).<\/p>\n\t\t\t\t\t<\/div>\n\t\t\t\t\t\t\t\t\t<h3>M\u00e5ste jag betala skatt p\u00e5 vinster hos norska casino sidor?<\/h3>\n\t\t\t\t\t<div class=\"\">\n\t\t\t\t\t\t<p>Nej, i regel beh\u00f6ver du inte skatta f\u00f6r dina vinster hos norska casinon. Detta g\u00e4ller s\u00e5 l\u00e4nge du spelar p\u00e5 ett casino med licens fr\u00e5n ett EU\/EES-land. Spelar du p\u00e5 ett casino med licens fr\u00e5n ett icke-EU l\u00e4nder g\u00e4ller 30% skatt p\u00e5 vinster \u00f6ver 100 kr.<\/p>\n\t\t\t\t\t<\/div>\n\t\t\t\t\t\t\t\t\t<h3>Vilka betalningsmetoder kan jag anv\u00e4nda p\u00e5 ett norskt casino?<\/h3>\n\t\t\t\t\t<div class=\"\">\n\t\t\t\t\t\t<p>Norska casinon accepterar betalningsmetoder som bland annat Visa och Mastercard, e-pl\u00e5nb\u00f6cker, Payz, Siru och olika kryptovalutor.<\/p>\n\t\t\t\t\t<\/div>\n\t\t\t\t\t\t\t\t\t<h3>Vilka spel finns p\u00e5 norska casinon utan svensk licens?<\/h3>\n\t\t\t\t\t<div class=\"\">\n\t\t\t\t\t\t<p>Norska casinon erbjuder casinospel som bland annat slots, jackpottar, bordsspel, poker och live casino.<\/p>\n\t\t\t\t\t<\/div>\n\t\t\t\t\t\t\t\t\t<h3>Kan jag spela p\u00e5 norska casinon om jag \u00e4r avst\u00e4ngd p\u00e5 Spelpaus?<\/h3>\n\t\t\t\t\t<div class=\"\">\n\t\t\t\t\t\t<p>Ja, du kan spela p\u00e5 norska casino \u00e4ven om du \u00e4r avst\u00e4ngd p\u00e5 Spelpaus. Sj\u00e4lvavst\u00e4ngning via Spelpaus blockerar dig enbart fr\u00e5n spel p\u00e5 casinon med svensk licens.<\/p>\n\t\t\t\t\t<\/div>\n\t\t\t\t\t\t\t\t\t<h3>Kan jag spela p\u00e5 norska casinon utan registrering?<\/h3>\n\t\t\t\t\t<div class=\"\">\n\t\t\t\t\t\t<p>Nej, du kan inte spela utan att ha ett konto p\u00e5 ett norskt casino. Oavsett om de erbjuder expressregistrering eller registrering p\u00e5 gammalt vis s\u00e5 skapas alltid ett konto.<\/p>\n\t\t\t\t\t<\/div>\n\t\t\t\t\t\t\t<\/div>\n\t\t<\/div>\n\t\t\n            <\/div>\n            <\/section>\n","protected":false},"excerpt":{"rendered":"","protected":false},"author":14,"featured_media":0,"parent":0,"menu_order":0,"comment_status":"closed","ping_status":"closed","template":"","meta":{"_acf_changed":false,"footnotes":""},"class_list":["post-19122","page","type-page","status-publish","hentry"],"acf":[],"yoast_head":"<!-- This site is optimized with the Yoast SEO plugin v26.8 - https:\/\/yoast.com\/product\/yoast-seo-wordpress\/ -->\n<title>B\u00e4sta norska casinon - Casinor.com<\/title>\n<meta name=\"description\" content=\"I den h\u00e4r artikeln listar vi n\u00e5gra av de b\u00e4sta norska casinon som accepterar svenska spelare.\" \/>\n<meta name=\"robots\" content=\"index, follow, max-snippet:-1, max-image-preview:large, max-video-preview:-1\" \/>\n<link rel=\"canonical\" href=\"https:\/\/casinor.com\/sv\/norska-casino\/\" \/>\n<meta property=\"og:locale\" content=\"sv_SE\" \/>\n<meta property=\"og:type\" content=\"article\" \/>\n<meta property=\"og:title\" content=\"B\u00e4sta norska casinon - Casinor.com\" \/>\n<meta property=\"og:description\" content=\"I den h\u00e4r artikeln listar vi n\u00e5gra av de b\u00e4sta norska casinon som accepterar svenska spelare.\" \/>\n<meta property=\"og:url\" content=\"https:\/\/casinor.com\/sv\/norska-casino\/\" \/>\n<meta property=\"og:site_name\" content=\"Casinor.com\" \/>\n<meta property=\"article:publisher\" content=\"https:\/\/www.facebook.com\/Casinorcom-1429398773853454\/\" \/>\n<meta property=\"article:modified_time\" content=\"2025-08-08T11:35:34+00:00\" \/>\n<meta name=\"twitter:card\" content=\"summary_large_image\" \/>\n<meta name=\"twitter:site\" content=\"@casinor_com\" \/>\n<script type=\"application\/ld+json\" class=\"yoast-schema-graph\">{\"@context\":\"https:\/\/schema.org\",\"@graph\":[{\"@type\":\"WebPage\",\"@id\":\"https:\/\/casinor.com\/sv\/norska-casino\/\",\"url\":\"https:\/\/casinor.com\/sv\/norska-casino\/\",\"name\":\"B\u00e4sta norska casinon - Casinor.com\",\"isPartOf\":{\"@id\":\"https:\/\/casinor.com\/#website\"},\"datePublished\":\"2025-02-21T17:27:55+00:00\",\"dateModified\":\"2025-08-08T11:35:34+00:00\",\"description\":\"I den h\u00e4r artikeln listar vi n\u00e5gra av de b\u00e4sta norska casinon som accepterar svenska spelare.\",\"breadcrumb\":{\"@id\":\"https:\/\/casinor.com\/sv\/norska-casino\/#breadcrumb\"},\"inLanguage\":\"sv-SE\",\"potentialAction\":[{\"@type\":\"ReadAction\",\"target\":[\"https:\/\/casinor.com\/sv\/norska-casino\/\"]}]},{\"@type\":\"BreadcrumbList\",\"@id\":\"https:\/\/casinor.com\/sv\/norska-casino\/#breadcrumb\",\"itemListElement\":[{\"@type\":\"ListItem\",\"position\":1,\"name\":\"Hem\",\"item\":\"https:\/\/casinor.com\/sv\/\"},{\"@type\":\"ListItem\",\"position\":2,\"name\":\"Norska casino\"}]},{\"@type\":\"WebSite\",\"@id\":\"https:\/\/casinor.com\/#website\",\"url\":\"https:\/\/casinor.com\/\",\"name\":\"Casinor.com\",\"description\":\"Sveriges b\u00e4sta service f\u00f6r casino recensioner\",\"publisher\":{\"@id\":\"https:\/\/casinor.com\/#organization\"},\"potentialAction\":[{\"@type\":\"SearchAction\",\"target\":{\"@type\":\"EntryPoint\",\"urlTemplate\":\"https:\/\/casinor.com\/?s={search_term_string}\"},\"query-input\":{\"@type\":\"PropertyValueSpecification\",\"valueRequired\":true,\"valueName\":\"search_term_string\"}}],\"inLanguage\":\"sv-SE\"},{\"@type\":\"Organization\",\"@id\":\"https:\/\/casinor.com\/#organization\",\"name\":\"Casinor.com\",\"url\":\"https:\/\/casinor.com\/\",\"logo\":{\"@type\":\"ImageObject\",\"inLanguage\":\"sv-SE\",\"@id\":\"https:\/\/casinor.com\/#\/schema\/logo\/image\/\",\"url\":\"https:\/\/casinor.com\/wp-content\/uploads\/2023\/05\/logo_sweden.svg\",\"contentUrl\":\"https:\/\/casinor.com\/wp-content\/uploads\/2023\/05\/logo_sweden.svg\",\"caption\":\"Casinor.com\"},\"image\":{\"@id\":\"https:\/\/casinor.com\/#\/schema\/logo\/image\/\"},\"sameAs\":[\"https:\/\/www.facebook.com\/Casinorcom-1429398773853454\/\",\"https:\/\/x.com\/casinor_com\",\"https:\/\/no.pinterest.com\/casinor1\",\"https:\/\/www.youtube.com\/channel\/UCIaYR-rxk3WeeGSnE-9M-CQ\"]}]}<\/script>\n<!-- \/ Yoast SEO plugin. -->","yoast_head_json":{"title":"B\u00e4sta norska casinon - Casinor.com","description":"I den h\u00e4r artikeln listar vi n\u00e5gra av de b\u00e4sta norska casinon som accepterar svenska spelare.","robots":{"index":"index","follow":"follow","max-snippet":"max-snippet:-1","max-image-preview":"max-image-preview:large","max-video-preview":"max-video-preview:-1"},"canonical":"https:\/\/casinor.com\/sv\/norska-casino\/","og_locale":"sv_SE","og_type":"article","og_title":"B\u00e4sta norska casinon - Casinor.com","og_description":"I den h\u00e4r artikeln listar vi n\u00e5gra av de b\u00e4sta norska casinon som accepterar svenska spelare.","og_url":"https:\/\/casinor.com\/sv\/norska-casino\/","og_site_name":"Casinor.com","article_publisher":"https:\/\/www.facebook.com\/Casinorcom-1429398773853454\/","article_modified_time":"2025-08-08T11:35:34+00:00","twitter_card":"summary_large_image","twitter_site":"@casinor_com","schema":{"@context":"https:\/\/schema.org","@graph":[{"@type":"WebPage","@id":"https:\/\/casinor.com\/sv\/norska-casino\/","url":"https:\/\/casinor.com\/sv\/norska-casino\/","name":"B\u00e4sta norska casinon - Casinor.com","isPartOf":{"@id":"https:\/\/casinor.com\/#website"},"datePublished":"2025-02-21T17:27:55+00:00","dateModified":"2025-08-08T11:35:34+00:00","description":"I den h\u00e4r artikeln listar vi n\u00e5gra av de b\u00e4sta norska casinon som accepterar svenska spelare.","breadcrumb":{"@id":"https:\/\/casinor.com\/sv\/norska-casino\/#breadcrumb"},"inLanguage":"sv-SE","potentialAction":[{"@type":"ReadAction","target":["https:\/\/casinor.com\/sv\/norska-casino\/"]}]},{"@type":"BreadcrumbList","@id":"https:\/\/casinor.com\/sv\/norska-casino\/#breadcrumb","itemListElement":[{"@type":"ListItem","position":1,"name":"Hem","item":"https:\/\/casinor.com\/sv\/"},{"@type":"ListItem","position":2,"name":"Norska casino"}]},{"@type":"WebSite","@id":"https:\/\/casinor.com\/#website","url":"https:\/\/casinor.com\/","name":"Casinor.com","description":"Sveriges b\u00e4sta service f\u00f6r casino recensioner","publisher":{"@id":"https:\/\/casinor.com\/#organization"},"potentialAction":[{"@type":"SearchAction","target":{"@type":"EntryPoint","urlTemplate":"https:\/\/casinor.com\/?s={search_term_string}"},"query-input":{"@type":"PropertyValueSpecification","valueRequired":true,"valueName":"search_term_string"}}],"inLanguage":"sv-SE"},{"@type":"Organization","@id":"https:\/\/casinor.com\/#organization","name":"Casinor.com","url":"https:\/\/casinor.com\/","logo":{"@type":"ImageObject","inLanguage":"sv-SE","@id":"https:\/\/casinor.com\/#\/schema\/logo\/image\/","url":"https:\/\/casinor.com\/wp-content\/uploads\/2023\/05\/logo_sweden.svg","contentUrl":"https:\/\/casinor.com\/wp-content\/uploads\/2023\/05\/logo_sweden.svg","caption":"Casinor.com"},"image":{"@id":"https:\/\/casinor.com\/#\/schema\/logo\/image\/"},"sameAs":["https:\/\/www.facebook.com\/Casinorcom-1429398773853454\/","https:\/\/x.com\/casinor_com","https:\/\/no.pinterest.com\/casinor1","https:\/\/www.youtube.com\/channel\/UCIaYR-rxk3WeeGSnE-9M-CQ"]}]}},"_links":{"self":[{"href":"https:\/\/casinor.com\/sv\/wp-json\/wp\/v2\/pages\/19122","targetHints":{"allow":["GET"]}}],"collection":[{"href":"https:\/\/casinor.com\/sv\/wp-json\/wp\/v2\/pages"}],"about":[{"href":"https:\/\/casinor.com\/sv\/wp-json\/wp\/v2\/types\/page"}],"author":[{"embeddable":true,"href":"https:\/\/casinor.com\/sv\/wp-json\/wp\/v2\/users\/14"}],"replies":[{"embeddable":true,"href":"https:\/\/casinor.com\/sv\/wp-json\/wp\/v2\/comments?post=19122"}],"version-history":[{"count":3,"href":"https:\/\/casinor.com\/sv\/wp-json\/wp\/v2\/pages\/19122\/revisions"}],"predecessor-version":[{"id":19567,"href":"https:\/\/casinor.com\/sv\/wp-json\/wp\/v2\/pages\/19122\/revisions\/19567"}],"wp:attachment":[{"href":"https:\/\/casinor.com\/sv\/wp-json\/wp\/v2\/media?parent=19122"}],"curies":[{"name":"wp","href":"https:\/\/api.w.org\/{rel}","templated":true}]}}