{"id":18926,"date":"2025-01-28T19:07:56","date_gmt":"2025-01-28T18:07:56","guid":{"rendered":"https:\/\/casinor.com\/?page_id=18926"},"modified":"2026-04-17T15:01:47","modified_gmt":"2026-04-17T13:01:47","slug":"apple-pay-casino","status":"publish","type":"page","link":"https:\/\/casinor.com\/sv\/betalning\/apple-pay-casino\/","title":{"rendered":"Apple Pay casino"},"content":{"rendered":"\n<section id=\"hero-center-text-block_21b232af9f015687431497a46fc7044f\" class=\"home-hero home-hero--category block-hero-center-text\">\n\t<div class=\"home-hero__container\">\n\t\t<div class=\"home-hero__wrap\">\n\t\t\t<div class=\"home-hero__content\">\n\t\t\t\t\t\t\t\t\t<h1 class=\"home-hero__title\" >Apple Pay casinon<\/h1>\n\t\t\t\t\t\t\t\t\t\t\t\t\t<div class=\"home-hero__text\">Apple Pay casinon \u00e4r perfekta f\u00f6r dig som vill betala p\u00e5 casinon med din iOS enhet. Dessutom \u00e4r det en av de snabbaste och enklaste betalningsmetoderna som finns. I den h\u00e4r artikeln listar vi de 10 b\u00e4sta Apple Pay casinon och f\u00f6rklarar allt du beh\u00f6ver veta.<\/div>\n\t\t\t\t\t\t\t<\/div>\n\t\t\t\t\t<\/div>\n\t<\/div>\n<\/section>\n\n\n    <section id=\"content-section-block_8a104f3b56586eef82eb150697decb70\" class=\"content-section is-white  block-content-section\">\n                    <div class=\"content-section__container\">\n                <h2>10 b\u00e4sta Apple Pay casinon<\/h2>\n<p><span style=\"font-weight: 400;\">Vi p\u00e5 Casinor har granskat de b\u00e4sta Apple Pay casinon. Vi har kollat tider f\u00f6r uttag, vilka bonusar de har och oms\u00e4ttningskrav.<\/span><\/p>\n<table>\n<tbody>\n<tr>\n<td><b>Casino<\/b><\/td>\n<td><b>Bonus<\/b><\/td>\n<td><b>Oms\u00e4ttningskrav<\/b><\/td>\n<td><b>Minsta ins\u00e4ttning<\/b><\/td>\n<td><b>Apple Pay uttagstid<\/b><\/td>\n<\/tr>\n<tr>\n<td><span style=\"font-weight: 400;\">PlayOJO<\/span><\/td>\n<td><span style=\"font-weight: 400;\">100 free spins<\/span><\/td>\n<td><span style=\"font-weight: 400;\">0x<\/span><\/td>\n<td><span style=\"font-weight: 400;\">100 kr<\/span><\/td>\n<td><span style=\"font-weight: 400;\">3 dagar<\/span><\/td>\n<\/tr>\n<tr>\n<td><span style=\"font-weight: 400;\">Videoslots<\/span><\/td>\n<td><span style=\"font-weight: 400;\">2\u00a0000 kr + 11 free spins<\/span><\/td>\n<td><span style=\"font-weight: 400;\">35x<\/span><\/td>\n<td><span style=\"font-weight: 400;\">100 kr<\/span><\/td>\n<td><span style=\"font-weight: 400;\">2 dagar<\/span><\/td>\n<\/tr>\n<tr>\n<td><span style=\"font-weight: 400;\">Betfair<\/span><\/td>\n<td><span style=\"font-weight: 400;\">1\u00a0000 kr<\/span><\/td>\n<td><span style=\"font-weight: 400;\">10x ins\u00e4ttning + bonus<\/span><\/td>\n<td><span style=\"font-weight: 400;\">100 kr<\/span><\/td>\n<td><span style=\"font-weight: 400;\">2 dagar<\/span><\/td>\n<\/tr>\n<tr>\n<td><span style=\"font-weight: 400;\">Unibet<\/span><\/td>\n<td><span style=\"font-weight: 400;\">1\u00a0000 kr<\/span><\/td>\n<td><span style=\"font-weight: 400;\">20x<\/span><\/td>\n<td><span style=\"font-weight: 400;\">200 kr<\/span><\/td>\n<td><span style=\"font-weight: 400;\">3 dagar<\/span><\/td>\n<\/tr>\n<tr>\n<td><span style=\"font-weight: 400;\">Paf<\/span><\/td>\n<td><span style=\"font-weight: 400;\">99 free spins<\/span><\/td>\n<td><span style=\"font-weight: 400;\">0x<\/span><\/td>\n<td><span style=\"font-weight: 400;\">100 kr<\/span><\/td>\n<td><span style=\"font-weight: 400;\">2 dagar<\/span><\/td>\n<\/tr>\n<tr>\n<td><span style=\"font-weight: 400;\">Maria Casino<\/span><\/td>\n<td><span style=\"font-weight: 400;\">1\u00a0000 kr<\/span><\/td>\n<td><span style=\"font-weight: 400;\">25x<\/span><\/td>\n<td><span style=\"font-weight: 400;\">150 kr<\/span><\/td>\n<td><span style=\"font-weight: 400;\">3 dagar<\/span><\/td>\n<\/tr>\n<tr>\n<td><span style=\"font-weight: 400;\">Race Casino<\/span><\/td>\n<td><span style=\"font-weight: 400;\">1\u00a0000 kr<\/span><\/td>\n<td><span style=\"font-weight: 400;\">40x<\/span><\/td>\n<td><span style=\"font-weight: 400;\">100 kr<\/span><\/td>\n<td><span style=\"font-weight: 400;\">4 dagar<\/span><\/td>\n<\/tr>\n<tr>\n<td><span style=\"font-weight: 400;\">Yako Casino<\/span><\/td>\n<td><span style=\"font-weight: 400;\">1\u00a0000 kr<\/span><\/td>\n<td><span style=\"font-weight: 400;\">40x<\/span><\/td>\n<td><span style=\"font-weight: 400;\">100 kr<\/span><\/td>\n<td><span style=\"font-weight: 400;\">2 dagar<\/span><\/td>\n<\/tr>\n<tr>\n<td><span style=\"font-weight: 400;\">Storspelare<\/span><\/td>\n<td><span style=\"font-weight: 400;\">100 free spins<\/span><\/td>\n<td><span style=\"font-weight: 400;\">0x<\/span><\/td>\n<td><span style=\"font-weight: 400;\">100 kr<\/span><\/td>\n<td><span style=\"font-weight: 400;\">3 dagar<\/span><\/td>\n<\/tr>\n<tr>\n<td><span style=\"font-weight: 400;\">Yeti Casino<\/span><\/td>\n<td><span style=\"font-weight: 400;\">1\u00a0000 kr<\/span><\/td>\n<td><span style=\"font-weight: 400;\">40x<\/span><\/td>\n<td><span style=\"font-weight: 400;\">100 kr<\/span><\/td>\n<td><span style=\"font-weight: 400;\">2 dagar<\/span><\/td>\n<\/tr>\n<\/tbody>\n<\/table>\n<h2>Vad \u00e4r ett Apple Pay casino?<\/h2>\n<p><span style=\"font-weight: 400;\">Ett Apple Pay casino \u00e4r ett <a href=\"https:\/\/casinor.com\/sv\/\">online casino<\/a> som erbjuder ins\u00e4ttningar och uttag med betalningsmetoden Apple Pay. Det \u00e4r en betalningsmetod f\u00f6r kontaktl\u00f6sa betalningar via en app i din Apple enhet, till vilken du kopplar ditt bankkort.<\/span><\/p>\n<h2>S\u00e5 g\u00f6r du en ins\u00e4ttning p\u00e5 ett casino med Apple Pay<\/h2>\n<p><span style=\"font-weight: 400;\">Att s\u00e4tta in pengar p\u00e5 ett online casino med Apple Pay \u00e4r inga konstigheter. Du beh\u00f6ver till att b\u00f6rja med en Apple enhet (iPhone, iPad, Mac eller en Apple Watch) och appen Apple Pay kopplad till bankkortet. Sedan g\u00e5r det till s\u00e5 h\u00e4r att g\u00f6ra en ins\u00e4ttning:<\/span><\/p>\n<ol>\n<li style=\"font-weight: 400;\" aria-level=\"1\"><span style=\"font-weight: 400;\">G\u00e5 till sidan f\u00f6r ins\u00e4ttningar p\u00e5 ditt valda casino.<\/span><\/li>\n<li style=\"font-weight: 400;\" aria-level=\"1\"><span style=\"font-weight: 400;\">Ange hur mycket du vill s\u00e4tta in och ange Apple Pay som betalningsmetod.<\/span><\/li>\n<li style=\"font-weight: 400;\" aria-level=\"1\"><span style=\"font-weight: 400;\">F\u00f6lj casinots instruktioner och avsluta med att bekr\u00e4fta din ins\u00e4ttning med Face ID, Touch ID eller kod.<\/span><\/li>\n<\/ol>\n<h2>S\u00e5 g\u00f6r du ett uttag<\/h2>\n<p><span style=\"font-weight: 400;\">Att ta ut vinster fr\u00e5n ett Apple Pay casino g\u00e5r till p\u00e5 ungef\u00e4r samma s\u00e4tt som vid ins\u00e4ttningar. S\u00e5 h\u00e4r g\u00f6r du:<\/span><\/p>\n<ol>\n<li style=\"font-weight: 400;\" aria-level=\"1\"><span style=\"font-weight: 400;\">G\u00e5 till ditt konto och sidan f\u00f6r uttag.\u00a0<\/span><\/li>\n<li style=\"font-weight: 400;\" aria-level=\"1\"><span style=\"font-weight: 400;\">V\u00e4lj Apple Pay och ange vilket belopp du vill ta ut.<\/span><\/li>\n<li style=\"font-weight: 400;\" aria-level=\"1\"><span style=\"font-weight: 400;\">Bekr\u00e4fta ditt uttag p\u00e5 samma s\u00e4tt som n\u00e4r du s\u00e4tter in pengar.<\/span><\/li>\n<\/ol>\n<h2>F\u00f6rdelar och nackdelar<\/h2>\n<p><span style=\"font-weight: 400;\">Som med de flesta andra <a href=\"https:\/\/casinor.com\/sv\/betalning\/\">betalningsmetoder<\/a> finns det b\u00e5de f\u00f6rdelar och nackdelar med Apple Pay casinon. H\u00e4r nedan listar vi de viktigaste:<\/span><\/p>\n<table>\n<tbody>\n<tr>\n<td><b>F\u00f6rdelar<\/b><\/td>\n<td><b>Nackdelar<\/b><\/td>\n<\/tr>\n<tr>\n<td><span style=\"font-weight: 400;\">S\u00e4ker betalningsmetod<\/span><\/td>\n<td><span style=\"font-weight: 400;\">Finns inte p\u00e5 s\u00e5 m\u00e5nga casinon<\/span><\/td>\n<\/tr>\n<tr>\n<td><span style=\"font-weight: 400;\">Ins\u00e4ttningar \u00e4r omedelbara<\/span><\/td>\n<td><span style=\"font-weight: 400;\">Du m\u00e5ste ha en Apple-enhet<\/span><\/td>\n<\/tr>\n<tr>\n<td><span style=\"font-weight: 400;\">Kostar i regel inget att anv\u00e4nda<\/span><\/td>\n<td><span style=\"font-weight: 400;\">Vissa banker kan ta ut avgifter<\/span><\/td>\n<\/tr>\n<tr>\n<td><span style=\"font-weight: 400;\">Giltig metod om du vill ha en bonus<\/span><\/td>\n<td><span style=\"font-weight: 400;\">Vissa \u00e4ldre enheter fungerar inte med Apple Pay<\/span><\/td>\n<\/tr>\n<tr>\n<td><span style=\"font-weight: 400;\">Du l\u00e4mnar inte ut n\u00e5got kortnummer<\/span><\/td>\n<td><\/td>\n<\/tr>\n<tr>\n<td><span style=\"font-weight: 400;\">Metoden \u00e4r enkel att anv\u00e4nda<\/span><\/td>\n<td><\/td>\n<\/tr>\n<\/tbody>\n<\/table>\n<h2>Alternativ till Apple Pay casinon<\/h2>\n<p><span style=\"font-weight: 400;\">Vi har j\u00e4mf\u00f6rt n\u00e5gra vanliga betalningsmetoder med Apple Pay f\u00f6r att se vad som eventuellt skiljer dem \u00e5t. Vi har listat resultaten nedan:<\/span><\/p>\n<table>\n<tbody>\n<tr>\n<td><b>Betalningsmetod<\/b><\/td>\n<td><b>Avgift<\/b><\/td>\n<td><b>Ins\u00e4ttningstid<\/b><\/td>\n<td><b>Max uttag<\/b><\/td>\n<td><b>Tillg\u00e4nglighet<\/b><\/td>\n<\/tr>\n<tr>\n<td><span style=\"font-weight: 400;\">Apple Pay Casino<\/span><\/td>\n<td><span style=\"font-weight: 400;\">0%<\/span><\/td>\n<td><span style=\"font-weight: 400;\">Direkt<\/span><\/td>\n<td><span style=\"font-weight: 400;\">100 000<\/span><\/td>\n<td><span style=\"font-weight: 400;\">Ovanligt<\/span><\/td>\n<\/tr>\n<tr>\n<td><span style=\"font-weight: 400;\">Mastercard Casino<\/span><\/td>\n<td><span style=\"font-weight: 400;\">Kan f\u00f6rekomma<\/span><\/td>\n<td><span style=\"font-weight: 400;\">Direkt<\/span><\/td>\n<td><span style=\"font-weight: 400;\">Ingen gr\u00e4ns<\/span><\/td>\n<td><span style=\"font-weight: 400;\">Mycket vanligt<\/span><\/td>\n<\/tr>\n<tr>\n<td><span style=\"font-weight: 400;\">Neteller Casino<\/span><\/td>\n<td><span style=\"font-weight: 400;\">0%<\/span><\/td>\n<td><span style=\"font-weight: 400;\">Direkt<\/span><\/td>\n<td><span style=\"font-weight: 400;\">500\u00a0000 kr<\/span><\/td>\n<td><span style=\"font-weight: 400;\">Mycket vanligt<\/span><\/td>\n<\/tr>\n<tr>\n<td><span style=\"font-weight: 400;\">Brite Casino<\/span><\/td>\n<td><span style=\"font-weight: 400;\">0%<\/span><\/td>\n<td><span style=\"font-weight: 400;\">Direkt<\/span><\/td>\n<td><span style=\"font-weight: 400;\">Anges ej<\/span><\/td>\n<td><span style=\"font-weight: 400;\">Ett f\u00e5tal casinon<\/span><\/td>\n<\/tr>\n<tr>\n<td><span style=\"font-weight: 400;\">Bitcoin Casino<\/span><\/td>\n<td><span style=\"font-weight: 400;\">0%<\/span><\/td>\n<td><span style=\"font-weight: 400;\">Direkt<\/span><\/td>\n<td><span style=\"font-weight: 400;\">Ingen gr\u00e4ns<\/span><\/td>\n<td><span style=\"font-weight: 400;\">Finns ej i Sverige<\/span><\/td>\n<\/tr>\n<tr>\n<td><span style=\"font-weight: 400;\">Klarna Casino<\/span><\/td>\n<td><span style=\"font-weight: 400;\">0%<\/span><\/td>\n<td><span style=\"font-weight: 400;\">Direkt<\/span><\/td>\n<td><span style=\"font-weight: 400;\">Uttag g\u00e5r inte<\/span><\/td>\n<td><span style=\"font-weight: 400;\">Ovanligt<\/span><\/td>\n<\/tr>\n<\/tbody>\n<\/table>\n<h2>Vanliga fr\u00e5gor<\/h2>\n\t\t<div class=\"wp-faq-schema-wrap wp-faq-schema-accordion\">\n\t\t\t\t\t\t<div class=\"wp-faq-schema-items\">\n\t\t\t\t\t\t\t\t\t<h3>Vilka casinon tar Apple Pay?<\/h3>\n\t\t\t\t\t<div class=\"\">\n\t\t\t\t\t\t<p>Det finns hundratals casinon med Apple Pay. Dock \u00e4r denna betaltj\u00e4nst inte j\u00e4ttevanlig bland casinon.<\/p>\n\t\t\t\t\t<\/div>\n\t\t\t\t\t\t\t\t\t<h3>Tillkommer avgifter p\u00e5 ett casino med Apple Pay?<\/h3>\n\t\t\t\t\t<div class=\"\">\n\t\t\t\t\t\t<p>Nej, Apple Pay casinon tar inte ut n\u00e5gra avgifter. Det kan dock i vissa fall h\u00e4nda att din bank har egna avgifter, och det kan ocks\u00e5 f\u00f6rekomma v\u00e4xlingsavgifter.<\/p>\n\t\t\t\t\t<\/div>\n\t\t\t\t\t\t\t\t\t<h3>\u00c4r det s\u00e4kert att betala med Apple Pay p\u00e5 casinon?<\/h3>\n\t\t\t\t\t<div class=\"\">\n\t\t\t\t\t\t<p>Ja, du beh\u00f6ver inte oroa dig f\u00f6r s\u00e4kerheten hos Apple Pay casinon. Dessa har stark kryptering och Apple Pays verifieringar \u00e4r mycket tillf\u00f6rlitliga.<\/p>\n\t\t\t\t\t<\/div>\n\t\t\t\t\t\t\t\t\t<h3>Vad \u00e4r minsta uttaget p\u00e5 ett Apple Pay casino?<\/h3>\n\t\t\t\t\t<div class=\"\">\n\t\t\t\t\t\t<p>Det minsta uttaget p\u00e5 Apple Pay casinon brukar normalt ligga p\u00e5 100 eller 200 kronor.<\/p>\n\t\t\t\t\t<\/div>\n\t\t\t\t\t\t\t\t\t<h3>Vad \u00e4r h\u00f6gsta ins\u00e4ttningen?<\/h3>\n\t\t\t\t\t<div class=\"\">\n\t\t\t\t\t\t<p>H\u00f6gsta ins\u00e4ttningen p\u00e5 Apple Pay casinon \u00e4r mellan 10 000 till 75 000 kr. Ibland mer.<\/p>\n\t\t\t\t\t<\/div>\n\t\t\t\t\t\t\t<\/div>\n\t\t<\/div>\n\t\t\n            <\/div>\n            <\/section>\n\n\n\n<p><\/p>\n","protected":false},"excerpt":{"rendered":"","protected":false},"author":14,"featured_media":0,"parent":18166,"menu_order":0,"comment_status":"closed","ping_status":"closed","template":"","meta":{"_acf_changed":false,"footnotes":""},"class_list":["post-18926","page","type-page","status-publish","hentry"],"acf":[],"yoast_head":"<!-- This site is optimized with the Yoast SEO plugin v26.8 - https:\/\/yoast.com\/product\/yoast-seo-wordpress\/ -->\n<title>10 b\u00e4sta Apple Pay casinon<\/title>\n<meta name=\"description\" content=\"Vi har granskat de b\u00e4sta Apple Pay casinon baserat p\u00e5 uttag, bonusar och oms\u00e4ttningskrav.\" \/>\n<meta name=\"robots\" content=\"index, follow, max-snippet:-1, max-image-preview:large, max-video-preview:-1\" \/>\n<link rel=\"canonical\" href=\"https:\/\/casinor.com\/sv\/betalning\/apple-pay-casino\/\" \/>\n<meta property=\"og:locale\" content=\"sv_SE\" \/>\n<meta property=\"og:type\" content=\"article\" \/>\n<meta property=\"og:title\" content=\"10 b\u00e4sta Apple Pay casinon\" \/>\n<meta property=\"og:description\" content=\"Vi har granskat de b\u00e4sta Apple Pay casinon baserat p\u00e5 uttag, bonusar och oms\u00e4ttningskrav.\" \/>\n<meta property=\"og:url\" content=\"https:\/\/casinor.com\/sv\/betalning\/apple-pay-casino\/\" \/>\n<meta property=\"og:site_name\" content=\"Casinor.com\" \/>\n<meta property=\"article:publisher\" content=\"https:\/\/www.facebook.com\/Casinorcom-1429398773853454\/\" \/>\n<meta property=\"article:modified_time\" content=\"2026-04-17T13:01:47+00:00\" \/>\n<meta name=\"twitter:card\" content=\"summary_large_image\" \/>\n<meta name=\"twitter:site\" content=\"@casinor_com\" \/>\n<script type=\"application\/ld+json\" class=\"yoast-schema-graph\">{\"@context\":\"https:\/\/schema.org\",\"@graph\":[{\"@type\":\"WebPage\",\"@id\":\"https:\/\/casinor.com\/sv\/betalning\/apple-pay-casino\/\",\"url\":\"https:\/\/casinor.com\/sv\/betalning\/apple-pay-casino\/\",\"name\":\"10 b\u00e4sta Apple Pay casinon\",\"isPartOf\":{\"@id\":\"https:\/\/casinor.com\/#website\"},\"datePublished\":\"2025-01-28T18:07:56+00:00\",\"dateModified\":\"2026-04-17T13:01:47+00:00\",\"description\":\"Vi har granskat de b\u00e4sta Apple Pay casinon baserat p\u00e5 uttag, bonusar och oms\u00e4ttningskrav.\",\"breadcrumb\":{\"@id\":\"https:\/\/casinor.com\/sv\/betalning\/apple-pay-casino\/#breadcrumb\"},\"inLanguage\":\"sv-SE\",\"potentialAction\":[{\"@type\":\"ReadAction\",\"target\":[\"https:\/\/casinor.com\/sv\/betalning\/apple-pay-casino\/\"]}]},{\"@type\":\"BreadcrumbList\",\"@id\":\"https:\/\/casinor.com\/sv\/betalning\/apple-pay-casino\/#breadcrumb\",\"itemListElement\":[{\"@type\":\"ListItem\",\"position\":1,\"name\":\"Hem\",\"item\":\"https:\/\/casinor.com\/sv\/\"},{\"@type\":\"ListItem\",\"position\":2,\"name\":\"Betalningsmetoder\",\"item\":\"https:\/\/casinor.com\/sv\/betalning\/\"},{\"@type\":\"ListItem\",\"position\":3,\"name\":\"Apple Pay casino\"}]},{\"@type\":\"WebSite\",\"@id\":\"https:\/\/casinor.com\/#website\",\"url\":\"https:\/\/casinor.com\/\",\"name\":\"Casinor.com\",\"description\":\"Sveriges b\u00e4sta service f\u00f6r casino recensioner\",\"publisher\":{\"@id\":\"https:\/\/casinor.com\/#organization\"},\"potentialAction\":[{\"@type\":\"SearchAction\",\"target\":{\"@type\":\"EntryPoint\",\"urlTemplate\":\"https:\/\/casinor.com\/?s={search_term_string}\"},\"query-input\":{\"@type\":\"PropertyValueSpecification\",\"valueRequired\":true,\"valueName\":\"search_term_string\"}}],\"inLanguage\":\"sv-SE\"},{\"@type\":\"Organization\",\"@id\":\"https:\/\/casinor.com\/#organization\",\"name\":\"Casinor.com\",\"url\":\"https:\/\/casinor.com\/\",\"logo\":{\"@type\":\"ImageObject\",\"inLanguage\":\"sv-SE\",\"@id\":\"https:\/\/casinor.com\/#\/schema\/logo\/image\/\",\"url\":\"https:\/\/casinor.com\/wp-content\/uploads\/2023\/05\/logo_sweden.svg\",\"contentUrl\":\"https:\/\/casinor.com\/wp-content\/uploads\/2023\/05\/logo_sweden.svg\",\"caption\":\"Casinor.com\"},\"image\":{\"@id\":\"https:\/\/casinor.com\/#\/schema\/logo\/image\/\"},\"sameAs\":[\"https:\/\/www.facebook.com\/Casinorcom-1429398773853454\/\",\"https:\/\/x.com\/casinor_com\",\"https:\/\/no.pinterest.com\/casinor1\",\"https:\/\/www.youtube.com\/channel\/UCIaYR-rxk3WeeGSnE-9M-CQ\"]}]}<\/script>\n<!-- \/ Yoast SEO plugin. -->","yoast_head_json":{"title":"10 b\u00e4sta Apple Pay casinon","description":"Vi har granskat de b\u00e4sta Apple Pay casinon baserat p\u00e5 uttag, bonusar och oms\u00e4ttningskrav.","robots":{"index":"index","follow":"follow","max-snippet":"max-snippet:-1","max-image-preview":"max-image-preview:large","max-video-preview":"max-video-preview:-1"},"canonical":"https:\/\/casinor.com\/sv\/betalning\/apple-pay-casino\/","og_locale":"sv_SE","og_type":"article","og_title":"10 b\u00e4sta Apple Pay casinon","og_description":"Vi har granskat de b\u00e4sta Apple Pay casinon baserat p\u00e5 uttag, bonusar och oms\u00e4ttningskrav.","og_url":"https:\/\/casinor.com\/sv\/betalning\/apple-pay-casino\/","og_site_name":"Casinor.com","article_publisher":"https:\/\/www.facebook.com\/Casinorcom-1429398773853454\/","article_modified_time":"2026-04-17T13:01:47+00:00","twitter_card":"summary_large_image","twitter_site":"@casinor_com","schema":{"@context":"https:\/\/schema.org","@graph":[{"@type":"WebPage","@id":"https:\/\/casinor.com\/sv\/betalning\/apple-pay-casino\/","url":"https:\/\/casinor.com\/sv\/betalning\/apple-pay-casino\/","name":"10 b\u00e4sta Apple Pay casinon","isPartOf":{"@id":"https:\/\/casinor.com\/#website"},"datePublished":"2025-01-28T18:07:56+00:00","dateModified":"2026-04-17T13:01:47+00:00","description":"Vi har granskat de b\u00e4sta Apple Pay casinon baserat p\u00e5 uttag, bonusar och oms\u00e4ttningskrav.","breadcrumb":{"@id":"https:\/\/casinor.com\/sv\/betalning\/apple-pay-casino\/#breadcrumb"},"inLanguage":"sv-SE","potentialAction":[{"@type":"ReadAction","target":["https:\/\/casinor.com\/sv\/betalning\/apple-pay-casino\/"]}]},{"@type":"BreadcrumbList","@id":"https:\/\/casinor.com\/sv\/betalning\/apple-pay-casino\/#breadcrumb","itemListElement":[{"@type":"ListItem","position":1,"name":"Hem","item":"https:\/\/casinor.com\/sv\/"},{"@type":"ListItem","position":2,"name":"Betalningsmetoder","item":"https:\/\/casinor.com\/sv\/betalning\/"},{"@type":"ListItem","position":3,"name":"Apple Pay casino"}]},{"@type":"WebSite","@id":"https:\/\/casinor.com\/#website","url":"https:\/\/casinor.com\/","name":"Casinor.com","description":"Sveriges b\u00e4sta service f\u00f6r casino recensioner","publisher":{"@id":"https:\/\/casinor.com\/#organization"},"potentialAction":[{"@type":"SearchAction","target":{"@type":"EntryPoint","urlTemplate":"https:\/\/casinor.com\/?s={search_term_string}"},"query-input":{"@type":"PropertyValueSpecification","valueRequired":true,"valueName":"search_term_string"}}],"inLanguage":"sv-SE"},{"@type":"Organization","@id":"https:\/\/casinor.com\/#organization","name":"Casinor.com","url":"https:\/\/casinor.com\/","logo":{"@type":"ImageObject","inLanguage":"sv-SE","@id":"https:\/\/casinor.com\/#\/schema\/logo\/image\/","url":"https:\/\/casinor.com\/wp-content\/uploads\/2023\/05\/logo_sweden.svg","contentUrl":"https:\/\/casinor.com\/wp-content\/uploads\/2023\/05\/logo_sweden.svg","caption":"Casinor.com"},"image":{"@id":"https:\/\/casinor.com\/#\/schema\/logo\/image\/"},"sameAs":["https:\/\/www.facebook.com\/Casinorcom-1429398773853454\/","https:\/\/x.com\/casinor_com","https:\/\/no.pinterest.com\/casinor1","https:\/\/www.youtube.com\/channel\/UCIaYR-rxk3WeeGSnE-9M-CQ"]}]}},"_links":{"self":[{"href":"https:\/\/casinor.com\/sv\/wp-json\/wp\/v2\/pages\/18926","targetHints":{"allow":["GET"]}}],"collection":[{"href":"https:\/\/casinor.com\/sv\/wp-json\/wp\/v2\/pages"}],"about":[{"href":"https:\/\/casinor.com\/sv\/wp-json\/wp\/v2\/types\/page"}],"author":[{"embeddable":true,"href":"https:\/\/casinor.com\/sv\/wp-json\/wp\/v2\/users\/14"}],"replies":[{"embeddable":true,"href":"https:\/\/casinor.com\/sv\/wp-json\/wp\/v2\/comments?post=18926"}],"version-history":[{"count":6,"href":"https:\/\/casinor.com\/sv\/wp-json\/wp\/v2\/pages\/18926\/revisions"}],"predecessor-version":[{"id":19942,"href":"https:\/\/casinor.com\/sv\/wp-json\/wp\/v2\/pages\/18926\/revisions\/19942"}],"up":[{"embeddable":true,"href":"https:\/\/casinor.com\/sv\/wp-json\/wp\/v2\/pages\/18166"}],"wp:attachment":[{"href":"https:\/\/casinor.com\/sv\/wp-json\/wp\/v2\/media?parent=18926"}],"curies":[{"name":"wp","href":"https:\/\/api.w.org\/{rel}","templated":true}]}}