{"id":18796,"date":"2025-01-14T19:43:57","date_gmt":"2025-01-14T18:43:57","guid":{"rendered":"https:\/\/casinor.com\/?page_id=18796"},"modified":"2025-02-01T19:41:40","modified_gmt":"2025-02-01T18:41:40","slug":"paypal-casino","status":"publish","type":"page","link":"https:\/\/casinor.com\/sv\/betalning\/paypal-casino\/","title":{"rendered":"PayPal casino"},"content":{"rendered":"\n<section id=\"hero-center-text-block_580d3874bc11f08e2747f16a3cd397c4\" class=\"home-hero home-hero--category block-hero-center-text\">\n\t<div class=\"home-hero__container\">\n\t\t<div class=\"home-hero__wrap\">\n\t\t\t<div class=\"home-hero__content\">\n\t\t\t\t\t\t\t\t\t<h1 class=\"home-hero__title\" >PayPal casinon<\/h1>\n\t\t\t\t\t\t\t\t\t\t\t\t\t<div class=\"home-hero__text\">PayPal casinon \u00e4r perfekt f\u00f6r dig som letar efter en s\u00e4ker betalningsmetod med snabba transaktioner. I den h\u00e4r artikeln listar vi de 10 b\u00e4sta PayPal casinon f\u00f6r svenska spelare.<\/div>\n\t\t\t\t\t\t\t<\/div>\n\t\t\t\t\t<\/div>\n\t<\/div>\n<\/section>\n\n\r\n\r\n    \r\n    <section id=\"competitors-table-block_46ad7cec052ad64308ddcb06fa0e64c6\" class=\"competitors-table   block-competitors-table is-top-padding is-bottom-padding is-grey\">\r\n        <div class=\"competitors-table__container\">\r\n            <div class=\"competitors-table__wrapper\">\r\n                <div class=\"competitors-table__inner\">\r\n                                            <div class=\"competitors-table__item\">\r\n                            <div class=\"competitors-table__item-img\">\r\n                                                                <a class=\"competitors-table__img-link no-external-link\" target=\"_blank\" rel=\"nofollow noopener\"\r\n                                   href=\"https:\/\/casinor.com\/sv\/go\/basta-casino-sidor\">\r\n                                                                                                                <img loading=\"lazy\" decoding=\"async\" width=\"160\" height=\"160\" src=\"https:\/\/casinor.com\/wp-content\/uploads\/2025\/01\/paypal-casinon-utan-svensk-licens.png\" class=\"competitors-table__img\" alt=\"PayPal casinon utan svensk licens\" \/>                                                                                                        <\/a>\r\n                                                        <\/div>\r\n                            <div class=\"competitors-table__item-ttl\">\r\n                                                                    <div class=\"competitors-table__item-ttl-inner\">B\u00e4sta paypal casinon utan svensk licens<\/div>\r\n                                                            <\/div>\r\n\t\t\t\t\t\t\t\t\t\t\t\t\t\t\t<div class=\"competitors-table__item-cnt\">\r\n\t\t\t\t\t\t\t\t\t\t\t\t\t\t\t\t\t\t\t<ul class=\"competitors-table__item-cnt-inner\">\r\n\t\t\t\t\t\t\t\t\t\t\t\t\t\t\t\t\t\t\t\t\t\t\t\t\t\t\t\t\t\t\t\t\t\t\t\t<li class=\"competitors-table__item-cnt-li\">200% upp till \u20ac1000<\/li>\r\n\t\t\t\t\t\t\t\t\t\t\t\t\t\t\t\t\t\t\t\t\t\t\t\t\t\t\t\t\t\t\t\t\t\t\t\t\t\t\t\t\t\t\t\t\t\t\t\t<li class=\"competitors-table__item-cnt-li\">225% upp till \u20ac600 + 275 Free Spins<\/li>\r\n\t\t\t\t\t\t\t\t\t\t\t\t\t\t\t\t\t\t\t\t\t\t\t\t\t\t\t\t\t\t\t\t\t\t\t\t\t\t\t\t\t\t\t\t\t\t\t\t<li class=\"competitors-table__item-cnt-li\">Upp till 7000 Free Spins<\/li>\r\n\t\t\t\t\t\t\t\t\t\t\t\t\t\t\t\t\t\t\t\t\t\t\t\t\t\t\t\t\t\t\t\t\t<\/ul>\r\n\t\t\t\t\t\t\t\t\t\t\t\t\t\t\t\t\t<\/div>\r\n\t\t\t\t\t\t\t                            <div class=\"competitors-table__item-cta\">\r\n                                <div class=\"competitors-table__item-cta-inner\">\r\n                                                                            <a href=\"https:\/\/casinor.com\/sv\/go\/basta-casino-sidor\" target=\"_blank\"\r\n                                           rel=\"nofollow noopener\"\r\n                                           class=\"btn-base button-green no-external-link\">Bes\u00f6k h\u00e4r                                        <\/a>\r\n                                                                    <\/div>\r\n                            <\/div>\r\n                        <\/div>\r\n                                    <\/div>\r\n            <\/div>\r\n        <\/div>\r\n    <\/section>\r\n\n\n\n    <section id=\"content-section-block_c5d6efe9214589deadc2f7d9dbafa67b\" class=\"content-section is-white  block-content-section\">\n                    <div class=\"content-section__container\">\n                <h2>10 b\u00e4sta PayPal casinon<\/h2>\n<p><span style=\"font-weight: 400;\">Vi p\u00e5 Casinor listar de b\u00e4sta PayPal casinon nedan baserat p\u00e5 v\u00e5ra tester. Vi har bland annat kollat p\u00e5 uttagstider, bonusar och oms\u00e4ttningskrav.<\/span><\/p>\n<table>\n<tbody>\n<tr>\n<td><b>Casino<\/b><\/td>\n<td><b>Bonus<\/b><\/td>\n<td><b>Oms\u00e4ttningskrav<\/b><\/td>\n<td><b>Minsta ins\u00e4ttning<\/b><\/td>\n<td><b>PayPal uttagstid<\/b><\/td>\n<\/tr>\n<tr>\n<td><span style=\"font-weight: 400;\">Mr Vegas<\/span><\/td>\n<td><span style=\"font-weight: 400;\">2\u00a0000 kr + 11 free spins<\/span><\/td>\n<td><span style=\"font-weight: 400;\">35x<\/span><\/td>\n<td><span style=\"font-weight: 400;\">100 kr<\/span><\/td>\n<td><span style=\"font-weight: 400;\">10 min<\/span><\/td>\n<\/tr>\n<tr>\n<td><span style=\"font-weight: 400;\">Betinia<\/span><\/td>\n<td><span style=\"font-weight: 400;\">2\u00a0500 kr<\/span><\/td>\n<td><span style=\"font-weight: 400;\">35x bonus + ins\u00e4ttning<\/span><\/td>\n<td><span style=\"font-weight: 400;\">100 kr<\/span><\/td>\n<td><span style=\"font-weight: 400;\">2 timmar<\/span><\/td>\n<\/tr>\n<tr>\n<td><span style=\"font-weight: 400;\">NordicBet<\/span><\/td>\n<td><span style=\"font-weight: 400;\">200 free spins<\/span><\/td>\n<td><span style=\"font-weight: 400;\">35x<\/span><\/td>\n<td><span style=\"font-weight: 400;\">200 kr<\/span><\/td>\n<td><span style=\"font-weight: 400;\">Direkt<\/span><\/td>\n<\/tr>\n<tr>\n<td><span style=\"font-weight: 400;\">Bet 365<\/span><\/td>\n<td><span style=\"font-weight: 400;\">1\u00a0500 kr + 100 free spins<\/span><\/td>\n<td><span style=\"font-weight: 400;\">0x<\/span><\/td>\n<td><span style=\"font-weight: 400;\">50 kr (500 kr f\u00f6r free spins)<\/span><\/td>\n<td><span style=\"font-weight: 400;\">30 min<\/span><\/td>\n<\/tr>\n<tr>\n<td><span style=\"font-weight: 400;\">10Bet<\/span><\/td>\n<td><span style=\"font-weight: 400;\">2\u00a0000 kr<\/span><\/td>\n<td><span style=\"font-weight: 400;\">50x<\/span><\/td>\n<td><span style=\"font-weight: 400;\">100 kr<\/span><\/td>\n<td><span style=\"font-weight: 400;\">Direkt<\/span><\/td>\n<\/tr>\n<tr>\n<td><span style=\"font-weight: 400;\">Campo Bet<\/span><\/td>\n<td><span style=\"font-weight: 400;\">2\u00a0500 kr<\/span><\/td>\n<td><span style=\"font-weight: 400;\">35 x<\/span><\/td>\n<td><span style=\"font-weight: 400;\">100 kr<\/span><\/td>\n<td><span style=\"font-weight: 400;\">15 min<\/span><\/td>\n<\/tr>\n<tr>\n<td><span style=\"font-weight: 400;\">Fun Casino<\/span><\/td>\n<td><span style=\"font-weight: 400;\">1\u00a0000 kr<\/span><\/td>\n<td><span style=\"font-weight: 400;\">40x<\/span><\/td>\n<td><span style=\"font-weight: 400;\">100 kr<\/span><\/td>\n<td><span style=\"font-weight: 400;\">30 min<\/span><\/td>\n<\/tr>\n<tr>\n<td><span style=\"font-weight: 400;\">Quick Casino<\/span><\/td>\n<td><span style=\"font-weight: 400;\">2\u00a0500 kr<\/span><\/td>\n<td><span style=\"font-weight: 400;\">35x<\/span><\/td>\n<td><span style=\"font-weight: 400;\">100 kr<\/span><\/td>\n<td><span style=\"font-weight: 400;\">1 timme<\/span><\/td>\n<\/tr>\n<tr>\n<td><span style=\"font-weight: 400;\">Videoslots<\/span><\/td>\n<td><span style=\"font-weight: 400;\">2\u00a0000 kr + 11 free spins<\/span><\/td>\n<td><span style=\"font-weight: 400;\">35x<\/span><\/td>\n<td><span style=\"font-weight: 400;\">100 kr<\/span><\/td>\n<td><span style=\"font-weight: 400;\">10 min<\/span><\/td>\n<\/tr>\n<tr>\n<td><span style=\"font-weight: 400;\">Betsafe<\/span><\/td>\n<td><span style=\"font-weight: 400;\">200 free spins<\/span><\/td>\n<td><span style=\"font-weight: 400;\">35x<\/span><\/td>\n<td><span style=\"font-weight: 400;\">200 kr<\/span><\/td>\n<td><span style=\"font-weight: 400;\">Direkt<\/span><\/td>\n<\/tr>\n<\/tbody>\n<\/table>\n<h2>Vad \u00e4r ett PayPal casino?<\/h2>\n<p><span style=\"font-weight: 400;\">Ett PayPal casino \u00e4r ett <a href=\"https:\/\/casinor.com\/sv\/\">online casino<\/a> som erbjuder ins\u00e4ttningar och uttag med e-pl\u00e5nboken. PayPal-kontot \u00e4r kopplat till ditt betalkort. Du kan \u00e4ven \u00f6verf\u00f6ra pengar direkt fr\u00e5n ditt bankkonto. P\u00e5 s\u00e5 s\u00e4tt slipper du uppge dina kortuppgifter till olika casinon utan endast till PayPal, vilket \u00e4r mycket s\u00e4krare.\u00a0<\/span><\/p>\n<h2>S\u00e5 g\u00f6r du en ins\u00e4ttning p\u00e5 ett casino med PayPal<\/h2>\n<p><span style=\"font-weight: 400;\">F\u00f6r spela p\u00e5 ett casino med PayPal ins\u00e4ttning g\u00f6r du s\u00e5 h\u00e4r:<\/span><\/p>\n<ol>\n<li style=\"font-weight: 400;\" aria-level=\"1\"><span style=\"font-weight: 400;\">B\u00f6rja med att registrera ett konto p\u00e5 PayPal, om du inte redan har ett. Du kan koppla din e-wallet till ditt bankkort om du vill, annars f\u00f6r du \u00f6ver pengar till PayPal fr\u00e5n din bank.<\/span><\/li>\n<li style=\"font-weight: 400;\" aria-level=\"1\"><span style=\"font-weight: 400;\">Logga in eller registrera dig hos ett casino som tar PayPal.<\/span><\/li>\n<li style=\"font-weight: 400;\" aria-level=\"1\"><span style=\"font-weight: 400;\">Klicka dig fram till sidan f\u00f6r ins\u00e4ttningar och v\u00e4lj PayPal som betalningsmetod.<\/span><\/li>\n<li style=\"font-weight: 400;\" aria-level=\"1\"><span style=\"font-weight: 400;\">Ange hur mycket du vill s\u00e4tta in. Minsta ins\u00e4ttning p\u00e5 PayPal casinon \u00e4r 50 kronor.<\/span><\/li>\n<li style=\"font-weight: 400;\" aria-level=\"1\"><span style=\"font-weight: 400;\">Nu omdirigeras du till PayPal, d\u00e4r du bekr\u00e4ftar ins\u00e4ttningen.<\/span><\/li>\n<\/ol>\n<h2>S\u00e5 g\u00f6r du ett uttag<\/h2>\n<p><span style=\"font-weight: 400;\">Att g\u00f6ra ett uttag p\u00e5 ett casino med PayPal \u00e4r enkelt. Pengarna landar vanligtvis p\u00e5 ditt konto inom n\u00e5gra minuter. Allt h\u00e4nger dock p\u00e5 casinots handl\u00e4ggningstid. S\u00e5 h\u00e4r g\u00f6r du:<\/span><\/p>\n<ol>\n<li style=\"font-weight: 400;\" aria-level=\"1\"><span style=\"font-weight: 400;\">Logga in p\u00e5 ett casino med PayPal\u00a0<\/span><\/li>\n<li style=\"font-weight: 400;\" aria-level=\"1\"><span style=\"font-weight: 400;\">G\u00e5 till sidan f\u00f6r uttag.<\/span><\/li>\n<li style=\"font-weight: 400;\" aria-level=\"1\"><span style=\"font-weight: 400;\">Ange hur mycket du vill ta ut.<\/span><\/li>\n<li style=\"font-weight: 400;\" aria-level=\"1\"><span style=\"font-weight: 400;\">V\u00e4lj PayPal som uttagsmetod<\/span><\/li>\n<li style=\"font-weight: 400;\" aria-level=\"1\"><span style=\"font-weight: 400;\">Bekr\u00e4fta ditt uttag.<\/span><\/li>\n<\/ol>\n<h2>Du kan spela p\u00e5 utl\u00e4ndska casinon med PayPal<\/h2>\n<p><span style=\"font-weight: 400;\">PayPal finns inte endast p\u00e5 <a href=\"https:\/\/casinor.com\/sv\/svenska-casinon\/\">svenska casinon<\/a>. Du kan \u00e4ven spela p\u00e5 hundratals PayPal casinon utan licens i Sverige. Dessa online casinon erbjuder mer \u00e4n en <a href=\"https:\/\/casinor.com\/sv\/casino-bonus\/\">casinobonus<\/a> per spelare och till\u00e5ter h\u00f6gre ins\u00e4ttningar.\u00a0<\/span><\/p>\n<h2>F\u00f6rdelar och nackdelar<\/h2>\n<p><span style=\"font-weight: 400;\">Nedan listar vi f\u00f6rdelar och nackdelar med PayPal casinon.<\/span><\/p>\n<table>\n<tbody>\n<tr>\n<td><b>F\u00f6rdelar<\/b><\/td>\n<td><b>Nackdelar\u00a0<\/b><\/td>\n<\/tr>\n<tr>\n<td><span style=\"font-weight: 400;\">S\u00e4ker betalningsmetod<\/span><\/td>\n<td><span style=\"font-weight: 400;\">St\u00f6rre uttag kr\u00e4ver extra verifiering<\/span><\/td>\n<\/tr>\n<tr>\n<td><span style=\"font-weight: 400;\">Enkel att anv\u00e4nda<\/span><\/td>\n<td><span style=\"font-weight: 400;\">Begr\u00e4nsat antal svensk casinon erbjuder metoden<\/span><\/td>\n<\/tr>\n<tr>\n<td><span style=\"font-weight: 400;\">Inga personliga uppgifter l\u00e4mnas ut<\/span><\/td>\n<td><span style=\"font-weight: 400;\">Det kan f\u00f6rekomma avgifter<\/span><\/td>\n<\/tr>\n<tr>\n<td><span style=\"font-weight: 400;\">Snabba transaktioner<\/span><\/td>\n<td><\/td>\n<\/tr>\n<tr>\n<td><span style=\"font-weight: 400;\">Kan kopplas till ditt bankkort<\/span><\/td>\n<td><\/td>\n<\/tr>\n<tr>\n<td><span style=\"font-weight: 400;\">Metoden \u00e4r v\u00e4lk\u00e4nd bland allm\u00e4nheten<\/span><\/td>\n<td><\/td>\n<\/tr>\n<\/tbody>\n<\/table>\n<h2>Alternativ till PayPal casinon<\/h2>\n<p><span style=\"font-weight: 400;\">Det finns massor av <a href=\"https:\/\/casinor.com\/sv\/betalning\/\">betalningsmetoder<\/a> som du kan anv\u00e4nda ist\u00e4llet f\u00f6r PayPal p\u00e5 casinon. I tabellen har vi j\u00e4mf\u00f6r dessa med PayPal.<\/span><\/p>\n<table>\n<tbody>\n<tr>\n<td><b>Betalningsmetod<\/b><\/td>\n<td><b>Avgift<\/b><\/td>\n<td><b>Ins\u00e4ttningstid<\/b><\/td>\n<td><b>Max uttag<\/b><\/td>\n<td><b>Tillg\u00e4nglighet<\/b><\/td>\n<\/tr>\n<tr>\n<td><span style=\"font-weight: 400;\">PayPal casino<\/span><\/td>\n<td><span style=\"font-weight: 400;\">Ev. v\u00e4xlingsavgift<\/span><\/td>\n<td><span style=\"font-weight: 400;\">Direkt<\/span><\/td>\n<td><span style=\"font-weight: 400;\">650\u00a0000 kr<\/span><\/td>\n<td><span style=\"font-weight: 400;\">Begr\u00e4nsad<\/span><\/td>\n<\/tr>\n<tr>\n<td><span style=\"font-weight: 400;\">Klarna casino<\/span><\/td>\n<td><span style=\"font-weight: 400;\">0%<\/span><\/td>\n<td><span style=\"font-weight: 400;\">Direkt<\/span><\/td>\n<td><span style=\"font-weight: 400;\">Uttag ej m\u00f6jligt<\/span><\/td>\n<td><span style=\"font-weight: 400;\">Begr\u00e4nsad<\/span><\/td>\n<\/tr>\n<tr>\n<td><span style=\"font-weight: 400;\">Skrill casino<\/span><\/td>\n<td><span style=\"font-weight: 400;\">0%<\/span><\/td>\n<td><span style=\"font-weight: 400;\">Direkt<\/span><\/td>\n<td><span style=\"font-weight: 400;\">500\u00a0000 kr<\/span><\/td>\n<td><span style=\"font-weight: 400;\">Mycket vanlig<\/span><\/td>\n<\/tr>\n<tr>\n<td><span style=\"font-weight: 400;\">Neteller casino<\/span><\/td>\n<td><span style=\"font-weight: 400;\">0%<\/span><\/td>\n<td><span style=\"font-weight: 400;\">Direkt<\/span><\/td>\n<td><span style=\"font-weight: 400;\">500\u00a0000 kr<\/span><\/td>\n<td><span style=\"font-weight: 400;\">Mycket vanlig<\/span><\/td>\n<\/tr>\n<tr>\n<td><span style=\"font-weight: 400;\">PaySafeCard casino<\/span><\/td>\n<td><span style=\"font-weight: 400;\">0%<\/span><\/td>\n<td><span style=\"font-weight: 400;\">Direkt<\/span><\/td>\n<td><span style=\"font-weight: 400;\">Uttag ej m\u00f6jligt<\/span><\/td>\n<td><span style=\"font-weight: 400;\">Begr\u00e4nsad<\/span><\/td>\n<\/tr>\n<tr>\n<td><span style=\"font-weight: 400;\">Trustly casino<\/span><\/td>\n<td><span style=\"font-weight: 400;\">0%<\/span><\/td>\n<td><span style=\"font-weight: 400;\">Direkt<\/span><\/td>\n<td><span style=\"font-weight: 400;\">1\u00a0200\u00a0000 kr<\/span><\/td>\n<td><span style=\"font-weight: 400;\">Mycket vanlig<\/span><\/td>\n<\/tr>\n<\/tbody>\n<\/table>\n<h2>Vanliga fr\u00e5gor<\/h2>\n\t\t<div class=\"wp-faq-schema-wrap wp-faq-schema-accordion\">\n\t\t\t\t\t\t<div class=\"wp-faq-schema-items\">\n\t\t\t\t\t\t\t\t\t<h3>Tillkommer avgifter p\u00e5 ett PayPal casino?<\/h3>\n\t\t\t\t\t<div class=\"\">\n\t\t\t\t\t\t<p>Ja, avgifter p\u00e5 transaktioner via casinon PayPal kan f\u00f6rekomma, men det handlar i princip enbart om v\u00e4xlingsavgifter mellan olika valutor.<\/p>\n\t\t\t\t\t<\/div>\n\t\t\t\t\t\t\t\t\t<h3>Hur m\u00e5nga casinon tar PayPal?<\/h3>\n\t\t\t\t\t<div class=\"\">\n\t\t\t\t\t\t<p>Det finns cirka 20 svenska casinon som accepterar PayPal. Dock finns det hundratals utl\u00e4ndska casinon med PayPal.<\/p>\n\t\t\t\t\t<\/div>\n\t\t\t\t\t\t\t\t\t<h3>\u00c4r PayPal casinon s\u00e4kra att spela p\u00e5?<\/h3>\n\t\t\t\t\t<div class=\"\">\n\t\t\t\t\t\t<p>Ja, det \u00e4r s\u00e4kert att spela p\u00e5 ett casino med PayPal. Med stark SSL-kryptering och andra s\u00e4kerhets\u00e5tg\u00e4rder finns det inga risker med att anv\u00e4nda denna betalningsmetod.<\/p>\n\t\t\t\t\t<\/div>\n\t\t\t\t\t\t\t\t\t<h3>Vad \u00e4r minsta uttaget p\u00e5 ett PayPal casino?<\/h3>\n\t\t\t\t\t<div class=\"\">\n\t\t\t\t\t\t<p>Det minsta uttag p\u00e5 ett PayPal casino brukar ligga p\u00e5 mellan 100 och 200 kronor.<\/p>\n\t\t\t\t\t<\/div>\n\t\t\t\t\t\t\t\t\t<h3>Vad \u00e4r h\u00f6gsta ins\u00e4ttningen?<\/h3>\n\t\t\t\t\t<div class=\"\">\n\t\t\t\t\t\t<p>H\u00f6gsta ins\u00e4ttningen p\u00e5 ett casino med Paypal \u00e4r ofta runt 10 000 kr per tillf\u00e4lle. Men gr\u00e4nsen varierar mellan olika casinon.<\/p>\n\t\t\t\t\t<\/div>\n\t\t\t\t\t\t\t<\/div>\n\t\t<\/div>\n\t\t\n            <\/div>\n            <\/section>\n\n\n\n<p><\/p>\n","protected":false},"excerpt":{"rendered":"","protected":false},"author":14,"featured_media":0,"parent":18166,"menu_order":0,"comment_status":"closed","ping_status":"closed","template":"","meta":{"_acf_changed":false,"footnotes":""},"class_list":["post-18796","page","type-page","status-publish","hentry"],"acf":[],"yoast_head":"<!-- This site is optimized with the Yoast SEO plugin v26.8 - https:\/\/yoast.com\/product\/yoast-seo-wordpress\/ -->\n<title>10 b\u00e4sta PayPal casinon<\/title>\n<meta name=\"description\" content=\"I den h\u00e4r artikeln listar vi de b\u00e4sta PayPal casinon baserat p\u00e5 v\u00e5ra tester. B\u00f6rja spela idag.\" \/>\n<meta name=\"robots\" content=\"index, follow, max-snippet:-1, max-image-preview:large, max-video-preview:-1\" \/>\n<link rel=\"canonical\" href=\"https:\/\/casinor.com\/sv\/betalning\/paypal-casino\/\" \/>\n<meta property=\"og:locale\" content=\"sv_SE\" \/>\n<meta property=\"og:type\" content=\"article\" \/>\n<meta property=\"og:title\" content=\"10 b\u00e4sta PayPal casinon\" \/>\n<meta property=\"og:description\" content=\"I den h\u00e4r artikeln listar vi de b\u00e4sta PayPal casinon baserat p\u00e5 v\u00e5ra tester. B\u00f6rja spela idag.\" \/>\n<meta property=\"og:url\" content=\"https:\/\/casinor.com\/sv\/betalning\/paypal-casino\/\" \/>\n<meta property=\"og:site_name\" content=\"Casinor.com\" \/>\n<meta property=\"article:publisher\" content=\"https:\/\/www.facebook.com\/Casinorcom-1429398773853454\/\" \/>\n<meta property=\"article:modified_time\" content=\"2025-02-01T18:41:40+00:00\" \/>\n<meta name=\"twitter:card\" content=\"summary_large_image\" \/>\n<meta name=\"twitter:site\" content=\"@casinor_com\" \/>\n<script type=\"application\/ld+json\" class=\"yoast-schema-graph\">{\"@context\":\"https:\/\/schema.org\",\"@graph\":[{\"@type\":\"WebPage\",\"@id\":\"https:\/\/casinor.com\/sv\/betalning\/paypal-casino\/\",\"url\":\"https:\/\/casinor.com\/sv\/betalning\/paypal-casino\/\",\"name\":\"10 b\u00e4sta PayPal casinon\",\"isPartOf\":{\"@id\":\"https:\/\/casinor.com\/#website\"},\"datePublished\":\"2025-01-14T18:43:57+00:00\",\"dateModified\":\"2025-02-01T18:41:40+00:00\",\"description\":\"I den h\u00e4r artikeln listar vi de b\u00e4sta PayPal casinon baserat p\u00e5 v\u00e5ra tester. B\u00f6rja spela idag.\",\"breadcrumb\":{\"@id\":\"https:\/\/casinor.com\/sv\/betalning\/paypal-casino\/#breadcrumb\"},\"inLanguage\":\"sv-SE\",\"potentialAction\":[{\"@type\":\"ReadAction\",\"target\":[\"https:\/\/casinor.com\/sv\/betalning\/paypal-casino\/\"]}]},{\"@type\":\"BreadcrumbList\",\"@id\":\"https:\/\/casinor.com\/sv\/betalning\/paypal-casino\/#breadcrumb\",\"itemListElement\":[{\"@type\":\"ListItem\",\"position\":1,\"name\":\"Hem\",\"item\":\"https:\/\/casinor.com\/sv\/\"},{\"@type\":\"ListItem\",\"position\":2,\"name\":\"Betalningsmetoder\",\"item\":\"https:\/\/casinor.com\/sv\/betalning\/\"},{\"@type\":\"ListItem\",\"position\":3,\"name\":\"PayPal casino\"}]},{\"@type\":\"WebSite\",\"@id\":\"https:\/\/casinor.com\/#website\",\"url\":\"https:\/\/casinor.com\/\",\"name\":\"Casinor.com\",\"description\":\"Sveriges b\u00e4sta service f\u00f6r casino recensioner\",\"publisher\":{\"@id\":\"https:\/\/casinor.com\/#organization\"},\"potentialAction\":[{\"@type\":\"SearchAction\",\"target\":{\"@type\":\"EntryPoint\",\"urlTemplate\":\"https:\/\/casinor.com\/?s={search_term_string}\"},\"query-input\":{\"@type\":\"PropertyValueSpecification\",\"valueRequired\":true,\"valueName\":\"search_term_string\"}}],\"inLanguage\":\"sv-SE\"},{\"@type\":\"Organization\",\"@id\":\"https:\/\/casinor.com\/#organization\",\"name\":\"Casinor.com\",\"url\":\"https:\/\/casinor.com\/\",\"logo\":{\"@type\":\"ImageObject\",\"inLanguage\":\"sv-SE\",\"@id\":\"https:\/\/casinor.com\/#\/schema\/logo\/image\/\",\"url\":\"https:\/\/casinor.com\/wp-content\/uploads\/2023\/05\/logo_sweden.svg\",\"contentUrl\":\"https:\/\/casinor.com\/wp-content\/uploads\/2023\/05\/logo_sweden.svg\",\"caption\":\"Casinor.com\"},\"image\":{\"@id\":\"https:\/\/casinor.com\/#\/schema\/logo\/image\/\"},\"sameAs\":[\"https:\/\/www.facebook.com\/Casinorcom-1429398773853454\/\",\"https:\/\/x.com\/casinor_com\",\"https:\/\/no.pinterest.com\/casinor1\",\"https:\/\/www.youtube.com\/channel\/UCIaYR-rxk3WeeGSnE-9M-CQ\"]}]}<\/script>\n<!-- \/ Yoast SEO plugin. -->","yoast_head_json":{"title":"10 b\u00e4sta PayPal casinon","description":"I den h\u00e4r artikeln listar vi de b\u00e4sta PayPal casinon baserat p\u00e5 v\u00e5ra tester. B\u00f6rja spela idag.","robots":{"index":"index","follow":"follow","max-snippet":"max-snippet:-1","max-image-preview":"max-image-preview:large","max-video-preview":"max-video-preview:-1"},"canonical":"https:\/\/casinor.com\/sv\/betalning\/paypal-casino\/","og_locale":"sv_SE","og_type":"article","og_title":"10 b\u00e4sta PayPal casinon","og_description":"I den h\u00e4r artikeln listar vi de b\u00e4sta PayPal casinon baserat p\u00e5 v\u00e5ra tester. B\u00f6rja spela idag.","og_url":"https:\/\/casinor.com\/sv\/betalning\/paypal-casino\/","og_site_name":"Casinor.com","article_publisher":"https:\/\/www.facebook.com\/Casinorcom-1429398773853454\/","article_modified_time":"2025-02-01T18:41:40+00:00","twitter_card":"summary_large_image","twitter_site":"@casinor_com","schema":{"@context":"https:\/\/schema.org","@graph":[{"@type":"WebPage","@id":"https:\/\/casinor.com\/sv\/betalning\/paypal-casino\/","url":"https:\/\/casinor.com\/sv\/betalning\/paypal-casino\/","name":"10 b\u00e4sta PayPal casinon","isPartOf":{"@id":"https:\/\/casinor.com\/#website"},"datePublished":"2025-01-14T18:43:57+00:00","dateModified":"2025-02-01T18:41:40+00:00","description":"I den h\u00e4r artikeln listar vi de b\u00e4sta PayPal casinon baserat p\u00e5 v\u00e5ra tester. B\u00f6rja spela idag.","breadcrumb":{"@id":"https:\/\/casinor.com\/sv\/betalning\/paypal-casino\/#breadcrumb"},"inLanguage":"sv-SE","potentialAction":[{"@type":"ReadAction","target":["https:\/\/casinor.com\/sv\/betalning\/paypal-casino\/"]}]},{"@type":"BreadcrumbList","@id":"https:\/\/casinor.com\/sv\/betalning\/paypal-casino\/#breadcrumb","itemListElement":[{"@type":"ListItem","position":1,"name":"Hem","item":"https:\/\/casinor.com\/sv\/"},{"@type":"ListItem","position":2,"name":"Betalningsmetoder","item":"https:\/\/casinor.com\/sv\/betalning\/"},{"@type":"ListItem","position":3,"name":"PayPal casino"}]},{"@type":"WebSite","@id":"https:\/\/casinor.com\/#website","url":"https:\/\/casinor.com\/","name":"Casinor.com","description":"Sveriges b\u00e4sta service f\u00f6r casino recensioner","publisher":{"@id":"https:\/\/casinor.com\/#organization"},"potentialAction":[{"@type":"SearchAction","target":{"@type":"EntryPoint","urlTemplate":"https:\/\/casinor.com\/?s={search_term_string}"},"query-input":{"@type":"PropertyValueSpecification","valueRequired":true,"valueName":"search_term_string"}}],"inLanguage":"sv-SE"},{"@type":"Organization","@id":"https:\/\/casinor.com\/#organization","name":"Casinor.com","url":"https:\/\/casinor.com\/","logo":{"@type":"ImageObject","inLanguage":"sv-SE","@id":"https:\/\/casinor.com\/#\/schema\/logo\/image\/","url":"https:\/\/casinor.com\/wp-content\/uploads\/2023\/05\/logo_sweden.svg","contentUrl":"https:\/\/casinor.com\/wp-content\/uploads\/2023\/05\/logo_sweden.svg","caption":"Casinor.com"},"image":{"@id":"https:\/\/casinor.com\/#\/schema\/logo\/image\/"},"sameAs":["https:\/\/www.facebook.com\/Casinorcom-1429398773853454\/","https:\/\/x.com\/casinor_com","https:\/\/no.pinterest.com\/casinor1","https:\/\/www.youtube.com\/channel\/UCIaYR-rxk3WeeGSnE-9M-CQ"]}]}},"_links":{"self":[{"href":"https:\/\/casinor.com\/sv\/wp-json\/wp\/v2\/pages\/18796","targetHints":{"allow":["GET"]}}],"collection":[{"href":"https:\/\/casinor.com\/sv\/wp-json\/wp\/v2\/pages"}],"about":[{"href":"https:\/\/casinor.com\/sv\/wp-json\/wp\/v2\/types\/page"}],"author":[{"embeddable":true,"href":"https:\/\/casinor.com\/sv\/wp-json\/wp\/v2\/users\/14"}],"replies":[{"embeddable":true,"href":"https:\/\/casinor.com\/sv\/wp-json\/wp\/v2\/comments?post=18796"}],"version-history":[{"count":3,"href":"https:\/\/casinor.com\/sv\/wp-json\/wp\/v2\/pages\/18796\/revisions"}],"predecessor-version":[{"id":19011,"href":"https:\/\/casinor.com\/sv\/wp-json\/wp\/v2\/pages\/18796\/revisions\/19011"}],"up":[{"embeddable":true,"href":"https:\/\/casinor.com\/sv\/wp-json\/wp\/v2\/pages\/18166"}],"wp:attachment":[{"href":"https:\/\/casinor.com\/sv\/wp-json\/wp\/v2\/media?parent=18796"}],"curies":[{"name":"wp","href":"https:\/\/api.w.org\/{rel}","templated":true}]}}