{"id":18527,"date":"2024-12-12T18:38:06","date_gmt":"2024-12-12T17:38:06","guid":{"rendered":"https:\/\/casinor.com\/?page_id=18527"},"modified":"2026-01-28T15:33:51","modified_gmt":"2026-01-28T14:33:51","slug":"curacao-casino","status":"publish","type":"page","link":"https:\/\/casinor.com\/sv\/curacao-casino\/","title":{"rendered":"Curacao casino"},"content":{"rendered":"\n<section id=\"hero-center-text-block_a27f7a0c8a464358ff69eebd34a997b2\" class=\"home-hero home-hero--category block-hero-center-text\">\n\t<div class=\"home-hero__container\">\n\t\t<div class=\"home-hero__wrap\">\n\t\t\t<div class=\"home-hero__content\">\n\t\t\t\t\t\t\t\t\t<h1 class=\"home-hero__title\" >Curacao casino<\/h1>\n\t\t\t\t\t\t\t\t\t\t\t\t\t<div class=\"home-hero__text\">Curacao casinon \u00e4r n\u00e5got som allt fler svenskar spelar p\u00e5. B\u00e4ttre bonuserbjudanden, lojalitetsprogram och m\u00f6jligheten att spela med kryptovalutor \u00e4r n\u00e5gra av anledningarna. I den h\u00e4r artikeln listar vi de b\u00e4sta Curacao casinon just nu och vad du m\u00e5ste t\u00e4nka p\u00e5 n\u00e4r du spelar p\u00e5 dessa.<\/div>\n\t\t\t\t\t\t\t<\/div>\n\t\t\t\t\t<\/div>\n\t<\/div>\n<\/section>\n\n\r\n\r\n    \r\n    <section id=\"competitors-table-block_3a22d55f06d34017adc4d0cad70e1ba3\" class=\"competitors-table   block-competitors-table is-top-padding is-bottom-padding is-grey\">\r\n        <div class=\"competitors-table__container\">\r\n            <div class=\"competitors-table__wrapper\">\r\n                <div class=\"competitors-table__inner\">\r\n                                            <div class=\"competitors-table__item\">\r\n                            <div class=\"competitors-table__item-img\">\r\n                                                                <a class=\"competitors-table__img-link no-external-link\" target=\"_blank\" rel=\"nofollow noopener\"\r\n                                   href=\"https:\/\/casinor.com\/sv\/go\/basta-casino-sidor\">\r\n                                                                                                                <img loading=\"lazy\" decoding=\"async\" width=\"160\" height=\"160\" src=\"https:\/\/casinor.com\/wp-content\/uploads\/2024\/12\/basta-casinon-med-curacao-licens.png\" class=\"competitors-table__img\" alt=\"B\u00e4sta casinon med Curacao licens\" \/>                                                                                                        <\/a>\r\n                                                        <\/div>\r\n                            <div class=\"competitors-table__item-ttl\">\r\n                                                                    <div class=\"competitors-table__item-ttl-inner\">B\u00e4sta casinon med Curacao licens<\/div>\r\n                                                            <\/div>\r\n\t\t\t\t\t\t\t\t\t\t\t\t\t\t\t<div class=\"competitors-table__item-cnt\">\r\n\t\t\t\t\t\t\t\t\t\t\t\t\t\t\t\t\t\t\t<ul class=\"competitors-table__item-cnt-inner\">\r\n\t\t\t\t\t\t\t\t\t\t\t\t\t\t\t\t\t\t\t\t\t\t\t\t\t\t\t\t\t\t\t\t\t\t\t\t<li class=\"competitors-table__item-cnt-li\">200% upp till \u20ac1000<\/li>\r\n\t\t\t\t\t\t\t\t\t\t\t\t\t\t\t\t\t\t\t\t\t\t\t\t\t\t\t\t\t\t\t\t\t\t\t\t\t\t\t\t\t\t\t\t\t\t\t\t<li class=\"competitors-table__item-cnt-li\">Upp till \u20ac6000 + 600 Free Spins<\/li>\r\n\t\t\t\t\t\t\t\t\t\t\t\t\t\t\t\t\t\t\t\t\t\t\t\t\t\t\t\t\t\t\t\t\t\t\t\t\t\t\t\t\t\t\t\t\t\t\t\t<li class=\"competitors-table__item-cnt-li\">Upp till 7000 Free Spins<\/li>\r\n\t\t\t\t\t\t\t\t\t\t\t\t\t\t\t\t\t\t\t\t\t\t\t\t\t\t\t\t\t\t\t\t\t<\/ul>\r\n\t\t\t\t\t\t\t\t\t\t\t\t\t\t\t\t\t<\/div>\r\n\t\t\t\t\t\t\t                            <div class=\"competitors-table__item-cta\">\r\n                                <div class=\"competitors-table__item-cta-inner\">\r\n                                                                            <a href=\"https:\/\/casinor.com\/sv\/go\/basta-casino-sidor\" target=\"_blank\"\r\n                                           rel=\"nofollow noopener\"\r\n                                           class=\"btn-base button-green no-external-link\">Bes\u00f6k h\u00e4r                                        <\/a>\r\n                                                                    <\/div>\r\n                            <\/div>\r\n                        <\/div>\r\n                                    <\/div>\r\n            <\/div>\r\n        <\/div>\r\n    <\/section>\r\n\n\n\n    <section id=\"content-section-block_4719babaacb22b6a75ae1212f7081c19\" class=\"content-section is-white  block-content-section\">\n                    <div class=\"content-section__container\">\n                <h2>10 b\u00e4sta Curacao casinon<\/h2>\n<p><span style=\"font-weight: 400;\">H\u00e4r hittar du de 10 b\u00e4sta Curacao casinon enligt oss p\u00e5 Casinor.com. Vi uppdaterar st\u00e4ndigt denna lista i takt med att det dyker upp <a href=\"https:\/\/casinor.com\/sv\/nya-casinon\/\">nya casinon<\/a> som \u00e4r b\u00e4ttre.\u00a0<\/span><\/p>\n<table>\n<tbody>\n<tr>\n<td><b>Casino<\/b><\/td>\n<td><b>Bonus<\/b><\/td>\n<td><b>Oms\u00e4ttningskrav<\/b><\/td>\n<td><b>Minsta ins\u00e4ttning<\/b><\/td>\n<\/tr>\n<tr>\n<td><span style=\"font-weight: 400;\">Qbet<\/span><\/td>\n<td><span style=\"font-weight: 400;\">100% upp till \u20ac100 + 100 free spins<\/span><\/td>\n<td><span style=\"font-weight: 400;\">35x<\/span><\/td>\n<td><span style=\"font-weight: 400;\">\u20ac10<\/span><\/td>\n<\/tr>\n<tr>\n<td><span style=\"font-weight: 400;\">Hell Spin<\/span><\/td>\n<td><span style=\"font-weight: 400;\">100% upp till \u20ac100 + 100 free spins<\/span><\/td>\n<td><span style=\"font-weight: 400;\">40x<\/span><\/td>\n<td><span style=\"font-weight: 400;\">\u20ac20<\/span><\/td>\n<\/tr>\n<tr>\n<td><span style=\"font-weight: 400;\">Casoo Casino<\/span><\/td>\n<td><span style=\"font-weight: 400;\">100% upp till \u20ac300 + 100 free spins<\/span><\/td>\n<td><span style=\"font-weight: 400;\">25x<\/span><\/td>\n<td><span style=\"font-weight: 400;\">\u20ac20<\/span><\/td>\n<\/tr>\n<tr>\n<td><span style=\"font-weight: 400;\">Compeon<\/span><\/td>\n<td><span style=\"font-weight: 400;\">150% upp till \u20ac2000<\/span><\/td>\n<td><span style=\"font-weight: 400;\">35x<\/span><\/td>\n<td><span style=\"font-weight: 400;\">\u20ac20<\/span><\/td>\n<\/tr>\n<tr>\n<td><span style=\"font-weight: 400;\">Hugo Casino<\/span><\/td>\n<td><span style=\"font-weight: 400;\">100% upp till \u20ac150 + 100 free spins<\/span><\/td>\n<td><span style=\"font-weight: 400;\">45x<\/span><\/td>\n<td><span style=\"font-weight: 400;\">\u20ac20<\/span><\/td>\n<\/tr>\n<tr>\n<td><span style=\"font-weight: 400;\">Boomerang<\/span><\/td>\n<td><span style=\"font-weight: 400;\">100% upp till \u20ac500 + 75 free spins<\/span><\/td>\n<td><span style=\"font-weight: 400;\">50x<\/span><\/td>\n<td><span style=\"font-weight: 400;\">\u20ac20<\/span><\/td>\n<\/tr>\n<tr>\n<td><span style=\"font-weight: 400;\">WazBee<\/span><\/td>\n<td><span style=\"font-weight: 400;\">250% upp till \u20ac2000<\/span><\/td>\n<td><span style=\"font-weight: 400;\">30x<\/span><\/td>\n<td><span style=\"font-weight: 400;\">\u20ac20<\/span><\/td>\n<\/tr>\n<tr>\n<td><span style=\"font-weight: 400;\">Monro Casino<\/span><\/td>\n<td><span style=\"font-weight: 400;\">150% upp till \u20ac600<\/span><\/td>\n<td><span style=\"font-weight: 400;\">40x<\/span><\/td>\n<td><span style=\"font-weight: 400;\">\u20ac20<\/span><\/td>\n<\/tr>\n<tr>\n<td><span style=\"font-weight: 400;\">Gizbo Casino<\/span><\/td>\n<td><span style=\"font-weight: 400;\">150% upp till \u20ac600<\/span><\/td>\n<td><span style=\"font-weight: 400;\">40x<\/span><\/td>\n<td><span style=\"font-weight: 400;\">\u20ac20<\/span><\/td>\n<\/tr>\n<tr>\n<td><span style=\"font-weight: 400;\">PlayOro<\/span><\/td>\n<td><span style=\"font-weight: 400;\">100% upp till \u20ac1000<\/span><\/td>\n<td><span style=\"font-weight: 400;\">35x<\/span><\/td>\n<td><span style=\"font-weight: 400;\">\u20ac10<\/span><\/td>\n<\/tr>\n<\/tbody>\n<\/table>\n<h2>Vad \u00e4r ett Curacao casino?<\/h2>\n<p><span style=\"font-weight: 400;\">Ett Curacao casino \u00e4r ett casino som har licens utgiven fr\u00e5n Cura\u00e7ao eGaming (CEG), vilket \u00e4r landets motsvarighet till Spelinspektionen. Det \u00e4r helt lagligt f\u00f6r svenskar att spela p\u00e5 dessa casinon och Curacao licens \u00e4r idag v\u00e4rldens mest anv\u00e4nda casinolicens.\u00a0<\/span><\/p>\n<h2>Du m\u00e5ste betala 30% skatt p\u00e5 vinster fr\u00e5n Curacao casinon<\/h2>\n<p><span style=\"font-weight: 400;\">Curacao casinon \u00e4r licensierade utanf\u00f6r EU\/EES, vilket inneb\u00e4r att du m\u00e5ste betala 30% skatt p\u00e5 dina vinster \u00f6ver 100 kronor. Detta i enlighet med de skatteregler som g\u00e4ller i Sverige, och det \u00e4r n\u00e4r du deklarerar som du f\u00e5r uppge hur mycket du har vunnit i totala vinster.<\/span><\/p>\n<p><span style=\"font-weight: 400;\">Det g\u00e5r inte att dra av f\u00f6rluster n\u00e4r du deklarerar. Allts\u00e5 beh\u00f6ver du betala skatt \u00e4ven om du har tagit ut vinsten och sedan spelat f\u00f6r och f\u00f6rlorat mer \u00e4n vad vinsten var.\u00a0\u00a0<\/span><\/p>\n<h2>Fallgropar att undvika n\u00e4r du v\u00e4ljer ett Curacao casino<\/h2>\n<p><span style=\"font-weight: 400;\">Det \u00e4r helt s\u00e4kert att spela hos den absoluta majoriteten av casinon med Curacao licens. Men d\u00e5 denna licens har l\u00f6sare regler har det funnits vissa oseri\u00f6sa akt\u00f6rer som drivit sin verksamhet med en Curacao-licens. Nedan g\u00e5r vi igenom vilka fallgropar att undvika n\u00e4r du spelar p\u00e5 dessa casinon.<\/span><\/p>\n<h3>Oseri\u00f6sa spelf\u00f6retag<\/h3>\n<p><span style=\"font-weight: 400;\">Under 2020 \u00e4ndrades regler som gjorde det sv\u00e5rare f\u00f6r oseri\u00f6sa Curacao casinon men du beh\u00f6ver fortfarande vara uppm\u00e4rksam n\u00e4r du spelar. Det finns fortfarande en del casinon som exempelvis g\u00f6r det sv\u00e5rare att ta ut pengar, eller som rakt av fuskar. Dessa \u00e4r f\u00e5, men det g\u00e4ller att vara uppm\u00e4rksam.\u00a0<\/span><\/p>\n<p><span style=\"font-weight: 400;\">V\u00e4ljer du ett <a href=\"https:\/\/casinor.com\/sv\/\">online casino<\/a> fr\u00e5n n\u00e5gon av v\u00e5ra topplistor s\u00e5 v\u00e4ljer du ett s\u00e4kert och testat casino. Om du p\u00e5 egen hand ska s\u00f6ka upp ett nytt casino med curacao licens, rekommenderar vi p\u00e5 Casinor.com att du l\u00e4ser hur andra spelare upplevt sajten.<\/span><\/p>\n<h3>Oschyssta bonusvillkor<\/h3>\n<p><span style=\"font-weight: 400;\">N\u00e4r vi talar om oseri\u00f6sa akt\u00f6rer talar vi \u00e4ven om Curacao casinon som har riktigt oschyssta bonusvillkor. Exempelvis kan det handla om v\u00e4ldigt h\u00f6ga oms\u00e4ttningskrav som \u00e4r riktigt sv\u00e5ra att n\u00e5, v\u00e4ldigt kort bonustid, eller andra orimliga regler som g\u00f6r det sv\u00e5rt att spela igenom bonusen.<\/span><\/p>\n<h3>Begr\u00e4nsade utbetalningsmetoder<\/h3>\n<p><span style=\"font-weight: 400;\">Ibland kan en del Curacao casinon ha v\u00e4ldigt begr\u00e4nsat med utbetalningsmetoder. Exempelvis kan du inte anv\u00e4nda samma betalningsmetod som ins\u00e4ttningsmetoden, eller kan du endast ta ut i kryptovaluta.\u00a0<\/span><\/p>\n<p><span style=\"font-weight: 400;\">D\u00e4rf\u00f6r \u00e4r det viktigt att du kollar igenom ins\u00e4ttningsmetoder s\u00e5v\u00e4l som utbetalningsmetoder. D\u00e5 f\u00e5r du \u00e4ven se om n\u00e5gon av betalningsmetoderna kommer med extra utgifter.\u00a0<\/span><\/p>\n<h2>Vanliga fr\u00e5gor<\/h2>\n\t\t<div class=\"wp-faq-schema-wrap wp-faq-schema-accordion\">\n\t\t\t\t\t\t<div class=\"wp-faq-schema-items\">\n\t\t\t\t\t\t\t\t\t<h3>\u00c4r det lagligt att spela p\u00e5 Curacao casinon?<\/h3>\n\t\t\t\t\t<div class=\"\">\n\t\t\t\t\t\t<p>Ja, det \u00e4r helt lagligt f\u00f6r svenskar att spela p\u00e5 Curacao casinon. Det \u00e4r casinot som bryter mot eventuella lagar n\u00e4r de accepterar en svensk spelare, aldrig spelaren.<\/p>\n\t\t\t\t\t<\/div>\n\t\t\t\t\t\t\t\t\t<h3>Vilka bonusar kan jag f\u00e5 p\u00e5 Curacao casinon?<\/h3>\n\t\t\t\t\t<div class=\"\">\n\t\t\t\t\t\t<p>Curacao casinon erbjuder bland v\u00e4rldens h\u00f6gsta bonusar. N\u00e4r du spelar p\u00e5 ett s\u00e5dant casino kan du ta del av alla m\u00f6jliga typer av casinobonusar som ins\u00e4ttningsbonusar, free spins, cashbacks, och diverse lojalitets\/VIP-program.<\/p>\n\t\t\t\t\t<\/div>\n\t\t\t\t\t\t\t\t\t<h3>\u00c4r det s\u00e4kert att s\u00e4tta in pengar p\u00e5 Curacao casinon?<\/h3>\n\t\t\t\t\t<div class=\"\">\n\t\t\t\t\t\t<p>Ja, det \u00e4r oftast s\u00e4kert att spela p\u00e5 Curacao casinon. Men det har historiskt funnits ett par oseri\u00f6sa casinon med Curacao licens, s\u00e5 det g\u00e4ller att vara uppm\u00e4rksam.<\/p>\n\t\t\t\t\t<\/div>\n\t\t\t\t\t\t\t\t\t<h3>Vilka spel kan jag spela p\u00e5 casinon med Curacao licens?<\/h3>\n\t\t\t\t\t<div class=\"\">\n\t\t\t\t\t\t<p>Du kan spela i princip alla casinospel hos Curacao casinon. Dessa inkluderar bland annat slots, live casinon, bordsspel och betting.<\/p>\n\t\t\t\t\t<\/div>\n\t\t\t\t\t\t\t<\/div>\n\t\t<\/div>\n\t\t\n            <\/div>\n            <\/section>\n","protected":false},"excerpt":{"rendered":"","protected":false},"author":14,"featured_media":0,"parent":0,"menu_order":0,"comment_status":"closed","ping_status":"closed","template":"","meta":{"_acf_changed":false,"footnotes":""},"class_list":["post-18527","page","type-page","status-publish","hentry"],"acf":[],"yoast_head":"<!-- This site is optimized with the Yoast SEO plugin v26.8 - https:\/\/yoast.com\/product\/yoast-seo-wordpress\/ -->\n<title>10 b\u00e4sta Curacao casinon<\/title>\n<meta name=\"description\" content=\"I den h\u00e4r artikeln listar vi de b\u00e4sta Curacao casinon just nu och vad du m\u00e5ste t\u00e4nka p\u00e5 n\u00e4r du spelar p\u00e5 dessa.\" \/>\n<meta name=\"robots\" content=\"index, follow, max-snippet:-1, max-image-preview:large, max-video-preview:-1\" \/>\n<link rel=\"canonical\" href=\"https:\/\/casinor.com\/sv\/curacao-casino\/\" \/>\n<meta property=\"og:locale\" content=\"sv_SE\" \/>\n<meta property=\"og:type\" content=\"article\" \/>\n<meta property=\"og:title\" content=\"10 b\u00e4sta Curacao casinon\" \/>\n<meta property=\"og:description\" content=\"I den h\u00e4r artikeln listar vi de b\u00e4sta Curacao casinon just nu och vad du m\u00e5ste t\u00e4nka p\u00e5 n\u00e4r du spelar p\u00e5 dessa.\" \/>\n<meta property=\"og:url\" content=\"https:\/\/casinor.com\/sv\/curacao-casino\/\" \/>\n<meta property=\"og:site_name\" content=\"Casinor.com\" \/>\n<meta property=\"article:publisher\" content=\"https:\/\/www.facebook.com\/Casinorcom-1429398773853454\/\" \/>\n<meta property=\"article:modified_time\" content=\"2026-01-28T14:33:51+00:00\" \/>\n<meta name=\"twitter:card\" content=\"summary_large_image\" \/>\n<meta name=\"twitter:site\" content=\"@casinor_com\" \/>\n<script type=\"application\/ld+json\" class=\"yoast-schema-graph\">{\"@context\":\"https:\/\/schema.org\",\"@graph\":[{\"@type\":\"WebPage\",\"@id\":\"https:\/\/casinor.com\/sv\/curacao-casino\/\",\"url\":\"https:\/\/casinor.com\/sv\/curacao-casino\/\",\"name\":\"10 b\u00e4sta Curacao casinon\",\"isPartOf\":{\"@id\":\"https:\/\/casinor.com\/#website\"},\"datePublished\":\"2024-12-12T17:38:06+00:00\",\"dateModified\":\"2026-01-28T14:33:51+00:00\",\"description\":\"I den h\u00e4r artikeln listar vi de b\u00e4sta Curacao casinon just nu och vad du m\u00e5ste t\u00e4nka p\u00e5 n\u00e4r du spelar p\u00e5 dessa.\",\"breadcrumb\":{\"@id\":\"https:\/\/casinor.com\/sv\/curacao-casino\/#breadcrumb\"},\"inLanguage\":\"sv-SE\",\"potentialAction\":[{\"@type\":\"ReadAction\",\"target\":[\"https:\/\/casinor.com\/sv\/curacao-casino\/\"]}]},{\"@type\":\"BreadcrumbList\",\"@id\":\"https:\/\/casinor.com\/sv\/curacao-casino\/#breadcrumb\",\"itemListElement\":[{\"@type\":\"ListItem\",\"position\":1,\"name\":\"Hem\",\"item\":\"https:\/\/casinor.com\/sv\/\"},{\"@type\":\"ListItem\",\"position\":2,\"name\":\"Curacao casino\"}]},{\"@type\":\"WebSite\",\"@id\":\"https:\/\/casinor.com\/#website\",\"url\":\"https:\/\/casinor.com\/\",\"name\":\"Casinor.com\",\"description\":\"Sveriges b\u00e4sta service f\u00f6r casino recensioner\",\"publisher\":{\"@id\":\"https:\/\/casinor.com\/#organization\"},\"potentialAction\":[{\"@type\":\"SearchAction\",\"target\":{\"@type\":\"EntryPoint\",\"urlTemplate\":\"https:\/\/casinor.com\/?s={search_term_string}\"},\"query-input\":{\"@type\":\"PropertyValueSpecification\",\"valueRequired\":true,\"valueName\":\"search_term_string\"}}],\"inLanguage\":\"sv-SE\"},{\"@type\":\"Organization\",\"@id\":\"https:\/\/casinor.com\/#organization\",\"name\":\"Casinor.com\",\"url\":\"https:\/\/casinor.com\/\",\"logo\":{\"@type\":\"ImageObject\",\"inLanguage\":\"sv-SE\",\"@id\":\"https:\/\/casinor.com\/#\/schema\/logo\/image\/\",\"url\":\"https:\/\/casinor.com\/wp-content\/uploads\/2023\/05\/logo_sweden.svg\",\"contentUrl\":\"https:\/\/casinor.com\/wp-content\/uploads\/2023\/05\/logo_sweden.svg\",\"caption\":\"Casinor.com\"},\"image\":{\"@id\":\"https:\/\/casinor.com\/#\/schema\/logo\/image\/\"},\"sameAs\":[\"https:\/\/www.facebook.com\/Casinorcom-1429398773853454\/\",\"https:\/\/x.com\/casinor_com\",\"https:\/\/no.pinterest.com\/casinor1\",\"https:\/\/www.youtube.com\/channel\/UCIaYR-rxk3WeeGSnE-9M-CQ\"]}]}<\/script>\n<!-- \/ Yoast SEO plugin. -->","yoast_head_json":{"title":"10 b\u00e4sta Curacao casinon","description":"I den h\u00e4r artikeln listar vi de b\u00e4sta Curacao casinon just nu och vad du m\u00e5ste t\u00e4nka p\u00e5 n\u00e4r du spelar p\u00e5 dessa.","robots":{"index":"index","follow":"follow","max-snippet":"max-snippet:-1","max-image-preview":"max-image-preview:large","max-video-preview":"max-video-preview:-1"},"canonical":"https:\/\/casinor.com\/sv\/curacao-casino\/","og_locale":"sv_SE","og_type":"article","og_title":"10 b\u00e4sta Curacao casinon","og_description":"I den h\u00e4r artikeln listar vi de b\u00e4sta Curacao casinon just nu och vad du m\u00e5ste t\u00e4nka p\u00e5 n\u00e4r du spelar p\u00e5 dessa.","og_url":"https:\/\/casinor.com\/sv\/curacao-casino\/","og_site_name":"Casinor.com","article_publisher":"https:\/\/www.facebook.com\/Casinorcom-1429398773853454\/","article_modified_time":"2026-01-28T14:33:51+00:00","twitter_card":"summary_large_image","twitter_site":"@casinor_com","schema":{"@context":"https:\/\/schema.org","@graph":[{"@type":"WebPage","@id":"https:\/\/casinor.com\/sv\/curacao-casino\/","url":"https:\/\/casinor.com\/sv\/curacao-casino\/","name":"10 b\u00e4sta Curacao casinon","isPartOf":{"@id":"https:\/\/casinor.com\/#website"},"datePublished":"2024-12-12T17:38:06+00:00","dateModified":"2026-01-28T14:33:51+00:00","description":"I den h\u00e4r artikeln listar vi de b\u00e4sta Curacao casinon just nu och vad du m\u00e5ste t\u00e4nka p\u00e5 n\u00e4r du spelar p\u00e5 dessa.","breadcrumb":{"@id":"https:\/\/casinor.com\/sv\/curacao-casino\/#breadcrumb"},"inLanguage":"sv-SE","potentialAction":[{"@type":"ReadAction","target":["https:\/\/casinor.com\/sv\/curacao-casino\/"]}]},{"@type":"BreadcrumbList","@id":"https:\/\/casinor.com\/sv\/curacao-casino\/#breadcrumb","itemListElement":[{"@type":"ListItem","position":1,"name":"Hem","item":"https:\/\/casinor.com\/sv\/"},{"@type":"ListItem","position":2,"name":"Curacao casino"}]},{"@type":"WebSite","@id":"https:\/\/casinor.com\/#website","url":"https:\/\/casinor.com\/","name":"Casinor.com","description":"Sveriges b\u00e4sta service f\u00f6r casino recensioner","publisher":{"@id":"https:\/\/casinor.com\/#organization"},"potentialAction":[{"@type":"SearchAction","target":{"@type":"EntryPoint","urlTemplate":"https:\/\/casinor.com\/?s={search_term_string}"},"query-input":{"@type":"PropertyValueSpecification","valueRequired":true,"valueName":"search_term_string"}}],"inLanguage":"sv-SE"},{"@type":"Organization","@id":"https:\/\/casinor.com\/#organization","name":"Casinor.com","url":"https:\/\/casinor.com\/","logo":{"@type":"ImageObject","inLanguage":"sv-SE","@id":"https:\/\/casinor.com\/#\/schema\/logo\/image\/","url":"https:\/\/casinor.com\/wp-content\/uploads\/2023\/05\/logo_sweden.svg","contentUrl":"https:\/\/casinor.com\/wp-content\/uploads\/2023\/05\/logo_sweden.svg","caption":"Casinor.com"},"image":{"@id":"https:\/\/casinor.com\/#\/schema\/logo\/image\/"},"sameAs":["https:\/\/www.facebook.com\/Casinorcom-1429398773853454\/","https:\/\/x.com\/casinor_com","https:\/\/no.pinterest.com\/casinor1","https:\/\/www.youtube.com\/channel\/UCIaYR-rxk3WeeGSnE-9M-CQ"]}]}},"_links":{"self":[{"href":"https:\/\/casinor.com\/sv\/wp-json\/wp\/v2\/pages\/18527","targetHints":{"allow":["GET"]}}],"collection":[{"href":"https:\/\/casinor.com\/sv\/wp-json\/wp\/v2\/pages"}],"about":[{"href":"https:\/\/casinor.com\/sv\/wp-json\/wp\/v2\/types\/page"}],"author":[{"embeddable":true,"href":"https:\/\/casinor.com\/sv\/wp-json\/wp\/v2\/users\/14"}],"replies":[{"embeddable":true,"href":"https:\/\/casinor.com\/sv\/wp-json\/wp\/v2\/comments?post=18527"}],"version-history":[{"count":5,"href":"https:\/\/casinor.com\/sv\/wp-json\/wp\/v2\/pages\/18527\/revisions"}],"predecessor-version":[{"id":19838,"href":"https:\/\/casinor.com\/sv\/wp-json\/wp\/v2\/pages\/18527\/revisions\/19838"}],"wp:attachment":[{"href":"https:\/\/casinor.com\/sv\/wp-json\/wp\/v2\/media?parent=18527"}],"curies":[{"name":"wp","href":"https:\/\/api.w.org\/{rel}","templated":true}]}}