{"id":18385,"date":"2024-11-21T20:07:16","date_gmt":"2024-11-21T19:07:16","guid":{"rendered":"https:\/\/casinor.com\/?page_id=18385"},"modified":"2026-04-17T15:08:10","modified_gmt":"2026-04-17T13:08:10","slug":"utan-insattning","status":"publish","type":"page","link":"https:\/\/casinor.com\/sv\/casino-bonus\/utan-insattning\/","title":{"rendered":"Casino bonus utan ins\u00e4ttning"},"content":{"rendered":"\n<section id=\"hero-center-text-block_e92806d960412b7540336aebe56cb8b7\" class=\"home-hero home-hero--category block-hero-center-text\">\n\t<div class=\"home-hero__container\">\n\t\t<div class=\"home-hero__wrap\">\n\t\t\t<div class=\"home-hero__content\">\n\t\t\t\t\t\t\t\t\t<h1 class=\"home-hero__title\" >Casino bonus utan ins\u00e4ttning \u2013 100 kr och 200 kr<\/h1>\n\t\t\t\t\t\t\t\t\t\t\t\t\t<div class=\"home-hero__text\">Kan jag h\u00e4mta en bonus utan ins\u00e4ttning? Ja, det finns en hel del casinon som erbjuder upp till 200 kr utan ins\u00e4ttning. H\u00e4r g\u00e5r vi igenom vad det \u00e4r och listar de b\u00e4sta bonusarna utan ins\u00e4ttning.<\/div>\n\t\t\t\t\t\t\t<\/div>\n\t\t\t\t\t<\/div>\n\t<\/div>\n<\/section>\n\n\n    <section id=\"content-section-block_22a2ca60297cb7c3eabd7e5fa9060b1f\" class=\"content-section is-white  block-content-section\">\n                    <div class=\"content-section__container\">\n                <h2>Vad \u00e4r en casino bonus utan ins\u00e4ttning?<\/h2>\n<p><span style=\"font-weight: 400;\">En bonus utan ins\u00e4ttning \u00e4r en <a href=\"https:\/\/casinor.com\/sv\/casino-bonus\/\">casino bonus<\/a> d\u00e4r du som spelare inte beh\u00f6ver s\u00e4tta in n\u00e5gra pengar. Det enda du beh\u00f6ver g\u00f6ra \u00e4r att registrera ett konto. Det ger dig m\u00f6jlighet att testa casinot och prova n\u00e5gra av spelen utan att det kostar dig ett \u00f6re.<\/span><\/p>\n<h2>Casino bonus utan ins\u00e4ttning finns endast hos casinon utan svensk licens<\/h2>\n<p><span style=\"font-weight: 400;\">Tyv\u00e4rr finns inte m\u00f6jligheten att f\u00e5 en casino bonus utan ins\u00e4ttningskrav p\u00e5 <a href=\"https:\/\/casinor.com\/sv\/svenska-casinon\/\">svenska casinon<\/a>. Innan det svenska licenssystemet inf\u00f6rdes 2019 var det mycket vanligt, men p\u00e5 grund av att dessa casinon numera bara f\u00e5r l\u00e4mna en enda bonus per licenshavare s\u00e5 v\u00e4ljer svenska casinon bort denna typ av bonus.<\/span><\/p>\n<p><span style=\"font-weight: 400;\">D\u00e4remot \u00e4r det m\u00e5nga <a href=\"https:\/\/casinor.com\/sv\/casino-utan-licens\/\">casinon utan svensk licens<\/a> som erbjuder bonusar utan ins\u00e4ttning. H\u00e4r nedan f\u00e5r du n\u00e5gra tips p\u00e5 s\u00e5dana casinon.<\/span><\/p>\n<h2>B\u00e4sta registreringsbonus utan ins\u00e4ttning<\/h2>\n<p><span style=\"font-weight: 400;\">En v\u00e4lkomstbonus utan ins\u00e4ttning kan se ut p\u00e5 flera s\u00e4tt. Free spins \u00e4r vanligt, men du kan ocks\u00e5 f\u00e5 gratis bonuspengar att spela f\u00f6r p\u00e5 flera <a href=\"https:\/\/casinor.com\/sv\/\">online casinon<\/a>. H\u00e4r i tabellerna nedan listar vi exempel p\u00e5 n\u00e5gra olika varianter av denna bonus.<\/span><\/p>\n<h3>F\u00e5 100 kr gratis utan ins\u00e4ttning<\/h3>\n<p><span style=\"font-weight: 400;\">Det finns ocks\u00e5 en del casinon utan svensk licens som ger 100 kr utan ins\u00e4ttning. Du hittar ett par av dessa i tabellen nedan.<\/span><\/p>\n<table>\n<tbody>\n<tr>\n<td><b>Casino<\/b><\/td>\n<td><b>Bonus<\/b><\/td>\n<td><b>Oms\u00e4ttningskrav<\/b><\/td>\n<\/tr>\n<tr>\n<td><span style=\"font-weight: 400;\">Miami Club<\/span><\/td>\n<td><span style=\"font-weight: 400;\">$10<\/span><\/td>\n<td><span style=\"font-weight: 400;\">40x<\/span><\/td>\n<\/tr>\n<tr>\n<td><span style=\"font-weight: 400;\">Lady Lucky<\/span><\/td>\n<td><span style=\"font-weight: 400;\">$10<\/span><\/td>\n<td><span style=\"font-weight: 400;\">50x<\/span><\/td>\n<\/tr>\n<tr>\n<td><span style=\"font-weight: 400;\">Red Cherry<\/span><\/td>\n<td><span style=\"font-weight: 400;\">$10<\/span><\/td>\n<td><span style=\"font-weight: 400;\">50x<\/span><\/td>\n<\/tr>\n<tr>\n<td><span style=\"font-weight: 400;\">Slots Capital<\/span><\/td>\n<td><span style=\"font-weight: 400;\">$10<\/span><\/td>\n<td><span style=\"font-weight: 400;\">60x<\/span><\/td>\n<\/tr>\n<\/tbody>\n<\/table>\n<h3>200 kr utan ins\u00e4ttning<\/h3>\n<p><span style=\"font-weight: 400;\">200 kr utan ins\u00e4ttning \u00e4r ocks\u00e5 tillg\u00e4ngligt p\u00e5 vissa casinon. Fem av dem hittar du i denna tabell:<\/span><\/p>\n<table>\n<tbody>\n<tr>\n<td><b>Casino<\/b><\/td>\n<td><b>Bonus<\/b><\/td>\n<td><b>Oms\u00e4ttningskrav<\/b><\/td>\n<\/tr>\n<tr>\n<td><span style=\"font-weight: 400;\">Platinum Reels<\/span><\/td>\n<td><span style=\"font-weight: 400;\">$20<\/span><\/td>\n<td><span style=\"font-weight: 400;\">40x<\/span><\/td>\n<\/tr>\n<tr>\n<td><span style=\"font-weight: 400;\">Coinbets 777<\/span><\/td>\n<td><span style=\"font-weight: 400;\">$20<\/span><\/td>\n<td><span style=\"font-weight: 400;\">40x<\/span><\/td>\n<\/tr>\n<tr>\n<td><span style=\"font-weight: 400;\">SlotsWin<\/span><\/td>\n<td><span style=\"font-weight: 400;\">$20<\/span><\/td>\n<td><span style=\"font-weight: 400;\">45x<\/span><\/td>\n<\/tr>\n<tr>\n<td><span style=\"font-weight: 400;\">Sloto Stars<\/span><\/td>\n<td><span style=\"font-weight: 400;\">$20<\/span><\/td>\n<td><span style=\"font-weight: 400;\">45x<\/span><\/td>\n<\/tr>\n<tr>\n<td><span style=\"font-weight: 400;\">Uptown Pokies<\/span><\/td>\n<td><span style=\"font-weight: 400;\">$20<\/span><\/td>\n<td><span style=\"font-weight: 400;\">60x<\/span><\/td>\n<\/tr>\n<\/tbody>\n<\/table>\n<h2>Se upp f\u00f6r h\u00f6ga oms\u00e4ttningskrav<\/h2>\n<p><span style=\"font-weight: 400;\">Det kan vara mycket h\u00f6ga oms\u00e4ttningskrav p\u00e5 bonusar utan ins\u00e4ttningskrav, vilket du kan se i tabellerna ovan. S\u00e5 v\u00e5rt tips till dig \u00e4r att leta efter v\u00e4lkomstbonusar med l\u00e5ga oms\u00e4ttningskrav, helst 40x eller l\u00e4gre.<\/span><\/p>\n<p><span style=\"font-weight: 400;\">Oms\u00e4ttningskrav \u00e4r det antal g\u00e5nger du m\u00e5ste satsa bonussumman. Har du f\u00e5tt 20 dollar med oms\u00e4ttningskravet 40x inneb\u00e4r det att du m\u00e5ste spela f\u00f6r 800 dollar (ca 8\u00a0000 kr) f\u00f6r att kunna ta ut eventuella vinster.<\/span><\/p>\n<h2>Bonus utan ins\u00e4ttning \u2013 f\u00f6rdelar och nackdelar<\/h2>\n<p><span style=\"font-weight: 400;\">Bonusar utan ins\u00e4ttningskrav har sina f\u00f6rdelar men det finns ocks\u00e5 nackdelar. Vi listar n\u00e5gra f\u00f6r- och nackdelar med bonusar utan ins\u00e4ttningsgr\u00e4nser.<\/span><\/p>\n<table>\n<tbody>\n<tr>\n<td><b>F\u00f6rdelar<\/b><\/td>\n<td><b>Nackdelar<\/b><\/td>\n<\/tr>\n<tr>\n<td><span style=\"font-weight: 400;\">Du f\u00e5r en bonus utan krav p\u00e5 ins\u00e4ttning<\/span><\/td>\n<td><span style=\"font-weight: 400;\">Det \u00e4r ofta h\u00f6ga oms\u00e4ttningskrav<\/span><\/td>\n<\/tr>\n<tr>\n<td><span style=\"font-weight: 400;\">Du kan testa casinot helt gratis<\/span><\/td>\n<td><span style=\"font-weight: 400;\">L\u00e4tt att lockas att s\u00e4tta in pengar<\/span><\/td>\n<\/tr>\n<tr>\n<td><span style=\"font-weight: 400;\">Du kan spela p\u00e5 m\u00e5nga casinon utan att g\u00f6ra ins\u00e4ttningar<\/span><\/td>\n<td><\/td>\n<\/tr>\n<tr>\n<td><span style=\"font-weight: 400;\">Det \u00e4r gratis underh\u00e5llning<\/span><\/td>\n<td><\/td>\n<\/tr>\n<\/tbody>\n<\/table>\n<h2>Vanliga fr\u00e5gor<\/h2>\n\t\t<div class=\"wp-faq-schema-wrap wp-faq-schema-accordion\">\n\t\t\t\t\t\t<div class=\"wp-faq-schema-items\">\n\t\t\t\t\t\t\t\t\t<h3>Hur m\u00e5nga casinon utan ins\u00e4ttningskrav finns det?<\/h3>\n\t\t\t\t\t<div class=\"\">\n\t\t\t\t\t\t<p>Det finns ett hundratals casinon som erbjuder bonusar utan krav p\u00e5 ins\u00e4ttning. Just nu finns det dock inga casinon med svensk licens som g\u00f6r det.<\/p>\n\t\t\t\t\t<\/div>\n\t\t\t\t\t\t\t\t\t<h3>G\u00e5r det att vinna pengar utan ins\u00e4ttning?<\/h3>\n\t\t\t\t\t<div class=\"\">\n\t\t\t\t\t\t<p>Ja, det g\u00e5r att vinna riktiga pengar p\u00e5 casinon utan ins\u00e4ttningsgr\u00e4ns. Du m\u00e5ste dock klara oms\u00e4ttningskravet f\u00f6r att kunna ta ut dem.<\/p>\n\t\t\t\t\t<\/div>\n\t\t\t\t\t\t\t\t\t<h3>Hur ofta sl\u00e4pps nya casino bonusar utan ins\u00e4ttningskrav?<\/h3>\n\t\t\t\t\t<div class=\"\">\n\t\t\t\t\t\t<p>Nya casinon utan ins\u00e4ttningskrav lanseras i princip varje vecka.<\/p>\n\t\t\t\t\t<\/div>\n\t\t\t\t\t\t\t<\/div>\n\t\t<\/div>\n\t\t\n            <\/div>\n            <\/section>\n","protected":false},"excerpt":{"rendered":"","protected":false},"author":14,"featured_media":0,"parent":11656,"menu_order":0,"comment_status":"closed","ping_status":"closed","template":"","meta":{"_acf_changed":false,"footnotes":""},"class_list":["post-18385","page","type-page","status-publish","hentry"],"acf":[],"yoast_head":"<!-- This site is optimized with the Yoast SEO plugin v26.8 - https:\/\/yoast.com\/product\/yoast-seo-wordpress\/ -->\n<title>Casino bonus utan ins\u00e4ttning \u2013 100 kr och 200 kr<\/title>\n<meta name=\"description\" content=\"Letar du efter en casino bonus utan ins\u00e4ttning? Vi ger dig all information du beh\u00f6ver och listar de b\u00e4sta bonusarna utan ins\u00e4ttning.\" \/>\n<meta name=\"robots\" content=\"index, follow, max-snippet:-1, max-image-preview:large, max-video-preview:-1\" \/>\n<link rel=\"canonical\" href=\"https:\/\/casinor.com\/sv\/casino-bonus\/utan-insattning\/\" \/>\n<meta property=\"og:locale\" content=\"sv_SE\" \/>\n<meta property=\"og:type\" content=\"article\" \/>\n<meta property=\"og:title\" content=\"Casino bonus utan ins\u00e4ttning \u2013 100 kr och 200 kr\" \/>\n<meta property=\"og:description\" content=\"Letar du efter en casino bonus utan ins\u00e4ttning? Vi ger dig all information du beh\u00f6ver och listar de b\u00e4sta bonusarna utan ins\u00e4ttning.\" \/>\n<meta property=\"og:url\" content=\"https:\/\/casinor.com\/sv\/casino-bonus\/utan-insattning\/\" \/>\n<meta property=\"og:site_name\" content=\"Casinor.com\" \/>\n<meta property=\"article:publisher\" content=\"https:\/\/www.facebook.com\/Casinorcom-1429398773853454\/\" \/>\n<meta property=\"article:modified_time\" content=\"2026-04-17T13:08:10+00:00\" \/>\n<meta name=\"twitter:card\" content=\"summary_large_image\" \/>\n<meta name=\"twitter:site\" content=\"@casinor_com\" \/>\n<script type=\"application\/ld+json\" class=\"yoast-schema-graph\">{\"@context\":\"https:\/\/schema.org\",\"@graph\":[{\"@type\":\"WebPage\",\"@id\":\"https:\/\/casinor.com\/sv\/casino-bonus\/utan-insattning\/\",\"url\":\"https:\/\/casinor.com\/sv\/casino-bonus\/utan-insattning\/\",\"name\":\"Casino bonus utan ins\u00e4ttning \u2013 100 kr och 200 kr\",\"isPartOf\":{\"@id\":\"https:\/\/casinor.com\/#website\"},\"datePublished\":\"2024-11-21T19:07:16+00:00\",\"dateModified\":\"2026-04-17T13:08:10+00:00\",\"description\":\"Letar du efter en casino bonus utan ins\u00e4ttning? Vi ger dig all information du beh\u00f6ver och listar de b\u00e4sta bonusarna utan ins\u00e4ttning.\",\"breadcrumb\":{\"@id\":\"https:\/\/casinor.com\/sv\/casino-bonus\/utan-insattning\/#breadcrumb\"},\"inLanguage\":\"sv-SE\",\"potentialAction\":[{\"@type\":\"ReadAction\",\"target\":[\"https:\/\/casinor.com\/sv\/casino-bonus\/utan-insattning\/\"]}]},{\"@type\":\"BreadcrumbList\",\"@id\":\"https:\/\/casinor.com\/sv\/casino-bonus\/utan-insattning\/#breadcrumb\",\"itemListElement\":[{\"@type\":\"ListItem\",\"position\":1,\"name\":\"Hem\",\"item\":\"https:\/\/casinor.com\/sv\/\"},{\"@type\":\"ListItem\",\"position\":2,\"name\":\"Casino bonus\",\"item\":\"https:\/\/casinor.com\/sv\/casino-bonus\/\"},{\"@type\":\"ListItem\",\"position\":3,\"name\":\"Casino bonus utan ins\u00e4ttning\"}]},{\"@type\":\"WebSite\",\"@id\":\"https:\/\/casinor.com\/#website\",\"url\":\"https:\/\/casinor.com\/\",\"name\":\"Casinor.com\",\"description\":\"Sveriges b\u00e4sta service f\u00f6r casino recensioner\",\"publisher\":{\"@id\":\"https:\/\/casinor.com\/#organization\"},\"potentialAction\":[{\"@type\":\"SearchAction\",\"target\":{\"@type\":\"EntryPoint\",\"urlTemplate\":\"https:\/\/casinor.com\/?s={search_term_string}\"},\"query-input\":{\"@type\":\"PropertyValueSpecification\",\"valueRequired\":true,\"valueName\":\"search_term_string\"}}],\"inLanguage\":\"sv-SE\"},{\"@type\":\"Organization\",\"@id\":\"https:\/\/casinor.com\/#organization\",\"name\":\"Casinor.com\",\"url\":\"https:\/\/casinor.com\/\",\"logo\":{\"@type\":\"ImageObject\",\"inLanguage\":\"sv-SE\",\"@id\":\"https:\/\/casinor.com\/#\/schema\/logo\/image\/\",\"url\":\"https:\/\/casinor.com\/wp-content\/uploads\/2023\/05\/logo_sweden.svg\",\"contentUrl\":\"https:\/\/casinor.com\/wp-content\/uploads\/2023\/05\/logo_sweden.svg\",\"caption\":\"Casinor.com\"},\"image\":{\"@id\":\"https:\/\/casinor.com\/#\/schema\/logo\/image\/\"},\"sameAs\":[\"https:\/\/www.facebook.com\/Casinorcom-1429398773853454\/\",\"https:\/\/x.com\/casinor_com\",\"https:\/\/no.pinterest.com\/casinor1\",\"https:\/\/www.youtube.com\/channel\/UCIaYR-rxk3WeeGSnE-9M-CQ\"]}]}<\/script>\n<!-- \/ Yoast SEO plugin. -->","yoast_head_json":{"title":"Casino bonus utan ins\u00e4ttning \u2013 100 kr och 200 kr","description":"Letar du efter en casino bonus utan ins\u00e4ttning? Vi ger dig all information du beh\u00f6ver och listar de b\u00e4sta bonusarna utan ins\u00e4ttning.","robots":{"index":"index","follow":"follow","max-snippet":"max-snippet:-1","max-image-preview":"max-image-preview:large","max-video-preview":"max-video-preview:-1"},"canonical":"https:\/\/casinor.com\/sv\/casino-bonus\/utan-insattning\/","og_locale":"sv_SE","og_type":"article","og_title":"Casino bonus utan ins\u00e4ttning \u2013 100 kr och 200 kr","og_description":"Letar du efter en casino bonus utan ins\u00e4ttning? Vi ger dig all information du beh\u00f6ver och listar de b\u00e4sta bonusarna utan ins\u00e4ttning.","og_url":"https:\/\/casinor.com\/sv\/casino-bonus\/utan-insattning\/","og_site_name":"Casinor.com","article_publisher":"https:\/\/www.facebook.com\/Casinorcom-1429398773853454\/","article_modified_time":"2026-04-17T13:08:10+00:00","twitter_card":"summary_large_image","twitter_site":"@casinor_com","schema":{"@context":"https:\/\/schema.org","@graph":[{"@type":"WebPage","@id":"https:\/\/casinor.com\/sv\/casino-bonus\/utan-insattning\/","url":"https:\/\/casinor.com\/sv\/casino-bonus\/utan-insattning\/","name":"Casino bonus utan ins\u00e4ttning \u2013 100 kr och 200 kr","isPartOf":{"@id":"https:\/\/casinor.com\/#website"},"datePublished":"2024-11-21T19:07:16+00:00","dateModified":"2026-04-17T13:08:10+00:00","description":"Letar du efter en casino bonus utan ins\u00e4ttning? Vi ger dig all information du beh\u00f6ver och listar de b\u00e4sta bonusarna utan ins\u00e4ttning.","breadcrumb":{"@id":"https:\/\/casinor.com\/sv\/casino-bonus\/utan-insattning\/#breadcrumb"},"inLanguage":"sv-SE","potentialAction":[{"@type":"ReadAction","target":["https:\/\/casinor.com\/sv\/casino-bonus\/utan-insattning\/"]}]},{"@type":"BreadcrumbList","@id":"https:\/\/casinor.com\/sv\/casino-bonus\/utan-insattning\/#breadcrumb","itemListElement":[{"@type":"ListItem","position":1,"name":"Hem","item":"https:\/\/casinor.com\/sv\/"},{"@type":"ListItem","position":2,"name":"Casino bonus","item":"https:\/\/casinor.com\/sv\/casino-bonus\/"},{"@type":"ListItem","position":3,"name":"Casino bonus utan ins\u00e4ttning"}]},{"@type":"WebSite","@id":"https:\/\/casinor.com\/#website","url":"https:\/\/casinor.com\/","name":"Casinor.com","description":"Sveriges b\u00e4sta service f\u00f6r casino recensioner","publisher":{"@id":"https:\/\/casinor.com\/#organization"},"potentialAction":[{"@type":"SearchAction","target":{"@type":"EntryPoint","urlTemplate":"https:\/\/casinor.com\/?s={search_term_string}"},"query-input":{"@type":"PropertyValueSpecification","valueRequired":true,"valueName":"search_term_string"}}],"inLanguage":"sv-SE"},{"@type":"Organization","@id":"https:\/\/casinor.com\/#organization","name":"Casinor.com","url":"https:\/\/casinor.com\/","logo":{"@type":"ImageObject","inLanguage":"sv-SE","@id":"https:\/\/casinor.com\/#\/schema\/logo\/image\/","url":"https:\/\/casinor.com\/wp-content\/uploads\/2023\/05\/logo_sweden.svg","contentUrl":"https:\/\/casinor.com\/wp-content\/uploads\/2023\/05\/logo_sweden.svg","caption":"Casinor.com"},"image":{"@id":"https:\/\/casinor.com\/#\/schema\/logo\/image\/"},"sameAs":["https:\/\/www.facebook.com\/Casinorcom-1429398773853454\/","https:\/\/x.com\/casinor_com","https:\/\/no.pinterest.com\/casinor1","https:\/\/www.youtube.com\/channel\/UCIaYR-rxk3WeeGSnE-9M-CQ"]}]}},"_links":{"self":[{"href":"https:\/\/casinor.com\/sv\/wp-json\/wp\/v2\/pages\/18385","targetHints":{"allow":["GET"]}}],"collection":[{"href":"https:\/\/casinor.com\/sv\/wp-json\/wp\/v2\/pages"}],"about":[{"href":"https:\/\/casinor.com\/sv\/wp-json\/wp\/v2\/types\/page"}],"author":[{"embeddable":true,"href":"https:\/\/casinor.com\/sv\/wp-json\/wp\/v2\/users\/14"}],"replies":[{"embeddable":true,"href":"https:\/\/casinor.com\/sv\/wp-json\/wp\/v2\/comments?post=18385"}],"version-history":[{"count":9,"href":"https:\/\/casinor.com\/sv\/wp-json\/wp\/v2\/pages\/18385\/revisions"}],"predecessor-version":[{"id":19951,"href":"https:\/\/casinor.com\/sv\/wp-json\/wp\/v2\/pages\/18385\/revisions\/19951"}],"up":[{"embeddable":true,"href":"https:\/\/casinor.com\/sv\/wp-json\/wp\/v2\/pages\/11656"}],"wp:attachment":[{"href":"https:\/\/casinor.com\/sv\/wp-json\/wp\/v2\/media?parent=18385"}],"curies":[{"name":"wp","href":"https:\/\/api.w.org\/{rel}","templated":true}]}}