{"id":18184,"date":"2024-10-22T18:46:19","date_gmt":"2024-10-22T16:46:19","guid":{"rendered":"https:\/\/casinor.com\/?page_id=18184"},"modified":"2026-01-28T15:40:18","modified_gmt":"2026-01-28T14:40:18","slug":"eu-casino","status":"publish","type":"page","link":"https:\/\/casinor.com\/sv\/eu-casino\/","title":{"rendered":"EU casino"},"content":{"rendered":"\n<section id=\"hero-center-text-block_945c4ad9169e477a0ec3629f54f16ac5\" class=\"home-hero home-hero--category block-hero-center-text\">\n\t<div class=\"home-hero__container\">\n\t\t<div class=\"home-hero__wrap\">\n\t\t\t<div class=\"home-hero__content\">\n\t\t\t\t\t\t\t\t\t<h1 class=\"home-hero__title\" >EU casino<\/h1>\n\t\t\t\t\t\t\t\t\t\t\t\t\t<div class=\"home-hero__text\">EU casinon bes\u00f6ks allt oftare av svenska spelare som letar efter fler alternativ och bonusar utan begr\u00e4nsningar. Vi p\u00e5 Casinor.com har listat de b\u00e4sta EU casinon att spela p\u00e5.<\/div>\n\t\t\t\t\t\t\t<\/div>\n\t\t\t\t\t<\/div>\n\t<\/div>\n<\/section>\n\n\r\n\r\n    \r\n    <section id=\"competitors-table-block_b3c4206422830a6e637218068f40d78d\" class=\"competitors-table   block-competitors-table is-top-padding is-bottom-padding is-grey\">\r\n        <div class=\"competitors-table__container\">\r\n            <div class=\"competitors-table__wrapper\">\r\n                <div class=\"competitors-table__inner\">\r\n                                            <div class=\"competitors-table__item\">\r\n                            <div class=\"competitors-table__item-img\">\r\n                                                                <a class=\"competitors-table__img-link no-external-link\" target=\"_blank\" rel=\"nofollow noopener\"\r\n                                   href=\"https:\/\/casinor.com\/sv\/go\/basta-casino-sidor\">\r\n                                                                                                                <img loading=\"lazy\" decoding=\"async\" width=\"160\" height=\"160\" src=\"https:\/\/casinor.com\/wp-content\/uploads\/2024\/10\/basta-eu-casinon.png\" class=\"competitors-table__img\" alt=\"B\u00e4sta EU casinon\" \/>                                                                                                        <\/a>\r\n                                                        <\/div>\r\n                            <div class=\"competitors-table__item-ttl\">\r\n                                                                    <div class=\"competitors-table__item-ttl-inner\">B\u00e4sta EU casinon<\/div>\r\n                                                            <\/div>\r\n\t\t\t\t\t\t\t\t\t\t\t\t\t\t\t<div class=\"competitors-table__item-cnt\">\r\n\t\t\t\t\t\t\t\t\t\t\t\t\t\t\t\t\t\t\t<ul class=\"competitors-table__item-cnt-inner\">\r\n\t\t\t\t\t\t\t\t\t\t\t\t\t\t\t\t\t\t\t\t\t\t\t\t\t\t\t\t\t\t\t\t\t\t\t\t<li class=\"competitors-table__item-cnt-li\">Ingen vinstskatt<\/li>\r\n\t\t\t\t\t\t\t\t\t\t\t\t\t\t\t\t\t\t\t\t\t\t\t\t\t\t\t\t\t\t\t\t\t\t\t\t\t\t\t\t\t\t\t\t\t\t\t\t<li class=\"competitors-table__item-cnt-li\">Obegr\u00e4nsat antal bonusar<\/li>\r\n\t\t\t\t\t\t\t\t\t\t\t\t\t\t\t\t\t\t\t\t\t\t\t\t\t\t\t\t\t\t\t\t\t\t\t\t\t\t\t\t\t\t\t\t\t\t\t\t<li class=\"competitors-table__item-cnt-li\">Casinon med EU-licens<\/li>\r\n\t\t\t\t\t\t\t\t\t\t\t\t\t\t\t\t\t\t\t\t\t\t\t\t\t\t\t\t\t\t\t\t\t<\/ul>\r\n\t\t\t\t\t\t\t\t\t\t\t\t\t\t\t\t\t<\/div>\r\n\t\t\t\t\t\t\t                            <div class=\"competitors-table__item-cta\">\r\n                                <div class=\"competitors-table__item-cta-inner\">\r\n                                                                            <a href=\"https:\/\/casinor.com\/sv\/go\/basta-casino-sidor\" target=\"_blank\"\r\n                                           rel=\"nofollow noopener\"\r\n                                           class=\"btn-base button-green no-external-link\">Bes\u00f6k h\u00e4r                                        <\/a>\r\n                                                                    <\/div>\r\n                            <\/div>\r\n                        <\/div>\r\n                                    <\/div>\r\n            <\/div>\r\n        <\/div>\r\n    <\/section>\r\n\n\n\n    <section id=\"content-section-block_9413d4e922a2e6f3edcce9b1826c49a7\" class=\"content-section is-white  block-content-section\">\n                    <div class=\"content-section__container\">\n                <h2>10 b\u00e4sta EU casinon<\/h2>\n<p><span style=\"font-weight: 400;\">I tabellen nedan hittar du de 10 b\u00e4sta EU casinon som accepterar svenska spelare. Vi har j\u00e4mf\u00f6rt dessa casinon baserat p\u00e5 bland annat v\u00e4lkomstbonus, oms\u00e4ttningskrav och minsta ins\u00e4ttning.<\/span><\/p>\n<table>\n<tbody>\n<tr>\n<td><b>Casino<\/b><\/td>\n<td><b>V\u00e4lkomstbonus<\/b><\/td>\n<td><b>Oms\u00e4ttningskrav<\/b><\/td>\n<td><b>Minsta ins\u00e4ttning<\/b><\/td>\n<td><b>Antal spel<\/b><\/td>\n<td><b>Licens<\/b><\/td>\n<\/tr>\n<tr>\n<td><span style=\"font-weight: 400;\">MyChance<\/span><\/td>\n<td><span style=\"font-weight: 400;\">100% upp till \u20ac600 + 50 free spins<\/span><\/td>\n<td><span style=\"font-weight: 400;\">40x<\/span><\/td>\n<td><span style=\"font-weight: 400;\">\u20ac20<\/span><\/td>\n<td><span style=\"font-weight: 400;\">500+<\/span><\/td>\n<td><span style=\"font-weight: 400;\">Malta<\/span><\/td>\n<\/tr>\n<tr>\n<td><span style=\"font-weight: 400;\">Spin Rider<\/span><\/td>\n<td><span style=\"font-weight: 400;\">Upp till \u20ac4 500 + 110 free spins<\/span><\/td>\n<td><span style=\"font-weight: 400;\">35x<\/span><\/td>\n<td><span style=\"font-weight: 400;\">\u20ac20<\/span><\/td>\n<td><span style=\"font-weight: 400;\">1100+<\/span><\/td>\n<td><span style=\"font-weight: 400;\">Malta<\/span><\/td>\n<\/tr>\n<tr>\n<td><span style=\"font-weight: 400;\">20Bet<\/span><\/td>\n<td><span style=\"font-weight: 400;\">Upp till \u20ac120 + 120 free spins<\/span><\/td>\n<td><span style=\"font-weight: 400;\">40x<\/span><\/td>\n<td><span style=\"font-weight: 400;\">\u20ac20<\/span><\/td>\n<td><span style=\"font-weight: 400;\">4500+<\/span><\/td>\n<td><span style=\"font-weight: 400;\">Malta<\/span><\/td>\n<\/tr>\n<tr>\n<td><span style=\"font-weight: 400;\">Slot Hunter<\/span><\/td>\n<td><span style=\"font-weight: 400;\">Upp till \u20ac1000<\/span><\/td>\n<td><span style=\"font-weight: 400;\">50x<\/span><\/td>\n<td><span style=\"font-weight: 400;\">\u20ac20<\/span><\/td>\n<td><span style=\"font-weight: 400;\">2200+<\/span><\/td>\n<td><span style=\"font-weight: 400;\">Malta<\/span><\/td>\n<\/tr>\n<tr>\n<td><span style=\"font-weight: 400;\">Spin Sweet<\/span><\/td>\n<td><span style=\"font-weight: 400;\">Upp till \u20ac250<\/span><\/td>\n<td><span style=\"font-weight: 400;\">25x<\/span><\/td>\n<td><span style=\"font-weight: 400;\">\u20ac20<\/span><\/td>\n<td><span style=\"font-weight: 400;\">1000+<\/span><\/td>\n<td><span style=\"font-weight: 400;\">Malta<\/span><\/td>\n<\/tr>\n<tr>\n<td><span style=\"font-weight: 400;\">Jackpot Cow<\/span><\/td>\n<td><span style=\"font-weight: 400;\">Upp till \u20ac2 000 i flera bonusar<\/span><\/td>\n<td><span style=\"font-weight: 400;\">40x<\/span><\/td>\n<td><span style=\"font-weight: 400;\">\u20ac20<\/span><\/td>\n<td><span style=\"font-weight: 400;\">1500+<\/span><\/td>\n<td><span style=\"font-weight: 400;\">Estland<\/span><\/td>\n<\/tr>\n<tr>\n<td><span style=\"font-weight: 400;\">Ultra Casino<\/span><\/td>\n<td><span style=\"font-weight: 400;\">Upp till \u20ac500 + 200 free spins<\/span><\/td>\n<td><span style=\"font-weight: 400;\">40x<\/span><\/td>\n<td><span style=\"font-weight: 400;\">\u20ac25<\/span><\/td>\n<td><span style=\"font-weight: 400;\">2000+<\/span><\/td>\n<td><span style=\"font-weight: 400;\">Malta<\/span><\/td>\n<\/tr>\n<tr>\n<td><span style=\"font-weight: 400;\">Wallacebet<\/span><\/td>\n<td><span style=\"font-weight: 400;\">Upp till \u20ac2000<\/span><\/td>\n<td><span style=\"font-weight: 400;\">40x<\/span><\/td>\n<td><span style=\"font-weight: 400;\">\u20ac20<\/span><\/td>\n<td><span style=\"font-weight: 400;\">1600+<\/span><\/td>\n<td><span style=\"font-weight: 400;\">Malta<\/span><\/td>\n<\/tr>\n<tr>\n<td><span style=\"font-weight: 400;\">Coolbet<\/span><\/td>\n<td><span style=\"font-weight: 400;\">Upp till \u20ac100<\/span><\/td>\n<td><span style=\"font-weight: 400;\">35x<\/span><\/td>\n<td><span style=\"font-weight: 400;\">\u20ac10<\/span><\/td>\n<td><span style=\"font-weight: 400;\">4000+<\/span><\/td>\n<td><span style=\"font-weight: 400;\">Estland<\/span><\/td>\n<\/tr>\n<tr>\n<td><span style=\"font-weight: 400;\">Trickz<\/span><\/td>\n<td><span style=\"font-weight: 400;\">300 free spins<\/span><\/td>\n<td><span style=\"font-weight: 400;\">\u20ac20<\/span><\/td>\n<td><span style=\"font-weight: 400;\">0x<\/span><\/td>\n<td><span style=\"font-weight: 400;\">5000+<\/span><\/td>\n<td><span style=\"font-weight: 400;\">Estland<\/span><\/td>\n<\/tr>\n<\/tbody>\n<\/table>\n<h2>Vad \u00e4r EU Casino?<\/h2>\n<p><span style=\"font-weight: 400;\">Ett EU casino \u00e4r ett <a href=\"https:\/\/casinor.com\/sv\/\">online casino<\/a> med spellicens fr\u00e5n ett annat EU-land. Det kan exempelvis vara MGA fr\u00e5n Malta eller EMTA fr\u00e5n Estland. Ett casino med EU-licens \u00e4r allts\u00e5 ett <a href=\"https:\/\/casinor.com\/sv\/casino-utan-licens\/\">casino utan svensk licens<\/a>.<\/span><\/p>\n<h2>EU casinon har alltid skattefria vinster<\/h2>\n<p><span style=\"font-weight: 400;\">Vinster p\u00e5 EU casinon \u00e4r generellt sett alltid befriade fr\u00e5n beskattning. Skatteverkets regler s\u00e4ger n\u00e4mligen att vinster fr\u00e5n online casinon inom EU\/EES \u00e4r skattefria.<\/span><\/p>\n<p><span style=\"font-weight: 400;\">Det finns dock ett undantag fr\u00e5n denna regel. Om ett <a href=\"https:\/\/casinor.com\/sv\/natcasino\/\">n\u00e4tcasino<\/a> riktar sig mot svenska spelare, till exempel genom att \u00f6vers\u00e4tta sajten till svenska eller erbjuda spel i svenska kronor, tillkommer 30% vinstskatt. Det \u00e4r dock ovanligt att casinon med EU licens riktar sig mot svenska spelare.<\/span><\/p>\n<h2>De flesta EU casinon har licens fr\u00e5n Estland eller Malta<\/h2>\n<p><span style=\"font-weight: 400;\">EU casinon har oftast spellicens fr\u00e5n Malta (Malta Gaming Authority ) och Estland (Estonian Tax and Customs Board).<\/span><\/p>\n<p><span style=\"font-weight: 400;\">Dessa \u00e4r dock inte de enda spellicenserna inom EU. Det finns m\u00e5nga fler, som bland annat Spillemyndigheten i Danmark, Cyprus Gaming and Casino Supervision Commission p\u00e5 Cypern och KSA i Nederl\u00e4nderna. Dessa \u00e4r dock inte alls lika vanliga som MGA och EMTA.<\/span><\/p>\n<h2>EU casinon \u00e4r v\u00e4ldigt popul\u00e4ra bland svenska spelare<\/h2>\n<p><span style=\"font-weight: 400;\">EU casinon \u00e4r oerh\u00f6rt popul\u00e4ra bland spelare fr\u00e5n Sverige. Och det har flera anledningar. F\u00f6rst och fr\u00e4mst kan du h\u00e4mta ut ett obegr\u00e4nsat antal <a href=\"https:\/\/casinor.com\/sv\/casino-bonus\/\">casinobonusar<\/a>, vilket du inte kan g\u00f6ra p\u00e5 <a href=\"https:\/\/casinor.com\/sv\/svenska-casinon\/\">svenska casinon<\/a>. I Sverige kan du bara f\u00e5 en enda bonus fr\u00e5n varje licenshavare.<\/span><\/p>\n<p><span style=\"font-weight: 400;\">Casinon med EU licens \u00e4r heller inte kopplade till det svenska avst\u00e4ngningsregistret Spelpaus. D\u00e4rf\u00f6r \u00e4r det fritt fram att spela p\u00e5 dessa, \u00e4ven om du har st\u00e4ngt av dig fr\u00e5n spel p\u00e5 svenska casinon.<\/span><\/p>\n<p><span style=\"font-weight: 400;\">Det finns ocks\u00e5 fler och nyare casinon \u00e4n i Sverige. Det lanseras tiotals <a href=\"https:\/\/casinor.com\/sv\/nya-casinon\/\">nya casinon<\/a> varje vecka s\u00e5 svenska spelare har massor av spelsajter att v\u00e4lja mellan. Generellt sett erbjuder ocks\u00e5 dessa casinon st\u00f6rre spelutbud.\u00a0<\/span><\/p>\n<h2>Casinon med EU-licens \u00e4r s\u00e4kra att spela p\u00e5<\/h2>\n<p><span style=\"font-weight: 400;\">EU casinon \u00e4r precis lika trygga och s\u00e4kra att spela p\u00e5 som p\u00e5 casinon med svensk licens. Tittar vi p\u00e5 exempelvis MGA och EMTA s\u00e5 \u00e4r de en av de mest reglerade jurisdiktionerna i v\u00e4rlden.\u00a0<\/span><\/p>\n<p><span style=\"font-weight: 400;\">Utbetalningar av vinster \u00e4r garanterade, spelens slumpm\u00e4ssighet testas regelbundet och casinon med EU-licens jobbar aktivt med ansvarsfullt spelande. De erbjuder bland annat sj\u00e4lvtester och m\u00f6jlighet att st\u00e4nga av sig.<\/span><\/p>\n<h2>Vanliga fr\u00e5gor<\/h2>\n\t\t<div class=\"wp-faq-schema-wrap wp-faq-schema-accordion\">\n\t\t\t\t\t\t<div class=\"wp-faq-schema-items\">\n\t\t\t\t\t\t\t\t\t<h3>St\u00e4mmer det att EU casinon f\u00e5r ge ut mer \u00e4n en bonus?<\/h3>\n\t\t\t\t\t<div class=\"\">\n\t\t\t\t\t\t<p>Ja, EU casinon f\u00e5r erbjuda fler bonusar \u00e4n svenska casinon. P\u00e5 dessa casinon finns \u00f6verhuvudtaget inga bonusbegr\u00e4nsningar.<\/p>\n\t\t\t\t\t<\/div>\n\t\t\t\t\t\t\t\t\t<h3>Accepterar alla EU casinon spelare fr\u00e5n Sverige?<\/h3>\n\t\t\t\t\t<div class=\"\">\n\t\t\t\t\t\t<p>Nej, alla casinon accepterar inte spelare fr\u00e5n Sverige. Det brukar d\u00e5 visas ett meddelande om att de inte accepterar spelare fr\u00e5n Sverige.<\/p>\n\t\t\t\t\t<\/div>\n\t\t\t\t\t\t\t\t\t<h3>\u00c4r det lagligt att spela p\u00e5 casinon med EU licens?<\/h3>\n\t\t\t\t\t<div class=\"\">\n\t\t\t\t\t\t<p>Ja, det \u00e4r lagligt att spela p\u00e5 casinon med EU licens. Det finns inga hinder i lagstiftningen mot att spela fr\u00e5n Sverige.<\/p>\n\t\t\t\t\t<\/div>\n\t\t\t\t\t\t\t<\/div>\n\t\t<\/div>\n\t\t\n            <\/div>\n            <\/section>\n","protected":false},"excerpt":{"rendered":"","protected":false},"author":14,"featured_media":0,"parent":0,"menu_order":0,"comment_status":"closed","ping_status":"closed","template":"","meta":{"_acf_changed":false,"footnotes":""},"class_list":["post-18184","page","type-page","status-publish","hentry"],"acf":[],"yoast_head":"<!-- This site is optimized with the Yoast SEO plugin v26.8 - https:\/\/yoast.com\/product\/yoast-seo-wordpress\/ -->\n<title>10 b\u00e4sta EU casinon - Casinor.com<\/title>\n<meta name=\"description\" content=\"I den h\u00e4r artikeln hittar du de 10 b\u00e4sta EU casinon som accepterar svenska spelare.\" \/>\n<meta name=\"robots\" content=\"index, follow, max-snippet:-1, max-image-preview:large, max-video-preview:-1\" \/>\n<link rel=\"canonical\" href=\"https:\/\/casinor.com\/sv\/eu-casino\/\" \/>\n<meta property=\"og:locale\" content=\"sv_SE\" \/>\n<meta property=\"og:type\" content=\"article\" \/>\n<meta property=\"og:title\" content=\"10 b\u00e4sta EU casinon - Casinor.com\" \/>\n<meta property=\"og:description\" content=\"I den h\u00e4r artikeln hittar du de 10 b\u00e4sta EU casinon som accepterar svenska spelare.\" \/>\n<meta property=\"og:url\" content=\"https:\/\/casinor.com\/sv\/eu-casino\/\" \/>\n<meta property=\"og:site_name\" content=\"Casinor.com\" \/>\n<meta property=\"article:publisher\" content=\"https:\/\/www.facebook.com\/Casinorcom-1429398773853454\/\" \/>\n<meta property=\"article:modified_time\" content=\"2026-01-28T14:40:18+00:00\" \/>\n<meta name=\"twitter:card\" content=\"summary_large_image\" \/>\n<meta name=\"twitter:site\" content=\"@casinor_com\" \/>\n<script type=\"application\/ld+json\" class=\"yoast-schema-graph\">{\"@context\":\"https:\/\/schema.org\",\"@graph\":[{\"@type\":\"WebPage\",\"@id\":\"https:\/\/casinor.com\/sv\/eu-casino\/\",\"url\":\"https:\/\/casinor.com\/sv\/eu-casino\/\",\"name\":\"10 b\u00e4sta EU casinon - Casinor.com\",\"isPartOf\":{\"@id\":\"https:\/\/casinor.com\/#website\"},\"datePublished\":\"2024-10-22T16:46:19+00:00\",\"dateModified\":\"2026-01-28T14:40:18+00:00\",\"description\":\"I den h\u00e4r artikeln hittar du de 10 b\u00e4sta EU casinon som accepterar svenska spelare.\",\"breadcrumb\":{\"@id\":\"https:\/\/casinor.com\/sv\/eu-casino\/#breadcrumb\"},\"inLanguage\":\"sv-SE\",\"potentialAction\":[{\"@type\":\"ReadAction\",\"target\":[\"https:\/\/casinor.com\/sv\/eu-casino\/\"]}]},{\"@type\":\"BreadcrumbList\",\"@id\":\"https:\/\/casinor.com\/sv\/eu-casino\/#breadcrumb\",\"itemListElement\":[{\"@type\":\"ListItem\",\"position\":1,\"name\":\"Hem\",\"item\":\"https:\/\/casinor.com\/sv\/\"},{\"@type\":\"ListItem\",\"position\":2,\"name\":\"EU casino\"}]},{\"@type\":\"WebSite\",\"@id\":\"https:\/\/casinor.com\/#website\",\"url\":\"https:\/\/casinor.com\/\",\"name\":\"Casinor.com\",\"description\":\"Sveriges b\u00e4sta service f\u00f6r casino recensioner\",\"publisher\":{\"@id\":\"https:\/\/casinor.com\/#organization\"},\"potentialAction\":[{\"@type\":\"SearchAction\",\"target\":{\"@type\":\"EntryPoint\",\"urlTemplate\":\"https:\/\/casinor.com\/?s={search_term_string}\"},\"query-input\":{\"@type\":\"PropertyValueSpecification\",\"valueRequired\":true,\"valueName\":\"search_term_string\"}}],\"inLanguage\":\"sv-SE\"},{\"@type\":\"Organization\",\"@id\":\"https:\/\/casinor.com\/#organization\",\"name\":\"Casinor.com\",\"url\":\"https:\/\/casinor.com\/\",\"logo\":{\"@type\":\"ImageObject\",\"inLanguage\":\"sv-SE\",\"@id\":\"https:\/\/casinor.com\/#\/schema\/logo\/image\/\",\"url\":\"https:\/\/casinor.com\/wp-content\/uploads\/2023\/05\/logo_sweden.svg\",\"contentUrl\":\"https:\/\/casinor.com\/wp-content\/uploads\/2023\/05\/logo_sweden.svg\",\"caption\":\"Casinor.com\"},\"image\":{\"@id\":\"https:\/\/casinor.com\/#\/schema\/logo\/image\/\"},\"sameAs\":[\"https:\/\/www.facebook.com\/Casinorcom-1429398773853454\/\",\"https:\/\/x.com\/casinor_com\",\"https:\/\/no.pinterest.com\/casinor1\",\"https:\/\/www.youtube.com\/channel\/UCIaYR-rxk3WeeGSnE-9M-CQ\"]}]}<\/script>\n<!-- \/ Yoast SEO plugin. -->","yoast_head_json":{"title":"10 b\u00e4sta EU casinon - Casinor.com","description":"I den h\u00e4r artikeln hittar du de 10 b\u00e4sta EU casinon som accepterar svenska spelare.","robots":{"index":"index","follow":"follow","max-snippet":"max-snippet:-1","max-image-preview":"max-image-preview:large","max-video-preview":"max-video-preview:-1"},"canonical":"https:\/\/casinor.com\/sv\/eu-casino\/","og_locale":"sv_SE","og_type":"article","og_title":"10 b\u00e4sta EU casinon - Casinor.com","og_description":"I den h\u00e4r artikeln hittar du de 10 b\u00e4sta EU casinon som accepterar svenska spelare.","og_url":"https:\/\/casinor.com\/sv\/eu-casino\/","og_site_name":"Casinor.com","article_publisher":"https:\/\/www.facebook.com\/Casinorcom-1429398773853454\/","article_modified_time":"2026-01-28T14:40:18+00:00","twitter_card":"summary_large_image","twitter_site":"@casinor_com","schema":{"@context":"https:\/\/schema.org","@graph":[{"@type":"WebPage","@id":"https:\/\/casinor.com\/sv\/eu-casino\/","url":"https:\/\/casinor.com\/sv\/eu-casino\/","name":"10 b\u00e4sta EU casinon - Casinor.com","isPartOf":{"@id":"https:\/\/casinor.com\/#website"},"datePublished":"2024-10-22T16:46:19+00:00","dateModified":"2026-01-28T14:40:18+00:00","description":"I den h\u00e4r artikeln hittar du de 10 b\u00e4sta EU casinon som accepterar svenska spelare.","breadcrumb":{"@id":"https:\/\/casinor.com\/sv\/eu-casino\/#breadcrumb"},"inLanguage":"sv-SE","potentialAction":[{"@type":"ReadAction","target":["https:\/\/casinor.com\/sv\/eu-casino\/"]}]},{"@type":"BreadcrumbList","@id":"https:\/\/casinor.com\/sv\/eu-casino\/#breadcrumb","itemListElement":[{"@type":"ListItem","position":1,"name":"Hem","item":"https:\/\/casinor.com\/sv\/"},{"@type":"ListItem","position":2,"name":"EU casino"}]},{"@type":"WebSite","@id":"https:\/\/casinor.com\/#website","url":"https:\/\/casinor.com\/","name":"Casinor.com","description":"Sveriges b\u00e4sta service f\u00f6r casino recensioner","publisher":{"@id":"https:\/\/casinor.com\/#organization"},"potentialAction":[{"@type":"SearchAction","target":{"@type":"EntryPoint","urlTemplate":"https:\/\/casinor.com\/?s={search_term_string}"},"query-input":{"@type":"PropertyValueSpecification","valueRequired":true,"valueName":"search_term_string"}}],"inLanguage":"sv-SE"},{"@type":"Organization","@id":"https:\/\/casinor.com\/#organization","name":"Casinor.com","url":"https:\/\/casinor.com\/","logo":{"@type":"ImageObject","inLanguage":"sv-SE","@id":"https:\/\/casinor.com\/#\/schema\/logo\/image\/","url":"https:\/\/casinor.com\/wp-content\/uploads\/2023\/05\/logo_sweden.svg","contentUrl":"https:\/\/casinor.com\/wp-content\/uploads\/2023\/05\/logo_sweden.svg","caption":"Casinor.com"},"image":{"@id":"https:\/\/casinor.com\/#\/schema\/logo\/image\/"},"sameAs":["https:\/\/www.facebook.com\/Casinorcom-1429398773853454\/","https:\/\/x.com\/casinor_com","https:\/\/no.pinterest.com\/casinor1","https:\/\/www.youtube.com\/channel\/UCIaYR-rxk3WeeGSnE-9M-CQ"]}]}},"_links":{"self":[{"href":"https:\/\/casinor.com\/sv\/wp-json\/wp\/v2\/pages\/18184","targetHints":{"allow":["GET"]}}],"collection":[{"href":"https:\/\/casinor.com\/sv\/wp-json\/wp\/v2\/pages"}],"about":[{"href":"https:\/\/casinor.com\/sv\/wp-json\/wp\/v2\/types\/page"}],"author":[{"embeddable":true,"href":"https:\/\/casinor.com\/sv\/wp-json\/wp\/v2\/users\/14"}],"replies":[{"embeddable":true,"href":"https:\/\/casinor.com\/sv\/wp-json\/wp\/v2\/comments?post=18184"}],"version-history":[{"count":11,"href":"https:\/\/casinor.com\/sv\/wp-json\/wp\/v2\/pages\/18184\/revisions"}],"predecessor-version":[{"id":19843,"href":"https:\/\/casinor.com\/sv\/wp-json\/wp\/v2\/pages\/18184\/revisions\/19843"}],"wp:attachment":[{"href":"https:\/\/casinor.com\/sv\/wp-json\/wp\/v2\/media?parent=18184"}],"curies":[{"name":"wp","href":"https:\/\/api.w.org\/{rel}","templated":true}]}}