{"id":18166,"date":"2024-10-06T15:56:34","date_gmt":"2024-10-06T13:56:34","guid":{"rendered":"https:\/\/casinor.com\/?page_id=18166"},"modified":"2026-04-17T15:13:14","modified_gmt":"2026-04-17T13:13:14","slug":"betalning","status":"publish","type":"page","link":"https:\/\/casinor.com\/sv\/betalning\/","title":{"rendered":"Betalningsmetoder"},"content":{"rendered":"\n<section id=\"hero-center-text-block_b46783a8595e32a11ab610ab39e62633\" class=\"home-hero home-hero--category block-hero-center-text\">\n\t<div class=\"home-hero__container\">\n\t\t<div class=\"home-hero__wrap\">\n\t\t\t<div class=\"home-hero__content\">\n\t\t\t\t\t\t\t\t\t<h1 class=\"home-hero__title\" >Casino betalningsmetoder<\/h1>\n\t\t\t\t\t\t\t\t\t\t\t\t\t<div class=\"home-hero__text\">Casino betalningsmetoder fungerar alla lite olika. Vissa erbjuder l\u00e4gre ins\u00e4ttningar medan andra har h\u00f6gre. Transaktionstiden skiljer sig \u00e4ven mellan de olika betalningsalternativen. I den h\u00e4r artikeln g\u00e5r vi igenom alla betalningsmetoder som \u00e4r tillg\u00e4ngliga f\u00f6r svenska casinospelare.<\/div>\n\t\t\t\t\t\t\t<\/div>\n\t\t\t\t\t<\/div>\n\t<\/div>\n<\/section>\n\n\n    <section id=\"content-section-block_4744fe73936b5766916c45661c84e8bc\" class=\"content-section is-white  block-content-section\">\n                    <div class=\"content-section__container\">\n                <h2>Popul\u00e4ra casino betalningsmetoder<\/h2>\n<ul>\n<li style=\"font-weight: 400;\" aria-level=\"1\"><a href=\"https:\/\/casinor.com\/sv\/betalning\/swish\/\"><b>Swish<\/b><\/a><span style=\"font-weight: 400;\">: En svenskutvecklad betalningsmetod som fungerar ihop med svenska samtliga banker, d\u00e4r du anv\u00e4nder dig av ett telefonnummer f\u00f6r att \u00f6verf\u00f6ra eller ta emot pengar.<\/span><\/li>\n<li style=\"font-weight: 400;\" aria-level=\"1\"><b>Trustly<\/b><span style=\"font-weight: 400;\">: En betaltj\u00e4nst som fungerar i kombination med vilken svensk bank som helst. Trustly \u00e4r den mest vanligaste f\u00f6rekommande betalningsmetoden hos svenska casinon.\u00a0<\/span><\/li>\n<li style=\"font-weight: 400;\" aria-level=\"1\"><b>Zimpler<\/b><span style=\"font-weight: 400;\">: Fungerar p\u00e5 samma s\u00e4tt som Swish och Trustly. Du s\u00e4tter in och tar ut pengar via din svenska bank och ett BankID.<\/span><\/li>\n<li style=\"font-weight: 400;\" aria-level=\"1\"><a href=\"https:\/\/casinor.com\/sv\/betalning\/kreditkort\/\"><b>Kreditkort<\/b><\/a><span style=\"font-weight: 400;\">: Antagligen v\u00e4rldens mest popul\u00e4ra betalningsmetod att spela <a href=\"https:\/\/casinor.com\/sv\/\">online casino<\/a> med. Kortbetalningar \u00e4r oftast gratis men kan hos vissa casinon utan svensk licens komma med transaktionsavgifter p\u00e5 upp till 2.5%.\u00a0<\/span><\/li>\n<li style=\"font-weight: 400;\" aria-level=\"1\"><b>VISA<\/b><span style=\"font-weight: 400;\">: Den mest popul\u00e4ra kortbetalningen i v\u00e4rlden med drygt 4 miljarder anv\u00e4ndare v\u00e4rlden \u00f6ver. De flesta casinon accepterar VISA som betalningsmetod.\u00a0<\/span><\/li>\n<li style=\"font-weight: 400;\" aria-level=\"1\"><b><a href=\"https:\/\/casinor.com\/sv\/betalning\/mastercard-casino\/\">Mastercard<\/a>:<\/b><span style=\"font-weight: 400;\"> Det n\u00e4st popul\u00e4raste kortbetalningen i v\u00e4rlden \u00e4r MasterCard med ungef\u00e4r 1.5 miljarder olika anv\u00e4ndare.\u00a0<\/span><\/li>\n<li style=\"font-weight: 400;\" aria-level=\"1\"><b><a href=\"https:\/\/casinor.com\/sv\/betalning\/paypal-casino\/\">PayPal<\/a>:<\/b><span style=\"font-weight: 400;\"> En e-pl\u00e5nbok som erbjuds av m\u00e5nga casinon. \u00c4ven fast att det finns en del spelare som anv\u00e4nder PayPal s\u00e5 \u00e4r det inte ett j\u00e4ttepopul\u00e4rt val bland casinospelare. I vissa fall kan PayPal ta ut avgifter p\u00e5 upp till 5% per transaktion.\u00a0<\/span><\/li>\n<li style=\"font-weight: 400;\" aria-level=\"1\"><b><a href=\"https:\/\/casinor.com\/sv\/betalning\/apple-pay-casino\/\">Apple Pay<\/a>: <\/b><span style=\"font-weight: 400;\">Blir st\u00e4ndigt mer popul\u00e4rt att anv\u00e4nda, men har inte riktigt hittat sin plats hos svenska casinospelare \u00e4n.\u00a0<\/span><\/li>\n<li style=\"font-weight: 400;\" aria-level=\"1\"><b>Neteller<\/b><span style=\"font-weight: 400;\">: En e-pl\u00e5nbok som tidigare var en av v\u00e4rldens mest popul\u00e4ra betalningsmetoder att spela casino med. Men med \u00e5ren har Netellers anv\u00e4nts mindre i takt med att nya betalningsalternativ dykt upp.\u00a0<\/span><\/li>\n<li style=\"font-weight: 400;\" aria-level=\"1\"><b>Skrill:<\/b><span style=\"font-weight: 400;\"> En e-pl\u00e5nbok med \u00f6ver 40 miljoner anv\u00e4ndare v\u00e4rlden \u00f6ver. F\u00f6rutom att fungera som en vanlig e-pl\u00e5nbok, kan du skapa b\u00e5de fysiska och virtuella bankkort via Skrill som du anv\u00e4nder n\u00e4r du ska shoppa eller g\u00f6ra en ins\u00e4ttning hos ett casino.\u00a0<\/span><\/li>\n<li style=\"font-weight: 400;\" aria-level=\"1\"><b><a href=\"https:\/\/casinor.com\/sv\/betalning\/paysafecard-casino\/\">Paysafecard<\/a>:<\/b><span style=\"font-weight: 400;\"> Har historiskt varit en betaltj\u00e4nst med saldokort som fungerar som ett presentkort, men fungerar idag som vilken betaltj\u00e4nst som helst som anv\u00e4nder bankkort f\u00f6r transaktioner och betalningar.\u00a0<\/span><\/li>\n<li style=\"font-weight: 400;\" aria-level=\"1\"><b>Bitcoin: <\/b><span style=\"font-weight: 400;\">Den vanligaste kryptovalutan hos casinon. Det g\u00e5r att anv\u00e4nda Bitcoin f\u00f6r att spela hos vissa utl\u00e4ndska casinon som erbjuder spel med kryptovaluta.\u00a0<\/span><\/li>\n<li style=\"font-weight: 400;\" aria-level=\"1\"><b>Kryptovalutor<\/b><span style=\"font-weight: 400;\">: Det \u00e4r inte till\u00e5tet f\u00f6r casinon med svensk licens att erbjuda kryptovalutor som betalningsmetod. D\u00e4remot finns det m\u00e5nga <a href=\"https:\/\/casinor.com\/sv\/casino-utan-licens\/\">casinon utan svensk licens<\/a> som erbjuder detta.\u00a0<\/span><\/li>\n<li style=\"font-weight: 400;\" aria-level=\"1\"><b>Giropay:<\/b><span style=\"font-weight: 400;\"> En tysk betalningsmetod som fr\u00e4mst anv\u00e4nds i Tyskland, Lettland och i Frankrike med \u00f6ver 45 miljoner anv\u00e4ndare totalt.<\/span><\/li>\n<li style=\"font-weight: 400;\" aria-level=\"1\"><b>Brite:<\/b><span style=\"font-weight: 400;\"> En betalningsmetod d\u00e4r du inte beh\u00f6ver anv\u00e4nda ett vanligt betalkort utan godk\u00e4nner betalningar ist\u00e4llet med hj\u00e4lp av en svensk bank och ett BankID.\u00a0<\/span><\/li>\n<li style=\"font-weight: 400;\" aria-level=\"1\"><b><a href=\"https:\/\/casinor.com\/sv\/betalning\/klarna-casino\/\">Klarna<\/a>:<\/b><span style=\"font-weight: 400;\"> Anv\u00e4ndes tidigare f\u00f6r att spela p\u00e5 <a href=\"https:\/\/casinor.com\/sv\/betalning\/faktura\/\">casino med faktura<\/a> men anv\u00e4nds idag som e-pl\u00e5nbok hos casinon.<\/span><\/li>\n<li style=\"font-weight: 400;\" aria-level=\"1\"><b>Revolut:<\/b><span style=\"font-weight: 400;\"> En av m\u00e5nga internetbaserade banker som dykt upp p\u00e5 senare tid.. Revolut fungerar som en vanlig internetbank, med egna betalkort (virtuella, eng\u00e5ngskort och vanliga bankomatkort), fast\u00e4n att de inte \u00e4r en vanlig bank.<\/span><\/li>\n<li style=\"font-weight: 400;\" aria-level=\"1\"><b><a href=\"https:\/\/casinor.com\/sv\/betalning\/siru-mobile-casino\/\">Siru Mobile<\/a>:<\/b><span style=\"font-weight: 400;\"> En betaltj\u00e4nst som fr\u00e4mst anv\u00e4nds i Sverige, Finland, Storbritannien och \u00d6sterrike. Det \u00e4r inte en vanligt f\u00f6rekommande betalningsmetod hos casinon, men det g\u00e5r att hitta lite h\u00e4r och d\u00e4r.\u00a0<\/span><\/li>\n<li style=\"font-weight: 400;\" aria-level=\"1\"><b>Paylevo:<\/b><span style=\"font-weight: 400;\"> Hette tidigare Kriita och var en betalningstj\u00e4nst som gick att spela p\u00e5 faktura med.\u00a0<\/span><\/li>\n<\/ul>\n<h2>J\u00e4mf\u00f6relse mellan olika casino betalningsmetoder<\/h2>\n<table>\n<tbody>\n<tr>\n<td><b>Betalningsmetod<\/b><\/td>\n<td><b>Typ<\/b><\/td>\n<td><b>Transaktionsavgift<\/b><\/td>\n<td><b>Minsta ins\u00e4ttning<\/b><\/td>\n<td><b>Max uttag<\/b><\/td>\n<td><b>Uttagstid<\/b><\/td>\n<td><b>Kr\u00e4ver legitimation<\/b><\/td>\n<\/tr>\n<tr>\n<td><span style=\"font-weight: 400;\">Swish<\/span><\/td>\n<td><span style=\"font-weight: 400;\">Mobilbetaling<\/span><\/td>\n<td><span style=\"font-weight: 400;\">0%<\/span><\/td>\n<td><span style=\"font-weight: 400;\">1 kr<\/span><\/td>\n<td><span style=\"font-weight: 400;\">150 000 kr<\/span><\/td>\n<td><span style=\"font-weight: 400;\">Direkt<\/span><\/td>\n<td><span style=\"font-weight: 400;\">Ja, BankID<\/span><\/td>\n<\/tr>\n<tr>\n<td><span style=\"font-weight: 400;\">Trustly<\/span><\/td>\n<td><span style=\"font-weight: 400;\">Bank\u00f6ver\u00f6fring<\/span><\/td>\n<td><span style=\"font-weight: 400;\">0%<\/span><\/td>\n<td><span style=\"font-weight: 400;\">1 kr<\/span><\/td>\n<td><span style=\"font-weight: 400;\">1 200 000 kr<\/span><\/td>\n<td><span style=\"font-weight: 400;\">Direkt<\/span><\/td>\n<td><span style=\"font-weight: 400;\">Ja, BankID<\/span><\/td>\n<\/tr>\n<tr>\n<td><span style=\"font-weight: 400;\">Zimpler<\/span><\/td>\n<td><span style=\"font-weight: 400;\">Bank\u00f6ver\u00f6fring<\/span><\/td>\n<td><span style=\"font-weight: 400;\">0%<\/span><\/td>\n<td><span style=\"font-weight: 400;\">1 kr<\/span><\/td>\n<td><span style=\"font-weight: 400;\">50 000 kr<\/span><\/td>\n<td><span style=\"font-weight: 400;\">Direkt<\/span><\/td>\n<td><span style=\"font-weight: 400;\">Ja, BankID<\/span><\/td>\n<\/tr>\n<tr>\n<td><span style=\"font-weight: 400;\">Faktura<\/span><\/td>\n<td><span style=\"font-weight: 400;\">Fakturering<\/span><\/td>\n<td><span style=\"font-weight: 400;\">0%<\/span><\/td>\n<td><span style=\"font-weight: 400;\">1 kr<\/span><\/td>\n<td><span style=\"font-weight: 400;\">upp till flera hundra tusen kronor<\/span><\/td>\n<td><span style=\"font-weight: 400;\">1-7 bankdagar<\/span><\/td>\n<td><span style=\"font-weight: 400;\">Nej<\/span><\/td>\n<\/tr>\n<tr>\n<td><span style=\"font-weight: 400;\">Kortbetalning<\/span><\/td>\n<td><span style=\"font-weight: 400;\">Kortbetalning<\/span><\/td>\n<td><span style=\"font-weight: 400;\">Upp till 2.5%<\/span><\/td>\n<td><span style=\"font-weight: 400;\">Ingen gr\u00e4ns<\/span><\/td>\n<td><span style=\"font-weight: 400;\">Ingen gr\u00e4ns<\/span><\/td>\n<td><span style=\"font-weight: 400;\">Direkt<\/span><\/td>\n<td><span style=\"font-weight: 400;\">Nej<\/span><\/td>\n<\/tr>\n<tr>\n<td><span style=\"font-weight: 400;\">VISA\/MasterCard<\/span><\/td>\n<td><span style=\"font-weight: 400;\">Kortbetalning<\/span><\/td>\n<td><span style=\"font-weight: 400;\">Upp till 2.5%<\/span><\/td>\n<td><span style=\"font-weight: 400;\">Ingen gr\u00e4ns<\/span><\/td>\n<td><span style=\"font-weight: 400;\">Ingen gr\u00e4ns<\/span><\/td>\n<td><span style=\"font-weight: 400;\">Direkt<\/span><\/td>\n<td><span style=\"font-weight: 400;\">Nej<\/span><\/td>\n<\/tr>\n<tr>\n<td><span style=\"font-weight: 400;\">PayPal<\/span><\/td>\n<td><span style=\"font-weight: 400;\">E-pl\u00e5nbok<\/span><\/td>\n<td><span style=\"font-weight: 400;\">Upp till 5%<\/span><\/td>\n<td><span style=\"font-weight: 400;\">1 kr<\/span><\/td>\n<td><span style=\"font-weight: 400;\">650 000 kr<\/span><\/td>\n<td><span style=\"font-weight: 400;\">Direkt<\/span><\/td>\n<td><span style=\"font-weight: 400;\">Ja, id-kort<\/span><\/td>\n<\/tr>\n<tr>\n<td><span style=\"font-weight: 400;\">Apple Pay<\/span><\/td>\n<td><span style=\"font-weight: 400;\">Kort<\/span><\/td>\n<td><span style=\"font-weight: 400;\">0%<\/span><\/td>\n<td><span style=\"font-weight: 400;\">Ingen gr\u00e4ns<\/span><\/td>\n<td><span style=\"font-weight: 400;\">Ingen gr\u00e4ns<\/span><\/td>\n<td><span style=\"font-weight: 400;\">upp till 5 bankdagar<\/span><\/td>\n<td><span style=\"font-weight: 400;\">Nej<\/span><\/td>\n<\/tr>\n<tr>\n<td><span style=\"font-weight: 400;\">Neteller<\/span><\/td>\n<td><span style=\"font-weight: 400;\">E-pl\u00e5nbok<\/span><\/td>\n<td><span style=\"font-weight: 400;\">0%<\/span><\/td>\n<td><span style=\"font-weight: 400;\">1 kr<\/span><\/td>\n<td><span style=\"font-weight: 400;\">Upp till 500 000 kr<\/span><\/td>\n<td><span style=\"font-weight: 400;\">Direkt<\/span><\/td>\n<td><span style=\"font-weight: 400;\">Ja, id-kort<\/span><\/td>\n<\/tr>\n<tr>\n<td><span style=\"font-weight: 400;\">Skrill<\/span><\/td>\n<td><span style=\"font-weight: 400;\">E-pl\u00e5nbok<\/span><\/td>\n<td><span style=\"font-weight: 400;\">0%<\/span><\/td>\n<td><span style=\"font-weight: 400;\">Ingen gr\u00e4ns<\/span><\/td>\n<td><span style=\"font-weight: 400;\">Upp till 500 000 kr<\/span><\/td>\n<td><span style=\"font-weight: 400;\">Direkt<\/span><\/td>\n<td><span style=\"font-weight: 400;\">Ja, id-kort<\/span><\/td>\n<\/tr>\n<tr>\n<td><span style=\"font-weight: 400;\">Paysafecard<\/span><\/td>\n<td><span style=\"font-weight: 400;\">E-pl\u00e5nbok<\/span><\/td>\n<td><span style=\"font-weight: 400;\">0%<\/span><\/td>\n<td><span style=\"font-weight: 400;\">100 kr\u00a0<\/span><\/td>\n<td><span style=\"font-weight: 400;\">10 000 kr<\/span><\/td>\n<td><span style=\"font-weight: 400;\">Direkt<\/span><\/td>\n<td><span style=\"font-weight: 400;\">Ja, id-kort<\/span><\/td>\n<\/tr>\n<tr>\n<td><span style=\"font-weight: 400;\">Bitcoin<\/span><\/td>\n<td><span style=\"font-weight: 400;\">Kryptovaluta<\/span><\/td>\n<td><span style=\"font-weight: 400;\">Minimal<\/span><\/td>\n<td><span style=\"font-weight: 400;\">Ingen gr\u00e4ns<\/span><\/td>\n<td><span style=\"font-weight: 400;\">Ingen gr\u00e4ns<\/span><\/td>\n<td><span style=\"font-weight: 400;\">Direkt<\/span><\/td>\n<td><span style=\"font-weight: 400;\">Nej<\/span><\/td>\n<\/tr>\n<tr>\n<td><span style=\"font-weight: 400;\">Kryptovalutor<\/span><\/td>\n<td><span style=\"font-weight: 400;\">Kryptovaluta<\/span><\/td>\n<td><span style=\"font-weight: 400;\">Minimal<\/span><\/td>\n<td><span style=\"font-weight: 400;\">Ingen gr\u00e4ns<\/span><\/td>\n<td><span style=\"font-weight: 400;\">Ingen gr\u00e4ns<\/span><\/td>\n<td><span style=\"font-weight: 400;\">Direkt<\/span><\/td>\n<td><span style=\"font-weight: 400;\">Nej<\/span><\/td>\n<\/tr>\n<tr>\n<td><span style=\"font-weight: 400;\">Giropay<\/span><\/td>\n<td><span style=\"font-weight: 400;\">Bank<\/span><\/td>\n<td><span style=\"font-weight: 400;\">0%<\/span><\/td>\n<td><span style=\"font-weight: 400;\">1 kr<\/span><\/td>\n<td><span style=\"font-weight: 400;\">100 000 kr<\/span><\/td>\n<td><span style=\"font-weight: 400;\">Direkt<\/span><\/td>\n<td><span style=\"font-weight: 400;\">Ja, id-kort<\/span><\/td>\n<\/tr>\n<tr>\n<td><span style=\"font-weight: 400;\">Brite<\/span><\/td>\n<td><span style=\"font-weight: 400;\">Bank<\/span><\/td>\n<td><span style=\"font-weight: 400;\">0%<\/span><\/td>\n<td><span style=\"font-weight: 400;\">Ingen gr\u00e4ns<\/span><\/td>\n<td><span style=\"font-weight: 400;\">Ingen gr\u00e4ns<\/span><\/td>\n<td><span style=\"font-weight: 400;\">Direkt<\/span><\/td>\n<td><span style=\"font-weight: 400;\">Ja, BankID<\/span><\/td>\n<\/tr>\n<tr>\n<td><span style=\"font-weight: 400;\">Klarna<\/span><\/td>\n<td><span style=\"font-weight: 400;\">E-pl\u00e5nbok<\/span><\/td>\n<td><span style=\"font-weight: 400;\">0%<\/span><\/td>\n<td><span style=\"font-weight: 400;\">1 kr<\/span><\/td>\n<td><span style=\"font-weight: 400;\">G\u00e5r ej att g\u00f6ra uttag till Klarna<\/span><\/td>\n<td><span style=\"font-weight: 400;\">Endast betalningar<\/span><\/td>\n<td><span style=\"font-weight: 400;\">Ja, BankID<\/span><\/td>\n<\/tr>\n<tr>\n<td><span style=\"font-weight: 400;\">Revolut<\/span><\/td>\n<td><span style=\"font-weight: 400;\">Kortbetalning<\/span><\/td>\n<td><span style=\"font-weight: 400;\">0%<\/span><\/td>\n<td><span style=\"font-weight: 400;\">Ingen gr\u00e4ns<\/span><\/td>\n<td><span style=\"font-weight: 400;\">Ingen gr\u00e4ns<\/span><\/td>\n<td><span style=\"font-weight: 400;\">1-5 bankdagar\u00a0<\/span><\/td>\n<td><span style=\"font-weight: 400;\">Ja, id-kort<\/span><\/td>\n<\/tr>\n<tr>\n<td><span style=\"font-weight: 400;\">Siru<\/span><\/td>\n<td><span style=\"font-weight: 400;\">E-pl\u00e5nbok<\/span><\/td>\n<td><span style=\"font-weight: 400;\">0%<\/span><\/td>\n<td><span style=\"font-weight: 400;\">100 kr\u00a0<\/span><\/td>\n<td><span style=\"font-weight: 400;\">Upp till 5 000 kr<\/span><\/td>\n<td><span style=\"font-weight: 400;\">Direkt<\/span><\/td>\n<td><span style=\"font-weight: 400;\">Ja, id-kort<\/span><\/td>\n<\/tr>\n<tr>\n<td><span style=\"font-weight: 400;\">Paylevo<\/span><\/td>\n<td><span style=\"font-weight: 400;\">E-pl\u00e5nbok<\/span><\/td>\n<td><span style=\"font-weight: 400;\">0%<\/span><\/td>\n<td><span style=\"font-weight: 400;\">1 kr<\/span><\/td>\n<td><span style=\"font-weight: 400;\">Upp till 5 000 kr<\/span><\/td>\n<td><span style=\"font-weight: 400;\">Direkt<\/span><\/td>\n<td><span style=\"font-weight: 400;\">Ja, id-kort<\/span><\/td>\n<\/tr>\n<\/tbody>\n<\/table>\n<h2>Anonyma betalningsmetoder<\/h2>\n<p><span style=\"font-weight: 400;\">Att spela anonymt \u00e4r n\u00e5got som blir allt mindre vanligt bland online casinon och \u00e4r f\u00f6rbjudet hos <a href=\"https:\/\/casinor.com\/sv\/svenska-casinon\/\">svenska casinon<\/a>.\u00a0<\/span><\/p>\n<p><span style=\"font-weight: 400;\">De flesta spelare som spelar anonymt anv\u00e4nder sig av kryptovalutor. Dessv\u00e4rre kan du endast spela med kryptovalutor p\u00e5 <a href=\"https:\/\/casinor.com\/sv\/utlandska-casino\/\">utl\u00e4ndska casinon<\/a>.\u00a0<\/span><\/p>\n<p><span style=\"font-weight: 400;\">Det g\u00e5r \u00e4ven att k\u00f6pa p\u00e5fyllda bankomatkort som inte \u00e4r kopplade till ditt namn, som exempelvis Paysafecard, men det blir allt sv\u00e5rare att spela casino anonymt med vanliga pengar.<\/span><\/p>\n<h2>Vanliga fr\u00e5gor<\/h2>\n\t\t<div class=\"wp-faq-schema-wrap wp-faq-schema-accordion\">\n\t\t\t\t\t\t<div class=\"wp-faq-schema-items\">\n\t\t\t\t\t\t\t\t\t<h3>Vilken \u00e4r den s\u00e4kraste betalningsmetoden p\u00e5 casino?<\/h3>\n\t\t\t\t\t<div class=\"\">\n\t\t\t\t\t\t<p>De s\u00e4kraste betalningsmetoderna \u00e4r Trustly, Swish och Zimpler. N\u00e4r du anv\u00e4nder dessa m\u00e5ste du anv\u00e4nda dig av BankID vilket h\u00f6jer s\u00e4kerheten.<\/p>\n\t\t\t\t\t<\/div>\n\t\t\t\t\t\t\t\t\t<h3>Kan jag anv\u00e4nda samma casino betalningsmetod f\u00f6r b\u00e5de ins\u00e4ttning och uttag?<\/h3>\n\t\t\t\t\t<div class=\"\">\n\t\t\t\t\t\t<p>Nej, inte alltid. Det finns betalningsmetoder som det inte g\u00e5r att g\u00f6ra uttag till, som exempelvis Paysafecard.<\/p>\n\t\t\t\t\t<\/div>\n\t\t\t\t\t\t\t\t\t<h3>Kan jag ta del av v\u00e4lkomstbonusar med alla betalningsmetoder?<\/h3>\n\t\t\t\t\t<div class=\"\">\n\t\t\t\t\t\t<p>Nej, en del casinon utesluter vissa betalningsmetoder fr\u00e5n deras bonusar. D\u00e4rf\u00f6r \u00e4r det viktigt att du h\u00e5ller koll p\u00e5 just detta innan du g\u00f6r din ins\u00e4ttning.<\/p>\n\t\t\t\t\t<\/div>\n\t\t\t\t\t\t\t<\/div>\n\t\t<\/div>\n\t\t\n            <\/div>\n            <\/section>\n","protected":false},"excerpt":{"rendered":"","protected":false},"author":14,"featured_media":0,"parent":0,"menu_order":0,"comment_status":"closed","ping_status":"closed","template":"","meta":{"_acf_changed":false,"footnotes":""},"class_list":["post-18166","page","type-page","status-publish","hentry"],"acf":[],"yoast_head":"<!-- This site is optimized with the Yoast SEO plugin v26.8 - https:\/\/yoast.com\/product\/yoast-seo-wordpress\/ -->\n<title>Casino betalningsmetoder \u2013 s\u00e4kra och snabba betalalternativ<\/title>\n<meta name=\"description\" content=\"I den h\u00e4r artikeln g\u00e5r vi igenom alla casino betalningsmetoder som \u00e4r tillg\u00e4ngliga f\u00f6r svenska spelare.\" \/>\n<meta name=\"robots\" content=\"index, follow, max-snippet:-1, max-image-preview:large, max-video-preview:-1\" \/>\n<link rel=\"canonical\" href=\"https:\/\/casinor.com\/sv\/betalning\/\" \/>\n<meta property=\"og:locale\" content=\"sv_SE\" \/>\n<meta property=\"og:type\" content=\"article\" \/>\n<meta property=\"og:title\" content=\"Casino betalningsmetoder \u2013 s\u00e4kra och snabba betalalternativ\" \/>\n<meta property=\"og:description\" content=\"I den h\u00e4r artikeln g\u00e5r vi igenom alla casino betalningsmetoder som \u00e4r tillg\u00e4ngliga f\u00f6r svenska spelare.\" \/>\n<meta property=\"og:url\" content=\"https:\/\/casinor.com\/sv\/betalning\/\" \/>\n<meta property=\"og:site_name\" content=\"Casinor.com\" \/>\n<meta property=\"article:publisher\" content=\"https:\/\/www.facebook.com\/Casinorcom-1429398773853454\/\" \/>\n<meta property=\"article:modified_time\" content=\"2026-04-17T13:13:14+00:00\" \/>\n<meta name=\"twitter:card\" content=\"summary_large_image\" \/>\n<meta name=\"twitter:site\" content=\"@casinor_com\" \/>\n<script type=\"application\/ld+json\" class=\"yoast-schema-graph\">{\"@context\":\"https:\/\/schema.org\",\"@graph\":[{\"@type\":\"WebPage\",\"@id\":\"https:\/\/casinor.com\/sv\/betalning\/\",\"url\":\"https:\/\/casinor.com\/sv\/betalning\/\",\"name\":\"Casino betalningsmetoder \u2013 s\u00e4kra och snabba betalalternativ\",\"isPartOf\":{\"@id\":\"https:\/\/casinor.com\/#website\"},\"datePublished\":\"2024-10-06T13:56:34+00:00\",\"dateModified\":\"2026-04-17T13:13:14+00:00\",\"description\":\"I den h\u00e4r artikeln g\u00e5r vi igenom alla casino betalningsmetoder som \u00e4r tillg\u00e4ngliga f\u00f6r svenska spelare.\",\"breadcrumb\":{\"@id\":\"https:\/\/casinor.com\/sv\/betalning\/#breadcrumb\"},\"inLanguage\":\"sv-SE\",\"potentialAction\":[{\"@type\":\"ReadAction\",\"target\":[\"https:\/\/casinor.com\/sv\/betalning\/\"]}]},{\"@type\":\"BreadcrumbList\",\"@id\":\"https:\/\/casinor.com\/sv\/betalning\/#breadcrumb\",\"itemListElement\":[{\"@type\":\"ListItem\",\"position\":1,\"name\":\"Hem\",\"item\":\"https:\/\/casinor.com\/sv\/\"},{\"@type\":\"ListItem\",\"position\":2,\"name\":\"Betalningsmetoder\"}]},{\"@type\":\"WebSite\",\"@id\":\"https:\/\/casinor.com\/#website\",\"url\":\"https:\/\/casinor.com\/\",\"name\":\"Casinor.com\",\"description\":\"Sveriges b\u00e4sta service f\u00f6r casino recensioner\",\"publisher\":{\"@id\":\"https:\/\/casinor.com\/#organization\"},\"potentialAction\":[{\"@type\":\"SearchAction\",\"target\":{\"@type\":\"EntryPoint\",\"urlTemplate\":\"https:\/\/casinor.com\/?s={search_term_string}\"},\"query-input\":{\"@type\":\"PropertyValueSpecification\",\"valueRequired\":true,\"valueName\":\"search_term_string\"}}],\"inLanguage\":\"sv-SE\"},{\"@type\":\"Organization\",\"@id\":\"https:\/\/casinor.com\/#organization\",\"name\":\"Casinor.com\",\"url\":\"https:\/\/casinor.com\/\",\"logo\":{\"@type\":\"ImageObject\",\"inLanguage\":\"sv-SE\",\"@id\":\"https:\/\/casinor.com\/#\/schema\/logo\/image\/\",\"url\":\"https:\/\/casinor.com\/wp-content\/uploads\/2023\/05\/logo_sweden.svg\",\"contentUrl\":\"https:\/\/casinor.com\/wp-content\/uploads\/2023\/05\/logo_sweden.svg\",\"caption\":\"Casinor.com\"},\"image\":{\"@id\":\"https:\/\/casinor.com\/#\/schema\/logo\/image\/\"},\"sameAs\":[\"https:\/\/www.facebook.com\/Casinorcom-1429398773853454\/\",\"https:\/\/x.com\/casinor_com\",\"https:\/\/no.pinterest.com\/casinor1\",\"https:\/\/www.youtube.com\/channel\/UCIaYR-rxk3WeeGSnE-9M-CQ\"]}]}<\/script>\n<!-- \/ Yoast SEO plugin. -->","yoast_head_json":{"title":"Casino betalningsmetoder \u2013 s\u00e4kra och snabba betalalternativ","description":"I den h\u00e4r artikeln g\u00e5r vi igenom alla casino betalningsmetoder som \u00e4r tillg\u00e4ngliga f\u00f6r svenska spelare.","robots":{"index":"index","follow":"follow","max-snippet":"max-snippet:-1","max-image-preview":"max-image-preview:large","max-video-preview":"max-video-preview:-1"},"canonical":"https:\/\/casinor.com\/sv\/betalning\/","og_locale":"sv_SE","og_type":"article","og_title":"Casino betalningsmetoder \u2013 s\u00e4kra och snabba betalalternativ","og_description":"I den h\u00e4r artikeln g\u00e5r vi igenom alla casino betalningsmetoder som \u00e4r tillg\u00e4ngliga f\u00f6r svenska spelare.","og_url":"https:\/\/casinor.com\/sv\/betalning\/","og_site_name":"Casinor.com","article_publisher":"https:\/\/www.facebook.com\/Casinorcom-1429398773853454\/","article_modified_time":"2026-04-17T13:13:14+00:00","twitter_card":"summary_large_image","twitter_site":"@casinor_com","schema":{"@context":"https:\/\/schema.org","@graph":[{"@type":"WebPage","@id":"https:\/\/casinor.com\/sv\/betalning\/","url":"https:\/\/casinor.com\/sv\/betalning\/","name":"Casino betalningsmetoder \u2013 s\u00e4kra och snabba betalalternativ","isPartOf":{"@id":"https:\/\/casinor.com\/#website"},"datePublished":"2024-10-06T13:56:34+00:00","dateModified":"2026-04-17T13:13:14+00:00","description":"I den h\u00e4r artikeln g\u00e5r vi igenom alla casino betalningsmetoder som \u00e4r tillg\u00e4ngliga f\u00f6r svenska spelare.","breadcrumb":{"@id":"https:\/\/casinor.com\/sv\/betalning\/#breadcrumb"},"inLanguage":"sv-SE","potentialAction":[{"@type":"ReadAction","target":["https:\/\/casinor.com\/sv\/betalning\/"]}]},{"@type":"BreadcrumbList","@id":"https:\/\/casinor.com\/sv\/betalning\/#breadcrumb","itemListElement":[{"@type":"ListItem","position":1,"name":"Hem","item":"https:\/\/casinor.com\/sv\/"},{"@type":"ListItem","position":2,"name":"Betalningsmetoder"}]},{"@type":"WebSite","@id":"https:\/\/casinor.com\/#website","url":"https:\/\/casinor.com\/","name":"Casinor.com","description":"Sveriges b\u00e4sta service f\u00f6r casino recensioner","publisher":{"@id":"https:\/\/casinor.com\/#organization"},"potentialAction":[{"@type":"SearchAction","target":{"@type":"EntryPoint","urlTemplate":"https:\/\/casinor.com\/?s={search_term_string}"},"query-input":{"@type":"PropertyValueSpecification","valueRequired":true,"valueName":"search_term_string"}}],"inLanguage":"sv-SE"},{"@type":"Organization","@id":"https:\/\/casinor.com\/#organization","name":"Casinor.com","url":"https:\/\/casinor.com\/","logo":{"@type":"ImageObject","inLanguage":"sv-SE","@id":"https:\/\/casinor.com\/#\/schema\/logo\/image\/","url":"https:\/\/casinor.com\/wp-content\/uploads\/2023\/05\/logo_sweden.svg","contentUrl":"https:\/\/casinor.com\/wp-content\/uploads\/2023\/05\/logo_sweden.svg","caption":"Casinor.com"},"image":{"@id":"https:\/\/casinor.com\/#\/schema\/logo\/image\/"},"sameAs":["https:\/\/www.facebook.com\/Casinorcom-1429398773853454\/","https:\/\/x.com\/casinor_com","https:\/\/no.pinterest.com\/casinor1","https:\/\/www.youtube.com\/channel\/UCIaYR-rxk3WeeGSnE-9M-CQ"]}]}},"_links":{"self":[{"href":"https:\/\/casinor.com\/sv\/wp-json\/wp\/v2\/pages\/18166","targetHints":{"allow":["GET"]}}],"collection":[{"href":"https:\/\/casinor.com\/sv\/wp-json\/wp\/v2\/pages"}],"about":[{"href":"https:\/\/casinor.com\/sv\/wp-json\/wp\/v2\/types\/page"}],"author":[{"embeddable":true,"href":"https:\/\/casinor.com\/sv\/wp-json\/wp\/v2\/users\/14"}],"replies":[{"embeddable":true,"href":"https:\/\/casinor.com\/sv\/wp-json\/wp\/v2\/comments?post=18166"}],"version-history":[{"count":17,"href":"https:\/\/casinor.com\/sv\/wp-json\/wp\/v2\/pages\/18166\/revisions"}],"predecessor-version":[{"id":19961,"href":"https:\/\/casinor.com\/sv\/wp-json\/wp\/v2\/pages\/18166\/revisions\/19961"}],"wp:attachment":[{"href":"https:\/\/casinor.com\/sv\/wp-json\/wp\/v2\/media?parent=18166"}],"curies":[{"name":"wp","href":"https:\/\/api.w.org\/{rel}","templated":true}]}}