{"id":17801,"date":"2024-07-05T13:46:44","date_gmt":"2024-07-05T11:46:44","guid":{"rendered":"https:\/\/casinor.com\/?page_id=17801"},"modified":"2026-04-17T15:01:32","modified_gmt":"2026-04-17T13:01:32","slug":"insattningsbonus","status":"publish","type":"page","link":"https:\/\/casinor.com\/sv\/casino-bonus\/insattningsbonus\/","title":{"rendered":"Ins\u00e4ttningsbonus"},"content":{"rendered":"\n<section id=\"hero-center-text-block_668f5fbfe9b34aaed18289d90f2c160e\" class=\"home-hero home-hero--category block-hero-center-text\">\n\t<div class=\"home-hero__container\">\n\t\t<div class=\"home-hero__wrap\">\n\t\t\t<div class=\"home-hero__content\">\n\t\t\t\t\t\t\t\t\t<h1 class=\"home-hero__title\" >Ins\u00e4ttningsbonus<\/h1>\n\t\t\t\t\t\t\t\t\t\t\t\t\t<div class=\"home-hero__text\">Ins\u00e4ttningsbonusar \u00e4r den bonus som de flesta casinospelare f\u00f6redrar och just d\u00e4rf\u00f6r har teamet h\u00e4r p\u00e5 Casinor med ljus och lykta s\u00f6k n\u00e4tet \u00f6ver f\u00f6r att hitta de b\u00e4sta s\u00e5dana i kategorierna 100, 200 och 300%.\r\n\r\nVi g\u00e5r igenom samtliga av dessa bonusar, oms\u00e4ttningskraven, minsta m\u00f6jliga ins\u00e4ttning f\u00f6r att ta del av bonusarna, och mycket mer i denna djupg\u00e5ende bonus-guide.<\/div>\n\t\t\t\t\t\t\t<\/div>\n\t\t\t\t\t<\/div>\n\t<\/div>\n<\/section>\n\n\n    <section id=\"content-section-block_8dfcb5d0fc2b2e78b3c7339ebd446239\" class=\"content-section is-white  block-content-section\">\n                    <div class=\"content-section__container\">\n                <h2>100% ins\u00e4ttningsbonus<\/h2>\n<p><span style=\"font-weight: 400;\">En 100% ins\u00e4ttningsbonus \u00e4r den vanligaste kategorin av bonusar som erbjuds hos <a href=\"https:\/\/casinor.com\/sv\/svenska-casinon\/\">svenska casinon<\/a>. Nedan hittar du n\u00e5gra av dessa erbjudanden som finns tillg\u00e4ngliga att ta del av just nu:\u00a0<\/span><\/p>\n<table>\n<tbody>\n<tr>\n<td><b>Casino<\/b><\/td>\n<td><b>Bonus<\/b><\/td>\n<td><b>Oms\u00e4ttningskrav<\/b><\/td>\n<td><b>Bonus+ins\u00e4ttning?<\/b><\/td>\n<td><b>Minsta ins\u00e4ttning<\/b><\/td>\n<td><b>Svensk licens<\/b><\/td>\n<\/tr>\n<tr>\n<td><span style=\"font-weight: 400;\">Supersnabbt Casino<\/span><\/td>\n<td><span style=\"font-weight: 400;\">100% upp till 5 000 kronor<\/span><\/td>\n<td><span style=\"font-weight: 400;\">35x<\/span><\/td>\n<td><span style=\"font-weight: 400;\">Ja<\/span><\/td>\n<td><span style=\"font-weight: 400;\">200 kr<\/span><\/td>\n<td><span style=\"font-weight: 400;\">Ja<\/span><\/td>\n<\/tr>\n<tr>\n<td><span style=\"font-weight: 400;\">Snabbare Casino<\/span><\/td>\n<td><span style=\"font-weight: 400;\">100% upp till 2 000 kronor + 40 freespins<\/span><\/td>\n<td><span style=\"font-weight: 400;\">20x<\/span><\/td>\n<td><span style=\"font-weight: 400;\">Ja<\/span><\/td>\n<td><span style=\"font-weight: 400;\">100 kr<\/span><\/td>\n<td><span style=\"font-weight: 400;\">Ja<\/span><\/td>\n<\/tr>\n<tr>\n<td><span style=\"font-weight: 400;\">LeoVegas Casino<\/span><\/td>\n<td><span style=\"font-weight: 400;\">100% upp till 4 000 kronor + 100 freespins<\/span><\/td>\n<td><span style=\"font-weight: 400;\">20x<\/span><\/td>\n<td><span style=\"font-weight: 400;\">Nej<\/span><\/td>\n<td><span style=\"font-weight: 400;\">100 kr<\/span><\/td>\n<td><span style=\"font-weight: 400;\">Ja<\/span><\/td>\n<\/tr>\n<tr>\n<td><span style=\"font-weight: 400;\">Expekt Casino<\/span><\/td>\n<td><span style=\"font-weight: 400;\">100% upp till 1 500 kronor + 30 freespins<\/span><\/td>\n<td><span style=\"font-weight: 400;\">20x<\/span><\/td>\n<td><span style=\"font-weight: 400;\">Nej<\/span><\/td>\n<td><span style=\"font-weight: 400;\">100 kr<\/span><\/td>\n<td><span style=\"font-weight: 400;\">Ja<\/span><\/td>\n<\/tr>\n<tr>\n<td><span style=\"font-weight: 400;\">Speedy Casino<\/span><\/td>\n<td><span style=\"font-weight: 400;\">100% upp till 1 000 kronor\u00a0<\/span><\/td>\n<td><span style=\"font-weight: 400;\">20x<\/span><\/td>\n<td><span style=\"font-weight: 400;\">Nej<\/span><\/td>\n<td><span style=\"font-weight: 400;\">100 kr<\/span><\/td>\n<td><span style=\"font-weight: 400;\">Ja<\/span><\/td>\n<\/tr>\n<\/tbody>\n<\/table>\n<h2>200% ins\u00e4ttningsbonus<\/h2>\n<p><span style=\"font-weight: 400;\">N\u00e4r du f\u00e5r en 200% ins\u00e4ttningsbonus s\u00e5 betyder det att du f\u00e5r en matchingsbonus p\u00e5 ditt ins\u00e4ttningsbelopp g\u00e5nger 2. S\u00e4tter du in 500 kronor, f\u00e5r du allts\u00e5 1 500 kronor att spela med. N\u00e5gra av de b\u00e4sta 200%-bonusarna just nu \u00e4r:\u00a0<\/span><\/p>\n<table>\n<tbody>\n<tr>\n<td><b>Casino<\/b><\/td>\n<td><b>Bonus<\/b><\/td>\n<td><b>Oms\u00e4ttningskrav<\/b><\/td>\n<td><b>Bonus+ins\u00e4ttning?<\/b><\/td>\n<td><b>Minsta ins\u00e4ttning<\/b><\/td>\n<td><b>Svensk licens<\/b><\/td>\n<\/tr>\n<tr>\n<td><span style=\"font-weight: 400;\">Red Dog Casino<\/span><\/td>\n<td><span style=\"font-weight: 400;\">200% upp till 2 000 $<\/span><\/td>\n<td><span style=\"font-weight: 400;\">35x<\/span><\/td>\n<td><span style=\"font-weight: 400;\">Ja<\/span><\/td>\n<td><span style=\"font-weight: 400;\">20 $<\/span><\/td>\n<td><span style=\"font-weight: 400;\">Nej, Curacao<\/span><\/td>\n<\/tr>\n<tr>\n<td><span style=\"font-weight: 400;\">X7 Casino\u00a0<\/span><\/td>\n<td><span style=\"font-weight: 400;\">100-200% upp till 200 \u20ac<\/span><\/td>\n<td><span style=\"font-weight: 400;\">40x<\/span><\/td>\n<td><span style=\"font-weight: 400;\">Nej<\/span><\/td>\n<td><span style=\"font-weight: 400;\">20 \u20ac<\/span><\/td>\n<td><span style=\"font-weight: 400;\">Nej, Curacao<\/span><\/td>\n<\/tr>\n<tr>\n<td><span style=\"font-weight: 400;\">Wunderwins Casino<\/span><\/td>\n<td><span style=\"font-weight: 400;\">200% upp till 200 \u20ac + 100 free spins<\/span><\/td>\n<td><span style=\"font-weight: 400;\">25x<\/span><\/td>\n<td><span style=\"font-weight: 400;\">Nej<\/span><\/td>\n<td><span style=\"font-weight: 400;\">10 \u20ac<\/span><\/td>\n<td><span style=\"font-weight: 400;\">Nej, Santa Lucia<\/span><\/td>\n<\/tr>\n<\/tbody>\n<\/table>\n<h2>300% ins\u00e4ttningsbonus<\/h2>\n<p><span style=\"font-weight: 400;\">En 300% bonus betyder att du f\u00e5r 3 g\u00e5nger din ins\u00e4ttning som matchningsbelopp. Allts\u00e5 maxar du bonusen genom att s\u00e4tta in endast en tredjedel av maxbonusen. En 300% upp till 900 kronor-bonus maxas allts\u00e5 genom att s\u00e4tta in 300 kronor &#8211; d\u00e5 f\u00e5r du 1 200 kronor att spela med.\u00a0<\/span><\/p>\n<table>\n<tbody>\n<tr>\n<td><b>Casino<\/b><\/td>\n<td><b>Bonus<\/b><\/td>\n<td><b>Oms\u00e4ttningskrav<\/b><\/td>\n<td><b>Bonus+ins\u00e4ttning?<\/b><\/td>\n<td><b>Minsta ins\u00e4ttning<\/b><\/td>\n<td><b>Svensk licens<\/b><\/td>\n<\/tr>\n<tr>\n<td><span style=\"font-weight: 400;\">Hajper Casino<\/span><\/td>\n<td><span style=\"font-weight: 400;\">300% upp till 2 000 kronor + 10 Hajper spins + 100 kronor Ruby Rewards<\/span><\/td>\n<td><span style=\"font-weight: 400;\">20x<\/span><\/td>\n<td><span style=\"font-weight: 400;\">Ja<\/span><\/td>\n<td><span style=\"font-weight: 400;\">100 kr<\/span><\/td>\n<td><span style=\"font-weight: 400;\">Ja<\/span><\/td>\n<\/tr>\n<tr>\n<td><span style=\"font-weight: 400;\">Lyllo Casino<\/span><\/td>\n<td><span style=\"font-weight: 400;\">300% upp till 1 500 kronor<\/span><\/td>\n<td><span style=\"font-weight: 400;\">20x<\/span><\/td>\n<td><span style=\"font-weight: 400;\">Ja<\/span><\/td>\n<td><span style=\"font-weight: 400;\">100 kr<\/span><\/td>\n<td><span style=\"font-weight: 400;\">Ja<\/span><\/td>\n<\/tr>\n<tr>\n<td><span style=\"font-weight: 400;\">ComeOn Casino<\/span><\/td>\n<td><span style=\"font-weight: 400;\">300% upp till 750 kronor + 100 freespins<\/span><\/td>\n<td><span style=\"font-weight: 400;\">20x<\/span><\/td>\n<td><span style=\"font-weight: 400;\">Ja<\/span><\/td>\n<td><span style=\"font-weight: 400;\">100 kr<\/span><\/td>\n<td><span style=\"font-weight: 400;\">Ja<\/span><\/td>\n<\/tr>\n<\/tbody>\n<\/table>\n<h2>S\u00e5 r\u00e4knar du ut v\u00e4rdet p\u00e5 din bonus<\/h2>\n<p><span style=\"font-weight: 400;\">Det finns ett par enkla regler att f\u00f6rh\u00e5lla sig till n\u00e4r man ska r\u00e4kna ut v\u00e4rdet p\u00e5 din ins\u00e4ttningsbonus.\u00a0<\/span><\/p>\n<p><span style=\"font-weight: 400;\">Vi b\u00f6rjar med den f\u00f6rsta delen av bonusv\u00e4rdet &#8211; procentdelen. Om du tar bort de 2 sista nollorna i procentdelen, s\u00e5 \u00e4r det siffran du multiplicerar ins\u00e4ttningsbeloppet med f\u00f6r att r\u00e4kna ut det totala bonusbeloppet.<\/span><\/p>\n<p><b>Exempel<\/b><span style=\"font-weight: 400;\">: 300% upp till 900 kronor = 3 * 300 (ins\u00e4ttningsbelopp) = Bonusbeloppet \u00e4r 900 kronor och ger dig totalt\u00a0<\/span><\/p>\n<p><span style=\"font-weight: 400;\">Raka motsatsen g\u00f6r du f\u00f6r att r\u00e4kna ut hur stort ett ins\u00e4ttningsbelopp m\u00e5ste vara f\u00f6r att maxa en <a href=\"https:\/\/casinor.com\/sv\/casino-bonus\/\">casino bonus<\/a>.\u00a0<\/span><\/p>\n<p><b>Exempel<\/b><span style=\"font-weight: 400;\">: 300% upp till 900 kronor = 900 (bonusbelopp) \/ 3 = 300 kronor m\u00e5ste du s\u00e4tta in f\u00f6r att maxa bonusen.\u00a0<\/span><\/p>\n<p><span style=\"font-weight: 400;\">Det \u00e4r dock inte det enda som avg\u00f6r om en bonus \u00e4r v\u00e4rd att ta eller inte. Oms\u00e4ttningskravet spelar stor roll h\u00e4r &#8211; b\u00e5de hur h\u00f6g den \u00e4r och om den g\u00e4ller b\u00e5de ins\u00e4ttning + bonus eller bara bonusen. Ha detta i \u00e5tanke n\u00e4r du v\u00e4ljer en bonus.\u00a0<\/span><\/p>\n<h2>Ins\u00e4ttningsbonus utan oms\u00e4ttningskrav<\/h2>\n<p><span style=\"font-weight: 400;\">Detta \u00e4r antagligen den mest s\u00e4llsynta formen av ins\u00e4ttningsbonusar. I skrivande stund finns det n\u00e4mligen endast en s\u00e5dan att hitta och detta \u00e4r om du vill spela p\u00e5 sport.\u00a0<\/span><\/p>\n<p><span style=\"font-weight: 400;\">Just nu kan samtliga spelare som registrerar sig hos Mr Green ta del av en 100 kr sportbonus vid f\u00f6rsta ins\u00e4ttningen helt utan n\u00e5gra som helst oms\u00e4ttningskrav.<\/span><\/p>\n<p><span style=\"font-weight: 400;\">F\u00f6r dig som g\u00e4rna spelar p\u00e5 ett utl\u00e4ndskt casino som har en <a href=\"https:\/\/casinor.com\/sv\/casino-bonus\/utan-omsattningskrav\/\">bonus utan oms\u00e4ttningskrav<\/a> s\u00e5 finns ReSpin Casino &#8211; ett casino som erbjuder bonusar, cashbacks och <a href=\"https:\/\/casinor.com\/sv\/free-spins\/\">free spins<\/a> i deras egna lyckohjul ReSpin Wheel &#8211; samtliga helt utan n\u00e5gra som helst oms\u00e4ttningskrav.\u00a0<\/span><\/p>\n<h2>Regler och Villkor<\/h2>\n<p><span style=\"font-weight: 400;\">Vi tjatar alltid om hur viktigt det \u00e4r att l\u00e4sa igenom regler och villkor f\u00f6r ins\u00e4ttningsbonusar innan man tar del av dom. Men det finns uttryck som finns i de allra flesta bonusvillkor som \u00e4r ytterst viktiga f\u00f6r dig att k\u00e4nna till n\u00e4r du l\u00e4ser bonusvillkoren.\u00a0<\/span><\/p>\n<ul>\n<li><b>Oms\u00e4ttningskrav<\/b><span style=\"font-weight: 400;\">: Oms\u00e4ttningskravet \u00e4r en siffra som anger hur m\u00e5nga g\u00e5nger du m\u00e5ste oms\u00e4tta ett bonusbelopp innan det kan tas ut som riktiga pengar. Ibland kan oms\u00e4ttningskravet \u00e4ven omfatta ins\u00e4ttning + bonusbelopp &#8211; n\u00e5got som \u00e4r viktigt att h\u00e5lla utkik efter. Det vanligaste f\u00f6rekommande oms\u00e4ttningskravet f\u00f6r ins\u00e4ttningsbonusar \u00e4r 35x, vilket allts\u00e5 \u00e4r industristandarden.\u00a0\u00a0<\/span><\/li>\n<li><b>Minsta ins\u00e4ttning<\/b><span style=\"font-weight: 400;\">: Det minsta beloppet du kan s\u00e4tta in f\u00f6r att ta del av en bonus. Finns alltid listat i villkoren.\u00a0<\/span><\/li>\n<li><b>Spelrestriktioner<\/b><span style=\"font-weight: 400;\">: Olika spel bidrar olika mycket gentemot oms\u00e4ttningskravet och det finns de spel som bidrar med 0%. D\u00e4rf\u00f6r \u00e4r detta en v\u00e4ldigt viktigt punkt att h\u00e5lla kolla p\u00e5 innan du s\u00e4tter ig\u00e5ng med att uppn\u00e5 oms\u00e4ttningskravet.<\/span><\/li>\n<li><b>Maxvinst och maxinsats<\/b><span style=\"font-weight: 400;\">: M\u00e5nga bonusar har s\u00e5v\u00e4l maxvinster som maximalt till\u00e5tna insats per spelrunda.\u00a0 <\/span><b>\u00a0<\/b><\/li>\n<li><b>Oms\u00e4ttningsperiod<\/b><span style=\"font-weight: 400;\">: Antal dagar du har p\u00e5 dig att uppfylla oms\u00e4ttningskravet.\u00a0<\/span><\/li>\n<li><b>Bonuskod<\/b><span style=\"font-weight: 400;\">: En bonuskod \u00e4r en kod du anger f\u00f6r att aktivera en bonus n\u00e4r du g\u00f6r en ins\u00e4ttning. Detta \u00e4r ganska s\u00e4llsynt i Sverige men v\u00e4ldigt vanligt hos utl\u00e4ndska casinon.\u00a0<\/span><\/li>\n<\/ul>\n<h2>V\u00e4lkomstbonus &#8211; ins\u00e4ttningsbonus f\u00f6r nya spelare<\/h2>\n<p><span style=\"font-weight: 400;\">En v\u00e4lkomstbonus brukar i de flesta fall, n\u00e4r det kommer till svenska casinon, betyda en ins\u00e4ttningsbonus, eller en mix av det och freespins. Hos vissa <a href=\"https:\/\/casinor.com\/sv\/\">online casinon<\/a> kan en v\u00e4lkomstbonus endast betyda freespins. Dessutom finns det <a href=\"https:\/\/casinor.com\/sv\/utlandska-casino\/\">utl\u00e4ndska casinon<\/a> som erbjuder cashbacks som en del av v\u00e4lkomstbonusen.\u00a0<\/span><\/p>\n<h2>Reload bonus \u2013 ins\u00e4ttningsbonus f\u00f6r befintliga spelare<\/h2>\n<p><span style=\"font-weight: 400;\">En reloadbonus \u00e4r egentligen exakt detsamma som en ins\u00e4ttningsbonus. Skillnaden \u00e4r att man brukar referera till reloadbonusar n\u00e4r det \u00e4r en bonus f\u00f6r befintliga spelare.\u00a0<\/span><\/p>\n<p><span style=\"font-weight: 400;\">Detta g\u00e4ller f\u00f6rst\u00e5s inte f\u00f6r svenska casinon som endast f\u00e5r erbjuda en bonus per licens, men n\u00e5got som \u00e4r v\u00e4ldigt vanligt n\u00e4r man spelar p\u00e5 utl\u00e4ndska casinon (exempelvis <a href=\"https:\/\/casinor.com\/sv\/mga-casino\/\">MGA casinon<\/a> eller <a href=\"https:\/\/casinor.com\/sv\/curacao-casino\/\">Curacao casinon<\/a>).\u00a0<\/span><\/p>\n<h2>S\u00e5 h\u00e4mtar du din bonus &#8211; steg f\u00f6r steg<\/h2>\n<p><span style=\"font-weight: 400;\">Att ta del av en bonus \u00e4r otroligt enkelt och kan sammanfattas till fem olika steg:\u00a0<\/span><\/p>\n<ol>\n<li style=\"font-weight: 400;\" aria-level=\"1\"><span style=\"font-weight: 400;\">Registrera dig och verifiera ditt konto<\/span><\/li>\n<li style=\"font-weight: 400;\" aria-level=\"1\"><span style=\"font-weight: 400;\">Logga in och klicka dig fram till ins\u00e4ttningssidan<\/span><\/li>\n<li style=\"font-weight: 400;\" aria-level=\"1\"><span style=\"font-weight: 400;\">V\u00e4lj bonus och ange eventuell bonuskod<\/span><\/li>\n<li style=\"font-weight: 400;\" aria-level=\"1\"><span style=\"font-weight: 400;\">G\u00f6r en ins\u00e4ttning<\/span><\/li>\n<li style=\"font-weight: 400;\" aria-level=\"1\"><span style=\"font-weight: 400;\">Klart! Du kan nu spela med din bonus.\u00a0<\/span><\/li>\n<\/ol>\n<h2>F\u00f6rdelar och nackdelar med ins\u00e4ttningsbonusar<\/h2>\n<table>\n<tbody>\n<tr>\n<td><b>F\u00f6rdelar\u00a0<\/b><\/td>\n<td><b>Nackdelar<\/b><\/td>\n<\/tr>\n<tr>\n<td><span style=\"font-weight: 400;\">Ins\u00e4ttningen r\u00e4cker mycket l\u00e4ngre<\/span><\/td>\n<td><span style=\"font-weight: 400;\">Oms\u00e4ttningskrav<\/span><\/td>\n<\/tr>\n<tr>\n<td><span style=\"font-weight: 400;\">Mer speltid ger mer vinstm\u00f6jligheter<\/span><\/td>\n<td><span style=\"font-weight: 400;\">Vissa villkor kan g\u00f6ra det sv\u00e5rare att h\u00e5lla koll<\/span><\/td>\n<\/tr>\n<tr>\n<td><span style=\"font-weight: 400;\">M\u00f6jlighet att testa fler strategier<\/span><\/td>\n<td><\/td>\n<\/tr>\n<tr>\n<td><span style=\"font-weight: 400;\">Bra att testa nya spel med<\/span><\/td>\n<td><\/td>\n<\/tr>\n<tr>\n<td><span style=\"font-weight: 400;\">Kan generellt ta st\u00f6rre spelrisker med en bonus<\/span><\/td>\n<td><\/td>\n<\/tr>\n<\/tbody>\n<\/table>\n<h2>Vanliga fr\u00e5gor<\/h2>\n\t\t<div class=\"wp-faq-schema-wrap wp-faq-schema-accordion\">\n\t\t\t\t\t\t<div class=\"wp-faq-schema-items\">\n\t\t\t\t\t\t\t\t\t<h3>Vad \u00e4r en ins\u00e4ttningsbonus?<\/h3>\n\t\t\t\t\t<div class=\"\">\n\t\t\t\t\t\t<p>En ins\u00e4ttningsbonus \u00e4r en bonus som matchar din ins\u00e4ttning med en viss procent upp till ett visst ins\u00e4ttningsbelopp. Exempelvis en bonus p\u00e5 100% upp till 1 000 kronor ger dig 2 000 kronor att spela med om du s\u00e4tter in 1 000 kronor.<\/p>\n\t\t\t\t\t<\/div>\n\t\t\t\t\t\t\t\t\t<h3>Vilket \u00e4r den b\u00e4sta ins\u00e4ttningsbonusen?<\/h3>\n\t\t\t\t\t<div class=\"\">\n\t\t\t\t\t\t<p>LeoVegas Casino erbjuder en av Sveriges b\u00e4sta bonusar just nu d\u00e4r du f\u00e5r 100% upp till 4 000 kronor + 100 freespins. Det som \u00e4r bra med denna bonus \u00e4r att oms\u00e4ttningskravet inte omfattar din ins\u00e4ttning utan endast bonusen, vilket g\u00f6r oms\u00e4ttningskravet p\u00e5 20x riktigt l\u00e5gt.<\/p>\n\t\t\t\t\t<\/div>\n\t\t\t\t\t\t\t\t\t<h3>Kan jag f\u00e5 mer \u00e4n en ins\u00e4ttningsbonus per casino?<\/h3>\n\t\t\t\t\t<div class=\"\">\n\t\t\t\t\t\t<p>Nej. Enligt svensk spellagstiftning f\u00e5r inte ett online casino med svensk licens erbjuda mer \u00e4n en v\u00e4lkomstbonus per licens. Det enda s\u00e4ttet att kringg\u00e5 detta \u00e4r genom att spela hos ett utl\u00e4ndskt casino (exempelvis MGA-casino).<\/p>\n\t\t\t\t\t<\/div>\n\t\t\t\t\t\t\t<\/div>\n\t\t<\/div>\n\t\t\n            <\/div>\n            <\/section>\n","protected":false},"excerpt":{"rendered":"","protected":false},"author":14,"featured_media":0,"parent":11656,"menu_order":0,"comment_status":"closed","ping_status":"closed","template":"","meta":{"_acf_changed":false,"footnotes":""},"class_list":["post-17801","page","type-page","status-publish","hentry"],"acf":[],"yoast_head":"<!-- This site is optimized with the Yoast SEO plugin v26.8 - https:\/\/yoast.com\/product\/yoast-seo-wordpress\/ -->\n<title>Ins\u00e4ttningsbonus \u2013 100%, 200%, 300%<\/title>\n<meta name=\"description\" content=\"Uppt\u00e4ck de b\u00e4sta ins\u00e4ttningsbonusarna som g\u00e5r att hitta p\u00e5 n\u00e4tet. Vi har listat samtliga ins\u00e4ttningsbonusar med 100%, 200% &amp; 300%.\" \/>\n<meta name=\"robots\" content=\"index, follow, max-snippet:-1, max-image-preview:large, max-video-preview:-1\" \/>\n<link rel=\"canonical\" href=\"https:\/\/casinor.com\/sv\/casino-bonus\/insattningsbonus\/\" \/>\n<meta property=\"og:locale\" content=\"sv_SE\" \/>\n<meta property=\"og:type\" content=\"article\" \/>\n<meta property=\"og:title\" content=\"Ins\u00e4ttningsbonus \u2013 100%, 200%, 300%\" \/>\n<meta property=\"og:description\" content=\"Uppt\u00e4ck de b\u00e4sta ins\u00e4ttningsbonusarna som g\u00e5r att hitta p\u00e5 n\u00e4tet. Vi har listat samtliga ins\u00e4ttningsbonusar med 100%, 200% &amp; 300%.\" \/>\n<meta property=\"og:url\" content=\"https:\/\/casinor.com\/sv\/casino-bonus\/insattningsbonus\/\" \/>\n<meta property=\"og:site_name\" content=\"Casinor.com\" \/>\n<meta property=\"article:publisher\" content=\"https:\/\/www.facebook.com\/Casinorcom-1429398773853454\/\" \/>\n<meta property=\"article:modified_time\" content=\"2026-04-17T13:01:32+00:00\" \/>\n<meta name=\"twitter:card\" content=\"summary_large_image\" \/>\n<meta name=\"twitter:site\" content=\"@casinor_com\" \/>\n<script type=\"application\/ld+json\" class=\"yoast-schema-graph\">{\"@context\":\"https:\/\/schema.org\",\"@graph\":[{\"@type\":\"WebPage\",\"@id\":\"https:\/\/casinor.com\/sv\/casino-bonus\/insattningsbonus\/\",\"url\":\"https:\/\/casinor.com\/sv\/casino-bonus\/insattningsbonus\/\",\"name\":\"Ins\u00e4ttningsbonus \u2013 100%, 200%, 300%\",\"isPartOf\":{\"@id\":\"https:\/\/casinor.com\/#website\"},\"datePublished\":\"2024-07-05T11:46:44+00:00\",\"dateModified\":\"2026-04-17T13:01:32+00:00\",\"description\":\"Uppt\u00e4ck de b\u00e4sta ins\u00e4ttningsbonusarna som g\u00e5r att hitta p\u00e5 n\u00e4tet. Vi har listat samtliga ins\u00e4ttningsbonusar med 100%, 200% & 300%.\",\"breadcrumb\":{\"@id\":\"https:\/\/casinor.com\/sv\/casino-bonus\/insattningsbonus\/#breadcrumb\"},\"inLanguage\":\"sv-SE\",\"potentialAction\":[{\"@type\":\"ReadAction\",\"target\":[\"https:\/\/casinor.com\/sv\/casino-bonus\/insattningsbonus\/\"]}]},{\"@type\":\"BreadcrumbList\",\"@id\":\"https:\/\/casinor.com\/sv\/casino-bonus\/insattningsbonus\/#breadcrumb\",\"itemListElement\":[{\"@type\":\"ListItem\",\"position\":1,\"name\":\"Hem\",\"item\":\"https:\/\/casinor.com\/sv\/\"},{\"@type\":\"ListItem\",\"position\":2,\"name\":\"Casino bonus\",\"item\":\"https:\/\/casinor.com\/sv\/casino-bonus\/\"},{\"@type\":\"ListItem\",\"position\":3,\"name\":\"Ins\u00e4ttningsbonus\"}]},{\"@type\":\"WebSite\",\"@id\":\"https:\/\/casinor.com\/#website\",\"url\":\"https:\/\/casinor.com\/\",\"name\":\"Casinor.com\",\"description\":\"Sveriges b\u00e4sta service f\u00f6r casino recensioner\",\"publisher\":{\"@id\":\"https:\/\/casinor.com\/#organization\"},\"potentialAction\":[{\"@type\":\"SearchAction\",\"target\":{\"@type\":\"EntryPoint\",\"urlTemplate\":\"https:\/\/casinor.com\/?s={search_term_string}\"},\"query-input\":{\"@type\":\"PropertyValueSpecification\",\"valueRequired\":true,\"valueName\":\"search_term_string\"}}],\"inLanguage\":\"sv-SE\"},{\"@type\":\"Organization\",\"@id\":\"https:\/\/casinor.com\/#organization\",\"name\":\"Casinor.com\",\"url\":\"https:\/\/casinor.com\/\",\"logo\":{\"@type\":\"ImageObject\",\"inLanguage\":\"sv-SE\",\"@id\":\"https:\/\/casinor.com\/#\/schema\/logo\/image\/\",\"url\":\"https:\/\/casinor.com\/wp-content\/uploads\/2023\/05\/logo_sweden.svg\",\"contentUrl\":\"https:\/\/casinor.com\/wp-content\/uploads\/2023\/05\/logo_sweden.svg\",\"caption\":\"Casinor.com\"},\"image\":{\"@id\":\"https:\/\/casinor.com\/#\/schema\/logo\/image\/\"},\"sameAs\":[\"https:\/\/www.facebook.com\/Casinorcom-1429398773853454\/\",\"https:\/\/x.com\/casinor_com\",\"https:\/\/no.pinterest.com\/casinor1\",\"https:\/\/www.youtube.com\/channel\/UCIaYR-rxk3WeeGSnE-9M-CQ\"]}]}<\/script>\n<!-- \/ Yoast SEO plugin. -->","yoast_head_json":{"title":"Ins\u00e4ttningsbonus \u2013 100%, 200%, 300%","description":"Uppt\u00e4ck de b\u00e4sta ins\u00e4ttningsbonusarna som g\u00e5r att hitta p\u00e5 n\u00e4tet. Vi har listat samtliga ins\u00e4ttningsbonusar med 100%, 200% & 300%.","robots":{"index":"index","follow":"follow","max-snippet":"max-snippet:-1","max-image-preview":"max-image-preview:large","max-video-preview":"max-video-preview:-1"},"canonical":"https:\/\/casinor.com\/sv\/casino-bonus\/insattningsbonus\/","og_locale":"sv_SE","og_type":"article","og_title":"Ins\u00e4ttningsbonus \u2013 100%, 200%, 300%","og_description":"Uppt\u00e4ck de b\u00e4sta ins\u00e4ttningsbonusarna som g\u00e5r att hitta p\u00e5 n\u00e4tet. Vi har listat samtliga ins\u00e4ttningsbonusar med 100%, 200% & 300%.","og_url":"https:\/\/casinor.com\/sv\/casino-bonus\/insattningsbonus\/","og_site_name":"Casinor.com","article_publisher":"https:\/\/www.facebook.com\/Casinorcom-1429398773853454\/","article_modified_time":"2026-04-17T13:01:32+00:00","twitter_card":"summary_large_image","twitter_site":"@casinor_com","schema":{"@context":"https:\/\/schema.org","@graph":[{"@type":"WebPage","@id":"https:\/\/casinor.com\/sv\/casino-bonus\/insattningsbonus\/","url":"https:\/\/casinor.com\/sv\/casino-bonus\/insattningsbonus\/","name":"Ins\u00e4ttningsbonus \u2013 100%, 200%, 300%","isPartOf":{"@id":"https:\/\/casinor.com\/#website"},"datePublished":"2024-07-05T11:46:44+00:00","dateModified":"2026-04-17T13:01:32+00:00","description":"Uppt\u00e4ck de b\u00e4sta ins\u00e4ttningsbonusarna som g\u00e5r att hitta p\u00e5 n\u00e4tet. Vi har listat samtliga ins\u00e4ttningsbonusar med 100%, 200% & 300%.","breadcrumb":{"@id":"https:\/\/casinor.com\/sv\/casino-bonus\/insattningsbonus\/#breadcrumb"},"inLanguage":"sv-SE","potentialAction":[{"@type":"ReadAction","target":["https:\/\/casinor.com\/sv\/casino-bonus\/insattningsbonus\/"]}]},{"@type":"BreadcrumbList","@id":"https:\/\/casinor.com\/sv\/casino-bonus\/insattningsbonus\/#breadcrumb","itemListElement":[{"@type":"ListItem","position":1,"name":"Hem","item":"https:\/\/casinor.com\/sv\/"},{"@type":"ListItem","position":2,"name":"Casino bonus","item":"https:\/\/casinor.com\/sv\/casino-bonus\/"},{"@type":"ListItem","position":3,"name":"Ins\u00e4ttningsbonus"}]},{"@type":"WebSite","@id":"https:\/\/casinor.com\/#website","url":"https:\/\/casinor.com\/","name":"Casinor.com","description":"Sveriges b\u00e4sta service f\u00f6r casino recensioner","publisher":{"@id":"https:\/\/casinor.com\/#organization"},"potentialAction":[{"@type":"SearchAction","target":{"@type":"EntryPoint","urlTemplate":"https:\/\/casinor.com\/?s={search_term_string}"},"query-input":{"@type":"PropertyValueSpecification","valueRequired":true,"valueName":"search_term_string"}}],"inLanguage":"sv-SE"},{"@type":"Organization","@id":"https:\/\/casinor.com\/#organization","name":"Casinor.com","url":"https:\/\/casinor.com\/","logo":{"@type":"ImageObject","inLanguage":"sv-SE","@id":"https:\/\/casinor.com\/#\/schema\/logo\/image\/","url":"https:\/\/casinor.com\/wp-content\/uploads\/2023\/05\/logo_sweden.svg","contentUrl":"https:\/\/casinor.com\/wp-content\/uploads\/2023\/05\/logo_sweden.svg","caption":"Casinor.com"},"image":{"@id":"https:\/\/casinor.com\/#\/schema\/logo\/image\/"},"sameAs":["https:\/\/www.facebook.com\/Casinorcom-1429398773853454\/","https:\/\/x.com\/casinor_com","https:\/\/no.pinterest.com\/casinor1","https:\/\/www.youtube.com\/channel\/UCIaYR-rxk3WeeGSnE-9M-CQ"]}]}},"_links":{"self":[{"href":"https:\/\/casinor.com\/sv\/wp-json\/wp\/v2\/pages\/17801","targetHints":{"allow":["GET"]}}],"collection":[{"href":"https:\/\/casinor.com\/sv\/wp-json\/wp\/v2\/pages"}],"about":[{"href":"https:\/\/casinor.com\/sv\/wp-json\/wp\/v2\/types\/page"}],"author":[{"embeddable":true,"href":"https:\/\/casinor.com\/sv\/wp-json\/wp\/v2\/users\/14"}],"replies":[{"embeddable":true,"href":"https:\/\/casinor.com\/sv\/wp-json\/wp\/v2\/comments?post=17801"}],"version-history":[{"count":19,"href":"https:\/\/casinor.com\/sv\/wp-json\/wp\/v2\/pages\/17801\/revisions"}],"predecessor-version":[{"id":19941,"href":"https:\/\/casinor.com\/sv\/wp-json\/wp\/v2\/pages\/17801\/revisions\/19941"}],"up":[{"embeddable":true,"href":"https:\/\/casinor.com\/sv\/wp-json\/wp\/v2\/pages\/11656"}],"wp:attachment":[{"href":"https:\/\/casinor.com\/sv\/wp-json\/wp\/v2\/media?parent=17801"}],"curies":[{"name":"wp","href":"https:\/\/api.w.org\/{rel}","templated":true}]}}