{"id":17790,"date":"2024-07-04T14:11:53","date_gmt":"2024-07-04T12:11:53","guid":{"rendered":"https:\/\/casinor.com\/?page_id=17790"},"modified":"2026-04-17T15:01:02","modified_gmt":"2026-04-17T13:01:02","slug":"casino-med-lag-insattning","status":"publish","type":"page","link":"https:\/\/casinor.com\/sv\/casino-med-lag-insattning\/","title":{"rendered":"Casino med l\u00e5g ins\u00e4ttning"},"content":{"rendered":"\n<section id=\"hero-center-text-block_577c64c2562fd091f01eac4373656af7\" class=\"home-hero home-hero--category block-hero-center-text\">\n\t<div class=\"home-hero__container\">\n\t\t<div class=\"home-hero__wrap\">\n\t\t\t<div class=\"home-hero__content\">\n\t\t\t\t\t\t\t\t\t<h1 class=\"home-hero__title\" >Casino med l\u00e5g ins\u00e4ttning \u2013 10 kr, 20 kr, 25 kr och 50 kr<\/h1>\n\t\t\t\t\t\t\t\t\t\t\t\t\t<div class=\"home-hero__text\">Finns det n\u00e5gon anledning att v\u00e4lja ett casino med l\u00e5g ins\u00e4ttning? Ja, faktiskt \u2013 det \u00e4r m\u00e5nga som inte vill tvingas s\u00e4tta in hundratals kronor bara f\u00f6r att testa ett nytt casino. F\u00f6r dig som vill s\u00e4tta in 50 kr eller mindre har vi p\u00e5 Casinor kollat upp vilka casinon med l\u00e5g ins\u00e4ttning som finns i Sverige.<\/div>\n\t\t\t\t\t\t\t<\/div>\n\t\t\t\t\t<\/div>\n\t<\/div>\n<\/section>\n\n\n    <section id=\"content-section-block_99cf440b10c877a773b5c4bdd1078cbc\" class=\"content-section is-white  block-content-section\">\n                    <div class=\"content-section__container\">\n                <h2>Vad \u00e4r casino med l\u00e5g ins\u00e4ttning?<\/h2>\n<p><span style=\"font-weight: 400;\">Ett casino med l\u00e5g ins\u00e4ttning \u00e4r helt enkelt ett <a href=\"https:\/\/casinor.com\/sv\/\">online casino<\/a> som har l\u00e5ga krav p\u00e5 hur lite pengar du m\u00e5ste s\u00e4tta in. Dagens standard ligger p\u00e5 en minsta ins\u00e4ttning p\u00e5 50 kronor och upp\u00e5t. Har casinot l\u00e4gre krav \u00e4n s\u00e5 r\u00e4knar vi det som \u201dl\u00e5g ins\u00e4ttning\u201d.<\/span><\/p>\n<p><span style=\"font-weight: 400;\">I \u00f6vrigt skiljer sig dessa casinon inte fr\u00e5n \u00f6vriga spelsajter p\u00e5 den svenska marknaden. De fungerar p\u00e5 precis samma s\u00e4tt som alla andra casinon \u2013 skillnaden ligger allts\u00e5 i hur sm\u00e5 summor du kan s\u00e4tta in p\u00e5 casinot. Dessutom \u00e4r det ofta ett begr\u00e4nsat antal betalningsmetoder som \u00e4r tillg\u00e4ngliga.<\/span><\/p>\n<p><b>T\u00e4nk p\u00e5:<\/b><span style=\"font-weight: 400;\"> F\u00f6rv\u00e4xla inte minsta ins\u00e4ttning f\u00f6r att spela p\u00e5 casinot med minsta ins\u00e4ttning f\u00f6r att f\u00e5 en <a href=\"https:\/\/casinor.com\/sv\/casino-bonus\/\">casino bonus<\/a>. F\u00f6r att f\u00e5 en bonus kr\u00e4vs i regel en ins\u00e4ttning p\u00e5 minst 100 kr.<\/span><\/p>\n<h2>B\u00e4sta casinon med minsta ins\u00e4ttning 10 kr<\/h2>\n<p><span style=\"font-weight: 400;\">Det finns just nu inte n\u00e5gra casinon som erbjuder ins\u00e4ttningar p\u00e5 10 kronor. Men det kan naturligtvis \u00e4ndras i framtiden, och d\u00e5 kommer vi att lista dem h\u00e4r.<\/span><\/p>\n<h2>B\u00e4sta casinon med minsta ins\u00e4ttning 20 kr<\/h2>\n<p><span style=\"font-weight: 400;\">20 kr \u00e4r en lite udda gr\u00e4ns f\u00f6r ins\u00e4ttningar, och det finns inte n\u00e5got casino som har just 20 kr som gr\u00e4ns f\u00f6r minsta ins\u00e4ttning. Vi h\u00e5ller dock st\u00e4ndigt \u00f6gonen \u00f6ppna efter f\u00f6r\u00e4ndringar och uppdaterar sidan i takt med att det dyker upp fler casinon.<\/span><\/p>\n<h2>B\u00e4sta casinon med minsta ins\u00e4ttning 25 kr<\/h2>\n<p><span style=\"font-weight: 400;\">H\u00e4r har vi listat svenska casinon med minsta ins\u00e4ttning p\u00e5 25 kronor. Det \u00e4r inte s\u00e4rskilt vanligt, men vi har hittat tv\u00e5 casinon d\u00e4r du kan komma ig\u00e5ng och spela med s\u00e5 lite som 25 kronor i ins\u00e4ttning.<\/span><\/p>\n<table>\n<tbody>\n<tr>\n<td><strong>Casino<\/strong><\/td>\n<td><strong>Minsta ins\u00e4ttning<\/strong><\/td>\n<td><strong>Bonus<\/strong><\/td>\n<td><strong>Oms\u00e4ttningskrav<\/strong><\/td>\n<td><strong>Swish?<\/strong><\/td>\n<\/tr>\n<tr>\n<td><span style=\"font-weight: 400;\">Svenska Spel<\/span><\/td>\n<td><span style=\"font-weight: 400;\">25 kr<\/span><\/td>\n<td><span style=\"font-weight: 400;\">Nej<\/span><\/td>\n<td><span style=\"font-weight: 400;\">&#8211;<\/span><\/td>\n<td><span style=\"font-weight: 400;\">Ja<\/span><\/td>\n<\/tr>\n<tr>\n<td><span style=\"font-weight: 400;\">Momang<\/span><\/td>\n<td><span style=\"font-weight: 400;\">25 kr<\/span><\/td>\n<td><span style=\"font-weight: 400;\">Nej<\/span><\/td>\n<td><span style=\"font-weight: 400;\">&#8211;<\/span><\/td>\n<td><span style=\"font-weight: 400;\">Ja<\/span><\/td>\n<\/tr>\n<\/tbody>\n<\/table>\n<h2>B\u00e4sta casinon med minsta ins\u00e4ttning 50 kr<\/h2>\n<p><span style=\"font-weight: 400;\">Det finns ett f\u00e5tal casinon som har 50 kr som minsta ins\u00e4ttning. H\u00e4r finns till och med m\u00f6jlighet att h\u00e4mta en v\u00e4lkomstbonus med s\u00e5 l\u00e5g ins\u00e4ttning som en femtiolapp. H\u00e4r nedan hittar du de casinon som finns just nu.\u00a0<\/span><\/p>\n<table>\n<tbody>\n<tr>\n<td><strong>Casino<\/strong><\/td>\n<td><strong>Minsta ins\u00e4ttning<\/strong><\/td>\n<td><strong>Bonus<\/strong><\/td>\n<td><strong>Oms\u00e4ttningskrav<\/strong><\/td>\n<td><strong>Swish?<\/strong><\/td>\n<\/tr>\n<tr>\n<td><span style=\"font-weight: 400;\">Bet 365<\/span><\/td>\n<td><span style=\"font-weight: 400;\">50 kr<\/span><\/td>\n<td><span style=\"font-weight: 400;\">100% upp till 1 500 kr + 100 FS<\/span><\/td>\n<td><span style=\"font-weight: 400;\">1x ins\u00e4ttning<\/span><\/td>\n<td><span style=\"font-weight: 400;\">Ja<\/span><\/td>\n<\/tr>\n<tr>\n<td><span style=\"font-weight: 400;\">Betway<\/span><\/td>\n<td><span style=\"font-weight: 400;\">50 kr<\/span><\/td>\n<td><span style=\"font-weight: 400;\">500 kr gratisspel + 200 FS<\/span><\/td>\n<td><span style=\"font-weight: 400;\">5x p\u00e5 Freespins-vinster<\/span><\/td>\n<td><span style=\"font-weight: 400;\">Nej<\/span><\/td>\n<\/tr>\n<\/tbody>\n<\/table>\n<h2>Casinon med l\u00e5g ins\u00e4ttning har ibland h\u00f6ga uttagsgr\u00e4nser<\/h2>\n<p><span style=\"font-weight: 400;\">Kanske har du uppt\u00e4ckt att m\u00e5nga <a href=\"https:\/\/casinor.com\/sv\/svenska-casinon\/\">svenska casinon<\/a> med l\u00e5g ins\u00e4ttning har mycket h\u00f6gre uttagsgr\u00e4nser \u00e4n ins\u00e4ttningsgr\u00e4nser. Det vanliga \u00e4r att du m\u00e5ste ta ut minst 100 eller 200 kronor. Om casinot exempelvis l\u00e5ter dig s\u00e4tta in 25 eller 50 kronor, s\u00e5 ligger i regel uttagsgr\u00e4nsen p\u00e5 minst det dubbla.<\/span><\/p>\n<p><span style=\"font-weight: 400;\">Den huvudsakliga orsaken till det \u00e4r att casinon m\u00e5ste betala avgifter f\u00f6r varje utbetalning de g\u00f6r, och om du kunde ta ut sm\u00e5belopp titt som t\u00e4tt skulle det medf\u00f6ra stora kostnader f\u00f6r dem i l\u00e4ngden.<\/span><\/p>\n<h2>V\u00e4lj Swish f\u00f6r att undvika avgifter<\/h2>\n<p><span style=\"font-weight: 400;\">N\u00e4r man s\u00e4tter in pengar p\u00e5 ett casino vill man sj\u00e4lvklart undvika avgifter f\u00f6r transaktionen, s\u00e4rskilt om man s\u00e4tter in l\u00e5ga ins\u00e4ttningar. Idag \u00e4r det dock ganska ovanligt att spelbolagen tar ut avgifter. D\u00e4remot finns det betalningsmetoder som alltid inneb\u00e4r avgifter.<\/span><\/p>\n<p><span style=\"font-weight: 400;\">Swish \u00e4r en betalningsmetod som aldrig inneb\u00e4r avgifter f\u00f6r dig n\u00e4r du ska g\u00f6ra en ins\u00e4ttning. Det \u00e4r ocks\u00e5 en blixtsnabb metod f\u00f6r b\u00e5de ins\u00e4ttningar och uttag.<\/span><\/p>\n<h2>Casino med l\u00e5g ins\u00e4ttning \u2013 f\u00f6rdelar och nackdelar<\/h2>\n<p><span style=\"font-weight: 400;\">Det b\u00e5de f\u00f6rdelar och nackdelar med att spela p\u00e5 ett casino med l\u00e5g ins\u00e4ttning. Den st\u00f6rsta nackdelen \u00e4r f\u00f6rst\u00e5s att det inte finns s\u00e5 m\u00e5nga casinon som erbjuder l\u00e5ga ins\u00e4ttningar p\u00e5 50 kr eller mindre.\u00a0<\/span><\/p>\n<p><span style=\"font-weight: 400;\">H\u00e4r nedan listar vi n\u00e5gra f\u00f6r- och nackdelar med l\u00e5ga ins\u00e4ttningar.<\/span><\/p>\n<table>\n<tbody>\n<tr>\n<td><b>F\u00f6rdelar<\/b><\/td>\n<td><b>Nackdelar<\/b><\/td>\n<\/tr>\n<tr>\n<td><span style=\"font-weight: 400;\">Det \u00e4r billigt att utv\u00e4rdera ett nytt casino<\/span><\/td>\n<td><span style=\"font-weight: 400;\">Du kan\u00a0 i regel inte f\u00e5 n\u00e5gon v\u00e4lkomstbonus<\/span><\/td>\n<\/tr>\n<tr>\n<td><span style=\"font-weight: 400;\">Fler har r\u00e5d att spela<\/span><\/td>\n<td><span style=\"font-weight: 400;\">Du kan inte spela s\u00e4rskilt l\u00e4nge<\/span><\/td>\n<\/tr>\n<tr>\n<td><span style=\"font-weight: 400;\">St\u00f6rre flexibilitet<\/span><\/td>\n<td><span style=\"font-weight: 400;\">Eventuella avgifter har st\u00f6rre p\u00e5verkan<\/span><\/td>\n<\/tr>\n<tr>\n<td><span style=\"font-weight: 400;\">Ofta snabba ins\u00e4ttningar<\/span><\/td>\n<td><span style=\"font-weight: 400;\">G\u00e4ller inte alla betalningsmetoder<\/span><\/td>\n<\/tr>\n<tr>\n<td><span style=\"font-weight: 400;\">L\u00e4ttare att ha koll p\u00e5 spelkassan<\/span><\/td>\n<td><span style=\"font-weight: 400;\">Uttagsgr\u00e4nserna \u00e4r oftast h\u00f6gre<\/span><\/td>\n<\/tr>\n<\/tbody>\n<\/table>\n<h2>Vanliga fr\u00e5gor<\/h2>\n\t\t<div class=\"wp-faq-schema-wrap wp-faq-schema-accordion\">\n\t\t\t\t\t\t<div class=\"wp-faq-schema-items\">\n\t\t\t\t\t\t\t\t\t<h3>Vad \u00e4r den minsta ins\u00e4ttningen p\u00e5 casinon?<\/h3>\n\t\t\t\t\t<div class=\"\">\n\t\t\t\t\t\t<p>Den absolut minsta ins\u00e4ttningen du kan g\u00f6ra p\u00e5 ett casino \u00e4r 25 kronor. Det \u00e4r dock mycket ovanligt med s\u00e5 l\u00e5ga gr\u00e4nser f\u00f6r ins\u00e4ttningar.<\/p>\n\t\t\t\t\t<\/div>\n\t\t\t\t\t\t\t\t\t<h3>Kan jag vinna stora summor med l\u00e5g ins\u00e4ttning?<\/h3>\n\t\t\t\t\t<div class=\"\">\n\t\t\t\t\t\t<p>Ja, du kan absolut vinna stora summor p\u00e5 casinon med l\u00e5g ins\u00e4ttning. Storleken p\u00e5 dina ins\u00e4ttningar har inget att g\u00f6ra med hur stor chans du har att vinna.<\/p>\n\t\t\t\t\t<\/div>\n\t\t\t\t\t\t\t\t\t<h3>Vilka spel kan ja spela p\u00e5 ett casino med l\u00e5g ins\u00e4ttning?<\/h3>\n\t\t\t\t\t<div class=\"\">\n\t\t\t\t\t\t<p>Det finns begr\u00e4nsningar f\u00f6r vilka spel du kan spela med l\u00e5ga ins\u00e4ttning, beroende p\u00e5 vilka insatsniv\u00e5er de har. Med en insats p\u00e5 till exempel 25 kr kan du i princip bara spela p\u00e5 slots och bordsspel, s\u00e4llan p\u00e5 spel i livecasinot.<\/p>\n\t\t\t\t\t<\/div>\n\t\t\t\t\t\t\t<\/div>\n\t\t<\/div>\n\t\t\n            <\/div>\n            <\/section>\n","protected":false},"excerpt":{"rendered":"","protected":false},"author":14,"featured_media":0,"parent":0,"menu_order":0,"comment_status":"closed","ping_status":"closed","template":"","meta":{"_acf_changed":false,"footnotes":""},"class_list":["post-17790","page","type-page","status-publish","hentry"],"acf":[],"yoast_head":"<!-- This site is optimized with the Yoast SEO plugin v26.8 - https:\/\/yoast.com\/product\/yoast-seo-wordpress\/ -->\n<title>Casino med l\u00e5g ins\u00e4ttning \u2013 10 kr, 20 kr, 25 kr och 50 kr<\/title>\n<meta name=\"description\" content=\"Letar du efter casinon med l\u00e5g ins\u00e4ttning? Vi har gjort jobbet \u00e5t dig och listar svenska casinon med l\u00e5g ins\u00e4ttning.\" \/>\n<meta name=\"robots\" content=\"index, follow, max-snippet:-1, max-image-preview:large, max-video-preview:-1\" \/>\n<link rel=\"canonical\" href=\"https:\/\/casinor.com\/sv\/casino-med-lag-insattning\/\" \/>\n<meta property=\"og:locale\" content=\"sv_SE\" \/>\n<meta property=\"og:type\" content=\"article\" \/>\n<meta property=\"og:title\" content=\"Casino med l\u00e5g ins\u00e4ttning \u2013 10 kr, 20 kr, 25 kr och 50 kr\" \/>\n<meta property=\"og:description\" content=\"Letar du efter casinon med l\u00e5g ins\u00e4ttning? Vi har gjort jobbet \u00e5t dig och listar svenska casinon med l\u00e5g ins\u00e4ttning.\" \/>\n<meta property=\"og:url\" content=\"https:\/\/casinor.com\/sv\/casino-med-lag-insattning\/\" \/>\n<meta property=\"og:site_name\" content=\"Casinor.com\" \/>\n<meta property=\"article:publisher\" content=\"https:\/\/www.facebook.com\/Casinorcom-1429398773853454\/\" \/>\n<meta property=\"article:modified_time\" content=\"2026-04-17T13:01:02+00:00\" \/>\n<meta name=\"twitter:card\" content=\"summary_large_image\" \/>\n<meta name=\"twitter:site\" content=\"@casinor_com\" \/>\n<script type=\"application\/ld+json\" class=\"yoast-schema-graph\">{\"@context\":\"https:\/\/schema.org\",\"@graph\":[{\"@type\":\"WebPage\",\"@id\":\"https:\/\/casinor.com\/sv\/casino-med-lag-insattning\/\",\"url\":\"https:\/\/casinor.com\/sv\/casino-med-lag-insattning\/\",\"name\":\"Casino med l\u00e5g ins\u00e4ttning \u2013 10 kr, 20 kr, 25 kr och 50 kr\",\"isPartOf\":{\"@id\":\"https:\/\/casinor.com\/#website\"},\"datePublished\":\"2024-07-04T12:11:53+00:00\",\"dateModified\":\"2026-04-17T13:01:02+00:00\",\"description\":\"Letar du efter casinon med l\u00e5g ins\u00e4ttning? Vi har gjort jobbet \u00e5t dig och listar svenska casinon med l\u00e5g ins\u00e4ttning.\",\"breadcrumb\":{\"@id\":\"https:\/\/casinor.com\/sv\/casino-med-lag-insattning\/#breadcrumb\"},\"inLanguage\":\"sv-SE\",\"potentialAction\":[{\"@type\":\"ReadAction\",\"target\":[\"https:\/\/casinor.com\/sv\/casino-med-lag-insattning\/\"]}]},{\"@type\":\"BreadcrumbList\",\"@id\":\"https:\/\/casinor.com\/sv\/casino-med-lag-insattning\/#breadcrumb\",\"itemListElement\":[{\"@type\":\"ListItem\",\"position\":1,\"name\":\"Hem\",\"item\":\"https:\/\/casinor.com\/sv\/\"},{\"@type\":\"ListItem\",\"position\":2,\"name\":\"Casino med l\u00e5g ins\u00e4ttning\"}]},{\"@type\":\"WebSite\",\"@id\":\"https:\/\/casinor.com\/#website\",\"url\":\"https:\/\/casinor.com\/\",\"name\":\"Casinor.com\",\"description\":\"Sveriges b\u00e4sta service f\u00f6r casino recensioner\",\"publisher\":{\"@id\":\"https:\/\/casinor.com\/#organization\"},\"potentialAction\":[{\"@type\":\"SearchAction\",\"target\":{\"@type\":\"EntryPoint\",\"urlTemplate\":\"https:\/\/casinor.com\/?s={search_term_string}\"},\"query-input\":{\"@type\":\"PropertyValueSpecification\",\"valueRequired\":true,\"valueName\":\"search_term_string\"}}],\"inLanguage\":\"sv-SE\"},{\"@type\":\"Organization\",\"@id\":\"https:\/\/casinor.com\/#organization\",\"name\":\"Casinor.com\",\"url\":\"https:\/\/casinor.com\/\",\"logo\":{\"@type\":\"ImageObject\",\"inLanguage\":\"sv-SE\",\"@id\":\"https:\/\/casinor.com\/#\/schema\/logo\/image\/\",\"url\":\"https:\/\/casinor.com\/wp-content\/uploads\/2023\/05\/logo_sweden.svg\",\"contentUrl\":\"https:\/\/casinor.com\/wp-content\/uploads\/2023\/05\/logo_sweden.svg\",\"caption\":\"Casinor.com\"},\"image\":{\"@id\":\"https:\/\/casinor.com\/#\/schema\/logo\/image\/\"},\"sameAs\":[\"https:\/\/www.facebook.com\/Casinorcom-1429398773853454\/\",\"https:\/\/x.com\/casinor_com\",\"https:\/\/no.pinterest.com\/casinor1\",\"https:\/\/www.youtube.com\/channel\/UCIaYR-rxk3WeeGSnE-9M-CQ\"]}]}<\/script>\n<!-- \/ Yoast SEO plugin. -->","yoast_head_json":{"title":"Casino med l\u00e5g ins\u00e4ttning \u2013 10 kr, 20 kr, 25 kr och 50 kr","description":"Letar du efter casinon med l\u00e5g ins\u00e4ttning? Vi har gjort jobbet \u00e5t dig och listar svenska casinon med l\u00e5g ins\u00e4ttning.","robots":{"index":"index","follow":"follow","max-snippet":"max-snippet:-1","max-image-preview":"max-image-preview:large","max-video-preview":"max-video-preview:-1"},"canonical":"https:\/\/casinor.com\/sv\/casino-med-lag-insattning\/","og_locale":"sv_SE","og_type":"article","og_title":"Casino med l\u00e5g ins\u00e4ttning \u2013 10 kr, 20 kr, 25 kr och 50 kr","og_description":"Letar du efter casinon med l\u00e5g ins\u00e4ttning? Vi har gjort jobbet \u00e5t dig och listar svenska casinon med l\u00e5g ins\u00e4ttning.","og_url":"https:\/\/casinor.com\/sv\/casino-med-lag-insattning\/","og_site_name":"Casinor.com","article_publisher":"https:\/\/www.facebook.com\/Casinorcom-1429398773853454\/","article_modified_time":"2026-04-17T13:01:02+00:00","twitter_card":"summary_large_image","twitter_site":"@casinor_com","schema":{"@context":"https:\/\/schema.org","@graph":[{"@type":"WebPage","@id":"https:\/\/casinor.com\/sv\/casino-med-lag-insattning\/","url":"https:\/\/casinor.com\/sv\/casino-med-lag-insattning\/","name":"Casino med l\u00e5g ins\u00e4ttning \u2013 10 kr, 20 kr, 25 kr och 50 kr","isPartOf":{"@id":"https:\/\/casinor.com\/#website"},"datePublished":"2024-07-04T12:11:53+00:00","dateModified":"2026-04-17T13:01:02+00:00","description":"Letar du efter casinon med l\u00e5g ins\u00e4ttning? Vi har gjort jobbet \u00e5t dig och listar svenska casinon med l\u00e5g ins\u00e4ttning.","breadcrumb":{"@id":"https:\/\/casinor.com\/sv\/casino-med-lag-insattning\/#breadcrumb"},"inLanguage":"sv-SE","potentialAction":[{"@type":"ReadAction","target":["https:\/\/casinor.com\/sv\/casino-med-lag-insattning\/"]}]},{"@type":"BreadcrumbList","@id":"https:\/\/casinor.com\/sv\/casino-med-lag-insattning\/#breadcrumb","itemListElement":[{"@type":"ListItem","position":1,"name":"Hem","item":"https:\/\/casinor.com\/sv\/"},{"@type":"ListItem","position":2,"name":"Casino med l\u00e5g ins\u00e4ttning"}]},{"@type":"WebSite","@id":"https:\/\/casinor.com\/#website","url":"https:\/\/casinor.com\/","name":"Casinor.com","description":"Sveriges b\u00e4sta service f\u00f6r casino recensioner","publisher":{"@id":"https:\/\/casinor.com\/#organization"},"potentialAction":[{"@type":"SearchAction","target":{"@type":"EntryPoint","urlTemplate":"https:\/\/casinor.com\/?s={search_term_string}"},"query-input":{"@type":"PropertyValueSpecification","valueRequired":true,"valueName":"search_term_string"}}],"inLanguage":"sv-SE"},{"@type":"Organization","@id":"https:\/\/casinor.com\/#organization","name":"Casinor.com","url":"https:\/\/casinor.com\/","logo":{"@type":"ImageObject","inLanguage":"sv-SE","@id":"https:\/\/casinor.com\/#\/schema\/logo\/image\/","url":"https:\/\/casinor.com\/wp-content\/uploads\/2023\/05\/logo_sweden.svg","contentUrl":"https:\/\/casinor.com\/wp-content\/uploads\/2023\/05\/logo_sweden.svg","caption":"Casinor.com"},"image":{"@id":"https:\/\/casinor.com\/#\/schema\/logo\/image\/"},"sameAs":["https:\/\/www.facebook.com\/Casinorcom-1429398773853454\/","https:\/\/x.com\/casinor_com","https:\/\/no.pinterest.com\/casinor1","https:\/\/www.youtube.com\/channel\/UCIaYR-rxk3WeeGSnE-9M-CQ"]}]}},"_links":{"self":[{"href":"https:\/\/casinor.com\/sv\/wp-json\/wp\/v2\/pages\/17790","targetHints":{"allow":["GET"]}}],"collection":[{"href":"https:\/\/casinor.com\/sv\/wp-json\/wp\/v2\/pages"}],"about":[{"href":"https:\/\/casinor.com\/sv\/wp-json\/wp\/v2\/types\/page"}],"author":[{"embeddable":true,"href":"https:\/\/casinor.com\/sv\/wp-json\/wp\/v2\/users\/14"}],"replies":[{"embeddable":true,"href":"https:\/\/casinor.com\/sv\/wp-json\/wp\/v2\/comments?post=17790"}],"version-history":[{"count":17,"href":"https:\/\/casinor.com\/sv\/wp-json\/wp\/v2\/pages\/17790\/revisions"}],"predecessor-version":[{"id":19940,"href":"https:\/\/casinor.com\/sv\/wp-json\/wp\/v2\/pages\/17790\/revisions\/19940"}],"wp:attachment":[{"href":"https:\/\/casinor.com\/sv\/wp-json\/wp\/v2\/media?parent=17790"}],"curies":[{"name":"wp","href":"https:\/\/api.w.org\/{rel}","templated":true}]}}