{"id":17551,"date":"2024-06-02T14:41:32","date_gmt":"2024-06-02T12:41:32","guid":{"rendered":"https:\/\/casinor.com\/?page_id=17551"},"modified":"2026-01-09T12:25:40","modified_gmt":"2026-01-09T11:25:40","slug":"skattefria-casinon","status":"publish","type":"page","link":"https:\/\/casinor.com\/sv\/skattefria-casinon\/","title":{"rendered":"Skattefria casinon"},"content":{"rendered":"\n<section id=\"hero-center-text-block_47187b1346b71f2131850547fed98b72\" class=\"home-hero home-hero--category block-hero-center-text\">\n\t<div class=\"home-hero__container\">\n\t\t<div class=\"home-hero__wrap\">\n\t\t\t<div class=\"home-hero__content\">\n\t\t\t\t\t\t\t\t\t<h1 class=\"home-hero__title\" >Skattefria casinon<\/h1>\n\t\t\t\t\t\t\t\t\t\t\t\t\t<div class=\"home-hero__text\">P\u00e5 skattefria casinon betalar du ingen vinstskatt och beh\u00f6ver heller inte deklarera. I den h\u00e4r artikel har vi listat de b\u00e4sta skattefria casinon och f\u00f6rklarar allt du beh\u00f6ver veta om att spela skattefritt.<\/div>\n\t\t\t\t\t\t\t<\/div>\n\t\t\t\t\t<\/div>\n\t<\/div>\n<\/section>\n\n\r\n\r\n    \r\n    <section id=\"competitors-table-block_8bff5d412b9f34fa7cba446daaad4865\" class=\"competitors-table   block-competitors-table is-top-padding is-bottom-padding is-grey\">\r\n        <div class=\"competitors-table__container\">\r\n            <div class=\"competitors-table__wrapper\">\r\n                <div class=\"competitors-table__inner\">\r\n                                            <div class=\"competitors-table__item\">\r\n                            <div class=\"competitors-table__item-img\">\r\n                                                                <a class=\"competitors-table__img-link no-external-link\" target=\"_blank\" rel=\"nofollow noopener\"\r\n                                   href=\"https:\/\/casinor.com\/sv\/go\/basta-casino-sidor\">\r\n                                                                                                                <img loading=\"lazy\" decoding=\"async\" width=\"160\" height=\"160\" src=\"https:\/\/casinor.com\/wp-content\/uploads\/2025\/03\/basta-skattefria-casinon.png\" class=\"competitors-table__img\" alt=\"B\u00e4sta skattefria casinon\" \/>                                                                                                        <\/a>\r\n                                                        <\/div>\r\n                            <div class=\"competitors-table__item-ttl\">\r\n                                                                    <div class=\"competitors-table__item-ttl-inner\">B\u00e4sta skattefria casinon<\/div>\r\n                                                            <\/div>\r\n\t\t\t\t\t\t\t\t\t\t\t\t\t\t\t<div class=\"competitors-table__item-cnt\">\r\n\t\t\t\t\t\t\t\t\t\t\t\t\t\t\t\t\t\t\t<ul class=\"competitors-table__item-cnt-inner\">\r\n\t\t\t\t\t\t\t\t\t\t\t\t\t\t\t\t\t\t\t\t\t\t\t\t\t\t\t\t\t\t\t\t\t\t\t\t<li class=\"competitors-table__item-cnt-li\">200% upp till \u20ac1000<\/li>\r\n\t\t\t\t\t\t\t\t\t\t\t\t\t\t\t\t\t\t\t\t\t\t\t\t\t\t\t\t\t\t\t\t\t\t\t\t\t\t\t\t\t\t\t\t\t\t\t\t<li class=\"competitors-table__item-cnt-li\">225% upp till \u20ac600 + 275 Free Spins<\/li>\r\n\t\t\t\t\t\t\t\t\t\t\t\t\t\t\t\t\t\t\t\t\t\t\t\t\t\t\t\t\t\t\t\t\t\t\t\t\t\t\t\t\t\t\t\t\t\t\t\t<li class=\"competitors-table__item-cnt-li\">Upp till 7000 Free Spins<\/li>\r\n\t\t\t\t\t\t\t\t\t\t\t\t\t\t\t\t\t\t\t\t\t\t\t\t\t\t\t\t\t\t\t\t\t<\/ul>\r\n\t\t\t\t\t\t\t\t\t\t\t\t\t\t\t\t\t<\/div>\r\n\t\t\t\t\t\t\t                            <div class=\"competitors-table__item-cta\">\r\n                                <div class=\"competitors-table__item-cta-inner\">\r\n                                                                            <a href=\"https:\/\/casinor.com\/sv\/go\/basta-casino-sidor\" target=\"_blank\"\r\n                                           rel=\"nofollow noopener\"\r\n                                           class=\"btn-base button-green no-external-link\">Bes\u00f6k h\u00e4r                                        <\/a>\r\n                                                                    <\/div>\r\n                            <\/div>\r\n                        <\/div>\r\n                                    <\/div>\r\n            <\/div>\r\n        <\/div>\r\n    <\/section>\r\n\n\n\n    <section id=\"content-section-block_224e7f9a371c6b07715fea519928a387\" class=\"content-section is-white  block-content-section\">\n                    <div class=\"content-section__container\">\n                <h2>B\u00e4sta skattefria casinon<\/h2>\n<p><span style=\"font-weight: 400;\">I tabellen nedan har vi listat de b\u00e4sta skattefria casinon. <a href=\"https:\/\/casinor.com\/sv\/alla-casinon\/\">Alla casinon<\/a> \u00e4r skattefria!<\/span><\/p>\n<table>\n<tbody>\n<tr>\n<td><b>Casino<\/b><\/td>\n<td><b>Oms\u00e4ttningskrav<\/b><\/td>\n<td><b>Minsta ins\u00e4ttning<\/b><\/td>\n<\/tr>\n<tr>\n<td><span style=\"font-weight: 400;\">x3000<\/span><\/td>\n<td><span style=\"font-weight: 400;\">30x<\/span><\/td>\n<td><span style=\"font-weight: 400;\">100 kr<\/span><\/td>\n<\/tr>\n<tr>\n<td><span style=\"font-weight: 400;\">YoYo Casino<\/span><\/td>\n<td><span style=\"font-weight: 400;\">35x<\/span><\/td>\n<td><span style=\"font-weight: 400;\">100 kr<\/span><\/td>\n<\/tr>\n<tr>\n<td><span style=\"font-weight: 400;\">Dunder Casino<\/span><\/td>\n<td><span style=\"font-weight: 400;\">30x<\/span><\/td>\n<td><span style=\"font-weight: 400;\">100 kr<\/span><\/td>\n<\/tr>\n<tr>\n<td><span style=\"font-weight: 400;\">Betinia<\/span><\/td>\n<td><span style=\"font-weight: 400;\">35x<\/span><\/td>\n<td><span style=\"font-weight: 400;\">100 kr<\/span><\/td>\n<\/tr>\n<tr>\n<td><span style=\"font-weight: 400;\">Supersnabbt<\/span><\/td>\n<td><span style=\"font-weight: 400;\">40x<\/span><\/td>\n<td><span style=\"font-weight: 400;\">200 kr<\/span><\/td>\n<\/tr>\n<tr>\n<td><span style=\"font-weight: 400;\">Happy Casino<\/span><\/td>\n<td><span style=\"font-weight: 400;\">Oms\u00e4ttningsfritt<\/span><\/td>\n<td><span style=\"font-weight: 400;\">100 kr<\/span><\/td>\n<\/tr>\n<tr>\n<td><span style=\"font-weight: 400;\">Campobet<\/span><\/td>\n<td><span style=\"font-weight: 400;\">35x<\/span><\/td>\n<td><span style=\"font-weight: 400;\">100 kr<\/span><\/td>\n<\/tr>\n<tr>\n<td><span style=\"font-weight: 400;\">PlayOJO<\/span><\/td>\n<td><span style=\"font-weight: 400;\">Oms\u00e4ttningsfritt<\/span><\/td>\n<td><span style=\"font-weight: 400;\">100 kr<\/span><\/td>\n<\/tr>\n<\/tbody>\n<\/table>\n<h2>Vilka casinon \u00e4r skattefria?<\/h2>\n<p><span style=\"font-weight: 400;\"><a href=\"https:\/\/casinor.com\/sv\/svenska-casinon\/\">Svenska casinon<\/a> \u00e4r alltid skattefria casinon. <a href=\"https:\/\/casinor.com\/sv\/utlandska-casino\/\">Utl\u00e4ndska casinon<\/a> \u00e4r skattefria om de har licens fr\u00e5n ett annat EU-land.<\/span><\/p>\n<p><b>Sammanfattning av skatt p\u00e5 casinovinster:<\/b><\/p>\n<ul>\n<li style=\"font-weight: 400;\" aria-level=\"1\"><span style=\"font-weight: 400;\">Casinon med svensk licens: Skattefria<\/span><\/li>\n<li style=\"font-weight: 400;\" aria-level=\"1\"><span style=\"font-weight: 400;\">Casinon med licens inom EU\/EES och som inte marknadsf\u00f6r sig mot svenska spelare: Skattefria<\/span><\/li>\n<li style=\"font-weight: 400;\" aria-level=\"1\"><span style=\"font-weight: 400;\">Casinon med licens inom EU\/EES men som marknadsf\u00f6r sig mot svenska spelare: Skattepliktiga, 30%<\/span><\/li>\n<li style=\"font-weight: 400;\" aria-level=\"1\"><span style=\"font-weight: 400;\">Casinon med licens utanf\u00f6r EU\/EES: Skattepliktiga, 30%<\/span><\/li>\n<li style=\"font-weight: 400;\" aria-level=\"1\"><span style=\"font-weight: 400;\">Casinon utan licens: Skattepliktiga, 30%<\/span><\/li>\n<\/ul>\n<p><span style=\"font-weight: 400;\">Sedan den 1 januari 2019 finns det en ny spellag i Sverige. Den inneb\u00e4r att alla <a href=\"https:\/\/casinor.com\/sv\/\">online casinon<\/a> som riktar sig till svenska spelare m\u00e5ste ha en spellicens utf\u00e4rdad av Spelinspektionen.<\/span><\/p>\n<h2>Beh\u00f6ver jag deklarera vinst fr\u00e5n casinon?<\/h2>\n<p><span style=\"font-weight: 400;\">Vinster fr\u00e5n casinon med svensk licens eller licens fr\u00e5n ett annat EU-land, exempelvis MGA, \u00e4r skattefria och beh\u00f6vs ej deklareras.\u00a0<\/span><\/p>\n<p><span style=\"font-weight: 400;\">Vinster fr\u00e5n online casinon med licens fr\u00e5n ett land utanf\u00f6r EU, exempelvis Cura\u00e7ao, \u00e4r skattepliktiga och m\u00e5ste deklareras. Spelvinster \u00f6ver 100 kr ska tas upp i din \u00e5rliga inkomstdeklaration, och du betalar 30% i skatt p\u00e5 vinsten.\u00a0<\/span><\/p>\n<h3>S\u00e5 deklarerar du din vinst<\/h3>\n<p><span style=\"font-weight: 400;\">Har du en spelvinst att deklarera? F\u00f6lj d\u00e5 dessa steg:<\/span><\/p>\n<ol>\n<li style=\"font-weight: 400;\" aria-level=\"1\"><span style=\"font-weight: 400;\">Sammanst\u00e4ll alla dina spelvinster och insatser.<\/span><\/li>\n<li style=\"font-weight: 400;\" aria-level=\"1\"><span style=\"font-weight: 400;\">R\u00e4kna ut nettovinsten (dra bort alla dina insatser). Detta ska g\u00f6ras f\u00f6r varje spelbolag separat.<\/span><\/li>\n<li style=\"font-weight: 400;\" aria-level=\"1\"><span style=\"font-weight: 400;\">Kontrollera om nettovinsten \u00f6verstiger 100 kr. Om ja, d\u00e5 m\u00e5ste du deklarera den.<\/span><\/li>\n<li style=\"font-weight: 400;\" aria-level=\"1\"><span style=\"font-weight: 400;\">G\u00e5 till punkt 7.2 i din inkomstdeklaration.<\/span><\/li>\n<li style=\"font-weight: 400;\" aria-level=\"1\"><span style=\"font-weight: 400;\">Skriv in den sammanlagda nettovinsten fr\u00e5n alla spelbolag.<\/span><\/li>\n<li style=\"font-weight: 400;\" aria-level=\"1\"><span style=\"font-weight: 400;\">Betala 30% skatt p\u00e5 nettovinsten.<\/span><\/li>\n<\/ol>\n<p><b>Exempel:<\/b><span style=\"font-weight: 400;\"> Om du har vunnit 5000 kr och satsat 2000 kr hos ett spelbolag, \u00e4r din nettovinst 3000 kr. Du ska d\u00e5 betala 30% skatt p\u00e5 3000 kr, vilket \u00e4r 900 kr.<\/span><\/p>\n<p><b>Viktigt att t\u00e4nka p\u00e5:<\/b><span style=\"font-weight: 400;\"> Du kan inte kvitta en f\u00f6rlust hos ett spelbolag mot en vinst hos ett annat.<\/span><\/p>\n<h2>Bonusregler f\u00f6r skattefria casinon<\/h2>\n<p><b>Bonusar p\u00e5 casinon med svensk licens<\/b><\/p>\n<p><span style=\"font-weight: 400;\">N\u00e4r du spelar p\u00e5 ett casino med svensk licens begr\u00e4nsas du till en enda <a href=\"https:\/\/casinor.com\/sv\/casino-bonus\/\">casino bonus<\/a> per licensh\u00e5llare. Det betyder att om ett spelbolag har flera casinon under samma licens kan du endast ta emot en v\u00e4lkomstbonus.<\/span><\/p>\n<p><span style=\"font-weight: 400;\">Till exempel driver L&amp;L Europe Limited flera casinon under samma licens, som Hyper Casino, Race Casino och Yako Casino. I det fallet kan du bara ta emot en bonus fr\u00e5n ett av deras casinon.<\/span><\/p>\n<p><b>Bonusar p\u00e5 casinon med licens fr\u00e5n annat EU-land<\/b><\/p>\n<p><span style=\"font-weight: 400;\">N\u00e4r du spelar p\u00e5 ett <a href=\"https:\/\/casinor.com\/sv\/casino-utan-licens\/\">casino utan svensk licens<\/a> finns det inga bonusregler. Och s\u00e5 l\u00e4nge casinot har licens fr\u00e5n ett annat EU-land \u00e4r vinsterna alltid skattefria. P\u00e5 dessa casinon kan du dra nytta av s\u00e5 m\u00e5nga v\u00e4lkomstbonusar du \u00f6nskar!<\/span><\/p>\n<h2>F\u00f6rdelar och nackdelar med att spela p\u00e5 skattefria casinon<\/h2>\n<p><span style=\"font-weight: 400;\">H\u00e4r listar vi alla f\u00f6rdelar och nackdelar med att spela p\u00e5 skattefria casinon.<\/span><\/p>\n<table>\n<tbody>\n<tr>\n<td><b>F\u00f6rdelar<\/b><\/td>\n<td><b>Nackdelar<\/b><\/td>\n<\/tr>\n<tr>\n<td><span style=\"font-weight: 400;\">Du f\u00e5r beh\u00e5lla hela vinsten<\/span><\/td>\n<td><span style=\"font-weight: 400;\">Mer begr\u00e4nsat urval<\/span><\/td>\n<\/tr>\n<tr>\n<td><span style=\"font-weight: 400;\">Slipp kr\u00e5nglig deklarering<\/span><\/td>\n<td><span style=\"font-weight: 400;\">Strikta regler g\u00e4llande bonusar<\/span><\/td>\n<\/tr>\n<tr>\n<td><span style=\"font-weight: 400;\">S\u00e4kra och reglerade casinon<\/span><\/td>\n<td><span style=\"font-weight: 400;\">Endast en bonus p\u00e5 licens<\/span><\/td>\n<\/tr>\n<tr>\n<td><span style=\"font-weight: 400;\">Ofta m\u00e5nga betalningsalternativ<\/span><\/td>\n<td><\/td>\n<\/tr>\n<tr>\n<td><span style=\"font-weight: 400;\">Snabbare utbetalningar<\/span><\/td>\n<td><\/td>\n<\/tr>\n<\/tbody>\n<\/table>\n<h2>Vanliga fr\u00e5gor<\/h2>\n\t\t<div class=\"wp-faq-schema-wrap wp-faq-schema-accordion\">\n\t\t\t\t\t\t<div class=\"wp-faq-schema-items\">\n\t\t\t\t\t\t\t\t\t<h3>Hur vet jag om jag spelar p\u00e5 skattefria casinon?<\/h3>\n\t\t\t\t\t<div class=\"\">\n\t\t\t\t\t\t<p>Om casinot har en licens fr\u00e5n Sverige eller ett annat EU-land \u00e4r dina vinster skattefria. Kontrollera casinots licens p\u00e5 deras hemsida f\u00f6r att vara s\u00e4ker.<\/p>\n\t\t\t\t\t<\/div>\n\t\t\t\t\t\t\t\t\t<h3>Varf\u00f6r \u00e4r utl\u00e4ndska casinon skattefria?<\/h3>\n\t\t\t\t\t<div class=\"\">\n\t\t\t\t\t\t<p>Utl\u00e4ndska casinon \u00e4r skattefria om de har en licens fr\u00e5n ett EU-land och inte marknadsf\u00f6r sig mot svenska spelare. Detta beror p\u00e5 EU-regler om fri r\u00f6rlighet f\u00f6r tj\u00e4nster.<\/p>\n\t\t\t\t\t<\/div>\n\t\t\t\t\t\t\t\t\t<h3>Hur mycket \u00e4r skatten p\u00e5 casinon utanf\u00f6r EU?<\/h3>\n\t\t\t\t\t<div class=\"\">\n\t\t\t\t\t\t<p>Spelvinster fr\u00e5n casinon med licens utanf\u00f6r EU beskattas med 30% i Sverige. Detta g\u00e4ller om vinsterna \u00f6verstiger 100 kronor.<\/p>\n\t\t\t\t\t<\/div>\n\t\t\t\t\t\t\t<\/div>\n\t\t<\/div>\n\t\t\n            <\/div>\n            <\/section>\n","protected":false},"excerpt":{"rendered":"","protected":false},"author":14,"featured_media":0,"parent":0,"menu_order":0,"comment_status":"closed","ping_status":"closed","template":"","meta":{"_acf_changed":false,"footnotes":""},"class_list":["post-17551","page","type-page","status-publish","hentry"],"acf":[],"yoast_head":"<!-- This site is optimized with the Yoast SEO plugin v26.8 - https:\/\/yoast.com\/product\/yoast-seo-wordpress\/ -->\n<title>B\u00e4sta skattefria casinon \u2013 spela utan vinstskatt<\/title>\n<meta name=\"description\" content=\"I den h\u00e4r artikel har vi listat de b\u00e4sta skattefria casinon och f\u00f6rklarar allt du beh\u00f6ver veta om att spela skattefritt.\" \/>\n<meta name=\"robots\" content=\"index, follow, max-snippet:-1, max-image-preview:large, max-video-preview:-1\" \/>\n<link rel=\"canonical\" href=\"https:\/\/casinor.com\/sv\/skattefria-casinon\/\" \/>\n<meta property=\"og:locale\" content=\"sv_SE\" \/>\n<meta property=\"og:type\" content=\"article\" \/>\n<meta property=\"og:title\" content=\"B\u00e4sta skattefria casinon \u2013 spela utan vinstskatt\" \/>\n<meta property=\"og:description\" content=\"I den h\u00e4r artikel har vi listat de b\u00e4sta skattefria casinon och f\u00f6rklarar allt du beh\u00f6ver veta om att spela skattefritt.\" \/>\n<meta property=\"og:url\" content=\"https:\/\/casinor.com\/sv\/skattefria-casinon\/\" \/>\n<meta property=\"og:site_name\" content=\"Casinor.com\" \/>\n<meta property=\"article:publisher\" content=\"https:\/\/www.facebook.com\/Casinorcom-1429398773853454\/\" \/>\n<meta property=\"article:modified_time\" content=\"2026-01-09T11:25:40+00:00\" \/>\n<meta name=\"twitter:card\" content=\"summary_large_image\" \/>\n<meta name=\"twitter:site\" content=\"@casinor_com\" \/>\n<script type=\"application\/ld+json\" class=\"yoast-schema-graph\">{\"@context\":\"https:\/\/schema.org\",\"@graph\":[{\"@type\":\"WebPage\",\"@id\":\"https:\/\/casinor.com\/sv\/skattefria-casinon\/\",\"url\":\"https:\/\/casinor.com\/sv\/skattefria-casinon\/\",\"name\":\"B\u00e4sta skattefria casinon \u2013 spela utan vinstskatt\",\"isPartOf\":{\"@id\":\"https:\/\/casinor.com\/#website\"},\"datePublished\":\"2024-06-02T12:41:32+00:00\",\"dateModified\":\"2026-01-09T11:25:40+00:00\",\"description\":\"I den h\u00e4r artikel har vi listat de b\u00e4sta skattefria casinon och f\u00f6rklarar allt du beh\u00f6ver veta om att spela skattefritt.\",\"breadcrumb\":{\"@id\":\"https:\/\/casinor.com\/sv\/skattefria-casinon\/#breadcrumb\"},\"inLanguage\":\"sv-SE\",\"potentialAction\":[{\"@type\":\"ReadAction\",\"target\":[\"https:\/\/casinor.com\/sv\/skattefria-casinon\/\"]}]},{\"@type\":\"BreadcrumbList\",\"@id\":\"https:\/\/casinor.com\/sv\/skattefria-casinon\/#breadcrumb\",\"itemListElement\":[{\"@type\":\"ListItem\",\"position\":1,\"name\":\"Hem\",\"item\":\"https:\/\/casinor.com\/sv\/\"},{\"@type\":\"ListItem\",\"position\":2,\"name\":\"Skattefria casinon\"}]},{\"@type\":\"WebSite\",\"@id\":\"https:\/\/casinor.com\/#website\",\"url\":\"https:\/\/casinor.com\/\",\"name\":\"Casinor.com\",\"description\":\"Sveriges b\u00e4sta service f\u00f6r casino recensioner\",\"publisher\":{\"@id\":\"https:\/\/casinor.com\/#organization\"},\"potentialAction\":[{\"@type\":\"SearchAction\",\"target\":{\"@type\":\"EntryPoint\",\"urlTemplate\":\"https:\/\/casinor.com\/?s={search_term_string}\"},\"query-input\":{\"@type\":\"PropertyValueSpecification\",\"valueRequired\":true,\"valueName\":\"search_term_string\"}}],\"inLanguage\":\"sv-SE\"},{\"@type\":\"Organization\",\"@id\":\"https:\/\/casinor.com\/#organization\",\"name\":\"Casinor.com\",\"url\":\"https:\/\/casinor.com\/\",\"logo\":{\"@type\":\"ImageObject\",\"inLanguage\":\"sv-SE\",\"@id\":\"https:\/\/casinor.com\/#\/schema\/logo\/image\/\",\"url\":\"https:\/\/casinor.com\/wp-content\/uploads\/2023\/05\/logo_sweden.svg\",\"contentUrl\":\"https:\/\/casinor.com\/wp-content\/uploads\/2023\/05\/logo_sweden.svg\",\"caption\":\"Casinor.com\"},\"image\":{\"@id\":\"https:\/\/casinor.com\/#\/schema\/logo\/image\/\"},\"sameAs\":[\"https:\/\/www.facebook.com\/Casinorcom-1429398773853454\/\",\"https:\/\/x.com\/casinor_com\",\"https:\/\/no.pinterest.com\/casinor1\",\"https:\/\/www.youtube.com\/channel\/UCIaYR-rxk3WeeGSnE-9M-CQ\"]}]}<\/script>\n<!-- \/ Yoast SEO plugin. -->","yoast_head_json":{"title":"B\u00e4sta skattefria casinon \u2013 spela utan vinstskatt","description":"I den h\u00e4r artikel har vi listat de b\u00e4sta skattefria casinon och f\u00f6rklarar allt du beh\u00f6ver veta om att spela skattefritt.","robots":{"index":"index","follow":"follow","max-snippet":"max-snippet:-1","max-image-preview":"max-image-preview:large","max-video-preview":"max-video-preview:-1"},"canonical":"https:\/\/casinor.com\/sv\/skattefria-casinon\/","og_locale":"sv_SE","og_type":"article","og_title":"B\u00e4sta skattefria casinon \u2013 spela utan vinstskatt","og_description":"I den h\u00e4r artikel har vi listat de b\u00e4sta skattefria casinon och f\u00f6rklarar allt du beh\u00f6ver veta om att spela skattefritt.","og_url":"https:\/\/casinor.com\/sv\/skattefria-casinon\/","og_site_name":"Casinor.com","article_publisher":"https:\/\/www.facebook.com\/Casinorcom-1429398773853454\/","article_modified_time":"2026-01-09T11:25:40+00:00","twitter_card":"summary_large_image","twitter_site":"@casinor_com","schema":{"@context":"https:\/\/schema.org","@graph":[{"@type":"WebPage","@id":"https:\/\/casinor.com\/sv\/skattefria-casinon\/","url":"https:\/\/casinor.com\/sv\/skattefria-casinon\/","name":"B\u00e4sta skattefria casinon \u2013 spela utan vinstskatt","isPartOf":{"@id":"https:\/\/casinor.com\/#website"},"datePublished":"2024-06-02T12:41:32+00:00","dateModified":"2026-01-09T11:25:40+00:00","description":"I den h\u00e4r artikel har vi listat de b\u00e4sta skattefria casinon och f\u00f6rklarar allt du beh\u00f6ver veta om att spela skattefritt.","breadcrumb":{"@id":"https:\/\/casinor.com\/sv\/skattefria-casinon\/#breadcrumb"},"inLanguage":"sv-SE","potentialAction":[{"@type":"ReadAction","target":["https:\/\/casinor.com\/sv\/skattefria-casinon\/"]}]},{"@type":"BreadcrumbList","@id":"https:\/\/casinor.com\/sv\/skattefria-casinon\/#breadcrumb","itemListElement":[{"@type":"ListItem","position":1,"name":"Hem","item":"https:\/\/casinor.com\/sv\/"},{"@type":"ListItem","position":2,"name":"Skattefria casinon"}]},{"@type":"WebSite","@id":"https:\/\/casinor.com\/#website","url":"https:\/\/casinor.com\/","name":"Casinor.com","description":"Sveriges b\u00e4sta service f\u00f6r casino recensioner","publisher":{"@id":"https:\/\/casinor.com\/#organization"},"potentialAction":[{"@type":"SearchAction","target":{"@type":"EntryPoint","urlTemplate":"https:\/\/casinor.com\/?s={search_term_string}"},"query-input":{"@type":"PropertyValueSpecification","valueRequired":true,"valueName":"search_term_string"}}],"inLanguage":"sv-SE"},{"@type":"Organization","@id":"https:\/\/casinor.com\/#organization","name":"Casinor.com","url":"https:\/\/casinor.com\/","logo":{"@type":"ImageObject","inLanguage":"sv-SE","@id":"https:\/\/casinor.com\/#\/schema\/logo\/image\/","url":"https:\/\/casinor.com\/wp-content\/uploads\/2023\/05\/logo_sweden.svg","contentUrl":"https:\/\/casinor.com\/wp-content\/uploads\/2023\/05\/logo_sweden.svg","caption":"Casinor.com"},"image":{"@id":"https:\/\/casinor.com\/#\/schema\/logo\/image\/"},"sameAs":["https:\/\/www.facebook.com\/Casinorcom-1429398773853454\/","https:\/\/x.com\/casinor_com","https:\/\/no.pinterest.com\/casinor1","https:\/\/www.youtube.com\/channel\/UCIaYR-rxk3WeeGSnE-9M-CQ"]}]}},"_links":{"self":[{"href":"https:\/\/casinor.com\/sv\/wp-json\/wp\/v2\/pages\/17551","targetHints":{"allow":["GET"]}}],"collection":[{"href":"https:\/\/casinor.com\/sv\/wp-json\/wp\/v2\/pages"}],"about":[{"href":"https:\/\/casinor.com\/sv\/wp-json\/wp\/v2\/types\/page"}],"author":[{"embeddable":true,"href":"https:\/\/casinor.com\/sv\/wp-json\/wp\/v2\/users\/14"}],"replies":[{"embeddable":true,"href":"https:\/\/casinor.com\/sv\/wp-json\/wp\/v2\/comments?post=17551"}],"version-history":[{"count":16,"href":"https:\/\/casinor.com\/sv\/wp-json\/wp\/v2\/pages\/17551\/revisions"}],"predecessor-version":[{"id":19824,"href":"https:\/\/casinor.com\/sv\/wp-json\/wp\/v2\/pages\/17551\/revisions\/19824"}],"wp:attachment":[{"href":"https:\/\/casinor.com\/sv\/wp-json\/wp\/v2\/media?parent=17551"}],"curies":[{"name":"wp","href":"https:\/\/api.w.org\/{rel}","templated":true}]}}