{"id":11705,"date":"2023-05-18T12:45:16","date_gmt":"2023-05-18T13:45:16","guid":{"rendered":"https:\/\/casinor.com\/?page_id=11705"},"modified":"2025-12-04T15:02:03","modified_gmt":"2025-12-04T14:02:03","slug":"cookies","status":"publish","type":"page","link":"https:\/\/casinor.com\/sv\/cookies\/","title":{"rendered":"Cookies"},"content":{"rendered":"\n<section id=\"hero-center-text-block_0edb70c3dfa47a3f1adb8e9b618ffb7f\" class=\"home-hero home-hero--category block-hero-center-text\">\n\t<div class=\"home-hero__container\">\n\t\t<div class=\"home-hero__wrap\">\n\t\t\t<div class=\"home-hero__content\">\n\t\t\t\t\t\t\t\t\t<h1 class=\"home-hero__title\" >Cookiepolicy<\/h1>\n\t\t\t\t\t\t\t\t\t\t\t<\/div>\n\t\t\t\t\t<\/div>\n\t<\/div>\n<\/section>\n\n\n    <section id=\"content-section-block_c8aaf6aca29e43a2d28fa83227bf3fcf\" class=\"content-section is-white  block-content-section\">\n                    <div class=\"content-section__container\">\n                <h2>Hantering av cookies<\/h2>\n<div>Cookies \u00e4r en form av textfiler som lagras lokalt p\u00e5 din dator. M\u00e5nga webbsidor p\u00e5 n\u00e4tet anv\u00e4nder dessa cookies f\u00f6r att f\u00f6rb\u00e4ttra bes\u00f6karens upplevelse och e.v funktioner p\u00e5 webbsidorna. Cookies anv\u00e4nds t.ex f\u00f6r att inh\u00e4mta information och statistik fr\u00e5n webbsidor, f\u00f6r att dessa ska komma ih\u00e5g vad du gjort, tittat p\u00e5 och vart du varit. Vi p\u00e5 Casinor anv\u00e4nder oss av cookies f\u00f6r att du som anv\u00e4ndare ska f\u00e5 en b\u00e4ttre upplevelse av sidan. F\u00f6ljaktligen s\u00e5 laddas sidan snabbare och du f\u00e5r snabbare tillg\u00e5ng till v\u00e5ra olika tj\u00e4nster. Vi anv\u00e4nder oss allts\u00e5 av cookies f\u00f6r din skull.<\/div>\n<p><em>*Om du inte vill till\u00e5ta sparandet av cookies p\u00e5 din dator st\u00e4nger du av funktionen i inst\u00e4llningarna f\u00f6r din webbl\u00e4sare. Om du st\u00e4nger av funktionen s\u00e5 kan dock flera webbsidor upph\u00f6ra att fungera korrekt. Om du vill rensa alla cookies som redan sparats p\u00e5 din dator s\u00e5 kan du g\u00f6ra detta genom att rensa din\u00a0<strong>internethistorik<\/strong>.<\/em><\/p>\n<h2>Cookies fr\u00e5n Casinor<\/h2>\n<p>Casinor anv\u00e4nder cookies f\u00f6r att samla in statistik \u00f6ver v\u00e5ra bes\u00f6kare. I statistiken lagras information som:<\/p>\n<ul class=\"nitro-offscreen\">\n<li>Vart bes\u00f6karen kommer ifr\u00e5n, t.ex Google, Bing, Facebook, andra webbsidor osv.<\/li>\n<li>Vad bes\u00f6kare g\u00f6r p\u00e5 Casinor.com, vilka sidor som bes\u00f6ks, hur l\u00e5ng tid som spenderas osv.<\/li>\n<li>Vilken enhet som anv\u00e4nds och vilket operativsystem som enheten har, t.ex mobil, dator, android, iOS, Windows osv.<\/li>\n<\/ul>\n<p class=\"nitro-offscreen\">Informationen anv\u00e4nds endast f\u00f6r att Casinor ska kunna f\u00f6rb\u00e4ttra webbsidan och v\u00e5ra bes\u00f6kares upplevelse.<\/p>\n<p class=\"nitro-offscreen\"><strong>All information som sparas genom cookies \u00e4r helt anonymt.<\/strong><\/p>\n            <\/div>\n            <\/section>\n","protected":false},"excerpt":{"rendered":"","protected":false},"author":14,"featured_media":0,"parent":0,"menu_order":0,"comment_status":"closed","ping_status":"closed","template":"","meta":{"_acf_changed":false,"footnotes":""},"class_list":["post-11705","page","type-page","status-publish","hentry"],"acf":[],"yoast_head":"<!-- This site is optimized with the Yoast SEO plugin v26.8 - https:\/\/yoast.com\/product\/yoast-seo-wordpress\/ -->\n<title>Cookies - Casinor.com<\/title>\n<meta name=\"robots\" content=\"index, follow, max-snippet:-1, max-image-preview:large, max-video-preview:-1\" \/>\n<link rel=\"canonical\" href=\"https:\/\/casinor.com\/sv\/cookies\/\" \/>\n<meta property=\"og:locale\" content=\"sv_SE\" \/>\n<meta property=\"og:type\" content=\"article\" \/>\n<meta property=\"og:title\" content=\"Cookies - Casinor.com\" \/>\n<meta property=\"og:url\" content=\"https:\/\/casinor.com\/sv\/cookies\/\" \/>\n<meta property=\"og:site_name\" content=\"Casinor.com\" \/>\n<meta property=\"article:publisher\" content=\"https:\/\/www.facebook.com\/Casinorcom-1429398773853454\/\" \/>\n<meta property=\"article:modified_time\" content=\"2025-12-04T14:02:03+00:00\" \/>\n<meta name=\"twitter:card\" content=\"summary_large_image\" \/>\n<meta name=\"twitter:site\" content=\"@casinor_com\" \/>\n<script type=\"application\/ld+json\" class=\"yoast-schema-graph\">{\"@context\":\"https:\/\/schema.org\",\"@graph\":[{\"@type\":\"WebPage\",\"@id\":\"https:\/\/casinor.com\/sv\/cookies\/\",\"url\":\"https:\/\/casinor.com\/sv\/cookies\/\",\"name\":\"Cookies - Casinor.com\",\"isPartOf\":{\"@id\":\"https:\/\/casinor.com\/#website\"},\"datePublished\":\"2023-05-18T13:45:16+00:00\",\"dateModified\":\"2025-12-04T14:02:03+00:00\",\"breadcrumb\":{\"@id\":\"https:\/\/casinor.com\/sv\/cookies\/#breadcrumb\"},\"inLanguage\":\"sv-SE\",\"potentialAction\":[{\"@type\":\"ReadAction\",\"target\":[\"https:\/\/casinor.com\/sv\/cookies\/\"]}]},{\"@type\":\"BreadcrumbList\",\"@id\":\"https:\/\/casinor.com\/sv\/cookies\/#breadcrumb\",\"itemListElement\":[{\"@type\":\"ListItem\",\"position\":1,\"name\":\"Hem\",\"item\":\"https:\/\/casinor.com\/sv\/\"},{\"@type\":\"ListItem\",\"position\":2,\"name\":\"Cookies\"}]},{\"@type\":\"WebSite\",\"@id\":\"https:\/\/casinor.com\/#website\",\"url\":\"https:\/\/casinor.com\/\",\"name\":\"Casinor.com\",\"description\":\"Sveriges b\u00e4sta service f\u00f6r casino recensioner\",\"publisher\":{\"@id\":\"https:\/\/casinor.com\/#organization\"},\"potentialAction\":[{\"@type\":\"SearchAction\",\"target\":{\"@type\":\"EntryPoint\",\"urlTemplate\":\"https:\/\/casinor.com\/?s={search_term_string}\"},\"query-input\":{\"@type\":\"PropertyValueSpecification\",\"valueRequired\":true,\"valueName\":\"search_term_string\"}}],\"inLanguage\":\"sv-SE\"},{\"@type\":\"Organization\",\"@id\":\"https:\/\/casinor.com\/#organization\",\"name\":\"Casinor.com\",\"url\":\"https:\/\/casinor.com\/\",\"logo\":{\"@type\":\"ImageObject\",\"inLanguage\":\"sv-SE\",\"@id\":\"https:\/\/casinor.com\/#\/schema\/logo\/image\/\",\"url\":\"https:\/\/casinor.com\/wp-content\/uploads\/2023\/05\/logo_sweden.svg\",\"contentUrl\":\"https:\/\/casinor.com\/wp-content\/uploads\/2023\/05\/logo_sweden.svg\",\"caption\":\"Casinor.com\"},\"image\":{\"@id\":\"https:\/\/casinor.com\/#\/schema\/logo\/image\/\"},\"sameAs\":[\"https:\/\/www.facebook.com\/Casinorcom-1429398773853454\/\",\"https:\/\/x.com\/casinor_com\",\"https:\/\/no.pinterest.com\/casinor1\",\"https:\/\/www.youtube.com\/channel\/UCIaYR-rxk3WeeGSnE-9M-CQ\"]}]}<\/script>\n<!-- \/ Yoast SEO plugin. -->","yoast_head_json":{"title":"Cookies - Casinor.com","robots":{"index":"index","follow":"follow","max-snippet":"max-snippet:-1","max-image-preview":"max-image-preview:large","max-video-preview":"max-video-preview:-1"},"canonical":"https:\/\/casinor.com\/sv\/cookies\/","og_locale":"sv_SE","og_type":"article","og_title":"Cookies - Casinor.com","og_url":"https:\/\/casinor.com\/sv\/cookies\/","og_site_name":"Casinor.com","article_publisher":"https:\/\/www.facebook.com\/Casinorcom-1429398773853454\/","article_modified_time":"2025-12-04T14:02:03+00:00","twitter_card":"summary_large_image","twitter_site":"@casinor_com","schema":{"@context":"https:\/\/schema.org","@graph":[{"@type":"WebPage","@id":"https:\/\/casinor.com\/sv\/cookies\/","url":"https:\/\/casinor.com\/sv\/cookies\/","name":"Cookies - Casinor.com","isPartOf":{"@id":"https:\/\/casinor.com\/#website"},"datePublished":"2023-05-18T13:45:16+00:00","dateModified":"2025-12-04T14:02:03+00:00","breadcrumb":{"@id":"https:\/\/casinor.com\/sv\/cookies\/#breadcrumb"},"inLanguage":"sv-SE","potentialAction":[{"@type":"ReadAction","target":["https:\/\/casinor.com\/sv\/cookies\/"]}]},{"@type":"BreadcrumbList","@id":"https:\/\/casinor.com\/sv\/cookies\/#breadcrumb","itemListElement":[{"@type":"ListItem","position":1,"name":"Hem","item":"https:\/\/casinor.com\/sv\/"},{"@type":"ListItem","position":2,"name":"Cookies"}]},{"@type":"WebSite","@id":"https:\/\/casinor.com\/#website","url":"https:\/\/casinor.com\/","name":"Casinor.com","description":"Sveriges b\u00e4sta service f\u00f6r casino recensioner","publisher":{"@id":"https:\/\/casinor.com\/#organization"},"potentialAction":[{"@type":"SearchAction","target":{"@type":"EntryPoint","urlTemplate":"https:\/\/casinor.com\/?s={search_term_string}"},"query-input":{"@type":"PropertyValueSpecification","valueRequired":true,"valueName":"search_term_string"}}],"inLanguage":"sv-SE"},{"@type":"Organization","@id":"https:\/\/casinor.com\/#organization","name":"Casinor.com","url":"https:\/\/casinor.com\/","logo":{"@type":"ImageObject","inLanguage":"sv-SE","@id":"https:\/\/casinor.com\/#\/schema\/logo\/image\/","url":"https:\/\/casinor.com\/wp-content\/uploads\/2023\/05\/logo_sweden.svg","contentUrl":"https:\/\/casinor.com\/wp-content\/uploads\/2023\/05\/logo_sweden.svg","caption":"Casinor.com"},"image":{"@id":"https:\/\/casinor.com\/#\/schema\/logo\/image\/"},"sameAs":["https:\/\/www.facebook.com\/Casinorcom-1429398773853454\/","https:\/\/x.com\/casinor_com","https:\/\/no.pinterest.com\/casinor1","https:\/\/www.youtube.com\/channel\/UCIaYR-rxk3WeeGSnE-9M-CQ"]}]}},"_links":{"self":[{"href":"https:\/\/casinor.com\/sv\/wp-json\/wp\/v2\/pages\/11705","targetHints":{"allow":["GET"]}}],"collection":[{"href":"https:\/\/casinor.com\/sv\/wp-json\/wp\/v2\/pages"}],"about":[{"href":"https:\/\/casinor.com\/sv\/wp-json\/wp\/v2\/types\/page"}],"author":[{"embeddable":true,"href":"https:\/\/casinor.com\/sv\/wp-json\/wp\/v2\/users\/14"}],"replies":[{"embeddable":true,"href":"https:\/\/casinor.com\/sv\/wp-json\/wp\/v2\/comments?post=11705"}],"version-history":[{"count":7,"href":"https:\/\/casinor.com\/sv\/wp-json\/wp\/v2\/pages\/11705\/revisions"}],"predecessor-version":[{"id":19756,"href":"https:\/\/casinor.com\/sv\/wp-json\/wp\/v2\/pages\/11705\/revisions\/19756"}],"wp:attachment":[{"href":"https:\/\/casinor.com\/sv\/wp-json\/wp\/v2\/media?parent=11705"}],"curies":[{"name":"wp","href":"https:\/\/api.w.org\/{rel}","templated":true}]}}