{"id":11642,"date":"2023-05-18T11:01:44","date_gmt":"2023-05-18T12:01:44","guid":{"rendered":"https:\/\/casinor.com\/?page_id=11642"},"modified":"2026-04-17T15:06:01","modified_gmt":"2026-04-17T13:06:01","slug":"svenska-casinon","status":"publish","type":"page","link":"https:\/\/casinor.com\/sv\/svenska-casinon\/","title":{"rendered":"Svenska casinon"},"content":{"rendered":"\n<section id=\"hero-center-text-block_169b8b02d2e35d32e5da50a3c95b7920\" class=\"home-hero home-hero--category block-hero-center-text\">\n\t<div class=\"home-hero__container\">\n\t\t<div class=\"home-hero__wrap\">\n\t\t\t<div class=\"home-hero__content\">\n\t\t\t\t\t\t\t\t\t<h1 class=\"home-hero__title\" >Svenska casinon<\/h1>\n\t\t\t\t\t\t\t\t\t\t\t\t\t<div class=\"home-hero__text\">Svenska casinon \u00e4r spelsajter som har svensk licens fr\u00e5n Spelinspektionen. De h\u00e5ller i allm\u00e4nhet mycket h\u00f6g kvalitet och anses vara mycket s\u00e4kra att spela p\u00e5.\r\nI den h\u00e4r artikeln har vi p\u00e5 Casinor.com har granskat och listat \u00f6ver 30 svenska casinon.<\/div>\n\t\t\t\t\t\t\t<\/div>\n\t\t\t\t\t<\/div>\n\t<\/div>\n<\/section>\n\n\n    <section id=\"content-section-block_565e7e3c1ab597622ba6800170502bdc\" class=\"content-section is-white  block-content-section\">\n                    <div class=\"content-section__container\">\n                <h2>Alla svenska casinon som vi har recenserat<\/h2>\n<p><span style=\"font-weight: 400;\">H\u00e4r nedan kan du se alla svenska casinon vi har recenserat och vilka <a href=\"https:\/\/casinor.com\/sv\/casino-bonus\/insattningsbonus\/\">ins\u00e4ttningsbonusar<\/a> de har.<\/span><\/p>\n<table>\n<tbody>\n<tr>\n<td><strong>Casino<\/strong><\/td>\n<td><strong>V\u00e4lkomstbonus<\/strong><\/td>\n<td><strong>Oms\u00e4ttningskrav<\/strong><\/td>\n<td><strong>Minsta ins\u00e4ttning<\/strong><\/td>\n<\/tr>\n<tr>\n<td>Pop Casino<\/td>\n<td>0 kr<\/td>\n<td>&#8211;<\/td>\n<td>200 kr<\/td>\n<\/tr>\n<tr>\n<td>Lucky Casino<\/td>\n<td>100 kr<\/td>\n<td>0x<\/td>\n<td>100 kr<\/td>\n<\/tr>\n<tr>\n<td>Hajper<\/td>\n<td>300% upp till 2 000 kr<\/td>\n<td>20x<\/td>\n<td>100 kr<\/td>\n<\/tr>\n<tr>\n<td>Royal 500<\/td>\n<td>0 kr<\/td>\n<td>&#8211;<\/td>\n<td>100 kr<\/td>\n<\/tr>\n<tr>\n<td>Voodoo Dreams<\/td>\n<td>0 kr<\/td>\n<td>&#8211;<\/td>\n<td>100 kr<\/td>\n<\/tr>\n<tr>\n<td>Snabbare<\/td>\n<td>100% upp till 2 000 kr<\/td>\n<td>20x<\/td>\n<td>100 kr<\/td>\n<\/tr>\n<tr>\n<td>Duelz<\/td>\n<td>0 kr<\/td>\n<td>&#8211;<\/td>\n<td>100 kr<\/td>\n<\/tr>\n<tr>\n<td>YakoCasino<\/td>\n<td>100% upp till 1 000 kr<\/td>\n<td>40x<\/td>\n<td>100 kr<\/td>\n<\/tr>\n<tr>\n<td>CampoBet<\/td>\n<td>100% upp till 2 500 kr<\/td>\n<td>35x<\/td>\n<td>100 kr<\/td>\n<\/tr>\n<tr>\n<td>Betway<\/td>\n<td>100kr<\/td>\n<td>1x<\/td>\n<td>100 kr<\/td>\n<\/tr>\n<tr>\n<td>YoYoCasino<\/td>\n<td>100% upp till 2 500 kr<\/td>\n<td>35x<\/td>\n<td>100 kr<\/td>\n<\/tr>\n<tr>\n<td>Dunder<\/td>\n<td>100% upp till 500kr<\/td>\n<td>30x<\/td>\n<td>100 kr<\/td>\n<\/tr>\n<tr>\n<td>888 Casino<\/td>\n<td>100% upp till 1 000 kr<\/td>\n<td>10x<\/td>\n<td>100 kr<\/td>\n<\/tr>\n<tr>\n<td>LuckyVegas<\/td>\n<td>0 kr<\/td>\n<td>&#8211;<\/td>\n<td>100 kr<\/td>\n<\/tr>\n<tr>\n<td>HappyCasino<\/td>\n<td>0 kr<\/td>\n<td>&#8211;<\/td>\n<td>100 kr<\/td>\n<\/tr>\n<tr>\n<td>PlayToro<\/td>\n<td>0 kr<\/td>\n<td>&#8211;<\/td>\n<td>100 kr<\/td>\n<\/tr>\n<tr>\n<td>SlotStars<\/td>\n<td>0 kr<\/td>\n<td>&#8211;<\/td>\n<td>200 kr<\/td>\n<\/tr>\n<tr>\n<td>Casinostugan<\/td>\n<td>100% upp till 1 000 kr<\/td>\n<td>20x<\/td>\n<td>100 kr<\/td>\n<\/tr>\n<tr>\n<td>Knightslots<\/td>\n<td>0 kr<\/td>\n<td>&#8211;<\/td>\n<td>100 kr<\/td>\n<\/tr>\n<tr>\n<td>Supersnabbt<\/td>\n<td>100% upp till 5 000 kr<\/td>\n<td>35x<\/td>\n<td>200 kr<\/td>\n<\/tr>\n<tr>\n<td>Swift Casino<\/td>\n<td>0 kr<\/td>\n<td>&#8211;<\/td>\n<td>100 kr<\/td>\n<\/tr>\n<tr>\n<td>NYSpins<\/td>\n<td>0 kr<\/td>\n<td>&#8211;<\/td>\n<td>100 kr<\/td>\n<\/tr>\n<tr>\n<td>X3000<\/td>\n<td>100% upp till 1 500 kr<\/td>\n<td>30x<\/td>\n<td>100 kr<\/td>\n<\/tr>\n<tr>\n<td>Speedy Casino<\/td>\n<td>100% upp till 1 000 kr<\/td>\n<td>30x<\/td>\n<td>200 kr<\/td>\n<\/tr>\n<tr>\n<td>PlayOJO<\/td>\n<td>100 Free Spins<\/td>\n<td>0x<\/td>\n<td>100 kr<\/td>\n<\/tr>\n<tr>\n<td>Prank Casino<\/td>\n<td>100 Free Spins<\/td>\n<td>0x<\/td>\n<td>100 kr<\/td>\n<\/tr>\n<tr>\n<td>Betinia<\/td>\n<td>100% upp till 2 500 kr<\/td>\n<td>35x<\/td>\n<td>100 kr<\/td>\n<\/tr>\n<tr>\n<td>Chanz<\/td>\n<td>100% upp till 1 000 kr<\/td>\n<td>35x<\/td>\n<td>100 kr<\/td>\n<\/tr>\n<tr>\n<td>ComeOn<\/td>\n<td>S\u00e4tt in 250 kr, spela f\u00f6r 1 000 kr<\/td>\n<td>20x<\/td>\n<td>100 kr<\/td>\n<\/tr>\n<\/tbody>\n<\/table>\n<h2>Vad \u00e4r ett svenskt casino?<\/h2>\n<p><span style=\"font-weight: 400;\">Ett svenskt casino \u00e4r en spelsajt som har licens fr\u00e5n Spelinspektionen eller som v\u00e4nder sig till svenska spelare. Ett casino \u00e4r svenskt om ett eller flera av villkoren nedan \u00e4r uppfyllda.<\/span><\/p>\n<h3>De erbjuder casino p\u00e5 svenska<\/h3>\n<p><span style=\"font-weight: 400;\">Enligt den svenska <\/span><a href=\"https:\/\/www.riksdagen.se\/sv\/dokument-och-lagar\/dokument\/svensk-forfattningssamling\/spellag-20181138_sfs-2018-1138\/\"><span style=\"font-weight: 400;\">spellagen<\/span><\/a><span style=\"font-weight: 400;\"> m\u00e5ste casinosajten vara helt p\u00e5 svenska. Det betyder att s\u00e5v\u00e4l menyer som erbjudanden, villkor, support och all annan information ska vara p\u00e5 svenska. Detta f\u00f6r att det inte ska bli missuppfattningar p\u00e5 grund av spr\u00e5ket.<\/span><\/p>\n<h3>Casinot accepterar SEK som valuta<\/h3>\n<p><span style=\"font-weight: 400;\">Casinot m\u00e5ste erbjuda ins\u00e4ttningar i svenska kronor. Du ska inte beh\u00f6va tvingas spela i Euro, USD eller annan utl\u00e4ndsk valuta. Sj\u00e4lvklart ska ocks\u00e5 vinster betalas ut i svenska kronor. D\u00e5 slipper du avgifter f\u00f6r valutav\u00e4xling och kan njuta av snabbare uttag av vinster.<\/span><\/p>\n<h3>Marknadsf\u00f6r sig mot svenska spelare<\/h3>\n<p><span style=\"font-weight: 400;\">Att marknadsf\u00f6ra sig mot den svenska publiken \u00e4r ett av kriterierna f\u00f6r att kallas f\u00f6r ett svenskt casino. Det sker b\u00e5de genom egen reklam och via olika j\u00e4mf\u00f6relsesajter.<\/span><\/p>\n<h2>5 b\u00e4sta svenska casinon<\/h2>\n<p><span style=\"font-weight: 400;\">Det finns m\u00e5nga bra svenska casinon och i princip alla \u00e4r trevliga att spela p\u00e5. H\u00e4r nedan har vi listat de 5 b\u00e4sta casinon i Sverige just nu och f\u00f6rklarat varf\u00f6r vi tycker de \u00e4r s\u00e5 bra.\u00a0<\/span><\/p>\n<ul>\n<li aria-level=\"1\"><b>Snabbare: <\/b><span style=\"font-weight: 400;\">Snabbare var troligen det f\u00f6rsta casino online i Sverige som erbj\u00f6d riktigt <a href=\"https:\/\/casinor.com\/sv\/casino-med-snabba-uttag\/\">snabba uttag<\/a>. H\u00e4r hittar du ett stort spelutbud och en bra bonus p\u00e5 upp till 2 000 kronor och 100 free spins.<\/span><\/li>\n<\/ul>\n<ul>\n<li aria-level=\"1\"><b>Hajper Casino: <\/b><span style=\"font-weight: 400;\">Hajper ger dig en bonus p\u00e5 300% upp till 2\u00a0000 kronor och 100 free spins. Deras oms\u00e4ttningskrav ligger p\u00e5 20x p\u00e5 ins\u00e4ttning + bonus.<\/span><\/li>\n<\/ul>\n<ul>\n<li aria-level=\"1\"><b>888 Casino: <\/b><span style=\"font-weight: 400;\">Detta svenska casino online har varit med \u00e4nda sedan 1997 och vet verkligen vad de h\u00e5ller p\u00e5 med. H\u00e4r kan du h\u00e4mta en v\u00e4lkomstbonus p\u00e5 upp till 2\u00a0500 kronor med oms\u00e4ttningskravet 20x.<\/span><\/li>\n<\/ul>\n<ul>\n<li aria-level=\"1\"><b>Videoslots.com: <\/b><span style=\"font-weight: 400;\">Ett av v\u00e4rldens st\u00f6rsta online casino med n\u00e4ra 7\u00a0000 slots och andra spel. H\u00e4r kan du ocks\u00e5 vinna pengar och <a href=\"https:\/\/casinor.com\/sv\/free-spins\/\">free spins<\/a> genom att spela p\u00e5 gratisturneringar. Dessutom f\u00e5r du en v\u00e4lkomstbonus p\u00e5 upp till 2\u00a0000 kr.<\/span><\/li>\n<\/ul>\n<ul>\n<li aria-level=\"1\"><b>Betsson: <\/b><span style=\"font-weight: 400;\">En klassisk spelsajt med r\u00f6tter \u00e4nda fr\u00e5n 60-talet. Massor av spel inom casino med <a href=\"https:\/\/casinor.com\/sv\/slots\/\">slots<\/a>, jackpottar, livespel och mycket annat. Dessutom 500 kr och 100 free spins i bonus.<\/span><\/li>\n<\/ul>\n<h2>Svenska casinon m\u00e5ste ha licens fr\u00e5n Spelinspektionen<\/h2>\n<p><span style=\"font-weight: 400;\">Sedan omregleringen 2019 m\u00e5ste <a href=\"https:\/\/casinor.com\/sv\/alla-casinon\/\">alla casinon<\/a> som v\u00e4nder sig till svenska spelare ha en svensk licens utf\u00e4rdad av <\/span><span style=\"font-weight: 400;\">Spelinspektionen<\/span><span style=\"font-weight: 400;\">. Licensen kom till f\u00f6r att \u201df\u00e5 ordning p\u00e5 spelmarknaden\u201d och s\u00e4kra tryggt spelande.\u00a0<\/span><\/p>\n<p><span style=\"font-weight: 400;\">Best\u00e4mmelserna f\u00f6r svenska casinon regleras av den svenska spellagstiftningen. H\u00e4r regleras bland annat bonusar, spelbolagens marknadsf\u00f6ring och mycket annat.<\/span><\/p>\n<h2>Svenska casinon garanterar ansvarsfullt spelande<\/h2>\n<p><span style=\"font-weight: 400;\">Den svenska lagstiftningen kr\u00e4ver att svenska casinon ska garantera <a href=\"https:\/\/casinor.com\/sv\/ansvarsfullt-spelande\/\">ansvarsfullt spelande<\/a>. Reglerna tvingar till exempel casinon i Sverige att uppmana spelarna att s\u00e4tta spelgr\u00e4nser. Och det finns m\u00e5nga alternativ n\u00e4r det g\u00e4ller dessa gr\u00e4nser, s\u00e5som:<\/span><\/p>\n<ul>\n<li style=\"font-weight: 400;\" aria-level=\"1\"><span style=\"font-weight: 400;\">Hur mycket du kan s\u00e4tta in under en viss period.<\/span><\/li>\n<li style=\"font-weight: 400;\" aria-level=\"1\"><span style=\"font-weight: 400;\">Hur mycket du kan satsa under ett dygn eller en m\u00e5nad.<\/span><\/li>\n<li style=\"font-weight: 400;\" aria-level=\"1\"><span style=\"font-weight: 400;\">F\u00f6rlustgr\u00e4nser.<\/span><\/li>\n<li style=\"font-weight: 400;\" aria-level=\"1\"><span style=\"font-weight: 400;\">Hur l\u00e4nge du kan vara inloggad.<\/span><\/li>\n<li style=\"font-weight: 400;\" aria-level=\"1\"><span style=\"font-weight: 400;\">P\u00e5minnelser om inloggningstid.<\/span><\/li>\n<li style=\"font-weight: 400;\" aria-level=\"1\"><span style=\"font-weight: 400;\">Maxinsats per snurr.<\/span><\/li>\n<\/ul>\n<p><span style=\"font-weight: 400;\">Ett <a href=\"https:\/\/casinor.com\/sv\/\">online casino<\/a> i Sverige m\u00e5ste ocks\u00e5 enligt lagen vara kopplat till <\/span><a href=\"https:\/\/spelpaus.se\/\"><span style=\"font-weight: 400;\">Spelpaus<\/span><\/a><span style=\"font-weight: 400;\">, det nationella avst\u00e4ngningsregistret. H\u00e4r kan du st\u00e4nga av dig fr\u00e5n allt spel p\u00e5 varje casino med svenskt licens i 1, 3 eller 6 m\u00e5nader \u2013 eller tills vidare.\u00a0<\/span><\/p>\n<p><span style=\"font-weight: 400;\">Svenska casinon m\u00e5ste \u00e4ven erbjuda sj\u00e4lvtest f\u00f6r att du ska kunna se om du har ett riskfyllt spelbeteende. Du f\u00e5r ocks\u00e5 r\u00e5d och tips om hur du undviker att bli spelberoende.\u00a0<\/span><\/p>\n<h2>Du slipper vinstskatt<\/h2>\n<p><span style=\"font-weight: 400;\">Du beh\u00f6ver aldrig oroa dig f\u00f6r att beh\u00f6va betala skatt f\u00f6r det du vinner p\u00e5 svenska casinon. I Sverige \u00e4r det spelbolagen som skattar f\u00f6r sina vinster, och f\u00f6r spelare \u00e4r vinster alltid skattefria. V\u00e4rt att n\u00e4mna \u00e4r ocks\u00e5 att detta g\u00e4ller p\u00e5 alla casinon med licens fr\u00e5n andra EU-l\u00e4nder.\u00a0<\/span><\/p>\n<h2>Svenska casinon erbjuder tyv\u00e4rr l\u00e4gre bonusar<\/h2>\n<p><span style=\"font-weight: 400;\">N\u00e4r licenssystemet inf\u00f6rdes 2019 blev bonusar kraftigt begr\u00e4nsade p\u00e5 svenska casinon. Nu f\u00e5r en svensk licenshavare endast erbjuda en enda <a href=\"https:\/\/casinor.com\/sv\/casino-bonus\/\">casino bonus<\/a> till sina nya spelare n\u00e4r de spelar f\u00f6r f\u00f6rsta g\u00e5ngen. Notera att lagen avser licenshavare och inte enskilda casinon \u2013 om ett spelbolag driver flera casinon under samma licens kan du bara f\u00e5 en bonus hos ett av dessa casinon.<\/span><\/p>\n<p><span style=\"font-weight: 400;\">Trevligt nog f\u00f6r oss spelare har flera spelbolag l\u00f6st det p\u00e5 ett smidigt s\u00e4tt. Till exempel har Betsson Group och ComeOn-gruppen skapat separata licenser f\u00f6r vart och ett av sina gamla och <a href=\"https:\/\/casinor.com\/sv\/nya-casinon\/\">nya casinon<\/a>.<\/span><\/p>\n<h2>Vanliga fr\u00e5gor<\/h2>\n\t\t<div class=\"wp-faq-schema-wrap wp-faq-schema-accordion\">\n\t\t\t\t\t\t<div class=\"wp-faq-schema-items\">\n\t\t\t\t\t\t\t\t\t<h3>Vilken \u00e4r den b\u00e4sta svenska casinosajten?<\/h3>\n\t\t\t\t\t<div class=\"\">\n\t\t\t\t\t\t<p>Den b\u00e4sta svenska casinot \u00e4r, enligt oss, Videoslots som har n\u00e4ra 7 000 spel. Men vilket casino som \u00e4r b\u00e4st f\u00f6r dig beror p\u00e5 dina egna preferenser.<\/p>\n\t\t\t\t\t<\/div>\n\t\t\t\t\t\t\t\t\t<h3>\u00c4r svenska casinon p\u00e5 n\u00e4tet s\u00e4krare?<\/h3>\n\t\t\t\t\t<div class=\"\">\n\t\t\t\t\t\t<p>Ja, svenska casinon anses s\u00e4krare \u00e4n de flesta casinon med andra licenser. Men casinon med licens fr\u00e5n Malta anses ocks\u00e5 som s\u00e4kra casinon.<\/p>\n\t\t\t\t\t<\/div>\n\t\t\t\t\t\t\t\t\t<h3>Vilka casinospel kan jag spela?<\/h3>\n\t\t\t\t\t<div class=\"\">\n\t\t\t\t\t\t<p>Vilka casinospel du kan spela varierar mellan olika casinon. Men generellt sett kan du spela p\u00e5 slots, jackpottar, bordsspel, live casino, bingo och mycket annat.<\/p>\n\t\t\t\t\t<\/div>\n\t\t\t\t\t\t\t<\/div>\n\t\t<\/div>\n\t\t\n            <\/div>\n            <\/section>\n","protected":false},"excerpt":{"rendered":"","protected":false},"author":14,"featured_media":0,"parent":0,"menu_order":0,"comment_status":"closed","ping_status":"closed","template":"","meta":{"_acf_changed":false,"footnotes":""},"class_list":["post-11642","page","type-page","status-publish","hentry"],"acf":[],"yoast_head":"<!-- This site is optimized with the Yoast SEO plugin v26.8 - https:\/\/yoast.com\/product\/yoast-seo-wordpress\/ -->\n<title>Svenska casinon \u2013 30+ casinon i Sverige<\/title>\n<meta name=\"description\" content=\"Vi har granskat och listat \u00f6ver 30 svenska casinon och f\u00f6rklarar varf\u00f6r dessa casinon anses vara s\u00e4kra att spela p\u00e5.\" \/>\n<meta name=\"robots\" content=\"index, follow, max-snippet:-1, max-image-preview:large, max-video-preview:-1\" \/>\n<link rel=\"canonical\" href=\"https:\/\/casinor.com\/sv\/svenska-casinon\/\" \/>\n<meta property=\"og:locale\" content=\"sv_SE\" \/>\n<meta property=\"og:type\" content=\"article\" \/>\n<meta property=\"og:title\" content=\"Svenska casinon \u2013 30+ casinon i Sverige\" \/>\n<meta property=\"og:description\" content=\"Vi har granskat och listat \u00f6ver 30 svenska casinon och f\u00f6rklarar varf\u00f6r dessa casinon anses vara s\u00e4kra att spela p\u00e5.\" \/>\n<meta property=\"og:url\" content=\"https:\/\/casinor.com\/sv\/svenska-casinon\/\" \/>\n<meta property=\"og:site_name\" content=\"Casinor.com\" \/>\n<meta property=\"article:publisher\" content=\"https:\/\/www.facebook.com\/Casinorcom-1429398773853454\/\" \/>\n<meta property=\"article:modified_time\" content=\"2026-04-17T13:06:01+00:00\" \/>\n<meta name=\"twitter:card\" content=\"summary_large_image\" \/>\n<meta name=\"twitter:site\" content=\"@casinor_com\" \/>\n<script type=\"application\/ld+json\" class=\"yoast-schema-graph\">{\"@context\":\"https:\/\/schema.org\",\"@graph\":[{\"@type\":\"WebPage\",\"@id\":\"https:\/\/casinor.com\/sv\/svenska-casinon\/\",\"url\":\"https:\/\/casinor.com\/sv\/svenska-casinon\/\",\"name\":\"Svenska casinon \u2013 30+ casinon i Sverige\",\"isPartOf\":{\"@id\":\"https:\/\/casinor.com\/#website\"},\"datePublished\":\"2023-05-18T12:01:44+00:00\",\"dateModified\":\"2026-04-17T13:06:01+00:00\",\"description\":\"Vi har granskat och listat \u00f6ver 30 svenska casinon och f\u00f6rklarar varf\u00f6r dessa casinon anses vara s\u00e4kra att spela p\u00e5.\",\"breadcrumb\":{\"@id\":\"https:\/\/casinor.com\/sv\/svenska-casinon\/#breadcrumb\"},\"inLanguage\":\"sv-SE\",\"potentialAction\":[{\"@type\":\"ReadAction\",\"target\":[\"https:\/\/casinor.com\/sv\/svenska-casinon\/\"]}]},{\"@type\":\"BreadcrumbList\",\"@id\":\"https:\/\/casinor.com\/sv\/svenska-casinon\/#breadcrumb\",\"itemListElement\":[{\"@type\":\"ListItem\",\"position\":1,\"name\":\"Hem\",\"item\":\"https:\/\/casinor.com\/sv\/\"},{\"@type\":\"ListItem\",\"position\":2,\"name\":\"Svenska casinon\"}]},{\"@type\":\"WebSite\",\"@id\":\"https:\/\/casinor.com\/#website\",\"url\":\"https:\/\/casinor.com\/\",\"name\":\"Casinor.com\",\"description\":\"Sveriges b\u00e4sta service f\u00f6r casino recensioner\",\"publisher\":{\"@id\":\"https:\/\/casinor.com\/#organization\"},\"potentialAction\":[{\"@type\":\"SearchAction\",\"target\":{\"@type\":\"EntryPoint\",\"urlTemplate\":\"https:\/\/casinor.com\/?s={search_term_string}\"},\"query-input\":{\"@type\":\"PropertyValueSpecification\",\"valueRequired\":true,\"valueName\":\"search_term_string\"}}],\"inLanguage\":\"sv-SE\"},{\"@type\":\"Organization\",\"@id\":\"https:\/\/casinor.com\/#organization\",\"name\":\"Casinor.com\",\"url\":\"https:\/\/casinor.com\/\",\"logo\":{\"@type\":\"ImageObject\",\"inLanguage\":\"sv-SE\",\"@id\":\"https:\/\/casinor.com\/#\/schema\/logo\/image\/\",\"url\":\"https:\/\/casinor.com\/wp-content\/uploads\/2023\/05\/logo_sweden.svg\",\"contentUrl\":\"https:\/\/casinor.com\/wp-content\/uploads\/2023\/05\/logo_sweden.svg\",\"caption\":\"Casinor.com\"},\"image\":{\"@id\":\"https:\/\/casinor.com\/#\/schema\/logo\/image\/\"},\"sameAs\":[\"https:\/\/www.facebook.com\/Casinorcom-1429398773853454\/\",\"https:\/\/x.com\/casinor_com\",\"https:\/\/no.pinterest.com\/casinor1\",\"https:\/\/www.youtube.com\/channel\/UCIaYR-rxk3WeeGSnE-9M-CQ\"]}]}<\/script>\n<!-- \/ Yoast SEO plugin. -->","yoast_head_json":{"title":"Svenska casinon \u2013 30+ casinon i Sverige","description":"Vi har granskat och listat \u00f6ver 30 svenska casinon och f\u00f6rklarar varf\u00f6r dessa casinon anses vara s\u00e4kra att spela p\u00e5.","robots":{"index":"index","follow":"follow","max-snippet":"max-snippet:-1","max-image-preview":"max-image-preview:large","max-video-preview":"max-video-preview:-1"},"canonical":"https:\/\/casinor.com\/sv\/svenska-casinon\/","og_locale":"sv_SE","og_type":"article","og_title":"Svenska casinon \u2013 30+ casinon i Sverige","og_description":"Vi har granskat och listat \u00f6ver 30 svenska casinon och f\u00f6rklarar varf\u00f6r dessa casinon anses vara s\u00e4kra att spela p\u00e5.","og_url":"https:\/\/casinor.com\/sv\/svenska-casinon\/","og_site_name":"Casinor.com","article_publisher":"https:\/\/www.facebook.com\/Casinorcom-1429398773853454\/","article_modified_time":"2026-04-17T13:06:01+00:00","twitter_card":"summary_large_image","twitter_site":"@casinor_com","schema":{"@context":"https:\/\/schema.org","@graph":[{"@type":"WebPage","@id":"https:\/\/casinor.com\/sv\/svenska-casinon\/","url":"https:\/\/casinor.com\/sv\/svenska-casinon\/","name":"Svenska casinon \u2013 30+ casinon i Sverige","isPartOf":{"@id":"https:\/\/casinor.com\/#website"},"datePublished":"2023-05-18T12:01:44+00:00","dateModified":"2026-04-17T13:06:01+00:00","description":"Vi har granskat och listat \u00f6ver 30 svenska casinon och f\u00f6rklarar varf\u00f6r dessa casinon anses vara s\u00e4kra att spela p\u00e5.","breadcrumb":{"@id":"https:\/\/casinor.com\/sv\/svenska-casinon\/#breadcrumb"},"inLanguage":"sv-SE","potentialAction":[{"@type":"ReadAction","target":["https:\/\/casinor.com\/sv\/svenska-casinon\/"]}]},{"@type":"BreadcrumbList","@id":"https:\/\/casinor.com\/sv\/svenska-casinon\/#breadcrumb","itemListElement":[{"@type":"ListItem","position":1,"name":"Hem","item":"https:\/\/casinor.com\/sv\/"},{"@type":"ListItem","position":2,"name":"Svenska casinon"}]},{"@type":"WebSite","@id":"https:\/\/casinor.com\/#website","url":"https:\/\/casinor.com\/","name":"Casinor.com","description":"Sveriges b\u00e4sta service f\u00f6r casino recensioner","publisher":{"@id":"https:\/\/casinor.com\/#organization"},"potentialAction":[{"@type":"SearchAction","target":{"@type":"EntryPoint","urlTemplate":"https:\/\/casinor.com\/?s={search_term_string}"},"query-input":{"@type":"PropertyValueSpecification","valueRequired":true,"valueName":"search_term_string"}}],"inLanguage":"sv-SE"},{"@type":"Organization","@id":"https:\/\/casinor.com\/#organization","name":"Casinor.com","url":"https:\/\/casinor.com\/","logo":{"@type":"ImageObject","inLanguage":"sv-SE","@id":"https:\/\/casinor.com\/#\/schema\/logo\/image\/","url":"https:\/\/casinor.com\/wp-content\/uploads\/2023\/05\/logo_sweden.svg","contentUrl":"https:\/\/casinor.com\/wp-content\/uploads\/2023\/05\/logo_sweden.svg","caption":"Casinor.com"},"image":{"@id":"https:\/\/casinor.com\/#\/schema\/logo\/image\/"},"sameAs":["https:\/\/www.facebook.com\/Casinorcom-1429398773853454\/","https:\/\/x.com\/casinor_com","https:\/\/no.pinterest.com\/casinor1","https:\/\/www.youtube.com\/channel\/UCIaYR-rxk3WeeGSnE-9M-CQ"]}]}},"_links":{"self":[{"href":"https:\/\/casinor.com\/sv\/wp-json\/wp\/v2\/pages\/11642","targetHints":{"allow":["GET"]}}],"collection":[{"href":"https:\/\/casinor.com\/sv\/wp-json\/wp\/v2\/pages"}],"about":[{"href":"https:\/\/casinor.com\/sv\/wp-json\/wp\/v2\/types\/page"}],"author":[{"embeddable":true,"href":"https:\/\/casinor.com\/sv\/wp-json\/wp\/v2\/users\/14"}],"replies":[{"embeddable":true,"href":"https:\/\/casinor.com\/sv\/wp-json\/wp\/v2\/comments?post=11642"}],"version-history":[{"count":123,"href":"https:\/\/casinor.com\/sv\/wp-json\/wp\/v2\/pages\/11642\/revisions"}],"predecessor-version":[{"id":19947,"href":"https:\/\/casinor.com\/sv\/wp-json\/wp\/v2\/pages\/11642\/revisions\/19947"}],"wp:attachment":[{"href":"https:\/\/casinor.com\/sv\/wp-json\/wp\/v2\/media?parent=11642"}],"curies":[{"name":"wp","href":"https:\/\/api.w.org\/{rel}","templated":true}]}}