{"id":19110,"date":"2025-02-18T21:00:55","date_gmt":"2025-02-18T20:00:55","guid":{"rendered":"https:\/\/casinor.com\/?page_id=19110"},"modified":"2026-04-17T14:44:11","modified_gmt":"2026-04-17T12:44:11","slug":"200-talletusbonus","status":"publish","type":"page","link":"https:\/\/casinor.com\/fi\/kasinobonukset\/talletusbonukset\/200-talletusbonus\/","title":{"rendered":"200% talletusbonus"},"content":{"rendered":"\n<section id=\"hero-center-text-block_1dcd54932559dcfe09c5e844f7f37ae7\" class=\"home-hero home-hero--category block-hero-center-text\">\n\t<div class=\"home-hero__container\">\n\t\t<div class=\"home-hero__wrap\">\n\t\t\t<div class=\"home-hero__content\">\n\t\t\t\t\t\t\t\t\t<h1 class=\"home-hero__title\" >200% talletusbonus<\/h1>\n\t\t\t\t\t\t\t\t\t\t\t\t\t<div class=\"home-hero__text\">200% talletusbonus on yksi houkuttelevimmista kasinotarjouksista, jossa saat kolminkertaisen summan ensitalletuksesi p\u00e4\u00e4lle. Esimerkiksi tallettaessasi 50 \u20ac, saat jopa 150 \u20ac pelirahaa. Me Casinorilla olemme listanneet parhaat 200% talletusbonukset, jotta voit valita niist\u00e4 itsellesi sopivimman.<\/div>\n\t\t\t\t\t\t\t<\/div>\n\t\t\t\t\t<\/div>\n\t<\/div>\n<\/section>\n\n\n    <section id=\"content-section-block_1325a19d4529efe49aab621fde4d7419\" class=\"content-section is-white  block-content-section\">\n                    <div class=\"content-section__container\">\n                <h2>Top 10 kasinot, jotka tarjoavat 200% talletusbonuksen<\/h2>\n<p>Olemme listanneet alle 10 parasta 200% talletusbonusta, ja voit vertailla niit\u00e4 perustuen minimitalletukseen ja kierr\u00e4tysvaatimukseen.<\/p>\n<table width=\"602\">\n<tbody>\n<tr>\n<td><strong>Kasino<\/strong><\/td>\n<td><strong>Bonus<\/strong><\/td>\n<td><strong>Maksimim\u00e4\u00e4r\u00e4<\/strong><\/td>\n<td><strong>Minimitalletus<\/strong><\/td>\n<td><strong>Kierr\u00e4tysvaatimus<\/strong><\/td>\n<\/tr>\n<tr>\n<td>HappySlots Casino<\/td>\n<td>200%<\/td>\n<td>1000 \u20ac<\/td>\n<td>20 \u20ac<\/td>\n<td>30x<\/td>\n<\/tr>\n<tr>\n<td>Betrino Casino<\/td>\n<td>200%<\/td>\n<td>50 \u20ac<\/td>\n<td>20 \u20ac<\/td>\n<td>50x<\/td>\n<\/tr>\n<tr>\n<td>Rollino Casino<\/td>\n<td>200%<\/td>\n<td>1000 \u20ac<\/td>\n<td>20 \u20ac<\/td>\n<td>30x<\/td>\n<\/tr>\n<tr>\n<td>Bons Casino<\/td>\n<td>200%<\/td>\n<td>50 \u20ac<\/td>\n<td>20 \u20ac<\/td>\n<td>25x<\/td>\n<\/tr>\n<tr>\n<td>Slottica Casino<\/td>\n<td>200%<\/td>\n<td>500 \u20ac<\/td>\n<td>15 \u20ac<\/td>\n<td>45x<\/td>\n<\/tr>\n<tr>\n<td>Winzter Casino<\/td>\n<td>200%<\/td>\n<td>500 \u20ac<\/td>\n<td>50 \u20ac<\/td>\n<td>30x<\/td>\n<\/tr>\n<tr>\n<td>Candy Casino<\/td>\n<td>200%<\/td>\n<td>150 \u20ac<\/td>\n<td>20 \u20ac<\/td>\n<td>45x<\/td>\n<\/tr>\n<tr>\n<td>Slottio Casino<\/td>\n<td>200%<\/td>\n<td>500 \u20ac<\/td>\n<td>20 \u20ac<\/td>\n<td>45x<\/td>\n<\/tr>\n<tr>\n<td>Punterz Casino<\/td>\n<td>200%<\/td>\n<td>000 \u20ac<\/td>\n<td>20 \u20ac<\/td>\n<td>30x<\/td>\n<\/tr>\n<tr>\n<td>Prive Casino<\/td>\n<td>200%<\/td>\n<td>500 \u20ac<\/td>\n<td>20 \u20ac<\/td>\n<td>30x<\/td>\n<\/tr>\n<\/tbody>\n<\/table>\n<h2>200% talletusbonus matalalla kierr\u00e4tysvaatimuksella \u2013 bonus, jota et halua ohittaa<\/h2>\n<p>Joskus 200% talletusbonuksen kierr\u00e4tysvaatimus voi olla alhainen, esimerkiksi vain 25x, mutta yleens\u00e4 vaatimus vaihtelee 30-45x v\u00e4lill\u00e4. Me Casinorilla suosittelemme n\u00e4it\u00e4 bonuksia erityisesti aloittelijoille ja pienell\u00e4 budjetilla pelaaville.<\/p>\n<p>Esimerkiksi Bons Casinolla kierr\u00e4tysvaatimus on vain 25x, mik\u00e4 tarkoittaa 20 \u20ac talletuksen kohdalla, ett\u00e4 yhteens\u00e4 500 \u20ac on pelattava ennen kotiutusta.<\/p>\n<h2>Kuinka lunastaa 200% talletusbonus?<\/h2>\n<p>200% talletusbonuksen lunastaminen on helppoa. Toimi n\u00e4in:<\/p>\n<ol>\n<li>Valitse kasino listaltamme.<\/li>\n<li>Rekister\u00f6idy kasinon sivustolla.<\/li>\n<li>Tee ensitalletus, joka t\u00e4ytt\u00e4\u00e4 minimivaatimukset.<\/li>\n<li>Varmista, ett\u00e4 bonus on aktivoitu ennen pelaamista.<\/li>\n<li>Talletuksen j\u00e4lkeen bonus lis\u00e4t\u00e4\u00e4n pelitilillesi heti.<\/li>\n<\/ol>\n<h2>200% talletusbonuksen s\u00e4\u00e4nn\u00f6t ja ehdot<\/h2>\n<p>200% talletusbonuksiin liittyy useita ehtoja, jotka pelaajan on t\u00e4rke\u00e4 huomioida ennen bonuksen lunastamista. Alta l\u00f6yd\u00e4t keskeisimm\u00e4t termit:<\/p>\n<h3>Kierr\u00e4tysvaatimus<\/h3>\n<p>Kierr\u00e4tysvaatimus kertoo, kuinka monta kertaa sinun on pelattava bonus ja talletus l\u00e4pi ennen voittojen nostamista.<\/p>\n<p>Esimerkiksi 200% bonuksella, jossa kierr\u00e4tysvaatimus on 30x ja talletuksesi on 150 \u20ac, sinun on pelattava yhteens\u00e4 150 \u20ac x 30 = 4 500 \u20ac.<\/p>\n<h3>Minimitalletus<\/h3>\n<p>Monilla 200% talletusbonuksilla on minimitalletusvaatimus, joka tarkoittaa pienint\u00e4 summaa, jolla bonuksen voi lunastaa. Minimitalletus vaihtelee usein 10-50 \u20ac v\u00e4lill\u00e4, mutta on suurimmalla osalla kasinoista 20 \u20ac.<\/p>\n<p>Jos hy\u00f6dynn\u00e4t 200 % talletusbonuksen 20 \u20ac talletuksella, saat bonusrahana ylim\u00e4\u00e4r\u00e4iset 40 \u20ac, jolloin pelikassasi m\u00e4\u00e4r\u00e4 on yhteens\u00e4 60 \u20ac.<\/p>\n<h3>Maksimivoitto<\/h3>\n<p>Joissain tapauksissa 200 % talletusbonuksiin liittyy maksimivoittorajoituksia, kuten 500 \u20ac.<\/p>\n<p>Esimerkiksi, jos talletat 50 \u20ac ja saat 150 \u20ac bonusta, mutta kasinon maksiminostoraja on 500 \u20ac, voit voittaa ja kotiuttaa enint\u00e4\u00e4n t\u00e4m\u00e4n summan bonuksella saavutetuista voitoista, vaikka saldo olisi korkeampi. Yleinen maksimivoittorajoitus 200% talletusbonuksille on 5-10 kertaa alkuper\u00e4inen talletussumma, mutta se vaihtelee kasinosta riippuen.<\/p>\n<h2>200% talletusbonus plussat ja miinukset<\/h2>\n<p>200% talletusbonukset tarjoavat runsaasti etuja, mutta niihin liittyy my\u00f6s muutamia huonoja puolia. T\u00e4ss\u00e4 ovat keskeisimm\u00e4t hy\u00f6dyt ja haitat meid\u00e4n n\u00e4k\u00f6kulmastamme:<\/p>\n<table width=\"602\">\n<tbody>\n<tr>\n<td><strong>Plussat<\/strong><\/td>\n<td><strong>Miinukset<\/strong><\/td>\n<\/tr>\n<tr>\n<td>Saat kolminkertaisen pelikassan<\/td>\n<td>Korkeat kierr\u00e4tysvaatimukset<\/td>\n<\/tr>\n<tr>\n<td>Erinomainen uusille pelaajille<\/td>\n<td>Joskus matalat maksimivoittorajoitukset<\/td>\n<\/tr>\n<tr>\n<td>Saatavilla useilla kasinoilla<\/td>\n<td>Voimassaoloaika ei aina kovin pitk\u00e4<\/td>\n<\/tr>\n<tr>\n<td>Mahdollisuus suurempiin voittoihin<\/td>\n<td>Minimitalletus voi olla korkea<\/td>\n<\/tr>\n<tr>\n<td>Saatavilla usein kaikissa peleiss\u00e4<\/td>\n<td><\/td>\n<\/tr>\n<\/tbody>\n<\/table>\n<h2>Muut talletusbonukset, joita et halua ohittaa<\/h2>\n<p>200% talletusbonus on vain yksi monista talletusbonuksista, jotka tarjoavat pelaajille lis\u00e4etua talletusten yhteydess\u00e4. T\u00e4lt\u00e4 n\u00e4ytt\u00e4v\u00e4t muut kasinoiden houkuttelevat <a href=\"https:\/\/casinor.com\/fi\/kasinobonukset\/talletusbonukset\/\">talletusbonukset<\/a>:<\/p>\n<ul>\n<li><a href=\"https:\/\/casinor.com\/fi\/kasinobonukset\/talletusbonukset\/100-talletusbonus\/\">100% talletusbonus<\/a><\/li>\n<li>150% talletusbonus<\/li>\n<li>300% talletusbonus<\/li>\n<li>400% talletusbonus<\/li>\n<li>500% talletusbonus<\/li>\n<\/ul>\n<h2>Usein kysytyt kysymykset<\/h2>\n\t\t<div class=\"wp-faq-schema-wrap wp-faq-schema-accordion\">\n\t\t\t\t\t\t<div class=\"wp-faq-schema-items\">\n\t\t\t\t\t\t\t\t\t<h3>Kuinka moni kasino tarjoaa 200% talletusbonuksen?<\/h3>\n\t\t\t\t\t<div class=\"\">\n\t\t\t\t\t\t<p>200% talletusbonus kuuluu useiden kasinoiden tarjontaan. Arviomme mukaan t\u00e4llaisen bonuksen tarjoaa noin 30-40 nettikasinoa.<\/p>\n\t\t\t\t\t<\/div>\n\t\t\t\t\t\t\t\t\t<h3>Mik\u00e4 on 200% talletusbonus?<\/h3>\n\t\t\t\t\t<div class=\"\">\n\t\t\t\t\t\t<p>200% talletusbonus tarkoittaa, ett\u00e4 saat kolminkertaisen summan ensitalletuksesi p\u00e4\u00e4lle pelirahaa. Esimerkiksi 50 \u20ac talletuksella saat saldoosi yhteens\u00e4 150 \u20ac.<\/p>\n\t\t\t\t\t<\/div>\n\t\t\t\t\t\t\t<\/div>\n\t\t<\/div>\n\t\t\n            <\/div>\n            <\/section>\n","protected":false},"excerpt":{"rendered":"","protected":false},"author":14,"featured_media":0,"parent":17617,"menu_order":0,"comment_status":"closed","ping_status":"closed","template":"","meta":{"_acf_changed":false,"footnotes":""},"class_list":["post-19110","page","type-page","status-publish","hentry"],"acf":[],"yoast_head":"<!-- This site is optimized with the Yoast SEO plugin v26.8 - https:\/\/yoast.com\/product\/yoast-seo-wordpress\/ -->\n<title>200% talletusbonus \u2013 Casinor.com<\/title>\n<meta name=\"description\" content=\"T\u00e4m\u00e4 artikkeli kertoo kaiken oleellisen 200% talletusbonuksesta, ja olemme listanneet 10 parasta 200% talletusbonusta.\" \/>\n<meta name=\"robots\" content=\"index, follow, max-snippet:-1, max-image-preview:large, max-video-preview:-1\" \/>\n<link rel=\"canonical\" href=\"https:\/\/casinor.com\/fi\/kasinobonukset\/talletusbonukset\/200-talletusbonus\/\" \/>\n<meta property=\"og:locale\" content=\"fi_FI\" \/>\n<meta property=\"og:type\" content=\"article\" \/>\n<meta property=\"og:title\" content=\"200% talletusbonus \u2013 Casinor.com\" \/>\n<meta property=\"og:description\" content=\"T\u00e4m\u00e4 artikkeli kertoo kaiken oleellisen 200% talletusbonuksesta, ja olemme listanneet 10 parasta 200% talletusbonusta.\" \/>\n<meta property=\"og:url\" content=\"https:\/\/casinor.com\/fi\/kasinobonukset\/talletusbonukset\/200-talletusbonus\/\" \/>\n<meta property=\"og:site_name\" content=\"Casinor.com\" \/>\n<meta property=\"article:publisher\" content=\"https:\/\/www.facebook.com\/Casinorcom-1429398773853454\/\" \/>\n<meta property=\"article:modified_time\" content=\"2026-04-17T12:44:11+00:00\" \/>\n<meta name=\"twitter:card\" content=\"summary_large_image\" \/>\n<meta name=\"twitter:site\" content=\"@casinor_com\" \/>\n<script type=\"application\/ld+json\" class=\"yoast-schema-graph\">{\"@context\":\"https:\/\/schema.org\",\"@graph\":[{\"@type\":\"WebPage\",\"@id\":\"https:\/\/casinor.com\/fi\/kasinobonukset\/talletusbonukset\/200-talletusbonus\/\",\"url\":\"https:\/\/casinor.com\/fi\/kasinobonukset\/talletusbonukset\/200-talletusbonus\/\",\"name\":\"200% talletusbonus \u2013 Casinor.com\",\"isPartOf\":{\"@id\":\"https:\/\/casinor.com\/#website\"},\"datePublished\":\"2025-02-18T20:00:55+00:00\",\"dateModified\":\"2026-04-17T12:44:11+00:00\",\"description\":\"T\u00e4m\u00e4 artikkeli kertoo kaiken oleellisen 200% talletusbonuksesta, ja olemme listanneet 10 parasta 200% talletusbonusta.\",\"breadcrumb\":{\"@id\":\"https:\/\/casinor.com\/fi\/kasinobonukset\/talletusbonukset\/200-talletusbonus\/#breadcrumb\"},\"inLanguage\":\"fi\",\"potentialAction\":[{\"@type\":\"ReadAction\",\"target\":[\"https:\/\/casinor.com\/fi\/kasinobonukset\/talletusbonukset\/200-talletusbonus\/\"]}]},{\"@type\":\"BreadcrumbList\",\"@id\":\"https:\/\/casinor.com\/fi\/kasinobonukset\/talletusbonukset\/200-talletusbonus\/#breadcrumb\",\"itemListElement\":[{\"@type\":\"ListItem\",\"position\":1,\"name\":\"Etusivu\",\"item\":\"https:\/\/casinor.com\/fi\/\"},{\"@type\":\"ListItem\",\"position\":2,\"name\":\"Kasinobonukset\",\"item\":\"https:\/\/casinor.com\/fi\/kasinobonukset\/\"},{\"@type\":\"ListItem\",\"position\":3,\"name\":\"Talletusbonukset\",\"item\":\"https:\/\/casinor.com\/fi\/kasinobonukset\/talletusbonukset\/\"},{\"@type\":\"ListItem\",\"position\":4,\"name\":\"200% talletusbonus\"}]},{\"@type\":\"WebSite\",\"@id\":\"https:\/\/casinor.com\/#website\",\"url\":\"https:\/\/casinor.com\/\",\"name\":\"Casinor.com\",\"description\":\"Suomen paras palvelu kasinoarviointeihin palvelu Synonymer for palvelu substantiv hy\u00f6ty, apu porukka\",\"publisher\":{\"@id\":\"https:\/\/casinor.com\/#organization\"},\"potentialAction\":[{\"@type\":\"SearchAction\",\"target\":{\"@type\":\"EntryPoint\",\"urlTemplate\":\"https:\/\/casinor.com\/?s={search_term_string}\"},\"query-input\":{\"@type\":\"PropertyValueSpecification\",\"valueRequired\":true,\"valueName\":\"search_term_string\"}}],\"inLanguage\":\"fi\"},{\"@type\":\"Organization\",\"@id\":\"https:\/\/casinor.com\/#organization\",\"name\":\"Casinor.com\",\"url\":\"https:\/\/casinor.com\/\",\"logo\":{\"@type\":\"ImageObject\",\"inLanguage\":\"fi\",\"@id\":\"https:\/\/casinor.com\/#\/schema\/logo\/image\/\",\"url\":\"https:\/\/casinor.com\/wp-content\/uploads\/2023\/05\/logo_sweden.svg\",\"contentUrl\":\"https:\/\/casinor.com\/wp-content\/uploads\/2023\/05\/logo_sweden.svg\",\"caption\":\"Casinor.com\"},\"image\":{\"@id\":\"https:\/\/casinor.com\/#\/schema\/logo\/image\/\"},\"sameAs\":[\"https:\/\/www.facebook.com\/Casinorcom-1429398773853454\/\",\"https:\/\/x.com\/casinor_com\",\"https:\/\/no.pinterest.com\/casinor1\",\"https:\/\/www.youtube.com\/channel\/UCIaYR-rxk3WeeGSnE-9M-CQ\"]}]}<\/script>\n<!-- \/ Yoast SEO plugin. -->","yoast_head_json":{"title":"200% talletusbonus \u2013 Casinor.com","description":"T\u00e4m\u00e4 artikkeli kertoo kaiken oleellisen 200% talletusbonuksesta, ja olemme listanneet 10 parasta 200% talletusbonusta.","robots":{"index":"index","follow":"follow","max-snippet":"max-snippet:-1","max-image-preview":"max-image-preview:large","max-video-preview":"max-video-preview:-1"},"canonical":"https:\/\/casinor.com\/fi\/kasinobonukset\/talletusbonukset\/200-talletusbonus\/","og_locale":"fi_FI","og_type":"article","og_title":"200% talletusbonus \u2013 Casinor.com","og_description":"T\u00e4m\u00e4 artikkeli kertoo kaiken oleellisen 200% talletusbonuksesta, ja olemme listanneet 10 parasta 200% talletusbonusta.","og_url":"https:\/\/casinor.com\/fi\/kasinobonukset\/talletusbonukset\/200-talletusbonus\/","og_site_name":"Casinor.com","article_publisher":"https:\/\/www.facebook.com\/Casinorcom-1429398773853454\/","article_modified_time":"2026-04-17T12:44:11+00:00","twitter_card":"summary_large_image","twitter_site":"@casinor_com","schema":{"@context":"https:\/\/schema.org","@graph":[{"@type":"WebPage","@id":"https:\/\/casinor.com\/fi\/kasinobonukset\/talletusbonukset\/200-talletusbonus\/","url":"https:\/\/casinor.com\/fi\/kasinobonukset\/talletusbonukset\/200-talletusbonus\/","name":"200% talletusbonus \u2013 Casinor.com","isPartOf":{"@id":"https:\/\/casinor.com\/#website"},"datePublished":"2025-02-18T20:00:55+00:00","dateModified":"2026-04-17T12:44:11+00:00","description":"T\u00e4m\u00e4 artikkeli kertoo kaiken oleellisen 200% talletusbonuksesta, ja olemme listanneet 10 parasta 200% talletusbonusta.","breadcrumb":{"@id":"https:\/\/casinor.com\/fi\/kasinobonukset\/talletusbonukset\/200-talletusbonus\/#breadcrumb"},"inLanguage":"fi","potentialAction":[{"@type":"ReadAction","target":["https:\/\/casinor.com\/fi\/kasinobonukset\/talletusbonukset\/200-talletusbonus\/"]}]},{"@type":"BreadcrumbList","@id":"https:\/\/casinor.com\/fi\/kasinobonukset\/talletusbonukset\/200-talletusbonus\/#breadcrumb","itemListElement":[{"@type":"ListItem","position":1,"name":"Etusivu","item":"https:\/\/casinor.com\/fi\/"},{"@type":"ListItem","position":2,"name":"Kasinobonukset","item":"https:\/\/casinor.com\/fi\/kasinobonukset\/"},{"@type":"ListItem","position":3,"name":"Talletusbonukset","item":"https:\/\/casinor.com\/fi\/kasinobonukset\/talletusbonukset\/"},{"@type":"ListItem","position":4,"name":"200% talletusbonus"}]},{"@type":"WebSite","@id":"https:\/\/casinor.com\/#website","url":"https:\/\/casinor.com\/","name":"Casinor.com","description":"Suomen paras palvelu kasinoarviointeihin palvelu Synonymer for palvelu substantiv hy\u00f6ty, apu porukka","publisher":{"@id":"https:\/\/casinor.com\/#organization"},"potentialAction":[{"@type":"SearchAction","target":{"@type":"EntryPoint","urlTemplate":"https:\/\/casinor.com\/?s={search_term_string}"},"query-input":{"@type":"PropertyValueSpecification","valueRequired":true,"valueName":"search_term_string"}}],"inLanguage":"fi"},{"@type":"Organization","@id":"https:\/\/casinor.com\/#organization","name":"Casinor.com","url":"https:\/\/casinor.com\/","logo":{"@type":"ImageObject","inLanguage":"fi","@id":"https:\/\/casinor.com\/#\/schema\/logo\/image\/","url":"https:\/\/casinor.com\/wp-content\/uploads\/2023\/05\/logo_sweden.svg","contentUrl":"https:\/\/casinor.com\/wp-content\/uploads\/2023\/05\/logo_sweden.svg","caption":"Casinor.com"},"image":{"@id":"https:\/\/casinor.com\/#\/schema\/logo\/image\/"},"sameAs":["https:\/\/www.facebook.com\/Casinorcom-1429398773853454\/","https:\/\/x.com\/casinor_com","https:\/\/no.pinterest.com\/casinor1","https:\/\/www.youtube.com\/channel\/UCIaYR-rxk3WeeGSnE-9M-CQ"]}]}},"_links":{"self":[{"href":"https:\/\/casinor.com\/fi\/wp-json\/wp\/v2\/pages\/19110","targetHints":{"allow":["GET"]}}],"collection":[{"href":"https:\/\/casinor.com\/fi\/wp-json\/wp\/v2\/pages"}],"about":[{"href":"https:\/\/casinor.com\/fi\/wp-json\/wp\/v2\/types\/page"}],"author":[{"embeddable":true,"href":"https:\/\/casinor.com\/fi\/wp-json\/wp\/v2\/users\/14"}],"replies":[{"embeddable":true,"href":"https:\/\/casinor.com\/fi\/wp-json\/wp\/v2\/comments?post=19110"}],"version-history":[{"count":3,"href":"https:\/\/casinor.com\/fi\/wp-json\/wp\/v2\/pages\/19110\/revisions"}],"predecessor-version":[{"id":19924,"href":"https:\/\/casinor.com\/fi\/wp-json\/wp\/v2\/pages\/19110\/revisions\/19924"}],"up":[{"embeddable":true,"href":"https:\/\/casinor.com\/fi\/wp-json\/wp\/v2\/pages\/17617"}],"wp:attachment":[{"href":"https:\/\/casinor.com\/fi\/wp-json\/wp\/v2\/media?parent=19110"}],"curies":[{"name":"wp","href":"https:\/\/api.w.org\/{rel}","templated":true}]}}