{"id":17752,"date":"2024-06-28T15:30:43","date_gmt":"2024-06-28T13:30:43","guid":{"rendered":"https:\/\/casinor.com\/?page_id=17752"},"modified":"2026-04-17T14:48:08","modified_gmt":"2026-04-17T12:48:08","slug":"100-talletusbonus","status":"publish","type":"page","link":"https:\/\/casinor.com\/fi\/kasinobonukset\/talletusbonukset\/100-talletusbonus\/","title":{"rendered":"100% talletusbonus"},"content":{"rendered":"\n<section id=\"hero-center-text-block_dfcc8511e3223008869ddbba6ec0f225\" class=\"home-hero home-hero--category block-hero-center-text\">\n\t<div class=\"home-hero__container\">\n\t\t<div class=\"home-hero__wrap\">\n\t\t\t<div class=\"home-hero__content\">\n\t\t\t\t\t\t\t\t\t<h1 class=\"home-hero__title\" >100% talletusbonus<\/h1>\n\t\t\t\t\t\t\t\t\t\t\t\t\t<div class=\"home-hero__text\">100% talletusbonus on yksi suosituimmista kasinobonuksista, joita nettikasinot tarjoavat uusille ja nykyisille pelaajille. T\u00e4ll\u00e4 bonuksella kasino tuplaa talletuksesi, jolloin sinulla on kaksi kertaa enemm\u00e4n pelirahaa k\u00e4ytett\u00e4v\u00e4ksi suosikkipeliesi parissa. \r\n\r\nMe Casinorilla olemme ker\u00e4nneet parhaat 100% talletusbonukset n\u00e4ille sivuille, jotta l\u00f6yt\u00e4isit  helposti ja nopeasti itsellesi sopivimman bonuksen!<\/div>\n\t\t\t\t\t\t\t<\/div>\n\t\t\t\t\t<\/div>\n\t<\/div>\n<\/section>\n\n\n    <section id=\"content-section-block_2331d477be4c2134ef2f0d2c50f9e367\" class=\"content-section is-white  block-content-section\">\n                    <div class=\"content-section__container\">\n                <h2>Miten saan 100% talletusbonuksen?<\/h2>\n<p><span style=\"font-weight: 400;\">Seuraavaksi annamme sinulle askelmerkit, joita seuraamalla saat 100% talletusbonuksen nopeasti k\u00e4ytt\u00f6\u00f6si:<\/span><\/p>\n<ol>\n<li style=\"font-weight: 400;\" aria-level=\"1\"><b>Valitse kasino<\/b><span style=\"font-weight: 400;\">: Etsi luotettava kasino, joka tarjoaa 100% talletusbonuksen. Voit valita mink\u00e4 tahansa sivuiltamme l\u00f6ytyv\u00e4n <a href=\"https:\/\/casinor.com\/fi\/\">netticasinon<\/a>, sill\u00e4 valitsemme yhteisty\u00f6kumppaneiksemme vain luotettavia toimijoita.<\/span><\/li>\n<li style=\"font-weight: 400;\" aria-level=\"1\"><b>Avaa pelitili kasinolle<\/b><span style=\"font-weight: 400;\">: Tilin avaaminen tapahtuu pelipaikasta riippuen, joko t\u00e4ytt\u00e4m\u00e4ll\u00e4 rekister\u00f6itymislomake tai tunnistautumalla verkkopankkitunnuksilla.\u00a0<\/span><\/li>\n<li style=\"font-weight: 400;\" aria-level=\"1\"><b>Tee talletus<\/b><span style=\"font-weight: 400;\">: Talleta haluamasi summa, joka on v\u00e4hint\u00e4\u00e4n talletusbonuksessa s\u00e4\u00e4detyn minimirajan suuruinen. Koska talletukseen on tarkoitus liitt\u00e4\u00e4 bonus, lue bonusehdot tarkasti ennen kuin jatkat talletuksen tekemist\u00e4.<\/span><\/li>\n<li style=\"font-weight: 400;\" aria-level=\"1\"><span style=\"font-weight: 400;\">\u00a0<\/span><b>Lunasta bonus:<\/b><span style=\"font-weight: 400;\"> Mik\u00e4li bonusehdot vaikuttavat sopivilta sinulle, lunasta talletusbonus samalla kuin teet talletuksen. Lunasta bonus valitsemalla se hiirell\u00e4 tai sy\u00f6tt\u00e4m\u00e4ll\u00e4 <a href=\"https:\/\/casinor.com\/fi\/kasinobonukset\/bonuskoodit\/\">bonuskoodi<\/a>, jos sit\u00e4 pyydet\u00e4\u00e4n. Parhaat <a href=\"https:\/\/casinor.com\/fi\/kasinobonukset\/\">kasinobonukset<\/a> l\u00f6yd\u00e4t Casinorin sivustolta.\u00a0<\/span><\/li>\n<li style=\"font-weight: 400;\" aria-level=\"1\"><span style=\"font-weight: 400;\">\u00a0<\/span><b>Aloita pelaaminen:<\/b><span style=\"font-weight: 400;\"> Nauti bonusrahasta ja pelaa suosikkipelej\u00e4si! Voit k\u00e4ytt\u00e4\u00e4 bonusta my\u00f6s kokeillaksesi uusia pelej\u00e4 tai panostamalla suurempia summia suosikkipeleiss\u00e4si. Sin\u00e4 p\u00e4\u00e4t\u00e4t, miten bonuksesi k\u00e4yt\u00e4t.<\/span><\/li>\n<li style=\"font-weight: 400;\" aria-level=\"1\"><b>Kotiuta voitot:<\/b><span style=\"font-weight: 400;\"> Ennen voittojen kotiuttamista, muista suorittaa loppuun bonukseen mahdollisesti sidotut kierr\u00e4tysvaatimukset ja muut ehdot.\u00a0<\/span><\/li>\n<\/ol>\n<h2>Parhaat nettikasinot 100% talletusbonuksella<\/h2>\n<p><span style=\"font-weight: 400;\">Seuraavassa luettelemme parhaat nettikasinot, joiden valikoimista 100% talletusbonus l\u00f6ytyy:<\/span><\/p>\n<table>\n<tbody>\n<tr>\n<td><b>Kasinon nimi<\/b><\/td>\n<td><b>Talletusbonus<\/b><\/td>\n<td><b>Enimm\u00e4ism\u00e4\u00e4r\u00e4<\/b><\/td>\n<td><b>Minimitalletus<\/b><\/td>\n<td><b>Kierr\u00e4tys<\/b><\/td>\n<\/tr>\n<tr>\n<td><span style=\"font-weight: 400;\">Rooli Casino<\/span><\/td>\n<td><span style=\"font-weight: 400;\">100%<\/span><\/td>\n<td><span style=\"font-weight: 400;\">500\u20ac<\/span><\/td>\n<td><span style=\"font-weight: 400;\">30\u20ac<\/span><\/td>\n<td><span style=\"font-weight: 400;\">35x<\/span><\/td>\n<\/tr>\n<tr>\n<td><span style=\"font-weight: 400;\">888 Casino<\/span><\/td>\n<td><span style=\"font-weight: 400;\">100%<\/span><\/td>\n<td><span style=\"font-weight: 400;\">1500\u20ac<\/span><\/td>\n<td><span style=\"font-weight: 400;\">10\u20ac<\/span><\/td>\n<td><span style=\"font-weight: 400;\">30x<\/span><\/td>\n<\/tr>\n<tr>\n<td><span style=\"font-weight: 400;\">Zet Casino<\/span><\/td>\n<td><span style=\"font-weight: 400;\">100%<\/span><\/td>\n<td><span style=\"font-weight: 400;\">500\u20ac + 200 IK<\/span><\/td>\n<td><span style=\"font-weight: 400;\">10\u20ac<\/span><\/td>\n<td><span style=\"font-weight: 400;\">35x<\/span><\/td>\n<\/tr>\n<tr>\n<td><span style=\"font-weight: 400;\">Kingamo Casino<\/span><\/td>\n<td><span style=\"font-weight: 400;\">100%<\/span><\/td>\n<td><span style=\"font-weight: 400;\">1000\u20ac<\/span><\/td>\n<td><span style=\"font-weight: 400;\">20\u20ac<\/span><\/td>\n<td><span style=\"font-weight: 400;\">45x<\/span><\/td>\n<\/tr>\n<tr>\n<td><span style=\"font-weight: 400;\">Boost Casino<\/span><\/td>\n<td><span style=\"font-weight: 400;\">100%<\/span><\/td>\n<td><span style=\"font-weight: 400;\">250\u20ac +50 IK<\/span><\/td>\n<td><span style=\"font-weight: 400;\">20\u20ac<\/span><\/td>\n<td><span style=\"font-weight: 400;\">30x<\/span><\/td>\n<\/tr>\n<tr>\n<td><span style=\"font-weight: 400;\">Betinia Casino<\/span><\/td>\n<td><span style=\"font-weight: 400;\">100%<\/span><\/td>\n<td><span style=\"font-weight: 400;\">500\u20ac + 200 IK<\/span><\/td>\n<td><span style=\"font-weight: 400;\">20\u20ac<\/span><\/td>\n<td><span style=\"font-weight: 400;\">40x<\/span><\/td>\n<\/tr>\n<tr>\n<td><span style=\"font-weight: 400;\">Foxy Play Casino<\/span><\/td>\n<td><span style=\"font-weight: 400;\">100%<\/span><\/td>\n<td><span style=\"font-weight: 400;\">500\u20ac + 40 IK<\/span><\/td>\n<td><span style=\"font-weight: 400;\">10\u20ac<\/span><\/td>\n<td><span style=\"font-weight: 400;\">35x<\/span><\/td>\n<\/tr>\n<tr>\n<td><span style=\"font-weight: 400;\">Casiqu Casino<\/span><\/td>\n<td><span style=\"font-weight: 400;\">100%<\/span><\/td>\n<td><span style=\"font-weight: 400;\">200\u20ac + 50 IK<\/span><\/td>\n<td><span style=\"font-weight: 400;\">20\u20ac<\/span><\/td>\n<td><span style=\"font-weight: 400;\">40x<\/span><\/td>\n<\/tr>\n<tr>\n<td><span style=\"font-weight: 400;\">Slotnite Casino<\/span><\/td>\n<td><span style=\"font-weight: 400;\">100%<\/span><\/td>\n<td><span style=\"font-weight: 400;\">500\u20ac + 100 IK<\/span><\/td>\n<td><span style=\"font-weight: 400;\">20\u20ac<\/span><\/td>\n<td><span style=\"font-weight: 400;\">35x<\/span><\/td>\n<\/tr>\n<tr>\n<td><span style=\"font-weight: 400;\">Casiplay Casino<\/span><\/td>\n<td><span style=\"font-weight: 400;\">100%<\/span><\/td>\n<td><span style=\"font-weight: 400;\">800\u20ac + 100 IK<\/span><\/td>\n<td><span style=\"font-weight: 400;\">20\u20ac<\/span><\/td>\n<td><span style=\"font-weight: 400;\">35x<\/span><\/td>\n<\/tr>\n<tr>\n<td><span style=\"font-weight: 400;\">RocketPot\u00a0 Casino<\/span><\/td>\n<td><span style=\"font-weight: 400;\">100%<\/span><\/td>\n<td><span style=\"font-weight: 400;\">10000\u20ac<\/span><\/td>\n<td><span style=\"font-weight: 400;\">10\u20ac<\/span><\/td>\n<td><span style=\"font-weight: 400;\">100x<\/span><\/td>\n<\/tr>\n<tr>\n<td><span style=\"font-weight: 400;\">LuckLand Casino<\/span><\/td>\n<td><span style=\"font-weight: 400;\">100%<\/span><\/td>\n<td><span style=\"font-weight: 400;\">400\u20ac + 200 IK<\/span><\/td>\n<td><span style=\"font-weight: 400;\">20\u20ac<\/span><\/td>\n<td><span style=\"font-weight: 400;\">35x<\/span><\/td>\n<\/tr>\n<tr>\n<td><span style=\"font-weight: 400;\">Mr. Play Casino<\/span><\/td>\n<td><span style=\"font-weight: 400;\">100%<\/span><\/td>\n<td><span style=\"font-weight: 400;\">200\u20ac +100 IK<\/span><\/td>\n<td><span style=\"font-weight: 400;\">20\u20ac<\/span><\/td>\n<td><span style=\"font-weight: 400;\">35x<\/span><\/td>\n<\/tr>\n<tr>\n<td><span style=\"font-weight: 400;\">21.com<\/span><\/td>\n<td><span style=\"font-weight: 400;\">100%<\/span><\/td>\n<td><span style=\"font-weight: 400;\">300\u20ac<\/span><\/td>\n<td><span style=\"font-weight: 400;\">25\u20ac<\/span><\/td>\n<td><span style=\"font-weight: 400;\">50x<\/span><\/td>\n<\/tr>\n<tr>\n<td><span style=\"font-weight: 400;\">Gate777<\/span><\/td>\n<td><span style=\"font-weight: 400;\">100%<\/span><\/td>\n<td><span style=\"font-weight: 400;\">200\u20ac + 25<\/span><\/td>\n<td><span style=\"font-weight: 400;\">20\u20ac<\/span><\/td>\n<td><span style=\"font-weight: 400;\">30x<\/span><\/td>\n<\/tr>\n<\/tbody>\n<\/table>\n<h2>100% talletusbonus moneen tarkoitukseen<\/h2>\n<p><span style=\"font-weight: 400;\">100% talletusbonus on tarjolla useissa eri muodoissa. N\u00e4m\u00e4 talletuksen tuplausbonukset eroavat ehdoiltaan toisistaan, mutta k\u00e4ytt\u00f6tarkoituksen puolesta ne soveltuvat sek\u00e4 ensitalletusbonuksiksi ett\u00e4 my\u00f6hemmin jaettavaksi eduiksi. Esittelemme seuraavaksi yleisimm\u00e4t <a href=\"https:\/\/casinor.com\/fi\/kasinobonukset\/talletusbonukset\/\">talletusbonukset<\/a>.<\/span><\/p>\n<h3>100% tervetuliaisbonus<\/h3>\n<p><span style=\"font-weight: 400;\">Tervetuliaisbonus on yleisin 100% talletusbonus, ja se my\u00f6nnet\u00e4\u00e4n yleens\u00e4 uusille pelaajille ensimm\u00e4isen talletuksen yhteydess\u00e4. T\u00e4m\u00e4 bonus antaa uusille pelaajille mukavan buustin kasinopelaamiselle. Tervetuliaisbonukset voivat sis\u00e4lt\u00e4\u00e4 my\u00f6s muita etuja, kuten <a href=\"https:\/\/casinor.com\/fi\/ilmaiskierroksia\/\">ilmaiskierroksia<\/a> suosittuihin kolikkopeleihin.<\/span><\/p>\n<p><b>Esimerkki:<\/b><span style=\"font-weight: 400;\"> Zet Casino tarjoaa 100% tervetuliaisbonuksen aina 500 euroon asti ja kylkeen 200 ilmaiskierrosta. Tallettamalla 500\u20ac, saat toiset 500\u20ac bonuksena. Maksibonuksen lunastamalla pelisaldosi kokonaisarvo on siis 1000\u20ac.\u00a0<\/span><\/p>\n<h3>100% reload bonus<\/h3>\n<p><span style=\"font-weight: 400;\">Reload bonus on talletusbonus, joka on tervetuliaisbonuksen j\u00e4lkeen my\u00f6nnett\u00e4v\u00e4 etuisuus aktiivisille pelaajille. Siin\u00e4 miss\u00e4 tervetulobonus houkuttelee uusia pelaajia aloittamaan panostamisen kasinolla, reload bonukset kannustavat nykyisi\u00e4 pelaajia tekem\u00e4\u00e4n uusia talletuksia. N\u00e4m\u00e4 uudelleenlatausbonukset ovat usein osa kasinon p\u00e4ivitt\u00e4isi\u00e4, viikoittaisia tai kuukausittaisia kampanjoita.<\/span><\/p>\n<p><b>Esimerkki:<\/b><span style=\"font-weight: 400;\"> Nordicbet Casino tarjoaa 100% uudelleenlatausbonuksen 100\u20ac asti. Lunastaessasi maksimibonuksen, on sinulla pelirahaa yhteens\u00e4 200 \u20ac.<\/span><\/p>\n<h3>100% talletusbonus ilman kierr\u00e4tyst\u00e4<\/h3>\n<p><span style=\"font-weight: 400;\">100% talletusbonus ilman kierr\u00e4tyst\u00e4 on harvinainen bonus, johon kannattaa iske\u00e4 kiinni sellaiseen t\u00f6rm\u00e4tess\u00e4si. Kyseess\u00e4 on houkutteleva tarjous sen kierr\u00e4tysvapauden takia, sill\u00e4 voit nostaa voitot v\u00e4litt\u00f6m\u00e4sti ne saatuasi.<\/span><\/p>\n<p><b>Esimerkki:<\/b><span style=\"font-weight: 400;\"> Kasino tarjoaa 100% talletusbonuksen ilman kierr\u00e4tysvaatimuksia aina 100 euroon asti. Saat siis maksitalletuksella yhteens\u00e4 200\u20ac pelirahaa. Vaikka bonuksessa ei ole kierr\u00e4tysvaatimuksia, voi siihen liitty\u00e4 muita ehtoja.<\/span><\/p>\n<h3>100% cashback bonus<\/h3>\n<p><span style=\"font-weight: 400;\">Cashback bonus tarkoittaa, ett\u00e4 saat takaisin osan nettotappioistasi tai talletuksistasi tietylt\u00e4 ajalta, joka on yleens\u00e4 p\u00e4ivitt\u00e4in, viikoittain tai kuukausittain. T\u00e4m\u00e4 bonus auttaa pienent\u00e4m\u00e4\u00e4n tappioita ja antaa sinulle mahdollisuuden jatkaa pelaamista pidemp\u00e4\u00e4n.<\/span><\/p>\n<p><b>Esimerkki:<\/b><span style=\"font-weight: 400;\"> My Empire Casino tarjoaa jopa 15% cashback-bonuksen 3000\u20ac asti kasinolle ja 25% cashbackin 200\u20ac live-kasinolle. K\u00e4teispalautuksen suuruus riippuu VIP-tasostasi, asettuen v\u00e4lill\u00e4 5-15%.<\/span><span style=\"font-weight: 400;\">\u00a0<\/span><\/p>\n<h2>Kuinka maksimoida 100% talletusbonus<\/h2>\n<p><span style=\"font-weight: 400;\">On useita tapoja maksimoida 100% talletusbonus, ja ottaa kaikki irti talletuksesi tuplaavasta bonuksesta. Alas olemme ker\u00e4nneet Casinorin asiantuntijoiden parhaat vinkit sille, kuinka saat parhaan hy\u00f6dyn irti talletuksen tuplausbonuksista.<\/span><\/p>\n<ul>\n<li style=\"font-weight: 400;\" aria-level=\"1\"><b>Valitse bonus alhaisella kierr\u00e4tysvaatimuksella:<\/b><span style=\"font-weight: 400;\"> Mit\u00e4 v\u00e4hemm\u00e4n kertoja bonus tulee kierr\u00e4tt\u00e4\u00e4 pelaamalla, sit\u00e4 parempi se tietysti on pelaajalle. Esimerkiksi, jos l\u00f6yd\u00e4t bonuksen, jonka kierr\u00e4tysvaatimus on 20x, se on paljon helpompi saavuttaa kuin 50x kierr\u00e4tysvaatimus.<\/span><\/li>\n<li style=\"font-weight: 400;\" aria-level=\"1\"><b>Suosi bonuksia pienell\u00e4 minimitalletuksella:<\/b><span style=\"font-weight: 400;\"> Pieni minimitalletus antaa mahdollisuuden tutustua kasinoon ilman suurta riski\u00e4. N\u00e4in voit kokeilla eri kasinoita ja niiden tarjontaa pienemm\u00e4ll\u00e4 panostuksella.\u00a0<\/span><\/li>\n<li style=\"font-weight: 400;\" aria-level=\"1\"><b>Pelaa 100% kierr\u00e4tyksen ja korkean RTP:n pelej\u00e4<\/b><span style=\"font-weight: 400;\">: Kasinon talletusbonuksissa yleens\u00e4 vain kolikkopelit tarjoavat 100% kierr\u00e4tyksen. Lis\u00e4ksi kannattaa aina valita kasinopeli mahdollisimman korkealla palautusprosentila, niin saat pitk\u00e4ss\u00e4 juoksussa enemm\u00e4n voittoja.<\/span><\/li>\n<li style=\"font-weight: 400;\" aria-level=\"1\"><b>Etsi toinen kasino 100% talletusbonuksella:<\/b><span style=\"font-weight: 400;\"> Kun olet k\u00e4ytt\u00e4nyt bonuksen yhdell\u00e4 kasinolla, etsi toinen samanlaisen bonuksen tarjoava kasino. T\u00e4m\u00e4 mahdollistaa monen bonuksen hy\u00f6dynt\u00e4misen per\u00e4kk\u00e4in.\u00a0<\/span><\/li>\n<\/ul>\n<h2>Mit\u00e4 peli\u00e4 voin pelata 100% talletusbonuksella?<\/h2>\n<p><span style=\"font-weight: 400;\">100% talletusbonuksella voi pelata useita eri kasinopelej\u00e4. Yleisimpi\u00e4 pelej\u00e4 ovat <a href=\"https:\/\/casinor.com\/fi\/kolikkopelit\/\">kolikkopelit<\/a>, p\u00f6yt\u00e4pelit ja live-kasinopelit. Kolikkopelit ovat erityisen suosittuja, koska ne usein t\u00e4ytt\u00e4v\u00e4t kierr\u00e4tysvaatimukset nopeammin.<\/span><\/p>\n<p><span style=\"font-weight: 400;\">Kolikkopelit t\u00e4ytt\u00e4v\u00e4t kierr\u00e4tyksen 100% osuudella, eli koko panos lasketaan kierr\u00e4tykseen. Monilla kasinoilla on kuitenkin poikkeuslista, jossa m\u00e4\u00e4ritell\u00e4\u00e4n kierr\u00e4tykseen kelpaamattomat kolikkopelit. Poikkeuslista kannattaa tarkistaa huolella ennen bonusrahalla pelaamisen aloittamista, n\u00e4in v\u00e4ltyt ik\u00e4vilt\u00e4 yll\u00e4tyksilt\u00e4.<\/span><\/p>\n<p><span style=\"font-weight: 400;\">P\u00f6yt\u00e4pelit, videopokerit ja live-kasinopelit kierr\u00e4tt\u00e4v\u00e4t kasinolle my\u00f6nnett\u00e4vi\u00e4 talletusbonuksia usein 0\u201330% edest\u00e4. Poikkeuksen tekev\u00e4t erityisesti live-kasinopeleihin my\u00f6nnett\u00e4v\u00e4t bonukset, jotka on nimenomaisesti tarkoitettu esimerkiksi blackjackiin tai rulettiin. Kierr\u00e4tysprosentit eri peleille ja pelien tyypeille mainitaan bonusehdoissa.<\/span><\/p>\n<h2>Usein kysytyt kysymykset<\/h2>\n\t\t<div class=\"wp-faq-schema-wrap wp-faq-schema-accordion\">\n\t\t\t\t\t\t<div class=\"wp-faq-schema-items\">\n\t\t\t\t\t\t\t\t\t<h3>Mitk\u00e4 kasinot tarjoavat 100% talletusbonuksen?<\/h3>\n\t\t\t\t\t<div class=\"\">\n\t\t\t\t\t\t<p>Useat kasinot tarjoavat 100% talletusbonuksen. Olemme ker\u00e4nneet n\u00e4ille sivuilla kymmeni\u00e4 kasinoita, joilta voit l\u00f6yt\u00e4\u00e4 t\u00e4m\u00e4n suositun talletuksen tuplausbonuksen. Tutustu siis valikoimaan ja valitse sinulle paras vaihtoehto!<\/p>\n\t\t\t\t\t<\/div>\n\t\t\t\t\t\t\t\t\t<h3>Mik\u00e4 kierr\u00e4tysvaatimus 100% talletusbonuksessa on?<\/h3>\n\t\t\t\t\t<div class=\"\">\n\t\t\t\t\t\t<p>Kierr\u00e4tysvaatimus vaihtelee kasinoittain. Se voi olla esimerkiksi 20x, 30x tai 40x bonusrahan suuruus. Kierr\u00e4tysvaatimus voi koskea my\u00f6s bonusrahan ja talletuksen yhteissummaa. Suosittelemme aina tarkastamaan bonusehdot ennen talletuksen tekemist\u00e4.<\/p>\n\t\t\t\t\t<\/div>\n\t\t\t\t\t\t\t\t\t<h3>Voinko lunastaa 100% talletusbonuksen usealta kasinolta?<\/h3>\n\t\t\t\t\t<div class=\"\">\n\t\t\t\t\t\t<p>Kyll\u00e4 voit. Sinulla on mahdollisuus lunastaa n\u00e4it\u00e4 talletuksesi tuplaavia bonuksia useilta kasinoilta. Jokaisen kasinon bonusehdot ovat yksil\u00f6llisi\u00e4 ja voivat vaihdella. Olemme n\u00e4ille sivuille ker\u00e4nneet bonuksia, jotka ovat reiluja niin suuruudeltaan kuin ehdoiltaankin.<\/p>\n\t\t\t\t\t<\/div>\n\t\t\t\t\t\t\t<\/div>\n\t\t<\/div>\n\t\t\n            <\/div>\n            <\/section>\n","protected":false},"excerpt":{"rendered":"","protected":false},"author":14,"featured_media":0,"parent":17617,"menu_order":0,"comment_status":"closed","ping_status":"closed","template":"","meta":{"_acf_changed":false,"footnotes":""},"class_list":["post-17752","page","type-page","status-publish","hentry"],"acf":[],"yoast_head":"<!-- This site is optimized with the Yoast SEO plugin v26.8 - https:\/\/yoast.com\/product\/yoast-seo-wordpress\/ -->\n<title>100% talletusbonus<\/title>\n<meta name=\"description\" content=\"100% talletusbonus on suosituimpia kasinobonuksia. Olemme ker\u00e4nneet n\u00e4ille sivuille parhaat 100% talletusbonukset.\" \/>\n<meta name=\"robots\" content=\"index, follow, max-snippet:-1, max-image-preview:large, max-video-preview:-1\" \/>\n<link rel=\"canonical\" href=\"https:\/\/casinor.com\/fi\/kasinobonukset\/talletusbonukset\/100-talletusbonus\/\" \/>\n<meta property=\"og:locale\" content=\"fi_FI\" \/>\n<meta property=\"og:type\" content=\"article\" \/>\n<meta property=\"og:title\" content=\"100% talletusbonus\" \/>\n<meta property=\"og:description\" content=\"100% talletusbonus on suosituimpia kasinobonuksia. Olemme ker\u00e4nneet n\u00e4ille sivuille parhaat 100% talletusbonukset.\" \/>\n<meta property=\"og:url\" content=\"https:\/\/casinor.com\/fi\/kasinobonukset\/talletusbonukset\/100-talletusbonus\/\" \/>\n<meta property=\"og:site_name\" content=\"Casinor.com\" \/>\n<meta property=\"article:publisher\" content=\"https:\/\/www.facebook.com\/Casinorcom-1429398773853454\/\" \/>\n<meta property=\"article:modified_time\" content=\"2026-04-17T12:48:08+00:00\" \/>\n<meta name=\"twitter:card\" content=\"summary_large_image\" \/>\n<meta name=\"twitter:site\" content=\"@casinor_com\" \/>\n<script type=\"application\/ld+json\" class=\"yoast-schema-graph\">{\"@context\":\"https:\/\/schema.org\",\"@graph\":[{\"@type\":\"WebPage\",\"@id\":\"https:\/\/casinor.com\/fi\/kasinobonukset\/talletusbonukset\/100-talletusbonus\/\",\"url\":\"https:\/\/casinor.com\/fi\/kasinobonukset\/talletusbonukset\/100-talletusbonus\/\",\"name\":\"100% talletusbonus\",\"isPartOf\":{\"@id\":\"https:\/\/casinor.com\/#website\"},\"datePublished\":\"2024-06-28T13:30:43+00:00\",\"dateModified\":\"2026-04-17T12:48:08+00:00\",\"description\":\"100% talletusbonus on suosituimpia kasinobonuksia. Olemme ker\u00e4nneet n\u00e4ille sivuille parhaat 100% talletusbonukset.\",\"breadcrumb\":{\"@id\":\"https:\/\/casinor.com\/fi\/kasinobonukset\/talletusbonukset\/100-talletusbonus\/#breadcrumb\"},\"inLanguage\":\"fi\",\"potentialAction\":[{\"@type\":\"ReadAction\",\"target\":[\"https:\/\/casinor.com\/fi\/kasinobonukset\/talletusbonukset\/100-talletusbonus\/\"]}]},{\"@type\":\"BreadcrumbList\",\"@id\":\"https:\/\/casinor.com\/fi\/kasinobonukset\/talletusbonukset\/100-talletusbonus\/#breadcrumb\",\"itemListElement\":[{\"@type\":\"ListItem\",\"position\":1,\"name\":\"Etusivu\",\"item\":\"https:\/\/casinor.com\/fi\/\"},{\"@type\":\"ListItem\",\"position\":2,\"name\":\"Kasinobonukset\",\"item\":\"https:\/\/casinor.com\/fi\/kasinobonukset\/\"},{\"@type\":\"ListItem\",\"position\":3,\"name\":\"Talletusbonukset\",\"item\":\"https:\/\/casinor.com\/fi\/kasinobonukset\/talletusbonukset\/\"},{\"@type\":\"ListItem\",\"position\":4,\"name\":\"100% talletusbonus\"}]},{\"@type\":\"WebSite\",\"@id\":\"https:\/\/casinor.com\/#website\",\"url\":\"https:\/\/casinor.com\/\",\"name\":\"Casinor.com\",\"description\":\"Suomen paras palvelu kasinoarviointeihin palvelu Synonymer for palvelu substantiv hy\u00f6ty, apu porukka\",\"publisher\":{\"@id\":\"https:\/\/casinor.com\/#organization\"},\"potentialAction\":[{\"@type\":\"SearchAction\",\"target\":{\"@type\":\"EntryPoint\",\"urlTemplate\":\"https:\/\/casinor.com\/?s={search_term_string}\"},\"query-input\":{\"@type\":\"PropertyValueSpecification\",\"valueRequired\":true,\"valueName\":\"search_term_string\"}}],\"inLanguage\":\"fi\"},{\"@type\":\"Organization\",\"@id\":\"https:\/\/casinor.com\/#organization\",\"name\":\"Casinor.com\",\"url\":\"https:\/\/casinor.com\/\",\"logo\":{\"@type\":\"ImageObject\",\"inLanguage\":\"fi\",\"@id\":\"https:\/\/casinor.com\/#\/schema\/logo\/image\/\",\"url\":\"https:\/\/casinor.com\/wp-content\/uploads\/2023\/05\/logo_sweden.svg\",\"contentUrl\":\"https:\/\/casinor.com\/wp-content\/uploads\/2023\/05\/logo_sweden.svg\",\"caption\":\"Casinor.com\"},\"image\":{\"@id\":\"https:\/\/casinor.com\/#\/schema\/logo\/image\/\"},\"sameAs\":[\"https:\/\/www.facebook.com\/Casinorcom-1429398773853454\/\",\"https:\/\/x.com\/casinor_com\",\"https:\/\/no.pinterest.com\/casinor1\",\"https:\/\/www.youtube.com\/channel\/UCIaYR-rxk3WeeGSnE-9M-CQ\"]}]}<\/script>\n<!-- \/ Yoast SEO plugin. -->","yoast_head_json":{"title":"100% talletusbonus","description":"100% talletusbonus on suosituimpia kasinobonuksia. Olemme ker\u00e4nneet n\u00e4ille sivuille parhaat 100% talletusbonukset.","robots":{"index":"index","follow":"follow","max-snippet":"max-snippet:-1","max-image-preview":"max-image-preview:large","max-video-preview":"max-video-preview:-1"},"canonical":"https:\/\/casinor.com\/fi\/kasinobonukset\/talletusbonukset\/100-talletusbonus\/","og_locale":"fi_FI","og_type":"article","og_title":"100% talletusbonus","og_description":"100% talletusbonus on suosituimpia kasinobonuksia. Olemme ker\u00e4nneet n\u00e4ille sivuille parhaat 100% talletusbonukset.","og_url":"https:\/\/casinor.com\/fi\/kasinobonukset\/talletusbonukset\/100-talletusbonus\/","og_site_name":"Casinor.com","article_publisher":"https:\/\/www.facebook.com\/Casinorcom-1429398773853454\/","article_modified_time":"2026-04-17T12:48:08+00:00","twitter_card":"summary_large_image","twitter_site":"@casinor_com","schema":{"@context":"https:\/\/schema.org","@graph":[{"@type":"WebPage","@id":"https:\/\/casinor.com\/fi\/kasinobonukset\/talletusbonukset\/100-talletusbonus\/","url":"https:\/\/casinor.com\/fi\/kasinobonukset\/talletusbonukset\/100-talletusbonus\/","name":"100% talletusbonus","isPartOf":{"@id":"https:\/\/casinor.com\/#website"},"datePublished":"2024-06-28T13:30:43+00:00","dateModified":"2026-04-17T12:48:08+00:00","description":"100% talletusbonus on suosituimpia kasinobonuksia. Olemme ker\u00e4nneet n\u00e4ille sivuille parhaat 100% talletusbonukset.","breadcrumb":{"@id":"https:\/\/casinor.com\/fi\/kasinobonukset\/talletusbonukset\/100-talletusbonus\/#breadcrumb"},"inLanguage":"fi","potentialAction":[{"@type":"ReadAction","target":["https:\/\/casinor.com\/fi\/kasinobonukset\/talletusbonukset\/100-talletusbonus\/"]}]},{"@type":"BreadcrumbList","@id":"https:\/\/casinor.com\/fi\/kasinobonukset\/talletusbonukset\/100-talletusbonus\/#breadcrumb","itemListElement":[{"@type":"ListItem","position":1,"name":"Etusivu","item":"https:\/\/casinor.com\/fi\/"},{"@type":"ListItem","position":2,"name":"Kasinobonukset","item":"https:\/\/casinor.com\/fi\/kasinobonukset\/"},{"@type":"ListItem","position":3,"name":"Talletusbonukset","item":"https:\/\/casinor.com\/fi\/kasinobonukset\/talletusbonukset\/"},{"@type":"ListItem","position":4,"name":"100% talletusbonus"}]},{"@type":"WebSite","@id":"https:\/\/casinor.com\/#website","url":"https:\/\/casinor.com\/","name":"Casinor.com","description":"Suomen paras palvelu kasinoarviointeihin palvelu Synonymer for palvelu substantiv hy\u00f6ty, apu porukka","publisher":{"@id":"https:\/\/casinor.com\/#organization"},"potentialAction":[{"@type":"SearchAction","target":{"@type":"EntryPoint","urlTemplate":"https:\/\/casinor.com\/?s={search_term_string}"},"query-input":{"@type":"PropertyValueSpecification","valueRequired":true,"valueName":"search_term_string"}}],"inLanguage":"fi"},{"@type":"Organization","@id":"https:\/\/casinor.com\/#organization","name":"Casinor.com","url":"https:\/\/casinor.com\/","logo":{"@type":"ImageObject","inLanguage":"fi","@id":"https:\/\/casinor.com\/#\/schema\/logo\/image\/","url":"https:\/\/casinor.com\/wp-content\/uploads\/2023\/05\/logo_sweden.svg","contentUrl":"https:\/\/casinor.com\/wp-content\/uploads\/2023\/05\/logo_sweden.svg","caption":"Casinor.com"},"image":{"@id":"https:\/\/casinor.com\/#\/schema\/logo\/image\/"},"sameAs":["https:\/\/www.facebook.com\/Casinorcom-1429398773853454\/","https:\/\/x.com\/casinor_com","https:\/\/no.pinterest.com\/casinor1","https:\/\/www.youtube.com\/channel\/UCIaYR-rxk3WeeGSnE-9M-CQ"]}]}},"_links":{"self":[{"href":"https:\/\/casinor.com\/fi\/wp-json\/wp\/v2\/pages\/17752","targetHints":{"allow":["GET"]}}],"collection":[{"href":"https:\/\/casinor.com\/fi\/wp-json\/wp\/v2\/pages"}],"about":[{"href":"https:\/\/casinor.com\/fi\/wp-json\/wp\/v2\/types\/page"}],"author":[{"embeddable":true,"href":"https:\/\/casinor.com\/fi\/wp-json\/wp\/v2\/users\/14"}],"replies":[{"embeddable":true,"href":"https:\/\/casinor.com\/fi\/wp-json\/wp\/v2\/comments?post=17752"}],"version-history":[{"count":9,"href":"https:\/\/casinor.com\/fi\/wp-json\/wp\/v2\/pages\/17752\/revisions"}],"predecessor-version":[{"id":19932,"href":"https:\/\/casinor.com\/fi\/wp-json\/wp\/v2\/pages\/17752\/revisions\/19932"}],"up":[{"embeddable":true,"href":"https:\/\/casinor.com\/fi\/wp-json\/wp\/v2\/pages\/17617"}],"wp:attachment":[{"href":"https:\/\/casinor.com\/fi\/wp-json\/wp\/v2\/media?parent=17752"}],"curies":[{"name":"wp","href":"https:\/\/api.w.org\/{rel}","templated":true}]}}