{"id":15118,"date":"2023-11-03T11:14:05","date_gmt":"2023-11-03T10:14:05","guid":{"rendered":"https:\/\/casinor.com\/?page_id=15118"},"modified":"2026-04-17T14:45:13","modified_gmt":"2026-04-17T12:45:13","slug":"kasino-ilman-rekisteroitymista","status":"publish","type":"page","link":"https:\/\/casinor.com\/fi\/kasino-ilman-rekisteroitymista\/","title":{"rendered":"Kasino ilman rekister\u00f6itymist\u00e4"},"content":{"rendered":"\n<section id=\"hero-center-text-block_020ab6ab93f3bd37cbdcadaa1bd49c3b\" class=\"home-hero home-hero--category block-hero-center-text\">\n\t<div class=\"home-hero__container\">\n\t\t<div class=\"home-hero__wrap\">\n\t\t\t<div class=\"home-hero__content\">\n\t\t\t\t\t\t\t\t\t<h1 class=\"home-hero__title\" >Kasino ilman rekister\u00f6itymist\u00e4<\/h1>\n\t\t\t\t\t\t\t\t\t\t\t\t\t<div class=\"home-hero__text\">Nettikasinoiden maailmassa t\u00f6rm\u00e4\u00e4 monenlaisiin k\u00e4sitteisiin. Esimerkiksi nettikasinot ilman rekister\u00f6itymist\u00e4 ovat tulleet monelle tutuiksi viime vuosina. T\u00e4m\u00e4 nettikasinoiden tyyppi on yleistynyt pelaajien tarpeiden ja toiveiden pohjalta, sill\u00e4 monet arvostavat nopeaa p\u00e4\u00e4sy\u00e4 kasinopelien pariin ilman vaivalloista rekister\u00f6itymisprosessia. On aika selvitt\u00e4\u00e4, mist\u00e4 oikein on kyse!<\/div>\n\t\t\t\t\t\t\t<\/div>\n\t\t\t\t\t<\/div>\n\t<\/div>\n<\/section>\n\n\n    <section id=\"content-section-block_2c3e57e26c8f342f3ef4623edc996847\" class=\"content-section is-white is-padding block-content-section\">\n                    <div class=\"content-section__container\">\n                <h2><b>Mik\u00e4 on kasino ilman rekister\u00f6itymist\u00e4?<\/b><b><br \/>\n<\/b><b><\/b><\/h2>\n<p><b>Kuten nimest\u00e4kin voi jo p\u00e4\u00e4tell\u00e4 on kasino ilman rekister\u00f6itymist\u00e4 k\u00e4yt\u00e4nn\u00f6ss\u00e4 pelisivusto, jonne pelaajan ei tarvitse erikseen rekister\u00f6ity\u00e4 ja kirjautua sis\u00e4\u00e4n voidakseen pelata kasinopelej\u00e4<\/b><span style=\"font-weight: 400;\">. Rahapelit netiss\u00e4 ilman rekister\u00f6inti\u00e4 houkuttelevat monia, sill\u00e4 pelaaja voi n\u00e4in ollen k\u00e4ytt\u00e4\u00e4 aikansa tehokkaammin varsinaisten pelien parissa sen sijaan, ett\u00e4 sivustolla joutuisi t\u00e4yttelem\u00e4\u00e4n monimutkaisia rekister\u00f6itymislomakkeita.<\/span><span style=\"font-weight: 400;\"><br \/>\n<\/span><span style=\"font-weight: 400;\"><br \/>\n<\/span><span style=\"font-weight: 400;\">Vaikka kasino ilman rekister\u00f6itymist\u00e4 on varsin yleinen termi t\u00e4m\u00e4ntyyppisest\u00e4 kasinosta, k\u00e4ytet\u00e4\u00e4n niist\u00e4 toisinaan my\u00f6s esimerkiksi seuraavia nimityksi\u00e4:<\/span><\/p>\n<ul>\n<li><span style=\"font-weight: 400;\">Pikakasino<\/span><\/li>\n<li><span style=\"font-weight: 400;\">Pay N Play kasino<\/span><\/li>\n<li>Nettikasino ilman tili\u00e4<\/li>\n<li>Rekister\u00f6itymisvapaa kasino<\/li>\n<li>Kasino ilman rekister\u00f6inti\u00e4<\/li>\n<li>Kasino ilman kirjautumista<\/li>\n<\/ul>\n<p><span style=\"font-weight: 400;\">K\u00e4yt\u00e4nn\u00f6ss\u00e4 toimintaperiaate on n\u00e4ill\u00e4 sivustoilla kuitenkin aina sama. Pelaajan ei tarvitse kirjata sivustolle tietojaan, vaan maksun voi suorittaa nopeasti esimerkiksi verkkopankin kautta, jonka kautta hoituu samalla my\u00f6s tunnistautuminen sivustolle. Ei olekaan ihme, ett\u00e4 t\u00e4m\u00e4ntyyppisist\u00e4 kasinoista k\u00e4ytet\u00e4\u00e4n usein nimityst\u00e4 \u201cpikakasinot\u201d, sill\u00e4 sivuston tarjontaan k\u00e4siksi p\u00e4\u00e4see todella ripe\u00e4sti ja yksinkertaisesti.<\/span><span style=\"font-weight: 400;\"><br \/>\n<\/span><\/p>\n<h2><b>Pikakasinot p\u00e4hkin\u00e4nkuoressa<\/b><b><br \/>\n<\/b><\/h2>\n<p><span style=\"font-weight: 400;\">Mill\u00e4 eri tavoin rekister\u00f6itymisvaatimuksen puuttuminen sitten hy\u00f6dytt\u00e4\u00e4 pelaajaa? Itsest\u00e4\u00e4nselv\u00e4\u00e4 on se, ett\u00e4 monet pelaajat arvostavat ajans\u00e4\u00e4st\u00f6\u00e4, mutta lis\u00e4ksi on paljon sellaisia kasinosivuston k\u00e4ytt\u00e4ji\u00e4, jotka eiv\u00e4t mielell\u00e4\u00e4n sy\u00f6t\u00e4 sivustolle omia henkil\u00f6kohtaisia tietojaan. Kun kyseess\u00e4 on nettikasino ilman rekister\u00f6inti\u00e4, ei sivustolle onneksi tarvitse ilmoittaa nime\u00e4\u00e4n, osoitettaan ja puhelinnumeroaan erikseen, vaan <\/span><b>riitt\u00e4\u00e4, ett\u00e4 kasinolle tunnistatuuu esimerkiksi verkkopankkitunnuksilla<\/b><span style=\"font-weight: 400;\">.<\/span><span style=\"font-weight: 400;\"><br \/>\n<\/span><span style=\"font-weight: 400;\"><br \/>\n<\/span><b>Alla esitell\u00e4\u00e4n pikakasinoiden t\u00e4rkeimm\u00e4t pointit p\u00e4hkin\u00e4nkuoressa:<\/b><\/p>\n<h3>Ei rekister\u00f6itymislomakkeen t\u00e4ytt\u00f6\u00e4<\/h3>\n<p><span style=\"font-weight: 400;\">Viel\u00e4 joitain vuosia sitten nettikasinot edellyttiv\u00e4t uutta pelaajaa t\u00e4ytt\u00e4m\u00e4\u00e4n monisivuisen rekister\u00f6itymislomakkeen ennen kuin <a href=\"\/fi\/kasinopelit\/\">kasinopelej\u00e4<\/a> p\u00e4\u00e4si pelaamaan. Yhteystietojen t\u00e4ytt\u00e4minen, erilaiset vahvistuskoodit ja muut hankalat vaiheet voi nyt ohittaa valitsemalla pikakasinon, joka ei moisia tietoja erikseen kysele.<\/span><span style=\"font-weight: 400;\"><br \/>\n<\/span><\/p>\n<h3>Nopeat talletukset &amp; kotiutukset<\/h3>\n<p><span style=\"font-weight: 400;\">Pikakasinoiden suurimpia etuja on ehdottomasti nopea maksujen k\u00e4sittely, jonka ansiosta talletukset ja kotiutukset hoituvat todella sutjakkaasti. Tarjottavat maksutavat riippuvat nettikasinosta, mutta esimerkiksi Trustlyn tai Zimplerin kautta talletukset siirtyv\u00e4t suoraan verkkopankista ja ovat saman tien nettikasinolla k\u00e4ytett\u00e4viss\u00e4. Samaan tapaan my\u00f6s kotiutukset hoituvat ilman hitaita lis\u00e4varmennustoimenpiteit\u00e4, jolloin nostoihin menee yleens\u00e4 vain muutama minuutti.<\/span><\/p>\n<h3>Mahdollisuus anonyymiyteen<\/h3>\n<p><span style=\"font-weight: 400;\">Kun tarve rekister\u00f6itymislomakkeen t\u00e4yt\u00f6lle poistuu, ei henkil\u00f6llisyytt\u00e4\u00e4n tarvitse suoraan paljastaa kasinolle. Luonnollisesti tunnistautuminen tulee hoitaa verkkopankin kautta tai jollain muulla vastaavalla tavalla, mutta monet pelaajat arvostavat pikakasinoiden tarjoamaa yksityisyytt\u00e4.<\/span><\/p>\n<h3>Turvallisuus etusijalla<\/h3>\n<p><span style=\"font-weight: 400;\">Rekister\u00f6itymisvapaat kasinot ovat panostaneet vaivattomuuden lis\u00e4ksi my\u00f6s turvallisuuteen, joten pelaajan ei tarvitse huolehtia maksujen ja tietoturvan suhteen. Hyv\u00e4ksi havaituilla pikakasinoilla on k\u00e4yt\u00f6ss\u00e4\u00e4n laadukkaat salausmenetelm\u00e4t ja sivustolle on valittu ainoastaan luotettavia maksutapoja. N\u00e4in ollen nopea p\u00e4\u00e4sy pelien pariin ei tapahdu turvallisuuden kustannuksella.<\/span><\/p>\n            <\/div>\n            <\/section>\n\n\n\n    <section id=\"content-section-block_d6aee13629834f833f2870c224c350f4\" class=\"content-section is-white is-padding block-content-section\">\n                    <div class=\"content-section__container\">\n                <h2>Kuinka kasino ilman rekister\u00f6itymist\u00e4 toimii?<b><br \/>\n<\/b><b><\/b><\/h2>\n<p><span style=\"font-weight: 400;\">Kun nettikasino ei erikseen edellyt\u00e4 pelaajaa luomaan itselleen pelitili\u00e4, tarkoittaa se yleens\u00e4 sit\u00e4, ett\u00e4 pelaaja tunnistetaan jollain muulla tavoin. L\u00e4hes poikkeuksetta se tapahtuu pankkitunnuksilla, joten ilman suomalaisia verkkopankkitunnuksia pikakasinoa ei v\u00e4ltt\u00e4m\u00e4tt\u00e4 voi k\u00e4ytt\u00e4\u00e4. Joillain pikakasinoilla on k\u00e4yt\u00f6ss\u00e4 yksi ja ainoa maksutapa, joista aivan erityisen yleisiksi suomalaisten suosimilla sivustoilla ovat nousseet Trustly ja Zimpler. Jotkut kasinot ilman rekister\u00f6inti\u00e4 tarjoavat kuitenkin useampia maksunv\u00e4litt\u00e4ji\u00e4.<\/span><span style=\"font-weight: 400;\"><br \/>\n<\/span><span style=\"font-weight: 400;\"><br \/>\n<\/span><span style=\"font-weight: 400;\">Siin\u00e4 miss\u00e4 perinteiset <a href=\"https:\/\/casinor.com\/fi\/\">netticasinot<\/a> pyyt\u00e4v\u00e4t pelaajaa ilmoittamaan henkil\u00f6tietonsa ja joissain tapauksissa jopa toimittamaan m\u00e4\u00e4r\u00e4ttyj\u00e4 asiakirjoja henkil\u00f6llisyyden todentamiseksi, ei sellaista tarvitse rekister\u00f6itymisvapailla kasinoilla tehd\u00e4. Verkkopankkitunnistautuminen on paljon nopeampi, k\u00e4tev\u00e4mpi ja v\u00e4hint\u00e4\u00e4nkin yht\u00e4 turvallinen tapa tunnistautua pelisivustolle.<\/span><\/p>\n<p><b>Jos kasino ilman rekister\u00f6itymist\u00e4 tuntuu omalla kohdalla hyv\u00e4lt\u00e4 vaihtoehdolta, tapahtuu sinne siirtyminen seuraavia vaiheita noudattamalla:<br \/>\n<\/b><\/p>\n<ol>\n<li><span style=\"font-weight: 400;\">Siirry kasinosivustolle.<\/span><\/li>\n<li>Tarkista, ett\u00e4 kyseess\u00e4 on kasino ilman rekister\u00f6itymist\u00e4. Yleens\u00e4 se ilmoitetaan selke\u00e4sti jo etusivulla. Mik\u00e4li sivustolla mainostetaan esimerkiksi Trustly\u00e4 tai Zimpleri\u00e4, on kyseess\u00e4 silloinkin korkealla todenn\u00e4k\u00f6isyydell\u00e4 rekisteri\u00f6tymisvapaa kasino.<\/li>\n<li>Klikkaa maksunv\u00e4litt\u00e4j\u00e4n logoa ja kirjaudu sis\u00e4\u00e4n omilla verkkopankkitunnuksillasi. Nyt tilisi on vahvistettu!<\/li>\n<li>Suorita talletus ja pelaa ilman rekister\u00f6inti\u00e4!<\/li>\n<\/ol>\n<h3>Rekister\u00f6itymisvapaalla kasinolla pelaaminen jatkossa<\/h3>\n<p><span style=\"font-weight: 400;\">Vaikka pelaajalla ei varsinaisesti olekaan voimassa olevaa pelitili\u00e4 kasinolla, ei se tarkoita, etteik\u00f6 pelaamista voisi seuraavalla kerralla jatkaa siit\u00e4 mihin viimeksi on j\u00e4\u00e4nyt. Kun kyseess\u00e4 on niin sanotusti kasino ilman tili\u00e4, kirjautuminen tapahtuu aina samalla tavalla, eli verkkopankkitunnusten avulla.\u00a0<\/span><\/p>\n<p><span style=\"font-weight: 400;\">Kasino muistaa jo ensimm\u00e4isest\u00e4 kerrasta kirjautumisen, joten kaikki tiedot j\u00e4\u00e4v\u00e4t talteen sivuston muistiin. N\u00e4in kasinosivustolla vierailija, joka pelaa ilman tili\u00e4, p\u00e4\u00e4see samaan tapaan hy\u00f6dynt\u00e4m\u00e4\u00e4n esimerkiksi kanta-asiakasedut ja mahdollisen VIP-ohjelman hy\u00f6dyt kuin perinteisell\u00e4 nettikasinolla. Luonnollisesti my\u00f6s mahdollisesti pelitilille j\u00e4\u00e4nyt aiempi saldo l\u00f6ytyy hyv\u00e4st\u00e4 tallesta my\u00f6s seuraavalla kerralla.<\/span><\/p>\n<h3>Miten valita paras nettikasino ilman rekister\u00f6itymist\u00e4?<\/h3>\n<p><span style=\"font-weight: 400;\">Viime vuosina nettikasinot ilman rekister\u00f6inti\u00e4 ovat yleistyneet hurjaa vauhtia. Suomalaisille pelaajlle onkin t\u00e4t\u00e4 nyky\u00e4 tarjolla kymmeni\u00e4 varteenotettavia vaihtoehtoja pelaamiseen ilman rekister\u00f6itymist\u00e4. Eteen saattaa tulla valinnan vaikeus, mutta kannattaa muistaa, ett\u00e4 itselle sopivinta kasinosivustoa valittaessa voi silti kiinnitt\u00e4\u00e4 huomiota itselle t\u00e4rkeimpiin seikkoihin. N\u00e4it\u00e4 voivat olla esimerkiksi seuraavat:<\/span><span style=\"font-weight: 400;\"><br \/>\n<\/span><\/p>\n<ul>\n<li style=\"font-weight: 400;\" aria-level=\"1\"><b>Pelitarjonta: <\/b><span style=\"font-weight: 400;\">Mitk\u00e4 kasinopelit kiinnostavat eniten? Arvostatko enemm\u00e4n todella monipuolista pelikirjastoa, vai ennen kaikkea laajaa live-kasinotarjontaa tai kolikkopelien valikoimaa? L\u00f6ytyyk\u00f6 joukosta pelej\u00e4 omalta suosikkipelintarjoajalta? Vaikka kasino tarjoaakin pelit ilman rekister\u00f6itymist\u00e4, ei se automaattisesti tarkoita, ett\u00e4 kaikilla sivustoilla pelitarjonta olisi yht\u00e4 laadukasta.<\/span><\/li>\n<li style=\"font-weight: 400;\" aria-level=\"1\"><b>Maksutavat: <\/b><span style=\"font-weight: 400;\">L\u00f6ytyyk\u00f6 nettikasinolta oma suosikkisi maksutavaksi? Jotkut <a href=\"\/fi\/uudet-nettikasinot\/\">uudet nettikasinot<\/a> ilman rekister\u00f6itymist\u00e4 saattavat tarjota vain ja ainoastaan yhden maksutavan, joten kannattaa jo etuk\u00e4teen varmistaa, ett\u00e4 se sopii itselle.<\/span><\/li>\n<li style=\"font-weight: 400;\" aria-level=\"1\"><b>Bonustarjoukset: <\/b><span style=\"font-weight: 400;\">Monelle pelaajalle kasinon bonukset ovat todellinen kynnyskysymys. Jos haluaa saada muitakin bonuksia kuin kertaluontoisen tervetuliaisbonuksen, kannattaa nettikasinon bonussivu k\u00e4yd\u00e4 tarkistamassa huolella jo etuk\u00e4teen.<\/span><\/li>\n<li style=\"font-weight: 400;\" aria-level=\"1\"><b>Kasinon lisenssi:<\/b> Kasinolisenssin t\u00e4rkeytt\u00e4 ei kannata v\u00e4h\u00e4tell\u00e4, sill\u00e4 se kertoo sivuston turvallisuudesta, luotettavuudesta ja my\u00f6s verovapaudesta. Mik\u00e4li kasinolta l\u00f6ytyy MGA:n tai Viron lisenssi, on se suomalaisittain hyv\u00e4 uutinen mahdollisten voittojen verottomuuden kannalta.<\/li>\n<\/ul>\n<p><b>Vaikka nettikasinoita ilman rekister\u00f6itymist\u00e4 l\u00f6ytyykin nyky\u00e4\u00e4n pilvin pimein ja niit\u00e4 kaikkia yhdist\u00e4\u00e4 helppous, ei se tarkoita sit\u00e4, ett\u00e4 kaikki kasinot olisivat samalla viivalla. Suosittelemme tutustumaan kaikessa rauhassa kasinoiden eri ominaisuuksiin, jotta joukosta l\u00f6ytyisi juuri se itselle sopivin vaihtoehto!<\/b><\/p>\n            <\/div>\n            <\/section>\n","protected":false},"excerpt":{"rendered":"","protected":false},"author":14,"featured_media":0,"parent":0,"menu_order":0,"comment_status":"closed","ping_status":"closed","template":"","meta":{"_acf_changed":false,"footnotes":""},"class_list":["post-15118","page","type-page","status-publish","hentry"],"acf":[],"yoast_head":"<!-- This site is optimized with the Yoast SEO plugin v26.8 - https:\/\/yoast.com\/product\/yoast-seo-wordpress\/ -->\n<title>Kasino ilman rekister\u00f6itymist\u00e4 - Casinor.com esittelee parhaat vaihtoehdot<\/title>\n<meta name=\"description\" content=\"Yh\u00e4 useamman valinta on kasino ilman rekister\u00f6itymist\u00e4. Lue Casinorilta, mist\u00e4 on kyse ja mitk\u00e4 ovat parhaat kasinot vaivattomaan pelaamiseen!\" \/>\n<meta name=\"robots\" content=\"index, follow, max-snippet:-1, max-image-preview:large, max-video-preview:-1\" \/>\n<link rel=\"canonical\" href=\"https:\/\/casinor.com\/fi\/kasino-ilman-rekisteroitymista\/\" \/>\n<meta property=\"og:locale\" content=\"fi_FI\" \/>\n<meta property=\"og:type\" content=\"article\" \/>\n<meta property=\"og:title\" content=\"Kasino ilman rekister\u00f6itymist\u00e4 - Casinor.com esittelee parhaat vaihtoehdot\" \/>\n<meta property=\"og:description\" content=\"Yh\u00e4 useamman valinta on kasino ilman rekister\u00f6itymist\u00e4. Lue Casinorilta, mist\u00e4 on kyse ja mitk\u00e4 ovat parhaat kasinot vaivattomaan pelaamiseen!\" \/>\n<meta property=\"og:url\" content=\"https:\/\/casinor.com\/fi\/kasino-ilman-rekisteroitymista\/\" \/>\n<meta property=\"og:site_name\" content=\"Casinor.com\" \/>\n<meta property=\"article:publisher\" content=\"https:\/\/www.facebook.com\/Casinorcom-1429398773853454\/\" \/>\n<meta property=\"article:modified_time\" content=\"2026-04-17T12:45:13+00:00\" \/>\n<meta name=\"twitter:card\" content=\"summary_large_image\" \/>\n<meta name=\"twitter:site\" content=\"@casinor_com\" \/>\n<script type=\"application\/ld+json\" class=\"yoast-schema-graph\">{\"@context\":\"https:\/\/schema.org\",\"@graph\":[{\"@type\":\"WebPage\",\"@id\":\"https:\/\/casinor.com\/fi\/kasino-ilman-rekisteroitymista\/\",\"url\":\"https:\/\/casinor.com\/fi\/kasino-ilman-rekisteroitymista\/\",\"name\":\"Kasino ilman rekister\u00f6itymist\u00e4 - Casinor.com esittelee parhaat vaihtoehdot\",\"isPartOf\":{\"@id\":\"https:\/\/casinor.com\/#website\"},\"datePublished\":\"2023-11-03T10:14:05+00:00\",\"dateModified\":\"2026-04-17T12:45:13+00:00\",\"description\":\"Yh\u00e4 useamman valinta on kasino ilman rekister\u00f6itymist\u00e4. Lue Casinorilta, mist\u00e4 on kyse ja mitk\u00e4 ovat parhaat kasinot vaivattomaan pelaamiseen!\",\"breadcrumb\":{\"@id\":\"https:\/\/casinor.com\/fi\/kasino-ilman-rekisteroitymista\/#breadcrumb\"},\"inLanguage\":\"fi\",\"potentialAction\":[{\"@type\":\"ReadAction\",\"target\":[\"https:\/\/casinor.com\/fi\/kasino-ilman-rekisteroitymista\/\"]}]},{\"@type\":\"BreadcrumbList\",\"@id\":\"https:\/\/casinor.com\/fi\/kasino-ilman-rekisteroitymista\/#breadcrumb\",\"itemListElement\":[{\"@type\":\"ListItem\",\"position\":1,\"name\":\"Etusivu\",\"item\":\"https:\/\/casinor.com\/fi\/\"},{\"@type\":\"ListItem\",\"position\":2,\"name\":\"Kasino ilman rekister\u00f6itymist\u00e4\"}]},{\"@type\":\"WebSite\",\"@id\":\"https:\/\/casinor.com\/#website\",\"url\":\"https:\/\/casinor.com\/\",\"name\":\"Casinor.com\",\"description\":\"Suomen paras palvelu kasinoarviointeihin palvelu Synonymer for palvelu substantiv hy\u00f6ty, apu porukka\",\"publisher\":{\"@id\":\"https:\/\/casinor.com\/#organization\"},\"potentialAction\":[{\"@type\":\"SearchAction\",\"target\":{\"@type\":\"EntryPoint\",\"urlTemplate\":\"https:\/\/casinor.com\/?s={search_term_string}\"},\"query-input\":{\"@type\":\"PropertyValueSpecification\",\"valueRequired\":true,\"valueName\":\"search_term_string\"}}],\"inLanguage\":\"fi\"},{\"@type\":\"Organization\",\"@id\":\"https:\/\/casinor.com\/#organization\",\"name\":\"Casinor.com\",\"url\":\"https:\/\/casinor.com\/\",\"logo\":{\"@type\":\"ImageObject\",\"inLanguage\":\"fi\",\"@id\":\"https:\/\/casinor.com\/#\/schema\/logo\/image\/\",\"url\":\"https:\/\/casinor.com\/wp-content\/uploads\/2023\/05\/logo_sweden.svg\",\"contentUrl\":\"https:\/\/casinor.com\/wp-content\/uploads\/2023\/05\/logo_sweden.svg\",\"caption\":\"Casinor.com\"},\"image\":{\"@id\":\"https:\/\/casinor.com\/#\/schema\/logo\/image\/\"},\"sameAs\":[\"https:\/\/www.facebook.com\/Casinorcom-1429398773853454\/\",\"https:\/\/x.com\/casinor_com\",\"https:\/\/no.pinterest.com\/casinor1\",\"https:\/\/www.youtube.com\/channel\/UCIaYR-rxk3WeeGSnE-9M-CQ\"]}]}<\/script>\n<!-- \/ Yoast SEO plugin. -->","yoast_head_json":{"title":"Kasino ilman rekister\u00f6itymist\u00e4 - Casinor.com esittelee parhaat vaihtoehdot","description":"Yh\u00e4 useamman valinta on kasino ilman rekister\u00f6itymist\u00e4. Lue Casinorilta, mist\u00e4 on kyse ja mitk\u00e4 ovat parhaat kasinot vaivattomaan pelaamiseen!","robots":{"index":"index","follow":"follow","max-snippet":"max-snippet:-1","max-image-preview":"max-image-preview:large","max-video-preview":"max-video-preview:-1"},"canonical":"https:\/\/casinor.com\/fi\/kasino-ilman-rekisteroitymista\/","og_locale":"fi_FI","og_type":"article","og_title":"Kasino ilman rekister\u00f6itymist\u00e4 - Casinor.com esittelee parhaat vaihtoehdot","og_description":"Yh\u00e4 useamman valinta on kasino ilman rekister\u00f6itymist\u00e4. Lue Casinorilta, mist\u00e4 on kyse ja mitk\u00e4 ovat parhaat kasinot vaivattomaan pelaamiseen!","og_url":"https:\/\/casinor.com\/fi\/kasino-ilman-rekisteroitymista\/","og_site_name":"Casinor.com","article_publisher":"https:\/\/www.facebook.com\/Casinorcom-1429398773853454\/","article_modified_time":"2026-04-17T12:45:13+00:00","twitter_card":"summary_large_image","twitter_site":"@casinor_com","schema":{"@context":"https:\/\/schema.org","@graph":[{"@type":"WebPage","@id":"https:\/\/casinor.com\/fi\/kasino-ilman-rekisteroitymista\/","url":"https:\/\/casinor.com\/fi\/kasino-ilman-rekisteroitymista\/","name":"Kasino ilman rekister\u00f6itymist\u00e4 - Casinor.com esittelee parhaat vaihtoehdot","isPartOf":{"@id":"https:\/\/casinor.com\/#website"},"datePublished":"2023-11-03T10:14:05+00:00","dateModified":"2026-04-17T12:45:13+00:00","description":"Yh\u00e4 useamman valinta on kasino ilman rekister\u00f6itymist\u00e4. Lue Casinorilta, mist\u00e4 on kyse ja mitk\u00e4 ovat parhaat kasinot vaivattomaan pelaamiseen!","breadcrumb":{"@id":"https:\/\/casinor.com\/fi\/kasino-ilman-rekisteroitymista\/#breadcrumb"},"inLanguage":"fi","potentialAction":[{"@type":"ReadAction","target":["https:\/\/casinor.com\/fi\/kasino-ilman-rekisteroitymista\/"]}]},{"@type":"BreadcrumbList","@id":"https:\/\/casinor.com\/fi\/kasino-ilman-rekisteroitymista\/#breadcrumb","itemListElement":[{"@type":"ListItem","position":1,"name":"Etusivu","item":"https:\/\/casinor.com\/fi\/"},{"@type":"ListItem","position":2,"name":"Kasino ilman rekister\u00f6itymist\u00e4"}]},{"@type":"WebSite","@id":"https:\/\/casinor.com\/#website","url":"https:\/\/casinor.com\/","name":"Casinor.com","description":"Suomen paras palvelu kasinoarviointeihin palvelu Synonymer for palvelu substantiv hy\u00f6ty, apu porukka","publisher":{"@id":"https:\/\/casinor.com\/#organization"},"potentialAction":[{"@type":"SearchAction","target":{"@type":"EntryPoint","urlTemplate":"https:\/\/casinor.com\/?s={search_term_string}"},"query-input":{"@type":"PropertyValueSpecification","valueRequired":true,"valueName":"search_term_string"}}],"inLanguage":"fi"},{"@type":"Organization","@id":"https:\/\/casinor.com\/#organization","name":"Casinor.com","url":"https:\/\/casinor.com\/","logo":{"@type":"ImageObject","inLanguage":"fi","@id":"https:\/\/casinor.com\/#\/schema\/logo\/image\/","url":"https:\/\/casinor.com\/wp-content\/uploads\/2023\/05\/logo_sweden.svg","contentUrl":"https:\/\/casinor.com\/wp-content\/uploads\/2023\/05\/logo_sweden.svg","caption":"Casinor.com"},"image":{"@id":"https:\/\/casinor.com\/#\/schema\/logo\/image\/"},"sameAs":["https:\/\/www.facebook.com\/Casinorcom-1429398773853454\/","https:\/\/x.com\/casinor_com","https:\/\/no.pinterest.com\/casinor1","https:\/\/www.youtube.com\/channel\/UCIaYR-rxk3WeeGSnE-9M-CQ"]}]}},"_links":{"self":[{"href":"https:\/\/casinor.com\/fi\/wp-json\/wp\/v2\/pages\/15118","targetHints":{"allow":["GET"]}}],"collection":[{"href":"https:\/\/casinor.com\/fi\/wp-json\/wp\/v2\/pages"}],"about":[{"href":"https:\/\/casinor.com\/fi\/wp-json\/wp\/v2\/types\/page"}],"author":[{"embeddable":true,"href":"https:\/\/casinor.com\/fi\/wp-json\/wp\/v2\/users\/14"}],"replies":[{"embeddable":true,"href":"https:\/\/casinor.com\/fi\/wp-json\/wp\/v2\/comments?post=15118"}],"version-history":[{"count":29,"href":"https:\/\/casinor.com\/fi\/wp-json\/wp\/v2\/pages\/15118\/revisions"}],"predecessor-version":[{"id":19925,"href":"https:\/\/casinor.com\/fi\/wp-json\/wp\/v2\/pages\/15118\/revisions\/19925"}],"wp:attachment":[{"href":"https:\/\/casinor.com\/fi\/wp-json\/wp\/v2\/media?parent=15118"}],"curies":[{"name":"wp","href":"https:\/\/api.w.org\/{rel}","templated":true}]}}