{"id":11697,"date":"2023-05-18T12:40:34","date_gmt":"2023-05-18T13:40:34","guid":{"rendered":"https:\/\/casinor.com\/?page_id=11697"},"modified":"2025-12-04T14:59:56","modified_gmt":"2025-12-04T13:59:56","slug":"cookies","status":"publish","type":"page","link":"https:\/\/casinor.com\/fi\/cookies\/","title":{"rendered":"Cookies"},"content":{"rendered":"\n<section id=\"hero-center-text-block_ccc1c6534626ba0af6b80969bd33cb42\" class=\"home-hero home-hero--category block-hero-center-text\">\n\t<div class=\"home-hero__container\">\n\t\t<div class=\"home-hero__wrap\">\n\t\t\t<div class=\"home-hero__content\">\n\t\t\t\t\t\t\t\t\t<h1 class=\"home-hero__title\" >Ev\u00e4stek\u00e4yt\u00e4nt\u00f6<\/h1>\n\t\t\t\t\t\t\t\t\t\t\t<\/div>\n\t\t\t\t\t<\/div>\n\t<\/div>\n<\/section>\n\n\n    <section id=\"content-section-block_6fec8c7de920e7cfbc9da70c5d699e86\" class=\"content-section is-white  block-content-section\">\n                    <div class=\"content-section__container\">\n                <div class=\"section title-section\">\n<div class=\"container\">\n<h2>Ev\u00e4steiden k\u00e4sittely<\/h2>\n<\/div>\n<\/div>\n<div class=\"container\">\n<div class=\"row\">\n<div class=\"col-lg-12\">\n<div>Ev\u00e4steet ovat er\u00e4\u00e4nlaisia tekstitiedostoja, jotka tallentuvat paikallisesti tietokoneellesi. Monet verkkosivut k\u00e4ytt\u00e4v\u00e4t ev\u00e4steit\u00e4 parantaakseen sivustolla k\u00e4vij\u00f6iden kokemusta ja sivuston toimintoja. Ev\u00e4steit\u00e4 k\u00e4ytet\u00e4\u00e4n esimerkiksi tietojen ja tilastojen ker\u00e4\u00e4miseksi verkkosivuilta, sill\u00e4 niist\u00e4 k\u00e4y ilmi kaikki, mit\u00e4 olet netiss\u00e4 tehnyt, mit\u00e4 olet katsellut ja miss\u00e4 olet k\u00e4ynyt. Casinor k\u00e4ytt\u00e4\u00e4 ev\u00e4steit\u00e4, jotta sin\u00e4 k\u00e4ytt\u00e4j\u00e4n\u00e4 saisit sivustolla parempia kokemuksia. N\u00e4in sivu latautuu nopeammin ja saat siten nopeamman p\u00e4\u00e4syn palveluidemme pariin. Voidaankin siis sanoa, ett\u00e4 k\u00e4yt\u00e4mme ev\u00e4steit\u00e4 puhtaasti sinun parastasi ajatellen.<\/div>\n<p><em>*Jos et halua sallia ev\u00e4steiden tallentamista tietokoneelle, voit sulkea toiminnon verkkoselaimesi asetuksista. Jos suljet toiminnon, saattavat monet verkkosivut lakata toimimasta kunnolla. Jos haluat poistaa kaikki jo tallennetut ev\u00e4steet tietokoneeltasi, voit tehd\u00e4 sen poistamalla\u00a0<strong>verkkohistoriasi<\/strong>.\u00a0\u00a0<\/em><\/p>\n<h2>Casinor ja ev\u00e4steet<\/h2>\n<p>Casinor k\u00e4ytt\u00e4\u00e4 ev\u00e4steit\u00e4 ker\u00e4t\u00e4kseen tietoja sivustolla k\u00e4vij\u00f6ist\u00e4. Tilastoihin tallennetaan muun muassa seuraavia tietoja:<\/p>\n<ul>\n<li>Milt\u00e4 sivustoilta k\u00e4vij\u00e4t saapuvat, esim. Google, Bing, Facebook, muut sivustot, jne.<\/li>\n<li>Mit\u00e4 k\u00e4vij\u00e4t tekev\u00e4t Casinor.com -sivustolla, mill\u00e4 sivuilla he k\u00e4yv\u00e4t, kuinka kauan he viett\u00e4v\u00e4t sivuilla, jne.<\/li>\n<li>Mit\u00e4 laitteita k\u00e4ytet\u00e4\u00e4n ja mik\u00e4 k\u00e4ytt\u00f6j\u00e4rjestelm\u00e4 k\u00e4vij\u00f6ill\u00e4 on k\u00e4yt\u00f6ss\u00e4\u00e4n, esim. mobiililaite, tietokone, Android, iOS, Windows, jne.<\/li>\n<\/ul>\n<p class=\"nitro-offscreen\">Tietoja k\u00e4ytet\u00e4\u00e4n ainoastaan siksi, ett\u00e4 Casinor voisi parantaa verkkosivustoaan ja k\u00e4vij\u00f6iden kokemusta sivustosta.<\/p>\n<p class=\"nitro-offscreen\"><strong>Kaikki ev\u00e4steisiin tallentuvat tiedot ovat t\u00e4ysin anonyymej\u00e4.\u00a0<\/strong><\/p>\n<\/div>\n<\/div>\n<\/div>\n            <\/div>\n            <\/section>\n","protected":false},"excerpt":{"rendered":"","protected":false},"author":14,"featured_media":0,"parent":0,"menu_order":0,"comment_status":"closed","ping_status":"closed","template":"","meta":{"_acf_changed":false,"footnotes":""},"class_list":["post-11697","page","type-page","status-publish","hentry"],"acf":[],"yoast_head":"<!-- This site is optimized with the Yoast SEO plugin v26.8 - https:\/\/yoast.com\/product\/yoast-seo-wordpress\/ -->\n<title>Cookies - Casinor.com<\/title>\n<meta name=\"robots\" content=\"index, follow, max-snippet:-1, max-image-preview:large, max-video-preview:-1\" \/>\n<link rel=\"canonical\" href=\"https:\/\/casinor.com\/fi\/cookies\/\" \/>\n<meta property=\"og:locale\" content=\"fi_FI\" \/>\n<meta property=\"og:type\" content=\"article\" \/>\n<meta property=\"og:title\" content=\"Cookies - Casinor.com\" \/>\n<meta property=\"og:url\" content=\"https:\/\/casinor.com\/fi\/cookies\/\" \/>\n<meta property=\"og:site_name\" content=\"Casinor.com\" \/>\n<meta property=\"article:publisher\" content=\"https:\/\/www.facebook.com\/Casinorcom-1429398773853454\/\" \/>\n<meta property=\"article:modified_time\" content=\"2025-12-04T13:59:56+00:00\" \/>\n<meta name=\"twitter:card\" content=\"summary_large_image\" \/>\n<meta name=\"twitter:site\" content=\"@casinor_com\" \/>\n<script type=\"application\/ld+json\" class=\"yoast-schema-graph\">{\"@context\":\"https:\/\/schema.org\",\"@graph\":[{\"@type\":\"WebPage\",\"@id\":\"https:\/\/casinor.com\/fi\/cookies\/\",\"url\":\"https:\/\/casinor.com\/fi\/cookies\/\",\"name\":\"Cookies - Casinor.com\",\"isPartOf\":{\"@id\":\"https:\/\/casinor.com\/#website\"},\"datePublished\":\"2023-05-18T13:40:34+00:00\",\"dateModified\":\"2025-12-04T13:59:56+00:00\",\"breadcrumb\":{\"@id\":\"https:\/\/casinor.com\/fi\/cookies\/#breadcrumb\"},\"inLanguage\":\"fi\",\"potentialAction\":[{\"@type\":\"ReadAction\",\"target\":[\"https:\/\/casinor.com\/fi\/cookies\/\"]}]},{\"@type\":\"BreadcrumbList\",\"@id\":\"https:\/\/casinor.com\/fi\/cookies\/#breadcrumb\",\"itemListElement\":[{\"@type\":\"ListItem\",\"position\":1,\"name\":\"Etusivu\",\"item\":\"https:\/\/casinor.com\/fi\/\"},{\"@type\":\"ListItem\",\"position\":2,\"name\":\"Cookies\"}]},{\"@type\":\"WebSite\",\"@id\":\"https:\/\/casinor.com\/#website\",\"url\":\"https:\/\/casinor.com\/\",\"name\":\"Casinor.com\",\"description\":\"Suomen paras palvelu kasinoarviointeihin palvelu Synonymer for palvelu substantiv hy\u00f6ty, apu porukka\",\"publisher\":{\"@id\":\"https:\/\/casinor.com\/#organization\"},\"potentialAction\":[{\"@type\":\"SearchAction\",\"target\":{\"@type\":\"EntryPoint\",\"urlTemplate\":\"https:\/\/casinor.com\/?s={search_term_string}\"},\"query-input\":{\"@type\":\"PropertyValueSpecification\",\"valueRequired\":true,\"valueName\":\"search_term_string\"}}],\"inLanguage\":\"fi\"},{\"@type\":\"Organization\",\"@id\":\"https:\/\/casinor.com\/#organization\",\"name\":\"Casinor.com\",\"url\":\"https:\/\/casinor.com\/\",\"logo\":{\"@type\":\"ImageObject\",\"inLanguage\":\"fi\",\"@id\":\"https:\/\/casinor.com\/#\/schema\/logo\/image\/\",\"url\":\"https:\/\/casinor.com\/wp-content\/uploads\/2023\/05\/logo_sweden.svg\",\"contentUrl\":\"https:\/\/casinor.com\/wp-content\/uploads\/2023\/05\/logo_sweden.svg\",\"caption\":\"Casinor.com\"},\"image\":{\"@id\":\"https:\/\/casinor.com\/#\/schema\/logo\/image\/\"},\"sameAs\":[\"https:\/\/www.facebook.com\/Casinorcom-1429398773853454\/\",\"https:\/\/x.com\/casinor_com\",\"https:\/\/no.pinterest.com\/casinor1\",\"https:\/\/www.youtube.com\/channel\/UCIaYR-rxk3WeeGSnE-9M-CQ\"]}]}<\/script>\n<!-- \/ Yoast SEO plugin. -->","yoast_head_json":{"title":"Cookies - Casinor.com","robots":{"index":"index","follow":"follow","max-snippet":"max-snippet:-1","max-image-preview":"max-image-preview:large","max-video-preview":"max-video-preview:-1"},"canonical":"https:\/\/casinor.com\/fi\/cookies\/","og_locale":"fi_FI","og_type":"article","og_title":"Cookies - Casinor.com","og_url":"https:\/\/casinor.com\/fi\/cookies\/","og_site_name":"Casinor.com","article_publisher":"https:\/\/www.facebook.com\/Casinorcom-1429398773853454\/","article_modified_time":"2025-12-04T13:59:56+00:00","twitter_card":"summary_large_image","twitter_site":"@casinor_com","schema":{"@context":"https:\/\/schema.org","@graph":[{"@type":"WebPage","@id":"https:\/\/casinor.com\/fi\/cookies\/","url":"https:\/\/casinor.com\/fi\/cookies\/","name":"Cookies - Casinor.com","isPartOf":{"@id":"https:\/\/casinor.com\/#website"},"datePublished":"2023-05-18T13:40:34+00:00","dateModified":"2025-12-04T13:59:56+00:00","breadcrumb":{"@id":"https:\/\/casinor.com\/fi\/cookies\/#breadcrumb"},"inLanguage":"fi","potentialAction":[{"@type":"ReadAction","target":["https:\/\/casinor.com\/fi\/cookies\/"]}]},{"@type":"BreadcrumbList","@id":"https:\/\/casinor.com\/fi\/cookies\/#breadcrumb","itemListElement":[{"@type":"ListItem","position":1,"name":"Etusivu","item":"https:\/\/casinor.com\/fi\/"},{"@type":"ListItem","position":2,"name":"Cookies"}]},{"@type":"WebSite","@id":"https:\/\/casinor.com\/#website","url":"https:\/\/casinor.com\/","name":"Casinor.com","description":"Suomen paras palvelu kasinoarviointeihin palvelu Synonymer for palvelu substantiv hy\u00f6ty, apu porukka","publisher":{"@id":"https:\/\/casinor.com\/#organization"},"potentialAction":[{"@type":"SearchAction","target":{"@type":"EntryPoint","urlTemplate":"https:\/\/casinor.com\/?s={search_term_string}"},"query-input":{"@type":"PropertyValueSpecification","valueRequired":true,"valueName":"search_term_string"}}],"inLanguage":"fi"},{"@type":"Organization","@id":"https:\/\/casinor.com\/#organization","name":"Casinor.com","url":"https:\/\/casinor.com\/","logo":{"@type":"ImageObject","inLanguage":"fi","@id":"https:\/\/casinor.com\/#\/schema\/logo\/image\/","url":"https:\/\/casinor.com\/wp-content\/uploads\/2023\/05\/logo_sweden.svg","contentUrl":"https:\/\/casinor.com\/wp-content\/uploads\/2023\/05\/logo_sweden.svg","caption":"Casinor.com"},"image":{"@id":"https:\/\/casinor.com\/#\/schema\/logo\/image\/"},"sameAs":["https:\/\/www.facebook.com\/Casinorcom-1429398773853454\/","https:\/\/x.com\/casinor_com","https:\/\/no.pinterest.com\/casinor1","https:\/\/www.youtube.com\/channel\/UCIaYR-rxk3WeeGSnE-9M-CQ"]}]}},"_links":{"self":[{"href":"https:\/\/casinor.com\/fi\/wp-json\/wp\/v2\/pages\/11697","targetHints":{"allow":["GET"]}}],"collection":[{"href":"https:\/\/casinor.com\/fi\/wp-json\/wp\/v2\/pages"}],"about":[{"href":"https:\/\/casinor.com\/fi\/wp-json\/wp\/v2\/types\/page"}],"author":[{"embeddable":true,"href":"https:\/\/casinor.com\/fi\/wp-json\/wp\/v2\/users\/14"}],"replies":[{"embeddable":true,"href":"https:\/\/casinor.com\/fi\/wp-json\/wp\/v2\/comments?post=11697"}],"version-history":[{"count":8,"href":"https:\/\/casinor.com\/fi\/wp-json\/wp\/v2\/pages\/11697\/revisions"}],"predecessor-version":[{"id":19754,"href":"https:\/\/casinor.com\/fi\/wp-json\/wp\/v2\/pages\/11697\/revisions\/19754"}],"wp:attachment":[{"href":"https:\/\/casinor.com\/fi\/wp-json\/wp\/v2\/media?parent=11697"}],"curies":[{"name":"wp","href":"https:\/\/api.w.org\/{rel}","templated":true}]}}