{"id":19516,"date":"2025-07-22T13:19:25","date_gmt":"2025-07-22T11:19:25","guid":{"rendered":"https:\/\/casinor.com\/?page_id=19516"},"modified":"2025-07-22T13:19:25","modified_gmt":"2025-07-22T11:19:25","slug":"online-casino-ohne-lugas","status":"publish","type":"page","link":"https:\/\/casinor.com\/de\/online-casino-ohne-lugas\/","title":{"rendered":"Online Casinos ohne LUGAS"},"content":{"rendered":"\n<section id=\"hero-center-text-block_ead83042c8903207974fc8debdb6ebb8\" class=\"home-hero home-hero--category block-hero-center-text\">\n\t<div class=\"home-hero__container\">\n\t\t<div class=\"home-hero__wrap\">\n\t\t\t<div class=\"home-hero__content\">\n\t\t\t\t\t\t\t\t\t<h1 class=\"home-hero__title\" >Online Casinos ohne LUGAS<\/h1>\n\t\t\t\t\t\t\t\t\t\t\t\t\t<div class=\"home-hero__text\">Online Casinos ohne LUGAS bieten deutschen Spielern das Spielen ohne Limits oder Pausen. In diesem Artikel stellen wir dir die 10 besten Casinos ohne LUGAS vor.<\/div>\n\t\t\t\t\t\t\t<\/div>\n\t\t\t\t\t<\/div>\n\t<\/div>\n<\/section>\n\n\r\n\r\n    \r\n    <section id=\"competitors-table-block_fd1b2cebea2555f1702700ccb544accf\" class=\"competitors-table   block-competitors-table is-top-padding is-bottom-padding is-grey\">\r\n        <div class=\"competitors-table__container\">\r\n            <div class=\"competitors-table__wrapper\">\r\n                <div class=\"competitors-table__inner\">\r\n                                            <div class=\"competitors-table__item\">\r\n                            <div class=\"competitors-table__item-img\">\r\n                                                                <a class=\"competitors-table__img-link no-external-link\" target=\"_blank\" rel=\"nofollow noopener\"\r\n                                   href=\"https:\/\/casinor.com\/de\/go\/beste-casinos\">\r\n                                                                                                                <img loading=\"lazy\" decoding=\"async\" width=\"160\" height=\"160\" src=\"https:\/\/casinor.com\/wp-content\/uploads\/2024\/11\/beste-casinos.png\" class=\"competitors-table__img\" alt=\"Beste Casinos\" \/>                                                                                                        <\/a>\r\n                                                        <\/div>\r\n                            <div class=\"competitors-table__item-ttl\">\r\n                                                                    <div class=\"competitors-table__item-ttl-inner\">Beste Online Casinos ohne LUGAS<\/div>\r\n                                                            <\/div>\r\n\t\t\t\t\t\t\t                            <div class=\"competitors-table__item-cta\">\r\n                                <div class=\"competitors-table__item-cta-inner\">\r\n                                                                            <a href=\"https:\/\/casinor.com\/de\/go\/beste-casinos\" target=\"_blank\"\r\n                                           rel=\"nofollow noopener\"\r\n                                           class=\"btn-base button-green no-external-link\">Zur Seite                                        <\/a>\r\n                                                                    <\/div>\r\n                            <\/div>\r\n                        <\/div>\r\n                                    <\/div>\r\n            <\/div>\r\n        <\/div>\r\n    <\/section>\r\n\n\n\n    <section id=\"content-section-block_8f32b94a81819e17d81e9ac1e6903a0b\" class=\"content-section is-white  block-content-section\">\n                    <div class=\"content-section__container\">\n                <h2>10 Beste Online Casinos ohne LUGAS<\/h2>\n<p><span style=\"font-weight: 400;\">Im Folgenden zeigen wir dir die besten Online Casinos ohne LUGAS im direkten Vergleich. Alle bieten starke Boni, faire Bedingungen und sind nicht an deutsche Einschr\u00e4nkungen gebunden.<\/span><\/p>\n<table>\n<tbody>\n<tr>\n<td><b>Casino<\/b><\/td>\n<td><b>Bonus<\/b><\/td>\n<td><b>Umsatzbedingungen<\/b><\/td>\n<td><b>Min. Einzahlung<\/b><\/td>\n<td><b>Spiele<\/b><\/td>\n<td><b>Lizenz<\/b><\/td>\n<\/tr>\n<tr>\n<td><span style=\"font-weight: 400;\">Gransino<\/span><\/td>\n<td><span style=\"font-weight: 400;\">150% bis zu 750 \u20ac + 200 FS<\/span><\/td>\n<td><span style=\"font-weight: 400;\">15x<\/span><\/td>\n<td><span style=\"font-weight: 400;\">20 \u20ac<\/span><\/td>\n<td><span style=\"font-weight: 400;\">3000+<\/span><\/td>\n<td><span style=\"font-weight: 400;\">Cura\u00e7ao<\/span><\/td>\n<\/tr>\n<tr>\n<td><span style=\"font-weight: 400;\">Cashed<\/span><\/td>\n<td><span style=\"font-weight: 400;\">100% bis zu 500 \u20ac + 200 FS<\/span><\/td>\n<td><span style=\"font-weight: 400;\">35x<\/span><\/td>\n<td><span style=\"font-weight: 400;\">20 \u20ac<\/span><\/td>\n<td><span style=\"font-weight: 400;\">1200<\/span><\/td>\n<td><span style=\"font-weight: 400;\">Philippinen<\/span><\/td>\n<\/tr>\n<tr>\n<td><span style=\"font-weight: 400;\">Kingmaker<\/span><\/td>\n<td><span style=\"font-weight: 400;\">100% bis zu 500 \u20ac + 25 FS<\/span><\/td>\n<td><span style=\"font-weight: 400;\">50x<\/span><\/td>\n<td><span style=\"font-weight: 400;\">20 \u20ac<\/span><\/td>\n<td><span style=\"font-weight: 400;\">1000+<\/span><\/td>\n<td><span style=\"font-weight: 400;\">Cura\u00e7ao<\/span><\/td>\n<\/tr>\n<tr>\n<td><span style=\"font-weight: 400;\">Vegasino<\/span><\/td>\n<td><span style=\"font-weight: 400;\">100% bis zu 500\u20ac + 200 FS<\/span><\/td>\n<td><span style=\"font-weight: 400;\">40x<\/span><\/td>\n<td><span style=\"font-weight: 400;\">10 \u20ac<\/span><\/td>\n<td><span style=\"font-weight: 400;\">2500<\/span><\/td>\n<td><span style=\"font-weight: 400;\">Curacao<\/span><\/td>\n<\/tr>\n<tr>\n<td><span style=\"font-weight: 400;\">Kinbet<\/span><\/td>\n<td><span style=\"font-weight: 400;\">250% bis zu 3000\u20ac + 350 FS<\/span><\/td>\n<td><span style=\"font-weight: 400;\">35x<\/span><\/td>\n<td><span style=\"font-weight: 400;\">20 \u20ac<\/span><\/td>\n<td><span style=\"font-weight: 400;\">7500<\/span><\/td>\n<td><span style=\"font-weight: 400;\">Curacao<\/span><\/td>\n<\/tr>\n<tr>\n<td><span style=\"font-weight: 400;\">Spinmama<\/span><\/td>\n<td><span style=\"font-weight: 400;\">255% bis zu 450 \u20ac + 250 FS<\/span><\/td>\n<td><span style=\"font-weight: 400;\">35x<\/span><\/td>\n<td><span style=\"font-weight: 400;\">10 \u20ac<\/span><\/td>\n<td><span style=\"font-weight: 400;\">2000+<\/span><\/td>\n<td><span style=\"font-weight: 400;\">Anjouan\u00a0<\/span><\/td>\n<\/tr>\n<tr>\n<td><span style=\"font-weight: 400;\">Lunubet<\/span><\/td>\n<td><span style=\"font-weight: 400;\">100% bis zu 1000 \u20ac + 200 FS<\/span><\/td>\n<td><span style=\"font-weight: 400;\">35x<\/span><\/td>\n<td><span style=\"font-weight: 400;\">20 \u20ac<\/span><\/td>\n<td><span style=\"font-weight: 400;\">1200<\/span><\/td>\n<td><span style=\"font-weight: 400;\">Curacao<\/span><\/td>\n<\/tr>\n<tr>\n<td><span style=\"font-weight: 400;\">Winmega<\/span><\/td>\n<td><span style=\"font-weight: 400;\">100% bis zu 1000 \u20ac + 150 FS<\/span><\/td>\n<td><span style=\"font-weight: 400;\">35x<\/span><\/td>\n<td><span style=\"font-weight: 400;\">20 \u20ac<\/span><\/td>\n<td><span style=\"font-weight: 400;\">1000+<\/span><\/td>\n<td><span style=\"font-weight: 400;\">Anjouan\u00a0<\/span><\/td>\n<\/tr>\n<tr>\n<td><span style=\"font-weight: 400;\">Goldspin<\/span><\/td>\n<td><span style=\"font-weight: 400;\">100% bis zu \u20ac1500 + 100 FS<\/span><\/td>\n<td><span style=\"font-weight: 400;\">35x<\/span><\/td>\n<td><span style=\"font-weight: 400;\">10 \u20ac<\/span><\/td>\n<td><span style=\"font-weight: 400;\">7500+<\/span><\/td>\n<td><span style=\"font-weight: 400;\">Zypern<\/span><\/td>\n<\/tr>\n<tr>\n<td><span style=\"font-weight: 400;\">BDMbet<\/span><\/td>\n<td><span style=\"font-weight: 400;\">255% bis zu 450\u20ac + 250 FS<\/span><\/td>\n<td><span style=\"font-weight: 400;\">35x<\/span><\/td>\n<td><span style=\"font-weight: 400;\">20 \u20ac<\/span><\/td>\n<td><span style=\"font-weight: 400;\">1000+<\/span><\/td>\n<td><span style=\"font-weight: 400;\">Curacao<\/span><\/td>\n<\/tr>\n<\/tbody>\n<\/table>\n<h2>Was ist ein Casino ohne LUGAS?<\/h2>\n<p><span style=\"font-weight: 400;\">Ein Casino ohne LUGAS ist ein Anbieter, der nicht an das Kontrollsystem LUGAS angeschlossen ist. In diesen Casinos kanst du daher ohne Einschr\u00e4nkungen und Limits spielen.<\/span><\/p>\n<p><span style=\"font-weight: 400;\">LUGAS \u2013 das steht f\u00fcr \u201el\u00e4nder\u00fcbergreifendes Gl\u00fccksspielaufsichtssystem\u201c. Dieses System soll sicherstellen, dass Spieler in deutschen Online-Casinos gewissen Regeln folgen. Zum Beispiel maximal 1000\u202f\u20ac im Monat einzahlen oder nicht bei mehreren Casinos gleichzeitig aktiv sein.<\/span><\/p>\n<p><span style=\"font-weight: 400;\">Diese Einschr\u00e4nkungen gelten in Casinos ohne LUGAS nicht, da sie im Ausland in L\u00e4ndern wie Malta oder Cura\u00e7ao lizenziert sind.<\/span><\/p>\n<h2>So spielst du in einem Online Casino ohne LUGAS<\/h2>\n<p><span style=\"font-weight: 400;\">Die Anmeldung in einem Casino ohne LUGAS dauert meist nur wenige Minuten. So funktioniert\u2019s Schritt f\u00fcr Schritt.<\/span><\/p>\n<ol>\n<li style=\"font-weight: 400;\" aria-level=\"1\"><b>W\u00e4hle ein passendes Casino.<\/b><span style=\"font-weight: 400;\"> W\u00e4hle am besten einen Anbieter aus unserer Liste. Achte auf <a href=\"https:\/\/casinor.com\/de\/online-casino-bonus\/\">Casino Bonus<\/a>, Lizenz und Spielauswahl.<\/span><\/li>\n<li style=\"font-weight: 400;\" aria-level=\"1\"><b>Konto erstellen<\/b><span style=\"font-weight: 400;\">. Gib deine E-Mail an, leg ein Passwort fest und best\u00e4tige anschlie\u00dfend den Link in deinem Postfach.<\/span><\/li>\n<li style=\"font-weight: 400;\" aria-level=\"1\"><b>Einzahlen und Bonus aktivieren<\/b><span style=\"font-weight: 400;\">. Die meisten Casinos bieten einen Willkommensbonus mit Extraguthaben oder Freispielen.<\/span><\/li>\n<li style=\"font-weight: 400;\" aria-level=\"1\"><b>Fang direkt an zu spielen.<\/b><span style=\"font-weight: 400;\"> Im <a href=\"https:\/\/casinor.com\/de\/online-casino-ohne-limit\/\">Casino ohne Limit<\/a> gibt es keine Sperrdateien oder Wartezeiten.<\/span><\/li>\n<li style=\"font-weight: 400;\" aria-level=\"1\"><b>Gewinne auszahlen<\/b><span style=\"font-weight: 400;\">. Je nach Zahlungsart ist das Geld meist in 24\u201348 Stunden auf deinem Konto.<\/span><\/li>\n<\/ol>\n<h2>Casinos ohne LUGAS sind bei deutschen Spielern beliebt<\/h2>\n<p><span style=\"font-weight: 400;\">Immer mehr deutsche Spieler weichen auf Casinos ohne LUGAS aus, denn dort gibt es keine Einzahlungslimits, keine Spielpausen und keine Obergrenze f\u00fcr Eins\u00e4tze.<\/span><\/p>\n<p><span style=\"font-weight: 400;\">Du bekommst oft gro\u00dfz\u00fcgigere Bonusangebote, auch f\u00fcr Live-Spiele und Jackpot-Slots, welche beide in deutschen Casinos nicht mehr erlaubt sind.<\/span><\/p>\n<p><span style=\"font-weight: 400;\">Im Gegensatz zu deutschen <a href=\"https:\/\/casinor.com\/de\/\">Online Casinos<\/a> kannst du mehr als 1000\u202f\u20ac im Monat einzahlen und pro Dreh h\u00f6here Eins\u00e4tze t\u00e4tigen, ganz ohne 1\u202f\u20ac-Limit. Zudem gibt es in LUGAS Casinos keine 5-Sekunden-Pause zwischen den Spins.<\/span><\/p>\n<p><span style=\"font-weight: 400;\">Du kannst anonym spielen, denn eine Video-Ident-Verifizierung ist nicht n\u00f6tig. Zudem kannst du bei mehreren Anbietern gleichzeitig aktiv sein, weil diese Casinos auch nicht mit OASIS verkn\u00fcpft sind.<\/span><\/p>\n<h2>Online Casinos ohne LUGAS sind legal<\/h2>\n<p><span style=\"font-weight: 400;\">Online Casinos ohne LUGAS sind f\u00fcr deutsche Spieler legal und du kannst bedenkenlos spielen. Solange der Anbieter eine g\u00fcltige Lizenz besitzt, machst du dich als Spieler nicht strafbar.<\/span><\/p>\n<h2>Online Casinos ohne LUGAS bieten steuerfreie Gewinne<\/h2>\n<p><span style=\"font-weight: 400;\">Gewinne in einem Casino ohne LUGAS sind steuerfrei.<\/span><\/p>\n<p><span style=\"font-weight: 400;\">Wenn du in einem Online-Casino mit einer Lizenz aus einem anderen EU-Land spielst, etwa EMTA oder MGA, und kein professioneller Spieler bist, musst du deine Gewinne nicht versteuern.<\/span><\/p>\n<p><span style=\"font-weight: 400;\">Allerdings musst du deine Gewinne angeben, wenn du au\u00dferhalb der EU spielst, mehr als 10.000\u00a0\u20ac gewinnst oder als professioneller Spieler giltst. Grundlage daf\u00fcr ist \u00a7 4 Nr. 9b des deutschen Umsatzsteuergesetzes.<\/span><\/p>\n<h2>H\u00e4ufig gestellte Fragen<\/h2>\n\t\t<div class=\"wp-faq-schema-wrap wp-faq-schema-accordion\">\n\t\t\t\t\t\t<div class=\"wp-faq-schema-items\">\n\t\t\t\t\t\t\t\t\t<h3>Welche Zahlungsmethoden kann ich in Online Casinos ohne LUGAS nutzen?<\/h3>\n\t\t\t\t\t<div class=\"\">\n\t\t\t\t\t\t<p>Online Casinos ohne LUGAS bieten viele Zahlungsarten, darunter PayPal, Paysafecard, Paysafe und Kryptow\u00e4hrungen. Auch klassische Methoden wie Kreditkarte oder Bank\u00fcberweisung sind meist ohne Geb\u00fchren verf\u00fcgbar.<\/p>\n\t\t\t\t\t<\/div>\n\t\t\t\t\t\t\t\t\t<h3>Welche Lizenzen haben Online Casinos ohne LUGAS?<\/h3>\n\t\t\t\t\t<div class=\"\">\n\t\t\t\t\t\t<p>Die meisten Casinos ohne LUGAS sind in Malta, Estland und Cura\u00e7ao lizenziert.<\/p>\n\t\t\t\t\t<\/div>\n\t\t\t\t\t\t\t\t\t<h3>Wie viele Casinos ohne LUGAS gibt es?<\/h3>\n\t\t\t\t\t<div class=\"\">\n\t\t\t\t\t\t<p>Es gibt ungef\u00e4hr 500 Casinos ohne LUGAS, die Spieler aus Deutschland akzeptieren.<\/p>\n\t\t\t\t\t<\/div>\n\t\t\t\t\t\t\t<\/div>\n\t\t<\/div>\n\t\t\n            <\/div>\n            <\/section>\n","protected":false},"excerpt":{"rendered":"","protected":false},"author":14,"featured_media":0,"parent":0,"menu_order":0,"comment_status":"closed","ping_status":"closed","template":"","meta":{"_acf_changed":false,"footnotes":""},"class_list":["post-19516","page","type-page","status-publish","hentry"],"acf":[],"yoast_head":"<!-- This site is optimized with the Yoast SEO plugin v26.8 - https:\/\/yoast.com\/product\/yoast-seo-wordpress\/ -->\n<title>10 Beste Online Casinos ohne LUGAS<\/title>\n<meta name=\"description\" content=\"In diesem Artikel stellen wir dir die 10 besten Online Casinos ohne LUGAS vor.\" \/>\n<meta name=\"robots\" content=\"index, follow, max-snippet:-1, max-image-preview:large, max-video-preview:-1\" \/>\n<link rel=\"canonical\" href=\"https:\/\/casinor.com\/de\/online-casino-ohne-lugas\/\" \/>\n<meta property=\"og:locale\" content=\"de_DE\" \/>\n<meta property=\"og:type\" content=\"article\" \/>\n<meta property=\"og:title\" content=\"10 Beste Online Casinos ohne LUGAS\" \/>\n<meta property=\"og:description\" content=\"In diesem Artikel stellen wir dir die 10 besten Online Casinos ohne LUGAS vor.\" \/>\n<meta property=\"og:url\" content=\"https:\/\/casinor.com\/de\/online-casino-ohne-lugas\/\" \/>\n<meta property=\"og:site_name\" content=\"Casinor.com\" \/>\n<meta property=\"article:publisher\" content=\"https:\/\/www.facebook.com\/Casinorcom-1429398773853454\/\" \/>\n<meta name=\"twitter:card\" content=\"summary_large_image\" \/>\n<meta name=\"twitter:site\" content=\"@casinor_com\" \/>\n<script type=\"application\/ld+json\" class=\"yoast-schema-graph\">{\"@context\":\"https:\/\/schema.org\",\"@graph\":[{\"@type\":\"WebPage\",\"@id\":\"https:\/\/casinor.com\/de\/online-casino-ohne-lugas\/\",\"url\":\"https:\/\/casinor.com\/de\/online-casino-ohne-lugas\/\",\"name\":\"10 Beste Online Casinos ohne LUGAS\",\"isPartOf\":{\"@id\":\"https:\/\/casinor.com\/#website\"},\"datePublished\":\"2025-07-22T11:19:25+00:00\",\"description\":\"In diesem Artikel stellen wir dir die 10 besten Online Casinos ohne LUGAS vor.\",\"breadcrumb\":{\"@id\":\"https:\/\/casinor.com\/de\/online-casino-ohne-lugas\/#breadcrumb\"},\"inLanguage\":\"de\",\"potentialAction\":[{\"@type\":\"ReadAction\",\"target\":[\"https:\/\/casinor.com\/de\/online-casino-ohne-lugas\/\"]}]},{\"@type\":\"BreadcrumbList\",\"@id\":\"https:\/\/casinor.com\/de\/online-casino-ohne-lugas\/#breadcrumb\",\"itemListElement\":[{\"@type\":\"ListItem\",\"position\":1,\"name\":\"Startseite\",\"item\":\"https:\/\/casinor.com\/de\/\"},{\"@type\":\"ListItem\",\"position\":2,\"name\":\"Online Casinos ohne LUGAS\"}]},{\"@type\":\"WebSite\",\"@id\":\"https:\/\/casinor.com\/#website\",\"url\":\"https:\/\/casinor.com\/\",\"name\":\"Casinor.com\",\"description\":\"Norges beste tjeneste for casino sammenligning\",\"publisher\":{\"@id\":\"https:\/\/casinor.com\/#organization\"},\"potentialAction\":[{\"@type\":\"SearchAction\",\"target\":{\"@type\":\"EntryPoint\",\"urlTemplate\":\"https:\/\/casinor.com\/?s={search_term_string}\"},\"query-input\":{\"@type\":\"PropertyValueSpecification\",\"valueRequired\":true,\"valueName\":\"search_term_string\"}}],\"inLanguage\":\"de\"},{\"@type\":\"Organization\",\"@id\":\"https:\/\/casinor.com\/#organization\",\"name\":\"Casinor.com\",\"url\":\"https:\/\/casinor.com\/\",\"logo\":{\"@type\":\"ImageObject\",\"inLanguage\":\"de\",\"@id\":\"https:\/\/casinor.com\/#\/schema\/logo\/image\/\",\"url\":\"https:\/\/casinor.com\/wp-content\/uploads\/2023\/05\/logo_sweden.svg\",\"contentUrl\":\"https:\/\/casinor.com\/wp-content\/uploads\/2023\/05\/logo_sweden.svg\",\"caption\":\"Casinor.com\"},\"image\":{\"@id\":\"https:\/\/casinor.com\/#\/schema\/logo\/image\/\"},\"sameAs\":[\"https:\/\/www.facebook.com\/Casinorcom-1429398773853454\/\",\"https:\/\/x.com\/casinor_com\",\"https:\/\/no.pinterest.com\/casinor1\",\"https:\/\/www.youtube.com\/channel\/UCIaYR-rxk3WeeGSnE-9M-CQ\"]}]}<\/script>\n<!-- \/ Yoast SEO plugin. -->","yoast_head_json":{"title":"10 Beste Online Casinos ohne LUGAS","description":"In diesem Artikel stellen wir dir die 10 besten Online Casinos ohne LUGAS vor.","robots":{"index":"index","follow":"follow","max-snippet":"max-snippet:-1","max-image-preview":"max-image-preview:large","max-video-preview":"max-video-preview:-1"},"canonical":"https:\/\/casinor.com\/de\/online-casino-ohne-lugas\/","og_locale":"de_DE","og_type":"article","og_title":"10 Beste Online Casinos ohne LUGAS","og_description":"In diesem Artikel stellen wir dir die 10 besten Online Casinos ohne LUGAS vor.","og_url":"https:\/\/casinor.com\/de\/online-casino-ohne-lugas\/","og_site_name":"Casinor.com","article_publisher":"https:\/\/www.facebook.com\/Casinorcom-1429398773853454\/","twitter_card":"summary_large_image","twitter_site":"@casinor_com","schema":{"@context":"https:\/\/schema.org","@graph":[{"@type":"WebPage","@id":"https:\/\/casinor.com\/de\/online-casino-ohne-lugas\/","url":"https:\/\/casinor.com\/de\/online-casino-ohne-lugas\/","name":"10 Beste Online Casinos ohne LUGAS","isPartOf":{"@id":"https:\/\/casinor.com\/#website"},"datePublished":"2025-07-22T11:19:25+00:00","description":"In diesem Artikel stellen wir dir die 10 besten Online Casinos ohne LUGAS vor.","breadcrumb":{"@id":"https:\/\/casinor.com\/de\/online-casino-ohne-lugas\/#breadcrumb"},"inLanguage":"de","potentialAction":[{"@type":"ReadAction","target":["https:\/\/casinor.com\/de\/online-casino-ohne-lugas\/"]}]},{"@type":"BreadcrumbList","@id":"https:\/\/casinor.com\/de\/online-casino-ohne-lugas\/#breadcrumb","itemListElement":[{"@type":"ListItem","position":1,"name":"Startseite","item":"https:\/\/casinor.com\/de\/"},{"@type":"ListItem","position":2,"name":"Online Casinos ohne LUGAS"}]},{"@type":"WebSite","@id":"https:\/\/casinor.com\/#website","url":"https:\/\/casinor.com\/","name":"Casinor.com","description":"Norges beste tjeneste for casino sammenligning","publisher":{"@id":"https:\/\/casinor.com\/#organization"},"potentialAction":[{"@type":"SearchAction","target":{"@type":"EntryPoint","urlTemplate":"https:\/\/casinor.com\/?s={search_term_string}"},"query-input":{"@type":"PropertyValueSpecification","valueRequired":true,"valueName":"search_term_string"}}],"inLanguage":"de"},{"@type":"Organization","@id":"https:\/\/casinor.com\/#organization","name":"Casinor.com","url":"https:\/\/casinor.com\/","logo":{"@type":"ImageObject","inLanguage":"de","@id":"https:\/\/casinor.com\/#\/schema\/logo\/image\/","url":"https:\/\/casinor.com\/wp-content\/uploads\/2023\/05\/logo_sweden.svg","contentUrl":"https:\/\/casinor.com\/wp-content\/uploads\/2023\/05\/logo_sweden.svg","caption":"Casinor.com"},"image":{"@id":"https:\/\/casinor.com\/#\/schema\/logo\/image\/"},"sameAs":["https:\/\/www.facebook.com\/Casinorcom-1429398773853454\/","https:\/\/x.com\/casinor_com","https:\/\/no.pinterest.com\/casinor1","https:\/\/www.youtube.com\/channel\/UCIaYR-rxk3WeeGSnE-9M-CQ"]}]}},"_links":{"self":[{"href":"https:\/\/casinor.com\/de\/wp-json\/wp\/v2\/pages\/19516","targetHints":{"allow":["GET"]}}],"collection":[{"href":"https:\/\/casinor.com\/de\/wp-json\/wp\/v2\/pages"}],"about":[{"href":"https:\/\/casinor.com\/de\/wp-json\/wp\/v2\/types\/page"}],"author":[{"embeddable":true,"href":"https:\/\/casinor.com\/de\/wp-json\/wp\/v2\/users\/14"}],"replies":[{"embeddable":true,"href":"https:\/\/casinor.com\/de\/wp-json\/wp\/v2\/comments?post=19516"}],"version-history":[{"count":4,"href":"https:\/\/casinor.com\/de\/wp-json\/wp\/v2\/pages\/19516\/revisions"}],"predecessor-version":[{"id":19520,"href":"https:\/\/casinor.com\/de\/wp-json\/wp\/v2\/pages\/19516\/revisions\/19520"}],"wp:attachment":[{"href":"https:\/\/casinor.com\/de\/wp-json\/wp\/v2\/media?parent=19516"}],"curies":[{"name":"wp","href":"https:\/\/api.w.org\/{rel}","templated":true}]}}