{"id":19333,"date":"2025-05-08T14:49:32","date_gmt":"2025-05-08T12:49:32","guid":{"rendered":"https:\/\/casinor.com\/?page_id=19333"},"modified":"2025-05-08T14:49:32","modified_gmt":"2025-05-08T12:49:32","slug":"online-casino-ohne-verifizierung","status":"publish","type":"page","link":"https:\/\/casinor.com\/de\/online-casino-ohne-verifizierung\/","title":{"rendered":"Online Casino ohne Verifizierung"},"content":{"rendered":"\n<section id=\"hero-center-text-block_bf85a5ed29d9274f74d4cad0065d164a\" class=\"home-hero home-hero--category block-hero-center-text\">\n\t<div class=\"home-hero__container\">\n\t\t<div class=\"home-hero__wrap\">\n\t\t\t<div class=\"home-hero__content\">\n\t\t\t\t\t\t\t\t\t<h1 class=\"home-hero__title\" >Online Casino ohne Verifizierung<\/h1>\n\t\t\t\t\t\t\t\t\t\t\t\t\t<div class=\"home-hero__text\">Online Casinos ohne Verifizierung werden aktuell immer beliebter, da Spieler anonym und ohne Angabe ihrer pers\u00f6nlichen Daten spielen k\u00f6nnen. Zudem geht die Auszahlung deutlich schneller. Wir haben hier eine Liste der besten Online Casinos ohne Verifizierung f\u00fcr dich zusammengestellt.\r\n<\/div>\n\t\t\t\t\t\t\t<\/div>\n\t\t\t\t\t<\/div>\n\t<\/div>\n<\/section>\n\n\r\n\r\n    \r\n    <section id=\"competitors-table-block_ec7a286e02bee98263272f20a06adb20\" class=\"competitors-table   block-competitors-table is-top-padding is-bottom-padding is-grey\">\r\n        <div class=\"competitors-table__container\">\r\n            <div class=\"competitors-table__wrapper\">\r\n                <div class=\"competitors-table__inner\">\r\n                                            <div class=\"competitors-table__item\">\r\n                            <div class=\"competitors-table__item-img\">\r\n                                                                <a class=\"competitors-table__img-link no-external-link\" target=\"_blank\" rel=\"nofollow noopener\"\r\n                                   href=\"https:\/\/casinor.com\/de\/go\/beste-casinos\">\r\n                                                                                                                <img loading=\"lazy\" decoding=\"async\" width=\"160\" height=\"160\" src=\"https:\/\/casinor.com\/wp-content\/uploads\/2024\/11\/beste-casinos.png\" class=\"competitors-table__img\" alt=\"Beste Casinos\" \/>                                                                                                        <\/a>\r\n                                                        <\/div>\r\n                            <div class=\"competitors-table__item-ttl\">\r\n                                                                    <div class=\"competitors-table__item-ttl-inner\">Beste Online Casinos ohne Verifizierung<\/div>\r\n                                                            <\/div>\r\n\t\t\t\t\t\t\t                            <div class=\"competitors-table__item-cta\">\r\n                                <div class=\"competitors-table__item-cta-inner\">\r\n                                                                            <a href=\"https:\/\/casinor.com\/de\/go\/beste-casinos\" target=\"_blank\"\r\n                                           rel=\"nofollow noopener\"\r\n                                           class=\"btn-base button-green no-external-link\">Zur Seite                                        <\/a>\r\n                                                                    <\/div>\r\n                            <\/div>\r\n                        <\/div>\r\n                                    <\/div>\r\n            <\/div>\r\n        <\/div>\r\n    <\/section>\r\n\n\n\n    <section id=\"content-section-block_722dc93ecfb58a0cc649833cc8994471\" class=\"content-section is-white  block-content-section\">\n                    <div class=\"content-section__container\">\n                <h2>Die 10 besten Online Casinos ohne Verifizierung<\/h2>\n<p><span style=\"font-weight: 400;\">Hier stellen wir unsere Liste der besten Casinos ohne Verifizierung vor. Jedes dieser Casinos bietet gro\u00dfz\u00fcgige Boni und faire Bedingungen f\u00fcr neue Spieler!<\/span><\/p>\n<table>\n<tbody>\n<tr>\n<td><b>Casino<\/b><\/td>\n<td><b>Bonus<\/b><\/td>\n<td><b>Umsatzbedingungen<\/b><\/td>\n<td><b>Min. Einzahlung<\/b><\/td>\n<td><b>Lizenz<\/b><\/td>\n<\/tr>\n<tr>\n<td><span style=\"font-weight: 400;\">KINBET<\/span><\/td>\n<td><span style=\"font-weight: 400;\">250% bis 3000\u20ac + 350 Freispiele<\/span><\/td>\n<td><span style=\"font-weight: 400;\">35x<\/span><\/td>\n<td><span style=\"font-weight: 400;\">20\u20ac<\/span><\/td>\n<td><span style=\"font-weight: 400;\">Komoren<\/span><\/td>\n<\/tr>\n<tr>\n<td><span style=\"font-weight: 400;\">RollingSlots<\/span><\/td>\n<td><span style=\"font-weight: 400;\">Bis zu 2600\u20ac + 260 Freispiele<\/span><\/td>\n<td><span style=\"font-weight: 400;\">40x<\/span><\/td>\n<td><span style=\"font-weight: 400;\">20\u20ac<\/span><\/td>\n<td><span style=\"font-weight: 400;\">Curacao<\/span><\/td>\n<\/tr>\n<tr>\n<td><span style=\"font-weight: 400;\">Crownplay<\/span><\/td>\n<td><span style=\"font-weight: 400;\">250% bis zu 3000\u20ac + 350 Freispiele<\/span><\/td>\n<td><span style=\"font-weight: 400;\">40x<\/span><\/td>\n<td><span style=\"font-weight: 400;\">20\u20ac<\/span><\/td>\n<td><span style=\"font-weight: 400;\">Curacao<\/span><\/td>\n<\/tr>\n<tr>\n<td><span style=\"font-weight: 400;\">Casinova<\/span><\/td>\n<td><span style=\"font-weight: 400;\">Bis zu 2000\u20ac<\/span><\/td>\n<td><span style=\"font-weight: 400;\">40x<\/span><\/td>\n<td><span style=\"font-weight: 400;\">20\u20ac<\/span><\/td>\n<td><span style=\"font-weight: 400;\">Philippinen<\/span><\/td>\n<\/tr>\n<tr>\n<td><span style=\"font-weight: 400;\">Vikingluck<\/span><\/td>\n<td><span style=\"font-weight: 400;\">100% bis zu 500\u20ac + 200 Freispiele<\/span><\/td>\n<td><span style=\"font-weight: 400;\">35x<\/span><\/td>\n<td><span style=\"font-weight: 400;\">20\u20ac<\/span><\/td>\n<td><span style=\"font-weight: 400;\">Curacao<\/span><\/td>\n<\/tr>\n<tr>\n<td><span style=\"font-weight: 400;\">Spinsy<\/span><\/td>\n<td><span style=\"font-weight: 400;\">100% bis zu 500\u20ac + 200 Freispiele<\/span><\/td>\n<td><span style=\"font-weight: 400;\">35x<\/span><\/td>\n<td><span style=\"font-weight: 400;\">20\u20ac<\/span><\/td>\n<td><span style=\"font-weight: 400;\">Curacao<\/span><\/td>\n<\/tr>\n<tr>\n<td><span style=\"font-weight: 400;\">Cashed<\/span><\/td>\n<td><span style=\"font-weight: 400;\">100% bis zu 500\u20ac + 200 Freispiele<\/span><\/td>\n<td><span style=\"font-weight: 400;\">35x<\/span><\/td>\n<td><span style=\"font-weight: 400;\">20\u20ac<\/span><\/td>\n<td><span style=\"font-weight: 400;\">Komoren<\/span><\/td>\n<\/tr>\n<tr>\n<td><span style=\"font-weight: 400;\">Spinight<\/span><\/td>\n<td><span style=\"font-weight: 400;\">100% bis zu 500\u20ac + 200 Freispiele<\/span><\/td>\n<td><span style=\"font-weight: 400;\">35x<\/span><\/td>\n<td><span style=\"font-weight: 400;\">20\u20ac<\/span><\/td>\n<td><span style=\"font-weight: 400;\">Philippinen<\/span><\/td>\n<\/tr>\n<tr>\n<td><span style=\"font-weight: 400;\">AmunRa Casino<\/span><\/td>\n<td><span style=\"font-weight: 400;\">100% bis zu 500\u20ac + 200 Freispiele<\/span><\/td>\n<td><span style=\"font-weight: 400;\">35x<\/span><\/td>\n<td><span style=\"font-weight: 400;\">20\u20ac<\/span><\/td>\n<td><span style=\"font-weight: 400;\">MGA<\/span><\/td>\n<\/tr>\n<tr>\n<td><span style=\"font-weight: 400;\">Hugo Casino<\/span><\/td>\n<td><span style=\"font-weight: 400;\">225% bis zu 600\u20ac + 275 Freispiele<\/span><\/td>\n<td><span style=\"font-weight: 400;\">35x<\/span><\/td>\n<td><span style=\"font-weight: 400;\">20\u20ac<\/span><\/td>\n<td><span style=\"font-weight: 400;\">Curacao<\/span><\/td>\n<\/tr>\n<\/tbody>\n<\/table>\n<h2>Was ist ein Online Casino ohne Verifizierung?<\/h2>\n<p><span style=\"font-weight: 400;\">Ein Online Casino ohne Verifizierung ist ein <a href=\"https:\/\/casinor.com\/de\/\">Online Casino<\/a>, das auf die Identit\u00e4tspr\u00fcfung verzichtet. Du musst keine Dokumente einreichen und sparst dir komplizierte KYC-Prozesse. Wie auch bei den meisten <a href=\"https:\/\/casinor.com\/de\/online-casino-ohne-oasis\/\">Casinos ohne OASIS<\/a> reicht schon eine E-Mail-Adresse und ein Passwort aus, damit du spielen kannst.<\/span><\/p>\n<p><span style=\"font-weight: 400;\">Diese Casinos erm\u00f6glichen anonymes Gl\u00fccksspiel, da Spieler hier keine pers\u00f6nlichen Informationen preisgeben m\u00fcssen. Zudem gibt es sehr schnelle Ein- und Auszahlungen und die gleichen Spiele wie in anderen Casinos.<\/span><\/p>\n<h2>Alternative Bezeichnungen f\u00fcr ein Casino ohne Verifizierung<\/h2>\n<p><span style=\"font-weight: 400;\">Ein Casino ohne Verifizierung hat viele Namen. Oft wird es auch als \u201eCasino ohne KYC\u201c oder \u201ePay\u2019n Play Casino\u201c bezeichnet. Die Casinos bieten alle die M\u00f6glichkeit, sich schnell zu registrieren, ohne pers\u00f6nliche Details zu nennen. Folgende Bezeichnungen gibt es au\u00dferdem:<\/span><\/p>\n<ul>\n<li style=\"font-weight: 400;\" aria-level=\"1\"><span style=\"font-weight: 400;\">Casino ohne Registrierung<\/span><\/li>\n<li style=\"font-weight: 400;\" aria-level=\"1\"><span style=\"font-weight: 400;\">Online Casino ohne Ausweis<\/span><\/li>\n<li style=\"font-weight: 400;\" aria-level=\"1\"><span style=\"font-weight: 400;\">Online Casino ohne Identifizierung<\/span><\/li>\n<\/ul>\n<h2>Online Casinos ohne Verifizierung bieten einfachere Registrierung<\/h2>\n<p><span style=\"font-weight: 400;\">In Casinos ohne Verifizierung geht die Registrierung besonders schnell, da einige Schritte entfallen. Anders als in deutschen Casinos musst du keine umst\u00e4ndliche Video-Identifikation durchf\u00fchren oder pers\u00f6nliche Dokumente hochladen.<\/span><\/p>\n<p><span style=\"font-weight: 400;\">Diese vereinfachte Registrierung bedeutet auch, dass das Casino deine pers\u00f6nlichen Daten nicht kennt und du bei der Nutzung dieser Plattformen vollkommen anonym bleiben kannst.<\/span><\/p>\n<p><span style=\"font-weight: 400;\">So registrierst du dich in einem Online Casino ohne Verifizierung:<\/span><\/p>\n<ol>\n<li style=\"font-weight: 400;\" aria-level=\"1\"><b>Casino ausw\u00e4hlen:<\/b><span style=\"font-weight: 400;\"> W\u00e4hle ein Casino ohne Verifizierung aus. Achte auf Lizenz und Sicherheit.<\/span><\/li>\n<li style=\"font-weight: 400;\" aria-level=\"1\"><b>Einzahlung vornehmen:<\/b><span style=\"font-weight: 400;\"> Gehe auf &#8222;Einzahlen&#8220;, w\u00e4hle deine bevorzugte Zahlungsmethode und zahle dein Guthaben ein.<\/span><\/li>\n<li style=\"font-weight: 400;\" aria-level=\"1\"><b>Spiel starten:<\/b><span style=\"font-weight: 400;\"> W\u00e4hle dein Lieblingsspiel und beginne direkt zu spielen.<\/span><\/li>\n<li style=\"font-weight: 400;\" aria-level=\"1\"><b>Gewinn auszahlen lassen:<\/b><span style=\"font-weight: 400;\"> Gewinne werden ohne Identit\u00e4tsnachweis \u00fcber Zahlungsanbieter wie Neteller, Trustly oder Kryptow\u00e4hrungen ausgezahlt.<\/span><\/li>\n<\/ol>\n<h2>Nutze PayPal, Bitcoin oder Trustly f\u00fcr deine Sofortauszahlung in Casinos ohne Verifizierung<\/h2>\n<p><span style=\"font-weight: 400;\">Wenn du schnelle Auszahlungen in Casinos ohne Verifizierung m\u00f6chtest, w\u00e4hle Zahlungsmethoden wie PayPal, Bitcoin oder Trustly. Diese drei Zahlungsoptionen stehen dir in vielen Online Casinos zur Verf\u00fcgung und bieten dir einfache, sichere und schnelle Auszahlungen.<\/span><\/p>\n<p><span style=\"font-weight: 400;\">Auszahlungen erfolgen in der Regel innerhalb weniger Minuten und sind meist geb\u00fchrenfrei. Nur bei Bitcoin-Transfers k\u00f6nnen geringe Geb\u00fchren anfallen \u2013 es sei denn, das Casino \u00fcbernimmt diese. Besonders interessant: Manche Anbieter erm\u00f6glichen in ihrem Online Casino die Auszahlung ohne Verifizierung, was den Prozess zus\u00e4tzlich beschleunigt.<\/span><\/p>\n<h2>Casinos ohne Verifizierung haben kein Einzahlungslimit<\/h2>\n<p><span style=\"font-weight: 400;\">Casinos ohne Verifizierung haben kein Einzahlungslimit, so wie es in deutschen Casinos der Fall ist. Du kannst also auch mehr als 1000\u20ac pro Monat einzahlen und an Automaten um h\u00f6here Betr\u00e4ge spielen.\u00a0<\/span><\/p>\n<h2>Gr\u00f6\u00dfere Spielauswahl<\/h2>\n<p><span style=\"font-weight: 400;\">In Casino ohne Verifizierung genie\u00dfen Spieler eine deutlich gr\u00f6\u00dfere Auswahl an Spielen, als in Casinos mit einer deutschen Lizenz. Dazu z\u00e4hlen s\u00e4mtliche Live-Dealer Spiele wie Live-Roulette, Live-Baccarat oder Live-Game-Shows. Zudem findest du hier <a href=\"https:\/\/casinor.com\/de\/spielautomaten\/\">Spielautomaten<\/a> mit progressiven Jackpots sowie Slots von vielen Anbietern, die es aufgrund der Regulierungen in deutschen Casinos nicht gibt.<\/span><\/p>\n<h2>H\u00e4ufig gestellte Fragen<\/h2>\n\t\t<div class=\"wp-faq-schema-wrap wp-faq-schema-accordion\">\n\t\t\t\t\t\t<div class=\"wp-faq-schema-items\">\n\t\t\t\t\t\t\t\t\t<h3>Kann ich in Online Casinos ohne Verifizierung spielen?<\/h3>\n\t\t\t\t\t<div class=\"\">\n\t\t\t\t\t\t<p>Ja, du kannst in Casinos ohne Verifizierung spielen. Die Registrierung geht schnell und meistens reicht schon ein Benutzername und eine E-Mail-Adresse, um zu spielen. Beachte jedoch, dass die Legalit\u00e4t von der Lizenz abh\u00e4ngt.<\/p>\n\t\t\t\t\t<\/div>\n\t\t\t\t\t\t\t\t\t<h3>Welche Boni kann ich in Online-Casinos ohne Verifizierung erhalten?<\/h3>\n\t\t\t\t\t<div class=\"\">\n\t\t\t\t\t\t<p>In Casinos ohne Verifizierung kannst du verschiedene Boni erhalten, darunter Willkommensbonus, Bonus ohne Einzahlung oder Cashback-Angebote. Einige Casinos bieten dir Freispiele als Anreiz. Die genauen Boni h\u00e4ngen vom Anbieter ab.<\/p>\n\t\t\t\t\t<\/div>\n\t\t\t\t\t\t\t\t\t<h3>Welche Casinos zahlen ohne Verifizierung aus?<\/h3>\n\t\t\t\t\t<div class=\"\">\n\t\t\t\t\t\t<p>Es gibt tausende Casinos, die Auszahlungen ohne Verifizierung erm\u00f6glichen. Hierzu z\u00e4hlen bekannte Namen wie KINBET, Rollingslots oder Crownplay. Wir haben die besten Casinos ohne Verifizierung f\u00fcr dich \u00fcbersichtlich aufgelistet.<\/p>\n\t\t\t\t\t<\/div>\n\t\t\t\t\t\t\t\t\t<h3>Welche Lizenzen haben Casinos ohne Verifizierung?<\/h3>\n\t\t\t\t\t<div class=\"\">\n\t\t\t\t\t\t<p>Diese Casinos ohne Verifizierung besitzen oft Lizenzen aus Curacao oder Malta. Beide gelten als sicher und bieten hohen Spielerschutz. Die Lizenzen garantieren faire Abl\u00e4ufe und transparente Regeln.<\/p>\n\t\t\t\t\t<\/div>\n\t\t\t\t\t\t\t\t\t<h3>Muss ich Steuern auf Gewinne zahlen?<\/h3>\n\t\t\t\t\t<div class=\"\">\n\t\t\t\t\t\t<p>Nein, bei einem Casino ohne Verifizierung mit EU-Lizenz musst du keine Steuern zahlen. Solange du kein Berufsspieler bist und die Gewinne aus Gl\u00fccksspiel stammen, bleibt alles steuerfrei.<\/p>\n\t\t\t\t\t<\/div>\n\t\t\t\t\t\t\t<\/div>\n\t\t<\/div>\n\t\t\n            <\/div>\n            <\/section>\n","protected":false},"excerpt":{"rendered":"","protected":false},"author":14,"featured_media":0,"parent":0,"menu_order":0,"comment_status":"closed","ping_status":"closed","template":"","meta":{"_acf_changed":false,"footnotes":""},"class_list":["post-19333","page","type-page","status-publish","hentry"],"acf":[],"yoast_head":"<!-- This site is optimized with the Yoast SEO plugin v26.8 - https:\/\/yoast.com\/product\/yoast-seo-wordpress\/ -->\n<title>Die 10 besten Online Casinos ohne Verifizierung<\/title>\n<meta name=\"description\" content=\"Wir haben hier eine Liste der besten Online Casinos ohne Verifizierung f\u00fcr dich zusammengestellt.\" \/>\n<meta name=\"robots\" content=\"index, follow, max-snippet:-1, max-image-preview:large, max-video-preview:-1\" \/>\n<link rel=\"canonical\" href=\"https:\/\/casinor.com\/de\/online-casino-ohne-verifizierung\/\" \/>\n<meta property=\"og:locale\" content=\"de_DE\" \/>\n<meta property=\"og:type\" content=\"article\" \/>\n<meta property=\"og:title\" content=\"Die 10 besten Online Casinos ohne Verifizierung\" \/>\n<meta property=\"og:description\" content=\"Wir haben hier eine Liste der besten Online Casinos ohne Verifizierung f\u00fcr dich zusammengestellt.\" \/>\n<meta property=\"og:url\" content=\"https:\/\/casinor.com\/de\/online-casino-ohne-verifizierung\/\" \/>\n<meta property=\"og:site_name\" content=\"Casinor.com\" \/>\n<meta property=\"article:publisher\" content=\"https:\/\/www.facebook.com\/Casinorcom-1429398773853454\/\" \/>\n<meta name=\"twitter:card\" content=\"summary_large_image\" \/>\n<meta name=\"twitter:site\" content=\"@casinor_com\" \/>\n<script type=\"application\/ld+json\" class=\"yoast-schema-graph\">{\"@context\":\"https:\/\/schema.org\",\"@graph\":[{\"@type\":\"WebPage\",\"@id\":\"https:\/\/casinor.com\/de\/online-casino-ohne-verifizierung\/\",\"url\":\"https:\/\/casinor.com\/de\/online-casino-ohne-verifizierung\/\",\"name\":\"Die 10 besten Online Casinos ohne Verifizierung\",\"isPartOf\":{\"@id\":\"https:\/\/casinor.com\/#website\"},\"datePublished\":\"2025-05-08T12:49:32+00:00\",\"description\":\"Wir haben hier eine Liste der besten Online Casinos ohne Verifizierung f\u00fcr dich zusammengestellt.\",\"breadcrumb\":{\"@id\":\"https:\/\/casinor.com\/de\/online-casino-ohne-verifizierung\/#breadcrumb\"},\"inLanguage\":\"de\",\"potentialAction\":[{\"@type\":\"ReadAction\",\"target\":[\"https:\/\/casinor.com\/de\/online-casino-ohne-verifizierung\/\"]}]},{\"@type\":\"BreadcrumbList\",\"@id\":\"https:\/\/casinor.com\/de\/online-casino-ohne-verifizierung\/#breadcrumb\",\"itemListElement\":[{\"@type\":\"ListItem\",\"position\":1,\"name\":\"Startseite\",\"item\":\"https:\/\/casinor.com\/de\/\"},{\"@type\":\"ListItem\",\"position\":2,\"name\":\"Online Casino ohne Verifizierung\"}]},{\"@type\":\"WebSite\",\"@id\":\"https:\/\/casinor.com\/#website\",\"url\":\"https:\/\/casinor.com\/\",\"name\":\"Casinor.com\",\"description\":\"Norges beste tjeneste for casino sammenligning\",\"publisher\":{\"@id\":\"https:\/\/casinor.com\/#organization\"},\"potentialAction\":[{\"@type\":\"SearchAction\",\"target\":{\"@type\":\"EntryPoint\",\"urlTemplate\":\"https:\/\/casinor.com\/?s={search_term_string}\"},\"query-input\":{\"@type\":\"PropertyValueSpecification\",\"valueRequired\":true,\"valueName\":\"search_term_string\"}}],\"inLanguage\":\"de\"},{\"@type\":\"Organization\",\"@id\":\"https:\/\/casinor.com\/#organization\",\"name\":\"Casinor.com\",\"url\":\"https:\/\/casinor.com\/\",\"logo\":{\"@type\":\"ImageObject\",\"inLanguage\":\"de\",\"@id\":\"https:\/\/casinor.com\/#\/schema\/logo\/image\/\",\"url\":\"https:\/\/casinor.com\/wp-content\/uploads\/2023\/05\/logo_sweden.svg\",\"contentUrl\":\"https:\/\/casinor.com\/wp-content\/uploads\/2023\/05\/logo_sweden.svg\",\"caption\":\"Casinor.com\"},\"image\":{\"@id\":\"https:\/\/casinor.com\/#\/schema\/logo\/image\/\"},\"sameAs\":[\"https:\/\/www.facebook.com\/Casinorcom-1429398773853454\/\",\"https:\/\/x.com\/casinor_com\",\"https:\/\/no.pinterest.com\/casinor1\",\"https:\/\/www.youtube.com\/channel\/UCIaYR-rxk3WeeGSnE-9M-CQ\"]}]}<\/script>\n<!-- \/ Yoast SEO plugin. -->","yoast_head_json":{"title":"Die 10 besten Online Casinos ohne Verifizierung","description":"Wir haben hier eine Liste der besten Online Casinos ohne Verifizierung f\u00fcr dich zusammengestellt.","robots":{"index":"index","follow":"follow","max-snippet":"max-snippet:-1","max-image-preview":"max-image-preview:large","max-video-preview":"max-video-preview:-1"},"canonical":"https:\/\/casinor.com\/de\/online-casino-ohne-verifizierung\/","og_locale":"de_DE","og_type":"article","og_title":"Die 10 besten Online Casinos ohne Verifizierung","og_description":"Wir haben hier eine Liste der besten Online Casinos ohne Verifizierung f\u00fcr dich zusammengestellt.","og_url":"https:\/\/casinor.com\/de\/online-casino-ohne-verifizierung\/","og_site_name":"Casinor.com","article_publisher":"https:\/\/www.facebook.com\/Casinorcom-1429398773853454\/","twitter_card":"summary_large_image","twitter_site":"@casinor_com","schema":{"@context":"https:\/\/schema.org","@graph":[{"@type":"WebPage","@id":"https:\/\/casinor.com\/de\/online-casino-ohne-verifizierung\/","url":"https:\/\/casinor.com\/de\/online-casino-ohne-verifizierung\/","name":"Die 10 besten Online Casinos ohne Verifizierung","isPartOf":{"@id":"https:\/\/casinor.com\/#website"},"datePublished":"2025-05-08T12:49:32+00:00","description":"Wir haben hier eine Liste der besten Online Casinos ohne Verifizierung f\u00fcr dich zusammengestellt.","breadcrumb":{"@id":"https:\/\/casinor.com\/de\/online-casino-ohne-verifizierung\/#breadcrumb"},"inLanguage":"de","potentialAction":[{"@type":"ReadAction","target":["https:\/\/casinor.com\/de\/online-casino-ohne-verifizierung\/"]}]},{"@type":"BreadcrumbList","@id":"https:\/\/casinor.com\/de\/online-casino-ohne-verifizierung\/#breadcrumb","itemListElement":[{"@type":"ListItem","position":1,"name":"Startseite","item":"https:\/\/casinor.com\/de\/"},{"@type":"ListItem","position":2,"name":"Online Casino ohne Verifizierung"}]},{"@type":"WebSite","@id":"https:\/\/casinor.com\/#website","url":"https:\/\/casinor.com\/","name":"Casinor.com","description":"Norges beste tjeneste for casino sammenligning","publisher":{"@id":"https:\/\/casinor.com\/#organization"},"potentialAction":[{"@type":"SearchAction","target":{"@type":"EntryPoint","urlTemplate":"https:\/\/casinor.com\/?s={search_term_string}"},"query-input":{"@type":"PropertyValueSpecification","valueRequired":true,"valueName":"search_term_string"}}],"inLanguage":"de"},{"@type":"Organization","@id":"https:\/\/casinor.com\/#organization","name":"Casinor.com","url":"https:\/\/casinor.com\/","logo":{"@type":"ImageObject","inLanguage":"de","@id":"https:\/\/casinor.com\/#\/schema\/logo\/image\/","url":"https:\/\/casinor.com\/wp-content\/uploads\/2023\/05\/logo_sweden.svg","contentUrl":"https:\/\/casinor.com\/wp-content\/uploads\/2023\/05\/logo_sweden.svg","caption":"Casinor.com"},"image":{"@id":"https:\/\/casinor.com\/#\/schema\/logo\/image\/"},"sameAs":["https:\/\/www.facebook.com\/Casinorcom-1429398773853454\/","https:\/\/x.com\/casinor_com","https:\/\/no.pinterest.com\/casinor1","https:\/\/www.youtube.com\/channel\/UCIaYR-rxk3WeeGSnE-9M-CQ"]}]}},"_links":{"self":[{"href":"https:\/\/casinor.com\/de\/wp-json\/wp\/v2\/pages\/19333","targetHints":{"allow":["GET"]}}],"collection":[{"href":"https:\/\/casinor.com\/de\/wp-json\/wp\/v2\/pages"}],"about":[{"href":"https:\/\/casinor.com\/de\/wp-json\/wp\/v2\/types\/page"}],"author":[{"embeddable":true,"href":"https:\/\/casinor.com\/de\/wp-json\/wp\/v2\/users\/14"}],"replies":[{"embeddable":true,"href":"https:\/\/casinor.com\/de\/wp-json\/wp\/v2\/comments?post=19333"}],"version-history":[{"count":7,"href":"https:\/\/casinor.com\/de\/wp-json\/wp\/v2\/pages\/19333\/revisions"}],"predecessor-version":[{"id":19340,"href":"https:\/\/casinor.com\/de\/wp-json\/wp\/v2\/pages\/19333\/revisions\/19340"}],"wp:attachment":[{"href":"https:\/\/casinor.com\/de\/wp-json\/wp\/v2\/media?parent=19333"}],"curies":[{"name":"wp","href":"https:\/\/api.w.org\/{rel}","templated":true}]}}