{"id":19013,"date":"2025-02-08T19:18:55","date_gmt":"2025-02-08T18:18:55","guid":{"rendered":"https:\/\/casinor.com\/?page_id=19013"},"modified":"2026-04-17T15:29:52","modified_gmt":"2026-04-17T13:29:52","slug":"online-casino-ohne-oasis","status":"publish","type":"page","link":"https:\/\/casinor.com\/de\/online-casino-ohne-oasis\/","title":{"rendered":"Online Casino ohne OASIS"},"content":{"rendered":"\n<section id=\"hero-center-text-block_46c207a7c61f7b13def492bb049378f7\" class=\"home-hero home-hero--category block-hero-center-text\">\n\t<div class=\"home-hero__container\">\n\t\t<div class=\"home-hero__wrap\">\n\t\t\t<div class=\"home-hero__content\">\n\t\t\t\t\t\t\t\t\t<h1 class=\"home-hero__title\" >Online Casinos ohne OASIS<\/h1>\n\t\t\t\t\t\t\t\t\t\t\t\t\t<div class=\"home-hero__text\">Online Casinos ohne OASIS sind eine spannende Alternative f\u00fcr Spieler, die anonym, ohne Pause zwischen den Spielrunden und ohne Einsatzlimits spielen m\u00f6chten. In diesem Artikel erf\u00e4hrst du alles, was du \u00fcber diese Anbieter wissen musst. Lies weiter, um die besten Online Casinos ohne OASIS Sperrdatei zu entdecken!<\/div>\n\t\t\t\t\t\t\t<\/div>\n\t\t\t\t\t<\/div>\n\t<\/div>\n<\/section>\n\n\r\n\r\n    \r\n    <section id=\"competitors-table-block_21198c939c9aaf0c7b5ab3b902462eff\" class=\"competitors-table   block-competitors-table is-top-padding is-bottom-padding is-grey\">\r\n        <div class=\"competitors-table__container\">\r\n            <div class=\"competitors-table__wrapper\">\r\n                <div class=\"competitors-table__inner\">\r\n                                            <div class=\"competitors-table__item\">\r\n                            <div class=\"competitors-table__item-img\">\r\n                                                                <a class=\"competitors-table__img-link no-external-link\" target=\"_blank\" rel=\"nofollow noopener\"\r\n                                   href=\"https:\/\/casinor.com\/de\/go\/beste-casinos\">\r\n                                                                                                                <img loading=\"lazy\" decoding=\"async\" width=\"160\" height=\"160\" src=\"https:\/\/casinor.com\/wp-content\/uploads\/2024\/11\/beste-casinos.png\" class=\"competitors-table__img\" alt=\"Beste Casinos\" \/>                                                                                                        <\/a>\r\n                                                        <\/div>\r\n                            <div class=\"competitors-table__item-ttl\">\r\n                                                                    <div class=\"competitors-table__item-ttl-inner\">Beste Online Casinos ohne Oasis<\/div>\r\n                                                            <\/div>\r\n\t\t\t\t\t\t\t                            <div class=\"competitors-table__item-cta\">\r\n                                <div class=\"competitors-table__item-cta-inner\">\r\n                                                                            <a href=\"https:\/\/casinor.com\/de\/go\/beste-casinos\" target=\"_blank\"\r\n                                           rel=\"nofollow noopener\"\r\n                                           class=\"btn-base button-green no-external-link\">Zur Seite                                        <\/a>\r\n                                                                    <\/div>\r\n                            <\/div>\r\n                        <\/div>\r\n                                    <\/div>\r\n            <\/div>\r\n        <\/div>\r\n    <\/section>\r\n\n\n\n    <section id=\"content-section-block_92b5e90b8914a81762d60d4969ee3c63\" class=\"content-section is-white  block-content-section\">\n                    <div class=\"content-section__container\">\n                <h2>Die 10 besten Online Casinos ohne OASIS<\/h2>\n<p>Wir haben die besten Online Casinos ohne OASIS getestet. Folgende Casinos haben uns hinsichtlich Lizenz, Casino Bonus und Umsatzbedingungen \u00fcberzeugt. Hier die besten Casinos ohne Sperrdatei:<\/p>\n<table>\n<tbody>\n<tr>\n<td><strong>Online Casino<\/strong><\/td>\n<td><strong>Casino Bonus<\/strong><\/td>\n<td><strong>Umsatzbedingungen<\/strong><\/td>\n<td><strong>Min. Einzahlung<\/strong><\/td>\n<td><strong>Lizenz<\/strong><\/td>\n<\/tr>\n<tr>\n<td>Lucky Hunter<\/td>\n<td>25.000 \u20ac + 444 FS<\/td>\n<td>50x<\/td>\n<td>20\u20ac<\/td>\n<td>Cura\u00e7ao<\/td>\n<\/tr>\n<tr>\n<td>BetandPlay<\/td>\n<td>7000 \u20ac + 400 FS<\/td>\n<td>50x<\/td>\n<td>25\u20ac<\/td>\n<td>Cura\u00e7ao<\/td>\n<\/tr>\n<tr>\n<td>Goldspin<\/td>\n<td>100% bis 1500 \u20ac + 100 FS<\/td>\n<td>35x<\/td>\n<td>10\u20ac<\/td>\n<td>MGA<\/td>\n<\/tr>\n<tr>\n<td>Silverplay<\/td>\n<td>2500 \u20ac + 250 FS<\/td>\n<td>35x<\/td>\n<td>20\u20ac<\/td>\n<td>MGA<\/td>\n<\/tr>\n<tr>\n<td>Verde Casino<\/td>\n<td>1200 \u20ac + 220 FS<\/td>\n<td>x40<\/td>\n<td>10\u20ac<\/td>\n<td>Cura\u00e7ao<\/td>\n<\/tr>\n<tr>\n<td>Casombie<\/td>\n<td>500 \u20ac + 500 FS<\/td>\n<td>35x<\/td>\n<td>25\u20ac<\/td>\n<td>EMTA<\/td>\n<\/tr>\n<tr>\n<td>Instant Casino<\/td>\n<td>200% bis 7500 \u20ac + 10% Cashback<\/td>\n<td>4 Mal 15x<\/td>\n<td>20\u20ac<\/td>\n<td>EMTA<\/td>\n<\/tr>\n<tr>\n<td>Instaspin<\/td>\n<td>1000 \u20ac + 100 FS<\/td>\n<td>30x<\/td>\n<td>2\u20ac<\/td>\n<td>Union der Komoren<\/td>\n<\/tr>\n<tr>\n<td>RollXO<\/td>\n<td>15.000 \u20ac + 350 FS<\/td>\n<td>50x<\/td>\n<td>20\u20ac<\/td>\n<td>Cura\u00e7ao<\/td>\n<\/tr>\n<tr>\n<td>Spirit Casino<\/td>\n<td>15.000 \u20ac + 350 FS<\/td>\n<td>50x<\/td>\n<td>20\u20ac<\/td>\n<td>Cura\u00e7ao<\/td>\n<\/tr>\n<\/tbody>\n<\/table>\n<h2>Was ist ein Online Casino ohne OASIS?<\/h2>\n<p>Ein Online Casino ohne OASIS ist ein <a href=\"https:\/\/casinor.com\/de\/\">Online Casino<\/a>, das nicht an das zentrale OASIS-Sperrsystem f\u00fcr Gl\u00fccksspiel in Deutschland angebunden ist. Diese Casinos sind nicht in Deutschland lizenziert, sondern in anderen L\u00e4ndern wie Malta, Curacao oder Estland.<\/p>\n<p>Wenn dein Name in der OASIS-Datenbank steht, kannst du nicht mehr in Online Casinos mit deutscher Lizenz spielen. Jeder deutsche Gl\u00fccksspielanbieter muss deinen Status vorab pr\u00fcfen.<\/p>\n<p>Spieler k\u00f6nnen aus verschiedenen Gr\u00fcnden in der OASIS Sperrdatei landen. Die h\u00e4ufigsten Gr\u00fcnde sind problematisches Spielverhalten oder finanzielle Schwierigkeiten. Die OASIS Spielersperre dient dazu, Spielern genug Zeit zu geben, um ihre Situation zu stabilisieren.<\/p>\n<p>Ist die Sperre einmal aktiv, gilt sie f\u00fcr mindestens drei Monate und kann auch nicht umgangen werden. Erst nach Ablauf der Frist kannst du die Aufhebung beantragen. F\u00fcr die Dauer der Sperrzeit kannst du nur in Online Casinos ohne OASIS spielen.<\/p>\n<h2>Der Unterschied zwischen einem Casino ohne OASIS und einem Anbieter mit OASIS<\/h2>\n<p>Bei einem Online Casino ohne OASIS Sperre handelt es sich nicht um ein Online Casino mit deutscher Lizenz, sondern eine aus einem anderen Land wie Curacao, Estland oder Malta. Zudem gibt es keine Einschr\u00e4nkungen wie etwa das monatliche Einzahlungslimit von 1000 Euro.<\/p>\n<p>Casinos mit OASIS verf\u00fcgen \u00fcber eine deutsche Lizenz und sind mit dem OASIS-System verbunden. Dies bringt Beschr\u00e4nkungen mit sich, wie beispielsweise Einzahlungs- und Einsatzlimits, Pausen nach jeder Runde und keine Jackpot-Slots.<\/p>\n<p>In dieser Tabelle findest du die wichtigsten Unterschiede zwischen Casinos ohne Sperrdatei und Anbietern mit OASIS:<\/p>\n<table width=\"624\">\n<tbody>\n<tr>\n<td><strong>Casino ohne OASIS<\/strong><\/td>\n<td><strong>Casino mit OASIS<\/strong><\/td>\n<\/tr>\n<tr>\n<td>Kein Einzahlungslimit<\/td>\n<td>1000\u20ac Einzahlungslimit pro Monat<\/td>\n<\/tr>\n<tr>\n<td>Keine Pause zwischen den Spielrunden<\/td>\n<td>5 Sekunden Pause zwischen den Runden<\/td>\n<\/tr>\n<tr>\n<td>Kein Einsatzlimit<\/td>\n<td>Maximal 1\u20ac Einsatz pro Spielrunde bei Slots<\/td>\n<\/tr>\n<tr>\n<td>M\u00f6glichkeit, ohne Steuer zu spielen<\/td>\n<td>5,3% Steuer auf Eins\u00e4tze<\/td>\n<\/tr>\n<tr>\n<td>Bieten Live-Casino-Spiele an<\/td>\n<td>Keine Live-Casino-Spiele<\/td>\n<\/tr>\n<tr>\n<td>Bieten Jackpot-Slots an<\/td>\n<td>Keine Jackpot-Slots<\/td>\n<\/tr>\n<tr>\n<td>Nicht mit LUGAS verbunden<\/td>\n<td>Mit LUGAS verbunden<\/td>\n<\/tr>\n<tr>\n<td>Keine zentrale Spielersperre<\/td>\n<td>Spieler k\u00f6nnen zentral gesperrt werden<\/td>\n<\/tr>\n<\/tbody>\n<\/table>\n<h2>So kannst du dich bei einem Casino ohne OASIS anmelden<\/h2>\n<p>Es ist nicht schwer, in einem Casino ohne OASIS zu spielen. Hier findest du eine kurze Schritt-f\u00fcr-Schritt-Anleitung f\u00fcr die Anmeldung:<\/p>\n<ol>\n<li>W\u00e4hle ein seri\u00f6ses Casino ohne Sperrdatei und achte auf Lizenz, Zahlungsarten und Spielauswahl. In diesem Artikel haben wir einige gute Vorschl\u00e4ge f\u00fcr dich gelistet.<\/li>\n<li>Gehe auf die Webseite des Casinos und klicke auf \u201eRegistrieren\u201c oder \u201eAnmelden\u201c.<\/li>\n<li>Gib deine Daten ein. Meistens wird nur dein Name, E-Mail und Geburtsdatum ben\u00f6tigt.<\/li>\n<li>Best\u00e4tige die Anmeldung per E-Mail. Ein Klick auf den Best\u00e4tigungslink gen\u00fcgt, um loszulegen.<\/li>\n<li>Log dich ein. Optionale Boni kannst du bei Bedarf aktivieren.<\/li>\n<\/ol>\n<h3>So geht das Ausf\u00fcllen der KYC-Daten<\/h3>\n<p>Bevor du Geld im Casino abheben kannst, musst du die KYC-Daten (Know Your Customer) angeben. Dies sch\u00fctzt sowohl dich als Spieler als auch das Casino vor Betrug.<\/p>\n<p>Die exakten Schritte k\u00f6nnen sich unterscheiden, doch meistens l\u00e4uft es in Casinos ohne Sperrdatei so ab:<\/p>\n<ol>\n<li>Dokumente hochladen: Pers\u00f6nliche Ausweisdokumente wie Personalausweis, F\u00fchrerschein oder Reisepass. Dazu einen Adressnachweis wie einen Mietvertrag oder Bankauszug. Dein Online Casino wird dir genau mitteilen, wie das alles funktioniert und bei Fragen gerne behilflich sein.<\/li>\n<li>Freigabe abwarten: Das Casino pr\u00fcft die Daten und gibt dir schnellstm\u00f6glich Bescheid. In der Regel dauert dies nicht l\u00e4nger als 1-2 Arbeitstage.<\/li>\n<\/ol>\n<h2>Welche Lizenz haben Casinos ohne OASIS?<\/h2>\n<p>Casinos ohne OASIS k\u00f6nnen eine von vielen verschiedenen Lizenzen haben. Wir haben die h\u00e4ufigsten Casino Lizenzen aufgelistet:<\/p>\n<ul>\n<li><strong>MGA<\/strong>: Die Malta Gaming Authority aus Malta gilt als eine der strengsten Regulierungsbeh\u00f6rden. MGA Casinos stehen f\u00fcr hohe Sicherheitsstandards und fairen Spielbetrieb.<\/li>\n<li><strong>Curacao<\/strong>: Die Lizenz aus Curacao ist am weitesten verbreitet. Sie bietet weniger strenge Vorgaben, weshalb du bei Curacao Casinos genauer hinsehen solltest. Es gibt zwar ein paar wenige unseri\u00f6se Anbieter, aber die meisten sind sicher und fair.<\/li>\n<li><strong>EMTA<\/strong>: Estlands Lizenz ist noch wenig bekannt, aber auf jeden Fall genauso strikt und sicher wie eine MGA-Lizenz.<\/li>\n<li><strong>UK Gambling Commission<\/strong>: Die Lizenz aus dem Vereinigten K\u00f6nigreich ist ein Synonym f\u00fcr Vertrauen. Herausragender und strikter Spielerschutz ist hier fest im Gesetz verankert.<\/li>\n<li><strong>Gibraltar<\/strong>: Die Casino Lizenz aus Gibraltar steht f\u00fcr strikte Sicherheit und faire Spiele.<\/li>\n<\/ul>\n<h2>Muss ich Steuern auf Casino-Gewinne zahlen?<\/h2>\n<p>Gewinnst du bei einem Casino ohne Sperrdatei, f\u00e4llt keine Steuer an. Allerdings gelten die steuerfreien Gewinne nur, wenn das Casino in der EU lizenziert ist, du kein professioneller Spieler bist und du reine Gl\u00fccksspiele spielst. Dies ist im deutschen Rennwett- und Lotteriegesetz UstG \u00a7 4 Nr. 9b festgelegt.<\/p>\n<p>Wenn du in Online Casinos spielst, die au\u00dferhalb der EU lizenziert sind, und mehr als 10.000 Euro gewinnst, musst du deine Gewinne deklarieren. Du musst jedoch keine Steuern zahlen. Es besteht aber die M\u00f6glichkeit, dass deine Gewinne beschlagnahmt werden, da Online Gl\u00fccksspiel in Deutschland nur legal ist, wenn der Anbieter eine Lizenz aus einem anderen EU-Land hat.<\/p>\n<p>Wenn du professioneller Spieler bist oder skill-basierte Spiele spielst, musst du deine Gewinne deklarieren und Steuern zahlen. Hier f\u00e4llt die normale Einkommensteuer an. Das gilt unabh\u00e4ngig davon, wo das Online-Casino lizenziert ist.<\/p>\n<h2>Boni in Online Casinos ohne OASIS<\/h2>\n<p>Boni in Casinos ohne Oasis sind besonders attraktiv. Wir haben die h\u00e4ufigsten Boni aufgelistet, die du beanspruchen kannst:<\/p>\n<ul>\n<li>Casino Bonus ohne Einzahlung: Hier erh\u00e4ltst du einen Bonus, ohne eigenes Geld einzuzahlen. Dieser Bonus erm\u00f6glicht dir, risikolos erste Gewinne zu erzielen.<\/li>\n<li>Einzahlungsbonus: Du bekommst zus\u00e4tzliches Bonusgeld passend zu deiner Einzahlung. Dadurch hast du mehr Kapital, um l\u00e4nger zu spielen und deine Gewinnchancen zu erh\u00f6hen.<\/li>\n<li>Freispiele: Diese garantieren dir kostenlose Drehungen an ausgew\u00e4hlten Slots. Damit kannst du Gewinne erzielen, ohne dein eigenes Guthaben zu verbrauchen.<\/li>\n<li>Reload-Bonus: Dieser Bonus belohnt dich f\u00fcr weitere Einzahlungen nach deiner ersten. Du erh\u00e4ltst extra Guthaben und kannst deine Spielzeit verl\u00e4ngern.<\/li>\n<li>Bonus ohne Umsatzbedingungen: Gewinne aus diesem Casino-Bonus kannst du sofort auszahlen, ohne sie vorher mehrfach umsetzen zu m\u00fcssen.<\/li>\n<\/ul>\n<h2>Ein- und Auszahlungen<\/h2>\n<p>Verschiedene Zahlungsarten sind ein entscheidender Faktor in Online Casinos ohne OASIS. Folgenderma\u00dfen kannst du dein Geld bequem ein- und auszuzahlen:<\/p>\n<ul>\n<li>PayPal: Im PayPal Casino profitierst du von schnellen und sicheren Zahlungen mit wenigen Klicks. Es ist besonders wegen schneller Abwicklung und Datenschutz beliebt<\/li>\n<li>Prepaid-Karten: Prepaid-Karten sind ideal f\u00fcr anonyme Einzahlungen. Es ist kein Konto n\u00f6tig und daher besonders beliebt bei Spielern, die wenig Daten angeben m\u00f6chten. Auszahlungen sind jedoch nicht m\u00f6glich.<\/li>\n<li>Apple Pay: Diese Zahlungsart erlaubt schnelle Ein- und Auszahlungen direkt vom Smartphone. Apple Pay Casinos sind bequem, sicher und perfekt f\u00fcr iOS-Nutzer geeignet.<\/li>\n<li>Visa<strong>:<\/strong> Die Visa-Karte ist eine der meistgenutzten Kreditkartenoptionen und definitiv vertrauensw\u00fcrdig. Ein- und Auszahlungen sind weltweit akzeptiert, jedoch k\u00f6nnen die Geb\u00fchren variieren.<\/li>\n<li>Mastercard<strong>:<\/strong> Mastercard bietet \u00e4hnliche Vorteile wie Visa und ist besonders f\u00fcr gro\u00dfe Einzahlungen geeignet. Auszahlungen sind oft eingeschr\u00e4nkt, weshalb Alternativen sinnvoll sein k\u00f6nnen.<\/li>\n<li>Skrill<strong>:<\/strong> Skrill ist eine schnelle E-Wallet-L\u00f6sung und wird in den meisten Online Casinos ohne Sperrdatei akzeptiert. Es bietet niedrige Geb\u00fchren, jedoch muss ein Konto erstellt werden.<\/li>\n<li>Neteller<strong>:<\/strong> Neteller punktet mit Sicherheit und Schnelligkeit. Es bietet Spielern attraktive Treueprogramme und ist daher im Online-Gl\u00fccksspiel weit verbreitet. Es k\u00f6nnen aber Geb\u00fchren anfallen.<\/li>\n<li>Kryptow\u00e4hrungen<strong>:<\/strong> Bitcoin und andere Kryptos sind sicher, anonym und ideal f\u00fcr High-Roller geeignet. Die Transaktionen sind in der Regel schnell, aber die Geb\u00fchren h\u00e4ngen vom jeweiligen Netzwerk ab.<\/li>\n<\/ul>\n<h2>H\u00e4ufig gestellte Fragen<\/h2>\n\t\t<div class=\"wp-faq-schema-wrap wp-faq-schema-accordion\">\n\t\t\t\t\t\t<div class=\"wp-faq-schema-items\">\n\t\t\t\t\t\t\t\t\t<h3>Welches Online Casino ohne OASIS ist das beste?<\/h3>\n\t\t\t\t\t<div class=\"\">\n\t\t\t\t\t\t<p>Das beste Online Casino ohne OASIS ist Lucky Hunter, da es einen sehr gro\u00dfz\u00fcgigen Willkommensbonus bereith\u00e4lt und es sich um einen vertrauensw\u00fcrdigen Anbieter mit einer Lizenz aus Curacao handelt.<\/p>\n\t\t\t\t\t<\/div>\n\t\t\t\t\t\t\t\t\t<h3>Sind Casinos ohne OASIS legal?<\/h3>\n\t\t\t\t\t<div class=\"\">\n\t\t\t\t\t\t<p>Ja, Casinos ohne OASIS sind legal. Achte jedoch zu deiner eigenen Sicherheit darauf, dass der Anbieter eine g\u00fcltige Lizenz besitzt, bestenfalls aus Malta oder Curacao.<\/p>\n\t\t\t\t\t<\/div>\n\t\t\t\t\t\t\t\t\t<h3>Kann ich in Online-Casinos trotz OASIS Sperre spielen?<\/h3>\n\t\t\t\t\t<div class=\"\">\n\t\t\t\t\t\t<p>Ja, du kannst in Online Casinos trotz OASIS-Sperre spielen. Casinos au\u00dferhalb von Deutschland sind nicht mit OASIS verbunden und erlauben dir auch mit OASIS Sperre den vollen Zugang zum Gl\u00fccksspielmarkt.<\/p>\n\t\t\t\t\t<\/div>\n\t\t\t\t\t\t\t\t\t<h3>Sind Online-Casinos ohne OASIS sicher?<\/h3>\n\t\t\t\t\t<div class=\"\">\n\t\t\t\t\t\t<p>Ja, Online Casinos ohne OASIS sind normalerweise sicher. Um auf der sicheren Seite zu sein, solltest du Testberichte lesen und sicherstellen, dass es eine g\u00fcltige Lizenz besitzt.<\/p>\n\t\t\t\t\t<\/div>\n\t\t\t\t\t\t\t\t\t<h3>Welche Spiele kann ich in Casinos ohne OASIS spielen?<\/h3>\n\t\t\t\t\t<div class=\"\">\n\t\t\t\t\t\t<p>In Casinos ohne OASIS findest du alle Spiele, die es in deutschen Casinos auch gibt. Au\u00dferdem gibt es hier eine gr\u00f6\u00dfere Auswahl an Slots, h\u00f6here Jackpots und auch progessive Jackpots. Zudem gibt es Live-Casino-Spiele.<\/p>\n\t\t\t\t\t<\/div>\n\t\t\t\t\t\t\t\t\t<h3>Gibt es auch deutsche Casinos ohne OASIS?<\/h3>\n\t\t\t\t\t<div class=\"\">\n\t\t\t\t\t\t<p>Nein, es gibt keine deutschen Casinos ohne OASIS. Jeder deutsche Anbieter ist an das Sperrsystem angeschlossen.<\/p>\n\t\t\t\t\t<\/div>\n\t\t\t\t\t\t\t<\/div>\n\t\t<\/div>\n\t\t\n            <\/div>\n            <\/section>\n","protected":false},"excerpt":{"rendered":"","protected":false},"author":14,"featured_media":0,"parent":0,"menu_order":0,"comment_status":"closed","ping_status":"closed","template":"","meta":{"_acf_changed":false,"footnotes":""},"class_list":["post-19013","page","type-page","status-publish","hentry"],"acf":[],"yoast_head":"<!-- This site is optimized with the Yoast SEO plugin v26.8 - https:\/\/yoast.com\/product\/yoast-seo-wordpress\/ -->\n<title>10 Beste Online Casinos ohne OASIS<\/title>\n<meta name=\"description\" content=\"Entdecke die besten Online Casinos ohne OASIS Sperrdatei in diesem Artikel. Finde dein Lieblingscasino und fang an zu spielen.\" \/>\n<meta name=\"robots\" content=\"index, follow, max-snippet:-1, max-image-preview:large, max-video-preview:-1\" \/>\n<link rel=\"canonical\" href=\"https:\/\/casinor.com\/de\/online-casino-ohne-oasis\/\" \/>\n<meta property=\"og:locale\" content=\"de_DE\" \/>\n<meta property=\"og:type\" content=\"article\" \/>\n<meta property=\"og:title\" content=\"10 Beste Online Casinos ohne OASIS\" \/>\n<meta property=\"og:description\" content=\"Entdecke die besten Online Casinos ohne OASIS Sperrdatei in diesem Artikel. Finde dein Lieblingscasino und fang an zu spielen.\" \/>\n<meta property=\"og:url\" content=\"https:\/\/casinor.com\/de\/online-casino-ohne-oasis\/\" \/>\n<meta property=\"og:site_name\" content=\"Casinor.com\" \/>\n<meta property=\"article:publisher\" content=\"https:\/\/www.facebook.com\/Casinorcom-1429398773853454\/\" \/>\n<meta property=\"article:modified_time\" content=\"2026-04-17T13:29:52+00:00\" \/>\n<meta name=\"twitter:card\" content=\"summary_large_image\" \/>\n<meta name=\"twitter:site\" content=\"@casinor_com\" \/>\n<script type=\"application\/ld+json\" class=\"yoast-schema-graph\">{\"@context\":\"https:\/\/schema.org\",\"@graph\":[{\"@type\":\"WebPage\",\"@id\":\"https:\/\/casinor.com\/de\/online-casino-ohne-oasis\/\",\"url\":\"https:\/\/casinor.com\/de\/online-casino-ohne-oasis\/\",\"name\":\"10 Beste Online Casinos ohne OASIS\",\"isPartOf\":{\"@id\":\"https:\/\/casinor.com\/#website\"},\"datePublished\":\"2025-02-08T18:18:55+00:00\",\"dateModified\":\"2026-04-17T13:29:52+00:00\",\"description\":\"Entdecke die besten Online Casinos ohne OASIS Sperrdatei in diesem Artikel. Finde dein Lieblingscasino und fang an zu spielen.\",\"breadcrumb\":{\"@id\":\"https:\/\/casinor.com\/de\/online-casino-ohne-oasis\/#breadcrumb\"},\"inLanguage\":\"de\",\"potentialAction\":[{\"@type\":\"ReadAction\",\"target\":[\"https:\/\/casinor.com\/de\/online-casino-ohne-oasis\/\"]}]},{\"@type\":\"BreadcrumbList\",\"@id\":\"https:\/\/casinor.com\/de\/online-casino-ohne-oasis\/#breadcrumb\",\"itemListElement\":[{\"@type\":\"ListItem\",\"position\":1,\"name\":\"Startseite\",\"item\":\"https:\/\/casinor.com\/de\/\"},{\"@type\":\"ListItem\",\"position\":2,\"name\":\"Online Casino ohne OASIS\"}]},{\"@type\":\"WebSite\",\"@id\":\"https:\/\/casinor.com\/#website\",\"url\":\"https:\/\/casinor.com\/\",\"name\":\"Casinor.com\",\"description\":\"Norges beste tjeneste for casino sammenligning\",\"publisher\":{\"@id\":\"https:\/\/casinor.com\/#organization\"},\"potentialAction\":[{\"@type\":\"SearchAction\",\"target\":{\"@type\":\"EntryPoint\",\"urlTemplate\":\"https:\/\/casinor.com\/?s={search_term_string}\"},\"query-input\":{\"@type\":\"PropertyValueSpecification\",\"valueRequired\":true,\"valueName\":\"search_term_string\"}}],\"inLanguage\":\"de\"},{\"@type\":\"Organization\",\"@id\":\"https:\/\/casinor.com\/#organization\",\"name\":\"Casinor.com\",\"url\":\"https:\/\/casinor.com\/\",\"logo\":{\"@type\":\"ImageObject\",\"inLanguage\":\"de\",\"@id\":\"https:\/\/casinor.com\/#\/schema\/logo\/image\/\",\"url\":\"https:\/\/casinor.com\/wp-content\/uploads\/2023\/05\/logo_sweden.svg\",\"contentUrl\":\"https:\/\/casinor.com\/wp-content\/uploads\/2023\/05\/logo_sweden.svg\",\"caption\":\"Casinor.com\"},\"image\":{\"@id\":\"https:\/\/casinor.com\/#\/schema\/logo\/image\/\"},\"sameAs\":[\"https:\/\/www.facebook.com\/Casinorcom-1429398773853454\/\",\"https:\/\/x.com\/casinor_com\",\"https:\/\/no.pinterest.com\/casinor1\",\"https:\/\/www.youtube.com\/channel\/UCIaYR-rxk3WeeGSnE-9M-CQ\"]}]}<\/script>\n<!-- \/ Yoast SEO plugin. -->","yoast_head_json":{"title":"10 Beste Online Casinos ohne OASIS","description":"Entdecke die besten Online Casinos ohne OASIS Sperrdatei in diesem Artikel. Finde dein Lieblingscasino und fang an zu spielen.","robots":{"index":"index","follow":"follow","max-snippet":"max-snippet:-1","max-image-preview":"max-image-preview:large","max-video-preview":"max-video-preview:-1"},"canonical":"https:\/\/casinor.com\/de\/online-casino-ohne-oasis\/","og_locale":"de_DE","og_type":"article","og_title":"10 Beste Online Casinos ohne OASIS","og_description":"Entdecke die besten Online Casinos ohne OASIS Sperrdatei in diesem Artikel. Finde dein Lieblingscasino und fang an zu spielen.","og_url":"https:\/\/casinor.com\/de\/online-casino-ohne-oasis\/","og_site_name":"Casinor.com","article_publisher":"https:\/\/www.facebook.com\/Casinorcom-1429398773853454\/","article_modified_time":"2026-04-17T13:29:52+00:00","twitter_card":"summary_large_image","twitter_site":"@casinor_com","schema":{"@context":"https:\/\/schema.org","@graph":[{"@type":"WebPage","@id":"https:\/\/casinor.com\/de\/online-casino-ohne-oasis\/","url":"https:\/\/casinor.com\/de\/online-casino-ohne-oasis\/","name":"10 Beste Online Casinos ohne OASIS","isPartOf":{"@id":"https:\/\/casinor.com\/#website"},"datePublished":"2025-02-08T18:18:55+00:00","dateModified":"2026-04-17T13:29:52+00:00","description":"Entdecke die besten Online Casinos ohne OASIS Sperrdatei in diesem Artikel. Finde dein Lieblingscasino und fang an zu spielen.","breadcrumb":{"@id":"https:\/\/casinor.com\/de\/online-casino-ohne-oasis\/#breadcrumb"},"inLanguage":"de","potentialAction":[{"@type":"ReadAction","target":["https:\/\/casinor.com\/de\/online-casino-ohne-oasis\/"]}]},{"@type":"BreadcrumbList","@id":"https:\/\/casinor.com\/de\/online-casino-ohne-oasis\/#breadcrumb","itemListElement":[{"@type":"ListItem","position":1,"name":"Startseite","item":"https:\/\/casinor.com\/de\/"},{"@type":"ListItem","position":2,"name":"Online Casino ohne OASIS"}]},{"@type":"WebSite","@id":"https:\/\/casinor.com\/#website","url":"https:\/\/casinor.com\/","name":"Casinor.com","description":"Norges beste tjeneste for casino sammenligning","publisher":{"@id":"https:\/\/casinor.com\/#organization"},"potentialAction":[{"@type":"SearchAction","target":{"@type":"EntryPoint","urlTemplate":"https:\/\/casinor.com\/?s={search_term_string}"},"query-input":{"@type":"PropertyValueSpecification","valueRequired":true,"valueName":"search_term_string"}}],"inLanguage":"de"},{"@type":"Organization","@id":"https:\/\/casinor.com\/#organization","name":"Casinor.com","url":"https:\/\/casinor.com\/","logo":{"@type":"ImageObject","inLanguage":"de","@id":"https:\/\/casinor.com\/#\/schema\/logo\/image\/","url":"https:\/\/casinor.com\/wp-content\/uploads\/2023\/05\/logo_sweden.svg","contentUrl":"https:\/\/casinor.com\/wp-content\/uploads\/2023\/05\/logo_sweden.svg","caption":"Casinor.com"},"image":{"@id":"https:\/\/casinor.com\/#\/schema\/logo\/image\/"},"sameAs":["https:\/\/www.facebook.com\/Casinorcom-1429398773853454\/","https:\/\/x.com\/casinor_com","https:\/\/no.pinterest.com\/casinor1","https:\/\/www.youtube.com\/channel\/UCIaYR-rxk3WeeGSnE-9M-CQ"]}]}},"_links":{"self":[{"href":"https:\/\/casinor.com\/de\/wp-json\/wp\/v2\/pages\/19013","targetHints":{"allow":["GET"]}}],"collection":[{"href":"https:\/\/casinor.com\/de\/wp-json\/wp\/v2\/pages"}],"about":[{"href":"https:\/\/casinor.com\/de\/wp-json\/wp\/v2\/types\/page"}],"author":[{"embeddable":true,"href":"https:\/\/casinor.com\/de\/wp-json\/wp\/v2\/users\/14"}],"replies":[{"embeddable":true,"href":"https:\/\/casinor.com\/de\/wp-json\/wp\/v2\/comments?post=19013"}],"version-history":[{"count":4,"href":"https:\/\/casinor.com\/de\/wp-json\/wp\/v2\/pages\/19013\/revisions"}],"predecessor-version":[{"id":20022,"href":"https:\/\/casinor.com\/de\/wp-json\/wp\/v2\/pages\/19013\/revisions\/20022"}],"wp:attachment":[{"href":"https:\/\/casinor.com\/de\/wp-json\/wp\/v2\/media?parent=19013"}],"curies":[{"name":"wp","href":"https:\/\/api.w.org\/{rel}","templated":true}]}}