{"id":18969,"date":"2025-02-01T19:00:12","date_gmt":"2025-02-01T18:00:12","guid":{"rendered":"https:\/\/casinor.com\/?page_id=18969"},"modified":"2025-07-22T13:28:00","modified_gmt":"2025-07-22T11:28:00","slug":"online-casino-ohne-limit","status":"publish","type":"page","link":"https:\/\/casinor.com\/de\/online-casino-ohne-limit\/","title":{"rendered":"Online Casino ohne Limit"},"content":{"rendered":"\n<section id=\"hero-center-text-block_6c073e33dc590722811de331626f0ede\" class=\"home-hero home-hero--category block-hero-center-text\">\n\t<div class=\"home-hero__container\">\n\t\t<div class=\"home-hero__wrap\">\n\t\t\t<div class=\"home-hero__content\">\n\t\t\t\t\t\t\t\t\t<h1 class=\"home-hero__title\" >Online Casinos ohne Limit<\/h1>\n\t\t\t\t\t\t\t\t\t\t\t\t\t<div class=\"home-hero__text\">Online Casinos ohne Limit bieten die Freiheit, ohne strenge Einsatzlimits zu spielen. Wir bei Casinor zeigen dir die besten Casinos ohne Limit und was du \u00fcber sie wissen musst.<\/div>\n\t\t\t\t\t\t\t<\/div>\n\t\t\t\t\t<\/div>\n\t<\/div>\n<\/section>\n\n\r\n\r\n    \r\n    <section id=\"competitors-table-block_2199fe1f0f1b743e9da77ae6c31ddfe3\" class=\"competitors-table   block-competitors-table is-top-padding is-bottom-padding is-grey\">\r\n        <div class=\"competitors-table__container\">\r\n            <div class=\"competitors-table__wrapper\">\r\n                <div class=\"competitors-table__inner\">\r\n                                            <div class=\"competitors-table__item\">\r\n                            <div class=\"competitors-table__item-img\">\r\n                                                                <a class=\"competitors-table__img-link no-external-link\" target=\"_blank\" rel=\"nofollow noopener\"\r\n                                   href=\"https:\/\/casinor.com\/de\/go\/beste-casinos\">\r\n                                                                                                                <img loading=\"lazy\" decoding=\"async\" width=\"160\" height=\"160\" src=\"https:\/\/casinor.com\/wp-content\/uploads\/2024\/11\/beste-casinos.png\" class=\"competitors-table__img\" alt=\"Beste Casinos\" \/>                                                                                                        <\/a>\r\n                                                        <\/div>\r\n                            <div class=\"competitors-table__item-ttl\">\r\n                                                                    <div class=\"competitors-table__item-ttl-inner\">Beste Online Casinos ohne Limit<\/div>\r\n                                                            <\/div>\r\n\t\t\t\t\t\t\t                            <div class=\"competitors-table__item-cta\">\r\n                                <div class=\"competitors-table__item-cta-inner\">\r\n                                                                            <a href=\"https:\/\/casinor.com\/de\/go\/beste-casinos\" target=\"_blank\"\r\n                                           rel=\"nofollow noopener\"\r\n                                           class=\"btn-base button-green no-external-link\">Zur Seite                                        <\/a>\r\n                                                                    <\/div>\r\n                            <\/div>\r\n                        <\/div>\r\n                                    <\/div>\r\n            <\/div>\r\n        <\/div>\r\n    <\/section>\r\n\n\n\n    <section id=\"content-section-block_9d99e637212914b2789cafb145a8432e\" class=\"content-section is-white  block-content-section\">\n                    <div class=\"content-section__container\">\n                <h2>10 Beste Online Casinos ohne Limit<\/h2>\n<p>Nachfolgend haben wir die 10 besten Online Casinos ohne Limit aufgelistet. Sie alle bieten tolle Casino Boni und nachweislich faire Spiele. Die Anmeldung ist super einfach und du kannst sofort mit dem Spielen beginnen.<\/p>\n<table width=\"624\">\n<tbody>\n<tr>\n<td><strong>Casino<\/strong><\/td>\n<td><strong>Casino Bonus<\/strong><\/td>\n<td><strong>Umsatzbedingungen<\/strong><\/td>\n<td><strong>Min. Einzahlung<\/strong><\/td>\n<td><strong>Lizenz<\/strong><\/td>\n<\/tr>\n<tr>\n<td>Wintopia<\/td>\n<td>2000\u20ac + 300 FS<\/td>\n<td>50x<\/td>\n<td>20\u20ac<\/td>\n<td>Cura\u00e7ao<\/td>\n<\/tr>\n<tr>\n<td>Silverplay<\/td>\n<td>2500\u20ac + 250 FS<\/td>\n<td>35x<\/td>\n<td>20\u20ac<\/td>\n<td>Cura\u00e7ao<\/td>\n<\/tr>\n<tr>\n<td>Trip2Vip<\/td>\n<td>6000\u20ac + 400 FS<\/td>\n<td>40x<\/td>\n<td>20\u20ac<\/td>\n<td>MGA<\/td>\n<\/tr>\n<tr>\n<td>Golden Panda<\/td>\n<td>7500\u20ac + 10% Cashback<\/td>\n<td>4 Mal 15x<\/td>\n<td>20\u20ac<\/td>\n<td>MGA<\/td>\n<\/tr>\n<tr>\n<td>RollingSlots<\/td>\n<td>2600\u20ac + 260 FS<\/td>\n<td>45x<\/td>\n<td>20\u20ac<\/td>\n<td>Cura\u00e7ao<\/td>\n<\/tr>\n<tr>\n<td>CrownPlay<\/td>\n<td>3000\u20ac + 350 FS<\/td>\n<td>35x<\/td>\n<td>20\u20ac<\/td>\n<td>Cura\u00e7ao<\/td>\n<\/tr>\n<tr>\n<td>Casinova<\/td>\n<td>2000\u20ac<\/td>\n<td>40x<\/td>\n<td>20\u20ac<\/td>\n<td>MGA<\/td>\n<\/tr>\n<tr>\n<td>GreatSpin<\/td>\n<td>1000\u20ac + 50 FS<\/td>\n<td>35x<\/td>\n<td>10\u20ac<\/td>\n<td>Cura\u00e7ao<\/td>\n<\/tr>\n<tr>\n<td>Kinbet<\/td>\n<td>3000\u20ac + 350 FS<\/td>\n<td>35x<\/td>\n<td>20\u20ac<\/td>\n<td>Cura\u00e7ao<\/td>\n<\/tr>\n<tr>\n<td>Playfina<\/td>\n<td>1000\u20ac + 600 FS<\/td>\n<td>40x<\/td>\n<td>20\u20ac<\/td>\n<td>Cura\u00e7ao<\/td>\n<\/tr>\n<\/tbody>\n<\/table>\n<h2>Was ist ein Casino ohne Limit?<\/h2>\n<p>Ein Casino ohne Limit ist ein <a href=\"https:\/\/casinor.com\/de\/\">Online Casino<\/a>, das die Spieleins\u00e4tze nicht beschr\u00e4nkt. Du kannst in solch einem Online Casino mehr als 1 Euro pro Spin setzen und auch das monatliche Einzahlungslimit von 1000 Euro entf\u00e4llt.<\/p>\n<p>Seit Juli 2021 beschr\u00e4nken deutsche Gesetze Eins\u00e4tze und Einzahlungen f\u00fcr Casinos mit deutscher Lizenz. Diese Vorschriften gelten jedoch nicht f\u00fcr Casinos ohne Limits, da diese in L\u00e4ndern wie Malta, Estland und Curacao lizenziert sind.<\/p>\n<h2>5 Neue Online Casinos ohne Limit<\/h2>\n<p>Hier findest du f\u00fcnf neue Online Casinos ohne Einschr\u00e4nkungen, die in den letzten 12 Monaten entweder frisch gestartet sind oder gro\u00dfe Updates erhalten haben.<\/p>\n<table width=\"624\">\n<tbody>\n<tr>\n<td><strong>Casino<\/strong><\/td>\n<td><strong>Casino Bonus<\/strong><\/td>\n<td><strong>Umsatzbedingungen<\/strong><\/td>\n<td><strong>Min. Einzahlung<\/strong><\/td>\n<td><strong>Lizenz<\/strong><\/td>\n<td><strong>Gegr\u00fcndet<\/strong><\/td>\n<\/tr>\n<tr>\n<td>Samba Slots<\/td>\n<td>5000\u20ac + 10% Cashback<\/td>\n<td>30x<\/td>\n<td>20\u20ac<\/td>\n<td>Cura\u00e7ao<\/td>\n<td>2024<\/td>\n<\/tr>\n<tr>\n<td>Nitrobet<\/td>\n<td>2500\u20ac + 350 FS<\/td>\n<td>35x<\/td>\n<td>20\u20ac<\/td>\n<td>Cura\u00e7ao<\/td>\n<td>2024<\/td>\n<\/tr>\n<tr>\n<td>Kingmaker<\/td>\n<td>500\u20ac + 25 FS<\/td>\n<td>35x<\/td>\n<td>20\u20ac<\/td>\n<td>MGA<\/td>\n<td>2024<\/td>\n<\/tr>\n<tr>\n<td>Spinight<\/td>\n<td>500\u20ac + 200 FS<\/td>\n<td>40x<\/td>\n<td>20\u20ac<\/td>\n<td>Cura\u00e7ao<\/td>\n<td>2024<\/td>\n<\/tr>\n<tr>\n<td>Roby Casino<\/td>\n<td>500\u20ac + 200 FS<\/td>\n<td>35x<\/td>\n<td>10\u20ac<\/td>\n<td>Cura\u00e7ao<\/td>\n<td>2024<\/td>\n<\/tr>\n<\/tbody>\n<\/table>\n<h2>Warum du in Online Casinos ohne Limit spielen solltest<\/h2>\n<p>Es gibt viele gute Gr\u00fcnde, warum du in einem Casino ohne Limit spielen solltest. Beispielsweise st\u00f6ren sich viele Spieler an den vorgegebenen Wartezeiten zwischen den Spins am Automaten oder m\u00f6chten gerne mehr als 1 Euro im Casino setzen. Vielleicht m\u00f6chtest du aber auch einfach nur das OASIS-Sperrsystem umgehen oder mehr als 1000 Euro im Monat einsetzen. Aus folgenden Gr\u00fcnden lohnt sich das Spielen in Casinos ohne Limit:<\/p>\n<h3>Du kannst in Online Casinos ohne 1 Euro Limit spielen<\/h3>\n<p>In Online Casinos mit deutscher Lizenz hast du immer die Beschr\u00e4nkung von 1 Euro pro Einsatz. Das bedeutet, dass du f\u00fcr jede Drehung der Walzen maximal 1 Euro setzen kannst. Gr\u00f6\u00dfere Eins\u00e4tze sind nicht m\u00f6glich. Willst du im Online Casino mit mehr als 1 Euro Einsatz spielen, musst du ein Casino ohne 1 Euro Limit w\u00e4hlen.<\/p>\n<h3>Kein 1000\u20ac Einzahlungslimit pro Monat<\/h3>\n<p>Deutsche Casinos setzen ein monatliches Limit von 1000 Euro f\u00fcr Einzahlungen. Das Limit ist anbieter\u00fcbergreifend. Du kannst also entweder 1000 Euro bei einem Casino einzahlen, oder die 1000 Euro auf mehrere Casinos aufteilen.<\/p>\n<p>Ein Casino ohne Limit hat keine monatlichen Grenzen, und du kannst mehr als 1000 Euro pro Monat einzahlen.<\/p>\n<h3>Eine gr\u00f6\u00dfere Spielauswahl genie\u00dfen<\/h3>\n<p>In einem Online Casino ohne Einsatzlimit sind die Regeln etwas lockerer, was eine beeindruckende Vielfalt an Spielen erm\u00f6glicht. Unz\u00e4hlige Slots ohne Limits, Live-Spiele und progressive Jackpot Spiele \u2013 all das gibt es in deutschen Casinos mit Limit nicht.<\/p>\n<h3>Einfacher Anmeldeprozess<\/h3>\n<p>Die Anmeldung in Casinos ohne Limit ist wirklich einfach. Deutsche Anbieter verlangen oft eine Video-Identit\u00e4tspr\u00fcfung, was zeitaufwendig und umst\u00e4ndlich ist. Bei einem Online Casino ohne Begrenzung und mit europ\u00e4ischen Lizenzen kannst du dich oft mit wenigen Klicks registrieren.<\/p>\n<h3>Nicht mit OASIS verbunden<\/h3>\n<p>Casinos ohne Limit werden auch als <a href=\"https:\/\/casinor.com\/de\/online-casino-ohne-oasis\/\">Online Casinos ohne OASIS<\/a> bezeichnet. Sie sind nicht mit OASIS verbunden, dem deutschen Selbstausschluss-System. Wenn du dort auf der Liste stehst, kannst du in deutschen Casinos nicht mehr spielen. Allerdings kannst du weiterhin in Casinos ohne Limit spielen, selbst wenn du auf der Ausschlussliste von OASIS stehst.<\/p>\n<h2>Online Casinos ohne Limit haben meistens eine Lizenz aus Malta, Estland oder Curacao<\/h2>\n<p>Online Casinos ohne Tischlimit nutzen h\u00e4ufig Lizenzen aus L\u00e4ndern wie Malta, Estland oder Curacao. Casinos mit diesen Lizenzen erlauben es Spielern aus allen L\u00e4ndern, auch Deutschland, dort nach Belieben zu spielen. Sie haben jedoch keine strengen Einsatz- und Einzahlungslimits, sind aber durch die strikten Lizenzen genauso sicher wie deutsche Casinos.<\/p>\n<h2>Zahlungsarten in Casinos ohne Limit<\/h2>\n<p>Casinos ohne Limit bieten eine Vielzahl von Zahlungsoptionen, die flexibel und bequem sind. Hier ein \u00dcberblick der g\u00e4ngigsten Zahlungsarten in Casinos:<\/p>\n<ul>\n<li>Kryptow\u00e4hrungen: In Casinos ohne Limit wird h\u00e4ufig Bitcoin genutzt, aber auch Ethereum, Litecoin und andere werden akzeptiert. Du genie\u00dft hier schnelle Transaktionen und h\u00f6chste Anonymit\u00e4t. Au\u00dferdem kannst du dich auf die Sicherheit der Blockchain-Technologie verlassen.<\/li>\n<li>Kreditkarten: Casinos bieten so gut wie immer Mastercard und Visa, da sie weit verbreitet und akzeptiert sind. Sie \u00fcberzeugen durch einfache Handhabung und Verl\u00e4sslichkeit. Manchmal werden jedoch Geb\u00fchren f\u00e4llig.<\/li>\n<li>Prepaid-Karte: Prepaid-Karten wie die Paysafecard k\u00f6nnen an zahllosen Verkaufsstellen anonym gekauft werden. Die Karte l\u00e4sst sich mit Geld aufladen, dass du dann im Casino einzahlen kannst. Auszahlungen sind jedoch nicht m\u00f6glich.<\/li>\n<li>E-Wallets: PayPal, Skrill und Neteller stehen f\u00fcr blitzschnelle Transaktionen. Ohne lange Wartezeiten hast du dein Guthaben von der Wallet auf dein Spielerkonto im Casino transferiert.<\/li>\n<li>Mobile Zahlungen: Apple Pay ist in Casinos ohne Limit nicht sehr weit verbreitet. Es macht mobiles Bezahlen kinderleicht. Mit wenigen Klicks kannst du dein Spielguthaben per Smartphone aufladen.<\/li>\n<li>Bank\u00fcberweisung: Die klassische Bank\u00fcberweisung wird h\u00e4ufig genutzt, aber es bleibt eine Option f\u00fcr geduldige Spieler. Ein- und Auszahlungen dauern l\u00e4nger, aber daf\u00fcr sind sie absolut sicher.<\/li>\n<\/ul>\n<h2>H\u00e4ufig gestellte Fragen<\/h2>\n\t\t<div class=\"wp-faq-schema-wrap wp-faq-schema-accordion\">\n\t\t\t\t\t\t<div class=\"wp-faq-schema-items\">\n\t\t\t\t\t\t\t\t\t<h3>Welches Casino ohne Limit eignet sich am besten zum Spielen?<\/h3>\n\t\t\t\t\t<div class=\"\">\n\t\t\t\t\t\t<p>Silverplay ist in unserem Test eines der besten Casinos ohne Limit, da es f\u00fcr neue Spieler au\u00dfergew\u00f6hnlich gro\u00dfz\u00fcgige Belohnungen gibt und die Umsatzbedingungen f\u00fcr den Bonus recht niedrig ausfallen.<\/p>\n\t\t\t\t\t<\/div>\n\t\t\t\t\t\t\t\t\t<h3>Sind Online Casinos ohne Limit in Deutschland legal?<\/h3>\n\t\t\t\t\t<div class=\"\">\n\t\t\t\t\t\t<p>Ja, Online Casinos ohne Limit sind in Deutschland legal und k\u00f6nnen von allen Spielern besucht werden.<\/p>\n\t\t\t\t\t<\/div>\n\t\t\t\t\t\t\t\t\t<h3>Sind Casinos ohne Limit sicher?<\/h3>\n\t\t\t\t\t<div class=\"\">\n\t\t\t\t\t\t<p>Ja, Casinos ohne Limit sind sicher. Achte darauf, dass der Anbieter \u00fcber eine g\u00fcltige Lizenz verf\u00fcgt und Sicherheitsvorkehrungen wie eine Verschl\u00fcsselung der Website getroffen hat.<\/p>\n\t\t\t\t\t<\/div>\n\t\t\t\t\t\t\t\t\t<h3>Welche Spiele kann ich in Online Casinos ohne Limit spielen?<\/h3>\n\t\t\t\t\t<div class=\"\">\n\t\t\t\t\t\t<p>In Casinos ohne Limit kannst du nat\u00fcrlich alle Spiele spielen, die es in deutschen Casinos gibt. Jedoch gibt es hier auch zus\u00e4tzliche Slots mit hohen Jackpots und jede Menge aufregende Live-Spiele.<\/p>\n\t\t\t\t\t<\/div>\n\t\t\t\t\t\t\t\t\t<h3>Welche Bonusse kann ich in Online Casinos ohne Limit beanspruchen?<\/h3>\n\t\t\t\t\t<div class=\"\">\n\t\t\t\t\t\t<p>In Casinos ohne Einzahlungslimit kannst du dir \u00fcblicherweise tolle Boni wie einen Einzahlungsbonus, Freispiele, Reload-Bonus oder einen Bonus ohne Einzahlung sichern.<\/p>\n\t\t\t\t\t<\/div>\n\t\t\t\t\t\t\t<\/div>\n\t\t<\/div>\n\t\t\n            <\/div>\n            <\/section>\n","protected":false},"excerpt":{"rendered":"","protected":false},"author":14,"featured_media":0,"parent":0,"menu_order":0,"comment_status":"closed","ping_status":"closed","template":"","meta":{"_acf_changed":false,"footnotes":""},"class_list":["post-18969","page","type-page","status-publish","hentry"],"acf":[],"yoast_head":"<!-- This site is optimized with the Yoast SEO plugin v26.8 - https:\/\/yoast.com\/product\/yoast-seo-wordpress\/ -->\n<title>10 beste Online Casinos ohne Limit<\/title>\n<meta name=\"description\" content=\"Wir haben die besten Online Casinos ohne Limit gefunden. Hier erf\u00e4hrst du alles, was du wissen musst, bevor du anf\u00e4ngst zu spielen.\" \/>\n<meta name=\"robots\" content=\"index, follow, max-snippet:-1, max-image-preview:large, max-video-preview:-1\" \/>\n<link rel=\"canonical\" href=\"https:\/\/casinor.com\/de\/online-casino-ohne-limit\/\" \/>\n<meta property=\"og:locale\" content=\"de_DE\" \/>\n<meta property=\"og:type\" content=\"article\" \/>\n<meta property=\"og:title\" content=\"10 beste Online Casinos ohne Limit\" \/>\n<meta property=\"og:description\" content=\"Wir haben die besten Online Casinos ohne Limit gefunden. Hier erf\u00e4hrst du alles, was du wissen musst, bevor du anf\u00e4ngst zu spielen.\" \/>\n<meta property=\"og:url\" content=\"https:\/\/casinor.com\/de\/online-casino-ohne-limit\/\" \/>\n<meta property=\"og:site_name\" content=\"Casinor.com\" \/>\n<meta property=\"article:publisher\" content=\"https:\/\/www.facebook.com\/Casinorcom-1429398773853454\/\" \/>\n<meta property=\"article:modified_time\" content=\"2025-07-22T11:28:00+00:00\" \/>\n<meta name=\"twitter:card\" content=\"summary_large_image\" \/>\n<meta name=\"twitter:site\" content=\"@casinor_com\" \/>\n<script type=\"application\/ld+json\" class=\"yoast-schema-graph\">{\"@context\":\"https:\/\/schema.org\",\"@graph\":[{\"@type\":\"WebPage\",\"@id\":\"https:\/\/casinor.com\/de\/online-casino-ohne-limit\/\",\"url\":\"https:\/\/casinor.com\/de\/online-casino-ohne-limit\/\",\"name\":\"10 beste Online Casinos ohne Limit\",\"isPartOf\":{\"@id\":\"https:\/\/casinor.com\/#website\"},\"datePublished\":\"2025-02-01T18:00:12+00:00\",\"dateModified\":\"2025-07-22T11:28:00+00:00\",\"description\":\"Wir haben die besten Online Casinos ohne Limit gefunden. Hier erf\u00e4hrst du alles, was du wissen musst, bevor du anf\u00e4ngst zu spielen.\",\"breadcrumb\":{\"@id\":\"https:\/\/casinor.com\/de\/online-casino-ohne-limit\/#breadcrumb\"},\"inLanguage\":\"de\",\"potentialAction\":[{\"@type\":\"ReadAction\",\"target\":[\"https:\/\/casinor.com\/de\/online-casino-ohne-limit\/\"]}]},{\"@type\":\"BreadcrumbList\",\"@id\":\"https:\/\/casinor.com\/de\/online-casino-ohne-limit\/#breadcrumb\",\"itemListElement\":[{\"@type\":\"ListItem\",\"position\":1,\"name\":\"Startseite\",\"item\":\"https:\/\/casinor.com\/de\/\"},{\"@type\":\"ListItem\",\"position\":2,\"name\":\"Online Casino ohne Limit\"}]},{\"@type\":\"WebSite\",\"@id\":\"https:\/\/casinor.com\/#website\",\"url\":\"https:\/\/casinor.com\/\",\"name\":\"Casinor.com\",\"description\":\"Norges beste tjeneste for casino sammenligning\",\"publisher\":{\"@id\":\"https:\/\/casinor.com\/#organization\"},\"potentialAction\":[{\"@type\":\"SearchAction\",\"target\":{\"@type\":\"EntryPoint\",\"urlTemplate\":\"https:\/\/casinor.com\/?s={search_term_string}\"},\"query-input\":{\"@type\":\"PropertyValueSpecification\",\"valueRequired\":true,\"valueName\":\"search_term_string\"}}],\"inLanguage\":\"de\"},{\"@type\":\"Organization\",\"@id\":\"https:\/\/casinor.com\/#organization\",\"name\":\"Casinor.com\",\"url\":\"https:\/\/casinor.com\/\",\"logo\":{\"@type\":\"ImageObject\",\"inLanguage\":\"de\",\"@id\":\"https:\/\/casinor.com\/#\/schema\/logo\/image\/\",\"url\":\"https:\/\/casinor.com\/wp-content\/uploads\/2023\/05\/logo_sweden.svg\",\"contentUrl\":\"https:\/\/casinor.com\/wp-content\/uploads\/2023\/05\/logo_sweden.svg\",\"caption\":\"Casinor.com\"},\"image\":{\"@id\":\"https:\/\/casinor.com\/#\/schema\/logo\/image\/\"},\"sameAs\":[\"https:\/\/www.facebook.com\/Casinorcom-1429398773853454\/\",\"https:\/\/x.com\/casinor_com\",\"https:\/\/no.pinterest.com\/casinor1\",\"https:\/\/www.youtube.com\/channel\/UCIaYR-rxk3WeeGSnE-9M-CQ\"]}]}<\/script>\n<!-- \/ Yoast SEO plugin. -->","yoast_head_json":{"title":"10 beste Online Casinos ohne Limit","description":"Wir haben die besten Online Casinos ohne Limit gefunden. Hier erf\u00e4hrst du alles, was du wissen musst, bevor du anf\u00e4ngst zu spielen.","robots":{"index":"index","follow":"follow","max-snippet":"max-snippet:-1","max-image-preview":"max-image-preview:large","max-video-preview":"max-video-preview:-1"},"canonical":"https:\/\/casinor.com\/de\/online-casino-ohne-limit\/","og_locale":"de_DE","og_type":"article","og_title":"10 beste Online Casinos ohne Limit","og_description":"Wir haben die besten Online Casinos ohne Limit gefunden. Hier erf\u00e4hrst du alles, was du wissen musst, bevor du anf\u00e4ngst zu spielen.","og_url":"https:\/\/casinor.com\/de\/online-casino-ohne-limit\/","og_site_name":"Casinor.com","article_publisher":"https:\/\/www.facebook.com\/Casinorcom-1429398773853454\/","article_modified_time":"2025-07-22T11:28:00+00:00","twitter_card":"summary_large_image","twitter_site":"@casinor_com","schema":{"@context":"https:\/\/schema.org","@graph":[{"@type":"WebPage","@id":"https:\/\/casinor.com\/de\/online-casino-ohne-limit\/","url":"https:\/\/casinor.com\/de\/online-casino-ohne-limit\/","name":"10 beste Online Casinos ohne Limit","isPartOf":{"@id":"https:\/\/casinor.com\/#website"},"datePublished":"2025-02-01T18:00:12+00:00","dateModified":"2025-07-22T11:28:00+00:00","description":"Wir haben die besten Online Casinos ohne Limit gefunden. Hier erf\u00e4hrst du alles, was du wissen musst, bevor du anf\u00e4ngst zu spielen.","breadcrumb":{"@id":"https:\/\/casinor.com\/de\/online-casino-ohne-limit\/#breadcrumb"},"inLanguage":"de","potentialAction":[{"@type":"ReadAction","target":["https:\/\/casinor.com\/de\/online-casino-ohne-limit\/"]}]},{"@type":"BreadcrumbList","@id":"https:\/\/casinor.com\/de\/online-casino-ohne-limit\/#breadcrumb","itemListElement":[{"@type":"ListItem","position":1,"name":"Startseite","item":"https:\/\/casinor.com\/de\/"},{"@type":"ListItem","position":2,"name":"Online Casino ohne Limit"}]},{"@type":"WebSite","@id":"https:\/\/casinor.com\/#website","url":"https:\/\/casinor.com\/","name":"Casinor.com","description":"Norges beste tjeneste for casino sammenligning","publisher":{"@id":"https:\/\/casinor.com\/#organization"},"potentialAction":[{"@type":"SearchAction","target":{"@type":"EntryPoint","urlTemplate":"https:\/\/casinor.com\/?s={search_term_string}"},"query-input":{"@type":"PropertyValueSpecification","valueRequired":true,"valueName":"search_term_string"}}],"inLanguage":"de"},{"@type":"Organization","@id":"https:\/\/casinor.com\/#organization","name":"Casinor.com","url":"https:\/\/casinor.com\/","logo":{"@type":"ImageObject","inLanguage":"de","@id":"https:\/\/casinor.com\/#\/schema\/logo\/image\/","url":"https:\/\/casinor.com\/wp-content\/uploads\/2023\/05\/logo_sweden.svg","contentUrl":"https:\/\/casinor.com\/wp-content\/uploads\/2023\/05\/logo_sweden.svg","caption":"Casinor.com"},"image":{"@id":"https:\/\/casinor.com\/#\/schema\/logo\/image\/"},"sameAs":["https:\/\/www.facebook.com\/Casinorcom-1429398773853454\/","https:\/\/x.com\/casinor_com","https:\/\/no.pinterest.com\/casinor1","https:\/\/www.youtube.com\/channel\/UCIaYR-rxk3WeeGSnE-9M-CQ"]}]}},"_links":{"self":[{"href":"https:\/\/casinor.com\/de\/wp-json\/wp\/v2\/pages\/18969","targetHints":{"allow":["GET"]}}],"collection":[{"href":"https:\/\/casinor.com\/de\/wp-json\/wp\/v2\/pages"}],"about":[{"href":"https:\/\/casinor.com\/de\/wp-json\/wp\/v2\/types\/page"}],"author":[{"embeddable":true,"href":"https:\/\/casinor.com\/de\/wp-json\/wp\/v2\/users\/14"}],"replies":[{"embeddable":true,"href":"https:\/\/casinor.com\/de\/wp-json\/wp\/v2\/comments?post=18969"}],"version-history":[{"count":8,"href":"https:\/\/casinor.com\/de\/wp-json\/wp\/v2\/pages\/18969\/revisions"}],"predecessor-version":[{"id":19524,"href":"https:\/\/casinor.com\/de\/wp-json\/wp\/v2\/pages\/18969\/revisions\/19524"}],"wp:attachment":[{"href":"https:\/\/casinor.com\/de\/wp-json\/wp\/v2\/media?parent=18969"}],"curies":[{"name":"wp","href":"https:\/\/api.w.org\/{rel}","templated":true}]}}