{"id":11672,"date":"2023-05-18T11:13:22","date_gmt":"2023-05-18T12:13:22","guid":{"rendered":"https:\/\/casinor.com\/?page_id=11672"},"modified":"2026-04-17T15:42:52","modified_gmt":"2026-04-17T13:42:52","slug":"freispiele","status":"publish","type":"page","link":"https:\/\/casinor.com\/de\/freispiele\/","title":{"rendered":"Freispiele"},"content":{"rendered":"\n<section id=\"hero-center-text-block_0002e35700d9577f45b1b96164912b0e\" class=\"home-hero home-hero--category block-hero-center-text\">\n\t<div class=\"home-hero__container\">\n\t\t<div class=\"home-hero__wrap\">\n\t\t\t<div class=\"home-hero__content\">\n\t\t\t\t\t\t\t\t\t<h1 class=\"home-hero__title\" >Freispiele<\/h1>\n\t\t\t\t\t\t\t\t\t\t\t\t\t<div class=\"home-hero__text\">\u00dcbersicht \u00fcber die besten Casinos mit Freispiele ohne Einzahlung 2026 bei Casinor.<\/div>\n\t\t\t\t\t\t\t<\/div>\n\t\t\t\t\t<\/div>\n\t<\/div>\n<\/section>\n\n\n    <section id=\"content-section-block_b1018e13c7fae2801abd469d468732c8\" class=\"content-section is-white is-padding block-content-section\">\n                    <div class=\"content-section__container\">\n                <h2>Was ist das und wie bekommst du diese Freispiele ohne<\/h2>\n<div class=\"h2__spacing\">\n<h2>Einzahlung in einem regul\u00e4ren Online Casino<\/h2>\n<p>Bei Freispielen handelt es sich um gratis Drehs, die man als Spieler an einem Spielautomat verwenden kann. Freespisn gibt es sehr oft bei <a href=\"https:\/\/casinor.com\/de\/neue-casinos\/\">neue Online Casinos<\/a>, da diese so versuchen, neue Spieler anzulocken.<\/p>\n<p>Sie sind ein wichtiger Bestandteil der Casino Kultur. Nicht umsonst haben wir uns entschieden, einen langen Artikel dar\u00fcber zu verfassen. Denn eigentlich waren sie einst eine Besonderheit eines Spielst. Die Rede ist hier vom Spielautomat.<\/p>\n<p>Beim Spielautomat war und ist es auch heute noch \u00fcblich, dass wenn bestimmte Symbole auf den Walzen auftauchen, diese Free Spins ausl\u00f6sen k\u00f6nnen.<\/p>\n<p>In <a href=\"https:\/\/casinor.com\/de\/\">Online Casinos<\/a> basiert ein gro\u00dfer Teil aller Spiel auf den klassischen Spielautomaten und du kannst noch immer Freespins bei den meisten Slots gewinnen. Das Konzept hat sich jedoch im Laufe der Jahre ver\u00e4ndert und kann heute zwei verschiedene Dinge bedeuten.<\/p>\n<p>Mittlerweile verwenden fast alle Casinos das Konzept der Freespins als Bezeichnung von Freirunden oder gratis Drehs, die Spieler bei einem ausgew\u00e4hlten Spielautomat eines Casinos erhalten k\u00f6nnen. Wie du siehst, gibt es verschiedene Arten. Du kannst\u00a0 sie also f\u00fcr einen bestimmten Spielautomat angeboten bekommen und Freispiele w\u00e4hrend des Spiels gewinnen.<\/p>\n<p>Hier wirst du mehr zum Thema erfahren und wir werden dabei auf die folgenden eingehen:<\/p>\n<ul>\n<li>Freispiele ohne Einzahlung<\/li>\n<li>Freispiele ohne Umsatzbedingungen<\/li>\n<li>Freispiele als Teil des Einzahlungsbonus<\/li>\n<\/ul>\n<p>Hoffentlich k\u00f6nnen wir dir dabei behilflich sein, zu verstehen wie Casinos Freespins als Casino Boni anbieten und du Freispiele gewinnen kannst, w\u00e4hrend du an einem Spielautomat spielst.<\/p>\n<p>Es gibt viele Synonyme f\u00fcr Freispiele. Wir schreiben hier im Text mal \u00fcber Spins oder Free Spins aber du solltest wissen, dass wir dasselbe damit meinen.<\/p>\n<h2>Warum sind Freispiele so gefragt?<\/h2>\n<p>Frei oder gratis ist gut, nicht wahr? Nat\u00fcrlich sch\u00e4tzt du es als Spieler, wenn du etwas bekommst, fuer das du nicht bezahlen musst. Und ganz besonders dann, wenn das bedeutet, dass du echtes Geld und mit echtem Geld gewinnen und dazu noch Spass haben kannst.<\/p>\n<p>Ein weiterer Grund, warum Free Spins Casino so beliebt sind, ist, dass sie f\u00fcr viele Menschen ein offensichtlicher Bestandteil des Spielens an Spielautomaten sind. Und jetzt kann man sie auch mehr oder weniger von einem Casino erwarten, das neue Kunden gewinnen m\u00f6chte.<\/p>\n<p>Betrachtest du es aus der Perspektive eines Online Casinos, dann ist es einfach, etwas zu vermarkten, das bereits die Bezeichnung \u201cfrei\u201d enth\u00e4lt. Die meisten Menschen reagieren positiv, wenn das Wort Freispiele f\u00e4llt.<\/p>\n<h2>Wie kommt es, dass Online Casinos etwas kostenlos ausgeben?<\/h2>\n<p>Online Casinos werden von Unternehmen betrieben, die Kosten haben und Gewinne machen m\u00fcssen. Mit Freispielen hat das Casino die M\u00f6glichkeit, neue Kunden f\u00fcr das Casino zu gewinnen und zudem ein Mittel, mit dem sich Bestandskunden besonders betreut f\u00fchlen.<\/p>\n<p>Die Freispiele die vom Casino als gratis Geld ausgegeben werden stellen ein gr\u00f6\u00dferes Risiko f\u00fcr das Casino dar, denn der Anbieter kann schlecht im Voraus wissen, ob die Casino Free Spins \u00fcberzeugend genug sind, so dass du nachdem du die Freespins aufgebraucht hast, erneut beim Casino spielen wirst.<\/p>\n<p>Es ist jedoch ein kalkuliertes Risiko und die Erfahrung zeigt, dass viele, die mit Hilfe von Freispielen bei einem Online Casino angefangen haben zu spielen, auch anschlie\u00dfend Geld einzahlen werden.<\/p>\n<h2>Wie bekomme ich Freispiele in einem Online Casino?<\/h2>\n<p>Freispiele sind nat\u00fcrlich gefragt und viele deutsche Online Casinos bieten sie an. Aber wie kannst du am einfachsten das beste Freespins Angebot finden?<\/p>\n<p>Du hast entweder die M\u00f6glichkeit, viel Zeit damit zu verbringen, jedes Casino zu vergleichen oder du machst es dir einfach und schaust dir unsere Casino Bestenliste an.<\/p>\n<p>Wir haben alle Online Casinos, die Freispiele anbieten getestet und auch die Bonusbedingungen durchleuchtet. Du kannst also davon ausgehen, dass du es bei unseren Empfehlungen nur mit top Angeboten bereicherst wirst.<\/p>\n<p>Alles was du tun musst, um Freispiele ohne Einzahlung in deutschen Casinos zu erhalten, ist das folgende:<\/p>\n<ol>\n<li>W\u00e4hle eines unserer Casinos aus.<\/li>\n<li>Klicke auf den \u201cZum Casino\u201d Button<\/li>\n<li>F\u00fchre den Registrierungsvorgang durch<\/li>\n<li>Besuche das Spiel wo die Freispiele ohne Einzahlung auf dich warten.<\/li>\n<\/ol>\n<p>Stelle immer sicher, dass du das Willkommensangebot vor dem Anfordern \u00fcberpr\u00fcfst, so dass du wei\u00dft, dass es sich auch wirklich um das Freispielangebot handelt.<\/p>\n<h2>Die verschiedenen Freispiele Boni<\/h2>\n<p>Freispiele sind ein ziemlich einfaches Konzept und wir hoffen, dass du verstanden hast, wie es normalerweise funktioniert. Es kann sie als Teil von einem Willkommenspaket oder als Freispiele ohne Einzahlung bzw. ohne Umsatzbedingungen geben.<\/p>\n<p>Entscheidest du dich dazu, sie in Anspruch zu nehmen, dann wirst du schnell feststellen, wie unglaublich vorteilhaft sie sein k\u00f6nnen, wenn die Bedingungen stimmen.<\/p>\n<h3>Freispiele ohne Einzahlung 2020<\/h3>\n<p>Wenn du bei einem Online Casino ein neues Konto er\u00f6ffnest, erh\u00e4ltst du in der Regel einen Willkommensbonus. Manche Online Casinos locken gleich zu Beginn mit einem Freispiele Bonus. Du erh\u00e4ltst dann nach erfolgreicher Registrierung eine gewisse Anzahl an Freespins. Der Begriff \u201cohne Einzahlung\u201d bedeutet, dass du kein Geld auf dein Spielerkonto einzahlen musst, um deine 50 Freispiele ohne Einzahlung in Anspruch zu nehmen.<\/p>\n<p>Hier geht es normalerweise nicht um riesige Beitr\u00e4ge oder besonders viele Freespins no Deposit. Aber man bekommt sie umsonst und muss kein Risiko eingehen, mit ihnen zu spielen. Du hast also nichts zu verlieren, wenn du das Angebot annimmst.<\/p>\n<p>Bitte beachte aber, dass es m\u00f6glicherweise noch Bedingungen gibt, die du erf\u00fcllen musst.\u00a0 Erst dann kannst du Gewinne, die du mit den Casino Freispiele ohne Einzahlung erzielt hast, auszahlen lassen.<\/p>\n<p>Sp\u00e4ter werden wir dir hier noch mehr dazu mitteilen.<\/p>\n<h3>Freispiele ohne Umsatzbedingungen<\/h3>\n<p>Bei den Umsatzbedingungen handelt sich um ein Grundkonzept in der Casino Welt, mit dem du dich besser schnell vertraut machen solltest. Die meisten Online Casinos verlangen bei ihrem\u00a0<a href=\"https:\/\/casinor.com\/de\/online-casino-bonus\/\">Online Casino Bonus<\/a>, dass du Umsatzbedingungen erf\u00fcllst. Erst dann kannst du Gewinne auszahlen lassen.<\/p>\n<p><strong>Nehmen wir an, du gewinnst 1000 Euro mit Hilfe von Freispielen. Die Umsatzbedingungen lauten 30-mal. Das bedeutet, dass du 30.000 Euro umgesetzt haben musst, bevor du Gewinne auszahlen kannst.<\/strong><\/p>\n<p>30.000 Euro m\u00f6gen vielleicht nach einer sehr hohen Summe klingen, aber wenn du bedenkst, dass ein Casinospiel dir durchschnittlich 96 % deines Einsatzes in Gewinnen einbringt, wirst du sehen, dass du viel mehr Geld gewinnen wirst, als du einsetzen musst. Vorausgesetzt, du spielst weiterhin mit deinen Gewinnen<\/p>\n<p><strong>Freispiele ohne Umsatz bedeuten, dass du nicht \u00fcber all das nachdenken musst. Sobald du sie in Anspruch nimmst, liegt der Gewinn direkt bei dir, genauso als w\u00fcrdest du mit deinem eigenen Geld spielen.<\/strong><\/p>\n<p><strong>Einer der besten verf\u00fcgbaren Casino Boni sind Freispiele ohne Einzahlung und ohne Umsatzbedingungen.<\/strong><\/p>\n<h3>Freispiele als Teil des Einzahlungsbonus<\/h3>\n<p>Die h\u00e4ufigste Bonusart in der Casino Welt sind Einzahlungsboni. Dies bedeutet, dass du etwas erh\u00e4ltst, wenn du Geld auf dein Casino Konto einzahlst. Normalerweise erh\u00e4ltst du eine Geldsumme in Bonusguthaben mit der du kostenlos spielen kannst. In der Regel gibt es mit dem Einzahlungsbonus auch eine Reihe von Casino Freispielen.<\/p>\n<p>Wie viel du vom Casino erh\u00e4ltst, h\u00e4ngt davon ab, wie viel du investierst. Es gibt auch Online Casinos, die einen kleinen Einzahlungsbonus, daf\u00fcr aber umso mehr Freispiele vergeben. Es kann also sein, dass du Hunderte erh\u00e4ltst, die du f\u00fcr einige ausgew\u00e4hlte Spiele verwenden kannst.<\/p>\n<p>Normalerweise sind die Freespins \u00fcber mehrere Tage verteilt und eine bestimmte Anzahl ist immer f\u00fcr 24 Stunden verf\u00fcgbar. Danach verfallen die nicht genutzten Spiele.<\/p>\n<p><strong>Viele deutsche Casinos geben heute zus\u00e4tzlich zu ihrem Einzahlungsbonus Freispiele gratis aus. Ein Beispiel daf\u00fcr ist der 100% Bonus + 100 gratis Spiele. Das sind normalerweise Freispiele ohne Umsatzbedingungen.<\/strong><\/p>\n<p>Stelle sicher, dass du immer die Allgemeinen Gesch\u00e4ftsbedingungen durchliest, damit du das Risiko verringerst, entt\u00e4uscht zu werden. Einzahlungsboni sind normalerweise der wichtigste Teil der Willkommensboni.<\/p>\n<p>Es gibt aber auch Casinos, die sie weiterhin ausgeben, wenn du Einzahlungen t\u00e4tigst.<\/p>\n<h2>Wie viele Freispiele bekomme ich?<\/h2>\n<p>Wie viele Freispiele du beim jeweiligen Online Casino erh\u00e4ltst, kann so pauschal nicht gesagt werden, da die Anzahl variiert. Aber bis zu 200 Freispiele sind durchaus drin. Manchmal kann es auch 50\u00a0Freispiele ohne Einzahlung\u00a0sein, mit denen du dann im Casino kostenlos spielen kannst.<\/p>\n<p>Im Endeffekt dienen sie als zus\u00e4tzliches \u201cGuthaben\u201d mit denen du an einem bestimmten oder verschiedenen Spielautomaten spielen kannst.<\/p>\n<p>Sind es Freispiele, die in Zusammenhang mit einem Einzahlungsbonus ausgegeben werden, dann werden sie zu deinem Geld hinzugerechnet. Nehmen wir an, du kannst 200 Freispiele erhalten, nachdem du maximal 200 Euro eingezahlt hast. Dann erh\u00e4ltst du nicht nur einen Einzahlungsbonus (100%) vom Casino sondern auch noch 200 Freispiele obendrauf. Das erh\u00f6ht wiederum deine Gewinnchancen und verl\u00e4ngert deine Spielzeit.<\/p>\n<h2>Umsatzbedingungen<\/h2>\n<p>Wie schon erw\u00e4hnt, es kann Freispiele mit Umsatzbedingungen und ohne geben. Widmen wir uns hier den Umsatzbedingungen, die du unbedingt beachten solltest, wenn du dich f\u00fcr ein Online Casino entscheidest.<\/p>\n<p>Wenn du Gewinne generierst, dann werden sie zuerst auf deinem Spielerkonto als Bonusguthaben gutgeschrieben. Das Guthaben kannst du dann zum Spielen verwenden, nicht aber auszahlen lassen.<\/p>\n<p>M\u00f6chtest du das Bonusguthaben in echtes Geld umwandeln, dann musst du den Betrag mehrere Male umsetzen. Die Umsatzbedingungen k\u00f6nnen von Casino zu Casino variieren. Oft wird aber 30-mal oder 50-mal von dir verlangt.<\/p>\n<p>Es kommt auch des \u00f6fteren vor, dass das Casino eine Gewinngrenze vorschreibt, bei der du Gewinne bis 100 Euro auszahlen lassen kannst. Der Rest geht zur\u00fcck ans Casino.<\/p>\n<h2>Freispiele in neuen Online Casinos<\/h2>\n<p>Auch in neuen Online Casinos ist es gang und g\u00e4be, dass du einen Willkommensbonus, meistens in Form von Freispielen erh\u00e4ltst. Diese Angebote sind meistens so attraktiv, dass man gar nicht dran vorbei schauen kann. Oft handelt es um vor\u00fcbergehende Angebote, die m\u00f6glicherweise nur f\u00fcr die Woche gilt, in der das Casino ge\u00f6ffnet wurde.<\/p>\n<p><strong>Du solltest es deshalb nicht verpassen, dieses Freispiel Angebot in Anspruch zu nehmen.<\/strong><\/p>\n<p>Es k\u00f6nnte aber auch sein, dass das neue Online Casino den ersten tausend Erstbesuchern der Webseite einen Haufen Freispiele ohne Umsatz und ohne Einzahlung anbietet. Wenn ein neues Casino online mit einer spektakul\u00e4ren Startkampagne beginnt, kann davon ausgegangen werden, dass diese viele neue Spieler anzieht. Es liegt dann an dem Casino, diese Spieler bei sich zu behalten.<\/p>\n<p>Die Tatsache, dass es so gute Startangebote gibt, ist ein guter Grund, sich bei unseren neuen Online Casinos umzuschauen und unseren detaillierten Artikel dazu zu lesen.<\/p>\n<h2>Freispiele an Spielautomaten<\/h2>\n<p>Eine andere M\u00f6glichkeit, Freispiele zu erhalten, besteht darin, einfach eine Einzahlung zu t\u00e4tigen. Anschlie\u00dfend w\u00e4hlst du einen Spielautomaten aus, an dem du spielen m\u00f6chtest und beginnst mit dem Spielen.<\/p>\n<p>Die meisten Spielautomaten bieten den Spielern w\u00e4hrend des Spiels regelm\u00e4\u00dfig Freispiele an. Damit werden deine Gewinne erh\u00f6ht werden.<\/p>\n<p>Solltest du zum Beispiele 25 Euro gewinnen, kann dieser Betrag in der Freispiel Runde verdoppelt, verdreifacht oder sogar noch mehr erh\u00f6ht werden. Es gibt tats\u00e4chlich\u00a0<a href=\"https:\/\/casinor.com\/de\/spielautomaten\/\" data-wpel-link=\"internal\">Spielautomaten<\/a>, die all deine Gewinne im Freespins Modus bis zu zehnmal erh\u00f6hen.<\/p>\n<p><strong>Das bedeutet, dass in diesem Fall deine 25 Euro pl\u00f6tzlich zu 250 Kronen werdem w\u00fcrden. Und wenn du in zwei Stunden, in denen du wettest, 10 solcher Preise landest, dann kannst du einen Gewinn von 2. 500 Euro landen. Und wenn du es schaffst, in einer dieser Fresipielrudnen einen hohen Gewinn zwischen 1.000 und 5.000 Euro zu erzielen, dann wird dieser Gewinn auch verdoppelt oder verdreifacht.<\/strong><\/p>\n<h2>Warum bieten nicht alle Spielautomaten Freispiele an?<\/h2>\n<p>Die meisten, aber nicht alle Spielautomaten bieten seinen Kunden Freispiele an. Es stellt sich also die Frage, warum du \u00fcberhaupt einen Spielautomat w\u00e4hlen solltest, der die Funktion nicht hat?<\/p>\n<p>Wir stimmen dir zu, dass sie wirklich nett und sehr attraktiv sein k\u00f6nnen. Aber es gibt auch Slots, die andere Funktionen bieten, die vielleicht ein Spiel mit Freispielen nicht bietet. Auch diese Funktionen k\u00f6nnen dem Spieler von Vorteil sein.<\/p>\n<p>Stattdessen solltest du neben den verschiedenen Funktionen eher ein Auge auf die Gewinnchancen werfen. Dabei geht es um den RTP (return-to-player) Wert des Spiels.<\/p>\n<p>Sollte es ein Spiel geben, dass einen hohen RTP bietet, aber es keine Freispiele anbieten, dann ist das ein Indiz daf\u00fcr, dass es andere Funktionen bei dem Spiel gibt, die deine Gewinnchancen in guter Weise beeinflussen.<\/p>\n<p>Dennoch gibt es nat\u00fcrlich einen Grund, warum viele Hobby Spieler nach Freispielen Ausschau halten. Es kann demnach davon ausgegangen werden, dass sie auch immer zu finden sein werden, wenn auch vielleicht nicht bei jedem Spiel.<\/p>\n<h2>Questions:<\/h2>\n<div class=\"questions-list\">\n<ol>\n<li><strong>Was sind Freispiele?<\/strong><\/li>\n<\/ol>\n<p>Freispiele k\u00f6nnen nicht nur eins, sondern gleich zwei Dinge bedeuten. Zum einen kannst Du beim Spielen von Spielautomaten Spielen w\u00e4hrend des Spiels Freispiele als Bonus erhalten, du kannst aber auch hin und wieder in den Genuss von Freispielen kommen, wenn du dich neu bei einem Online Casino anmeldest. Oft kommt es in Form eines Willkommensbonus.<\/p>\n<ol start=\"2\">\n<li><strong>Wo kann man Freispiele kaufen?<\/strong><\/li>\n<\/ol>\n<p>Immer h\u00e4ufiger liest man online dar\u00fcber, dass man Freispiele kaufen kann. Das bedeutet aber im Grunde genommen nur, dass du Geld auf dein Spielerkonto einzahlst und damit am Spielautomat spielst, der dir bei Gl\u00fcck Freispiele gew\u00e4hrleistet oder du musst im Zuge des Willkommensbonus eine Einzahlung vornehmen und erh\u00e4ltst daf\u00fcr Freispiele.<\/p>\n<ol start=\"3\">\n<li><strong>Wie funktionieren Freispiele?<\/strong><\/li>\n<\/ol>\n<p>Freispiele gibt es nur in Verbindung mit einem Willkommensbonus. Daf\u00fcr musst du dann entweder eine Einzahlung t\u00e4tigen oder dich beim Anbieter anmelden. Dieser schreibt Dir dann eine bestimmte Anzahl an Freispielen gut, die du entweder an einem oder mehreren Slots verwenden kannst.<\/p>\n<ol start=\"4\">\n<li><strong>Welche Slots haben Freispiele?<\/strong><\/li>\n<\/ol>\n<p>Das kommt ganz auf den Slot drauf an. Normalerweise muss der Spielautomat eine Bonusrunde oder ein Bonus Feature anbieten, bei dem dir Freispiele gutgeschrieben werden. Des Weiteren gibt es auch Freispiele, wenn du drei oder mehr Scatter auf den Walzen landest. Informiere dich am besten vor dem ersten Spiel, ob der entsprechende Slot auch Freispiele bietet.<\/p>\n<ol start=\"5\">\n<li><strong>Wie bekomme ich Freispiele bei Book of Ra?<\/strong><\/li>\n<\/ol>\n<p>Book of Ra Freispiele gibt es eher selten, du kannst aber bei vielen Online Casinos Book of Dead Freispiele erhalten. Dieser Slot ist dem Book of Ra Spiel sehr \u00e4hnlich. Tats\u00e4chlich ist er eine gute Kopie des Kultklassikers.<\/p>\n<ol start=\"6\">\n<li><strong>Gibt es Freispiele ohne Einzahlung?<\/strong><\/li>\n<\/ol>\n<p>Ja, es gibt Freispiele ohne Einzahlung meistens in Form von einem Willkommensbonus. Hierbei handelt es sich in der Regel um 20 Freispiele, die du dann an einem Spielautomat wie Gonzo\u2019s Quest, Starburst oder Book of Dead verwenden kannst. Diese Freispiele ohne Einzahlung sind so beliebt, weil sie gratis sind und dazu noch kein Risiko tragen.<\/p>\n<ol start=\"7\">\n<li><strong>Wie bekommt man Freispiele?<\/strong><\/li>\n<\/ol>\n<p>Freispiele bekommst du entweder innerhalb des Spiels als Zusatzfunktion oder du erh\u00e4ltst Freispiele, wenn du dich zum ersten Mal bei einem Online Casino anmeldest. In der Regel sind es die neuen Online Casinos, die Freispiele ohne Einzahlung anbieten. Aber auch renommierte Anbieter bieten Freispiele, dann aber nach Einzahlung.<\/p>\n<ol start=\"8\">\n<li><strong>Haben Freispiele Umsatzbedingungen?<\/strong><\/li>\n<\/ol>\n<p>Ja die meisten Freispiele kommen mit Umsatzbedingungen. Diese solltest du unbedingt beachten, damit es zu keinen Missverst\u00e4ndnissen kommen kann. Sehr h\u00e4ufig kannst du bis zu 100 Euro an Gewinnen auszahlen lassen. Alles dar\u00fcber hinaus wird vom Online Casino einbehalten.<\/p>\n<\/div>\n<\/div>\n            <\/div>\n            <\/section>\n","protected":false},"excerpt":{"rendered":"","protected":false},"author":14,"featured_media":0,"parent":0,"menu_order":0,"comment_status":"closed","ping_status":"closed","template":"","meta":{"_acf_changed":false,"footnotes":""},"class_list":["post-11672","page","type-page","status-publish","hentry"],"acf":[],"yoast_head":"<!-- This site is optimized with the Yoast SEO plugin v26.8 - https:\/\/yoast.com\/product\/yoast-seo-wordpress\/ -->\n<title>Freispiele ohne Einzahlung - Der beste Freispiele Ratgeber 2026<\/title>\n<meta name=\"description\" content=\"Freispiele ohne Einzahlung, mit denen du behalten kannst, was Du gewinnst! Spiele fantastische Spielautomaten mit gratis Freispielen im Online Casino.\" \/>\n<meta name=\"robots\" content=\"index, follow, max-snippet:-1, max-image-preview:large, max-video-preview:-1\" \/>\n<link rel=\"canonical\" href=\"https:\/\/casinor.com\/de\/freispiele\/\" \/>\n<meta property=\"og:locale\" content=\"de_DE\" \/>\n<meta property=\"og:type\" content=\"article\" \/>\n<meta property=\"og:title\" content=\"Freispiele ohne Einzahlung - Der beste Freispiele Ratgeber 2026\" \/>\n<meta property=\"og:description\" content=\"Freispiele ohne Einzahlung, mit denen du behalten kannst, was Du gewinnst! Spiele fantastische Spielautomaten mit gratis Freispielen im Online Casino.\" \/>\n<meta property=\"og:url\" content=\"https:\/\/casinor.com\/de\/freispiele\/\" \/>\n<meta property=\"og:site_name\" content=\"Casinor.com\" \/>\n<meta property=\"article:publisher\" content=\"https:\/\/www.facebook.com\/Casinorcom-1429398773853454\/\" \/>\n<meta property=\"article:modified_time\" content=\"2026-04-17T13:42:52+00:00\" \/>\n<meta name=\"twitter:card\" content=\"summary_large_image\" \/>\n<meta name=\"twitter:site\" content=\"@casinor_com\" \/>\n<script type=\"application\/ld+json\" class=\"yoast-schema-graph\">{\"@context\":\"https:\/\/schema.org\",\"@graph\":[{\"@type\":\"WebPage\",\"@id\":\"https:\/\/casinor.com\/de\/freispiele\/\",\"url\":\"https:\/\/casinor.com\/de\/freispiele\/\",\"name\":\"Freispiele ohne Einzahlung - Der beste Freispiele Ratgeber 2026\",\"isPartOf\":{\"@id\":\"https:\/\/casinor.com\/#website\"},\"datePublished\":\"2023-05-18T12:13:22+00:00\",\"dateModified\":\"2026-04-17T13:42:52+00:00\",\"description\":\"Freispiele ohne Einzahlung, mit denen du behalten kannst, was Du gewinnst! Spiele fantastische Spielautomaten mit gratis Freispielen im Online Casino.\",\"breadcrumb\":{\"@id\":\"https:\/\/casinor.com\/de\/freispiele\/#breadcrumb\"},\"inLanguage\":\"de\",\"potentialAction\":[{\"@type\":\"ReadAction\",\"target\":[\"https:\/\/casinor.com\/de\/freispiele\/\"]}]},{\"@type\":\"BreadcrumbList\",\"@id\":\"https:\/\/casinor.com\/de\/freispiele\/#breadcrumb\",\"itemListElement\":[{\"@type\":\"ListItem\",\"position\":1,\"name\":\"Startseite\",\"item\":\"https:\/\/casinor.com\/de\/\"},{\"@type\":\"ListItem\",\"position\":2,\"name\":\"Freispiele\"}]},{\"@type\":\"WebSite\",\"@id\":\"https:\/\/casinor.com\/#website\",\"url\":\"https:\/\/casinor.com\/\",\"name\":\"Casinor.com\",\"description\":\"Norges beste tjeneste for casino sammenligning\",\"publisher\":{\"@id\":\"https:\/\/casinor.com\/#organization\"},\"potentialAction\":[{\"@type\":\"SearchAction\",\"target\":{\"@type\":\"EntryPoint\",\"urlTemplate\":\"https:\/\/casinor.com\/?s={search_term_string}\"},\"query-input\":{\"@type\":\"PropertyValueSpecification\",\"valueRequired\":true,\"valueName\":\"search_term_string\"}}],\"inLanguage\":\"de\"},{\"@type\":\"Organization\",\"@id\":\"https:\/\/casinor.com\/#organization\",\"name\":\"Casinor.com\",\"url\":\"https:\/\/casinor.com\/\",\"logo\":{\"@type\":\"ImageObject\",\"inLanguage\":\"de\",\"@id\":\"https:\/\/casinor.com\/#\/schema\/logo\/image\/\",\"url\":\"https:\/\/casinor.com\/wp-content\/uploads\/2023\/05\/logo_sweden.svg\",\"contentUrl\":\"https:\/\/casinor.com\/wp-content\/uploads\/2023\/05\/logo_sweden.svg\",\"caption\":\"Casinor.com\"},\"image\":{\"@id\":\"https:\/\/casinor.com\/#\/schema\/logo\/image\/\"},\"sameAs\":[\"https:\/\/www.facebook.com\/Casinorcom-1429398773853454\/\",\"https:\/\/x.com\/casinor_com\",\"https:\/\/no.pinterest.com\/casinor1\",\"https:\/\/www.youtube.com\/channel\/UCIaYR-rxk3WeeGSnE-9M-CQ\"]}]}<\/script>\n<!-- \/ Yoast SEO plugin. -->","yoast_head_json":{"title":"Freispiele ohne Einzahlung - Der beste Freispiele Ratgeber 2026","description":"Freispiele ohne Einzahlung, mit denen du behalten kannst, was Du gewinnst! Spiele fantastische Spielautomaten mit gratis Freispielen im Online Casino.","robots":{"index":"index","follow":"follow","max-snippet":"max-snippet:-1","max-image-preview":"max-image-preview:large","max-video-preview":"max-video-preview:-1"},"canonical":"https:\/\/casinor.com\/de\/freispiele\/","og_locale":"de_DE","og_type":"article","og_title":"Freispiele ohne Einzahlung - Der beste Freispiele Ratgeber 2026","og_description":"Freispiele ohne Einzahlung, mit denen du behalten kannst, was Du gewinnst! Spiele fantastische Spielautomaten mit gratis Freispielen im Online Casino.","og_url":"https:\/\/casinor.com\/de\/freispiele\/","og_site_name":"Casinor.com","article_publisher":"https:\/\/www.facebook.com\/Casinorcom-1429398773853454\/","article_modified_time":"2026-04-17T13:42:52+00:00","twitter_card":"summary_large_image","twitter_site":"@casinor_com","schema":{"@context":"https:\/\/schema.org","@graph":[{"@type":"WebPage","@id":"https:\/\/casinor.com\/de\/freispiele\/","url":"https:\/\/casinor.com\/de\/freispiele\/","name":"Freispiele ohne Einzahlung - Der beste Freispiele Ratgeber 2026","isPartOf":{"@id":"https:\/\/casinor.com\/#website"},"datePublished":"2023-05-18T12:13:22+00:00","dateModified":"2026-04-17T13:42:52+00:00","description":"Freispiele ohne Einzahlung, mit denen du behalten kannst, was Du gewinnst! Spiele fantastische Spielautomaten mit gratis Freispielen im Online Casino.","breadcrumb":{"@id":"https:\/\/casinor.com\/de\/freispiele\/#breadcrumb"},"inLanguage":"de","potentialAction":[{"@type":"ReadAction","target":["https:\/\/casinor.com\/de\/freispiele\/"]}]},{"@type":"BreadcrumbList","@id":"https:\/\/casinor.com\/de\/freispiele\/#breadcrumb","itemListElement":[{"@type":"ListItem","position":1,"name":"Startseite","item":"https:\/\/casinor.com\/de\/"},{"@type":"ListItem","position":2,"name":"Freispiele"}]},{"@type":"WebSite","@id":"https:\/\/casinor.com\/#website","url":"https:\/\/casinor.com\/","name":"Casinor.com","description":"Norges beste tjeneste for casino sammenligning","publisher":{"@id":"https:\/\/casinor.com\/#organization"},"potentialAction":[{"@type":"SearchAction","target":{"@type":"EntryPoint","urlTemplate":"https:\/\/casinor.com\/?s={search_term_string}"},"query-input":{"@type":"PropertyValueSpecification","valueRequired":true,"valueName":"search_term_string"}}],"inLanguage":"de"},{"@type":"Organization","@id":"https:\/\/casinor.com\/#organization","name":"Casinor.com","url":"https:\/\/casinor.com\/","logo":{"@type":"ImageObject","inLanguage":"de","@id":"https:\/\/casinor.com\/#\/schema\/logo\/image\/","url":"https:\/\/casinor.com\/wp-content\/uploads\/2023\/05\/logo_sweden.svg","contentUrl":"https:\/\/casinor.com\/wp-content\/uploads\/2023\/05\/logo_sweden.svg","caption":"Casinor.com"},"image":{"@id":"https:\/\/casinor.com\/#\/schema\/logo\/image\/"},"sameAs":["https:\/\/www.facebook.com\/Casinorcom-1429398773853454\/","https:\/\/x.com\/casinor_com","https:\/\/no.pinterest.com\/casinor1","https:\/\/www.youtube.com\/channel\/UCIaYR-rxk3WeeGSnE-9M-CQ"]}]}},"_links":{"self":[{"href":"https:\/\/casinor.com\/de\/wp-json\/wp\/v2\/pages\/11672","targetHints":{"allow":["GET"]}}],"collection":[{"href":"https:\/\/casinor.com\/de\/wp-json\/wp\/v2\/pages"}],"about":[{"href":"https:\/\/casinor.com\/de\/wp-json\/wp\/v2\/types\/page"}],"author":[{"embeddable":true,"href":"https:\/\/casinor.com\/de\/wp-json\/wp\/v2\/users\/14"}],"replies":[{"embeddable":true,"href":"https:\/\/casinor.com\/de\/wp-json\/wp\/v2\/comments?post=11672"}],"version-history":[{"count":29,"href":"https:\/\/casinor.com\/de\/wp-json\/wp\/v2\/pages\/11672\/revisions"}],"predecessor-version":[{"id":19992,"href":"https:\/\/casinor.com\/de\/wp-json\/wp\/v2\/pages\/11672\/revisions\/19992"}],"wp:attachment":[{"href":"https:\/\/casinor.com\/de\/wp-json\/wp\/v2\/media?parent=11672"}],"curies":[{"name":"wp","href":"https:\/\/api.w.org\/{rel}","templated":true}]}}