{"id":11670,"date":"2023-05-18T11:13:02","date_gmt":"2023-05-18T12:13:02","guid":{"rendered":"https:\/\/casinor.com\/?page_id=11670"},"modified":"2026-04-17T15:27:10","modified_gmt":"2026-04-17T13:27:10","slug":"online-casino-bonus","status":"publish","type":"page","link":"https:\/\/casinor.com\/de\/online-casino-bonus\/","title":{"rendered":"Casino Bonus"},"content":{"rendered":"\n<section id=\"hero-center-text-block_df7fd352f10213bc2b67ef07a4a93a21\" class=\"home-hero home-hero--category block-hero-center-text\">\n\t<div class=\"home-hero__container\">\n\t\t<div class=\"home-hero__wrap\">\n\t\t\t<div class=\"home-hero__content\">\n\t\t\t\t\t\t\t\t\t<h1 class=\"home-hero__title\" >Online Casino Bonus<\/h1>\n\t\t\t\t\t\t\t\t\t\t\t\t\t<div class=\"home-hero__text\">Casino Bonus ohne Einzahlung &#8211; Casino Bonus Angebote<\/div>\n\t\t\t\t\t\t\t<\/div>\n\t\t\t\t\t<\/div>\n\t<\/div>\n<\/section>\n\n\n    <section id=\"content-section-block_bcc7ef31689dec26ffb85f67ff0d0ef2\" class=\"content-section is-white is-padding block-content-section\">\n                    <div class=\"content-section__container\">\n                <h2>Alles was du \u00fcber Casino Bonus ohne Einzahlung wissen musst<\/h2>\n<div class=\"h2__spacing\">\n<p>Wenn du als neuer Spieler zum ersten Mal ein Online Casino besuchst, dann wirst du mit sehr hoher Wahrscheinlichkeit direkt auf der Homepage von einem Bonusangebot begr\u00fc\u00dft.Beim n\u00e4heren Hinschauen kann es kann sein, dass die Bonusbedingungen auf den ersten Blick kompliziert und schwer verst\u00e4ndlich wirken.<\/p>\n<p>M\u00f6glicherweise bist du dir nicht sicher, wie ein Online Casino Bonus oder ein Online Casino Bonus ohne Einzahlung \u00fcberhaupt funktioniert. Wir erkl\u00e4ren dir hier, warum Boni beim Spielen in Online Casinos eine so wichtige Rolle spielen und welche verschiedenen Arten von Casino Boni es eigentlich gibt.<\/p>\n<p>Wir werden dir hier auch aufzeigen, wie die Umsatzbedingungen funktionieren und wie du wei\u00dft, ob ein Casino Bonus gut oder schlecht ist und wie du ihn beim jeweiligen Casino in Anspruch nimmst.<\/p>\n<h2>Was ist ein Online Casino Bonus und wie funktioniert er?<\/h2>\n<p>Wenn du dich entscheidest, in einem Casino online zu spielen, dann wird dir gleich beim ersten Besuch ein Bonus in Form eines Willkommenspakets angeboten. Ein Online Casino Bonus l\u00e4sst sich einfach als Geschenk erkl\u00e4ren. Das ist der Dank daf\u00fcr, dass du dich f\u00fcr den jeweiligen Anbieter entschieden hast.<\/p>\n<p>Boni k\u00f6nnen in verschiedenen Formen vorliegen und unterschiedlich aussehen. Es kann einen Einzahlungsbonus geben, bei dem du einen gewissen Prozentsatz deiner Einzahlung obendrauf erh\u00e4ltst, es kann aber auch ein Online Casino Bonus ohne Einzahlung sein.<\/p>\n<p>Normalerweise kommen die Boni mit verschiedenen Anforderungen oder Bedingungen, die du erf\u00fcllen musst. Erst dann ist es m\u00f6glich, generierte Gewinne auszuzahlen.<\/p>\n<p>Es gibt aber auch Boni ohne Umsatz Anforderungen, bei denen du als Spieler zus\u00e4tzliches Geld oder gratis Freispiele erh\u00e4ltst und diese verwenden kannst, ohne irgendwelche Bedingungen beachten zu m\u00fcssen.<\/p>\n<p>Hier ein Beispiel, damit du verstehst, was gemeint ist:<\/p>\n<p><strong>100 Freispiele und 100% Bonus bis zu 1000 Euro auf deine Einzahlung<\/strong><\/p>\n<p><strong>Das bedeutet, dass du 1000 Euro in Bonusguthaben erh\u00e4ltst, wenn du den Maximalbetrag von 1000 Euro eingezahlt hast. Du kannst dann mit insgesamt 2000 Euro spielen.<\/strong><\/p>\n<p>Das Geld muss aber in der Regel ein paar Mal durchgespielt werden, damit du die Umsatzanforderungen erf\u00fcllen kannst. Du wirst aber im Detail \u00fcber die Bedingungen unterrichten, so dass du wei\u00dft, was auf dich zukommt.<\/p>\n<p>In der Vergangenheit gab es auch des\u00f6fteren Bonus Codes und Casino Bonus Codes ohne Einzahlung, die man einl\u00f6sen konnte. Davon wird aber in den meisten F\u00e4llen heute abgesehen. Also nichts, wonach du aktiv suchen musst. Normalerweise musst du dich nur anmelden und schon kannst du den Bonus in Anspruch nehmen.<\/p>\n<h2>Die verschiedenen Casino Bonus Arten<\/h2>\n<p>Bonusse gibt es eigentlich f\u00fcr jeden Spieler, egal ob f\u00fcr Sportwetten Fans, Tischspiele Liebhaber der\u00a0<a href=\"https:\/\/casinor.com\/de\/spielautomaten\/\" data-wpel-link=\"internal\">Spielautomaten<\/a>\u00a0Begeisterte. Es wird immer einen Bonus geben, der zu dir passt.<\/p>\n<p>Wir empfehlen dir, dass du dir im Voraus dar\u00fcber im Klaren bist, welche Spielrichtung du spielen m\u00f6chtest. Denn davon h\u00e4ngt auch ein bisschen ab, nach welcher Art Bonus du suchen kannst.<\/p>\n<p>Beispielsweise kannst du den regul\u00e4ren Casino Bonus nicht im Live Casino verwenden und umgekehrt. H\u00e4ufig ist es auch nicht m\u00f6glich, den Casino Bonus bei Sportwetten zu nutzen.<\/p>\n<p><strong>Haupts\u00e4chlich gibt es die folgenden Bonus Kategorien:<\/strong><\/p>\n<ul>\n<li><strong>Willkommensbonus<\/strong><\/li>\n<li><strong>Bonus ohne Einzahlung<\/strong><\/li>\n<li><strong>Einzahlungsbonus<\/strong><\/li>\n<li><strong>Bonus ohne Umsatzbedingungen<\/strong><\/li>\n<\/ul>\n<p>Es sollte normalerweise klar sein, wof\u00fcr ein Bonus verwendet werden kann und was die Bedingungen sind. Der Grund daf\u00fcr, dass es unterschiedliche Bonus Angebote gibt ist der, dass du keine 20 Freispiele gebrauchen kannst, wenn du im Live Casino spielen m\u00f6chtest.<\/p>\n<h3>Willkommensbonus<\/h3>\n<p>Der Willkommensbonus wird dir als Neukunde in\u00a0<a href=\"https:\/\/casinor.com\/de\/neue-casinos\/\" data-wpel-link=\"internal\">neuen Casinos<\/a>\u00a0angeboten, wenn du zum ersten Mal auf einer Casino Seite landest. Manchmal musst du eine Einzahlung t\u00e4tigen, um den Bonus zu erhalten. Manchmal reicht es aber schon vollkommen aus, dich auf der Webseite zu registrieren.<\/p>\n<p>Der Willkommensbonus ist eine gute M\u00f6glichkeit, das Casino kennenzulernen und sich einen \u00dcberblick \u00fcber das Spielangebot zu verschaffen. Wenn das Online Casino es schafft, dich von sich zu \u00fcberzeugen, dann wirst du auch noch weitere Bonusangebote f\u00fcr Bestandskunden in Anspruch nehmen k\u00f6nnen.<\/p>\n<p>Es ist \u00fcblich, dass beim Bonus bestimmte Regeln greifen, sobald du den Bonus in Anspruch nimmst. Er ist meistens zeitlich begrenzt und er muss x-mal umgesetzt werden. Wie lange ein Bonus verf\u00fcgbar ist, wird ebenfalls in den Bonus Bedingungen festgelegt.<\/p>\n<p>Das bedeutet, dass der Bonus verf\u00e4llt und vom Spielerkonto verschwindet, wenn du es nicht schaffst, den Bonus innerhalb des vorgegebenen Zeitfensters x-mal umzusetzen.<\/p>\n<h3>Einzahlungsbonus<\/h3>\n<p>Ein Einzahlungsbonus wird normalerweise als Teil des Willkommensbonus neuen Spielern zur Verf\u00fcgung gestellt.<\/p>\n<p>Das bedeutet, dass du einen Bonus erh\u00e4ltst, sobald du deine erste Einzahlung t\u00e4tigst. Hierbei kann es sich um Bonusgeld, Freispiele oder andere Geschenke handelt.<\/p>\n<p>Das Casino legt die Regeln fest und kann verschiedene Arten von Einzahlungsboni anbieten, je nachdem, was du suchst.<\/p>\n<p><strong>Beispiel: 100% Bonus bis zu 2000 Euro bei der ersten Einzahlung oder 500% Bonus bis zu 500 Euro bei der ersten Einzahlung.<\/strong><\/p>\n<p>Einzahlungsboni sind normalerweise auch zeitgebunden, aber nicht immer. Sie haben aber immer eine Obergrenze, um zu verhindern, dass das Casino bankrott geht.<\/p>\n<h3>Bonus ohne Umsatzbedingungen<\/h3>\n<p>Bei einem Bonus ohne Umsatzbedingungen musst du deinen Bonus nicht eine bestimmte Anzahl von Eins\u00e4tzen durchspielen, bevor du\u00a0 die durch den Bonus erzielten Gewinne nutzen kannst<\/p>\n<p>Es kann aber sein, dass der Bonus mit Einzahlungsbedingungen einhergeht oder es andere Bedingungen gibt, die du erf\u00fcllen musst. Lese deshalb immer die Bedingungen durch, unabh\u00e4ngig von der Art des Bonus.<\/p>\n<p>Wenn du einen Bonus erhalten hast, f\u00fcr den keine Umsatzbedingungen gelten, hast du als Spieler die besten M\u00f6glichkeiten, kostenlos zu spielen und somit auch kostenlos zu gewinnen.<\/p>\n<h2>Online Casino Bonus ohne Einzahlung sofort<\/h2>\n<p>Ein bei Deutschen sehr beliebter Bonus ist der Casino Bonus ohne Einzahlung. Dieser Bonus wird auch des\u00f6fteren No Deposit Casino Bonus genannt. Lass dich also nicht von der Bezeichnung verwirren.<\/p>\n<p>Schauen wir uns den Online Casino gratis Bonus ohne Einzahlung einmal genauer an.<\/p>\n<p>Dieser Bonus wird meistens angeboten, wenn ein Anbieter noch nicht so etabliert auf dem Markt sind. Das liegt daran, dass der Bonus ohne Einzahlung Casino mit keinem Risiko verbunden ist. So kannst du als neuer Spieler ein Spiel wie Book of Dead mit 20 Freispielen ausprobieren und sehen, ob das Online Casino das bietet, was du dir von ihm erhoffst.<\/p>\n<p><strong>Casino Echtgeld Bonus ohne Einzahlung Beispiel: 20 Book of Dead Freispiele<\/strong><\/p>\n<p><strong>Alles was du tun musst, ist dich zu registrieren. Dazu besuchst du die Webseite und folgst den Anmeldeschritten. Nach erfolgreicher Registrierung wird dir der Bonus ohne Einzahlung in Form von\u00a0<\/strong><strong><a href=\"https:\/\/casinor.com\/de\/freispiele\/\">Freispiele<\/a> ohne Einzahlung<\/strong><strong>\u00a0auf deinem Spielerkonto zur Verf\u00fcgung stehen.<\/strong><\/p>\n<p>Es kommt aber auch bei etablierten Casinos des\u00f6fteren vor, dass du auch hier einen Casino ohne Einzahlung Bonus in Anspruch nehmen kannst. Es gibt dann aber nicht nur Freispiele im Angebot, sondern es kann auch sein, dass es dir einen kleinen Geldbetrag zur Verf\u00fcgung stellt. Dieser No Deposit Bonus wird deinem Spielerkonto gutgeschrieben, wenn du dich erfolgreichst registrierst und du kannst dann sofort anfangen, damit zu spielen<\/p>\n<p>CTA\u00a0<strong>Hole Dir den 888 Casino Bonus heute<\/strong><\/p>\n<p>Der Casino mit Bonus ohne Einzahlung ist eine gute Sache, wenn du risikolos in einem Online Casino spielen m\u00f6chtest. So musst du auch nicht gleich von Anfang an eine Einzahlung machen, sondern kannst das Casino erstmal ausprobieren, bevor du dich entscheidest, mit Echtgeld zu spielen.<\/p>\n<h2>So verwendest du Freispiele ohne Einzahlung bei Spielautomaten<\/h2>\n<p>Es warten entweder Freispiele mit oder Freispiele ohne Einzahlung auf dich. Das h\u00e4ngt ganz davon ab, wie gro\u00dfz\u00fcgig der jeweilige Anbieter ist. Diese Freispiele kannst du dann verwenden, wenn du Slots spielst. Freispiele ohne Einzahlung gibt es entweder bei einem Spielautomaten Spiel oder du kannst zwischen ein paar Online Casinospielen ausw\u00e4hlen. Der Vorteil des gratis Spielen ist, dass du weder Geld einzahlen, noch irgendein Risiko eingehen musst, sondern es hier einzig und allein darum geht, dir den Anbieter schmackhaft zu machen.<\/p>\n<p>Setze dich immer auf der Aktionsseite mit den Bonusbedingungen auseinander. Du findest aber auch schon bei uns eine gute \u00dcbersicht, was du in dem jeweiligen Online Kasino an Bedingungen erf\u00fcllen musst.<\/p>\n<h2>Was ist der beste Online Casino Bonus ohne Einzahlung?<\/h2>\n<p>Das kann so pauschal gar nicht gesagt werden. Du solltest aber darauf achten, dass der Online Casino gratis Bonus ohne Einzahlung mit niedrigen oder am besten ohne Umsatzbedingungen verbunden ist. Viele Freispiele oder sehr viel gratis Guthaben bedeutet noch lange nicht, dass es dir einen Vorteil bringt.<\/p>\n<p>Meistens hat der No Deposit Bonus aber ein Gewinnlimit. Das bedeutet, dass du mit den Freispielen oder dem gratis Guthaben spielen kannst, du aber keinen h\u00f6heren Gewinn als\u00a0 einen Betrag von 100 Euro auszahlen lassen kannst.<\/p>\n<p><strong>Es gilt daher: Du musst dich immer erst mit dem Kleingedruckten besch\u00e4ftigen, wenn du einen Bonus jeglicher Art in Anspruch nehmen m\u00f6chtest.<\/strong><\/p>\n<h2>Was sind die Bonusbedingungen beim Online Casino No Deposit Bonus?<\/h2>\n<p>Kl\u00e4ren wir zuerst einmal , was mit Umsatzanforderung \u00fcberhaupt gemeint ist. Hierbei geht es darum, dass der Bonus eine gewisse Anzahl an Malen durchgespielt werden muss, bis du Gewinne auszahlen lassen kannst. Wie oft das erforderlich ist, wird in den Bedingungen des jeweiligen Bonus AGBs angegeben.<\/p>\n<p>Es ist wichtig, die Bonusbedingungen im Auge zu behalten, da du so relativ schnell evaluieren kannst, ob sich der Casino Bonus ohne Einzahlung wirklich lohnt.<\/p>\n<p><strong>Normal sind 30-fache Umsatz Anforderungen des Bonus und des eingezahlten Betrags. Das bedeutet, dass das Bonusgeld, was du vom Online Casino erh\u00e4ltst, 30-mal durchgespielt werden muss.<\/strong><\/p>\n<p>Das mag nach viel Geld klingen, es geht aber normalerweise schneller, den Bonus umzusetzen, als du jetzt erstmal denkst.<\/p>\n<p>Viele\u00a0<a href=\"https:\/\/casinor.com\/de\/\" data-wpel-link=\"internal\">Online Casinos<\/a>\u00a0bieten heute eine \u00dcbersicht an, wo du nachschauen kannst, wie viel Geld bereits umgesetzt wurde, beziehungsweise noch umgesetzt werden muss. So bist du immer aktuell informiert, wie viel Geld du noch umzusetzen hast, bevor du deine Gewinne auszahlen lassen kannst.<\/p>\n<p><strong>Sollten die Umsatzbedingungen \u00fcber dem 50-fachen liegen, so ist das in der Regel etwas hoch.<\/strong><\/p>\n<p>Du solltest dich aber auch hier mit den restlichen Bonus Bedingungen auseinandersetzen, da es sein kann, dass die Bedingungen im Verh\u00e4ltnis gar nicht so schlecht sind.<\/p>\n<p>Du kannst die Wettanforderungen aber auch komplett umgehen. Das tust du, indem du den Online Casino Bonus ablehnst. Sobald du dich angemeldet und deine erste Einzahlung get\u00e4tigt hast, solltest du den Kundenservice dar\u00fcber in Kenntnis setzen, dass du den Bonus ablehnst. Dieser wird den Bonus dann von deinem Spielerkonto entfernen.<\/p>\n<p><strong>Beachte jedoch: Fange erst mit dem Spielen an, wenn der Bonus entfernt wurde. Andernfalls ist es nicht mehr m\u00f6glich den Bonus zu l\u00f6schen.<\/strong><\/p>\n<p>Eine weitere M\u00f6glichkeit besteht darin, mit einem Online Casino Bonus ohne Einzahlung zu spielen, der keine Umsatzbedingungen hat. Das bedeutet, dass das Casino nicht von dir verlangt, den Bonus auf eine bestimmte Weise umzusetzen.<\/p>\n<p><strong>Bei uns findest du mehrere Spielbanken, mit verschiedenen Bonus Angeboten. Am h\u00e4ufigsten gibt es jedoch Freispiele ohne Einzahlung oder mit Einzahlung.<\/strong><\/p>\n<h2>Questions:<\/h2>\n<div class=\"questions-list\">\n<ol>\n<li><strong>Was ist ein Casino Bonus?<\/strong><\/li>\n<\/ol>\n<p>Ein Casino Bonus ist ein Geschenk vom Online Casino und kann als Incentive betrachtet werden, daf\u00fcr dass man sich f\u00fcr den Anbieter entscheidet. Den Bonus bekommt man dann entweder als Bonus ohne Einzahlung oder Einzahlungsbonus und hat so mehr Geld und mehr Zeit zum Spielen zur Verf\u00fcgung.<\/p>\n<ol start=\"2\">\n<li><strong>Handelt es sich bei einem Casino Bonus um ein Geschenk?<\/strong><\/li>\n<\/ol>\n<p>Ja, es handelt sich beim Casino Bonus um ein Geschenk, da man etwas extra bekommt, egal ob man nun eine Einzahlung t\u00e4tigt oder einen gratis Bonus erh\u00e4lt.<\/p>\n<ol start=\"3\">\n<li><strong>Wo gibt es einen Online Casino 10 \u20ac Bonus?<\/strong><\/li>\n<\/ol>\n<p>Es gibt verschiedenen Online Casinos die einen 10 \u20ac Bonus anbietern. Dar\u00fcber wirst du direkt bei uns informiert. Nat\u00fcrlich kannst du dich auch im Internet dazu umschauen, stelle dann aber sicher, dass du dich bei einer renommierten Seite umsieht bzw dich entscheidest, zu spielen.<\/p>\n<ol start=\"4\">\n<li><strong>Welches Online Casino kommt mit dem h\u00f6chsten Bonus?<\/strong><\/li>\n<\/ol>\n<p>Online Casinos sind fast immer im Wettbewerb. Da sie versuchen, den Kunden f\u00fcr sich zu gewinnen, bieten sie auch wettbewerbsf\u00e4hige Boni an. Dabei sollte jedoch auch immer die Bonusbedingungen betrachtet werden. Denn ein Bonus kann nur so gut sein, wie die Bonusbedingungen.<\/p>\n<ol start=\"5\">\n<li><strong>Was ist ein Casino Bonus Code?<\/strong><\/li>\n<\/ol>\n<p>Bei manchen Casinos musst du einen Casino Bonus Code angeben, um den entsprechenden Bonus zu erhalten. Das kann entweder direkt bei Anmeldung oder w\u00e4hrend der Einzahlung passieren. Jedes Casino handhabt das anders. Es gibt auch viele, die keinen Bonus Code verlangen. Bei uns erf\u00e4hrst du aber fr\u00fchzeitig, ob ein Bonus Code notwendig ist, um den Bonus in Anspruch zu nehmen.<\/p>\n<ol start=\"6\">\n<li><strong>Gibt es einen Casino Bonus Code ohne Einzahlung?<\/strong><\/li>\n<\/ol>\n<p>Es handelt sich um einen Casino Bonus Code ohne Einzahlung, wenn du den Bonus Code bei Anmeldung angeben musst und dir ein Bonus nach erfolgreicher Registrierung gutgeschrieben wird.<\/p>\n<ol start=\"7\">\n<li><strong>Wie funktionieren Freispiele als Casino Bonus?<\/strong><\/li>\n<\/ol>\n<p>Wenn das Casino einen Casino Bonus in Form von Freispielen anbietet, dann bedeutet das, dass du eine bestimmte Anzahl an Freispielen bekommst, die dir entweder nach erfolgreicher Registrierung oder Einzahlung gutgeschrieben werden. Sobald die Freispiele gutgeschrieben sind, kannst du sie beim entsprechenden Spiel finden oder sie bei einem Spiel deiner Wahl verwenden.<\/p>\n<ol start=\"8\">\n<li><strong>Was sind Casino Bonus Codes?<\/strong><\/li>\n<\/ol>\n<p>Bei Casino Bonus Codes handelt es sich um sogenannte Codes, die du entweder bei Registrierung oder Einzahlung in das daf\u00fcr vorgesehene Feld eingeben kannst. Anschlie\u00dfend wird dir dann der entsprechende Bonus gutgeschrieben, den du dann zum Spielen verwenden kannst.<\/p>\n<\/div>\n<\/div>\n            <\/div>\n            <\/section>\n","protected":false},"excerpt":{"rendered":"","protected":false},"author":14,"featured_media":0,"parent":0,"menu_order":0,"comment_status":"closed","ping_status":"closed","template":"","meta":{"_acf_changed":false,"footnotes":""},"class_list":["post-11670","page","type-page","status-publish","hentry"],"acf":[],"yoast_head":"<!-- This site is optimized with the Yoast SEO plugin v26.8 - https:\/\/yoast.com\/product\/yoast-seo-wordpress\/ -->\n<title>Casino Bonus ohne Einzahlung - Casino Bonus Angebote<\/title>\n<meta name=\"description\" content=\"Bist du auf der Suche nach einem Casino Bonus ohne Einzahlung? Bei uns bist du richtig. Hier bekommst du alle Infos zum Casino Bonus und wie du ihn anforderst.\" \/>\n<meta name=\"robots\" content=\"index, follow, max-snippet:-1, max-image-preview:large, max-video-preview:-1\" \/>\n<link rel=\"canonical\" href=\"https:\/\/casinor.com\/de\/online-casino-bonus\/\" \/>\n<meta property=\"og:locale\" content=\"de_DE\" \/>\n<meta property=\"og:type\" content=\"article\" \/>\n<meta property=\"og:title\" content=\"Casino Bonus ohne Einzahlung - Casino Bonus Angebote\" \/>\n<meta property=\"og:description\" content=\"Bist du auf der Suche nach einem Casino Bonus ohne Einzahlung? Bei uns bist du richtig. Hier bekommst du alle Infos zum Casino Bonus und wie du ihn anforderst.\" \/>\n<meta property=\"og:url\" content=\"https:\/\/casinor.com\/de\/online-casino-bonus\/\" \/>\n<meta property=\"og:site_name\" content=\"Casinor.com\" \/>\n<meta property=\"article:publisher\" content=\"https:\/\/www.facebook.com\/Casinorcom-1429398773853454\/\" \/>\n<meta property=\"article:modified_time\" content=\"2026-04-17T13:27:10+00:00\" \/>\n<meta name=\"twitter:card\" content=\"summary_large_image\" \/>\n<meta name=\"twitter:site\" content=\"@casinor_com\" \/>\n<script type=\"application\/ld+json\" class=\"yoast-schema-graph\">{\"@context\":\"https:\/\/schema.org\",\"@graph\":[{\"@type\":\"WebPage\",\"@id\":\"https:\/\/casinor.com\/de\/online-casino-bonus\/\",\"url\":\"https:\/\/casinor.com\/de\/online-casino-bonus\/\",\"name\":\"Casino Bonus ohne Einzahlung - Casino Bonus Angebote\",\"isPartOf\":{\"@id\":\"https:\/\/casinor.com\/#website\"},\"datePublished\":\"2023-05-18T12:13:02+00:00\",\"dateModified\":\"2026-04-17T13:27:10+00:00\",\"description\":\"Bist du auf der Suche nach einem Casino Bonus ohne Einzahlung? Bei uns bist du richtig. Hier bekommst du alle Infos zum Casino Bonus und wie du ihn anforderst.\",\"breadcrumb\":{\"@id\":\"https:\/\/casinor.com\/de\/online-casino-bonus\/#breadcrumb\"},\"inLanguage\":\"de\",\"potentialAction\":[{\"@type\":\"ReadAction\",\"target\":[\"https:\/\/casinor.com\/de\/online-casino-bonus\/\"]}]},{\"@type\":\"BreadcrumbList\",\"@id\":\"https:\/\/casinor.com\/de\/online-casino-bonus\/#breadcrumb\",\"itemListElement\":[{\"@type\":\"ListItem\",\"position\":1,\"name\":\"Startseite\",\"item\":\"https:\/\/casinor.com\/de\/\"},{\"@type\":\"ListItem\",\"position\":2,\"name\":\"Casino Bonus\"}]},{\"@type\":\"WebSite\",\"@id\":\"https:\/\/casinor.com\/#website\",\"url\":\"https:\/\/casinor.com\/\",\"name\":\"Casinor.com\",\"description\":\"Norges beste tjeneste for casino sammenligning\",\"publisher\":{\"@id\":\"https:\/\/casinor.com\/#organization\"},\"potentialAction\":[{\"@type\":\"SearchAction\",\"target\":{\"@type\":\"EntryPoint\",\"urlTemplate\":\"https:\/\/casinor.com\/?s={search_term_string}\"},\"query-input\":{\"@type\":\"PropertyValueSpecification\",\"valueRequired\":true,\"valueName\":\"search_term_string\"}}],\"inLanguage\":\"de\"},{\"@type\":\"Organization\",\"@id\":\"https:\/\/casinor.com\/#organization\",\"name\":\"Casinor.com\",\"url\":\"https:\/\/casinor.com\/\",\"logo\":{\"@type\":\"ImageObject\",\"inLanguage\":\"de\",\"@id\":\"https:\/\/casinor.com\/#\/schema\/logo\/image\/\",\"url\":\"https:\/\/casinor.com\/wp-content\/uploads\/2023\/05\/logo_sweden.svg\",\"contentUrl\":\"https:\/\/casinor.com\/wp-content\/uploads\/2023\/05\/logo_sweden.svg\",\"caption\":\"Casinor.com\"},\"image\":{\"@id\":\"https:\/\/casinor.com\/#\/schema\/logo\/image\/\"},\"sameAs\":[\"https:\/\/www.facebook.com\/Casinorcom-1429398773853454\/\",\"https:\/\/x.com\/casinor_com\",\"https:\/\/no.pinterest.com\/casinor1\",\"https:\/\/www.youtube.com\/channel\/UCIaYR-rxk3WeeGSnE-9M-CQ\"]}]}<\/script>\n<!-- \/ Yoast SEO plugin. -->","yoast_head_json":{"title":"Casino Bonus ohne Einzahlung - Casino Bonus Angebote","description":"Bist du auf der Suche nach einem Casino Bonus ohne Einzahlung? Bei uns bist du richtig. Hier bekommst du alle Infos zum Casino Bonus und wie du ihn anforderst.","robots":{"index":"index","follow":"follow","max-snippet":"max-snippet:-1","max-image-preview":"max-image-preview:large","max-video-preview":"max-video-preview:-1"},"canonical":"https:\/\/casinor.com\/de\/online-casino-bonus\/","og_locale":"de_DE","og_type":"article","og_title":"Casino Bonus ohne Einzahlung - Casino Bonus Angebote","og_description":"Bist du auf der Suche nach einem Casino Bonus ohne Einzahlung? Bei uns bist du richtig. Hier bekommst du alle Infos zum Casino Bonus und wie du ihn anforderst.","og_url":"https:\/\/casinor.com\/de\/online-casino-bonus\/","og_site_name":"Casinor.com","article_publisher":"https:\/\/www.facebook.com\/Casinorcom-1429398773853454\/","article_modified_time":"2026-04-17T13:27:10+00:00","twitter_card":"summary_large_image","twitter_site":"@casinor_com","schema":{"@context":"https:\/\/schema.org","@graph":[{"@type":"WebPage","@id":"https:\/\/casinor.com\/de\/online-casino-bonus\/","url":"https:\/\/casinor.com\/de\/online-casino-bonus\/","name":"Casino Bonus ohne Einzahlung - Casino Bonus Angebote","isPartOf":{"@id":"https:\/\/casinor.com\/#website"},"datePublished":"2023-05-18T12:13:02+00:00","dateModified":"2026-04-17T13:27:10+00:00","description":"Bist du auf der Suche nach einem Casino Bonus ohne Einzahlung? Bei uns bist du richtig. Hier bekommst du alle Infos zum Casino Bonus und wie du ihn anforderst.","breadcrumb":{"@id":"https:\/\/casinor.com\/de\/online-casino-bonus\/#breadcrumb"},"inLanguage":"de","potentialAction":[{"@type":"ReadAction","target":["https:\/\/casinor.com\/de\/online-casino-bonus\/"]}]},{"@type":"BreadcrumbList","@id":"https:\/\/casinor.com\/de\/online-casino-bonus\/#breadcrumb","itemListElement":[{"@type":"ListItem","position":1,"name":"Startseite","item":"https:\/\/casinor.com\/de\/"},{"@type":"ListItem","position":2,"name":"Casino Bonus"}]},{"@type":"WebSite","@id":"https:\/\/casinor.com\/#website","url":"https:\/\/casinor.com\/","name":"Casinor.com","description":"Norges beste tjeneste for casino sammenligning","publisher":{"@id":"https:\/\/casinor.com\/#organization"},"potentialAction":[{"@type":"SearchAction","target":{"@type":"EntryPoint","urlTemplate":"https:\/\/casinor.com\/?s={search_term_string}"},"query-input":{"@type":"PropertyValueSpecification","valueRequired":true,"valueName":"search_term_string"}}],"inLanguage":"de"},{"@type":"Organization","@id":"https:\/\/casinor.com\/#organization","name":"Casinor.com","url":"https:\/\/casinor.com\/","logo":{"@type":"ImageObject","inLanguage":"de","@id":"https:\/\/casinor.com\/#\/schema\/logo\/image\/","url":"https:\/\/casinor.com\/wp-content\/uploads\/2023\/05\/logo_sweden.svg","contentUrl":"https:\/\/casinor.com\/wp-content\/uploads\/2023\/05\/logo_sweden.svg","caption":"Casinor.com"},"image":{"@id":"https:\/\/casinor.com\/#\/schema\/logo\/image\/"},"sameAs":["https:\/\/www.facebook.com\/Casinorcom-1429398773853454\/","https:\/\/x.com\/casinor_com","https:\/\/no.pinterest.com\/casinor1","https:\/\/www.youtube.com\/channel\/UCIaYR-rxk3WeeGSnE-9M-CQ"]}]}},"_links":{"self":[{"href":"https:\/\/casinor.com\/de\/wp-json\/wp\/v2\/pages\/11670","targetHints":{"allow":["GET"]}}],"collection":[{"href":"https:\/\/casinor.com\/de\/wp-json\/wp\/v2\/pages"}],"about":[{"href":"https:\/\/casinor.com\/de\/wp-json\/wp\/v2\/types\/page"}],"author":[{"embeddable":true,"href":"https:\/\/casinor.com\/de\/wp-json\/wp\/v2\/users\/14"}],"replies":[{"embeddable":true,"href":"https:\/\/casinor.com\/de\/wp-json\/wp\/v2\/comments?post=11670"}],"version-history":[{"count":20,"href":"https:\/\/casinor.com\/de\/wp-json\/wp\/v2\/pages\/11670\/revisions"}],"predecessor-version":[{"id":19984,"href":"https:\/\/casinor.com\/de\/wp-json\/wp\/v2\/pages\/11670\/revisions\/19984"}],"wp:attachment":[{"href":"https:\/\/casinor.com\/de\/wp-json\/wp\/v2\/media?parent=11670"}],"curies":[{"name":"wp","href":"https:\/\/api.w.org\/{rel}","templated":true}]}}