{"id":11668,"date":"2023-05-18T11:12:38","date_gmt":"2023-05-18T12:12:38","guid":{"rendered":"https:\/\/casinor.com\/?page_id=11668"},"modified":"2026-04-17T15:27:28","modified_gmt":"2026-04-17T13:27:28","slug":"neue-casinos","status":"publish","type":"page","link":"https:\/\/casinor.com\/de\/neue-casinos\/","title":{"rendered":"Neue Casinos"},"content":{"rendered":"\n<section id=\"hero-center-text-block_93c0236cc16cd09dca9f6df15785915c\" class=\"home-hero home-hero--category block-hero-center-text\">\n\t<div class=\"home-hero__container\">\n\t\t<div class=\"home-hero__wrap\">\n\t\t\t<div class=\"home-hero__content\">\n\t\t\t\t\t\t\t\t\t<h1 class=\"home-hero__title\" >Neue Online Casinos<\/h1>\n\t\t\t\t\t\t\t\t\t\t\t\t\t<div class=\"home-hero__text\">\u00dcberblick \u00fcber die neuesten Casinos auf dem Markt im Jahr 2025.<\/div>\n\t\t\t\t\t\t\t<\/div>\n\t\t\t\t\t<\/div>\n\t<\/div>\n<\/section>\n\n\n    <section id=\"content-section-block_3e7ba83e8c360fe17fb04691a2afb385\" class=\"content-section is-white is-padding block-content-section\">\n                    <div class=\"content-section__container\">\n                <h2>Neue Casinos &#8211; Was du wissen solltest<\/h2>\n<div class=\"h2__spacing\">\n<p>An der Gl\u00fccksspiel Front ist viel los. Fast w\u00f6chentlich geht ein neuer Anbieter online an den Start. Viele davon haben spannende Konzepte. Einige von ihnen sind bahnbrechend und der Trend geht dahin, dass neue Anbieter den Standard erh\u00f6hen.<\/p>\n<p>Werfen wir also einen Blick auf die bestehenden Trends und was du im Jahr 2020 von neuen Casinos erwarten kannst.<\/p>\n<p>Bereits Mitte der neunziger Jahre kam die erste Online Spielbank auf den Markt. Und von da an gab es immer mehr im Angebot. An dieser Stelle m\u00fcssen wir auch auf technologische Entwicklungen eingehen. Schaust du dir an, wie ein Online Casino vor 22 Jahren aussah, dann wirst du nicht wirklich beeindruckt sein. Denn in den letzten Jahren hat sich in Sachen Online Spielerlebnis so einiges getan.<\/p>\n<p><b>Eines der ersten Online Casinos:<\/b><\/p>\n<p><b>Im Jahr 1996 gingen ein paar wenige online an den Start. Darunter war auch das Intercasino, was es bis heute noch gibt.<\/b><\/p>\n<\/div>\n            <\/div>\n            <\/section>\n\n\n\n    <section id=\"content-section-block_5300312ad9dad4dd32428c810c002184\" class=\"content-section is-white is-padding block-content-section\">\n                    <div class=\"content-section__container\">\n                <p>Jedes mal, wenn du eine Online Spielbank neu im Internet begegnest wirst du feststellen, dass es etwas neues mit sich bringt. Neue Casinos treiben den Trend voran, weshalb die, die schon l\u00e4nger bestehen, ihre Augen offen halten m\u00fcssen. Denn irgendwann bieten neue viel mehr an, so dass die schon etablierten nicht mehr mithalten k\u00f6nnen.<\/p>\n<p>Und genau das ist heute nat\u00fcrlich der Fall.<\/p>\n<p>Das <a href=\"https:\/\/casinor.com\/de\/\">Online Casino<\/a>, das wir vor drei Jahren noch f\u00fcr cool hielten, k\u00f6nnte mittlerweile veraltet aussehen. Genau aus diesem Grund stellen wir dir hier nur neue Online Casinos vor, von denen wir selbst \u00fcberzeugt sind, dass sie dir jede Menge Spielspa\u00df und Unterhaltung bringen werden.<\/p>\n<p><b>Wei\u00dft du bereits genug \u00fcber Neue Online Casinos und hast du einen vollst\u00e4ndigen \u00dcberblick?<\/b><\/p>\n<p>Lies einfach weiter. Beachte jedoch, dass wir unsere Online Casino Liste regelm\u00e4\u00dfig updaten. Am besten, du meldest dich auch f\u00fcr unseren Newsletter an. Dann bist du immer auf dem neuesten Stand.<\/p>\n<h2><b>Beste neue Online Casinos 2020<\/b><\/h2>\n<p>Nun stellst du dir sicherlich die Frage, welches das beste neue Online Kasino ist. Zum Gl\u00fcck gibt es Casinor. Denn wir haben alles unternommen, um dir hier die renommiertesten neuen Online Casinos vorstellen zu k\u00f6nnen.<\/p>\n<p><b>Wir testen Neue Online Casinos folgenderma\u00dfen:<\/b><\/p>\n<ul>\n<li><b>Spielangebot:\u00a0<\/b>Das Spielangebot sollte eine gut sortierte Auswahl an Casinospielen bieten. Dazu geh\u00f6ren neben den offensichtlichen Spielen wie\u00a0<a href=\"https:\/\/casinor.com\/de\/spielautomaten\/\">Spielautomaten<\/a>\u00a0und Tisch- und Kartenspiele auch Live Casino Spiele. Auch sollte es sich bei mehreren Software Anbietern (Play n Go, Microgaming, NetEnt) gleichzeitig bedienen und sich nicht nur auf einen Anbieter fokussieren. Denn so hat man gleich mehr Spiele zur Auswahl und ist nicht eingeschr\u00e4nkt.<\/li>\n<li><b>Boni:\u00a0<\/b>Ein Spielkasino ist nur so gut wie sein Bonus Angebot. Und da ist auf jeden Fall etwas dran. Denn wer m\u00f6chte gerne in einem brandneuen Kasino spielen, wo das Willkommensangebot nicht \u00fcberzeugend ist? Zum Teil bieten diese auch einen Bonus ohne Einzahlung oder Freispiele ohne Einzahlung, damit Spieler den Anbieter ohne Risiko ausprobieren k\u00f6nnen. Hier sollten auch die Umsatzbedingungen unbedingt beachtet werden.<\/li>\n<li><b>Gl\u00fccksspiel Lizenz:\u00a0<\/b>Wir bei Casinor.com ber\u00fccksichtigen ausschliesslich Neue Online Casinos, die im Besitz einer g\u00fcltigen Lizenz sind. Nur so wird gew\u00e4hrleistet, dass es sich um ein seri\u00f6ses handelt.<\/li>\n<li><b>Zahlungsmethoden:\u00a0<\/b>Es ist wichtig, dass ein neues Kasino verschiedene Zahlungsmethoden anbietet. Dazu geh\u00f6ren nicht nur Kreditkarten, sondern auch Online Geldb\u00f6rsen wie Neteller und Skrill oder auch Trustly, Paysafecard, MuchBetter und Paypal Casinos werden von uns bewertet.<\/li>\n<li><b>Mobiles Spielangebot:<\/b>\u00a0Neue Online Spielbanken kommen in der Regel mit reaktionsf\u00e4higen Design, so dass sie sich deinem mobilen Ger\u00e4t anpassen. Manche bieten auch eine App zum Download an. So kannst du immer von \u00fcberall aus spielen.<\/li>\n<li><b>Kundenservice:<\/b>\u00a0Deutschen Spielern ist es sehr wichtig, dass ein funktionierender Kundenservice vorhanden ist, wir haben das nat\u00fcrlich ber\u00fccksichtigt. Besonders bei neuen Online Kasinos ist der Live Chat des Kundenservice wichtig, sollte es zu Fragen oder Problemen kommen.<\/li>\n<\/ul>\n<p>Wir erw\u00e4hnen das, weil es nat\u00fcrlich entscheidend ist, dass du die richtige Wahl triffst, wenn du dich im Endeffekt f\u00fcr ein neues Online Casino entscheidest.<\/p>\n<h2><b>Das bieten neue Online Casinos 2020<\/b><\/h2>\n<p>Neue Online Casinos haben harte Arbeit zu leisten, wenn es darum geht, sich gegen die etablierte Konkurrenz am Markt durchzusetzen. Dabei liegt es nicht nur am Offensichtlichen, wie lukrative Bonusangebote und eine riesige Spielauswahl, sondern es gibt noch weitere Innovationen, mit denen die Spieler aus Deutschland \u00fcberzeugt werden sollen.<\/p>\n<p>Besch\u00e4ftigen wir uns einmal mit dem Anmeldevorgang. Der Trend geht weg von ellenlangen Registrierungsprozessen, hin zu weniger zeitaufwendigen. Das liegt daran, dass sie richtig erkannt haben, dass schon beim Anmeldevorgang viele Spieler die Lust verlieren und das Casino bereits vor dem eigentlichen Spielen verlassen.<\/p>\n<p>Wenn viele alte noch pers\u00f6nliche Daten wie Geburtsdatum und Ort abfragen und dann im zweiten Schritt eine Einzahlung verlangen, so bieten neue eine schnellere L\u00f6sung.<\/p>\n<p>Spieler k\u00f6nnen ab sofort mit der Zahlungsmethode Trustly nicht nur einzahlen, sondern sich auch gleichzeitig anmelden. Das bedeutet dass der umst\u00e4ndliche Registrierungsprozess der Vergangenheit angeh\u00f6rt. Hier ist die Sprache vom Online Casino ohne Anmeldung.<\/p>\n            <\/div>\n            <\/section>\n\n\n\n    <section id=\"content-section-block_816f67351214e792b15de33b7b0532fa\" class=\"content-section is-white is-padding block-content-section\">\n                    <div class=\"content-section__container\">\n                <p><b>So funktioniert Trustly: Du gibst auf der Homepage beim neuen Online Casino den Betrag ein, den du einzahlen m\u00f6chtest. Danach w\u00e4hlst du deine Bank aus und w\u00e4hlst dich \u00fcber eine Schnittstelle in den Online Banking ein und schlie\u00dft deine Zahlung ab. Trustly \u00fcbermittelt deine Daten parallel dazu zum Casino und best\u00e4tigt so deine Identit\u00e4t. Alles funktioniert in weniger als 2 Minuten.<\/b><\/p>\n<h2><b>Das neue Bitcoin Casino<\/b><\/h2>\n<p>Neben dem Trustly Casino gibt es auch noch das Bitcoin Casino als neues Online Kasino. Immer mehr Spieler finden Gefallen an der Idee, mit ihren Bitcoins in einem Online Spielbank zu spielen. Denn der Vorteil ist es, dass man anonym spielen kann. Deshalb wird das Bitcoin Casino auch gerne als anonymes Casino bezeichnet.<\/p>\n<p><b>Nehmen wir an, du hast einen Bitcoin (1 BTC) bei einem der neue Online Casinos eingesetzt. Zum Zeitpunkt dieses Artikels liegt 1 BTC bei 10.000 Dollar. Noch vor wenigen Monaten war der Preis auf 2000 Dollar gesunken. H\u00e4ttest du also 1 BTC eingesetzt, h\u00e4ttest du das F\u00fcnffache deiner Investition zur\u00fcck erhalten. Und zwar zus\u00e4tzlich zu dem was Du im Casino gewonnen haben k\u00f6nntest.<\/b><\/p>\n<p>Siehst du die Logik hier?<\/p>\n<h2><b>Zus\u00e4tzliche Features \u2013 Neue Online Casinos<\/b><\/h2>\n<p>Nat\u00fcrlich gibt es neben Anmeldevorgang auch noch weitere Faktoren, die bei der Wahl des eine Rolle spielen. Es gibt noch viele andere Features, die zus\u00e4tzlich angeboten werden. Nur so stellen sie sicher, sich mit den besten messen zu k\u00f6nnen. Zu diesen Features geh\u00f6ren unter anderem die folgenden:<\/p>\n<ul>\n<li><b>Online Turniere:\u00a0<\/b>Viele neue Online Spielbanken bieten die M\u00f6glichkeit, an Spielautomaten Turnieren teilzunehmen, um so gegen andere Spieler zu spielen und mit ihnen um\u00a0<a href=\"https:\/\/casinor.com\/de\/freispiele\/\">Freispiele<\/a>\u00a0und andere Bonusangebote zu konkurrieren.<\/li>\n<li><b>Promotion Aktionen:\u00a0<\/b>Das neue Casino ist anderen Anbietern immer einen Schritt voraus, wenn es den Fokus auf Promotion Aktionen richtet. Zum einen k\u00f6nnen damit neue Kunden angelockt werden und zum anderen spielen bestehende Kunden \u00f6fter und lassen somit mehr Geld beim Anbieter.<\/li>\n<li><b>Innovationen:\u00a0<\/b>Eine neue Innovation ist die Gamifizierung der Spiele. Die Casinospiele werden somit Teil eines gro\u00dfen Spiels bei dem Missionen erf\u00fcllt werden m\u00fcssen. Mit den Punkten, die du sammelst, kannst du Freispiele oder andere\u00a0 Pr\u00e4mien erhalten.<\/li>\n<li><b>VIP Programme:\u00a0<\/b>Hier gibt es diverse Vorz\u00fcge f\u00fcr den Spieler, wenn er sich entscheidet am Treueprogramm teilnehmen. Es k\u00f6nnen Pr\u00e4mien in Form von Bonussen, Freispielen oder sogar Tickets zu Veranstaltungen sein.<\/li>\n<li><b>Suchfunktionen &amp; Filteroptionen:\u00a0<\/b>Das macht vor allem dann Sinn, wenn man hunderte von Spielen anbietet. Der Spieler m\u00f6chte gerne schnell das finden, wonach er sucht. Dauert dieser Prozess zu lange, so kann das dazu f\u00fchren, dass der Spieler das Casino verl\u00e4sst.<\/li>\n<\/ul>\n<p>Viele Online Casinos, die schon seit Jahren am Markt bestehen, haben irgendwann damit aufgeh\u00f6rt, ihre Webseite zu optimieren, was zur folge hat, dass immer mehr Spieler neue Online Casinos ausprobieren. Auf lange Sicht gesehen, werden sie dann auch wahrscheinlich dort bleiben, weil das Spielerlebnis einfach besser ist.<\/p>\n<h2><b>Neue Casinos und Virtual Reality<\/b><\/h2>\n<p>Online Spielcasinos n\u00e4hern sich immer mehr dem Live Casino Erlebnis an. Es wird immer \u00f6fter ein VR Online Casino Erlebnis angeboten, indem farbenfrohe Grafiken mit realit\u00e4tsgetreuen Einfl\u00fcssen kombiniert werden. Das bringt das Spielen auf ein v\u00f6llig neues Niveau.<\/p>\n<p>VR Casinos \u00e4hneln in vielerlei Hinsicht den herk\u00f6mmlichen Online Casinos. Sie nutzen jedoch die virtuelle Realit\u00e4t, um das Spielerlebnis noch aufregender zu gestalten. Das bedeutet, dass du mit 360 Grad Video und 3D Grafiken spielen kannst, die wie echt wirken.<\/p>\n<h2><b>Neue Online Casinos auch als Mobile Casinos<\/b><\/h2>\n<p>Neue Online Casinos stellen sicher, dass sie sich an den neuesten Stand der Technologie anpassen. Deshalb werden sie so entwickelt, dass sie ein reaktionsf\u00e4higes Design haben und sich dem mobilen Ger\u00e4t wie Smartphone oder Tablet anpassen. Alternativ dazu gibt es auch beim einen oderen anderen eine App, die zum Herunterladen bereitsteht. Egal ob Android oder iOS, die App wird normalerweise f\u00fcr beide Betriebssysteme entwickelt.<\/p>\n<p>Normalerweise gibt es auch noch einen mobile Casino Bonus, mit dem Spieler daf\u00fcr belohnt werden, wenn sie sich die App herunterladen oder sich dazu entscheiden, in ihrem Browser zu spielen.<\/p>\n<h2><b>Neue Online Casinos mit Bonus ohne Einzahlung<\/b><\/h2>\n<p>Eines der besonderen Merkmale ist, dass der Anbieter immer fantastische Bonus Angebote f\u00fcr neue Kunden bereith\u00e4lt. Das verwundert nicht, wenn man bedenkt, wie viele andere es gibt, gegen die es sich im Wettbewerb durchsetzen muss.<\/p>\n<p>W\u00e4hrend der Bonus bei etablierten Spielbanken meistens bei einem prozentualen Einzahlungsbonus bleibt, so kann man bei den neuen Online Casinos schon fast davon ausgehen, dass man nicht nur mit einem Einzahlungsbonus, sondern auch mit einem\u00a0Bonus ohne Einzahlung\u00a0begr\u00fc\u00dft wird.<\/p>\n<p>Meistens kommt der Bonus ohne Einzahlung in Form von 20 Freispiele vor, die du direkt nach erfolgreicher Registrierung auf dein Spielerkonto gutgeschrieben bekommst. So hast du die M\u00f6glichkeit, dich beim Spielkasino umzuschauen und schon das erste Spiel ganz ohne Risiko auszuprobieren.<\/p>\n<p>So findest du den besten <a href=\"https:\/\/casinor.com\/de\/online-casino-bonus\/\">Casino Bonus<\/a>:<\/p>\n<ol>\n<li>\u00a0\u00a0Besuche unsere Webseite.<\/li>\n<li>\u00a0\u00a0Schaue dir unsere Neue Online Casinos Bestenliste an.<\/li>\n<li>\u00a0\u00a0Scrolle, bis du den gew\u00fcnschten Bonus gefunden hast.<\/li>\n<li>\u00a0\u00a0Klicke auf \u201cZum Casino\u201d.<\/li>\n<li>\u00a0\u00a0Registriere dich und nimm das Willkommensangebot in Anspruch.<\/li>\n<li>\u00a0\u00a0Nimm deine erste Einzahlung vor und erhalte den Bonus<\/li>\n<\/ol>\n<h2><b>Wie finde ich das richtige unter allen neuen Casinos?<\/b><\/h2>\n<p>Es gibt heute so viele neue deutsche Casinos , dass du kaum Zeit haben wirst, alle Anbieter im Detail anzuschauen. Da kommen wir ins Bild.<\/p>\n<p>Bei Casinor.com kannst du \u00fcber vielversprechende neue Online Casinos lesen und sehen, welches f\u00fcr dich in Frage kommen k\u00f6nnte. Das Lesen von Bewertungen und anderer informativer Artikeln ist auf jeden Fall sehr lohnenswert. Ganz besonders, wenn du an speziellen Bonussen und Aktionen interessiert bist.<\/p>\n<p>Hier findest du faktenreiche Informationen \u00fcbersichtlich dargestellt und wir werden sicherstellen, dass wir uns f\u00fcr dich mit dem Kleingedruckten besch\u00e4ftigt haben.<\/p>\n<p><b>Es ist aber wichtig, dass du dir \u00fcber die Faktoren wichtig sind, die f\u00fcr dich bei der Wahl der neue Online Casinos eine Rolle spielt.<\/b><\/p>\n<p>Du kannst dir aber sicher sein: Bei uns bei Casinor findest du deutsche neue Online Casinos mit g\u00fcltiger Gl\u00fccksspiellizenz. Diese erf\u00fcllen die h\u00f6chsten Standards\u00a0 des Marktes und sind von h\u00f6chster Qualit\u00e4t.<\/p>\n<h2><b>Questions:<\/b><\/h2>\n<div class=\"questions-list\">\n<ol>\n<li><b><\/b><b>Kann man neuen Online Casinos trauen?<\/b><\/li>\n<\/ol>\n<p>Das kann man dann, wenn das neue Online Casino im Besitz einer g\u00fcltigen Gl\u00fccksspiel Lizenz ist. Des Weiteren ist ein Online Casino vertrauensw\u00fcrdig, wenn es einen Kundenservice gibt, der rund um die Uhr erreichbar und auf Deutsch kontaktierbar ist.<\/p>\n<ol start=\"2\">\n<li><b><\/b><b>Worauf muss man bei einem neuen Online Casino achten?<\/b><\/li>\n<\/ol>\n<p>Solltest du nicht wissen, f\u00fcr welches neue Online Casino du dich entscheiden sollst, dann empfehlen wir dir, dich vorab mit diversen Punkten auseinanderzusetzen, die die Seriosit\u00e4t des Anbieters best\u00e4tigen. Einer der wichtigsten Punkte ist es, dass das neue Online Casino im Besitz einer g\u00fcltigen europ\u00e4ischen Gl\u00fccksspiellizenz ist. Sollte das nicht der Fall sein, dann raten wir dir, lieber die Finger davon zu lassen.<\/p>\n<ol start=\"3\">\n<li><b><\/b><b>Welche Vorteile haben neue Casinos?<\/b><\/li>\n<\/ol>\n<p>Neue Casinos sind wie der Name bereits beschreibt, neue Casinos, die gerade versuchen, den Gl\u00fccksspielmarkt f\u00fcr sich zu gewinnen. Der Vorteil dieser Anbieter ist, dass sie mit einem neuen Design daher kommen und viele Casino Spiele anbieten, da sie mit vielen Spieleentwicklern zusammenarbeiten. Auch der Bonus f\u00e4llt meistens h\u00f6her aus, da der Wettbewerb hoch ist und der Anbieter die Spieler erst von sich \u00fcberzeugen muss.<\/p>\n<ol start=\"4\">\n<li><b><\/b><b>Welche Bonusangebote gibt es bei neue Online Casinos?<\/b><\/li>\n<\/ol>\n<p>Neue Online Casinos m\u00fcssen sich gegen die starke Konkurrenz etablieren, weshalb es sehr oft vorkommt, dass sie hohe Bonusangebote anbieten. So ist meistens ein Bonus ohne Einzahlung im Willkommenspaket enthalten sowie ein Einzahlungsbonus. Aber auch Bestandskunden werden bei Laune gehalten. Hier gibt es t\u00e4gliche, w\u00f6chentliche und monatliche Promotionen, von denen die Spieler profitieren k\u00f6nnen.<\/p>\n<ol start=\"5\">\n<li><b><\/b><b>Woran erkennt man ein seri\u00f6ses neues Online Casino?<\/b><\/li>\n<\/ol>\n<p>Seri\u00f6se neue Online Casinos sind immer im Besitz einer g\u00fcltigen Gl\u00fccksspiel Lizenz. Solltest du also auf ein neues Online Casino sto\u00dfen, dass keine Lizenz besitzt, dann raten wir dir, die Finger davon zu lassen und dich stattdessen nach einem anderen umzuschauen.<\/p>\n<ol start=\"6\">\n<li><b><\/b><b>Was ist das beste neue Online Casino in Deutschland?<\/b><\/li>\n<\/ol>\n<p>Du findest bei uns eine \u00dcbersicht \u00fcber die besten neuen Online Casinos in Deutschland. Diese Casinos wurden getestet und von Casino Spielern bewertet. Wenn du dich f\u00fcr eines dieser Online Casinos entscheidest, die bei uns aufgef\u00fchrt sind, dann kannst du davon ausgehen, dass sie zu den besten Casinos in Deutschland z\u00e4hlen.<\/p>\n<\/div>\n            <\/div>\n            <\/section>\n","protected":false},"excerpt":{"rendered":"","protected":false},"author":14,"featured_media":0,"parent":0,"menu_order":0,"comment_status":"closed","ping_status":"closed","template":"","meta":{"_acf_changed":false,"footnotes":""},"class_list":["post-11668","page","type-page","status-publish","hentry"],"acf":[],"yoast_head":"<!-- This site is optimized with the Yoast SEO plugin v26.8 - https:\/\/yoast.com\/product\/yoast-seo-wordpress\/ -->\n<title>Neue Casinos | Neu etablierte Online Casinos Liste 2026<\/title>\n<meta name=\"description\" content=\"Bleibe immer auf dem Laufenden, wenn es um neue Online Casinos geht. Finde hier jedes 2026 neu ver\u00f6ffentlichte Online Casino. Lies unseren Testbericht.\" \/>\n<meta name=\"robots\" content=\"index, follow, max-snippet:-1, max-image-preview:large, max-video-preview:-1\" \/>\n<link rel=\"canonical\" href=\"https:\/\/casinor.com\/de\/neue-casinos\/\" \/>\n<meta property=\"og:locale\" content=\"de_DE\" \/>\n<meta property=\"og:type\" content=\"article\" \/>\n<meta property=\"og:title\" content=\"Neue Casinos | Neu etablierte Online Casinos Liste 2026\" \/>\n<meta property=\"og:description\" content=\"Bleibe immer auf dem Laufenden, wenn es um neue Online Casinos geht. Finde hier jedes 2026 neu ver\u00f6ffentlichte Online Casino. Lies unseren Testbericht.\" \/>\n<meta property=\"og:url\" content=\"https:\/\/casinor.com\/de\/neue-casinos\/\" \/>\n<meta property=\"og:site_name\" content=\"Casinor.com\" \/>\n<meta property=\"article:publisher\" content=\"https:\/\/www.facebook.com\/Casinorcom-1429398773853454\/\" \/>\n<meta property=\"article:modified_time\" content=\"2026-04-17T13:27:28+00:00\" \/>\n<meta name=\"twitter:card\" content=\"summary_large_image\" \/>\n<meta name=\"twitter:site\" content=\"@casinor_com\" \/>\n<script type=\"application\/ld+json\" class=\"yoast-schema-graph\">{\"@context\":\"https:\/\/schema.org\",\"@graph\":[{\"@type\":\"WebPage\",\"@id\":\"https:\/\/casinor.com\/de\/neue-casinos\/\",\"url\":\"https:\/\/casinor.com\/de\/neue-casinos\/\",\"name\":\"Neue Casinos | Neu etablierte Online Casinos Liste 2026\",\"isPartOf\":{\"@id\":\"https:\/\/casinor.com\/#website\"},\"datePublished\":\"2023-05-18T12:12:38+00:00\",\"dateModified\":\"2026-04-17T13:27:28+00:00\",\"description\":\"Bleibe immer auf dem Laufenden, wenn es um neue Online Casinos geht. Finde hier jedes 2026 neu ver\u00f6ffentlichte Online Casino. Lies unseren Testbericht.\",\"breadcrumb\":{\"@id\":\"https:\/\/casinor.com\/de\/neue-casinos\/#breadcrumb\"},\"inLanguage\":\"de\",\"potentialAction\":[{\"@type\":\"ReadAction\",\"target\":[\"https:\/\/casinor.com\/de\/neue-casinos\/\"]}]},{\"@type\":\"BreadcrumbList\",\"@id\":\"https:\/\/casinor.com\/de\/neue-casinos\/#breadcrumb\",\"itemListElement\":[{\"@type\":\"ListItem\",\"position\":1,\"name\":\"Startseite\",\"item\":\"https:\/\/casinor.com\/de\/\"},{\"@type\":\"ListItem\",\"position\":2,\"name\":\"Neue Casinos\"}]},{\"@type\":\"WebSite\",\"@id\":\"https:\/\/casinor.com\/#website\",\"url\":\"https:\/\/casinor.com\/\",\"name\":\"Casinor.com\",\"description\":\"Norges beste tjeneste for casino sammenligning\",\"publisher\":{\"@id\":\"https:\/\/casinor.com\/#organization\"},\"potentialAction\":[{\"@type\":\"SearchAction\",\"target\":{\"@type\":\"EntryPoint\",\"urlTemplate\":\"https:\/\/casinor.com\/?s={search_term_string}\"},\"query-input\":{\"@type\":\"PropertyValueSpecification\",\"valueRequired\":true,\"valueName\":\"search_term_string\"}}],\"inLanguage\":\"de\"},{\"@type\":\"Organization\",\"@id\":\"https:\/\/casinor.com\/#organization\",\"name\":\"Casinor.com\",\"url\":\"https:\/\/casinor.com\/\",\"logo\":{\"@type\":\"ImageObject\",\"inLanguage\":\"de\",\"@id\":\"https:\/\/casinor.com\/#\/schema\/logo\/image\/\",\"url\":\"https:\/\/casinor.com\/wp-content\/uploads\/2023\/05\/logo_sweden.svg\",\"contentUrl\":\"https:\/\/casinor.com\/wp-content\/uploads\/2023\/05\/logo_sweden.svg\",\"caption\":\"Casinor.com\"},\"image\":{\"@id\":\"https:\/\/casinor.com\/#\/schema\/logo\/image\/\"},\"sameAs\":[\"https:\/\/www.facebook.com\/Casinorcom-1429398773853454\/\",\"https:\/\/x.com\/casinor_com\",\"https:\/\/no.pinterest.com\/casinor1\",\"https:\/\/www.youtube.com\/channel\/UCIaYR-rxk3WeeGSnE-9M-CQ\"]}]}<\/script>\n<!-- \/ Yoast SEO plugin. -->","yoast_head_json":{"title":"Neue Casinos | Neu etablierte Online Casinos Liste 2026","description":"Bleibe immer auf dem Laufenden, wenn es um neue Online Casinos geht. Finde hier jedes 2026 neu ver\u00f6ffentlichte Online Casino. Lies unseren Testbericht.","robots":{"index":"index","follow":"follow","max-snippet":"max-snippet:-1","max-image-preview":"max-image-preview:large","max-video-preview":"max-video-preview:-1"},"canonical":"https:\/\/casinor.com\/de\/neue-casinos\/","og_locale":"de_DE","og_type":"article","og_title":"Neue Casinos | Neu etablierte Online Casinos Liste 2026","og_description":"Bleibe immer auf dem Laufenden, wenn es um neue Online Casinos geht. Finde hier jedes 2026 neu ver\u00f6ffentlichte Online Casino. Lies unseren Testbericht.","og_url":"https:\/\/casinor.com\/de\/neue-casinos\/","og_site_name":"Casinor.com","article_publisher":"https:\/\/www.facebook.com\/Casinorcom-1429398773853454\/","article_modified_time":"2026-04-17T13:27:28+00:00","twitter_card":"summary_large_image","twitter_site":"@casinor_com","schema":{"@context":"https:\/\/schema.org","@graph":[{"@type":"WebPage","@id":"https:\/\/casinor.com\/de\/neue-casinos\/","url":"https:\/\/casinor.com\/de\/neue-casinos\/","name":"Neue Casinos | Neu etablierte Online Casinos Liste 2026","isPartOf":{"@id":"https:\/\/casinor.com\/#website"},"datePublished":"2023-05-18T12:12:38+00:00","dateModified":"2026-04-17T13:27:28+00:00","description":"Bleibe immer auf dem Laufenden, wenn es um neue Online Casinos geht. Finde hier jedes 2026 neu ver\u00f6ffentlichte Online Casino. Lies unseren Testbericht.","breadcrumb":{"@id":"https:\/\/casinor.com\/de\/neue-casinos\/#breadcrumb"},"inLanguage":"de","potentialAction":[{"@type":"ReadAction","target":["https:\/\/casinor.com\/de\/neue-casinos\/"]}]},{"@type":"BreadcrumbList","@id":"https:\/\/casinor.com\/de\/neue-casinos\/#breadcrumb","itemListElement":[{"@type":"ListItem","position":1,"name":"Startseite","item":"https:\/\/casinor.com\/de\/"},{"@type":"ListItem","position":2,"name":"Neue Casinos"}]},{"@type":"WebSite","@id":"https:\/\/casinor.com\/#website","url":"https:\/\/casinor.com\/","name":"Casinor.com","description":"Norges beste tjeneste for casino sammenligning","publisher":{"@id":"https:\/\/casinor.com\/#organization"},"potentialAction":[{"@type":"SearchAction","target":{"@type":"EntryPoint","urlTemplate":"https:\/\/casinor.com\/?s={search_term_string}"},"query-input":{"@type":"PropertyValueSpecification","valueRequired":true,"valueName":"search_term_string"}}],"inLanguage":"de"},{"@type":"Organization","@id":"https:\/\/casinor.com\/#organization","name":"Casinor.com","url":"https:\/\/casinor.com\/","logo":{"@type":"ImageObject","inLanguage":"de","@id":"https:\/\/casinor.com\/#\/schema\/logo\/image\/","url":"https:\/\/casinor.com\/wp-content\/uploads\/2023\/05\/logo_sweden.svg","contentUrl":"https:\/\/casinor.com\/wp-content\/uploads\/2023\/05\/logo_sweden.svg","caption":"Casinor.com"},"image":{"@id":"https:\/\/casinor.com\/#\/schema\/logo\/image\/"},"sameAs":["https:\/\/www.facebook.com\/Casinorcom-1429398773853454\/","https:\/\/x.com\/casinor_com","https:\/\/no.pinterest.com\/casinor1","https:\/\/www.youtube.com\/channel\/UCIaYR-rxk3WeeGSnE-9M-CQ"]}]}},"_links":{"self":[{"href":"https:\/\/casinor.com\/de\/wp-json\/wp\/v2\/pages\/11668","targetHints":{"allow":["GET"]}}],"collection":[{"href":"https:\/\/casinor.com\/de\/wp-json\/wp\/v2\/pages"}],"about":[{"href":"https:\/\/casinor.com\/de\/wp-json\/wp\/v2\/types\/page"}],"author":[{"embeddable":true,"href":"https:\/\/casinor.com\/de\/wp-json\/wp\/v2\/users\/14"}],"replies":[{"embeddable":true,"href":"https:\/\/casinor.com\/de\/wp-json\/wp\/v2\/comments?post=11668"}],"version-history":[{"count":24,"href":"https:\/\/casinor.com\/de\/wp-json\/wp\/v2\/pages\/11668\/revisions"}],"predecessor-version":[{"id":19985,"href":"https:\/\/casinor.com\/de\/wp-json\/wp\/v2\/pages\/11668\/revisions\/19985"}],"wp:attachment":[{"href":"https:\/\/casinor.com\/de\/wp-json\/wp\/v2\/media?parent=11668"}],"curies":[{"name":"wp","href":"https:\/\/api.w.org\/{rel}","templated":true}]}}